{"id":8325,"date":"2024-09-03T15:10:41","date_gmt":"2024-09-03T15:10:41","guid":{"rendered":"https:\/\/travelshelper.com\/staging\/?page_id=8325"},"modified":"2026-03-13T18:07:44","modified_gmt":"2026-03-13T18:07:44","slug":"phoenix","status":"publish","type":"page","link":"https:\/\/travelshelper.com\/da\/destinations\/north-america\/united-states\/phoenix\/","title":{"rendered":"Phoenix"},"content":{"rendered":"<p>Phoenix er Arizonas vidtstrakte hovedstad og arealm\u00e6ssigt en af \u200b\u200bde st\u00f8rste amerikanske byer. If\u00f8lge folket\u00e6llingen i 2020 havde den 1.608.139 indbyggere, hvilket g\u00f8r den til den femtest\u00f8rste by i nationen og den mest folkerige statshovedstad. Phoenix storbyomr\u00e5de (inklusive forst\u00e6der som Scottsdale og Mesa) har over 5,2 millioner indbyggere og rangerer blandt de ti st\u00f8rste amerikanske storbyomr\u00e5der. Phoenix er mangfoldig: omkring 42 % af indbyggerne er latinamerikanere, hvilket afspejler dens sydvestlige kultur og n\u00e6rhed til Mexico. Byen har ogs\u00e5 et stigende antal asiater, afroamerikanere og indf\u00f8dte amerikanere. Medianalderen er i midten af \u200b\u200b30&#039;erne. \u00d8konomisk er Phoenix robust: storby\u00f8konomien (BNP) var omkring 398 milliarder dollars i 2023. N\u00f8gleindustrier omfatter teknologi, sundhedspleje, uddannelse og byggeri, b\u00e5ret af \u00e5rtiers stabil befolkningstilv\u00e6kst (den gennemsnitligt havde en \u00e5rlig v\u00e6kst p\u00e5 ~4 % fra 1960-2000).<\/p>\n<p>Phoenix ligger i den brede Salt River Valley (ofte kaldet &#034;Solens Dal&#034;) i det syd-centrale Arizona. Den ligger i en h\u00f8jde af omkring 327 meter og er omgivet af \u00f8rken- og bjergreservater. Terr\u00e6net er fladt, hvor byens rutenettet l\u00f8ber, afbrudt af n\u00e6rliggende bakker og bjerge s\u00e5som Camelback Mountain og Piestewa Peak (som h\u00e6ver sig ~727 meter over byen) og South Mountain (en af \u200b\u200bverdens st\u00f8rste kommunale parker). Byen er en del af Sonoran-\u00f8rkenen, der er karakteriseret af saguarokaktus, mesquitetr\u00e6er og kreosotkrat.<\/p>\n<p>Klimaet er \u00f8rkent\u00f8rt. Phoenix er kendt for varme somre og milde vintre. Om sommeren overstiger temperaturerne ofte 43\u00b0C med lav luftfugtighed. Monsunregnen ankommer om sommereftermiddagen og k\u00f8ler kortvarigt ned og n\u00e6rer vegetationen. Vinterdagene er solrige og varme (15-21\u00b0C), men n\u00e6tterne kan v\u00e6re k\u00f8lige. Samlet set f\u00e5r Phoenix omkring 320 solskinsdage om \u00e5ret. Det t\u00f8rre klima giver palmetr\u00e6er mulighed for at trives (deraf navnet) og giver en klar himmel \u00e5ret rundt.<\/p>\n<p>Phoenix&#039; oprindelse er uventet gammel for en by i det vestlige USA. Den blev bosat i 1867 af landmanden Jack Swilling, der byggede vandingskanaler (genbrugte gamle Hohokam-kanalruter) for at dyrke \u00f8rkenen. Den blev indlemmet som by i 1881 og blev territorial hovedstad i 1889. I begyndelsen af \u200b\u200bdet 20. \u00e5rhundrede dominerede landbrug (bomuld, citrusfrugter, kv\u00e6g) - lokalt kendt som \u00f8konomiens &#034;fem C&#039;er&#034;. Ankomsten af \u200b\u200bjernbanen (1895) og etableringen af \u200b\u200bSky Harbor lufthavn (1928) ansporede v\u00e6ksten.<\/p>\n<p>Anden Verdenskrig og introduktionen af \u200b\u200baircondition forvandlede Phoenix. Byen boomede fra at v\u00e6re en lille by til at v\u00e6re en moderne by. H\u00f8jteknologiske virksomheder og milit\u00e6re luftbaser udnyttede klimaet; efterkrigsveteraner og omflyttede byggede forstadsomr\u00e5der. I 1960&#039;erne var Phoenix en af \u200b\u200bde hurtigst voksende amerikanske byer. Byen var v\u00e6rt for borgerrettighedsmarchen i 1960 (Kennedys &#034;challenging Bull Connor&#034; blev sagt i dalen). I slutningen af \u200b\u200bdet 20. \u00e5rhundrede opstod skyskrabere i bymidten, og byen omfavnede service- og teknologiindustrier. I dag balancerer Phoenix denne modernitet med stolthed over sin arv fra det gamle vesten; historiske parker bevarer rester af tidlige vestlige landsbyer og steder for indf\u00f8dte amerikanske indf\u00f8dte. For eksempel indeholder det ark\u00e6ologiske omr\u00e5de Pueblo Grande i midten af \u200b\u200bbyen Hohokam-ruiner, der forbinder nutidens Phoenix 2.000 \u00e5r tilbage.<\/p>\n<p>Phoenix er en sydvestlig bymosaik. Engelsk er dominerende, men spansk h\u00f8res ogs\u00e5 ofte. Byens karakter blander barske r\u00f8dder i frontlinjen med kosmopolitisk v\u00e6kst. Man fornemmer en positiv indstilling i Phoenix. Byen har tiltrukket nytilkomne fra hele Amerika, hvilket bidrager til en afslappet, men iv\u00e6rks\u00e6tteragtig stemning. Der er en underspillet venlighed blandt beboerne \u2013 m\u00e5ske smedet af den f\u00e6lles udfordring i \u00f8rkenmilj\u00f8et.<\/p>\n<p>Arkitektonisk og kulturelt tr\u00e6kker Phoenix p\u00e5 sine \u00f8rkenomgivelser. Mange lokale begivenheder hylder den indianske og mexicansk-amerikanske arv. Heard Museum fremviser for eksempel indiansk kunst og tiltr\u00e6kker mange bes\u00f8gende. \u00c5rlige festivaler som Phoenix Open golfturnering, Phoenix Film Festival og Charro Days\/D\u00eda de los Muertos afspejler lokale interesser. Friluftsliv er en livsstil her: weekender drejer sig ofte om at vandre p\u00e5 bjergstier, campere i \u00f8rkenen eller spille golf. Trods sin v\u00e6kst f\u00f8les Phoenix stadig gr\u00e6nselignende i dele \u2013 det har et netv\u00e6rk af multifunktionelle kanaler (til cykling), udend\u00f8rs indk\u00f8bscentre og offentlig kunst i sydvestlig stil. Der er ogs\u00e5 en st\u00e6rk v\u00e6rds\u00e6ttelse af arkitektur: Frank Lloyd Wrights tilstedev\u00e6relse (via Taliesin West, hans vinterkompleks) tilf\u00f8jer et strejf af high design. I kvarterer som Downtown Roosevelt Row kan man finde livlige kunstdistrikter med v\u00e6gmalerier og gallerier.<\/p>\n<p>Nattelivet i Phoenix overrasker ogs\u00e5 bes\u00f8gende: et mini-&#034;Melrose-distrikt&#034; p\u00e5 Camelback Road byder p\u00e5 bryggerier og sm\u00e5 klubber, mens Scottsdale (den tilst\u00f8dende by) har et eksklusivt natteliv. Alligevel er det overordnede tempo roligt i forhold til st\u00f8rre byer \u2013 en typisk aften slutter m\u00e5ske med at se en \u00f8rkensolnedgang bag saguaro-silhuetter. Kort sagt f\u00f8les Phoenix som en moderne \u00f8rkenby: venlig, solbeskinnet og defineret af udend\u00f8rsliv, teknologisk ambition og sydvestlig arv.<\/p>\n<p>Phoenix&#039; attraktioner h\u00e6lder mod udend\u00f8rs eventyr og \u00f8rkenkultur. Blandt dem er Desert Botanical Garden, et levende museum p\u00e5 60 hektar med t\u00f8rre planter. Denne haves snoede stier og \u00f8rkenlandskab giver bes\u00f8gende mulighed for at beundre k\u00e6mpe saguaroer, cholla-skove og blomstrende \u00f8rkenvildblomster. I n\u00e6rheden tilbyder Papago Park nemme vandreture (vandretur via Hole-in-the-Rock til et sandstensudsigtspunkt) og huser Phoenix Zoo og Japanese Friendship Garden.<\/p>\n<p>For en storsl\u00e5et udsigt over byen er Camelback Mountains Echo- eller Cholla-stier ikoniske \u2013 fra disse h\u00f8jderygge kan man se hele dalen. Ligeledes tilbyder South Mountain Park &amp; \u200b\u200bPreserve (en af \u200b\u200bverdens st\u00f8rste byparker) b\u00e5de udfordrende vandreture og natursk\u00f8nne k\u00f8reture over byens sydside. Phoenix&#039; sol \u00e5ret rundt og klare luft g\u00f8r disse vandreture frem og tilbage givende.<\/p>\n<p>I byen findes der et vrimle af kulturelle sev\u00e6rdigheder. Heard Museum er nationalt ber\u00f8mt for sin indf\u00f8dte amerikanske kunst og artefakter; det tiltr\u00e6kker omkring en kvart million bes\u00f8gende hvert \u00e5r. Et andet unikt museum er Musical Instrument Museum (\u00e5bnet i 2010) \u2013 det huser over 15.000 instrumenter fra hele verden, hvilket g\u00f8r det til verdens st\u00f8rste samling af sin slags. Historieinteresserede bes\u00f8ger Pueblo Grande Ruin og Arizona Capitol Museum (indrettet i den territoriale kapitolbygning fra 1901). Kunstelskere bruger tid p\u00e5 Phoenix Art Museum (den sydvestlige del af USA&#039;s st\u00f8rste samling af visuelle kunst) og stopper for at se offentlig kunst som Janet Echelmans netskulptur &#034;Her Secret Is Patience&#034; over Civic Space Park.<\/p>\n<p>Sport og underholdning er ogs\u00e5 store attraktioner. Phoenix&#039; MLB Diamondbacks, NBA Suns og NFL Cardinals er store attraktioner i s\u00e6sonen. Arizona Science Center og Children&#039;s Museum (et af landets bedste b\u00f8rnemuseer) underholder familier. S\u00e6sonbestemte begivenheder inkluderer Fiesta Bowl-fodboldkampene, NASCAR-l\u00f8bene p\u00e5 Phoenix Raceway og Phoenix Open-golf. Kort sagt omfatter Phoenix&#039; must-sees en blanding af \u00f8rkenparker, kulturinstitutioner og sjov fritid: t\u00e6nk en formiddag i den botaniske have, en eftermiddagsvandretur og en aften i en tagterrassebar med udsigt over byens lys.<\/p>\n<p>Phoenix&#039; st\u00f8rste lufthavn er Phoenix Sky Harbor International Airport (PHX), som ligger centralt og betjener alle st\u00f8rre flyselskaber. Den har direkte forbindelser til de fleste amerikanske byer og adskillige internationale knudepunkter. Sky Harbor er blandt landets travleste lufthavne og har omfattende faciliteter. Derudover har byen en stor motorvej (I-10), der k\u00f8rer \u00f8st-vest, og I-17, der g\u00e5r nord-syd, plus US 60 og 51 gennem byen. Phoenix har fremragende vejforbindelser, men bilister b\u00f8r v\u00e6re forberedte p\u00e5 varmt vejr og t\u00e6t trafik p\u00e5 motorveje i myldretiden (is\u00e6r myldretiden p\u00e5 I-10). For togrejsende har Amtrak en station i centrum (Station at Phoenix) med ruter til Los Angeles og Chicago, selvom k\u00f8replanerne er begr\u00e6nsede. Intercity-busser (Greyhound, Flixbus) betjener ogs\u00e5 Phoenix.<\/p>\n<p>Phoenix er meget bilorienteret. Byens layout er omfattende, og den offentlige transport er begr\u00e6nset i forhold til dens st\u00f8rrelse. Valley Metro k\u00f8rer busser i hele storbyomr\u00e5det og en letbanelinje gennem bymidten og midtbyen. Letbanen d\u00e6kker i \u00f8jeblikket 61 km fra det nordlige Phoenix gennem bymidten til Mesa; flere linjer er planlagt. Dog bruger mindre end 4 % af arbejderne offentlig transport, s\u00e5 de fleste bes\u00f8gende lejer biler eller bruger samk\u00f8rselstjenester. Nogle kvarterer (Downtown, Encanto District, Roosevelt Row) er ret g\u00e5venlige, og mange hoteller tilbyder gratis shuttle-service til n\u00e6rliggende attraktioner. V\u00e6r opm\u00e6rksom p\u00e5 cyklister og motorcyklister, n\u00e5r du k\u00f8rer bil; Phoenix har mange, is\u00e6r i weekenderne.<\/p>\n<p>Valutaen er amerikanske dollars, og engelsk er den prim\u00e6re valuta (spansk er ogs\u00e5 almindeligt p\u00e5 grund af det store spansktalende samfund). Drikkepenge (15-20%) er standard. P\u00e5kl\u00e6dningen b\u00f8r afspejle varmen: selv om vinteren er lette lag behagelige; om sommeren b\u00f8r du bruge solbeskyttende t\u00f8j, en hat og solbriller. Medbring en genanvendelig vandflaske \u2013 dehydrering er en risiko. Phoenix er ret sikkert i turist- og forretningsomr\u00e5der; kvarterer l\u00e6ngere syd eller vest for I-17 kan v\u00e6re mere skumle, is\u00e6r efter m\u00f8rkets frembrud, s\u00e5 bes\u00f8gende b\u00f8r blive i omr\u00e5der med god trafik. Vilde dyr (klapperslanger, skorpioner) lever i \u00f8rkenparker \u2013 ryst skoene ud og tjek teltgulvene, n\u00e5r du camperer. Bem\u00e6rk ogs\u00e5, at Arizona har strenge love om varme: efterlad aldrig b\u00f8rn eller k\u00e6ledyr i en parkeret bil. Endelig har Phoenix en st\u00e6rk bilkultur, men husk andre lokale p\u00e5 vejen \u2013 giv altid signal, tillad sammenflettede trafikanter, og v\u00e6r s\u00e6rligt forsigtig p\u00e5 snoede bjergveje som South Mountain Drive. Med disse forholdsregler vil bes\u00f8gende finde Phoenix som en venlig og ligetil by at udforske i bil eller til fods.<a href=\"https:\/\/travelshelper.com\/da\/destinationer\/nordamerika\/amerikas-forenede-stater\/berkeley-springs\/\" target=\"_self\" aria-labelledby=\"uael-post-8997\"><br \/>\n<\/a><\/p>","protected":false},"excerpt":{"rendered":"<p>Phoenix er hovedstaden og den mest folkerige by i den amerikanske stat Arizona med en befolkning p\u00e5 1.608.139 indbyggere pr. 2020. Det er dermed den femtest folkerige by i USA og den mest folkerige statshovedstad i nationen. Phoenix&#039; betydning g\u00e5r ud over kommunegr\u00e6nserne; det er centrum for Phoenix-storbyomr\u00e5det, undertiden kendt som Valley of the Sun. Med n\u00e6sten 4,85 millioner indbyggere er dette storbyomr\u00e5de det mest folkerige i det sydvestlige USA pr. 2020. Det er en del af den st\u00f8rste storbyregion i USA, Salt River Valley og Arizona Sun Corridor.<\/p>","protected":false},"author":1,"featured_media":4624,"parent":8072,"menu_order":0,"comment_status":"closed","ping_status":"closed","template":"elementor_theme","meta":{"_eb_attr":"","footnotes":""},"class_list":["post-8325","page","type-page","status-publish","has-post-thumbnail"],"_links":{"self":[{"href":"https:\/\/travelshelper.com\/da\/wp-json\/wp\/v2\/pages\/8325","targetHints":{"allow":["GET"]}}],"collection":[{"href":"https:\/\/travelshelper.com\/da\/wp-json\/wp\/v2\/pages"}],"about":[{"href":"https:\/\/travelshelper.com\/da\/wp-json\/wp\/v2\/types\/page"}],"author":[{"embeddable":true,"href":"https:\/\/travelshelper.com\/da\/wp-json\/wp\/v2\/users\/1"}],"replies":[{"embeddable":true,"href":"https:\/\/travelshelper.com\/da\/wp-json\/wp\/v2\/comments?post=8325"}],"version-history":[{"count":0,"href":"https:\/\/travelshelper.com\/da\/wp-json\/wp\/v2\/pages\/8325\/revisions"}],"up":[{"embeddable":true,"href":"https:\/\/travelshelper.com\/da\/wp-json\/wp\/v2\/pages\/8072"}],"wp:featuredmedia":[{"embeddable":true,"href":"https:\/\/travelshelper.com\/da\/wp-json\/wp\/v2\/media\/4624"}],"wp:attachment":[{"href":"https:\/\/travelshelper.com\/da\/wp-json\/wp\/v2\/media?parent=8325"}],"curies":[{"name":"wp","href":"https:\/\/api.w.org\/{rel}","templated":true}]}}