{"id":8312,"date":"2024-09-03T14:51:45","date_gmt":"2024-09-03T14:51:45","guid":{"rendered":"https:\/\/travelshelper.com\/staging\/?page_id=8312"},"modified":"2026-03-13T18:08:17","modified_gmt":"2026-03-13T18:08:17","slug":"philadelphia","status":"publish","type":"page","link":"https:\/\/travelshelper.com\/da\/destinations\/north-america\/united-states\/philadelphia\/","title":{"rendered":"Philadelphia"},"content":{"rendered":"<p>Philadelphia er en stor amerikansk metropol med en historiefyldt fortid. Dens befolkning i 2020 var 1.603.797, hvilket g\u00f8r den til den sjettest\u00f8rste amerikanske by. Det bredere metroomr\u00e5de har over 6,2 millioner indbyggere, der sp\u00e6nder over det \u00f8stlige Pennsylvania, det sydlige New Jersey og Delaware. Philadelphias \u00f8konomi er betydelig: hovedstadsomr\u00e5dets bruttonationalprodukt oversteg 518 milliarder dollars i 2022. Byen er mangfoldig: omkring 39 % af indbyggerne identificerer sig som sorte\/afroamerikanere og cirka 15 % som latinamerikanere\/latinoer. N\u00e6sten 35 % af voksne har en bachelorgrad eller h\u00f8jere, hvilket afspejler mange gymnasier og universiteter i byen. Medianhusstandsindkomsten ligger omkring 52.900 dollars, hvor omkring 22,8 % af Philadelphias indbyggere lever under fattigdomsgr\u00e6nsen.<\/p>\n<p>Philadelphias \u00f8konomi er forankret i finans, uddannelse og sundhedspleje, med besk\u00e6ftigelsescentre p\u00e5 University City campus, det centrale forretningsdistrikt og en voksende tech- og startup-sektor. Det er ogs\u00e5 et knudepunkt for kultur og turisme; i 2016 tiltrak byen ansl\u00e5et 42 millioner indenlandske bes\u00f8gende. I de senere \u00e5r har Philadelphia oplevet en beskeden befolkningstilv\u00e6kst efter \u00e5rtiers tilbagegang \u2013 byplanl\u00e6ggere bem\u00e6rker, at dens byt\u00e6thed og centrale rolle i det nord\u00f8stlige USA giver den vedvarende betydning inden for industri og kultur.<\/p>\n<p>Philadelphia ligger i det midtatlantiske omr\u00e5de af USA i det syd\u00f8stlige Pennsylvania ved bredden af \u200b\u200bDelaware-floden. Byen ligger omkring 32 km fra Delaware-bugten og 160 km fra Atlanterhavet, p\u00e5 en bred kystslette lige vest for Atlanterhavskysten. Byens terr\u00e6n er generelt fladt, men stiger op i bakker vest for centrum, herunder Wissahickon-kl\u00f8ften og det h\u00f8jeste punkt ved Cobbs Creek Park (~145 meter). Mod nordvest ligger de lave Pocono-bjerge, og mod vest begynder Appalachian Piemonte at h\u00e6ve sig.<\/p>\n<p>Klimatisk set ligger Philadelphia p\u00e5 kanten af \u200b\u200ben fugtig subtropisk zone. Somrene er typisk varme og fugtige med hyppige tordenvejr, mens vintrene er moderat kolde med lejlighedsvis sne. Efter\u00e5r og for\u00e5r er generelt milde og kan v\u00e6re behagelige, men omskiftelige. Byen har omkring 2.500 solskinstimer om \u00e5ret. Delaware- og Schuylkill-floderne l\u00f8ber gennem byen, og Fairmount Park ved disse flodbredder er et af landets st\u00f8rste byparksystemer. Philadelphias beliggenhed \u2013 en stor nord\u00f8stlig flodhavn og en tidlig national hovedstad \u2013 gjorde den historisk set til et transportknudepunkt, og i dag er den stadig et knudepunkt p\u00e5 Amtraks nord\u00f8stlige korridor og motorvejssystem (I-95, I-76).<\/p>\n<p>Philadelphias historie er fundamental for USA. Byen blev grundlagt i 1682 af William Penn, en engelsk kv\u00e6ker, og var planlagt som en &#034;gr\u00f8nnere landsbyby&#034; kendt for religi\u00f8s tolerance og ordentlige gader. I kolonitiden blev den hovedstad i provinsen Pennsylvania. Efterh\u00e5nden som sp\u00e6ndingerne med Storbritannien voksede, blev Philadelphia epicentret for den amerikanske revolution. Byen var v\u00e6rt for den f\u00f8rste og anden kontinentale kongres og var m\u00f8dested for nationens grundl\u00e6ggere. I juli 1776 blev uafh\u00e6ngighedserkl\u00e6ringen debatteret og vedtaget i Philadelphias Independence Hall. Byen fungerede kort som den unge republiks hovedstad i 1780&#039;erne og oplevede udarbejdelsen og underskrivelsen af \u200b\u200bden amerikanske forfatning i 1787.<\/p>\n<p>I l\u00f8bet af det 19. og begyndelsen af \u200b\u200bdet 20. \u00e5rhundrede voksede Philadelphia hurtigt som industri- og havneby. Dens rigdom fra det 19. \u00e5rhundrede er tydelig i victorianske pal\u00e6er, borgerlige monumenter og den tr\u00e6bekl\u00e6dte boulevard kendt som Benjamin Franklin Parkway (modelleret efter Champs-\u00c9lys\u00e9es). Byen var et kraftcenter for tekstiler, trykkerier, skibsbygning og senere fremstillingsvirksomhed. Den var ogs\u00e5 et centrum for uddannelse og medicin (hjemsted for tidlige amerikanske medicinske skoler og hospitaler). I midten af \u200b\u200bdet 20. \u00e5rhundrede toppede Phillys befolkningstal og faldt derefter i takt med at industrierne \u00e6ndrede sig, men dens historiske distrikter (Old City, Rittenhouse Square) blev bevaret. I dag h\u00e6drer Philadelphia sin koloniale arv med vartegn som Liberty Bell og Independence Hall (begge p\u00e5 UNESCOs verdensarvsliste) og fejrer denne arv p\u00e5 nationale museer og \u00e5rlige festivaler.<\/p>\n<p>Det moderne Philadelphia er et tapet af kvarterer, der hver is\u00e6r har sin egen karakter. Over et dusin etniske grupper har formet byen: italienskamerikanere i det sydlige Philly, irere i det nord\u00f8stlige Philly, j\u00f8diske samfund i det vestlige Philly, store kvarterer med afroamerikansk kulturarv i det nordlige og vestlige Philadelphia og et levende puertoricansk\/latinamerikansk samfund i byens &#034;nord\u00f8stlige&#034; del og sydvest. (I dag er byen cirka 41 % sort, 34 % hvid og 15 % latinamerikansk.) Engelsk er dominerende, men spansk tales udbredt (over 10 % af indbyggerne taler spansk derhjemme).<\/p>\n<p>Byens atmosf\u00e6re er b\u00e5de barsk og lidenskabelig. Philadelphianerne er ber\u00f8mte for at v\u00e6re ligefremme \u2013 stolte af byens modstandsdygtighed. I dagligdagen f\u00f8ler man ofte en venlig sejhed: de lokale jubler h\u00f8jlydt for deres Eagles (NFL), Phillies (MLB), 76ers (NBA) og Flyers (NHL) og tager rivalisering (is\u00e6r med naboerne New York og Washington) med ro. P\u00e5 byens gader slentrer folk med et form\u00e5l; historiske r\u00f8de murstensbygninger st\u00e5r ved siden af \u200b\u200bmoderne h\u00f8jhuse. Madkulturen er en hj\u00f8rnesten i dagligdagen. Beboere og bes\u00f8gende hengiver sig til fastfood som cheesesteaks, hoagies og bl\u00f8de pretzels fra markedsboder. Reading Terminal Market i centrum summer af en eklektisk menneskem\u00e6ngde, der snupper Amish-t\u00e6rter, mellem\u00f8stlig falafel, indiske karryretter eller j\u00f8diske bagels \u2013 et sandt must-see for foodies. Kunstscenen er robust: store institutioner som Philadelphia Museum of Art (ber\u00f8mt for sine &#034;Rocky Steps&#034;), Barnes Foundation, Franklin Institute og utallige gallerier langs Benjamin Franklin Parkway.<\/p>\n<p>Kvarterfestivaler og begivenheder understreger byens mangfoldighed. Om sommeren er der etniske gadefestivaler (italiensk markedsfestival, caribisk J&#039;ouvert) og fejringer af 4. juli langs Delaware-flodens bred. Den \u00e5rlige Mummers Parade p\u00e5 nyt\u00e5rsdag (med fjerkl\u00e6dte kostumer og marcherende bands) er indbegrebet af Philadelphia. Trods sin st\u00f8rrelse opretholder Philly en st\u00e6rk lokal stemning: spisesteder p\u00e5 hj\u00f8rnet, stolte barbersaloner og v\u00e6gmalerier (byen har bogstaveligt talt tusindvis af dem). Med varme somre og milde for\u00e5r\/efter\u00e5r foreg\u00e5r meget af det sociale liv udend\u00f8rs \u2013 p\u00e5 verandatrapper, p\u00e5 hj\u00f8rnepubber og p\u00e5 solrige parkpl\u00e6ner. Alligevel er der ogs\u00e5 en jordn\u00e6r arbejdsmoral i betragtning af byens rige industrielle r\u00f8dder. Kort sagt er Philadelphias &#034;stemning&#034; urban og historisk og blander gammeldags charme med autenticitet fra arbejderklassen.<\/p>\n<p>Philadelphia er rig p\u00e5 attraktioner, der sp\u00e6nder over byens historie og kultur. Midtpunktet er Independence National Historical Park i Old City. Her st\u00e5r Independence Hall og Liberty Bell, hvor nationens grundl\u00e6ggere samledes. Bes\u00f8gende kan se forsamlingssalen, hvor b\u00e5de erkl\u00e6ringen og forfatningen blev underskrevet. I n\u00e6rheden ligger steder fra kolonitiden som Congress Hall og Betsy Ross&#039; hus, der bevarer den revolution\u00e6re historie. Kun f\u00e5 gader v\u00e6k findes der masser af moderne attraktioner.<\/p>\n<p>P\u00e5 Benjamin Franklin Parkway \u2013 ofte kaldet &#034;Philly&#039;s Museum Mile&#034; \u2013 ligger store kulturinstitutioner samlet. Philadelphia Museum of Art (indgangsporten til byens v\u00e6gmalerier og hjemsted for den ber\u00f8mte Rocky-statue) og Barnes Foundation (ber\u00f8mt kunstsamling) ligger her. Videnskabs- og historiemuseer (Franklin Institute, National Constitution Center, det nye Museum of the American Revolution) tilbyder l\u00e6rerige sev\u00e6rdigheder. I dette omr\u00e5de tilbyder den restaurerede Eastern State Penitentiary (en gotisk f\u00e6ngselsruin) ogs\u00e5 et uhyggeligt indblik i f\u00e6ngsling i det 19. \u00e5rhundrede. For madelskere er Reading Terminal Market (en indend\u00f8rs madbasar indrettet i en jernbaneremise fra det 19. \u00e5rhundrede) et must-see \u2013 det er rangeret blandt Amerikas bedste madmarkeder.<\/p>\n<p>Philadelphias flodbredder er blevet genf\u00f8dt til livlige offentlige rum. Spruce Street Harbor Park ved Delaware-floden byder p\u00e5 h\u00e6ngek\u00f8jer, madboder og sommerbegivenheder. Ved Schuylkill-floden indbyder Schuylkill Banks-promenaden og kajakrober til fitness og fritid. Den historiske Fairmount Park (en af \u200b\u200blandets st\u00f8rste byparker) str\u00e6kker sig over kilometervis af stier, historiske pal\u00e6er (som Betsy Ross House og Fairmount Water Works) og den anerkendte Philadelphia Zoo.<\/p>\n<p>Hverdagens forn\u00f8jelser er ogs\u00e5 attraktioner: en grillet cheesesteak-bod eller et bagervindue, de farverige v\u00e6gmalerier malet p\u00e5 kvarterets v\u00e6gge (Philadelphia er kendt som verdens &#034;mural capital&#034;) eller Fourth Street Italian Market (Amerikas \u00e6ldste udend\u00f8rsmarked). Sportsfans kan planl\u00e6gge bes\u00f8g, s\u00e5 de falder sammen med en Eagles-, Phillies- eller Sixers-kamp for at opleve den lokale \u00e5nd. Om vinteren er Blue Cross RiverRink en s\u00e6sonbestemt sk\u00f8jtebane ved floden med fyrv\u00e6rkeri over Benjamin Franklin Bridge.<\/p>\n<p>Philadelphia er meget tilg\u00e6ngelig. Den st\u00f8rste lufthavn er Philadelphia International (PHL), et stort knudepunkt med globale og indenrigsflyvninger. Med tog er 30th Street Station byens st\u00f8rste Amtrak-knudepunkt, det tredje travleste i landet, med hyppige afgange til New York, Washington og videre. Interstate Highways I-95 (nord\u00f8st-sydvest) og I-76 (vest til Pittsburgh) l\u00f8ber i n\u00e6rheden af \u200b\u200bbyen, men v\u00e6r forberedt p\u00e5 trafikpropper i byen og betalingsbroer, hvis du k\u00f8rer. Til regionale rejser forbinder New Jerseys PATCO Speedline (metro) og NJ Transit-tog Philadelphia med Atlantic City og lokale forst\u00e6der i New Jersey.<\/p>\n<p>Philadelphias centrum (Center City) er kompakt og g\u00e5venligt med et gitter af nummererede gader og karakteristiske kvarterer. Offentlig transport er omfattende: SEPTA driver undergrundsbaner (Market-Frankford og Broad Street-linjerne), trolleylinjer, regionale tog og busser. Mange pendlere er afh\u00e6ngige af SEPTA \u2013 n\u00e6sten 24 % af Philadelphias indbyggere bruger offentlig transport til arbejde. Taxaer og samk\u00f8rsel er almindelige i centrum, og to trolleylinjer k\u00f8rer i n\u00e6rheden af \u200b\u200bUniversity City. Fra Center City er alt nemt at n\u00e5 til fods eller med en kort tur med offentlig transport.<\/p>\n<p>Valutaen er amerikanske dollars, og der forventes drikkepenge (15-20% p\u00e5 restauranter med bordservice, 1-2 dollars pr. pose til piccoloer osv.). De prim\u00e6re sprog er engelsk og spansk (du vil se spansk skiltning i mange butikker og restauranter). I samtaler s\u00e6tter Philadelphianere pris p\u00e5 ligefrem venlighed \u2013 et hurtigt &#034;hej&#034; eller &#034;hvordan har du det?&#034; til fremmede er typisk lokal h\u00f8flighed. Sikkerhedsm\u00e6ssigt er Philadelphias turistomr\u00e5der (Old City, Center City, University City) generelt sikre om dagen, men udvis s\u00e6dvanlig forsigtighed om natten i mindre overfyldte omr\u00e5der. V\u00e6r opm\u00e6rksom p\u00e5 dine ejendele p\u00e5 travle SEPTA-stationer. Vejret kan v\u00e6re en faktor: sne om vinteren kan kortvarigt lamme offentlig transport (beregn ekstra tid), mens oversv\u00f8mmelser i tordenvejr om sommeren kan forstyrre trafikken. Kl\u00e6d dig behageligt p\u00e5 til at g\u00e5 p\u00e5 byens fortove (is\u00e6r i historiske distrikter med uj\u00e6vne mursten eller brosten). Sommeren kan v\u00e6re varm og fugtig, s\u00e5 let t\u00f8j og en paraply eller regnfrakke er klogt. Kort sagt, Philadelphia er en nem by at nyde som bes\u00f8gende: planl\u00e6g at blande guidede historiske ture med spontan udforskning af nabolaget.<a href=\"https:\/\/travelshelper.com\/da\/destinationer\/nordamerika\/amerikas-forenede-stater\/berkeley-springs\/\" target=\"_self\" aria-labelledby=\"uael-post-8997\"><br \/>\n<\/a><\/p>","protected":false},"excerpt":{"rendered":"<p>Med en befolkning p\u00e5 1.603.796 er Philadelphia \u2013 ogs\u00e5 kendt som &#034;Philly&#034; \u2013 den sjette mest folkerige by i USA og den mest folkerige by i Pennsylvania if\u00f8lge folket\u00e6llingen i 2020. Denne energiske by er Delaware Valleys bykerne, undertiden kendt som Philadelphias storbyregion. Med 6,245 millioner indbyggere i det statistiske storbyomr\u00e5de og 7,366 millioner i det samlede statistiske omr\u00e5de er Philadelphia et pulserende centrum for historie, kultur og aktivitet.<\/p>","protected":false},"author":1,"featured_media":3027,"parent":8072,"menu_order":0,"comment_status":"closed","ping_status":"closed","template":"elementor_theme","meta":{"_eb_attr":"","footnotes":""},"class_list":["post-8312","page","type-page","status-publish","has-post-thumbnail"],"_links":{"self":[{"href":"https:\/\/travelshelper.com\/da\/wp-json\/wp\/v2\/pages\/8312","targetHints":{"allow":["GET"]}}],"collection":[{"href":"https:\/\/travelshelper.com\/da\/wp-json\/wp\/v2\/pages"}],"about":[{"href":"https:\/\/travelshelper.com\/da\/wp-json\/wp\/v2\/types\/page"}],"author":[{"embeddable":true,"href":"https:\/\/travelshelper.com\/da\/wp-json\/wp\/v2\/users\/1"}],"replies":[{"embeddable":true,"href":"https:\/\/travelshelper.com\/da\/wp-json\/wp\/v2\/comments?post=8312"}],"version-history":[{"count":0,"href":"https:\/\/travelshelper.com\/da\/wp-json\/wp\/v2\/pages\/8312\/revisions"}],"up":[{"embeddable":true,"href":"https:\/\/travelshelper.com\/da\/wp-json\/wp\/v2\/pages\/8072"}],"wp:featuredmedia":[{"embeddable":true,"href":"https:\/\/travelshelper.com\/da\/wp-json\/wp\/v2\/media\/3027"}],"wp:attachment":[{"href":"https:\/\/travelshelper.com\/da\/wp-json\/wp\/v2\/media?parent=8312"}],"curies":[{"name":"wp","href":"https:\/\/api.w.org\/{rel}","templated":true}]}}