{"id":8116,"date":"2024-09-01T02:05:01","date_gmt":"2024-09-01T02:05:01","guid":{"rendered":"https:\/\/travelshelper.com\/staging\/?page_id=8116"},"modified":"2026-03-13T17:47:37","modified_gmt":"2026-03-13T17:47:37","slug":"indianapolis","status":"publish","type":"page","link":"https:\/\/travelshelper.com\/da\/destinations\/north-america\/united-states\/indianapolis\/","title":{"rendered":"Indianapolis"},"content":{"rendered":"<p>Indianapolis, Indianas hovedstad og st\u00f8rste by, er et vigtigt knudepunkt for Midtvestens kultur og handel. Indy, ofte kaldet &#034;Circle City&#034; og &#034;Amerikas korsvej&#034;, danner statens urbane hjerte med en befolkning p\u00e5 omkring 880.000 (folket\u00e6lling fra 2020) og et storbyomr\u00e5de p\u00e5 over 2 millioner. Byen ligger ved White River (ved sammenl\u00f8bet med Fall Creek) i det centrale Indiana. I dag er Indianapolis et vigtigt transport- og distributionscenter (vej, jernbane og luft) i det frugtbare Corn Belt med et klima af varme, fugtige somre og kolde vintre. Dens \u00f8konomi er bred: Indianapolis rangerer som omtrent den 28. st\u00f8rste amerikanske storby\u00f8konomi, drevet af industrier fra l\u00e6gemidler og bilindustrien til teknologi og sundhedspleje. I l\u00f8bet af de seneste \u00e5rtier er byens befolkning og indflydelse vokset betydeligt, hvilket nu driver en diversificeret lokal \u00f8konomi.<\/p>\n<h2>Indianapolis i tal<\/h2>\n<p>Selve Indianapolis (den konsoliderede by-amt) havde 887.642 indbyggere ved folket\u00e6llingen i 2020. I de senere \u00e5r har byens befolkning stabiliseret sig n\u00e6r dette niveau, mens den bredere storbyregion Indianapolis overstiger 2 millioner. Metro\u00f8konomien overstiger 145 milliarder dollars (data fra 2019), hvilket g\u00f8r den til omtrent nationens 28. st\u00f8rste. Efter race og etnicitet er byen stadig mere mangfoldig. Ikke-spansktalende hvide udg\u00f8r omkring halvdelen af \u200b\u200bbefolkningen (ca. 50-54%), afroamerikanere omkring 28%, og omkring 12-13% af indbyggerne identificerer sig som spansktalende eller latino. Mindre asiatiske (omkring 4%) og multiraciale samfund bidrager ogs\u00e5. Medianalderen er i midten af \u200b\u200b30&#039;erne, og den gennemsnitlige husstandsindkomst er i st\u00f8rrelsesordenen 63.000 dollars. Med en fattigdomsrate i midten af \u200b\u200bteenage\u00e5rene er Indianapolis&#039; levestandard nogenlunde p\u00e5 linje med nationale normer (leveomkostninger omkring 7% under landsgennemsnittet).<\/p>\n<p>\u00d8konomisk set har Indianapolis og regionen en blanding af avanceret produktion, biovidenskab, logistik og serviceindustrier. Det er v\u00e6rd at bem\u00e6rke, at byen er hjemsted for mange Fortune 500-virksomheder (sundhedspleje, forsikring, l\u00e6gemidler), og regionen er en global leder inden for l\u00e6gemidler og dyresundhed. (For eksempel har Eli Lilly hovedkvarter i n\u00e6rheden.) Andre fremtr\u00e6dende sektorer omfatter bil- og luftfartsproduktion, informationsteknologi og finans. Transport er centralt: Indianapolis&#039; lufthavn, jernbaneg\u00e5rde og motorvejskryds fungerer som et knudepunkt for Corn Belt. Faktisk bem\u00e6rker en nylig opsummering, at Indys \u00f8konomi er rangeret som den 28. st\u00f8rste i USA med en stor koncentration af industrier, der sp\u00e6nder &#034;fra l\u00e6gemidler og transport til teknologi og sundhedspleje&#034;. Sundhedspleje er ogs\u00e5 en vigtig lokal sektor (med flere store hospitalssystemer og Indiana Universitys medicinske center). Samlet set kan Indianapolis i dag prale af en \u00f8konomi, der blander industrielle r\u00f8dder i Midtvesten (produktion, logistik) med voksende h\u00f8jteknologiske og forskningsindustrier.<\/p>\n<h2>Beliggenhed<\/h2>\n<p>Geografisk set ligger Indianapolis i det \u00f8st-centrale Midtvesten i Nordamerika, i staten Indiana (Midtvesten i USA). Byen er stort set flad til let bakket og en del af den store Great Lakes Plains og Corn Belt-region. Den ligger ved White River (ved udmundingen af \u200b\u200bFall Creek) i centrum af Marion County. Det omkringliggende landskab best\u00e5r prim\u00e6rt af landbrugsjord og byudvikling snarere end bjerge eller kyster. Byen ligger omkring 185 km vest for Cincinnati og 270 km nord for Louisville. Interstate Highways I-65, I-70 og I-74 m\u00f8des alle i eller i n\u00e6rheden af \u200b\u200bbymidten, hvilket bogstaveligt talt g\u00f8r den til &#034;Amerikas korsvej&#034;.<\/p>\n<p>Indianapolis har et fugtigt kontinentalt klima (K\u00f6ppen Dfa). Somrene er varme til varme og fugtige, vintrene er kolde (ofte sned\u00e6kkede), og nedb\u00f8ren er moderat \u00e5ret rundt. De gennemsnitlige sommertemperaturer n\u00e5r de \u00f8vre 80&#039;erne-90&#039;erne \u00b0F (omkring 30-35 \u00b0C) med hyppig luftfugtighed, mens vinterens minimumstemperaturer kan falde til under 20 \u00b0F (-6 \u00b0C) i gennemsnit. For\u00e5r og efter\u00e5r er ret milde, selvom tordenvejr og h\u00e5rdt vejr (hagl, lejlighedsvise tornadoer) forekommer i overgangsm\u00e5nederne. Byen oplever alle fire \u00e5rstider tydeligt med omkring 40 tommer (1000 mm) nedb\u00f8r om \u00e5ret.<\/p>\n<h2>Historisk \u00f8jebliksbillede<\/h2>\n<p>Indianapolis blev bevidst grundlagt i begyndelsen af \u200b\u200bdet 19. \u00e5rhundrede for at v\u00e6re Indianas statshovedstad. I 1821 udstykkede Indianas lovgivende forsamling Indianapolis p\u00e5 et omr\u00e5de med tidligere landbrugsjord for indf\u00f8dte amerikanere fra Delaware. Stedet \u2013 valgt p\u00e5 grund af sin centrale beliggenhed i den nye stat \u2013 blev hoveds\u00e6de for Marion County i 1822 og blev formelt udpeget som Indianas hovedstad i 1825. Den tidlige v\u00e6kst var langsom indtil midten af \u200b\u200b1800-tallet, men byens placering p\u00e5 National Road (f\u00e6rdiggjort til Indianapolis i 1827) og senere ankomsten af \u200b\u200bjernbaner udl\u00f8ste et boom. I 1861 var Indianapolis et vigtigt jernbanecenter, og under borgerkrigen gjorde dens jernbaneg\u00e5rde det til et afg\u00f8rende logistikcenter i Unionen. Mellem 1860 og 1870 blev byens befolkning som f\u00f8lge heraf mere end fordoblet.<\/p>\n<p>I slutningen af \u200b\u200bdet 19. og begyndelsen af \u200b\u200bdet 20. \u00e5rhundrede industrialiserede Indianapolis sig hurtigt. Nye industrier som k\u00f8dpakning, metalbearbejdning og til sidst bilproduktion slog rod. I 1890 oversteg byen 100.000 indbyggere. En skels\u00e6ttende begivenhed var \u00e5bningen af \u200b\u200bIndianapolis Motor Speedway i 1909 (i forstaden Speedway); det f\u00f8rste Indianapolis 500-l\u00f8b blev afholdt der i 1911 og er blevet en \u00e5rlig tradition og et symbol p\u00e5 byen.<\/p>\n<p>Et afg\u00f8rende vendepunkt fandt sted i 1970, da byregeringerne Indianapolis og Marion County fusionerede under &#034;Unigov&#034;. Dette konsoliderede Indianapolis&#039; gr\u00e6nser stort set natten over og bragte yderligg\u00e5ende byer ind i bystrukturen. By-amts-sammenl\u00e6gningen udvidede i h\u00f8j grad skattegrundlaget og den administrative r\u00e6kkevidde (samtidig med at nogle byer som Lawrence og Beech Grove stadig var noget autonome). I slutningen af \u200b\u200bdet 20. \u00e5rhundrede brandede Indianapolis sig bevidst som et centrum for amat\u00f8r- og professionel sport \u2013 ved at bygge Lucas Oil Stadium (hjem for NFL&#039;s Colts) og fremme begivenheder som NCAA-mesterskaber \u2013 hvilket stimulerede \u00f8konomisk v\u00e6kst og turisme.<\/p>\n<p>I dag ses byens arkitekturarv fra det 19. og tidlige 20. \u00e5rhundrede i vartegn som Indiana Statehouse (f\u00e6rdiggjort 1888) og Soldiers&#039; and Sailors&#039; Monument (indviet 1902 ved Monument Circle). Fort Benjamin Harrison (etableret 1903 \u00f8st for byen) og mindesm\u00e6rker fra F\u00f8rste Verdenskrig (p\u00e5 Plaza nord for centrum) afspejler Indianapolis&#039; samfundsm\u00e6ssige udvikling. Samlet set er Indianapolis&#039; historie pr\u00e6get af hurtig v\u00e6kst i det 19. \u00e5rhundrede fra gr\u00e6nseby til moderne by, efterfulgt af ekspansion i midten af \u200b\u200bdet 20. \u00e5rhundrede og et kulturelt skift mod sport, kongresvirksomhed og turisme i slutningen af \u200b\u200bdet 20. \u00e5rhundrede.<\/p>\n<h2>Kulturel stemning<\/h2>\n<p>Indianapolis blander i dag midtvestlig g\u00e6stfrihed med en overraskende kosmopolitisk atmosf\u00e6re for sin region. Det dominerende sprog er amerikansk engelsk, og byen har traditionelt v\u00e6ret overvejende hvid; men som n\u00e6vnt ovenfor er afroamerikanske og spansktalende samfund fremtr\u00e6dende og voksende. Lokalt omtaler folk ofte sig selv som &#034;Hoosiers&#034; (statens d\u00e6mon) og er kendt for en venlig og jordn\u00e6r attitude. Kvarterer har forskellige smagsoplevelser: for eksempel er det kulturelle centrum i bymidten Monument Circle (&#034;Circle City&#034;), travlt, men afslappet; Broad Ripple (mod nord) er hipt og kunstnerisk; Mass Ave (Massachusetts Avenue)-distriktet \u00f8st for bymidten er kendt for restauranter og live teater; og forstadsomr\u00e5der som Carmel og Fishers omgiver metroen med en forstadsfamiliestemning.<\/p>\n<p>\u00c5rlige kulturelle begivenheder afspejler b\u00e5de tradition og mangfoldighed. Mest ber\u00f8mt er maj-racers\u00e6sonen, der inkluderer den m\u00e5nedlange 500 Festival og kulminerer i Indianapolis 500-motorl\u00f8bet - en byomfattende fest med parader og fyrv\u00e6rkeri. Sommeren byder p\u00e5 Indiana State Fair (slutningen af \u200b\u200bjuli) - en af \u200b\u200bregionens st\u00f8rste med landbrugsudstillinger, en Midways-bane, koncerter og 4H-konkurrencer. Sensommeren inkluderer ogs\u00e5 Symphony on the Prairie og det store fyrv\u00e6rkeri den 4. juli (ofte afholdt p\u00e5 USS Indianapolis Memorial i White River State Park). I forsommeren finder Indy Jazz Fest og India Fest sted i centrum, mens senere p\u00e5 sommeren afholdes Indiana Black Expo Summer Celebration (en stor kulturfestival). Efter\u00e5ret tilf\u00f8jer lokale festivaler (som Irvington Halloween Festival og forskellige college football-begivenheder p\u00e5 n\u00e6rliggende universiteter). Om vinteren markerer tr\u00e6belysning og et lysshow i zoologisk have i centrum s\u00e6sonen.<\/p>\n<p>Sportskultur er ogs\u00e5 v\u00e6vet ind i dagligdagen. Indy har professionelle hold i flere store sportsgrene: NFL&#039;s Indianapolis Colts (fodbold) og NBA&#039;s Indiana Pacers (basketball) spiller p\u00e5 stadioner i bymidten, og begge tiltr\u00e6kker passionerede fanskarer. Om for\u00e5ret afholder NCAA&#039;s hovedkvarter universitetssportsbegivenheder hertil; byen er ogs\u00e5 ofte v\u00e6rt for olympiske trials og arena football. Bilsport er stadig legendarisk (det \u00e5rlige IndyCar-l\u00f8b tiltr\u00e6kker global opm\u00e6rksomhed). Der er ogs\u00e5 et st\u00e6rkt l\u00f8be- og cykelf\u00e6llesskab, opmuntret af adskillige parker og stier (f.eks. Monon Trail).<\/p>\n<p>Kulinariske og kunstneriske scener er blomstret op for nylig. Byen har opn\u00e5et et ry for h\u00e5ndbryggerier og kreativ gastronomi; lokale favoritter inkluderer sandwiches med svinem\u00f8rbrad, Hoosier-sukkercremet\u00e6rte og den revitaliserede baskiske restaurant i verdensklasse i Indy 500-pitomr\u00e5det. Kunstorganisationer \u2013 fra klassisk (Indianapolis Symphony p\u00e5 Hilbert Circle Theatre) til moderne (Clowes Memorial Hall p\u00e5 Butler University campus) \u2013 bidrager med et kulturelt pift. Kort sagt tilbyder Indianapolis en afbalanceret &#034;midtvestlig by&#034;-stemning: venlig og tilg\u00e6ngelig, med byfaciliteter som museer og universiteter, men aldrig uden sin varme fra Hoosier-hjembyen.<\/p>\n<h2>Topattraktioner<\/h2>\n<p>Indianapolis har mange attraktioner for bes\u00f8gende, fra ikoniske monumenter til enest\u00e5ende museer. Blandt de bem\u00e6rkelsesv\u00e6rdige sev\u00e6rdigheder er:<\/p>\n<ul>\n<li><strong>Indianapolis B\u00f8rnemuseum<\/strong> \u2013 Verdens st\u00f8rste b\u00f8rnemuseum (etableret 1926) er et interaktivt museum, der tiltr\u00e6kker familier fra hele landet.<\/li>\n<li><strong>White River State Park<\/strong> \u2013 En natursk\u00f8n bypark langs White River, der indeholder Indianapolis Zoo og Eiteljorg Museum of American Indians and Western Art. Parken huser ogs\u00e5 NCAA&#039;s hovedkvarter og Hall of Champions, og tilbyder stier og gr\u00f8nne omr\u00e5der ved flodbredden.<\/li>\n<li><strong>Indianapolis Motor Speedway (IMS)<\/strong> \u2013 Denne legendariske racerbane (hjemsted for Indianapolis 500) ligger lige uden for byen og tilbyder ture og de tilst\u00f8dende <strong>Hall of Fame-museet<\/strong> (fremvisning af historiske racerbiler). Selv ikke-racerfans finder motorsportshistorien f\u00e6ngslende.<\/li>\n<li><strong>Monumentcirkel og soldat- og s\u00f8mandsmonumentet<\/strong> \u2013 Centrum af bymidten, Monument Circle (f\u00e6rdiggjort i 1902), byder p\u00e5 det 84 meter h\u00f8je Indiana Soldiers&#039; and Sailors&#039; Monument. Pladsen omkring det h\u00e6drer Indianas krigsveteraner og fungerer som et samlingspunkt for parader og forsamlinger. I n\u00e6rheden ligger Indiana State Capitol og War Memorial Plaza (1930&#039;erne), alle bygget af lokal kalksten og afspejler byens kulturarv.<\/li>\n<li><strong>Indianapolis Kunstmuseum (Newfields)<\/strong> \u2013 F\u00e5 kilometer nord for bymidten ligger Newfields, et stort kunstmuseum med store haver. Dets samling sp\u00e6nder over 5.000 \u00e5rs kunst, og omr\u00e5det omfatter 100 Acres-parken og Lilly House.<\/li>\n<li><strong>Kultursti og Mass Avenue Arts District<\/strong> \u2013 Indianapolis Cultural Trail er en 13 kilometer lang byvandrings-\/cykelsti, der forbinder bymidten. Langs den ligger Massachusetts Avenue (&#034;Mass Ave&#034;)-distriktet med teatre, gallerier, butikker og restauranter \u2013 hvilket afspejler Indys blomstrende kunstscene.<\/li>\n<li><strong>Statshovedstaden og guvern\u00f8rens residens<\/strong> \u2013 Indianas elegante Statehouse (1888) er \u00e5ben for rundvisninger. Se ogs\u00e5 guvern\u00f8rens residens (officielle hjem) og det renoverede Indiana War Memorial (museum og haver fra 2. verdenskrig).<\/li>\n<li><strong>Lucas Oil Stadium og Gainbridge Fieldhouse<\/strong> \u2013 For sportsfans er det en perfekt oplevelse at se en NFL-kamp (Colts) eller NBA-kamp (Pacers\/Fever) i to topmoderne arenaer (\u00e5bnede henholdsvis 2008 og 1999).<\/li>\n<\/ul>\n<p>Hver af disse attraktioner er let tilg\u00e6ngelige fra bymidten. Sightseeing forbedres af byens fodg\u00e6ngervenlige bymidte og hyppige kulturelle begivenheder (s\u00e6sonbestemte festivaler, udend\u00f8rskoncerter, landm\u00e6ndsmarkeder). Mange bes\u00f8gende nyder blot &#034;monumentvandringer&#034; rundt i centrum af Circle, efterfulgt af museumsbes\u00f8g eller en slentretur i White River State Park.<\/p>\n<h2>Praktisk \u00f8jebliksbillede<\/h2>\n<p>Den prim\u00e6re lufthavn er Indianapolis International Airport (IND), cirka 24 kilometer sydvest for bymidten. IND tilbyder adskillige indenrigsforbindelser (Atlanta, Chicago, Denver osv.) og et par internationale ruter. Der er ingen Amtrak-togforbindelse direkte til Indianapolis; intercity-busser (Greyhound, Barons) ankommer til byens intermodale station i bymidten. Store motorveje (I-65 fra Chicago\/Alabama, I-70 fra Ohio\/Kentucky, I-74 fra Illinois) m\u00f8des i Indianapolis, hvilket g\u00f8r det let at komme dertil i bil.<\/p>\n<p>N\u00e5r man f\u00f8rst er i byen, er Indianapolis centrum relativt kompakt. En popul\u00e6r m\u00e5de at se Circle- og Canal-omr\u00e5det p\u00e5 er via Joliet-Indianapolis-broen og cykelstien, eller ved at tage en tur i hestevogn i de varmere m\u00e5neder. IndyGo, byens offentlige transportudbyder, k\u00f8rer busruter i hele byen og forst\u00e6derne (de fleste kr\u00e6ver en lille billet; bem\u00e6rk, at Red Line-hurtigbussen er en nyere, hyppig rute). Meget af Indianapolis&#039; kultur og natteliv er dog spredt ud over byen, s\u00e5 mange bes\u00f8gende foretr\u00e6kker taxaer eller samk\u00f8rsel (Uber\/Lyft) for nemheds skyld. Der er rigeligt med parkering i centrum og i forst\u00e6dernes attraktioner (ofte gratis eller billigt). Cykler og el-l\u00f8behjul er popul\u00e6re p\u00e5 asfalterede stier (som Monon Trail), is\u00e6r i godt vejr.<\/p>\n<p>Valutaen er amerikanske dollars. Drikkepenge er almindeligt (ca. 15-20% p\u00e5 restauranter eller ved sightseeingtjenester). Engelsk tales generelt, selvom man vil h\u00f8re noget spansk eller andre sprog blandt beboerne. Regionen er generelt meget sikker for rejsende; bymidten er livlig til langt ud p\u00e5 aftenen i weekenderne, selvom byens s\u00e6dvanlige forsigtighed mod sm\u00e5tyveri g\u00e6lder. De fleste amerikanere k\u00f8rer i h\u00f8jre side af vejen og bruger 120-volt stikkontakter (type A\/B-stik). Der kr\u00e6ves ingen s\u00e6rlige vacciner eller visa for rejsende fra Nordamerika eller Europa. Lufthavnens sikkerhedssystem kr\u00e6ver billed-ID for indenrigsflyvninger, og standard amerikanske TSA-regler (v\u00e6skegr\u00e6nser osv.) g\u00e6lder.<\/p>\n<p>Alt i alt tilbyder Indianapolis en f\u00f8rstegangsbes\u00f8gende en nem introduktion til bylivet i Midtvesten i USA: engelsktalende lokale, gode veje, forudsigelige vejrm\u00f8nstre og alle de vigtigste moderne bekvemmeligheder. Bes\u00f8gende kan trygt nyde en mangfoldig by \u2013 fra museer i verdensklasse til lokale festivaler \u2013 med tillid til, at der findes amerikanske forbrugertjenester (kreditkort, h\u00e6veautomater, apoteker) overalt. P\u00e5 en enkelt tur kan man opleve Hoosier-kultur, arkitektur og g\u00e6stfrihed i et velorganiseret bymilj\u00f8.<a href=\"https:\/\/travelshelper.com\/da\/destinationer\/nordamerika\/amerikas-forenede-stater\/berkeley-springs\/\" target=\"_self\" aria-labelledby=\"uael-post-8997\"><br \/>\n<\/a><\/p>","protected":false},"excerpt":{"rendered":"<p>Indianapolis, almindeligvis omtalt som Indy, er hovedstad og den mest folkerige by i den amerikanske stat Indiana, samt s\u00e6de for Marion County. Indianapolis, der ligger i det centrale til-sletten-omr\u00e5de i staten langs den vestlige forgrening af White River, har antaget det officielle navn &#034;Crossroads of America&#034;. Dette slogan indfanger b\u00e5de dens historiske betydning som transportknudepunkt og dens relative n\u00e6rhed til andre store nordamerikanske markeder.<\/p>","protected":false},"author":1,"featured_media":3199,"parent":8072,"menu_order":0,"comment_status":"closed","ping_status":"closed","template":"elementor_theme","meta":{"_eb_attr":"","footnotes":""},"class_list":["post-8116","page","type-page","status-publish","has-post-thumbnail"],"_links":{"self":[{"href":"https:\/\/travelshelper.com\/da\/wp-json\/wp\/v2\/pages\/8116","targetHints":{"allow":["GET"]}}],"collection":[{"href":"https:\/\/travelshelper.com\/da\/wp-json\/wp\/v2\/pages"}],"about":[{"href":"https:\/\/travelshelper.com\/da\/wp-json\/wp\/v2\/types\/page"}],"author":[{"embeddable":true,"href":"https:\/\/travelshelper.com\/da\/wp-json\/wp\/v2\/users\/1"}],"replies":[{"embeddable":true,"href":"https:\/\/travelshelper.com\/da\/wp-json\/wp\/v2\/comments?post=8116"}],"version-history":[{"count":0,"href":"https:\/\/travelshelper.com\/da\/wp-json\/wp\/v2\/pages\/8116\/revisions"}],"up":[{"embeddable":true,"href":"https:\/\/travelshelper.com\/da\/wp-json\/wp\/v2\/pages\/8072"}],"wp:featuredmedia":[{"embeddable":true,"href":"https:\/\/travelshelper.com\/da\/wp-json\/wp\/v2\/media\/3199"}],"wp:attachment":[{"href":"https:\/\/travelshelper.com\/da\/wp-json\/wp\/v2\/media?parent=8116"}],"curies":[{"name":"wp","href":"https:\/\/api.w.org\/{rel}","templated":true}]}}