{"id":7707,"date":"2024-08-28T14:43:40","date_gmt":"2024-08-28T14:43:40","guid":{"rendered":"https:\/\/travelshelper.com\/staging\/?page_id=7707"},"modified":"2026-03-13T23:35:55","modified_gmt":"2026-03-13T23:35:55","slug":"ushuaia","status":"publish","type":"page","link":"https:\/\/travelshelper.com\/da\/destinations\/south-america\/argentina\/ushuaia\/","title":{"rendered":"Ushuaia"},"content":{"rendered":"<p>Byen Ushuaia ligger yderst i udkanten af \u200b\u200bden beboelige verden, hvor den rastl\u00f8se Beaglekanal st\u00f8der sammen med Andesbjergenes skuldre. Den tiltr\u00e6kker en besynderlig blanding af eventyrere, forskere og nysgerrige turister \u2013 mennesker, der begejstres ved ekstreme breddegrader og den stille sk\u00f8nhed, der kun findes p\u00e5 kanten af \u200b\u200bis og hav. Selvom Ushuaias historie ofte er prydet med det romantiske \u00f8genavn &#034;Verdens Ende&#034;, stikker den dybere end en fjern forpost; den er et levende vidnesbyrd om menneskelig modstandsdygtighed, naturlig storhed og den fine dans mellem v\u00e6kst og bevarelse.<\/p>\n<p>Ushuaia ligger gemt v\u00e6k p\u00e5 Isla Grande de Tierra del Fuegos sydkyst og byder p\u00e5 et naturligt amfiteater af skr\u00e5ninger og tinder. Martial-bjergene st\u00e5r vagt over Ushuaia-bugten, deres stenede sider formet af \u00e5rtusinders vind og gletsjeris. Nedenfor skvulper Beagle-kanalens b\u00f8lger mod en beskyttet havn, der engang ledte skibe langt fra sydlige storme. Denne maritime omfavnelse afspejler et subpol\u00e6rt oceanisk klima: somrene ligger omkring de k\u00f8lige 10 \u00b0C, vintrene falder til lige under frysepunktet, og byger kan opst\u00e5 uden varsel. Alligevel er de samme bjerge, der f\u00f8rer sne og slud, ogs\u00e5 med til at d\u00e6mpe de voldsomste vinde og skaber lommer af ro, som lokalbefolkningen har l\u00e6rt at v\u00e6rds\u00e6tte.<\/p>\n<p>L\u00e6nge f\u00f8r den nedskrevne historie navigerede Y\u00e1mana- og Selk&#039;nam-folkene i kanoer i disse have, hvor de fiskede skaldyr og fulgte guanacos. I det meste af det nittende \u00e5rhundrede forblev Tierra del Fuego dog indhyllet i t\u00e5get myte. Den 12. oktober 1884 hejste den argentinske fl\u00e5dekommand\u00f8r Augusto Lasserre et flag over Fuerte Ushuaia p\u00e5 stedet for Thomas Bridges&#039; tidligere anglikanske mission. Denne handling indviede Ushuaias transformation fra et spinkelt fodf\u00e6ste til Patagoniens vigtigste sydlige havn - en identitet, der ville pr\u00e6ge landets \u00f8konomi og kultur i generationer.<\/p>\n<p>Ushuaias dramatiske landskab former alle aspekter af livet. Mod nord breder Andesbjergene sig ned i en trappe af h\u00f8jderygge og tilbyder vandrere ismarker, lenga-skove og spejlblanke laguner. Mod syd leder Beaglekanalen vind og salt, skaber fjorde og spreder sm\u00e5\u00f8er befolket af skarver og s\u00f8l\u00f8ver. Den maritime indflydelse bl\u00f8dg\u00f8r temperatursvingninger, men fremkalder n\u00e6sten konstant fugtighed, og vejret kan skifte fra str\u00e5lende sol til slud-indhyllet m\u00f8rke p\u00e5 f\u00e5 minutter. Lokale landm\u00e6nd opdr\u00e6tter h\u00e5rdf\u00f8re f\u00e5r og drivhustomater, mens beboerne tilpasser sig \u00e5rstider, hvor dagslyset str\u00e6kker sig uendeligt i december og tr\u00e6kker sig n\u00e6sten helt tilbage i juni.<\/p>\n<p>Med omkring 82.615 indbyggere b\u00e6rer Ushuaia sin status som verdens sydligste by med stolthed. Dens gader summer af fiskere, embedsm\u00e6nd, butiksejere og videnskabsm\u00e6nd. En livlig rivalisering ulmer med den n\u00e6rliggende Puerto Williams p\u00e5 Navarino Island, hvis f\u00e5 tusinde indbyggere og intime 0,99 km\u00b2 store omr\u00e5de f\u00e5r UNESCOs og FNs statistikere til at s\u00e6tte sp\u00f8rgsm\u00e5lstegn ved dens bystatus. Ud fra disse internationale kriterier sikrer Ushuaias bredere infrastruktur og befolkning dens Guinness-v\u00e6rdige krav - men den venskabelige strid understreger tiltr\u00e6kningskraften ved at bo i Jordens vilde udkanter.<\/p>\n<p>Ushuaia er langt fra en ensartet rejseby, men kan prale af en alsidig \u00f8konomi. Havnen h\u00e5ndterer krydstogtskibe p\u00e5 vej til Antarktis, fisketrawlere og containerskibe, der betjener de sydlige handelsruter. I velplejede industriparker forarbejder fabrikker kongekrabber, kulmule og patagoniske kammuslinger, mens elektronikv\u00e6rksteder samler pr\u00e6cisionskomponenter. Disse virksomheder skaber stabilitet i et samfund, der ellers ville g\u00e5 i st\u00e5, n\u00e5r vinterens frost afskr\u00e6kker krydstogtskibe og sp\u00e6ndingss\u00f8gende. Provinsielle regeringskontorer og konsulater forankrer den administrative sektor og tilbyder offentlig besk\u00e6ftigelse i et omfang, der er sj\u00e6ldent i gr\u00e6nsebyer.<\/p>\n<p>Turisme er dog stadig Ushuaias hjerte. Hver sommer str\u00f8mmer bes\u00f8gende til f\u00e6rger og Zodiacs for at opleve str\u00e5lende solnedgange over Martial Grande, for at g\u00e5 p\u00e5 stier i Tierra del Fuego Nationalpark og for at f\u00f8lge Charles Darwins fodspor p\u00e5 udflugter til Kap Horn. Hval- og fuglekiggerib\u00e5de glider forbi s\u00f8l\u00f8vefyldte \u00f8er, mens luksusskibe overskygger molen, mens de forbereder sig p\u00e5 m\u00e5nedslange rejser til det hvide kontinent. For mange er Ushuaia mere end et pitstop - det er t\u00e6rsklen til Antarktis, et sted hvor de sidste tankstationer forsvinder, og isbjerge t\u00e5rner sig op i horisonten.<\/p>\n<p>Ushuaias identitet str\u00e6kker sig ud over Argentinas sydspids gennem formelt venskabsbysamarbejde med Hammerfest i Norge og Utqia\u0121vik i Alaska. Disse andre byer p\u00e5 ekstreme breddegrader udveksler teknisk knowhow om snerydning, mental sundhedsst\u00f8tte under polarnatter og b\u00e6redygtig fiskeriforvaltning. Kulturfestivaler veksler mellem spansk, samisk joik og i\u00f1upiat-strubesang og skaber usandsynlige sl\u00e6gtskaber, der understreger en f\u00e6lles overbevisning: livet ved kanten forener samfund p\u00e5 trods af afstand og klima.<\/p>\n<p>Beliggende t\u00e6t p\u00e5 de stadigt skiftende klimaforandringers gr\u00e6nser b\u00e6rer Ushuaia et ansvar, der er langt st\u00f8rre end sin 47 km\u00b2 store kommunegr\u00e6nse. Forskere ved Maritime Science Center sporer havets saltindhold og str\u00f8mme i Beaglekanalen; glaciologer studerer vigende isfelter; fuglespecialister overv\u00e5ger magellanske pingvin- og kongepingvinkolonier p\u00e5 Tierra del Fuegos sydlige \u00f8er. Byen har v\u00e6vet sin egen milj\u00f8kodeks for at begr\u00e6nse plastaffald, regulere udledninger fra krydstogtskibe og beskytte skr\u00f8belige t\u00f8rvemoser. Lokal aktivisme, st\u00f8ttet af universiteternes ops\u00f8gende programmer, positionerer Ushuaia som b\u00e5de observat\u00f8r og fortaler i den globale samtale om polare \u00f8kosystemer.<\/p>\n<p>I en verden, hvor rejser ofte f\u00f8lger velkendte ruter, skiller Ushuaia sig ud \u2013 et sted, hvor menneskelig udholdenhed m\u00f8der element\u00e6re kr\u00e6fter. Dens havn byder stadig s\u00e6lfangere og k\u00f8bm\u00e6nd velkommen, nu side om side med klimaforskere og solhattekl\u00e6dte turister. Dens tinder samler stadig sne til \u00e5rhundredgamle gletsjere, selv mens de globale temperaturer stiger. Og under det hele ligger en historie om tilpasning: Indf\u00f8dte f\u00f8desamlere, anglikanske mission\u00e6rer, fl\u00e5deekspeditioner og moderne iv\u00e6rks\u00e6ttere, der hver is\u00e6r har \u00e6tset deres ambitioner ind i en af \u200b\u200bJordens sidste gr\u00e6nser. Uanset om man ankommer med bus over Beagle Highway, med skib fra Punta Arenas eller med fly gennem skykl\u00e6dte bjerge, ankommer Ushuaia fuldt ud til hjertet \u2013 fjerntliggende, usminket, fuldst\u00e6ndig levende ved verdens ende.<\/p>","protected":false},"excerpt":{"rendered":"<p>Situated at the southernmost point of South America, where the turbulent Beagle Channel meets the tough Andes Mountains, a city captures the imagination of both adventurers and tourists. Officially known as Ushuaia, the City of Ushuaia is evidence of the attraction of Earth&#8217;s far-off frontiers and human endurance. Often referred to as &#8220;The End of the World,&#8221; this fascinating urban center is not only a physical wonder but also a hive of industry, culture, and natural beauty.<\/p>","protected":false},"author":1,"featured_media":3292,"parent":7678,"menu_order":0,"comment_status":"closed","ping_status":"closed","template":"elementor_theme","meta":{"_eb_attr":"","footnotes":""},"class_list":["post-7707","page","type-page","status-publish","has-post-thumbnail"],"_links":{"self":[{"href":"https:\/\/travelshelper.com\/da\/wp-json\/wp\/v2\/pages\/7707","targetHints":{"allow":["GET"]}}],"collection":[{"href":"https:\/\/travelshelper.com\/da\/wp-json\/wp\/v2\/pages"}],"about":[{"href":"https:\/\/travelshelper.com\/da\/wp-json\/wp\/v2\/types\/page"}],"author":[{"embeddable":true,"href":"https:\/\/travelshelper.com\/da\/wp-json\/wp\/v2\/users\/1"}],"replies":[{"embeddable":true,"href":"https:\/\/travelshelper.com\/da\/wp-json\/wp\/v2\/comments?post=7707"}],"version-history":[{"count":0,"href":"https:\/\/travelshelper.com\/da\/wp-json\/wp\/v2\/pages\/7707\/revisions"}],"up":[{"embeddable":true,"href":"https:\/\/travelshelper.com\/da\/wp-json\/wp\/v2\/pages\/7678"}],"wp:featuredmedia":[{"embeddable":true,"href":"https:\/\/travelshelper.com\/da\/wp-json\/wp\/v2\/media\/3292"}],"wp:attachment":[{"href":"https:\/\/travelshelper.com\/da\/wp-json\/wp\/v2\/media?parent=7707"}],"curies":[{"name":"wp","href":"https:\/\/api.w.org\/{rel}","templated":true}]}}