{"id":7508,"date":"2024-08-26T15:17:32","date_gmt":"2024-08-26T15:17:32","guid":{"rendered":"https:\/\/travelshelper.com\/staging\/?page_id=7508"},"modified":"2026-03-13T23:35:44","modified_gmt":"2026-03-13T23:35:44","slug":"brasilien","status":"publish","type":"page","link":"https:\/\/travelshelper.com\/da\/destinations\/south-america\/brazil\/","title":{"rendered":"Brasilien"},"content":{"rendered":"<p>Brasilien str\u00e6kker sig fra Atlanterhavets solbeskinnede kyster til Amazonas&#039; t\u00e6tte, gr\u00f8nne hjerte, et land med kontraster formet af floder, h\u00f8jland og kystlinjer. Denne f\u00f8deration af 26 stater og et f\u00f8deralt distrikt d\u00e6kker mere end halvdelen af \u200b\u200bSydamerikas overflade og omslutter nationens hovedstad, Bras\u00edlia, midt i \u00e5ben savanne og b\u00f8lgende plateauer. Alligevel er det langs den \u00f8stlige udkant - hvor byer m\u00f8der palmeomkransede strande - at man fornemmer Brasiliens puls mest levende: den rastl\u00f8se br\u00e6nding ved Rio, den endel\u00f8se udbredelse af S\u00e3o Paulo, hvor stemmer og motorer smelter sammen til en rastl\u00f8s summen.<\/p>\n<p>Fra \u00e6kvator til 34\u00b0 sydlig bredde str\u00e6kker Brasilien sig over fire tidszoner og to store klimab\u00e6lter. En morgen i Manaus h\u00e6nger luften tyk af fugt; om eftermiddagen i Porto Alegre r\u00f8rer en k\u00f8lig brise gyldent gr\u00e6s p\u00e5 Pampaerne. De forrevne h\u00f8jderygge i Serra do Mar indrammer t\u00e5geindhyllede dale langs syd\u00f8stkysten, mens Guyana-h\u00f8jlandet mod nord kl\u00f8ver vand mod b\u00e5de Amazonas- og Orinoco-bassinerne. Pico da Neblina, n\u00e6sten tre kilometer h\u00f8j, st\u00e5r stille som vagtpost midt i den enorme Amazonas-regnskov - et ekko af landets st\u00f8rste flod, der selv f\u00f8rer mere vand end noget andet system p\u00e5 Jorden.<\/p>\n<p>Mere end 212 millioner stemmer former Brasiliens historie. Portugisisk, ubrudt siden 1500, binder strandcaf\u00e9er til junglelandsbyer i \u00e9t enkelt, melodi\u00f8st sprog. Indf\u00f8dte sprog overlever i lommer - xavante, guaran\u00ed - hvisken fra tidligere \u00e5rhundreder. S\u00e3o Paulos byudbredelse, hjemsted for over 12 millioner, str\u00e6kker sig mod \u00f8st i dale og forst\u00e6der, mens Rio de Janeiro klamrer sig til granittoppe, hvide sandbugter og en karnevalsrytme. Understr\u00f8mme af afrikansk, europ\u00e6isk og indf\u00f8dt kulturarv hvirvler sammen, en blanding, der m\u00e6rkes lige s\u00e5 meget i samtaler som i capoeira-kredse eller den s\u00f8de aroma af acaraj\u00e9, der koger over palmeoliegl\u00f8der.<\/p>\n<p>L\u00e6nge f\u00f8r Cabrals ankomst i april 1500 trivedes oprindelige samfund langs kysterne og floderne. Med det portugisiske hofs flugt til Rio i 1808 blev Brasilien kortvarigt hjertet af et globalt imperium. I 1822 erkl\u00e6rede prins Pedro autonomi og indviede et imperium, hvis f\u00f8rste forfatning sikrede religions- og pressefrihed \u2013 men lod slaveriet v\u00e6re intakt, indtil dets gradvise nedbrydning sluttede i 1888. Et \u00e5r senere faldt monarkiet under et milit\u00e6rkup, og republikken begyndte. Revolutioner, populistisk styre under Get\u00falio Vargas og et milit\u00e6rregime fra 1964 til 1985 formede moderne politik. Dagens forfatning fra 1988 cementerer en demokratisk f\u00f8deration, hvis Nationalkongres gentager debatter fra Bras\u00edlias t\u00e5rnh\u00f8je betonl\u00e6rreder.<\/p>\n<p>Brasiliens komplekse \u00f8konomi er blandt verdens ti st\u00f8rste. De frugtbare sletter i Cerrado producerer soja og sukkerr\u00f8r; kv\u00e6g gr\u00e6sser p\u00e5 brede gr\u00e6sningsarealer i Mato Grosso do Sul; dybe miner i Minas Gerais leverer jernmalm og guld. Byfabrikker i S\u00e3o Paulo og Belo Horizonte omdanner disse ressourcer til st\u00e5l, elektronik og flydele. Brasilien sender kaffe, oksek\u00f8d, jernmalm og fly til markeder p\u00e5 alle kontinenter. Institutioner fra FN&#039;s stiftende medlemmer til pladser i BRICS, G20 og Mercosur forst\u00e6rker sin stemme. Alligevel best\u00e5r de \u00f8konomiske kl\u00f8fter: t\u00e6t samment\u00f8mrede favelaer har udsigt over skinnende skyskrabere, en p\u00e5mindelse om, at rigdom og muligheder fortsat er uj\u00e6vnt fordelt.<\/p>\n<p>Tres procent af Amazonas ligger inden for Brasiliens gr\u00e6nser og huser en tiendedel af alle kendte arter p\u00e5 Jorden. T\u00e5rnh\u00f8je st\u00f8ttepiller stiger op fra stier d\u00e6kket af nedfaldne blade; smaragdgr\u00f8nne papeg\u00f8jer hviner over hovedet, mens tapirer vader over sortvandsb\u00e6kke. Bag regnskoven oversv\u00f8mmes og tr\u00e6kker Pantanal sig tilbage hver s\u00e6son og tiltr\u00e6kker tusindvis af tr\u00e6kfugle. Cerrados vilde gr\u00e6sser og galleriskove huser jaguarer, mankeulve og myreslugere; langs Atlanterhavskysten bryder pukkelhvaler ind mod forrevne klipper. Beskyttelseszoner pryder kortet, men skovrydning og udvikling presser p\u00e5 disse \u00f8kosystemer, deres sk\u00e6bne er forbundet med det globale klima og den biologiske mangfoldighed.<\/p>\n<p>Tusindvis af bes\u00f8gende ankommer. I Salvadors Pelourinho gl\u00f8der koloniale facader i det tidlige lys, mens den fjerne mumlen af \u200b\u200btrommer lokker fra skjulte g\u00e5rdhaver. Strandg\u00e6ster i Bahia st\u00e5r op f\u00f8r solopgang for at se tidevand skabe klitter, og slapper derefter af ved siden af \u200b\u200bkokosduftende b\u00f8lger. L\u00e6ngere sydp\u00e5 blander Florian\u00f3polis strande og fyrretr\u00e6skl\u00e6dte bakker, et tilflugtssted for b\u00e5de surfere og vandrere. \u00d8koturister begiver sig op ad floden i kanoer med glasbund og ser kaimaner og floddelfiner under de gr\u00f8nne baldakiner. Storbyferie-s\u00f8gende i S\u00e3o Paulo slentrer p\u00e5 museer, smager feijoada p\u00e5 summende restauranter og dv\u00e6ler ved en st\u00e6rk kaffe i smalle gyder.<\/p>\n<p>Pedro \u00c1lvares Cabrals ankomst bragte manuelinske buer og barokkaltre til nye bos\u00e6ttelser. I Ouro Preto og Olinda vidner udsk\u00e5rne stenkirker og koloniale pal\u00e6er om guldfeberens rigdom. Det 20. \u00e5rhundrede indvarslede en ren modernisme: Oscar Niemeyers kurver definerer Bras\u00edlias kongres- og katedral, en sv\u00e6vende vision i hvid beton. I dag gent\u00e6nker moderne arkitekter favelaer som levende l\u00e6rreder, maler v\u00e6gge i klare farver og skaber medborgerhuse, hvor der engang kun var gyder. Gallerier udstiller v\u00e6rker fra barok til moderne abstraktion, mens filmfestivaler i Rio s\u00e6tter internationalt fokus p\u00e5 brasiliansk film.<\/p>\n<p>I skumringen s\u00e6tter sambaskoler liv i gang under eukalyptustr\u00e6ernes baldakiner. Capoeira rodas dannes p\u00e5 brostensbelagte pladser, og par af dansere interagerer som improviseret samtale. Karnevalets vanvid \u2013 fl\u00f8jter, surdoer og b\u00e5nd \u2013 bryder ud af langvarige traditioner for modstand og fest. Indf\u00f8dte kunsth\u00e5ndv\u00e6rkere laver kurve, fjerkl\u00e6dte hovedbekl\u00e6dninger og keramik og konserverer h\u00e5ndv\u00e6rk, der er g\u00e5et i arv gennem generationer. F\u00f8devaremarkederne er fyldt med a\u00e7a\u00ed-b\u00e6r, tapiokapandekager og pasteis, der damper i olie, og hver bid giver et glimt af \u00e5rhundreder, der er flettet sammen. Her er fortiden altid til stede: i ritualer, opskrifter og landets levende sprog.<\/p>\n<p>Brasilien er vidtstrakt, ja \u2013 et omr\u00e5de, der str\u00e5ler af mangfoldighed. Alligevel er det i hverdagens \u00f8jeblikke, at dets essens tr\u00e6der frem: b\u00f8rn, der jagter b\u00f8lger ved solopgang, \u00e6ldre, der nipper til cacha\u00e7a under jacarandatr\u00e6er, en katedralklokke, der ringer over en fugtig dal. Landets historie udfolder sig i lag \u2013 geografi, historie, kultur, \u00f8kologi \u2013 v\u00e6vet sammen af \u200b\u200bdets befolknings modstandsdygtighed og kreativitet. At g\u00e5 p\u00e5 dets gader eller padle i dets floder er at r\u00f8re ved noget levende, rastl\u00f8st og ubundet, der for evigt former og formes af dette sted ved den \u00f8stlige kant af et stort kontinent.<\/p>","protected":false},"excerpt":{"rendered":"<p>Brazil, the largest nation in South America, exemplifies numerous superlative characteristics. Covering an area of more than 8.5 million square kilometers, Brazil offers a wide range of settings, cultures, and experiences that appeal to both residents and visitors. From the Amazon rainforest to the energetic metropolitan area of S\u00e3o Paulo, Brazil shows unmatched variation.<\/p>","protected":false},"author":1,"featured_media":4114,"parent":24096,"menu_order":0,"comment_status":"closed","ping_status":"closed","template":"elementor_theme","meta":{"_eb_attr":"","footnotes":""},"class_list":["post-7508","page","type-page","status-publish","has-post-thumbnail"],"_links":{"self":[{"href":"https:\/\/travelshelper.com\/da\/wp-json\/wp\/v2\/pages\/7508","targetHints":{"allow":["GET"]}}],"collection":[{"href":"https:\/\/travelshelper.com\/da\/wp-json\/wp\/v2\/pages"}],"about":[{"href":"https:\/\/travelshelper.com\/da\/wp-json\/wp\/v2\/types\/page"}],"author":[{"embeddable":true,"href":"https:\/\/travelshelper.com\/da\/wp-json\/wp\/v2\/users\/1"}],"replies":[{"embeddable":true,"href":"https:\/\/travelshelper.com\/da\/wp-json\/wp\/v2\/comments?post=7508"}],"version-history":[{"count":0,"href":"https:\/\/travelshelper.com\/da\/wp-json\/wp\/v2\/pages\/7508\/revisions"}],"up":[{"embeddable":true,"href":"https:\/\/travelshelper.com\/da\/wp-json\/wp\/v2\/pages\/24096"}],"wp:featuredmedia":[{"embeddable":true,"href":"https:\/\/travelshelper.com\/da\/wp-json\/wp\/v2\/media\/4114"}],"wp:attachment":[{"href":"https:\/\/travelshelper.com\/da\/wp-json\/wp\/v2\/media?parent=7508"}],"curies":[{"name":"wp","href":"https:\/\/api.w.org\/{rel}","templated":true}]}}