{"id":7405,"date":"2024-08-25T17:42:51","date_gmt":"2024-08-25T17:42:51","guid":{"rendered":"https:\/\/travelshelper.com\/staging\/?page_id=7405"},"modified":"2026-03-13T23:55:37","modified_gmt":"2026-03-13T23:55:37","slug":"colombia","status":"publish","type":"page","link":"https:\/\/travelshelper.com\/da\/destinations\/south-america\/colombia\/","title":{"rendered":"Colombia"},"content":{"rendered":"<p>Colombia udfolder sig som et land med sp\u00e6ndende kontraster: h\u00f8je Andesplateauer, der summer af urban energi; dampende lavlandsjungler, hvor Amazonas&#039; gr\u00f8nne stilhed hersker; caribiske kyster omgivet af varme have; og Stillehavskyster indhyllet i t\u00e5ge og t\u00e6tte mangrover. Med et areal p\u00e5 1.141.748 kvadratkilometer g\u00f8r landet krav p\u00e5 en unik plads p\u00e5 to kontinenter, med sine isolerede \u00f8er, der r\u00f8rer ved nordamerikanske farvande, og sit fastland forankret i Sydamerika. Dets gr\u00e6nser - der deles med Panama, Venezuela, Brasilien, Peru og Ecuador - tegner en nation, hvis identitet er blevet formet af geografi lige s\u00e5 meget som af historie, kultur og en udviklende f\u00f8lelse af medborgerskab.<\/p>\n<p>I hjertet af Colombia ligger Andesbjergene, delt i tre cordilleraer, der former landets rygrad og danner grundlaget for dets mest folkerige byer. Mod vest str\u00e6kker Cordillera Occidental sig langs Stillehavet, hvis tinder h\u00e6ver sig over kystsletter, der er t\u00e6tte med regnskov og ofte indhyllet i t\u00e5ge. Cali, der l\u00f8ber gennem Cauca-floden, ligger ved dens \u00f8stlige fod. Mellem Cauca- og Magdalena-dalene ligger Cordillera Central, hvis h\u00f8jder er over 5.000 meter. Her h\u00e6nger Medellins urolige gader og kaffedyrkende byer op ad skr\u00e5ningerne, levende med duften af \u200b\u200borkideer og ristede b\u00f8nner. Cordillera Oriental str\u00e6kker sig nord\u00f8st mod Guajira-halv\u00f8en og byder p\u00e5 Bogot\u00e1 i omkring 2.600 meters h\u00f8jde \u2013 en af \u200b\u200bverdens h\u00f8jeste hovedst\u00e6der \u2013 og str\u00e6kker sig videre til Bucaramanga og C\u00facuta.<\/p>\n<p>\u00d8st for bjergene breder de brede Llanos-gr\u00e6sarealer sig ud i Orinoco-bassinet, hvis s\u00e6sonbestemte oversv\u00f8mmelser n\u00e6rer kv\u00e6gfarme og dyrelivskorridorer. L\u00e6ngere mod syd h\u00e6vder Amazonas-regnskoven sig i en gr\u00f8n katedral af biodiversitet. Kystsletterne adskiller sig markant: den nordlige caribiske kyst hviler for det meste under solbagt krat, bortset fra Sierra Nevada de Santa Marta - en kystbjergk\u00e6de, der brat stiger til over 5.700 meter - mens Stillehavskystlinjen er smal, regnv\u00e5d og let beboet. Colombias dobbelte kystlinjer, mod Atlanterhavet og Stillehavet, adskiller det fra andre p\u00e5 kontinentet; dets maritime gr\u00e6nser gr\u00e6nser op til Costa Rica, Nicaragua, Honduras, Jamaica, Haiti og Den Dominikanske Republik.<\/p>\n<p>Menneskelig tilstedev\u00e6relse i dette omr\u00e5de g\u00e5r mindst 14.000 \u00e5r tilbage, da j\u00e6ger-samlere gennemk\u00f8rte dets varierede \u00f8kosystemer. Da europ\u00e6erne ankom \u2013 spanske opdagelsesrejsende, der gik i land i La Guajira i 1499 \u2013 trivedes sofistikerede oprindelige samfund i h\u00f8jlands- og lavlandsregionerne. Den spanske krone skabte det nye kongerige Granada i midten af \u200b\u200bdet sekstende \u00e5rhundrede med Santa Fe de Bogot\u00e1 som dets administrative hjerte. Gennem \u00e5rhundreders kolonistyre kollapsede befolkningerne under sygdom og erobring, kun for langsomt at komme sig igen, da kreolske samfund opstod.<\/p>\n<p>Uafh\u00e6ngighed blev proklameret i 1810, selvom kampen fortsatte, indtil Sim\u00f3n Bol\u00edvars kampagner sikrede befrielsen i 1819, og den kortlivede republik Gran Colombia tog form. Eksperimenter med f\u00f8deralisme og centralisme fulgte gennem Granadine Confederation (1858), De Forenede Stater Colombia (1863) og endelig Republikken Colombia i 1886. Tabet af Panama i 1903, under internationalt pres, omtegnede dets gr\u00e6nser. I l\u00f8bet af det tyvende \u00e5rhundrede pr\u00e6gede interne konflikter og politisk vold - der intensiveredes i 1960&#039;erne og 1990&#039;erne - den nationale historie. Siden midten af \u200b\u200b2000&#039;erne er sikkerhedsforbedringer, institutionelle reformer og \u00f8konomisk v\u00e6kst begyndt at omforme det sociale landskab.<\/p>\n<p>Det moderne Colombia er opdelt i 32 departementer og et hovedstadsdistrikt \u2013 Bogot\u00e1 \u2013 der hver is\u00e6r ledes af en valgt guvern\u00f8r og en forsamling. Departementerne er opdelt i kommuner, der yderligere er opdelt i corregimientos (landdistrikter) og comunas (bydistrikter), der hver har lokale r\u00e5d. S\u00e6rlige distrikter \u2013 Barranquilla, Cartagena, Santa Marta og Buenaventura \u2013 har administrativ status, der afspejler deres maritime, kulturelle eller strategiske fremtr\u00e6den. Denne lagdelte forvaltningsstruktur s\u00f8ger at balancere regional mangfoldighed med national sammenh\u00e6ng.<\/p>\n<p>Colombia, der er hjemsted for omkring 52 millioner mennesker, rangerer som nummer tre i Latinamerika m\u00e5lt p\u00e5 befolkning. Den demografiske udvikling \u2013 fire millioner ved begyndelsen af \u200b\u200bdet tyvende \u00e5rhundrede til over halvtreds millioner i dag \u2013 afspejler fald i fertilitet og d\u00f8delighed og et skift fra landligt til byliv. 76 procent bor nu i byer, prim\u00e6rt i Andesbjergenes h\u00f8jlandskorridorer. Bogot\u00e1s egen befolkning er vokset fra et par hundrede tusinde i 1930&#039;erne til n\u00e6sten otte millioner. Ved midten af \u200b\u200b\u00e5rhundredets slutning \u00e6ldes befolkningen: andelen over 65 er begyndt at stige m\u00e6rkbart. En vifte af etniciteter \u2013 efterkommere af oprindelige samfund, spanske og andre europ\u00e6iske bos\u00e6ttere, afrikanske diasporasamfund og b\u00f8lger af mellem\u00f8stlige og andre immigranter \u2013 n\u00e6rer Colombias kulturelle dynamik. Spansk binder nationen sammen, selvom engelsk, kreolsk og omkring 64 oprindelige sprog har regional anerkendelse.<\/p>\n<p>Colombia, der er udpeget som en af \u200b\u200bsytten &#034;megadiverse&#034; nationer, har flere arter pr. kvadratkilometer end noget andet land. Amazonas-junglen, Andesbjergenes p\u00e1ramo, stillehavsmangrover og caribiske t\u00f8rre skove er v\u00e6rt for et utal af planter og dyr, der ikke findes andre steder. Seks prim\u00e6re naturlige regioner - Andesbjergene, Stillehavskysten, Caribiske kyst, Llanos, Amazonas og \u00f8omr\u00e5der - skaber en mosaik af levesteder. Floder som Magdalena og Cauca skaber dale, der fungerer b\u00e5de som \u00f8kologiske korridorer og handels\u00e5rer. Jordsk\u00e6lv og vulkaner sk\u00e6lver under overfladen og minder om nationens plads p\u00e5 Stillehavsringen af \u200b\u200bild.<\/p>\n<p>Colombias \u00f8konomi, den tredjest\u00f8rste i Sydamerika, kombinerer traditionel eksport \u2013 olie, kul, kaffe og afsk\u00e5rne blomster \u2013 med spirende h\u00f8jteknologiske, service- og turismesektorer. Makro\u00f8konomisk stabilitet i de seneste \u00e5rtier har tiltrukket udenlandske investeringer, mens fattigdomsraterne er faldet, og en voksende middelklasse er opst\u00e5et. Sundhedssystemet, der af Verdenssundhedsorganisationen (WHO) hyldes som Latinamerikas st\u00e6rkeste, underst\u00f8tter udviklingen af \u200b\u200bmenneskelig kapital. Store byknudepunkter \u2013 Bogot\u00e1, Medell\u00edn, Cali, Barranquilla og Cartagena \u2013 fungerer som finansielle, industrielle og kulturelle motorer.<\/p>\n<p>Colombiansk kultur giver genlyd af pr\u00e6columbianske civilisationer, spanske koloniale institutioner, afrikansk arv og immigrantindflydelser fra Europa og Mellem\u00f8sten. Musikken sp\u00e6nder fra Andes bambucos til afrocaribisk cumbia; litteraturen sp\u00e6nder fra indf\u00f8dte mundtlige traditioner til nobelpristageren Gabriel Garc\u00eda M\u00e1rquez&#039; magisk-realistiske fort\u00e6llinger. Festivaler - Carnaval de Barranquilla, Feria de las Flores i Medell\u00edn - blander musik, dans og ritualer i levende offentlige udstillinger.<\/p>\n<p>Dens k\u00f8kken vidner om regionale s\u00e6rpr\u00e6g. I h\u00f8jlandet varmer ajiaco \u2013 suppe af kartofler, majs og kylling \u2013 den k\u00f8lige bjergluft; p\u00e5 den caribiske kyst minder kokosris og stegt fisk om b\u00e5de oprindelige og afrikanske r\u00f8dder. Arepas \u2013 almindelige eller fyldte majskager \u2013 optr\u00e6der ved hvert m\u00e5ltid, mens b\u00f8nner, plantains og tropiske frugter som guan\u00e1bana, lulo og maracuy\u00e1 pynter op p\u00e5 bordene over hele landet. Gadeboder serverer empanadas, aborrajados (s\u00f8de plantains med ost) og bu\u00f1uelos; hjemmek\u00f8kkener producerer desserter som natillas og tres leches-kage. Drikkevarerne sp\u00e6nder fra st\u00e6rk tinto-kaffe til sukkerr\u00f8rsaguardiente, fra champ\u00fas (frugt- og majsdrik) til friske frugtjuicer, der hylder landets frugtplantagerigdom.<\/p>\n<p>Colombias historie er hverken statisk eller ensartet. Det er en nation, der konstant forhandler om sine h\u00f8jbjergshovedst\u00e6der og flodbred, sin erindring om konflikt og sine aspirationer for fred, sin rige biodiversitet og presset fra udvikling. Administrative reformer, infrastrukturprojekter, bevaringsindsatser og kulturelle genoplivningsbev\u00e6gelser vidner alle om et samfund, der ser b\u00e5de tilbage og fremad \u2013 s\u00f8ger at \u00e6re forf\u00e6dres r\u00f8dder, samtidig med at det skaber nye veje i en sammenkoblet verden. I sin uendelighed og variation forbliver Colombia p\u00e5 \u00e9n gang velkendt og overraskende, et vedvarende emne for refleksion for dem, der krydser dens veje, navigerer i dens floder og lytter til de mange stemmer, der tilsammen udg\u00f8r dens udfoldende fort\u00e6lling.<\/p>","protected":false},"excerpt":{"rendered":"<p>Located at the northwestern extremity of South America,\u00a0Colombia\u00a0is characterized by significant\u00a0diversity\u00a0and striking contrasts. Officially the\u00a0Republic of Colombia, this colorful nation covers more than 1.1 million square kilometers, ranking 26th among all the countries in the globe.\u00a0Colombia\u00a0acts as a\u00a0geographical\u00a0and\u00a0cultural link\u00a0between\u00a0South and Central America\u00a0with its strategic position between the\u00a0Pacific and Caribbean Seas.<\/p>","protected":false},"author":1,"featured_media":3844,"parent":24096,"menu_order":0,"comment_status":"closed","ping_status":"closed","template":"elementor_theme","meta":{"_eb_attr":"","footnotes":""},"class_list":["post-7405","page","type-page","status-publish","has-post-thumbnail"],"_links":{"self":[{"href":"https:\/\/travelshelper.com\/da\/wp-json\/wp\/v2\/pages\/7405","targetHints":{"allow":["GET"]}}],"collection":[{"href":"https:\/\/travelshelper.com\/da\/wp-json\/wp\/v2\/pages"}],"about":[{"href":"https:\/\/travelshelper.com\/da\/wp-json\/wp\/v2\/types\/page"}],"author":[{"embeddable":true,"href":"https:\/\/travelshelper.com\/da\/wp-json\/wp\/v2\/users\/1"}],"replies":[{"embeddable":true,"href":"https:\/\/travelshelper.com\/da\/wp-json\/wp\/v2\/comments?post=7405"}],"version-history":[{"count":0,"href":"https:\/\/travelshelper.com\/da\/wp-json\/wp\/v2\/pages\/7405\/revisions"}],"up":[{"embeddable":true,"href":"https:\/\/travelshelper.com\/da\/wp-json\/wp\/v2\/pages\/24096"}],"wp:featuredmedia":[{"embeddable":true,"href":"https:\/\/travelshelper.com\/da\/wp-json\/wp\/v2\/media\/3844"}],"wp:attachment":[{"href":"https:\/\/travelshelper.com\/da\/wp-json\/wp\/v2\/media?parent=7405"}],"curies":[{"name":"wp","href":"https:\/\/api.w.org\/{rel}","templated":true}]}}