{"id":7304,"date":"2024-08-25T11:43:52","date_gmt":"2024-08-25T11:43:52","guid":{"rendered":"https:\/\/travelshelper.com\/staging\/?page_id=7304"},"modified":"2026-03-14T00:27:09","modified_gmt":"2026-03-14T00:27:09","slug":"surinam","status":"publish","type":"page","link":"https:\/\/travelshelper.com\/da\/destinations\/south-america\/suriname\/","title":{"rendered":"Surinam"},"content":{"rendered":"<p>Surinam d\u00e6kker en smal stribe langs Sydamerikas nordkyst, afgr\u00e6nset af Atlanterhavet mod nord, Fransk Guyana mod \u00f8st, Guyana mod vest og Brasilien mod syd. Dets 163.820 kvadratkilometer er n\u00e6sten udelukkende d\u00e6kket af regnskov, den st\u00f8rste andel af skovd\u00e6kke i nogen nation. F\u00e6rre end syv indbyggere pr. kvadratkilometer bebor det sydlige bagland; st\u00f8rstedelen af \u200b\u200bbefolkningen grupperes langs kystlavlandet. Paramaribo, der ligger ved Surinamfloden cirka ti kilometer inde i landet fra kysten, huser n\u00e6sten halvdelen af \u200b\u200blandets 625.000 indbyggere.<\/p>\n<p>Surinam str\u00e6kker sig fra 1\u00b0 til 6\u00b0 N og 54\u00b0 til 58\u00b0 V og er opdelt i to prim\u00e6re geografiske regioner. De nordlige ti til tyve kilometer best\u00e5r af kystpoldre, der er blevet indd\u00e6mmet og dr\u00e6net siden kolonitiden for at muligg\u00f8re dyrkning af ris, bananer og andre eksportafgr\u00f8der. Tre store flodmundinger - Coppename, Commewijne og Saramacca - munder ud i tidevandsmangrovesumpe, f\u00f8r de n\u00e5r havet. Inde i landet ligger en gradvis stigning til savannerne og h\u00f8jlandsgr\u00e6slandskaberne, der omgiver store v\u00e5domr\u00e5der langs den brasilianske gr\u00e6nse. Bag disse giver Guyana-skjoldet anledning til to lave bjergk\u00e6der: Bakhuys i vest og Van Asch Van Wijck-bjergk\u00e6den i midten. Julianatop, 1.286 meter over havets overflade, markerer Surinams h\u00f8jeste punkt.<\/p>\n<p>Menneskelig tilstedev\u00e6relse i regionen dateres tilbage til det fjerde \u00e5rtusinde f.Kr., hvor arawak- og carib-samfundene tilpassede sig livet ved floder og skove. Kontakten mellem Europa begyndte i det sekstende \u00e5rhundrede, og i slutningen af \u200b\u200b1600-tallet havde holl\u00e6nderne etableret kontrol over det meste af nutidens territorium. De opretholdt kolonien som en sukkerplantage\u00f8konomi, der blev opretholdt af slavebundne afrikanere indtil frig\u00f8relsen i 1863. Slavernes fald f\u00f8rte til rekruttering af kontraktarbejdere fra Britisk Indien og Hollandsk Ostindien; deres efterkommere slutter sig til dem af afrikansk, indf\u00f8dt, kinesisk og javanesisk oprindelse i dagens etnisk pluralistiske samfund. Ingen enkelt gruppe overstiger tredive procent af befolkningen. Andelen af \u200b\u200bhinduistiske og muslimske tilh\u00e6ngere er blandt de h\u00f8jeste i Amerika.<\/p>\n<p>Hollandsk autoritet udviklede sig i det tyvende \u00e5rhundrede. I 1954 fik Surinam status som et autonomt land inden for Kongeriget Nederlandene; fuld uafh\u00e6ngighed fulgte den 25. november 1975. Diplomatiske og \u00f8konomiske forbindelser med Holland er fortsat st\u00e6rke. Hollandsk er det eneste officielle sprog, der bruges i regeringen, handel, medier og uddannelse. Sranan Tongo, et engelsk-afledt kreolsprog, fungerer som lingua franca. Omkring tres procent af indbyggerne taler hollandsk som modersm\u00e5l; de fleste andre tilegner sig det gennem skolegang.<\/p>\n<p>Administrativt er republikken opdelt i ti distrikter, der hver is\u00e6r er underlagt en pr\u00e6sidentielt udpeget kommiss\u00e6r. Disse distrikter er yderligere opdelt i 62 resorts (ressorten), som igen omfatter landsbyer, byer og kvarterer. Opdelingen afspejler b\u00e5de plantager fra kolonitiden og de oprindelige folks gr\u00e6nser.<\/p>\n<p>Surinams klima er varmt og fugtigt \u00e5ret rundt, med gennemsnitstemperaturer mellem 29 og 34 \u00b0C og en relativ luftfugtighed p\u00e5 80 til 90 procent. To v\u00e5de s\u00e6soner - april til august og november til februar - veksler med to kortere t\u00f8rre perioder. H\u00f8j luftfugtighed intensiverer den opfattede varme med op til 6 \u00b0C. \u00c6kvatorial sol og hyppige storme former et landskab med frodig vegetation og rigelige vandveje.<\/p>\n<p>Republikken kan prale af seks terrestriske \u00f8koregioner. Kystmangrover viger for sumpskove n\u00e6r Paramaribo. Inde i landet d\u00e6kker fugtig skov Guyana-h\u00f8jlandet og lavlandssletterne. Savanneklaver dukker op langs de sydlige gr\u00e6nser, og isolerede sandstenstepuer gennemborer kronen. Disse skove, der er hellige for b\u00e5de forskere og naturfork\u00e6mpere, opn\u00e5r en Forest Landscape Integrity Index-score p\u00e5 9,39 ud af 10, hvilket er den femteh\u00f8jeste globalt. 27 procent af landet ligger inden for formelt beskyttede reservater. Naturreservatet Central Suriname alene d\u00e6kker 16.000 kvadratkilometer, et omr\u00e5de st\u00f8rre end flere europ\u00e6iske stater.<\/p>\n<p>\u00d8konomien er afh\u00e6ngig af eksport af mineraler \u2013 bauxit, guld og olie \u2013 suppleret af landbrug. Bauxitminedrift etablerede Surinam som en betydelig kilde til aluminiummalm i midten af \u200b\u200bdet tyvende \u00e5rhundrede, mens guldindr\u00f8mmelser fokuserer p\u00e5 floder i det indre af landet. Ris, bananer og rejer er blandt landbrugsprodukterne. Den \u00f8konomiske aktivitet er koncentreret i Paramaribo, hvor havnefaciliteter og forarbejdningsanl\u00e6g betjener b\u00e5de indenlandsk og international handel.<\/p>\n<p>Transportinfrastrukturen afspejler landets udfordrende terr\u00e6n. De samlede veje er p\u00e5 4.303 kilometer, hvoraf 1.119 kilometer er asfalterede. Jules Wijdenbosch-broen, der blev f\u00e6rdiggjort i 2000, str\u00e6kker sig over Surinam-floden n\u00e6r Paramaribo og forbinder hovedstaden med Commewijne-distriktet. Den erstatter en f\u00e6rgeoverfart og fremmer udviklingen \u00f8st for metropolen. Trafikken k\u00f8rer i venstre side, et levn fra britisk bes\u00e6ttelse og hollandsk praksis i det attende \u00e5rhundrede. K\u00f8ret\u00f8jerne omfatter b\u00e5de venstre- og h\u00f8jrestyrede modeller. Luftfarten er afh\u00e6ngig af 55 flyvepladser, hvoraf seks har asfalterede landingsbaner. Johan Adolf Pengel International Airport h\u00e5ndterer langdistancejetfly og de fleste internationale ankomster.<\/p>\n<p>Bylivet koncentrerer sig p\u00e5 den smalle kystslette. Paramaribos historiske kerne, der er p\u00e5 UNESCOs verdensarvsliste, pr\u00e6senterer et gitter af tr\u00e6strukturer i kolonistil - neoklassiske facader med verandaer og vinduer med skodder. Her rejser Sankt Peter og Paul-katedralen, hvis byggeri begyndte i 1883 oven p\u00e5 ruinerne af et tidligere teater, sig til rivaliserende stenmodstykker i Europa. I n\u00e6rheden ligger en mosk\u00e9 og en synagoge i f\u00e6lles n\u00e6rhed; deres menigheder har arrangeret f\u00e6lles parkeringsfaciliteter, n\u00e5r religi\u00f8se ceremonier falder sammen. I Wanica-distriktet b\u00e6rer Arya Diwaker-templet, der blev indviet i 2001, inskriptioner af vediske tekster i stedet for figurative ikoner, der afspejler Arya Samaj-principperne.<\/p>\n<p>Landlige og indre attraktioner stammer fra Amazonas&#039; \u00f8kosystem. Brownsberg Naturpark har udsigt over Brokopondo-reservoiret, der i sig selv er skabt af en af \u200b\u200bverdens st\u00f8rste vandkraftd\u00e6mninger. Tonka Island, der ligger ved reservoiret, er v\u00e6rt for et \u00f8koturismeprojekt, der forvaltes af Saramaccaner Maroon-samfundene, som ogs\u00e5 producerer h\u00e5ndmalede kalebassk\u00e5le og dekorative tr\u00e6h\u00e5ndv\u00e6rk til bes\u00f8gende. Raleighvallen-reservatet, centreret omkring klipper og str\u00f8mfald i Coppename-floden, tilbyder muligheder for fuglekiggeri; Blanche Marie- og Wonotobo-vandfaldene punkterer andre flodl\u00f8b. Skovhytter og amerindiske landsbyer tillader kulturel udveksling, samtidig med at bevarelsesretningslinjerne overholdes.<\/p>\n<p>Surinams trafiksikkerhedsstatistikker st\u00e5r i kontrast til de rolige kystbyer; kriminalitetsraterne er steget i Paramaribo, og v\u00e6bnet r\u00f8veri forekommer med stigende hyppighed. Det amerikanske udenrigsministerium vurderer rejserisikoen som niveau 1: udvis normale forholdsregler.<\/p>\n<p>Demografiske tendenser viser en stabil v\u00e6kst siden folket\u00e6llingen i 2012, der var p\u00e5 541.638. I 2022 anslog FN, at befolkningen var t\u00e6t p\u00e5 624.900. Urbaniseringen forts\u00e6tter langs kysten; n\u00e6sten halvfems procent af indbyggerne bor i Paramaribo eller tilst\u00f8dende bos\u00e6ttelser.<\/p>\n<p>Diplomatiske tilknytninger omfatter medlemskab af Det Caribiske F\u00e6llesskab (CARICOM), Organisationen for Islamisk Samarbejde, Organisationen af \u200b\u200bAmerikanske Stater og De Forenede Nationer. Disse b\u00e5nd udvider Surinams r\u00e6kkevidde ud over dets beskedne st\u00f8rrelse og muligg\u00f8r deltagelse i regionale \u00f8konomiske og kulturelle udvekslinger.<\/p>\n<p>Trods sin kompakte befolkning udg\u00f8r Surinams rigelige naturrigdom og kulturelle mangfoldighed en lagdelt national fort\u00e6lling. Fra koloniale plantager og migrerende arbejdskraft til regnskovsreservater og moderne infrastruktur forbliver republikken et landskab med vedvarende kontraster. Dens t\u00e6tte skove og rolige floder vidner om samspillet mellem forf\u00e6drenes amerindeliv og global handel, om tropisk klima og konstruerede polderer, om multietnisk samfund og en enkelt statsdannelse. Surinam st\u00e5r p\u00e5 \u00e9n gang fjernt og forbundet, et opbevaringssted for \u00f8kologisk integritet og menneskelig kompleksitet langs Sydamerikas nordlige kyst.<\/p>","protected":false},"excerpt":{"rendered":"<p>Suriname, a little nation on the northeastern coast of South America, offers a unique mix of cultures, unspoiled environment, and welcoming hospitality. For those looking for real experiences and unspoiled beauty, this hidden treasure is fast rising as a must-see.<\/p>","protected":false},"author":1,"featured_media":4488,"parent":24096,"menu_order":0,"comment_status":"closed","ping_status":"closed","template":"elementor_theme","meta":{"_eb_attr":"","footnotes":""},"class_list":["post-7304","page","type-page","status-publish","has-post-thumbnail"],"_links":{"self":[{"href":"https:\/\/travelshelper.com\/da\/wp-json\/wp\/v2\/pages\/7304","targetHints":{"allow":["GET"]}}],"collection":[{"href":"https:\/\/travelshelper.com\/da\/wp-json\/wp\/v2\/pages"}],"about":[{"href":"https:\/\/travelshelper.com\/da\/wp-json\/wp\/v2\/types\/page"}],"author":[{"embeddable":true,"href":"https:\/\/travelshelper.com\/da\/wp-json\/wp\/v2\/users\/1"}],"replies":[{"embeddable":true,"href":"https:\/\/travelshelper.com\/da\/wp-json\/wp\/v2\/comments?post=7304"}],"version-history":[{"count":0,"href":"https:\/\/travelshelper.com\/da\/wp-json\/wp\/v2\/pages\/7304\/revisions"}],"up":[{"embeddable":true,"href":"https:\/\/travelshelper.com\/da\/wp-json\/wp\/v2\/pages\/24096"}],"wp:featuredmedia":[{"embeddable":true,"href":"https:\/\/travelshelper.com\/da\/wp-json\/wp\/v2\/media\/4488"}],"wp:attachment":[{"href":"https:\/\/travelshelper.com\/da\/wp-json\/wp\/v2\/media?parent=7304"}],"curies":[{"name":"wp","href":"https:\/\/api.w.org\/{rel}","templated":true}]}}