{"id":6705,"date":"2024-08-19T09:41:47","date_gmt":"2024-08-19T09:41:47","guid":{"rendered":"https:\/\/travelshelper.com\/staging\/?page_id=6705"},"modified":"2026-03-14T00:18:05","modified_gmt":"2026-03-14T00:18:05","slug":"uruguay","status":"publish","type":"page","link":"https:\/\/travelshelper.com\/da\/destinations\/south-america\/uruguay\/","title":{"rendered":"Uruguay"},"content":{"rendered":"<p>Uruguay ligger p\u00e5 en smal stribe territorium mellem R\u00edo de la Plata mod syd og de b\u00f8lgende lave bakker i Cuchillas mod nord. Med et areal p\u00e5 omkring 176.215 kvadratkilometer er det fortsat den n\u00e6stmindste uafh\u00e6ngige nation p\u00e5 det sydamerikanske fastland. Montevideo, hovedstaden og den vigtigste havn, ligger ved den sydlige kyst og tiltr\u00e6kker n\u00e6sten to millioner indbyggere til en storbymosaik, der sp\u00e6nder over gamle bef\u00e6stninger, modernistiske boulevarder og rolige boligkvarterer. Ud over dette bym\u00e6ssige hjerte spreder en befolkning p\u00e5 omkring 3,4 millioner sig over frugtbare gr\u00e6sningsarealer, lavland langs floder og lejlighedsvise skovkl\u00e6dte bakker.<\/p>\n<p>Geografien udfolder sig i blide konturer. Ingen bjergk\u00e6de deler landet; i stedet rejser lave bakkek\u00e6der sig til beskedne h\u00f8jder, og det h\u00f8jeste punkt - Cerro Catedral - n\u00e5r 514 meter over havets overflade. Disse bakker deler scenen med et gitter af vandveje. Uruguay-floden, der afgr\u00e6nser den vestlige gr\u00e6nse, m\u00f8des med R\u00edo de la Plata-flodmundingen i det sydvestlige hj\u00f8rne. Inde i landet deler R\u00edo Negro nationen, og dens flow blev stoppet i 1945 og dannede Rinc\u00f3n del Bonete-reservoiret. Langs Atlanterhavskysten underst\u00f8tter en r\u00e6kke laguner og v\u00e5domr\u00e5der et varieret \u00f8kosystem kendt som den uruguayanske savanne. Ti nationalparker beskytter str\u00e6kninger af v\u00e5domr\u00e5der, bakkelandskab og skov ved vandl\u00f8b, selvom en beskeden Forest Landscape Integrity Index-score indikerer, at meget af det oprindelige tr\u00e6d\u00e6kke har givet plads til gr\u00e6sningsarealer.<\/p>\n<p>Uruguay, der ligger helt syd for Stenbukkens vendekreds, oplever et ensartet tempereret klima. Somrene str\u00e6kker sig fra december til marts, tempereret af atlantiske briser, mens vintrene str\u00e6kker sig fra juni til september, med \u00e5rlig frost, men sj\u00e6ldent alvorlig kulde. Nedb\u00f8ren fordeler sig j\u00e6vnt over hele \u00e5ret; lejlighedsvise storme fejer hen over de \u00e5bne sletter og bringer byger, hagl eller, sj\u00e6ldent, tornadoer. T\u00e5gen l\u00e6gger sig langs floddale og kystsletten; luftfugtigheden forbliver h\u00f8j.<\/p>\n<p>Menneskelig tilstedev\u00e6relse her kan spores mere end 13.000 \u00e5r tilbage, da j\u00e6ger-samlergrupper fulgte vildtet over sletterne. P\u00e5 t\u00e6rsklen til europ\u00e6ernes ankomst herskede charr\u00faa-folket i det, der nu er det centrale Uruguay, sammen med guaran\u00ed-samfund mod nord og chan\u00e1-grupper langs vandvejene. Portugisiske bos\u00e6ttere grundlagde Colonia do Sacramento ved R\u00edo de la Plata-kysten i 1680, hvilket fik spanske guvern\u00f8rer til at etablere Montevideo f\u00f8r midten af \u200b\u200b\u00e5rhundredet.<\/p>\n<p>I begyndelsen af \u200b\u200bdet nittende \u00e5rhundrede blev disse koloniale forposter arenaer for konkurrerende krav fra Spanien, Portugal og senere de nye republikker Argentina og Brasilien. Mellem 1811 og 1828 kulminerede en kamp mellem fire parter i Uruguays uafh\u00e6ngighed. Alligevel forblev den nye stat underlagt udenlandsk indflydelse og intervention indtil midten af \u200b\u200b\u00e5rhundredet. I de f\u00f8lgende \u00e5rtier lagde en r\u00e6kke sociale og \u00f8konomiske reformer grundlaget for et omfattende velf\u00e6rdssystem. Offentlig uddannelse, arbejdsbeskyttelse og pensionsprogrammer slog rod mellem 1880&#039;erne og 1920&#039;erne. Iagttagere fra den tid sammenlignede den samfundsm\u00e6ssige ramme med Schweiz&#039;, en sammenligning der gav Uruguay tilnavnet &#034;Amerikas Schweiz&#034;.<\/p>\n<p>Den udvikling \u00e6ndrede sig i slutningen af \u200b\u200bdet tyvende \u00e5rhundrede. \u00d8konomiske kriser i 1960&#039;erne faldt sammen med byernes guerillaaktivitet, hvilket f\u00f8rte til et statskup i 1973. En civil-milit\u00e6r administration indf\u00f8rte streng kontrol indtil 1985. Siden genoprettelsen af \u200b\u200b\u200b\u200bforfatningsstyret har Uruguay konsolideret demokratiske institutioner. Pr\u00e6sidenten fungerer som b\u00e5de statsoverhoved og regeringschef. I Economist Democracy Index fra 2023 rangerede Uruguay blandt de f\u00e5 nationer, der er klassificeret som et fuldt demokrati. Landet klarer sig ogs\u00e5 st\u00e6rkt i vurderinger af regeringens gennemsigtighed, \u00f8konomisk frihed og sociale fremskridt.<\/p>\n<p>Lovreformer i de senere \u00e5r afspejler en afm\u00e5lt tilgang til socialpolitik. Uruguay blev den f\u00f8rste nation til at etablere en reguleret ramme for cannabisproduktion, distribution og brug. \u00c6gteskab af samme k\u00f8n og abortrettigheder opn\u00e5ede parlamentarisk godkendelse og implementering, hvilket placerede landet i spidsen for borgerrettigheder i regionen.<\/p>\n<p>Administrativ myndighed opdeler nationen i nitten departementer. Hvert departement v\u00e6lger en superintendent til at f\u00f8re tilsyn med de ud\u00f8vende funktioner og et departementsr\u00e5d for lovgivning. Denne struktur genskaber den nationale magtdeling p\u00e5 regionalt niveau. En s\u00e5dan decentralisering underst\u00f8tter lokal styring p\u00e5 tv\u00e6rs af bycentre, pastorale godser og kystferiesteder.<\/p>\n<p>Turisme har vist sig at v\u00e6re en voksende \u00f8konomisk sektor. I 2012 tegnede den sig for omkring 9 procent af BNP og n\u00e6sten 97.000 arbejdspladser; i 2023 ankom n\u00e6sten 3,8 millioner bes\u00f8gende, de fleste fra nabolandene Argentina og Brasilien, efterfulgt af mindre kontingenter fra Chile, Paraguay, USA og Europa. Colonia del Sacramentos restaurerede koloniale kvarter tiltr\u00e6kker rejsende med sine stengader, Calicanto-mure og skyggen af \u200b\u200bspanske bef\u00e6stninger fra det nittende \u00e5rhundrede. I Montevideo omfatter kulturelle ruter Jos\u00e9 Gurvich-galleriet, Torres Garc\u00eda-museet - der huser v\u00e6rker af den modernistiske maler Joaqu\u00edn Torres Garc\u00eda - og Estadio Centenario, stadionet der var v\u00e6rt for den f\u00f8rste FIFA World Cup-finale i 1930.<\/p>\n<p>L\u00e6ngere mod \u00f8st ligger Punta del Este p\u00e5 en smal halv\u00f8 mellem Mansa-bugtens rolige vand og Brava-kystens \u00e5bne hav. Luksusejendomme og moderne gallerier hylder det 21. \u00e5rhundredes fritid; weekendm\u00e6ngder str\u00f8mmer til havnen, fyrt\u00e5rnet og den vidtstrakte Playa Brava. N\u00e6rliggende feriesteder - La Barra og Jos\u00e9 Ignacio - tilbyder roligere sandstr\u00e6kninger og en r\u00e6kke klitstrande. Punta del Este International Airport, der blev indviet i 1997 og designet af Carlos Ott, fungerer som landets n\u00e6sttravleste lufthavn.<\/p>\n<p>Montevideo Havn, der igen er i centrum for den maritime handel, h\u00e5ndterer mere end 1,1 millioner containere \u00e5rligt, og dens kajer kan h\u00e5ndtere skibe med en dybgang p\u00e5 op til 14 meter. Kraner l\u00f8fter gods med en hastighed p\u00e5 80 til 100 bev\u00e6gelser i timen. L\u00e6ngere oppe ad floden fungerer Nueva Palmira som et omladningscenter for regionale varer, der blander statsejede og private faciliteter.<\/p>\n<p>Flyrejser er ogs\u00e5 centreret omkring Carrasco International Airport, som f\u00f8rst \u00e5bnede i 1947 og moderniseredes i 2009 under en udvidelse til 165 millioner amerikanske dollars af Rafael Vi\u00f1oly Architects. Dens passagerterminal, en hal af lys og glas, h\u00e5ndterer op til 4,5 millioner rejsende hvert \u00e5r. Indtil opl\u00f8sningen havde PLUNA, Uruguays nationale luftfartsselskab, hovedkvarter der.<\/p>\n<p>Uruguays demografi afspejler b\u00f8lger af migration. Folket\u00e6llingen i 2023 viste, at omkring 85 procent af indbyggerne identificerer sig selv som hvide, et tal formet af indvandring fra Spanien, Italien, Tyskland, Frankrig og Storbritannien i det nittende og begyndelsen af \u200b\u200bdet tyvende \u00e5rhundrede. Et samfund, der stammer fra afrikanske folk, som blev bragt ind i kolonitiden, udg\u00f8r omkring 5 procent af befolkningen. Mindre grupper af japansk afstamning og blandede kulturarvssamfund fuldender en samfundsmosaik, der ligner de n\u00e6rliggende provinser Argentina og det sydlige Brasilien.<\/p>\n<p>Spansk fungerer som det nationale folkesprog, hvis uruguayanske variant er b\u00f8jet af rioplatense-m\u00f8nstre, voseo-b\u00f8jninger og ye\u00edsmo-sprogsskift. Italienske dialekter gennemsyrer det lokale slang, mens en portugisisk-spansk hybrid i gr\u00e6nseomr\u00e5derne cirkulerer uden formel kodificering. Engelskundervisning spiller en fremtr\u00e6dende rolle i skolernes l\u00e6seplaner og forbereder uruguayanere til handel og diplomati.<\/p>\n<p>Kulturlivet b\u00e6rer pr\u00e6g af europ\u00e6iske kunstneriske str\u00f8mninger og den lokale etos, der er formet af gauchoen. Ranch-traditioner pr\u00e6ger folklore, litteratur og billedkunst og h\u00e6drer den ensomme rytter, der engang krydsede pampas p\u00e5 jagt efter kv\u00e6g. I b\u00e5de bym\u00e6ssige og landlige omgivelser markerer festivaler s\u00e6sonbestemte arbejdscyklusser, religi\u00f8se ceremonier og nationens komplekse kulturarv.<\/p>\n<p>Uruguays udvikling gennem tre \u00e5rhundreder viser en stabil lagdeling af menneskelig indsats p\u00e5 \u00e5bent terr\u00e6n. Fra de tidlige j\u00e6ger-samleres boliger til Montevideos gader, fra koloniale forposter til moderne lufthavne, pr\u00e6senterer landet et studie i m\u00e5lte forandringer. Dets tempererede sletter b\u00e6rer fodsporene af sociale fremskridt, politisk transformation og kulturel udveksling. Her forbliver \u00f8konomi og milj\u00f8 sammenflettet, regeringsf\u00f8relse hviler p\u00e5 lokal og national deltagelse, og en arv af sletter og havne lever videre i befolkningens daglige bev\u00e6gelser.<\/p>","protected":false},"excerpt":{"rendered":"<p>Uruguay, a small but intriguing nation situated between Brazil and Argentina, frequently goes unnoticed by many travelers. This nation offers a unique mix of natural, historical, and cultural aspects that could challenge those of its more well-known neighbors. Beyond its breathtaking beaches and mesmerizing sunsets, Uruguay offers a convincing case for investigation marked by its outstanding coastline, energetic metropolitan centers, and rich agricultural areas.<\/p>","protected":false},"author":1,"featured_media":4280,"parent":24096,"menu_order":0,"comment_status":"closed","ping_status":"closed","template":"elementor_theme","meta":{"_eb_attr":"","footnotes":""},"class_list":["post-6705","page","type-page","status-publish","has-post-thumbnail"],"_links":{"self":[{"href":"https:\/\/travelshelper.com\/da\/wp-json\/wp\/v2\/pages\/6705","targetHints":{"allow":["GET"]}}],"collection":[{"href":"https:\/\/travelshelper.com\/da\/wp-json\/wp\/v2\/pages"}],"about":[{"href":"https:\/\/travelshelper.com\/da\/wp-json\/wp\/v2\/types\/page"}],"author":[{"embeddable":true,"href":"https:\/\/travelshelper.com\/da\/wp-json\/wp\/v2\/users\/1"}],"replies":[{"embeddable":true,"href":"https:\/\/travelshelper.com\/da\/wp-json\/wp\/v2\/comments?post=6705"}],"version-history":[{"count":0,"href":"https:\/\/travelshelper.com\/da\/wp-json\/wp\/v2\/pages\/6705\/revisions"}],"up":[{"embeddable":true,"href":"https:\/\/travelshelper.com\/da\/wp-json\/wp\/v2\/pages\/24096"}],"wp:featuredmedia":[{"embeddable":true,"href":"https:\/\/travelshelper.com\/da\/wp-json\/wp\/v2\/media\/4280"}],"wp:attachment":[{"href":"https:\/\/travelshelper.com\/da\/wp-json\/wp\/v2\/media?parent=6705"}],"curies":[{"name":"wp","href":"https:\/\/api.w.org\/{rel}","templated":true}]}}