{"id":35806,"date":"2024-12-01T12:01:28","date_gmt":"2024-12-01T12:01:28","guid":{"rendered":"https:\/\/travelshelper.com\/staging\/?page_id=35806"},"modified":"2026-03-11T01:31:52","modified_gmt":"2026-03-11T01:31:52","slug":"hamadby","status":"publish","type":"page","link":"https:\/\/travelshelper.com\/da\/destinations\/asia\/bahrain\/hamad-town\/","title":{"rendered":"Hamadby"},"content":{"rendered":"<p>Hamad Town er m\u00e5ske ikke p\u00e5 de fleste rejseplaner i guideb\u00f8ger, men roen i gaderne fort\u00e6ller en historie om Bahrains moderne samfund. Forestil dig det ved daggry: brede palmeomkransede all\u00e9er er stille og k\u00f8lige. Sidst p\u00e5 eftermiddagen dukker sm\u00e5 boder med shawarma og te op p\u00e5 gadehj\u00f8rner og tiltr\u00e6kker forbipasserende til en hurtig bid mad. Byens ordnede r\u00e6kker af lave, firkantede huse (normalt hvide eller pastelfarvede betonblokke med enkle flade tage) giver stedet en formel, planlagt fornemmelse. Denne ensartethed antyder dens oprindelse: Hamad Town blev omhyggeligt bygget p\u00e5 \u00e9n gang i 1980&#039;erne som et statsligt boligprojekt. I mods\u00e6tning til de snoede gyder i det gamle Manama blev Hamad Towns gader anlagt i et gitter omkring 22 store rundk\u00f8rsler, hvor alle forsyningsvirksomheder og parker blev installeret fra dag \u00e9t. Med andre ord f\u00f8les det mindre som en \u00f8kologisk dyrket landsby og mere som en moderne campus eller forstad designet efter en plantegning.<\/p>\n\n\n\n<p>Hamad Town, der blev grundlagt i 1984, blev eksplicit kaldt en &#034;boligby&#034;. Den bahrainske regering byggede hundredvis af beskedne &#034;kommunale boliger&#034; her til mellem- og lavindkomstborgere, der ikke havde r\u00e5d til de dyre lejligheder i hovedstaden. I starten var disse boliger udlejningsboliger (staten ejede jorden og bygningerne, og lejerne betalte billige subsidierede huslejer). Det var en form for social velf\u00e6rd finansieret af Bahrains dav\u00e6rende olieboom. De tidligste beboere omfattede l\u00e6rere, politibetjente, kontoransatte og andre i den offentlige tjeneste - almindelige bahrainske familier, der blev valgt til at flytte hertil, fordi de havde brug for overkommelige boliger. Disse familier med forskellig baggrund var efter planen blandet sammen fra starten. Faktisk adskilte Hamad Towns planl\u00e6ggere bevidst ikke efter sekt eller stamme, s\u00e5 dens befolkning har altid v\u00e6ret mangfoldig. I praksis finder man i dag shiamuslimske og sunnimuslimske familier - og endda et lille antal udstationerede husstande - der bor side om side, g\u00e5r p\u00e5 de samme skoler og handler p\u00e5 de samme markeder. Som en observat\u00f8r udtrykte det, danner ingen enkelt religi\u00f8s eller etnisk gruppe et flertal i Hamad Town; det er p\u00e5 en m\u00e5de en levende mosaik af Bahrains multikulturelle samfund.<\/p>\n\n\n\n<p>Byen, der er opkaldt efter Kong Hamad bin Isa Al Khalifa, d\u00e6kker et areal p\u00e5 omkring seks kvadratkilometer i det nordlige guvernement (den officielle region i Bahrain, der nu administrerer den). Oprindeligt var den sin egen kommune, adskilt fra den gamle by Riffa, indtil en reorganisering i 1991 fusionerede den med det nordlige guvernement. I dag forvaltes lokale anliggender som mindre vejreparationer og parker af valgte kommunalbestyrelsesmedlemmer, men der findes ingen lokal lovgivende magt (alle love kommer fra Manama). Til geng\u00e6ld har Hamad by samme niveau af offentlige tjenester som hovedstaden \u2013 gadebelysning, vand og elektricitet d\u00f8gnet rundt, affaldsindsamling \u2013 alt sammen finansieret af det nationale budget. For beboeren f\u00f8les dagligdagen fuldt ud urban, selvom den politiske kontrol er centraliseret.<\/p>\n\n\n\n<h2 class=\"wp-block-heading\">Et tilflugtssted og en gave<\/h2>\n\n\n\n<p>Hamad Towns historie har haft et par overraskende kapitler. I 1990-91, under Golfkrigen, \u00e5bnede den bahrainske regering Hamad Towns d\u00f8re for kuwaitiske civile, der undslap Saddam Husseins invasion. Snesevis af kuwaitiske familier blev midlertidigt indkvarteret i byen. Klassev\u00e6relser og legepladser i Hamad Town ville i den s\u00e6son omfatte kuwaitiske b\u00f8rn sammen med lokale b\u00f8rn. Kuwaitierne fik gratis boliger, skolegang og l\u00e6gehj\u00e6lp, mens de var der. I for\u00e5ret 1991, da Kuwait var befriet, forlod de kuwaitiske indbyggere byen, og tingene vendte tilbage til normalen.<\/p>\n\n\n\n<p>Et \u00e5rti senere, i 2001, markerede Bahrain en anderledes milep\u00e6l her. Regeringen gav ejerskabet af byens kommunale boliger til lejerne gratis. Fra den ene dag til den anden blev lejere husejere med juridiske registreringer af deres huse. Denne dristige overdragelse var ment som en bel\u00f8nning til langtidsbeboere og hjalp med at stabilisere samfundet. Folk, der havde boet og arbejdet i Hamad by siden dens grundl\u00e6ggelse, fik pludselig en permanent andel i den. I praksis bet\u00f8d det, at familier piftede deres hjem op: de malede v\u00e6gge, plantede sm\u00e5 haver og forbedrede p\u00e5 anden m\u00e5de deres ejendom. Handlingen med at omdanne beskedne udlejningshuse til familieejede cementerede Hamad by som et sted for permanente beboere snarere end midlertidige tilflyttere.<\/p>\n\n\n\n<h2 class=\"wp-block-heading\">Et mangfoldigt og voksende f\u00e6llesskab<\/h2>\n\n\n\n<p>Fordi Hamad Town blev udt\u00e6nkt som et socialt boligprojekt snarere end en enklave for en enkelt stamme, er byen fortsat bem\u00e6rkelsesv\u00e6rdigt blandet. Sunnier og shiamuslimer deler blokke og klassev\u00e6relser, og man h\u00f8rer ofte engelsk eller hindi sammen med arabisk i gaderne, hvilket afspejler Bahrains internationale forbindelser. Dagliglivet giver ikke meget indtryk af sekterisk splittelse \u2013 m\u00e6nd og kvinder fra alle baggrunde handler side om side, og b\u00f8rn leger sammen. P\u00e5 denne m\u00e5de bliver Hamad Town undertiden rost som &#034;et indbegreb af bahrainsk multikulturalisme&#034;. Kvarterets moskeer huser forskellige samfund (for eksempel betjener Kanoo-moskeen ved rundk\u00f8rsel 2 og Al Ajoor ved rundk\u00f8rsel 10 deres distrikter), men p\u00e5 fortovet m\u00f8des alle som naboer. Kort sagt fungerer Hamad Town som en almindelig bahrainsk by, hvor tro og politik tr\u00e6der i baggrunden i forhold til hverdagens bekymringer som familie og arbejde.<\/p>\n\n\n\n<p>Gennem \u00e5rene er befolkningstallet steget st\u00f8t. En folket\u00e6lling fra 2005 viste omkring 52.700 indbyggere i Hamad Town; siden da er tallet steget yderligere med nye lejligheder og villaer, der udfylder hullerne. I dag overstiger Hamad Town, m\u00e5lt p\u00e5 befolkningst\u00e6thed, faktisk Isa Town (en anden planlagt bahrainsk by fra 1960&#039;erne). V\u00e6ksten kom fra flere boligprojekter, ikke fra nogen bestemt branche, s\u00e5 den sociale blanding forblev bred. Byen har en tendens til at v\u00e6re yngre og mere arbejderklasse end nogle \u00e6ldre byer: mange husstande har b\u00f8rn i skolealderen, og offentlige og private skolecampusser er spredt over hele byen. (Faktisk ligger Bahrains Universitets hovedcampus lige syd for i Sukheer, hvilket betyder, at nogle studerende og fakultetsmedlemmer pendler gennem Hamad Town.) Trods hundredvis af familier forbliver stemningen rolig. En forfatter bem\u00e6rker, at indbyggerne i Hamad Town simpelthen tager til Manama for at arbejde og uddanne sig og prim\u00e6rt behandler byen som hjem.<\/p>\n\n\n\n<p><strong>Daglig rytme<\/strong>Tempoet i Hamad Town er roligt. Morgenen starter ofte langsomt: de fleste butikker \u00e5bner omkring klokken 9, s\u00e5 inden da er gaderne n\u00e6sten tomme. Middagskaldet til b\u00f8n (Adhan) bringer m\u00e6nd hjem eller til moskeerne for en pause i arbejdet. I de varmere m\u00e5neder er eftermiddagsstilheden dyb \u2013 butiksejerne ruller skodderne ned og tr\u00e6kker sig indend\u00f8rs. Men sidst p\u00e5 eftermiddagen genoptages livet: b\u00f8rn k\u00f8rer gennem rundk\u00f8rslerne p\u00e5 cykler, naboer indhenter det fors\u00f8mte p\u00e5 hj\u00f8rnecaf\u00e9er, og et par boder langs vejen er \u00e5bne for shawarma og te. Fredage er specielle: efter f\u00e6lles b\u00f8nner bliver byen festlig med familiebes\u00f8g og f\u00e6lles m\u00e5ltider. I weekenderne (Bahrains fredag-l\u00f8rdag) kan beboerne drage fordel af Hamad Towns n\u00e6rhed til rekreative aktiviteter \u2013 for eksempel picnic i den n\u00e6rliggende Sakhir-\u00f8rken eller bes\u00f8ge Bahrain International Circuit under offentlige arrangementer. Gennem det hele har Hamad Towns blandede samfund en typisk bahrainsk dag sammen.<\/p>\n\n\n\n<h2 class=\"wp-block-heading\">Geografi og naboer<\/h2>\n\n\n\n<p>Geografisk set ligger Hamad Town p\u00e5 den flade nordlige slette i Bahrain, en lille \u00f8nation. Det turkisbl\u00e5 vand i Golfen ligger kun f\u00e5 kilometer mod nord, og p\u00e5 klare n\u00e6tter kan man nogle gange se lys over havet eller den fjerne silhuet af Manamas skyline. Ad vejen ligger den cirka 18 km sydvest for det centrale Manama og omkring 19 km fra Bahrain International Airport. I praksis betyder det, at en 20-30 minutters k\u00f8rsel forbinder Hamad Town med hjertet af hovedstaden eller lufthavnen. Mod syd\u00f8st str\u00e6kker sig den vidtstrakte \u00f8rken Sakhir, hjemsted for Bahrains Formel 1-bane. I l\u00f8bsweekender kan motorvejene n\u00e6r Hamad Town blive travle med pendlerfans, men ellers er omr\u00e5det roligt.<\/p>\n\n\n\n<p>Byen er omgivet af andre nyere forst\u00e6der og industriomr\u00e5der. Motorvejen, der l\u00f8ber langs Hamad Towns \u00f8stlige kant (Shaikh Khalifa bin Salman Highway), giver hurtig adgang nordp\u00e5 til Manama og sydp\u00e5 til Isa Town. Fem motorvejsramper f\u00f8rer direkte ind i Hamad Town ved rundk\u00f8rslerne 0, 6, 14, 18 og 22. Mod vest ligger et par spredte landsbyer og landbrugsjord; nordp\u00e5 ligger byerne Juffair og Al Hidd t\u00e6ttere p\u00e5 kysten. Fordi Bahrain er lille, er der intet langt v\u00e6k: man kan k\u00f8re fra Hamad Town til enhver del af \u00f8en p\u00e5 under en time. Det flade land og den velordnede udvikling f\u00e5r Hamad Town til at f\u00f8les lige s\u00e5 \u00e5ben som en europ\u00e6isk forstad \u2013 en kontrast til det mere bebyggede bycentrum.<\/p>\n\n\n\n<p>Hamad Towns klima matcher Golfens: meget varme, t\u00f8rre somre og milde vintre. Sommerdagene (april-september) n\u00e5r rutinem\u00e6ssigt 40 \u00b0C, hvilket g\u00f8r middagsaktivitet sj\u00e6lden. Faktisk er det almindeligt, at n\u00e6sten alle holder pause midt p\u00e5 dagen uden for s\u00e6sonen \u2013 butikkerne lukker, og gaderne er stille. Planl\u00e6ggere har afb\u00f8det dette ved at plante daddelpalmer og skyggetr\u00e6er langs hovedgaderne. I vinterm\u00e5nederne (november-marts) er vejret behageligt k\u00f8ligt og bringer endda lejlighedsvis regn \u2013 den bedste s\u00e6son for g\u00e5ture udend\u00f8rs og legepladser. I alle \u00e5rstider har beboerne tilpasset sig solens rytme: gr\u00e6spl\u00e6ner vandes om natten, og det meste af det sociale liv flytter indend\u00f8rs under spidsbelastningen.<\/p>\n\n\n\n<h2 class=\"wp-block-heading\">Gader, rundk\u00f8rsler og transport<\/h2>\n\n\n\n<p>Man bem\u00e6rker straks Hamad Towns 22 nummererede rundk\u00f8rsler. Hver af dem er en stor rundk\u00f8rsel, der forankrer en klynge af huse eller butikker. Byen blev bevidst designet p\u00e5 denne m\u00e5de: lige veje udstr\u00e5ler fra hver rundk\u00f8rsel som eger p\u00e5 et hjul. Lokalbefolkningen giver vejvisning ved hj\u00e6lp af disse rundk\u00f8rslers numre \u2013 for eksempel vil en adresse v\u00e6re &#034;Hus 15, Rundk\u00f8rsel 3&#034; i stedet for et gadenavn. P\u00e5 grund af dette refererer kort og GPS-m\u00e6rkater i Hamad Town til rundk\u00f8rsler. (En bes\u00f8gende leder m\u00e5ske forg\u00e6ves efter en &#034;Elm Street&#034; \u2013 n\u00f8glen er at kende rundk\u00f8rslernes numre.) N\u00e5r man f\u00f8rst har v\u00e6nnet sig til systemet, bliver k\u00f8rslen ligetil: man k\u00f8rer blot til den relevante rundk\u00f8rsel og derefter ud p\u00e5 gaden. Hver gaden er hurtigt tilg\u00e6ngelig, da nettet er ensartet og uden trafiklys p\u00e5 de interne veje.<\/p>\n\n\n\n<p>Hver rundk\u00f8rsel er en lav beton\u00f8. Nogle har plantet buske eller palmer i midten; andre er enkle. Trafikken flyder rundt om dem uden stoplys \u2013 bilisterne giver efter tur vigepligt for at holde trafikken i gang. Nyankomne synes nogle gange, at de er forvirrende, men bahrainske bilister er h\u00f8flige: bilerne skiftes normalt til at k\u00f8re ind og ud. Om natten oplyser gadelygterne rundk\u00f8rslerne og giver dem et bl\u00f8dt sk\u00e6r. Skiltningen er pragmatisk: ved hver rundk\u00f8rsel viser skilte navnene p\u00e5 alle de kvarterer (eller bloknumre), der er forbundet der, p\u00e5 arabisk (og ofte engelsk). Dette f\u00e5r selv bes\u00f8gende til at f\u00f8le sig orienteret efter kort tid \u2013 for eksempel er det tilstr\u00e6kkeligt at vide, at en ven bor &#034;lige efter rundk\u00f8rsel 14&#034;.<\/p>\n\n\n\n<p>Selve vejene er brede og lige, hver med plads til parkering langs kantstenen. De ligner all\u00e9er snarere end smalle gyder. Dette afspejler byens moderne planl\u00e6gning: gaderne kan rumme udrykningsk\u00f8ret\u00f8jer og moderat trafik uden flaskehalse. Husnumre p\u00e5 hver gade g\u00e5r typisk fra rundk\u00f8rslen og udad, s\u00e5 en adresse som &#034;5\/3 A \u2014 23&#034; fort\u00e6ller tydeligt, hvilken blok og hvilket nummer der er i n\u00e6rheden af \u200b\u200brundk\u00f8rsel 5. (Kort sagt, nummereringslogikken er konsistent snarere end vilk\u00e5rlig.) Dette p\u00e6ne gitter \u2013 og frav\u00e6ret af gyder \u2013 betyder, at Hamad Town f\u00f8les ordentlig p\u00e5 alle tider af d\u00f8gnet.<\/p>\n\n\n\n<p>Ud over Hamad Towns gader er Shaikh Khalifa Highway den vigtigste transportforbindelse. Fem ramper (nummererede afk\u00f8rsler) forbinder den med Hamad Town. Denne motorvej giver bilister mulighed for at n\u00e5 centrum af Manama eller lufthavnen p\u00e5 cirka 15-20 minutter. I myldretiden kan motorvejen v\u00e6re travl, men n\u00e5r man k\u00f8rer ud p\u00e5 Hamad Towns ringvej, aftager tempoet, og folkem\u00e6ngderne tyndes ud.<\/p>\n\n\n\n<p>Offentlig transport i Hamad Town er derimod meget sparsom. En h\u00e5ndfuld Bahrain Public Transport-busruter passerer igennem og stopper kun ved st\u00f8rre rundk\u00f8rsler, og selv de k\u00f8rer sj\u00e6ldent. Mange lokale beskriver busserne som up\u00e5lidelige til daglig brug. Som et resultat k\u00f8rer n\u00e6sten alle. Skoleb\u00f8rn tager gule skolebusser eller private varevogne til lokale skoler, og voksne tager taxaer eller private biler. I praksis blev Hamad Town bygget til biler, ikke busser. (For bes\u00f8gende betyder det, at byen er nemmest at n\u00e5 med bil eller taxa. Der er rigelig parkering i n\u00e6rheden af \u200b\u200bSooq Waqif og omkring de store rundk\u00f8rsler. Lokale bruger ofte samk\u00f8rselsapps, og meget f\u00e5 bes\u00f8gende fors\u00f8ger at navigere i bussystemet her.)<\/p>\n\n\n\n<h2 class=\"wp-block-heading\">Handel og samfundsliv<\/h2>\n\n\n\n<p>Selvom Hamad Town er et boligomr\u00e5de, har den alle de s\u00e6dvanlige butikker og tjenester, en forstad har brug for. Det st\u00f8rste kommercielle centrum er Sooq Waqif, en markedsbygning i flere etager. Indenfor er der snesevis af butikker og sm\u00e5 virksomheder: k\u00f8bmandsforretninger med lokale r\u00e5varer, t\u00f8j- og skobutikker, elektronik- og telefonforhandlere, sm\u00e5 caf\u00e9er og bagerier. For at opfylde de daglige behov g\u00e5r eller k\u00f8rer familier simpelthen til Sooq Waqif i stedet for at k\u00f8re langt. Det skaber ogs\u00e5 lokale arbejdspladser \u2013 bagere, ekspedientister og s\u00e6lgere fra Hamad Town arbejder der dagligt. Hver morgen \u00e5bner markedet tidligt, s\u00e5 der kan k\u00f8bes frisk br\u00f8d og frugt. Sidst p\u00e5 eftermiddagen og om aftenen bliver det et m\u00f8dested, hvor naboer samles til kaffe og te. Duften af \u200b\u200bbagv\u00e6rk og krydderier breder sig ofte p\u00e5 fortovene og inviterer folk til at stoppe op for en snack.<\/p>\n\n\n\n<p>Uden for Sooq Waqif ligger mindre butikker spredt ud over gaderne. Ved de fleste rundk\u00f8rsler finder du et minimarked eller en kiosk, der ofte er \u00e5ben til sent om aftenen. Disse s\u00e6lger basisvarer som br\u00f8d, m\u00e6lk, d\u00e5sevarer og snacks. Barbersaloner, fris\u00f8rsaloner, mobiltelefonbutikker og isenkr\u00e6mmere ligger p\u00e5 hj\u00f8rnerne p\u00e5 forskellige gader. Takeaway-madboder \u2013 der s\u00e6lger falafel, shawarma eller grillet majs \u2013 giver dele af byen en let gademarkedstemning til frokost og aftensmad. S\u00e5danne n\u00e6rbutikker betyder, at selv i de fleste boligblokke er ingen langt fra det mest basale i hverdagen. (For specialvarer eller store indk\u00f8bscentre k\u00f8rer beboerne typisk til st\u00f8rre indk\u00f8bscentre i Manama eller Riffa.) Kort sagt er Hamad Towns handelsliv beskedent, men komplet: hele dagen lang holder sm\u00e5 klynger af butikker en stille travlhed.<\/p>\n\n\n\n<p>To lokale moskeer forankrer Hamad bys sociale liv p\u00e5 et religi\u00f8st plan. Kanoo-moskeen (mellem rundk\u00f8rsel 2 og 3) og Al Ajoor-moskeen (ved rundk\u00f8rsel 10) betjener de omkringliggende omr\u00e5der. De er enkle betonbygninger efter moderne golfstandarder, men om fredagen (Jumu&#039;ah) tiltr\u00e6kker de hundredvis af bedende i rene, hvide kl\u00e6der. Hver dag ved b\u00f8nnetider h\u00f8rer man kaldet til b\u00f8n genlyde gennem gaderne, og m\u00e6nd og drenge forlader butikker eller arbejde for at bede indenfor eller derhjemme. Uden for disse ritualer bliver moskeens g\u00e5rdspladser og de omkringliggende gader steder for afslappet samtale \u2013 \u00e6ldre p\u00e5 b\u00e6nke udveksler nyheder, b\u00f8rn l\u00f8ber i minareternes skygge, og bes\u00f8gende kan blive m\u00f8dt med venlige salams. Disse almindelige \u00f8jeblikke \u2013 at snakke ved en moske midt p\u00e5 eftermiddagen eller at passere naboer p\u00e5 markedet \u2013 er essensen af \u200b\u200bsamfundslivet i Hamad by.<\/p>\n\n\n\n<p>Byen har en h\u00e5ndfuld simple parker og legepladser til rekreation og motion. Mange ligger ved siden af \u200b\u200bskolerne eller i n\u00e6rheden af \u200b\u200brundk\u00f8rsler. De omfatter gynger, rutsjebaner og sm\u00e5 gr\u00e6sarealer. I de k\u00f8ligere \u00e5rstider bringer familier b\u00f8rn hertil sidst p\u00e5 eftermiddagen. Lokale unge spiller ofte pickup-fodbold p\u00e5 en parkeringsplads eller en tom plads efter skole. Der er intet stort stadion eller forlystelsespark i selve Hamad Town, men det betyder ikke, at folk ikke laver noget. I weekenderne kan man se familier k\u00f8re ud til Sakhir-\u00f8rkenen for at holde picnic under palmerne eller til st\u00f8rre attraktioner i nabobyerne. De lokale parker og endda et par legepladser langs gaden udfylder rollen som &#034;offentligt rum&#034; i Hamad Town. N\u00e5r skumringen falder p\u00e5, finder man grupper, der samles ved parkb\u00e6nke eller nipper til te p\u00e5 udend\u00f8rscaf\u00e9er (de sm\u00e5 restauranter ved Sooq Waqif bliver livlige), hvor dagens ro viger for det afslappede aftenliv.<\/p>\n\n\n\n<p><strong>Daglig rytme<\/strong>I Hamad Town f\u00f8lger dagen et blidt m\u00f8nster. Morgenerne er rolige (butikkerne \u00e5bner for det meste efter kl. 9), og middag bringer en kort pause til b\u00f8n. Om aftenen v\u00e5gner byen igen: b\u00f8rn cykler mellem rundk\u00f8rsler, naboer m\u00f8des p\u00e5 en caf\u00e9, og moskeerne fyldes igen til solnedgangsb\u00f8nnen. Den menneskelige tilstedev\u00e6relse er mest synlig sent p\u00e5 dagen \u2013 i sommervarmen gemmer alle sig indend\u00f8rs indtil solnedgang. Omkring fredag \u200b\u200bfrokost og aftenb\u00f8nnen er der ofte en festlig stemning med st\u00f8rre familiesammenkomster og bes\u00f8g. L\u00f8rdag (weekenden) har et afslappende tempo: mange lokale bes\u00f8ger sl\u00e6gtninge i andre dele af Bahrain eller tager en k\u00f8retur. For den nysgerrige rejsende tilbyder Hamad Town et glimt af s\u00e5danne hverdagsrytmer snarere end turistm\u00e6ssige h\u00f8jdepunkter.<\/p>\n\n\n\n<h2 class=\"wp-block-heading\">Handel og samfundsliv<\/h2>\n\n\n\n<p>Administrativt er Hamad Town en del af Bahrains nordlige guvernement. Dets egne kommunale byr\u00e5dsmedlemmer v\u00e6lges af beboerne, men disse lokale embedsm\u00e6nd r\u00e5dgiver prim\u00e6rt om projekter \u2013 de kan ikke vedtage lovgivning. (Ved lov er det forbudt for bahrainske guvernement at lave deres egne love; al juridisk myndighed kommer fra centralregeringen.) I realiteten forvaltes Hamad Town stort set som en byforstad: nationale agenturer h\u00e5ndterer forsyningsvirksomheder, veje og planl\u00e6gning. Fordelen er \u00e5benlys: al st\u00f8rre infrastruktur (veje, vand, elektricitet) kommer fra det velfinansierede nationale budget. Hvis en hovedvej skal udvides, eller en skole skal bygges, f\u00e5r Hamad Town sin andel af kongerigets ressourcer.<\/p>\n\n\n\n<p>P\u00e5 den anden side f\u00f8ler nogle beboere, at de mangler lokal autonomi. For eksempel skulle trafikd\u00e6mpende foranstaltninger eller incitamenter til sm\u00e5 virksomheder implementeres af Manama, ikke af Hamad Towns eget byr\u00e5d. Alligevel er livet i byen i dag stort set selvforsynende. Den har sin egen afdeling af det nationale bibliotek, en offentlig sundhedsklinik og endda en lille politistation. Kombineret med sine dagligvarebutikker og skoler betyder det, at man sj\u00e6ldent beh\u00f8ver at forlade byen for at opfylde de daglige behov \u2013 uddannelse, l\u00e6gehj\u00e6lp, indk\u00f8b. (Manama er selvf\u00f8lgelig stadig destinationen for st\u00f8rre hospitaler, universiteter eller luksusshopping.)<\/p>\n\n\n\n<p><strong>V\u00e6ksten er fortsat<\/strong>Nye villaer og lejlighedskomplekser har udfyldt alle tomme grunde. I dag er Hamad Town et af de t\u00e6ttest befolkede boligomr\u00e5der i Bahrain. Befolkningen overg\u00e5r nu Isa Towns, hvilket markerer den som landets travleste &#034;nye by&#034;-forstad. Alligevel er byens karakter stadig boligm\u00e6ssig. Der er n\u00e6sten ingen store fabrikker eller indk\u00f8bscentre i selve Hamad Town; de fleste arbejdspladser er uden for byen, og byens skyline har f\u00e5 h\u00f8je bygninger. I praksis er Hamad Town i bund og grund et stort boligomr\u00e5de med egne markeder og skoler snarere end et separat kommercielt center.<\/p>\n\n\n\n<h2 class=\"wp-block-heading\">Hamad by i dag: Et moderne mikrokosmos af Bahrain<\/h2>\n\n\n\n<p>Hamad by mangler m\u00e5ske ber\u00f8mte attraktioner, men i de stille detaljer i gaderne kan man l\u00e6se historien om det moderne Bahrain. Selve byens eksistens afspejler landets udvikling: den blev f\u00f8dt af en oliedrevet vision om socialt boligbyggeri og voksede til et pluralistisk samfund. En bes\u00f8gende, der slentrer her, ser almindeligt liv snarere end monumenter. Skoleb\u00f8rn i p\u00e6ne uniformer styrter hjem ved dagens slutning; naboer fejer deres verandaer eller sidder med te ved vejen.<\/p>\n\n\n\n<p>Frav\u00e6ret af luksusbilforhandlere eller internationale m\u00e6rkevarebutikker (almindeligt i Manama) betyder, at hverdagens handel er ydmyg \u2013 en brugtm\u00f8belbutik, et bageri, et apotek \u2013 men disse er essentielle elementer i samfundet. De mindste detaljer siger meget: et bahrainsk flag, der blafrer p\u00e5 en balkon, et farverigt v\u00e6gmaleri malet af lokale unge p\u00e5 en betonv\u00e6g, en bedstefar, der snakker p\u00e5 arabisk, mens hans barnebarn lytter. Disse scener, hvor almindelige de end er, fort\u00e6ller os, at Hamad Towns indbyggere kommer fra mange samfundslag, men deler den samme beskedne forstad.<\/p>\n\n\n\n<p>Hamad Town er p\u00e5 mange m\u00e5der en levende mosaik af Bahrains samfund. Byen voksede fra et statsligt boligprojekt til et modent, multietnisk kvarter, der viser, hvordan nationale politikker udspiller sig i praksis. Der er ingen t\u00e5rnh\u00f8je vartegn her, men det endelige billede er sammenh\u00e6ngende: huse p\u00e5 gadehj\u00f8rner, hver families sk\u00e6bne stille forbundet med naboerne. Det faktum, at s\u00e5 mange langtidslejere er blevet husejere sammen, er et bevis p\u00e5 Bahrains sociale solidaritet.<\/p>\n\n\n\n<p>Og selvom Hamad Towns fortove kun har f\u00e5 udenlandske turister, er dens rytme velkendt for enhver bahrainsk familie. N\u00e5r aftenen falder p\u00e5, og adhan lyder igen, bliver selv den almindelige harmoni i denne by et spejl af landets v\u00e6kst og forandring. Det er, stille og roligt, Bahrains historie i mikrokosmos \u2013 fortalt ikke i marmor og glas, men i den levede virkelighed i et beskedent kvarter.<\/p>","protected":false},"excerpt":{"rendered":"<p>Bygget omkring floden Aire og ved de \u00f8stlige Pennine-foden, har Leeds udviklet sig fra en beskeden begyndelse til at blive den st\u00f8rste bos\u00e6ttelse i Yorkshire og et betydeligt storbycentrum. Det n\u00e6stmest folkerige distrikt i Det Forenede Kongerige, City of Leeds Metropolitan Borough, har 812.000 indbyggere, mens selve byen if\u00f8lge folket\u00e6llingen i 2021 har 536.280. Med en samlet befolkning p\u00e5 n\u00e6sten 1,7 millioner som registreret i 2011-folket\u00e6llingen, er Leeds i hjertet af West Yorkshire Built-up Area, det fjerdest\u00f8rste byomr\u00e5de i Storbritannien.<\/p>","protected":false},"author":1,"featured_media":35808,"parent":35335,"menu_order":0,"comment_status":"closed","ping_status":"closed","template":"elementor_theme","meta":{"_eb_attr":"","footnotes":""},"class_list":["post-35806","page","type-page","status-publish","has-post-thumbnail"],"_links":{"self":[{"href":"https:\/\/travelshelper.com\/da\/wp-json\/wp\/v2\/pages\/35806","targetHints":{"allow":["GET"]}}],"collection":[{"href":"https:\/\/travelshelper.com\/da\/wp-json\/wp\/v2\/pages"}],"about":[{"href":"https:\/\/travelshelper.com\/da\/wp-json\/wp\/v2\/types\/page"}],"author":[{"embeddable":true,"href":"https:\/\/travelshelper.com\/da\/wp-json\/wp\/v2\/users\/1"}],"replies":[{"embeddable":true,"href":"https:\/\/travelshelper.com\/da\/wp-json\/wp\/v2\/comments?post=35806"}],"version-history":[{"count":0,"href":"https:\/\/travelshelper.com\/da\/wp-json\/wp\/v2\/pages\/35806\/revisions"}],"up":[{"embeddable":true,"href":"https:\/\/travelshelper.com\/da\/wp-json\/wp\/v2\/pages\/35335"}],"wp:featuredmedia":[{"embeddable":true,"href":"https:\/\/travelshelper.com\/da\/wp-json\/wp\/v2\/media\/35808"}],"wp:attachment":[{"href":"https:\/\/travelshelper.com\/da\/wp-json\/wp\/v2\/media?parent=35806"}],"curies":[{"name":"wp","href":"https:\/\/api.w.org\/{rel}","templated":true}]}}