{"id":35472,"date":"2024-11-30T22:59:50","date_gmt":"2024-11-30T22:59:50","guid":{"rendered":"https:\/\/travelshelper.com\/staging\/?page_id=35472"},"modified":"2026-03-11T02:07:26","modified_gmt":"2026-03-11T02:07:26","slug":"traditioner-skikke-i-bahrain","status":"publish","type":"page","link":"https:\/\/travelshelper.com\/da\/destinations\/asia\/bahrain\/traditions-customs-in-bahrain\/","title":{"rendered":"Traditioner og skikke i Bahrain"},"content":{"rendered":"<p>Bahrain er et im\u00f8dekommende v\u00e6rtsland, men du skal altid vise respekt og h\u00f8flighed i forhold til dine kulturelle traditioner og religion. N\u00e5r man bes\u00f8ger omr\u00e5der, der frekventeres af lokale arabere, er det at foretr\u00e6kke at b\u00e6re lange bukser frem for shorts, og damer b\u00f8r undg\u00e5 at b\u00e6re gennemsigtige kjoler.<\/p>\n\n\n\n<p>Badedragter, bikinier og shorts er acceptabel p\u00e5kl\u00e6dning p\u00e5 strandklubber og hoteller. Vis ikke tegn p\u00e5 k\u00e6rlighed til personer af det modsatte k\u00f8n offentligt. Folk af det modsatte k\u00f8n er blevet anholdt for at kysse offentligt, og de er socialt uacceptable. Undg\u00e5 altid at komme i slagsm\u00e5l og deltag aldrig i en debat, is\u00e6r med en lokal.<\/p>\n\n\n\n<p>Kongerigets officielle religion er islam. Det efterf\u00f8lges af mere end 70% af befolkningen. Kristne, buddhister og hinduer udg\u00f8r den resterende del. En lille del af indbyggerne h\u00e6vder ikke noget religi\u00f8st tilh\u00f8rsforhold. Kirke og stat er ikke adskilt. Sharia (islamisk lov) g\u00e6lder i dette tilf\u00e6lde. Begrebet religionsfrihed er forankret i grundloven. Det er et faktum. Der findes ingen religi\u00f8s forf\u00f8lgelse her. Repr\u00e6sentanter for forskellige religioner har lov til frit at observere deres ritualer og fejre helligdage.<\/p>\n\n\n\n<p>Det muslimske samfund er heterogent. Sunnimuslimer ser beduiner som deres forf\u00e6dre. Shiamuslimer nedstammer fra profeten i henhold til deres tro. St\u00f8rstedelen af \u200b\u200bshiitterne tilh\u00f8rer det etniske og religi\u00f8se samfund i Baharna. De er traditionelle og fromme. Sunnimuslimer og shiamuslimer etablerer separate samfund. Deres juridiske konflikter l\u00f8ses af separate domstolsmyndigheder.<\/p>\n\n\n\n<p>Kvinders sociale position i Bahrain er overlegen i forhold til flertallet af arabiske nationer. Her kan kvinder arbejde. De udg\u00f8r n\u00e6sten en tredjedel af landets arbejdsstyrke. De har adgang til uddannelse og sundhedspleje. Cirka 60 % af kvinderne har en universitetsuddannelse. Der er mange kvinder i erhvervslivet. Kvinder er stadig underrepr\u00e6senteret i politik. De er frav\u00e6rende fra den offentlige myndighed. Der er ingen officielle love, der kr\u00e6nker kvinders rettigheder. Forordningen er dog i strid med sharia-loven, som p\u00e5l\u00e6gger kvinder at d\u00e6kke deres ansigter og krop. De fleste kvinder b\u00e6rer en chador, der ikke d\u00e6kker deres ansigter. Niqab skjuler totalt ansigtet p\u00e5 kvinder fra mere traditionelle familier. Udenlandske damer tolereres af de indf\u00f8dte. Du b\u00f8r dog d\u00e6kke dine skuldre og ben. Derudover er der krav til udenlandske fyre. Det er forbudt at optr\u00e6de offentligt if\u00f8rt shorts og atletisk p\u00e5kl\u00e6dning.<\/p>\n\n\n\n<p>Dette demokrati er resultatet af Bahrains hurtigt voksende \u00f8konomi, som tiltr\u00e6kker et stort antal udl\u00e6ndinge. Bahrain er den mest befriede af muslimske nationer. Beboere i andre arabiske lande holder ofte ferie her. Landet s\u00e6lger og indtager alkohol. I l\u00f8bet af den hellige m\u00e5ned Ramadan bliver moralske standarder strammere. P\u00e5 dette tidspunkt faster de troende. Muslimer har forbud mod at spise og drikke i dagtimerne i hele denne periode.<\/p>\n\n\n\n<p>Religion har indflydelse p\u00e5 etikette. Venstre h\u00e5nd betragtes traditionelt som beskidte, fordi den bruges til personlig hygiejne. Det er acceptabelt at tage imod mad og penge, men kun med h\u00f8jre h\u00e5nd. N\u00e5r man g\u00e5r ind i et hus eller en mosk\u00e9, skal sko fjernes. Du kan ikke pege dine f\u00f8dder mod samtalepartneren, stirre intenst ind i samtalepartnerens \u00f8jne, spise mens du g\u00e5r eller gestikulere aktivt under en samtale.<\/p>\n\n\n\n<p>Familien er af afg\u00f8rende betydning for landets borgere. Kvinder gifter sig meget unge, begyndende i 14-\u00e5rsalderen. M\u00e6nd gifter sig mellem 20 og 22 \u00e5r. Det er almindelig praksis at l\u00f8se brude. Polygami er tilladt under sharia-loven. Men hver kone b\u00f8r have sin egen komfortable bolig. Der er ogs\u00e5 midlertidige \u00e6gteskaber (muta). De er udelukkende accepteret af shiitter. En bel\u00f8nning gives til kvinden ved indg\u00e5elsen af \u200b\u200bet s\u00e5dant \u00e6gteskab. Formelt svarer en kvindes rettigheder til en almindelig hustrus. Hendes afkom betragtes ligeledes som legitime. Hun kvalificerer sig til en mahr (gave fra sin mand). \u00c6gteskabets varighed kan forl\u00e6nges et ubestemt antal gange. En dame skal tage et hul, f\u00f8r hun gifter sig igen efter et mislykket \u00e6gteskab. Dette hul er n\u00f8dvendigt for at udelukke muligheden for graviditet. Under denne pause p\u00e5 fire til tyve uger forts\u00e6tter manden med at hj\u00e6lpe konen.<\/p>\n\n\n\n<p>Efter landets uafh\u00e6ngighed i 1971 begyndte Bahrains kultur at blomstre betydeligt. Ud over udviklingen af \u200b\u200btraditionel kunst vokser ogs\u00e5 moderne kunst. Impressionisme, ekspressionisme og surrealisme vinder frem i popularitet. Der arrangeres hyppige udstillinger af moderne kunst. Flere museer og gallerier bruges til dette form\u00e5l. Den traditionelle kunst af arabisk kalligrafi, keramik, smykker og smedearbejde er bem\u00e6rkelsesv\u00e6rdige. Ogs\u00e5 litteraturen begyndte at udvikle sig hurtigt i slutningen af \u200b\u200bdet 20. \u00e5rhundrede. St\u00e6rk vestlig indflydelse er iboende i det. Bahrain har, i mods\u00e6tning til andre islamiske nationer, et stort antal kvindelige digtere, der udgiver deres v\u00e6rker.<\/p>\n\n\n\n<p>Arabisk, indisk og persisk musik p\u00e5virkede Bahrains traditionelle musik. De mest popul\u00e6re stilarter er Saut, Fijri og Liwa. Bahrainske borgere har l\u00e6nge v\u00e6ret involveret i perleminedrift. Perledykkere udviklede deres egen kultur, inklusive musik. Fijri er perledykkernes musik. Det er vigtigt at bem\u00e6rke, at der er kystsange og s\u00f8sange. Liwa er afrikanske folks musik. Arabisk musik kendt som saut udf\u00f8res p\u00e5 oud, percussion-instrument og rebab. Moderne musik findes ogs\u00e5. Der er bands, der spiller rockmusik. Bahrain indeholder ogs\u00e5 optagestudier. Biograf er ikke ulovligt. Men lokale film bliver stort set aldrig lavet.<\/p>","protected":false},"excerpt":{"rendered":"<p>Bahrain er et im\u00f8dekommende v\u00e6rtsland, men du skal altid vise respekt og h\u00f8flighed i forhold til dine kulturelle traditioner og religion. N\u00e5r man bes\u00f8ger omr\u00e5der, der frekventeres af lokale arabere, er det at foretr\u00e6kke at b\u00e6re lange bukser frem for shorts, og damer b\u00f8r undg\u00e5 at b\u00e6re gennemsigtige kjoler.<\/p>","protected":false},"author":1,"featured_media":35474,"parent":35335,"menu_order":0,"comment_status":"closed","ping_status":"closed","template":"elementor_theme","meta":{"_eb_attr":"","footnotes":""},"class_list":["post-35472","page","type-page","status-publish","has-post-thumbnail"],"_links":{"self":[{"href":"https:\/\/travelshelper.com\/da\/wp-json\/wp\/v2\/pages\/35472","targetHints":{"allow":["GET"]}}],"collection":[{"href":"https:\/\/travelshelper.com\/da\/wp-json\/wp\/v2\/pages"}],"about":[{"href":"https:\/\/travelshelper.com\/da\/wp-json\/wp\/v2\/types\/page"}],"author":[{"embeddable":true,"href":"https:\/\/travelshelper.com\/da\/wp-json\/wp\/v2\/users\/1"}],"replies":[{"embeddable":true,"href":"https:\/\/travelshelper.com\/da\/wp-json\/wp\/v2\/comments?post=35472"}],"version-history":[{"count":0,"href":"https:\/\/travelshelper.com\/da\/wp-json\/wp\/v2\/pages\/35472\/revisions"}],"up":[{"embeddable":true,"href":"https:\/\/travelshelper.com\/da\/wp-json\/wp\/v2\/pages\/35335"}],"wp:featuredmedia":[{"embeddable":true,"href":"https:\/\/travelshelper.com\/da\/wp-json\/wp\/v2\/media\/35474"}],"wp:attachment":[{"href":"https:\/\/travelshelper.com\/da\/wp-json\/wp\/v2\/media?parent=35472"}],"curies":[{"name":"wp","href":"https:\/\/api.w.org\/{rel}","templated":true}]}}