{"id":35418,"date":"2024-11-30T21:45:41","date_gmt":"2024-11-30T21:45:41","guid":{"rendered":"https:\/\/travelshelper.com\/staging\/?page_id=35418"},"modified":"2026-03-11T01:22:03","modified_gmt":"2026-03-11T01:22:03","slug":"penge-og-shopping-i-bahrain","status":"publish","type":"page","link":"https:\/\/travelshelper.com\/da\/destinations\/asia\/bahrain\/money-shopping-in-bahrain\/","title":{"rendered":"Penge og shopping i Bahrain"},"content":{"rendered":"<p>Bahrain er hjemsted for b\u00e5de moderne shoppingkomplekser og traditionelle souks, hvilket sikrer, at \u00f8en er i stand til at tilfredsstille enhver shoppingpr\u00e6ference. I Bahrain er shopping meget mere end en hobby; det er en livsstil. P\u00e5 fredage og l\u00f8rdage, som udg\u00f8r Golfweekenden, er kommercielle omr\u00e5der travlt med turister fra alle lande p\u00e5 jagt efter tilbud, restauranter og sociale sammenkomster.<\/p>\n\n\n\n<p>Hvis haute couture og designerm\u00e6rker lokker, ser det ud til, at et nyt indk\u00f8bscenter \u00e5bner hver m\u00e5ned. Med hensyn til layout, motiv og stemning er hvert hotel unikt. Al Seef er et af de st\u00f8rste indk\u00f8bscentre p\u00e5 \u00f8en, men Al A&#039;ali er st\u00f8rrelsesm\u00e6ssigt ikke langt bagud. Bahrain Mall, Dana Mall og Sitra Mall er alle placeret i Sanabis, mens Sitra Mall er lidt l\u00e6ngere ude fra hovedklyngen. Det ekspansive Bahrain City Centre er ogs\u00e5 et fuldt udstyret rekreativt kompleks med to hoteller, et vandland og et multiplex-teater.<\/p>\n\n\n\n<p>I den modsatte ende af skalaen er traditionelle souks lige s\u00e5 underholdende og tilbyder et sammenligneligt udvalg af varer. Afslappet og g\u00e6stfri tilbyder de turister en oplevelse ud over gode tilbud. Manama Souk er den st\u00f8rste og mest popul\u00e6re, mens Muharraq Souk giver et autentisk landsbymilj\u00f8 i byen. Den iranske souk i Isa Town omfatter en bred vifte af brugte produkter, nipsgenstande og endda et sp\u00e6ndende fuglemarked. I Adilya er der en masse t\u00e6ppehandlere og h\u00e5ndv\u00e6rksfaciliteter, der s\u00e6lger bahrainsk h\u00e5ndv\u00e6rk.<\/p>\n\n\n\n<h2 class=\"wp-block-heading\">Penge i Bahrain<\/h2>\n\n\n\n<p>Bahrains dinar (BD) er Bahrains valuta, og den er opdelt i 1000 fils. En dinar er n\u00e6sten tre dollars v\u00e6rd (US $ 2,66, for at v\u00e6re pr\u00e6cis, da valutakursen er sat), hvilket g\u00f8r den til en af \u200b\u200bverdens mest magtfulde valutaer (kun n\u00e6st efter Kuwait), og det kan v\u00e6re sv\u00e6rt at tilpasse sig. Tilsyneladende er den billige 10-dinars taxatur virkelig n\u00e6sten 27 $ og derfor en afpresningsordning!<\/p>\n\n\n\n<p>Dinaren er en frit konvertibel valuta uden import- eller eksportrestriktioner i \u00f8jeblikket. 5 fils, 10 fils, 25 fils, 50 fils og 100 fils er m\u00f8ntv\u00e6rdierne (man ser sj\u00e6ldent 500 fil-m\u00f8nter, men de er gyldige). Sedlerne kommer i p\u00e5lydende v\u00e6rdier af 500 fils (BD 1\/2), BD 1, BD 5, BD 10 og BD 20.<\/p>\n\n\n\n<p>Dinaren er knyttet til den saudiske riyal p\u00e5 1:10, og rialer accepteres n\u00e6sten overalt med den kurs. Du vil dog n\u00e6sten helt sikkert f\u00e5 din vekslepenge i dinarer, og hoteller kan fors\u00f8ge at snyde dig for en lille del af dine penge. Hvis du kommer fra Saudi-Arabien, er der ingen grund til at veksle dine penge, men du b\u00f8r fors\u00f8ge at slippe af med eventuelle ekstra dinarer, f\u00f8r du forlader landet, da de er sv\u00e6re at veksle nogen steder, selv i Saudi-Arabien.<\/p>\n\n\n\n<h2 class=\"wp-block-heading\">Priser i Bahrain<\/h2>\n\n\n\n<p>Bahrain er ligesom andre Golfnationer ikke billig. Et godt m\u00e5ltid kan koste omkring BD 4,0, og billeje for 10-20 dls\/dag er acceptabelt, men hotelpriser kan p\u00e5virke dit budget: et helt gennemsnitligt v\u00e6relse p\u00e5 et hotel Du kan s\u00e6tte BD 50 p\u00e5 det. Hvis du vil have en god handel, s\u00e5 undg\u00e5 at tage til Bahrain til den \u00e5rlige Formel 1-begivenhed i april. Hotelomkostninger vil tredobles. Under l\u00f8bet kan et v\u00e6relse p\u00e5 Gulf Hotel koste mere end 300 BD per nat.<\/p>\n\n\n\n<h2 class=\"wp-block-heading\">Shopping i Bahrain<\/h2>\n\n\n\n<p>I Bahrain er der mange store indk\u00f8bscentre med verdensomsp\u00e6ndende navn og luksusbutikker, apoteker, supermarkeder, madbaner, traditionelle og moderne caf\u00e9er, legeomr\u00e5der og arkader, teatre (3D og 2D) og endda en indgangsport til en vandpark.<\/p>\n\n\n\n<p>En tur til den lokale souk er et must. Der kan du prutte om prisen p\u00e5 &#034;rolexes&#034;, smykker og en r\u00e6kke andre ting. Mange fremragende skr\u00e6ddere kan findes i souken. Hvis du bliver l\u00e6nge nok (f.eks. en uge), kan du b\u00e6re et yndlingst\u00f8j og &#034;klone&#034; det med n\u00f8jagtighed i ethvert materiale fra det store udvalg, der er tilg\u00e6ngeligt.<\/p>\n\n\n\n<p>Bahrain er en ekstremt dyr nation. Men mange mennesker \u00f8nsker at tage souvenirs med hjem fra denne fantastiske beliggenhed. Den ber\u00f8mte traditionelle arabiske basar b\u00f8r v\u00e6re dit f\u00f8rste stop. Der kan du k\u00f8be de fleste souvenirs. Farverige detailarkader vil straks fange din opm\u00e6rksomhed. Derudover er arabiske s\u00e6lgere us\u00e6dvanligt overbevisende. De vil helt sikkert v\u00e6re i stand til at overtale dig til at k\u00f8be selv den mest ubrugelige vare.<\/p>\n\n\n\n<p>Fordelen ved arabiske markeder er evnen til at prutte. Det er vigtigt at g\u00f8re det, fordi de fleste forhandlere fasts\u00e6tter deres priser med muligheden for forhandling i tankerne. Du vil v\u00e6re i stand til at k\u00f8be et produkt for to gange eller endda tre gange mindre end den oprindelige pris, hvis du forts\u00e6tter. Forhandling er et sandt skuespil. K\u00f8ber afg\u00e5r og returnerer under transaktionen. S\u00e6lger knytter n\u00e6verne og justerer prisen. Derudover kan du prutte i sm\u00e5 private butikker. At g\u00f8re det i et stort indk\u00f8bscenter eller -center kan dog blive betragtet som ubehageligt og hensynsl\u00f8st.<\/p>\n\n\n\n<p>Bab Al Bahrain er Bahrains mest ber\u00f8mte markedsplads. Placeringen er i Manama. Det er snoede, afgr\u00e6nsede gader. At g\u00e5 gennem dem er som at tr\u00e6de ind i et autentisk arabisk eventyr. Her kan du k\u00f8be de mest unikke souvenirs, friske r\u00e5varer, traditionelle varer og krydderier. Du skal huske p\u00e5, at visse produkter er importeret fra Kina. De er langt billigere end andre. Derfor, hvis du \u00f8nsker at medbringe noget indf\u00f8dt arabisk som et minde, er det bedst at v\u00e6lge varen med opm\u00e6rksomhed og bruge lidt mere p\u00e5 en v\u00e6rdig souvenir.<\/p>\n\n\n\n<p>Gold Souq (det gyldne marked) er beliggende i centrum af Manamas pulserende bybillede. Her er det bredeste udvalg af guldsmykker, samt andre \u00e6dle metaller og perler. Du kan k\u00f8be ringe, armb\u00e5nd og andre ting. Derudover er der unikke og specielle produkter p\u00e5 markedet. Selvom du har et begr\u00e6nset budget, kan du finde en passende version af guldbelagte smykker til en overkommelig pris p\u00e5 markedet. Gold Souq er et sted, hvor man kan opn\u00e5 uforglemmelige fornemmelser og vidunderlige f\u00f8lelser. Du kan pr\u00f8ve ethvert smykke, selvom du beslutter dig for ikke at k\u00f8be det.<\/p>\n\n\n\n<p>City Center Mall er en popul\u00e6r destination for b\u00e5de lokale og turister. Udover at g\u00e5 p\u00e5 opdagelse i de stilfulde butikker og foretage indk\u00f8b, kan du ogs\u00e5 nyde en snack p\u00e5 en fantastisk restaurant og have det sjovt i vandlandet. Indk\u00f8bscentret Capital Mall vil forbl\u00f8ffe dig ikke kun med sine unikke produkter, men ogs\u00e5 med muligheden for at se v\u00e6rket af Bahrainske h\u00e5ndv\u00e6rkere og h\u00e5ndv\u00e6rkere.<\/p>\n\n\n\n<p>Hvis du rejser til Bahrain for at shoppe, skal du ogs\u00e5 v\u00e6re opm\u00e6rksom p\u00e5 butikkens \u00e5bningstider og de tre timer lange dagspauser. S\u00e6lgere begynder at arbejde kl. 9.00. Butikkerne lukker omkring kl. 21.00. Arbejdsugen l\u00f8ber fra l\u00f8rdag til torsdag. Fredag \u200b\u200ber typisk en langsom dag for forhandlere. Butikkerne lukker i dag klokken 16.00<\/p>\n\n\n\n<p>Al Muharraq er et ber\u00f8mt shoppingsted for rejsende, der kan lide at k\u00f8be en r\u00e6kke souvenirs. Her finder du et stort udvalg af krydderier, halva, kaffe, slik og andre l\u00e6kre arabiske l\u00e6kkerier til de mest overkommelige priser. Det anbefales dog, at du bes\u00f8ger dette sted med en lokal guide. Ellers er der mulighed for at g\u00e5 tabt. Asia Carpet &amp; Antiques er en sp\u00e6ndende butik. Der er en r\u00e6kke t\u00e6pper og us\u00e6dvanlige antikviteter til r\u00e5dighed for k\u00f8b.<\/p>\n\n\n\n<p>Efter at have besluttet, hvor du skal handle, b\u00f8r du overveje, hvad du gerne vil have med tilbage som et minde fra din rejse. De mest popul\u00e6re ting er varer i arabisk stil af h\u00f8j kvalitet. Dette kan v\u00e6re et kostume til orientalsk dans, et par sko med b\u00f8jede t\u00e6er eller anden farvestr\u00e5lende p\u00e5kl\u00e6dning. I \u00f8sten er kl\u00e6det givet i en bred vifte. Dette giver dig mulighed for at v\u00e6lge det optimale alternativ til enhver type h\u00e5ndarbejde. Perler er ogs\u00e5 ret popul\u00e6re p\u00e5 grund af det faktum, at de er skabt i Bahrain, i mods\u00e6tning til mange andre ting, der ofte importeres. Popul\u00e6re souvenirs, der udtrykker kulturen og stemningen i et land som Bahrain, omfatter malerier, lamper, vandpiber og keramik.<\/p>\n\n\n\n<h3 class=\"wp-block-heading\">Al Aali indk\u00f8bskompleks<\/h3>\n\n\n\n<p><em>Rd No 2819, Seef, Bahrain<\/em><\/p>\n\n\n\n<p>Al Aali Shopping Complex, der ligger i Seefs forretningssektor, tilbyder en markant og sofistikeret shoppingoplevelse. Disse uds\u00f8gte omgivelser lever op til sit l\u00f8fte om glamour, mode og tidl\u00f8s luksus med sine overd\u00e5dige omgivelser, sofistikerede stemning og overflod af luksusnavne.<\/p>\n\n\n\n<p>Det 52.000 kvadratmeter store kompleks blev indviet i 1996 som en high-end shoppingdestination med et markant arkitektonisk design, der elegant integrerer moderne arkitektur med den traditionelle arabiske stil. Den nye udvidelse fremh\u00e6ver kompleksets mere moderne komponent og blander det moderne med det historiske.<\/p>\n\n\n\n<p>Det centrale atrium kan prale af en spektakul\u00e6r glasbaldakin, der filtrerer lyset ind i butikslokalet og skaber en udend\u00f8rs atmosf\u00e6re, der str\u00e6kker sig ind i den moderne Saraya-fl\u00f8j. Al A&#039;ali Shopping Complex indeholder boligindretningsvirksomheder, eksklusive gavebutikker, perlehandlere og en spa.<\/p>\n\n\n\n<h3 class=\"wp-block-heading\">Bab Al Bahrain<\/h3>\n\n\n\n<p><em>Adresse: 304 Bab Al Bahrain Ave<\/em><\/p>\n\n\n\n<p>Bab Al Bahrain ligger ved indgangen til Manama Souq i hovedstaden i Bahrain, Manama. Det blev bygget i 1949 og husede tidligere regeringskontorer. Den historiske Manama Souk ligger bag Bab Al Bahrain.<\/p>\n\n\n\n<p>Dette er en livlig samling af butikker, der s\u00e6lger en r\u00e6kke varer fra hele verden, herunder stoffer, krydderier, r\u00f8gelse, dufte, kunsth\u00e5ndv\u00e6rk og souvenirs samt mere moderne genstande. Manama Souq indeholder ogs\u00e5 en r\u00e6kke klassiske kaffecaf\u00e9er. Souqen er emblematisk for Bahrain; bes\u00f8gende er sikker p\u00e5 at nyde deres tid der.<\/p>\n\n\n\n<h3 class=\"wp-block-heading\">Bahrain Dragon City Mall<\/h3>\n\n\n\n<p><em>Adresse: Diyar Al-Muharraq<\/em><\/p>\n\n\n\n<p>Dragon City er det st\u00f8rste kommercielle engros- og detailhandelscentrum i Kongeriget Bahrain med mere end 787 kommercielle enheder.<\/p>\n\n\n\n<p>Dragon City ligger sydvest for Diyar Al Muharraq, t\u00e6t p\u00e5 Bahrains internationale lufthavn, den avancerede Khalifa Bin Salman-havn og Manama, hovedstaden i Kongeriget Bahrain. Dragon City er fyldt med kinesiske arkitektoniske og kulturelle elementer og tilbyder kinesiske varer af h\u00f8jeste kvalitet til lokale, handelskunder og turister.<\/p>\n\n\n\n<h3 class=\"wp-block-heading\">Bahrain Mall<\/h3>\n\n\n\n<p><em>Avenue 28, Sanabis, Bahrain<\/em><\/p>\n\n\n\n<p>Bahrain Mall er den f\u00f8rende shoppingdestination for familier i hjertet af Bahrains detailhandelszone. Bahrain Mall er den f\u00f8rende shoppingdestination for familier og turister fra Bahrain, Saudi-Arabien, Kuwait og Qatar, da den har mere end 120 internationale m\u00e6rker og landets f\u00f8rste hypermarked.<\/p>\n\n\n\n<p>Den r\u00f8de murstensfacade, der minder om en etnisk h\u00f8jborg, legemligg\u00f8r Bahrains ber\u00f8mte kultur. Oplev sp\u00e6ndingen ved shopping i verdensklasse i traditionelle omgivelser. Center Courts \u00f8rkenpalmer, vandelementer, stearinlys og teltkonstruktioner repr\u00e6senterer den arabiske historie.<\/p>\n\n\n\n<h3 class=\"wp-block-heading\">Blok 338<\/h3>\n\n\n\n<p><em>Rd No 3831, Manama<\/em><\/p>\n\n\n\n<p>Blok 338 er et dejligt fodg\u00e6ngerdistrikt fyldt med internationale restauranter, kunstgallerier og boutique-butikker, beliggende i hjertet af Manama.<\/p>\n\n\n\n<p>Blok 338, kendt som Bahrains hotteste spiseomr\u00e5de, byder p\u00e5 en r\u00e6kke restauranter, der henvender sig til spisende g\u00e6ster i alle aldre og pr\u00e6ferencer, med et udvalg, der sp\u00e6nder fra fine middage til traditionelt Bahrainsk k\u00f8kken til en afslappende drink. Ud over denne enest\u00e5ende madoplevelse byder Block 338 p\u00e5 en masse fremragende detailvalg beliggende p\u00e5 sidegaderne og har udviklet sig til et blomstrende omr\u00e5de for kunstentusiaster gennem \u00e5rene.<\/p>\n\n\n\n<p>Blok 338 er kendt som Bahrains hotteste spisested, med en r\u00e6kke spisesteder, der appellerer til spisende g\u00e6ster i alle aldre og pr\u00e6ferencer.<\/p>\n\n\n\n<h3 class=\"wp-block-heading\">Centrum af Bahrain<\/h3>\n\n\n\n<p><em>AlSeef<\/em><\/p>\n\n\n\n<p>City Centre Bahrain er den mest popul\u00e6re detail-, fritids- og underholdningsdestination i Bahrain med over 13,5 millioner \u00e5rlige bes\u00f8g.<\/p>\n\n\n\n<p>City Center Bahrain omfatter mere end 158.000 kvm butiksareal og har mere end 340 eksklusive m\u00e6rker og 60 spisesteder samt bem\u00e6rkelsesv\u00e6rdige virksomheder s\u00e5som kongerigets st\u00f8rste Carrefour-hypermarked, Saks Fifth Avenue, Debenhams, Centrepoint, Pottery Barn og Home Centre.<\/p>\n\n\n\n<p>De integrerede familieunderholdningsmuligheder i indk\u00f8bscentret omfatter en Cineco Cinema med 20 sk\u00e6rme og en Magic Planet. Derudover st\u00f8der indk\u00f8bscentret op til to femstjernede hoteller, Westin Hotel City Centre Bahrain og Le Meridien Hotel City Centre Bahrain.<\/p>\n\n\n\n<h3 class=\"wp-block-heading\">Guld by<\/h3>\n\n\n\n<p><em>Government Ave, Manama<\/em><\/p>\n\n\n\n<p>Gold City, et lysende eksempel p\u00e5 specialiseret detailhandel, transporterer hver bes\u00f8gende til en moderne guld souk. Eksklusive gallerier dedikeret til \u00e6dle metaller og forskellige sten er tilg\u00e6ngelige for kr\u00e6sne kunder. Moderne m\u00f8bler, et venligt personale og gratis parkeringsservice placerer Gold City i en liga for sig. Her kan kunder trygt g\u00e5 ind og handle.<\/p>\n\n\n\n<p>Som et land med en lang handelshistorie forts\u00e6tter Kongeriget Bahrain med at fremme guldsektoren. Gold Citys forretningsvenlige politikker og lette adgang til Kongeriget Saudi-Arabien og andre GCC-nationer g\u00f8r det til det bedste sted for m\u00e6rkevaresmykkefirmaer, der s\u00f8ger at etablere en tilstedev\u00e6relse i omr\u00e5det.<\/p>\n\n\n\n<h3 class=\"wp-block-heading\">Mall of Dilmunia<\/h3>\n\n\n\n<p><em>Dilmunia Island<\/em><\/p>\n\n\n\n<p>Mall of Dilmunia, et knudepunkt for detailhandel, trendy restauranter, energisk underholdning og eventyrlig leg med en s\u00e6rskilt identitet.<\/p>\n\n\n\n<p>Mall of Dilmunia inkorporerer b\u00e5de form og funktion og er beregnet til at forbedre dine typiske shoppingoplevelser! Fra det slanke og sofistikerede design, det frodige landskab, den enorme kanal og dansende springvand til Kongerigets f\u00f8rste trov\u00e6rdige akvarium.<\/p>\n\n\n\n<p>En kolossal cylindertank med en h\u00f8jde p\u00e5 over sytten meter, der vil huse over to tusinde og fem hundrede slags marine fisk og koraller, en vidunderlig visuel gave og en fantastisk uddannelsesmulighed.<\/p>\n\n\n\n<h3 class=\"wp-block-heading\">MODA indk\u00f8bscenter<\/h3>\n\n\n\n<p><em>Bahrain World Trade Center, West Tower, 2. sal, Manama, Bahrain<\/em><\/p>\n\n\n\n<p>MODA Mall er et detail- og spisested til alle lejligheder. Med den st\u00f8rste samling af internationale luksusm\u00e6rker.<\/p>\n\n\n\n<p>MODA Mall er en detail- og spisested til enhver lejlighed, beliggende i det historiske Bahrain World Trade Center. MODA Mall tilbyder den st\u00f8rste premium-m\u00e6rkeportef\u00f8lje af verdensomsp\u00e6ndende designere, med over 80 modem\u00e6rker, under \u00e9t tag i Kongeriget Bahrain, s\u00e5 alle kan f\u00f8le sig specielle. MODA Mall skylder sin begyndelse til det tidligere Sheraton Complex, som har en tredive \u00e5r lang arv af luksus.<\/p>\n\n\n\n<h3 class=\"wp-block-heading\">Muharraq Souq<\/h3>\n\n\n\n<p><em>Muharraq<\/em><\/p>\n\n\n\n<p>Muharraq Souq, som er mindre end Manama Souq, har et stort udvalg af varer og kendte slikbutikker. Al Qaisariya, det \u00e6ldste omr\u00e5de af souqen, byder p\u00e5 en dejlig shoppingoplevelse. Souq al Qaisariya er en central del af &#034;Pearl, evidens for en \u00f8\u00f8konomi&#034; (UNESCOs verdensarvssted).<\/p>\n\n\n\n<h3 class=\"wp-block-heading\">Sword Mall<\/h3>\n\n\n\n<p><em>Seef District, Manama<\/em><\/p>\n\n\n\n<p>Seef Mall, det f\u00f8rste autentiske indk\u00f8bscenter i Bahrain, er nu et af kongerigets mest familievenlige shopping- og underholdningsdestinationer. Dens karakteristiske arkitektur og lys, \u00e5bne rum inviterer kunder til at udforske og slappe af, mens de udforsker.<\/p>\n\n\n\n<p>Indk\u00f8bscentret er ideelt placeret i Seef-distriktet og tiltr\u00e6kker et stort antal bes\u00f8gende hver uge, som tiltr\u00e6kkes af de mange forskellige livsstils-, detail-, mode- og smykkem\u00e6rker i verdensklasse samt de tilg\u00e6ngelige familievenlige underholdningsmuligheder. Seef Mall indeholder 370 butikker over et samlet areal p\u00e5 135.000 kvadratmeter. M. Med N\u00e6sten 72.000 Kv. Ft. Af bruttoudlejeligt areal M., inklusive, for at n\u00e6vne nogle f\u00e5, M&amp;S, BHS, H&amp;M, Mango, Zara og Sun &amp; Sand Sport.<\/p>\n\n\n\n<p>I to charmerende og luftige madretter tilbyder 55 restauranter, madboder og caf\u00e9er et l\u00e6kkert udvalg af madmuligheder for at tilfredsstille enhver smag. Seef Mall&#039;s indend\u00f8rs forlystelsespark, Magic Island, er en stor attraktion for familier, der tilbyder en sp\u00e6ndende oplevelse for unge og gamle. Det holder b\u00f8rn underholdt i timevis, mens deres for\u00e6ldre handler, hvilket g\u00f8r det til det perfekte sted for en familieudflugt. Derudover er Seef Mall hjemsted for en af \u200b\u200bde st\u00f8rste biografmultiplekser i Mellem\u00f8sten, med en seks-sk\u00e6rms cineplex og en ti-screen megaplex; bekvemt placeret ved siden af \u200b\u200bfood courts, de er en biograf-dr\u00f8m. bes\u00f8gendes<\/p>\n\n\n\n<h3 class=\"wp-block-heading\">Seef Mall Muharraq<\/h3>\n\n\n\n<p><em>Avenue 29, Arad<\/em><\/p>\n\n\n\n<p>Seef Mall er kendt for de underholdningstjenester, det tilbyder, is\u00e6r for b\u00f8rn, der er produktivt engagerede, mens deres for\u00e6ldre handler, hvilket g\u00f8r det til en ideel destination for en familieudflugt. Det har et veludstyret legeomr\u00e5de, babyplejerum og den indend\u00f8rs forlystelsespark Magic Island.<\/p>\n\n\n\n<p>Den har ogs\u00e5 en Seef-cineplex med seks sk\u00e6rme og en Seef-megaplex med ti sk\u00e6rme, hvilket g\u00f8r den til en af \u200b\u200bde st\u00f8rste biografmultiplekser i Mellem\u00f8sten.<\/p>\n\n\n\n<h3 class=\"wp-block-heading\">Souq Al C\u00e6sarea<\/h3>\n\n\n\n<p>Souq Al Qaisariya er den \u00e6ldste del af den historisk betydningsfulde Muharraq Souq. Denne Souq og dens omgivelser er det andet kulturarvssted opf\u00f8rt af UNESCO i Bahrain. Souq Al Qaisariya tilbyder en shoppingoplevelse, der er charmerende malerisk. Her kan du k\u00f8be en r\u00e6kke lokale produkter, herunder naturlige perler og krydderier. Souq Al Qaisariya, en del af projektet &#034;Pearling, Testimony of an Island Economy&#034;, fungerer som en tidskapsel, der giver et indblik i Bahrains fortid.<\/p>\n\n\n\n<p>Brug eftermiddagen p\u00e5 at slentre gennem Souk og ned ad den to kilometer lange Pearling Path. Du kan afslutte din tur p\u00e5 Pearling Path med at f\u00e5 en bid mad p\u00e5 Saffron by Jena i Souq Al Qaisariya efter at have h\u00f8rt interessante historier og oplevelser fra den gamle Bahrainske perleindustri. Gulvet i dette traditionelle bahrainske spisested er indlejret med en madbasa, et instrument, der bruges til at presse dadler til melasse. Madbasaen, som blev opdaget, da bygningen begyndte, er blevet bevaret som en historisk artefakt.<\/p>\n\n\n\n<h3 class=\"wp-block-heading\">Avenues Bahrain<\/h3>\n\n\n\n<p><em>Bahrain Bay, Manama<\/em><\/p>\n\n\n\n<p>The Avenues \u2013 Bahrain er den f\u00f8rste shopping- og fritidsdestination af sin slags i Kongeriget Bahrain med en unik beliggenhed ved havet, der sp\u00e6nder over 1,5 kilometer. Udviklingen introducerer et nyt koncept til Kongeriget med et design inspireret af The Avenues Of Kuwait, der giver g\u00e6sterne indtryk af at v\u00e6re udend\u00f8rs, mens de forbliver indenfor, beskyttet mod varmen af \u200b\u200bet solbelyst loft.<\/p>\n\n\n\n<p>Projektets lejeareal er p\u00e5 cirka 40.000 kvadratmeter og indeholder 130 etablissementer, hvoraf 50 procent vil v\u00e6re restauranter og cafeer med udsigt over Bahrain-bugten. Det har ogs\u00e5 et stort familieunderholdningsomr\u00e5de med en legehal, 10 biografer, offentlige parker, gangbroer og parkeringspladser.<\/p>\n\n\n\n<p>Opf\u00f8relsen af \u200b\u200bprojektets fase II har f\u00e5et officiel tilladelse. Dette vil tilbyde yderligere 30.000 kvadratmeter lejeareal samt nye kvarterer og et 210 v\u00e6relses hotel. Dette vil g\u00f8re The Avenues - Bahrain til et attraktivt sted for Bahrainere s\u00e5vel som GCC og internationale turister, der kommer for at shoppe, rekreation og et behageligt ophold.<\/p>","protected":false},"excerpt":{"rendered":"<p>Bahrain er hjemsted for b\u00e5de moderne shoppingkomplekser og traditionelle souks, hvilket sikrer, at \u00f8en er i stand til at tilfredsstille enhver shoppingpr\u00e6ference. I Bahrain er shopping meget mere end en hobby; det er en livsstil. P\u00e5 fredage og l\u00f8rdage, som udg\u00f8r Golfweekenden, er kommercielle omr\u00e5der travlt med turister fra alle lande p\u00e5 jagt efter tilbud, restauranter og sociale sammenkomster.<\/p>","protected":false},"author":1,"featured_media":35420,"parent":35335,"menu_order":0,"comment_status":"closed","ping_status":"closed","template":"elementor_theme","meta":{"_eb_attr":"","footnotes":""},"class_list":["post-35418","page","type-page","status-publish","has-post-thumbnail"],"_links":{"self":[{"href":"https:\/\/travelshelper.com\/da\/wp-json\/wp\/v2\/pages\/35418","targetHints":{"allow":["GET"]}}],"collection":[{"href":"https:\/\/travelshelper.com\/da\/wp-json\/wp\/v2\/pages"}],"about":[{"href":"https:\/\/travelshelper.com\/da\/wp-json\/wp\/v2\/types\/page"}],"author":[{"embeddable":true,"href":"https:\/\/travelshelper.com\/da\/wp-json\/wp\/v2\/users\/1"}],"replies":[{"embeddable":true,"href":"https:\/\/travelshelper.com\/da\/wp-json\/wp\/v2\/comments?post=35418"}],"version-history":[{"count":0,"href":"https:\/\/travelshelper.com\/da\/wp-json\/wp\/v2\/pages\/35418\/revisions"}],"up":[{"embeddable":true,"href":"https:\/\/travelshelper.com\/da\/wp-json\/wp\/v2\/pages\/35335"}],"wp:featuredmedia":[{"embeddable":true,"href":"https:\/\/travelshelper.com\/da\/wp-json\/wp\/v2\/media\/35420"}],"wp:attachment":[{"href":"https:\/\/travelshelper.com\/da\/wp-json\/wp\/v2\/media?parent=35418"}],"curies":[{"name":"wp","href":"https:\/\/api.w.org\/{rel}","templated":true}]}}