{"id":35405,"date":"2024-11-30T21:18:48","date_gmt":"2024-11-30T21:18:48","guid":{"rendered":"https:\/\/travelshelper.com\/staging\/?page_id=35405"},"modified":"2026-03-11T02:08:23","modified_gmt":"2026-03-11T02:08:23","slug":"ting-at-se-i-bahrain","status":"publish","type":"page","link":"https:\/\/travelshelper.com\/da\/destinations\/asia\/bahrain\/things-to-see-in-bahrain\/","title":{"rendered":"Ting at se i Bahrain"},"content":{"rendered":"<p>Bahrain er en \u00f8-nation med en rig historie, der str\u00e6kker sig over tusinder af \u00e5r, og den tilbyder en unik blanding af kulturelle udflugter, underholdning og rekreation. I regionen eksisterede den f\u00f8rste stat allerede i det tredje \u00e5rtusinde fvt. P\u00e5 forskellige tidspunkter i historien tilh\u00f8rte landet Sassanidernes rige, det arabiske kalifat, Portugal og Iran. Nationen var under britisk protektorat i en periode. Alle disse historiske faser har sat deres pr\u00e6g p\u00e5 landets landskab. Derfor er der talrige attraktioner af interesse her.<\/p>\n\n\n\n<p>If\u00f8lge talrige ark\u00e6ologer husede \u00f8erne engang Dilmun-staten. Sumererne troede, at dette var civilisationens oprindelse. Qal&#039;at al-Bahrain er stedet, hvor resterne af denne gamle kultur er placeret. Forskere har opdaget n\u00e6sten 4.000 \u00e5r gamle gader, templer, butikker og paladser begravet under adskillige kulturelle lag, herunder det portugisiske slot. I dag forts\u00e6tter udgravningen. I dag er omkring en fjerdedel af regionen tilg\u00e6ngelig. P\u00e5 toppen af \u200b\u200bbakken st\u00e5r et portugisisk slot kaldet Qal&#039;at al-Burtughal. Det dateres til det syttende \u00e5rhundrede. Bef\u00e6stningen er stadig i uber\u00f8rt stand.<\/p>\n\n\n\n<p>Adskillige regioner med enorme nekropoler fra bronzealderens Umm Al Nar-civilisation ligger i nord. Disse er de st\u00f8rste gamle nekropoler, der har overlevet indtil i dag. Stengrave har en diameter p\u00e5 4,5 til 9 meter og en h\u00f8jde p\u00e5 1-2 meter. I gravene blev der fundet keramik, sten- eller skals\u00e6ler, v\u00e5ben og knogleartefakter. Mere end hundrede tusinde af disse grave er placeret p\u00e5 Bahrains territorium. Manama Saar-templet og de tilst\u00f8dende grave er fra samme historiske periode.<\/p>\n\n\n\n<p>Portugiserne opf\u00f8rte ogs\u00e5 Abu Mahir Fort. Det er et af en r\u00e6kke marine handelsruter, der beskytter bef\u00e6stninger. Bef\u00e6stningen er i d\u00e5rlig stand. Museet er dog tilg\u00e6ngeligt p\u00e5 sin grund. Ud over strukturens historie kan du ogs\u00e5 l\u00e6re om perlegravningens historie i Bahrain.<\/p>\n\n\n\n<p>Shajarat al-Hayat, ofte kendt som Livets Tr\u00e6, er et cirka 400 \u00e5r gammelt tr\u00e6. Det er overraskende, at det vokser uafh\u00e6ngigt i \u00f8rkenen. Talrige historier og antagelser vokser stedet. Det betragtes som det sidste tr\u00e6 i Edens Have. Derudover antages det, at en underjordisk flod n\u00e6rer sine r\u00f8dder. Tr\u00e6et tilh\u00f8rer Mimosa underarten af \u200b\u200bProsopis cineraria arten. Disse tr\u00e6er kan t\u00e5le temperaturer op til 50 grader Fahrenheit uden at kr\u00e6ve en masse vand. Den kan ogs\u00e5 overleve i salt jord. Dens r\u00f8dder n\u00e5r store dybder (snesevis af meter) og kan absorbere selv de mindste m\u00e6ngder vand. Bladene absorberer fugt fra deres omgivelser.<\/p>\n\n\n\n<p>Arad Fort blev bygget i det 15. \u00e5rhundrede for at forsvare Muharraq Island. Det blev bygget i stil med arabiske bef\u00e6stninger. Fortet er firkantet og kompakt. I dets fire hj\u00f8rner er cylinderformede t\u00e5rne. Fortet var udm\u00e6rket egnet til kystforsvar og observation. For nylig blev der gennemf\u00f8rt en massiv rekonstruktion. Om natten er det historiske f\u00e6stningsv\u00e6rk oplyst. Det er et betagende syn. Riffa Fort blev bygget i 1812 Ikke desto mindre daterer nogle ark\u00e6ologer dets grundl\u00e6ggelse til det syttende \u00e5rhundrede. Citadellet var Sheikh Salman bin Ahmeds hus. Der var andre offentlige myndigheder placeret der. Isa ibn Ali Al Khalifa, en af \u200b\u200bBahrains herskere, blev f\u00f8dt ved h\u00f8jborgen.<\/p>\n\n\n\n<p>Isa ibn Ali Al Khalifas residens er et fremragende eksempel p\u00e5 en kongelig residens. Den er konstrueret p\u00e5 klassisk arabisk m\u00e5de. Boligen har et k\u00f8lesystem. Dette er et vindt\u00e5rn, som forsynede bygningen med kold luft. T\u00e5rnet var lukket for vinteren. Buer, tr\u00e6m\u00f8bler, d\u00f8re, lofter og farvede glasvinduer pryder interi\u00f8ret.<\/p>\n\n\n\n<p>Al-Fatih-moskeen er blandt verdens st\u00f8rste. Den prim\u00e6re kuppel er sammensat af glasfiber. Det er et sandt ingeni\u00f8rmesterv\u00e6rk. Strukturen er moderne. I 1987 stod dens konstruktion f\u00e6rdig. Indgangen er sp\u00e6rret om fredagen (en muslimsk helligdag) og andre religi\u00f8se helligdage. Al-Khamis-moskeen er landets \u00e6ldste religi\u00f8se struktur. Det menes, at den f\u00f8rste sten af \u200b\u200btemplets fundament blev placeret i det syvende \u00e5rhundrede. Flere gange er moskeen blevet renoveret. Den tidligste af dens komponenter dateres til det fjortende \u00e5rhundrede. Som mihrab anvendes en plade fra det 12. \u00e5rhundrede (en niche, der angiver retningen, hvor Mekka ligger).<\/p>\n\n\n\n<p>Little India er et kvarter i Manama, der ligner Delhi mere end Bahrains hovedstad. Her er hvor Krishna-templet ligger. Den er \u00e6ldre end to hundrede \u00e5r. Der er talrige antikke tr\u00e6huse lavet af indisk tr\u00e6, gavebutikker og caf\u00e9er. Minikl\u00f8fter ved Al-Bahar er en naturlig attraktion. Forbl\u00f8ffende formede gyldne klippeformationer, der danner vinterhabitat for adskillige fugle.<\/p>\n\n\n\n<p>Wahooo er blandt de mest innovative og moderne vandlande i Mellem\u00f8sten. Det overstiger 15.000 kvadratmeter. Ved at bruge spil, forlystelser, rutsjebaner og pools tiltr\u00e6kker vandlandet millioner af mennesker. Stilen i vandparkens design er &#034;subtropisk paradis.&#034; I midten ligger en skonnert for anker. Dette er et vidunderligt sted for folk i alle aldre. Der er 30 % udend\u00f8rs og 70 % indend\u00f8rs arrangementer i parken. Dette sikrer et behageligt bes\u00f8g uanset vejret. Da vandlandet er placeret i byens kerne, vil g\u00e6ster desuden kunne slentre rundt i de mange butikker. Du vil have mulighed for at afs\u00e6tte et par timer til at shoppe eller spise p\u00e5 en restaurant, der serverer regionale retter.<\/p>\n\n\n\n<p>Fugleriget Asien er et enest\u00e5ende styret levested. Over halvfjerds fuglearter fra hele verden lever her. Her er 500 ansatte. Nogle af disse arter er truede. For at hj\u00e6lpe med deres bevarelse er de omhyggeligt produceret og opdr\u00e6ttet i fangenskab i Asiens Fuglerige. Rammerne blev udviklet ikke kun for at f\u00e6ngsle og underholde hele familien, men ogs\u00e5 for at give unge og deres for\u00e6ldre en l\u00e6rerig form for l\u00e6ring. Mens de vandrer gennem disse labyrinter, vil turister v\u00e6re i stand til at tage smukke fotografier og opleve vidunderlige f\u00f8lelser.<\/p>\n\n\n\n<h2 class=\"wp-block-heading\">Forter i Bahrain<\/h2>\n\n\n\n<h3 class=\"wp-block-heading\">Arad Fort<\/h3>\n\n\n\n<p><em>Arad Fort, Road No 4233, Arad, Bahrain<\/em><\/p>\n\n\n\n<p>Arad Fort er et glimrende eksempel p\u00e5 omansk milit\u00e6r konstruktion fra slutningen af \u200b\u200bdet 15. \u00e5rhundrede til begyndelsen af \u200b\u200bdet 16. \u00e5rhundrede. Dette fort spillede en v\u00e6sentlig rolle i Bahrains forsvar mod r\u00f8vere gennem \u00e5rhundrederne, selvom det er uklart, hvorn\u00e5r det blev bygget. Fortet, som blev restaureret i 1980&#039;erne med udelukkende originale materialer, er smukt oplyst om natten og holder periodiske festligheder.<\/p>\n\n\n\n<h3 class=\"wp-block-heading\">Bahrain Fort og Museum<\/h3>\n\n\n\n<p><em>Seef Area Karbabad, Hovedstadsguvernementet<\/em><\/p>\n\n\n\n<p>Beliggende i Seef og tidligere kendt som Portugal Port, Bahrain Fort eller &#034;Qal&#039;at al-Bahrain&#034; er 180.000 kvadratfod i st\u00f8rrelse. Fra 2300 f.Kr. til det 16. \u00e5rhundrede har fortet v\u00e6ret beboet. Fortet l\u00e5 i hovedstaden i Dilmun-civilisationen og blev kaldt efter Qal&#039;at al-Burtughal.<\/p>\n\n\n\n<p>Fortets udgravede sted afsl\u00f8rer, at det tjente boligm\u00e6ssige, offentlige, kommercielle, religi\u00f8se og milit\u00e6re funktioner. Ark\u00e6ologiske udgravninger afsl\u00f8rede adskillige v\u00e6rkt\u00f8jer og artefakter, herunder Dilmun Stamp s\u00e6ler, fiskeudstyr og madlavnings- og madtransportfart\u00f8jer fra Oman og Mesopotamien. Bahrain Fort, et af de tre UNESCOs verdensarvssteder i Bahrain, er en imponerende bygning, der \u00e6rer Bahrains dybt rodf\u00e6stede historie.<\/p>\n\n\n\n<h3 class=\"wp-block-heading\">Sheikh Salman Bin Ahmed Al Fateh Fort<\/h3>\n\n\n\n<p><em>Sheikh Salman Bin Ahmed Al Fateh Fort, Road No 368, Riffa<\/em><\/p>\n\n\n\n<p>P\u00e5 grund af sin position i Riffa er Sheikh Salman bin Ahmed Al-Fateh Fort ogs\u00e5 kendt som Riffa Fort. Dette historiske sted vidner om et af de mest afg\u00f8rende \u00f8jeblikke i Bahrains historie; Al Khalifas, Bahrains regerende familie, er mindesm\u00e6rket inde i dens smukke arkitektur.<\/p>\n\n\n\n<p>L\u00e6r om Al Khalifa-familien gennem n\u00f8je udvalgte udstillinger med deres stamtr\u00e6, personlige ejendele og yndlingsbesk\u00e6ftigelser. Derudover indeholder fortet Saffron Caf\u00e9, som har udsigt over den natursk\u00f8nne Al-Haniniya-dal.<\/p>\n\n\n\n<h2 class=\"wp-block-heading\">Museer i Bahrain<\/h2>\n\n\n\n<h3 class=\"wp-block-heading\">Bahrains nationalmuseum<\/h3>\n\n\n\n<p>Den 15. december 1988 blev Bahrains nationalmuseum indviet af afd\u00f8de Amir, HH Shaikh Isa Bin Salman Al-Khalifa. Det blev betragtet som et af de mest prestigefyldte museer af sin slags i Golfomr\u00e5det. Bahrains nationalmuseum er i \u00f8jeblikket et af \u00f8ens mest betydningsfulde kulturelle vartegn.<\/p>\n\n\n\n<p>Den enest\u00e5ende bygning, udt\u00e6nkt og designet af Krohn og Hartvig Rasmussen, har et ydre i hvid travertinmarmor og er strategisk placeret p\u00e5 en kunstig halv\u00f8 med udsigt over \u00f8en Muharraq. Museumskomplekset best\u00e5r af to sammenh\u00e6ngende bygninger med et samlet etageareal p\u00e5 cirka 20.000 kvadratmeter. Hovedstrukturen indeholder det permanente udstillingsomr\u00e5de, midlertidige udstillingshaller, et kunstgalleri, et auditorium, en caf\u00e9 og en gavebutik. Den administrative bygning huser de administrative kontorer, kuratoriske forskningsrum, konserveringslaboratorier, udstillingskonstruktion og samlingsopbevaringsomr\u00e5der.<\/p>\n\n\n\n<p>6.000 \u00e5r af Bahrains historie er bevaret i museet. Gravsalen, Dilmun, Tylos og islam, skikke og traditioner, traditionel handel og h\u00e5ndv\u00e6rk samt dokumenter og manuskripter bringer Bahrains historie til live. Den store foyer giver adgang til udstillingslokalerne i stueetagen og f\u00f8rste sal, som er placeret i stueetagen og f\u00f8rste niveau. Foyeren er et enormt dramatisk omr\u00e5de fremh\u00e6vet af naturligt lys og viser udstillingen &#034;Investering i kultur.&#034;<\/p>\n\n\n\n<h2 class=\"wp-block-heading\">Moskeer i Bahrain<\/h2>\n\n\n\n<h3 class=\"wp-block-heading\">Al Fateh store moske<\/h3>\n\n\n\n<p><em>Al Fateh Grand Mosque, Awal Avenue Corner Al Fatih Highway<\/em><\/p>\n\n\n\n<p>Al Fateh Grand Mosque er den st\u00f8rste moske i Bahrain og en af \u200b\u200bde st\u00f8rste i verden. Det blev bygget i 1987 under sponsorering af den afd\u00f8de Sheikh Isa bin Salman Al Khalifa og fik navnet Ahmed Al Fateh. Moskeen rummer op til 7.000 tilbedere og toppes af verdens st\u00f8rste glasfiberkuppel. Dens v\u00e6gge er uds\u00f8gt prydet med kufisk kalligrafi.<\/p>\n\n\n\n<h3 class=\"wp-block-heading\">Al Khamis-moskeen<\/h3>\n\n\n\n<p><em>Bilad Al Qadim, Sheikh Salman Highway<\/em><\/p>\n\n\n\n<p>Al Khamis-moskeen, bygget i 692 e.Kr., er en af \u200b\u200bde tidligste moskeer i den arabiske verden. Genopbygget i det 14. og 15. \u00e5rhundrede, dets fundament g\u00e5r tilbage til det 11. \u00e5rhundrede.<\/p>\n\n\n\n<p>Under dens reparation blev identiske tvillingeminareter tilf\u00f8jet til den historiske islamiske struktur, s\u00e5 den umiddelbart kunne identificeres.<\/p>\n\n\n\n<h3 class=\"wp-block-heading\">Bait al-Quran<\/h3>\n\n\n\n<p><em>Bygning No.17, Road No.1901, Diplomatic Area, Manama.<\/em><\/p>\n\n\n\n<p>Dette prestigefyldte museum huser en stor samling af koraniske manuskripter og skrifter, der g\u00e5r tilbage til det syvende \u00e5rhundrede i en bygning, der er udsmykket med arabisk skrift. Der er flere kopier af Koranen, som i sig selv er kunstv\u00e6rker. Nogle mindre kopier er sm\u00e5 nok til at passe i h\u00e5ndfladen, og koraniske s\u00e6tninger er endda blevet indgraveret p\u00e5 riskorn. Ud over sin betydelige historiske samling afholder Bait al Quran-udstillingsstedet ofte forskellige kunstudstillinger samt en lille mosk\u00e9, et fornemt bibliotek og en l\u00e6ringsramme for islamisk undervisning.<\/p>\n\n\n\n<h2 class=\"wp-block-heading\">Parker i Bahrain<\/h2>\n\n\n\n<p>Bahrain er en ny oplevelse for det globale samfund. Udtrykket &#034;kontrasternes land&#034; kan v\u00e6re overbrugt. Men rejsende ser nationen som en enest\u00e5ende perle i centrum af oceanerne. Mod en dystre m\u00e5neomgivelse, der er mere g\u00e6stfri over for kamelv\u00e6ddel\u00f8b end veltunede biler fyldt med banebrydende teknologi, er det spektakul\u00e6re landskabsdesign en arkitektonisk kraft. Landet er 700 kvadratkilometer stort. Den har omkring 161 kilometer kyst. De st\u00f8rste \u00f8er omfatter Muharraq, Sitrah, Umm a Nasan og Hawar-gruppen.<\/p>\n\n\n\n<p>Bahrain omtales ofte som &#034;Porten til Den Persiske Golf&#034;, hvilket er tydeligt i befolkningens mangfoldighed og tolerance. Det officielle sprog her er arabisk. Engelsk er dog ofte ansat i erhvervslivet og er p\u00e5kr\u00e6vet i skoler. P\u00e5 grund af det h\u00f8je antal expats, der bor i Bahrain, tales der andre sprog som persisk og urdu p\u00e5 b\u00e5de traditionelle og moderne markeder. Geologer opdagede petroleum i 1932. Det var f\u00f8rste gang, &#034;sort guld&#034; var blevet opdaget p\u00e5 den arabiske side af Den Persiske Golf.<\/p>\n\n\n\n<p>Engang var den lille \u00f8 et frodigt, frugtbart, frodigt fristed. Nationens grundlag var dens rigdom af kilder, hvoraf flere stadig eksisterer p\u00e5 stedet for den gamle Dilmun-civilisation, kendt for sine planteprodukter og landbrugsekspertise. Urbanisering og landvinding gennem mange generationer har resulteret i, at landet i stigende grad er blevet som sine naboer ved den Persiske Golf: t\u00f8rt, uegnet til produktion af st\u00f8rstedelen af \u200b\u200blandbrugsafgr\u00f8der.<\/p>\n\n\n\n<p>Prins Khalifa Bin Salman Park er storsl\u00e5et. P\u00e5 dens ejendom er der en s\u00f8, stier, restauranter, kommercielle centre, private rekreative omr\u00e5der og en overflod af vegetation. Denne 80 tusinde kvadratmeter store park blev skabt til en pris af omkring seks millioner dinarer. Det er en af \u200b\u200bBahrains st\u00f8rste parker. I parken kan du ogs\u00e5 leje sk\u00f8jter, vandcykler og cykler. Faciliteterne p\u00e5 stedet omfatter en legeplads, forlystelser og et spillerum med airhockey. Du kan spise p\u00e5 Chai &amp; Chapati eller restauranten Koffiatto i t\u00e5rnet med 360 graders udsigt over s\u00f8en.<\/p>\n\n\n\n<p>Bahrains somre er s\u00e6rligt varme. Vintertemperaturerne falder sj\u00e6ldent under 17 grader celsius. Det regner ikke tit her. De falder prim\u00e6rt om vinteren. Der er f\u00e5 frugtbare jorder i denne region. Kun 8% af jorden er udnyttet til landbrugsform\u00e5l. Der er ogs\u00e5 et ferskvandsproblem her. \u00d8ernes vegetation og dyreliv er ikke specielt rigt. Der er 195 plantearter, 17 pattedyrarter, 14 krybdyrarter og en enkelt paddeart. Her tilbringer mange tr\u00e6kfugle vinteren. Nogle arter af fugle yngler p\u00e5 \u00f8er. Talrige bahrainske plantearter er veltilpassede til \u00f8rken og salt jord. De er i stand til at tr\u00e6kke vand fra enorme dybder og absorbere atmosf\u00e6risk fugt. F\u00e5 enorme dyr bor p\u00e5 \u00f8erne. Blandt dem er sandgazellen. Her findes ogs\u00e5 sandpindsvin, arabiske harer og indiske manguster. \u00d8rkener er hjemsted for en r\u00e6kke flagermusarter.<\/p>\n\n\n\n<p>Bahrain er en af \u200b\u200bde f\u00e5 Persiske Golf-nationer, der er besk\u00e6ftiget med milj\u00f8beskyttelse. Al Areen Wildlife Park blev etableret i 1976 for at beskytte regionens unikke biodiversitet. Ud over de indf\u00f8dte planter og dyr i Bahrain er der ogs\u00e5 repr\u00e6sentanter for Afrikas og Asiens fauna. Der er mere end 100.000 plantearter, 45 dyrearter og 82 fuglearter i parken. Talrige arter er truede. Denne liste omfatter Arabian Oryx, sydafrikansk gepard, steppev\u00e6rn, persisk gazelle, springbok og afrikansk vildhund. Parkens politik prioriterer bevarelse af unikke arter, rekreation af truede dyrebestande og opdr\u00e6t af dyr i fangenskab. \u00c5ben for offentligheden er en del af parken. Det modtager cirka 200.000 bes\u00f8gende hvert \u00e5r. Det rekreative omr\u00e5de er utilg\u00e6ngeligt for offentligheden. Det frekventeres af dyrl\u00e6ger, parkpersonale og en r\u00e6kke fagfolk.<\/p>\n\n\n\n<p>Tubli Bay ligger mellem \u00f8erne Bahrain og Sitrah i den \u00f8stlige del af landet. Her er hvor Nabih Saleh Island findes. Bugten er kendt for sit rigelige havliv og fuglebestand. Dens kanter er foret med mangrover. Bugten er et gydeomr\u00e5de for adskillige fiske- og rejearter. Her overvintrer flere fuglearter. P\u00e5 grund af forurening og skadelige industrikonsekvenser er m\u00e6ngden af \u200b\u200breserven drastisk faldet. Siden 1997 er der imidlertid blevet gjort en indsats for at bevare regionens karakteristiske \u00f8kosystem.<\/p>\n\n\n\n<p>I Den Persiske Golf kan findes Hawar-\u00f8gruppen. \u00d8erne er n\u00e6sten affolket. Beduinstammen beboede engang dette omr\u00e5de. I dag er deres landsbyer dog \u00f8de. P\u00e5 \u00f8erne var der kun politistationen og hotellet tilbage. Der kr\u00e6ves et specifikt fisketegn. \u00d8erne er hjemsted for flere fuglearter. Her yngler en sj\u00e6lden art af skarv. P\u00e5 \u00f8erne tilbringer over tres arter af tr\u00e6kfugle vinteren. Disse fugle tr\u00e6kker til deres ynglepladser i l\u00f8bet af for\u00e5ret. De rugende fugle vender tilbage til deres reder. Her kan unikke v\u00e6sner, herunder den arabiske Oryx og \u00f8rkengazellen findes. I n\u00e6rheden af \u200b\u200b\u00f8erne bor en betydelig koloni af dugonger i vandet. Siden 1997 har omr\u00e5det v\u00e6ret under statsbeskyttelse.<\/p>\n\n\n\n<p>Arab Bay er et fredet omr\u00e5de. Det blev for nylig etableret p\u00e5 \u00f8en Muharraq n\u00e6r byen Arad. Dens form\u00e5l er at bevare regionens unikke maritime \u00f8kosystem. Typisk lever delfiner og marsvin i farvandet n\u00e6r Bahrain. Her er der mindre sandsynlighed for, at du st\u00f8der p\u00e5 hvaler og sp\u00e6khuggere. Dugongs (s\u00f8k\u00f8er) observeres ofte i kystomr\u00e5der. Disse er de mest ejendommelige havpattedyr. Der er omkring 700 slags fisk i vandet i Den Persiske Golf. Over 80 procent af dem bor i rev, is\u00e6r koraller. Der er tredive arter af hajer i Den Arabiske Golf. 16 anses for truede. Der opdages flere perle\u00f8sters i Bahrains farvande end alle andre steder. Derfor er perleudvinding meget etableret i denne region.<\/p>\n\n\n\n<p>\u00d8en Umm a Nasan ejes af kronen. Omr\u00e5det er forbudt for almindelige mennesker. \u00d8en har en lille bestand af skruehornede geder. Et lille samfund ligger p\u00e5 vestbredden. Flere nomadefamilier bor her. De tager sig af \u00f8ens fastboende hjorte og gazeller. I de senere \u00e5r har driften af \u200b\u200bindustrielle enheder og afsaltningsanl\u00e6g haft en betydelig negativ indvirkning p\u00e5 marine arter ud for kysten. Regeringen tager skridt til at bevare \u00f8ernes og kystn\u00e6re vandvejes s\u00e6rpr\u00e6g.<\/p>","protected":false},"excerpt":{"rendered":"<p>Bahrain er en \u00f8-nation med en rig historie, der str\u00e6kker sig over tusinder af \u00e5r, og den tilbyder en unik blanding af kulturelle udflugter, underholdning og rekreation. I regionen eksisterede den f\u00f8rste stat allerede i det tredje \u00e5rtusinde fvt. P\u00e5 forskellige tidspunkter i historien tilh\u00f8rte landet Sassanidernes rige, det arabiske kalifat, Portugal og Iran. Nationen var under britisk protektorat i en periode. Alle disse historiske faser har sat deres pr\u00e6g p\u00e5 landets landskab. Derfor er der talrige attraktioner af interesse her.<\/p>","protected":false},"author":1,"featured_media":35408,"parent":35335,"menu_order":0,"comment_status":"closed","ping_status":"closed","template":"elementor_theme","meta":{"_eb_attr":"","footnotes":""},"class_list":["post-35405","page","type-page","status-publish","has-post-thumbnail"],"_links":{"self":[{"href":"https:\/\/travelshelper.com\/da\/wp-json\/wp\/v2\/pages\/35405","targetHints":{"allow":["GET"]}}],"collection":[{"href":"https:\/\/travelshelper.com\/da\/wp-json\/wp\/v2\/pages"}],"about":[{"href":"https:\/\/travelshelper.com\/da\/wp-json\/wp\/v2\/types\/page"}],"author":[{"embeddable":true,"href":"https:\/\/travelshelper.com\/da\/wp-json\/wp\/v2\/users\/1"}],"replies":[{"embeddable":true,"href":"https:\/\/travelshelper.com\/da\/wp-json\/wp\/v2\/comments?post=35405"}],"version-history":[{"count":0,"href":"https:\/\/travelshelper.com\/da\/wp-json\/wp\/v2\/pages\/35405\/revisions"}],"up":[{"embeddable":true,"href":"https:\/\/travelshelper.com\/da\/wp-json\/wp\/v2\/pages\/35335"}],"wp:featuredmedia":[{"embeddable":true,"href":"https:\/\/travelshelper.com\/da\/wp-json\/wp\/v2\/media\/35408"}],"wp:attachment":[{"href":"https:\/\/travelshelper.com\/da\/wp-json\/wp\/v2\/media?parent=35405"}],"curies":[{"name":"wp","href":"https:\/\/api.w.org\/{rel}","templated":true}]}}