{"id":17423,"date":"2024-09-26T13:36:25","date_gmt":"2024-09-26T13:36:25","guid":{"rendered":"https:\/\/travelshelper.com\/staging\/?page_id=17423"},"modified":"2026-03-13T23:32:26","modified_gmt":"2026-03-13T23:32:26","slug":"araxa","status":"publish","type":"page","link":"https:\/\/travelshelper.com\/da\/destinations\/south-america\/brazil\/araxa\/","title":{"rendered":"Arax\u00e1"},"content":{"rendered":"<p>Beliggende i det b\u00f8lgende h\u00f8jland i Minas Gerais, str\u00e6kker Arax\u00e1 sig over 1.283 kvadratkilometer savannefyldte plateauer og skovkl\u00e6dte bakker. Med 111.691 indbyggere i 2022 fungerer det som omdrejningspunkt for en region med otte kommuner og 176.736 indbyggere (tal fra 2017). Selvom Arax\u00e1 kun udg\u00f8r 3,45 kvadratkilometer, har den et landskab, der str\u00e6kker sig over n\u00e6sten 10.000 kvadratkilometer og binder sm\u00e5 byer og landdistrikter sammen til et enkelt t\u00e6ppe.<\/p>\n<p>L\u00e6nge f\u00f8r de f\u00f8rste b\u00f8nder ankom, tilh\u00f8rte Arax\u00e1s historie folket ledet af krigeren Andaia-Aru. Arax\u00e1s-folket, der i det 16. \u00e5rhundrede skilte sig ud fra Cataguases-stammen, bosatte sig langs Rio Grande og i skyggen af \u200b\u200bSerra da Canastra. De levede i balance med landet i omkring et \u00e5rhundrede, indtil b\u00f8lge efter b\u00f8lge af europ\u00e6iske ekspeditioner skyllede igennem, ivrige efter t\u00f8mmer og vand. Sp\u00e6ndingerne blussede op, traktater blev optr\u00e6vlet, og i midten af \u200b\u200b1600-tallet blev Arax\u00e1s-folket fordrevet fra det land, de havde formet.<\/p>\n<p>Under kaptajnskabet af Minas Gerais sendte de koloniale myndigheder bandeiraen fra Campo In\u00e1cio Correia de Pamplona ud for at kortl\u00e6gge og g\u00f8re krav p\u00e5 territorium. I de efterf\u00f8lgende \u00e5rtier opstod bos\u00e6ttelser forsigtigt blandt vandl\u00f8bene og bakkerne, og b\u00f8nder skabte en fremtid i de t\u00e6tte skove. I 1791, da en lille klynge af g\u00e5rde samledes omkring et kapel, opstod sognet S\u00e3o Domingos de Arax\u00e1 - opkaldt efter dominikanernes grundl\u00e6gger. Fire \u00e5rtier senere sikrede det sig status som vila (by), og den 19. december 1865 bar det navnet Arax\u00e1 som en anerkendt by.<\/p>\n<p>Geografisk set ligger Arax\u00e1 973 meter over havets overflade, og dens \u00e5rer er gennemsyret af floder og b\u00e6kke. Mod nord og nordvest ligger Perdizes, mens Ibi\u00e1 gr\u00e6nser op til \u00f8st, Tapira mod syd og Sacramento mod sydvest. Serra da Bocaina gennemsyrer byens skyline med sine 1.359 meter - kommunens h\u00f8jeste top - mens landet falder til 910 meter ved Capivara-floden. En \u00e5rlig gennemsnitstemperatur p\u00e5 20,98 \u00b0C og n\u00e6sten to meter regn om \u00e5ret skaber b\u00e5de frodige skove og frugtbare gr\u00e6sgange, et klima der er behageligt nok til afslappede eftermiddage under den vidtstrakte himmel.<\/p>\n<p>Da Barreiro Hydrothermal and Hotel Complex \u00e5bnede i 1940&#039;erne, transformerede Arax\u00e1s mineralrige kilder byens \u00f8konomi. Bes\u00f8gende kom for at slappe af i vand, der menes at lindre gigt og hudlidelser; de dv\u00e6lede ved terapeutiske mudderbehandlinger om dagen og dansede under lysekroner om natten.<\/p>\n<p>Grande Hotel, der blev indviet i 1944 af guvern\u00f8r Benedito Valadares sammen med pr\u00e6sident Get\u00falio Vargas, krystalliserede denne \u00e6ra med anerkendelse. Med fejende art deco-facader og terrasser, der vender ud mod spa-haverne, blev det hurtigt baggrund for politiske sammenkomster, kunstneriske soir\u00e9er og gallafester. Selv i dag minder dets marmorkorridorer og h\u00f8je balsale om en \u00e6ra med elegance, der tiltrak Brasiliens elite til denne spaby inde i landet.<\/p>\n<p>S\u00f8lvsk\u00e6rms-tiltr\u00e6kning: \u201cDona Beija\u201d og mere<br \/>\nArax\u00e1s bredere ber\u00f8mmelse n\u00e5ede tv-sk\u00e6rmene i 1980&#039;erne med telenovelaen &#034;Dona Beija&#034;. Serien, der centrerede sig om livet af en ber\u00f8mt lokal heltinde \u2013 der rygtes at have b\u00e5ret skrammer fra de termiske bade p\u00e5 sin hud \u2013 malede Arax\u00e1s koloniale huse, solbeskinnede pladser og snoede vandl\u00f8b ind i stuer over hele landet. Turister, lokket af showets romantiserede udsigter, begyndte at ops\u00f8ge de gader og springvand, hvor dramaet udspillede sig.<\/p>\n<p>Under overfladen rummer Arax\u00e1 en af \u200b\u200bverdens rigeste niobiumreserver \u2013 nok til at im\u00f8dekomme den globale eftersp\u00f8rgsel i n\u00e6sten fem \u00e5rhundreder. Companhia Brasileira de Metalurgia e Minera\u00e7\u00e3o (CBMM) f\u00f8rer an i udvinding og forarbejdning og forsyner luftfartsindustrien med specialst\u00e5l og legeringer til jetmotorer, raketter og h\u00f8jtemperaturudstyr. I n\u00e6rheden driver Vale Fertilizantes SA Brasiliens st\u00f8rste superfosfatfabrik, der producerer fosfatkoncentrater, der er afg\u00f8rende for g\u00f8dning.<\/p>\n<p>I 2005 n\u00e5ede Arax\u00e1s BNP 1,439 milliarder reais, n\u00e6sten ligeligt fordelt mellem industri og service. Det \u00e5r arbejdede 2.865 personer inden for fremstillingsindustrien, 1.498 inden for byggeri, 7.636 inden for handel, 1.296 p\u00e5 hoteller og restauranter og 2.691 i den offentlige administration \u2013 tal, der afspejler en velafbalanceret \u00f8konomi.<\/p>\n<p>N\u00e5r man tr\u00e6der ind i Arax\u00e1 centrum i dag, finder man lyse facader langs de brostensbelagte gader. Eftermiddagssolen skinner skr\u00e5t gennem grenene p\u00e5 de \u00e5rhundrede gamle tr\u00e6er i Pra\u00e7a Governador Valadares, hvor seniorer snakker over kaffe p\u00e5 hj\u00f8rnecaf\u00e9er, og b\u00f8rn jagter duer n\u00e6r springvandet. S\u00e6lgere s\u00e6lger friskristede kaffeb\u00f8nner - en anden regional specialitet - og pastelarias tilbyder pastel de queijo, der holder sig varme l\u00e6nge efter, at de forlader frituregryden.<\/p>\n<p>Uden for bygr\u00e6nsen str\u00e6kker omkring 405 landdistrikter sig over 68.000 hektar, hvor omkring 1.500 mennesker passer jorden. Omkring 65.000 stykker kv\u00e6g producerer en halv million liter m\u00e6lk dagligt (tal fra 2004), mens svine- og fjerkr\u00e6farme forsyner de lokale markeder. Marker med sojab\u00f8nner, majs og kaffe diversificerer h\u00f8sten, og 22 sm\u00e5 destillerier fremstiller cacha\u00e7a - en potent sukkerr\u00f8rsspiritus, der er v\u00e6vet ind i Brasiliens kulturarv.<\/p>\n<p>Arax\u00e1s historie forts\u00e6tter: spakomplekset indf\u00f8rer nye behandlingsformer; CBMM udvikler avancerede materialer; landm\u00e6nd afpr\u00f8ver b\u00e6redygtige metoder. Nye festivaler fejrer den pr\u00e6koloniale arv og kunst, mens gallerier og kunsth\u00e5ndv\u00e6rksmarkeder s\u00e6tter fokus p\u00e5 lokale malere og billedhuggere. Men under enhver moderne udvikling ligger summen af \u200b\u200bdisse mineralkilder og minderne om skovskyggede floder, hvor Arax\u00e1s f\u00f8rst gjorde krav p\u00e5 deres ejendom.<\/p>\n<p>I denne by med helbredende vand, industrielle vidundere og pastoral ro synes tiden at l\u00f8be ad to spor \u2013 det ene, der \u00e6rer gamle kilder og oprindeligt mod, det andet, der driver Brasilien ind i nye gr\u00e6nser inden for videnskab og handel. Arax\u00e1s stille styrke varer ved, b\u00e5de i dampen, der stiger op fra dens termiske bade, og i pulsen af \u200b\u200bet samfund formet af land, historie og de mennesker, der turde blive.<\/p>","protected":false},"excerpt":{"rendered":"<p>With a population of 111,691 as of 2022 Arax\u00e1 is a colorful municipality tucked away in the Minas Gerais state in Western Brazil. Situated about 370 kilometers northwest of the state capital Belo Horizonte, this vibrant metropolis covers an amazing 1,283 square kilometres, with 3.45 square kilometres set aside as the urban boundary. Comprising eight municipalities and spanning an area of 9,493.902 square kilometers with a combined population of 176,736 as of 2017, Arax\u00e1 forms the center point of the Immediate Geographic Region.<\/p>","protected":false},"author":1,"featured_media":17461,"parent":7508,"menu_order":0,"comment_status":"closed","ping_status":"closed","template":"elementor_theme","meta":{"_eb_attr":"","footnotes":""},"class_list":["post-17423","page","type-page","status-publish","has-post-thumbnail"],"_links":{"self":[{"href":"https:\/\/travelshelper.com\/da\/wp-json\/wp\/v2\/pages\/17423","targetHints":{"allow":["GET"]}}],"collection":[{"href":"https:\/\/travelshelper.com\/da\/wp-json\/wp\/v2\/pages"}],"about":[{"href":"https:\/\/travelshelper.com\/da\/wp-json\/wp\/v2\/types\/page"}],"author":[{"embeddable":true,"href":"https:\/\/travelshelper.com\/da\/wp-json\/wp\/v2\/users\/1"}],"replies":[{"embeddable":true,"href":"https:\/\/travelshelper.com\/da\/wp-json\/wp\/v2\/comments?post=17423"}],"version-history":[{"count":0,"href":"https:\/\/travelshelper.com\/da\/wp-json\/wp\/v2\/pages\/17423\/revisions"}],"up":[{"embeddable":true,"href":"https:\/\/travelshelper.com\/da\/wp-json\/wp\/v2\/pages\/7508"}],"wp:featuredmedia":[{"embeddable":true,"href":"https:\/\/travelshelper.com\/da\/wp-json\/wp\/v2\/media\/17461"}],"wp:attachment":[{"href":"https:\/\/travelshelper.com\/da\/wp-json\/wp\/v2\/media?parent=17423"}],"curies":[{"name":"wp","href":"https:\/\/api.w.org\/{rel}","templated":true}]}}