{"id":17417,"date":"2024-09-26T13:27:29","date_gmt":"2024-09-26T13:27:29","guid":{"rendered":"https:\/\/travelshelper.com\/staging\/?page_id=17417"},"modified":"2026-03-13T23:34:55","modified_gmt":"2026-03-13T23:34:55","slug":"sankt-pedros-vand","status":"publish","type":"page","link":"https:\/\/travelshelper.com\/da\/destinations\/south-america\/brazil\/aguas-de-sao-pedro\/","title":{"rendered":"Sankt Pedros vand"},"content":{"rendered":"<p>Selvom den blot str\u00e6kker sig over 3,61 kvadratkilometer \u2013 hvilket g\u00f8r den til Brasiliens n\u00e6stmindste kommune m\u00e5lt p\u00e5 areal \u2013 b\u00e6rer \u00c1guas de S\u00e3o Pedro v\u00e6gten af \u200b\u200bet sted, der er meget st\u00f8rre, end dens gr\u00e6nser antyder. Beliggende i den b\u00f8lgende Itaqueri-h\u00f8jderygge omkring 184 kilometer nordvest for S\u00e3o Paulo by, f\u00f8les den p\u00e5 \u00e9n gang intim og komplet, som om bakkerne og kilderne har konspireret for at forme et samfund, der er fint afstemt efter b\u00e5de natur og menneskelige behov. Med kun 3.521 registrerede indbyggere i 2020 pulserer denne lille enklave af et liv defineret af termisk vand, gr\u00f8nne parker og en stille selvtillid f\u00f8dt af omhyggelig planl\u00e6gning.<\/p>\n<p>&#034;\u00c1guas de S\u00e3o Pedro&#034; \u2013 bogstaveligt talt &#034;Sankt Peters Vand&#034; \u2013 taler direkte til byens essens. Her synes hvert springvand, badehus og offentlig plads at hentyde til b\u00e5ndet mellem det hellige og det jordiske. Sankt Peter, traditionelt vogter af himlens n\u00f8gler, giver sit navn til vand, der menes at give b\u00e5de fysisk lindring og indre ro. Men titlen antyder ogs\u00e5 byens t\u00e6tte sl\u00e6gtskab med sin st\u00f8rre nabo, S\u00e3o Pedro kommune, som engang gjorde krav p\u00e5 disse kilder, f\u00f8r de blev udskilt som et planlagt samfund i 1940&#039;erne.<\/p>\n<p>Navnet &#034;Itaqueri&#034;, l\u00e5nt fra tupi-guaran\u00ed-sproget og betyder &#034;liggende sten&#034;, fremkalder den langsomme, t\u00e5lmodige skulpturering af bakketoppe, der vugger \u00c1guas de S\u00e3o Pedro. Omgivet p\u00e5 alle sider af S\u00e3o Pedro f\u00f8les denne enklave b\u00e5de beskyttet og unik - en af \u200b\u200bkun fire s\u00e5danne kommunale lommer i Brasilien. Dens fire kvarterer - Jardim Jerubia\u00e7aba mod nord\u00f8st, Jardim Iporanga mod \u00f8st, Centro i hjertet og Jardim Porangaba mod syd - b\u00e6rer tupi-guaran\u00ed-navne, der fremmaner loyalitet, floder og vide udsigter. Du kan tr\u00e6de fra en skyggefuld villavej ind i den uventede \u00e5bne plads i Centro, hvor stilheden fra de n\u00e6rliggende springvand f\u00e5r selv middagstid til at h\u00e6nge i bl\u00f8dt fokus.<\/p>\n<p>Med en \u00e5rlig gennemsnitstemperatur p\u00e5 22,4 \u00b0C (72,3 \u00b0F) holder luften her lige nok varme til at lokke knopper og tr\u00e6kfugle ud, uden at den dv\u00e6ler for l\u00e6nge i sommerens sk\u00e6r. Store genplantede skovomr\u00e5der snor sig gennem byen, et bevidst valg, der binder det menneskelige fodaftryk til den oprindelige flora. Disse gr\u00f8nne arterier f\u00f8rer ind i to hovedparker og en kompakt kommunal have - hver et \u00e5ndehul, hvor de lokale slentrer, jogger eller l\u00e6ner sig tilbage for at se n\u00e6sebj\u00f8rne skimte gennem bladaffald.<\/p>\n<p>I Dr. Octavio Moura Andrade Park \u00e5bner mere end en million kvadratmeter op til seksten markerede stier, der str\u00e6kker sig over i alt 6,5 kilometer. Langs ruterne flakser omkring 250 fuglearter mellem bromeliaer og bregner; deres kald danner et lydspor for weekendvandrere. Underskoven skiller sig af og til for at afsl\u00f8re en n\u00e6sebj\u00f8rns vagtsomme blik, der vurderer de bes\u00f8gende, f\u00f8r den tr\u00e6kker sig tilbage under et virvar af lave grene. I den modsatte ende af byen komprimerer Parque das \u00c1guas &#034;Jos\u00e9 Benedito Zani&#034; aktiviteten til 6.400 kvadratmeter og tilbyder en skaterampe, der summer af energi, en tr\u00e6cykelsti, der f\u00f8lger dens omkreds, og b\u00e6nke, hvor \u00e6ldre beboere samles efter en udend\u00f8rs tr\u00e6ningssession.<\/p>\n<p>Det er vandet \u2013 svovlholdigt, mineralrigt, uhyggeligt i dets dybder \u2013 der s\u00e6tter \u00c1guas de S\u00e3o Pedro p\u00e5 enhver rejsendes landkort. Staten S\u00e3o Paulo har givet det officiel status som et hydromineral-spa, et af kun elleve i regionen, som anerkendelse af dets kilders terapeutiske ry. Tre br\u00f8nde har vand fra dybe skakter:<\/p>\n<ul>\n<li>Fonte Juventude rejser sig fra 348,59 meters h\u00f8jde og ud\u00f8ser det n\u00e6stmest svovlholdige vand p\u00e5 jorden og g\u00f8r krav p\u00e5 at v\u00e6re det mest potente i Amerika. Bes\u00f8gende l\u00e6ner sig ned i det m\u00f8rke, \u00e6ggeduftende vand for hudbehandlinger og varme bad, der efterlader en svag glans langs porerne.<\/li>\n<li>Fonte Gioconda, defineret af natriumsulfat, tiltr\u00e6kker dem med ford\u00f8jelsesproblemer \u2013 dens smag har en let salthed og et strejf af jern, der prikker p\u00e5 tungen.<\/li>\n<li>Fonte Almeida Salles b\u00e6rer navnet efter dens kr\u00f8nikeskriver fra det tidlige 20. \u00e5rhundrede, Dr. Salles, som bem\u00e6rkede dens indhold af natriumbicarbonat og ordinerede det til lever- og mavesygdomme.<\/li>\n<\/ul>\n<p>I l\u00f8bet af lange ferier vandrer op til 30.000 mennesker i disse gader \u2013 n\u00e6sten ti gange s\u00e5 mange beboere \u2013 mens almindelige weekender kan se befolkningen firedoble sig. Is\u00e6r karnevalet spilder millioner af reais p\u00e5 lokale butikker, restauranter og badehuse.<\/p>\n<p>Uden noget landbrugsm\u00e6ssigt bagland at tale om, er \u00c1guas de S\u00e3o Pedro afh\u00e6ngig af en servicecentreret \u00f8konomi. I 2016 n\u00e5ede BNP 132.616.500 R$, hvilket svarer til et sundt tal per indbygger p\u00e5 41.378,02 R$. Hoteller ligger langs de tr\u00e6bekl\u00e6dte all\u00e9er; caf\u00e9er s\u00e6lger sort kaffe og guava-kager i gammeldags pastelaria-stil. Sm\u00e5 butikker s\u00e6lger tr\u00e6udsk\u00e6ringer, kildevand p\u00e5 flaske og h\u00e5ndlavede s\u00e6ber med duft af eukalyptus eller lavendel. I hver transaktion er der en fornemmelse af, at velstand ikke vokser fra udnyttelse af jorden, men fra forvaltningen af \u200b\u200ben sj\u00e6lden ressource.<\/p>\n<p>Trods \u2013 eller m\u00e5ske p\u00e5 grund af \u2013 sin lille st\u00f8rrelse har \u00c1guas de S\u00e3o Pedro et Human Development Index p\u00e5 0,854, hvilket rangerer den som nummer to i b\u00e5de staten og nationen. Klinikker fungerer punktligt og effektivt; skolerne opfordrer til udend\u00f8rsundervisning under cedertr\u00e6er og jacarandatr\u00e6er. Gaderne str\u00e6kker sig blidt op ad bakke, oplyst af lygtep\u00e6le, der buer som bukkende dansere i skumringen. Tidligt om morgenen dannes der ofte en k\u00f8 ved det kommunale bageri, f\u00f8r d\u00f8rene \u00e5bner, hvor de lokale udveksler nyheder om observationer af dyreliv i parken.<\/p>\n<p>Her synes tiden at g\u00e5. En middagssol f\u00f8les bl\u00f8dere efter et svovlduftende bad. En simpel g\u00e5tur fra Jardim Jerubia\u00e7aba til Centro kr\u00e6ver en pause ved den kommunale have, hvor stilheden fra palmer og orkideer d\u00e6mper forbipasserende biler. Selv den mest hastige bes\u00f8gende s\u00e6tter farten ned og matcher byens bevidste tempo.<\/p>\n<p>I sin kerne hviler \u00c1guas de S\u00e3o Pedro p\u00e5 et l\u00f8fte: at et sted ikke beh\u00f8ver at brede sig for at trives. Dens termiske kilder, engang gnisten for en planlagt by, opretholder nu et l\u00f8bende eksperiment i balance - mellem natur og byliv, mellem lokale behov og turistimpulser. I stille \u00f8jeblikke kan du m\u00e5ske se et \u00e6ldre par drive langs en skyggefuld sti og mindes dengang, fortovene var friske, og de f\u00f8rste spa-pavilloner blev bygget. Eller du kan overh\u00f8re en ung guide fort\u00e6lle legenden om Sankt Peters bes\u00f8g p\u00e5 disse bakker, sten hugget i relief af str\u00f8mme af helbredende vand.<\/p>\n<p>I s\u00e5danne vignetter afsl\u00f8rer kommunen sig ikke blot som et punkt p\u00e5 et kort, men som en samling af minder og rutiner. Det er i susen af \u200b\u200bdamp, der stiger op fra et termisk bassin, vingeflagren over en bregnekl\u00e6dt sti, den afm\u00e5lte klirren af \u200b\u200bkopper p\u00e5 en morgencaf\u00e9 \u2013 de subtile toner, der udg\u00f8r den st\u00f8rre melodi af livet her. Og hvis verden hinsides virker stadig mere rastl\u00f8s og enorm, tilbyder \u00c1guas de S\u00e3o Pedro i sin lillehed en p\u00e5mindelse om, at rigdom ikke ligger i st\u00f8rrelse eller st\u00f8j, men i dybden af \u200b\u200blivet.<\/p>","protected":false},"excerpt":{"rendered":"<p>Although small, the little municipality of \u00c1guas de S\u00e3o Pedro in S\u00e3o Paulo state, Brazil, deserves appreciation. Just 3.61 square kilometers, it is the second-smallest municipality in Brazil by area. The urban enclave claimed 3,521 residents as of 2020. Notwithstanding its small population, \u00c1guas de S\u00e3o Pedro has developed a reputation for great quality of living, a rich historical history, and a booming tourism industry based on its famous thermal springs.<\/p>","protected":false},"author":1,"featured_media":17515,"parent":7508,"menu_order":0,"comment_status":"closed","ping_status":"closed","template":"elementor_theme","meta":{"_eb_attr":"","footnotes":""},"class_list":["post-17417","page","type-page","status-publish","has-post-thumbnail"],"_links":{"self":[{"href":"https:\/\/travelshelper.com\/da\/wp-json\/wp\/v2\/pages\/17417","targetHints":{"allow":["GET"]}}],"collection":[{"href":"https:\/\/travelshelper.com\/da\/wp-json\/wp\/v2\/pages"}],"about":[{"href":"https:\/\/travelshelper.com\/da\/wp-json\/wp\/v2\/types\/page"}],"author":[{"embeddable":true,"href":"https:\/\/travelshelper.com\/da\/wp-json\/wp\/v2\/users\/1"}],"replies":[{"embeddable":true,"href":"https:\/\/travelshelper.com\/da\/wp-json\/wp\/v2\/comments?post=17417"}],"version-history":[{"count":0,"href":"https:\/\/travelshelper.com\/da\/wp-json\/wp\/v2\/pages\/17417\/revisions"}],"up":[{"embeddable":true,"href":"https:\/\/travelshelper.com\/da\/wp-json\/wp\/v2\/pages\/7508"}],"wp:featuredmedia":[{"embeddable":true,"href":"https:\/\/travelshelper.com\/da\/wp-json\/wp\/v2\/media\/17515"}],"wp:attachment":[{"href":"https:\/\/travelshelper.com\/da\/wp-json\/wp\/v2\/media?parent=17417"}],"curies":[{"name":"wp","href":"https:\/\/api.w.org\/{rel}","templated":true}]}}