{"id":17293,"date":"2024-09-26T00:14:10","date_gmt":"2024-09-26T00:14:10","guid":{"rendered":"https:\/\/travelshelper.com\/staging\/?page_id=17293"},"modified":"2026-03-12T22:52:27","modified_gmt":"2026-03-12T22:52:27","slug":"dolenjske-toplice","status":"publish","type":"page","link":"https:\/\/travelshelper.com\/da\/destinations\/europe\/slovenia\/dolenjske-toplice\/","title":{"rendered":"Dolenjske Toplice"},"content":{"rendered":"<p>Dolenjske Toplice, en by med cirka ni hundrede indbyggere beliggende i det syd\u00f8stlige Slovenien n\u00e6r byen Novo Mesto, fungerer som det administrative hjerte i den navngivne kommune. Byen ligger i den traditionelle region Nedre Krain og har siden de slovenske administrative reformer v\u00e6ret omfattet af den syd\u00f8stlige Sloveniens statistiske region. Byen ligger ved bredden af \u200b\u200bfloden Su\u0161ica - hvis vand l\u00f8ber ud i Krka-floden cirka to kilometer mod nord - og er f\u00f8rst og fremmest ber\u00f8mt for sine termiske bade, hvis oprindelse kan spores tilbage til 1658 under greverne af Auersperg.<\/p>\n<p>Fra en rejsendes udsigtspunkt, der ankommer til de blidt b\u00f8lgende bakker, der vugger Dolenjske Toplice, afsl\u00f8rer bos\u00e6ttelsen sig som en sammenflettet collage af pastelfarvede facader og gr\u00f8nne flodbredskorridorer: Su\u0161ica flyder langsomt gennem landsbyens centrum, og dens krusninger afspejler \u00e5rhundreders menneskelig beboelse og geologiske intriger. Landskabet under Dolenjske Toplice, der ligger overskr\u00e6vs af adskillige tektoniske forkastninger, tillader meteoriske vandmasser at dykke dybt ned i jordskorpen, hvor de akkumulerer varme, f\u00f8r de igen stiger op til overfladen som mineralrige kilder, hvis terapeutiske ry str\u00e6kker sig tilbage gennem den lokale erindring. Selvom str\u00f8mmene ved f\u00f8rste \u00f8jekast virker ubem\u00e6rkelsesv\u00e6rdige, har denne underjordiske alkymi givet byen en raison d&#039;\u00eatre \u2013 en der ikke kun formet dens \u00f8konomi, men ogs\u00e5 selve dens identitet gennem historiens skiftende tidevand.<\/p>\n<p>Historiske optegnelser giver yderligere tekstur til byens udviklende appellationer: f\u00f8rst registreret som &#034;Topliz&#034; i 1228 og senere som &#034;Toplicz&#034; i 1328, bar bos\u00e6ttelsen det simple slovenske navneord for &#034;varm kilde&#034;, hvilket vidner om b\u00e5de de naturlige f\u00e6nomener i dens kerne og om de sproglige str\u00f8mninger i tiden. Under Habsburgs herred\u00f8mme kom det tyske navn &#034;T\u00f6plitz&#034; i brug, en parallel i dagligdagen, der varede indtil midten af \u200b\u200bdet 20. \u00e5rhundrede. I 1953, som en del af en bredere efterkrigsstandardisering af slovenske stednavne, blev betegnelsen formelt \u00e6ndret fra Toplice til Dolenjske Toplice - en appellation, der samtidig bekr\u00e6ftede bos\u00e6ttelsens Nedre Krajinske arv og adskilte den fra andre lignende navngivne steder. Gennem hver nominel transformation forblev byens essens konstant: et omdrejningspunkt for geotermisk vitalitet indlejret i de bredere konturer af slovensk kultur- og naturhistorie.<\/p>\n<p>Den formelle etablering af de termiske bade i 1658 markerede et afg\u00f8rende vendepunkt i byens fort\u00e6lling, for det var p\u00e5 det tidspunkt, at greverne af Auersperg, tiltrukket af b\u00e5de empirisk overbevisning og l\u00f8ftet om \u00e6del protektion, bestilte de f\u00f8rste badehuse ved de opspringende kilder. Deres bestr\u00e6belser indledte en kontinuerlig tradition for velv\u00e6re, som i de efterf\u00f8lgende \u00e5rhundreder ville tiltr\u00e6kke lag af arkitektonisk, videnskabelig og social betydning. De oprindelige strukturer, beskedne efter datidens standarder, gav de bes\u00f8gende en rudiment\u00e6r fordybelse i det terapeutiske vand; men selv p\u00e5 det tidlige tidspunkt var princippet klart: undergrundsvarmen, filtreret gennem mineralholdige lag, gav genoprettende kvaliteter, som de lokale indbyggere l\u00e6nge havde \u00e6ret.<\/p>\n<p>Ind i slutningen af \u200b\u200bdet attende og begyndelsen af \u200b\u200bdet nittende \u00e5rhundrede oplevede Dolenjske Toplice en gradvis v\u00e6kst, efterh\u00e5nden som badepraksis bev\u00e6gede sig fra klostrenes og aristokratiske retreat til den medicinske turismes sf\u00e6re. L\u00e6ger og naturfilosoffer fra oplysningstiden valfartede til kilderne, tiltrukket af afhandlinger, der lovpriste hydroterapiens helbredende egenskaber. Den deraf f\u00f8lgende eftersp\u00f8rgsel f\u00f8rte til en udvidelse af f\u00e6llesfaciliteter og en gradvis spredning af indkvarteringsmuligheder for b\u00e5de syge, afslappede og dem, der s\u00f8gte forebyggende aflastning. Det var i denne periode, at byens arkitektoniske ordforr\u00e5d udvidede sig - klassiske portikoer og symmetriske facader steg som en afm\u00e5lt reaktion p\u00e5 det voksende klientel - men altid uden at overskygge de folkelige traditioner, der var g\u00e5et forud for dem.<\/p>\n<p>I slutningen af \u200b\u200bdet nittende \u00e5rhundrede, i takt med at jernbaner banede nye veje p\u00e5 tv\u00e6rs af Habsburg-dom\u00e6nerne, var Dolenjske Toplice forbundet med et bredere europ\u00e6isk netv\u00e6rk af wellness-destinationer, selvom byen bevarede sin unikke karakter. Dampdrevne lokomotiver fyldte rejsende, hvis rejser strakte sig over provinser og imperier; disse udl\u00e6ndinge, der havde tilbagelagt store afstande, s\u00f8gte ro i det samme varme vand, der havde fors\u00f8rget deres slovenske v\u00e6rter i generationer. Midt i denne kosmopolitiske ebbe og flod dyrkede bos\u00e6ttelsen en fornem kadence - dens boulevarder omkranset af kastanjetr\u00e6er, dens promenade oplyst af udsmykkede lygtep\u00e6le, dens termiske faciliteter administreret af l\u00e6ger, der kombinerede empirisk observation med den vedvarende overlevering fra lokale healere.<\/p>\n<p>Det tyvende \u00e5rhundrede bragte seismiske politiske forandringer med sig, fra opl\u00f8sningen af \u200b\u200bimperier til omv\u00e6ltningerne i forbindelse med global konflikt. Gennem disse omskiftelser forblev spaen byens \u00f8konomiske anker, dens termiske kilder en konstant kilde til b\u00e5de tr\u00f8st og levebr\u00f8d. Med omd\u00f8bningen til Dolenjske Toplice i 1953 omfavnede samfundet en fornyet \u00e5nd af slovensk suver\u00e6nitet, selvom det tilpassede sin infrastruktur til den moderne turismes krav. Hoteller i varierende skala opstod, der tilb\u00f8d indkvartering, der sp\u00e6ndte fra intime pensioner til st\u00f8rre, mere faciliteterrige etablissementer; helbredende behandlinger blev i stigende grad kodificeret inden for rammerne af l\u00e6gevidenskaben, og i slutningen af \u200b\u200bdet tyvende \u00e5rhundrede havde spa-komplekset udviklet sig til en mangesidet virksomhed, der omfattede hotelservice, wellnessbehandlinger og specialiserede pools.<\/p>\n<p>I dag udg\u00f8r spa-komplekset bos\u00e6ttelsens prim\u00e6re kommercielle forehavende, og dets arkitektur er en harmonisk blanding af moderne design og traditionelle motiver. Hotellerne ligger i en blid linje med flodens l\u00f8b, og deres facader afspejler de d\u00e6mpede farver i de omkringliggende skove. Indenfor tilbyder et topmoderne wellness-center en r\u00e6kke terapier: hydromassage, mineralindpakninger og fysioterapeutiske behandlinger f\u00e5r alle deres virkning fra den samme geotermiske kilde, der f\u00f8rst tiltrak greverne af Auersperg. Pools - nogle udend\u00f8rs, andre beskyttet under glaspavilloner - inviterer til b\u00e5de fritid og rehabilitering: familier glider gennem det lunkne vand ved middagstid, mens rekonvalescenter forts\u00e6tter med ordinerede vand\u00f8velser under hv\u00e6lvede lofter. Denne synergi mellem tradition og innovation har styrket Dolenjske Toplices ry som Sloveniens f\u00f8rende sundheds- og turismedestination, et sted hvor empirisk stringens og h\u00e6vdvunden praksis forenes.<\/p>\n<p>Byens vitalitet r\u00e6kker dog ud over dens spa-\u00f8konomi. Arkitektonisk og kulturel arv giver genlyd i gyderne og f\u00e6llesomr\u00e5derne, og ingen er mere stemningsfuld end sognekirken dedikeret til Sankt Anna. Kirken, der oprindeligt blev opf\u00f8rt i gotisk stil \u2013 dens st\u00f8ttemure og lancetvinduer vidner om middelalderligt kirkeligt h\u00e5ndv\u00e6rk \u2013 gennemgik en barok restyling i slutningen af \u200b\u200bdet syttende \u00e5rhundrede med udsmykkede altertavler og en mere bugtet rumlig organisation. Som en del af det romersk-katolske stift Novo Mesto forankrer den ikke kun de troende i Dolenjske Toplice, men ogs\u00e5 dem fra de omkringliggende landlige sogne Soteska, Ko\u010devske Poljane og Ur\u0161na Sela. Selvom disse udkantssamfund ofte lider under mangel p\u00e5 fastboende pr\u00e6ster, udvider Dolenjske Toplice sogn sin pastorale r\u00e6kkevidde ud over kommunegr\u00e6nserne og tilbyder sakramental omsorg og liturgiske tjenester, der binder regionen sammen til et samlet \u00e5ndeligt stof.<\/p>","protected":false},"excerpt":{"rendered":"<p>Dolenjske Toplice, en malerisk by n\u00e6r Novo Mesto i det sydlige Slovenien, har en befolkning p\u00e5 omkring 900 indbyggere. Denne lille landsby ligger skjult ved Su\u0161ica-floden og er hovedstaden i Dolenjske Toplice kommune. Dens varme bade, som har lokket g\u00e6ster i \u00e5revis, er velkendte.<\/p>","protected":false},"author":1,"featured_media":17465,"parent":13345,"menu_order":0,"comment_status":"closed","ping_status":"closed","template":"elementor_theme","meta":{"_eb_attr":"","footnotes":""},"class_list":["post-17293","page","type-page","status-publish","has-post-thumbnail"],"_links":{"self":[{"href":"https:\/\/travelshelper.com\/da\/wp-json\/wp\/v2\/pages\/17293","targetHints":{"allow":["GET"]}}],"collection":[{"href":"https:\/\/travelshelper.com\/da\/wp-json\/wp\/v2\/pages"}],"about":[{"href":"https:\/\/travelshelper.com\/da\/wp-json\/wp\/v2\/types\/page"}],"author":[{"embeddable":true,"href":"https:\/\/travelshelper.com\/da\/wp-json\/wp\/v2\/users\/1"}],"replies":[{"embeddable":true,"href":"https:\/\/travelshelper.com\/da\/wp-json\/wp\/v2\/comments?post=17293"}],"version-history":[{"count":0,"href":"https:\/\/travelshelper.com\/da\/wp-json\/wp\/v2\/pages\/17293\/revisions"}],"up":[{"embeddable":true,"href":"https:\/\/travelshelper.com\/da\/wp-json\/wp\/v2\/pages\/13345"}],"wp:featuredmedia":[{"embeddable":true,"href":"https:\/\/travelshelper.com\/da\/wp-json\/wp\/v2\/media\/17465"}],"wp:attachment":[{"href":"https:\/\/travelshelper.com\/da\/wp-json\/wp\/v2\/media?parent=17293"}],"curies":[{"name":"wp","href":"https:\/\/api.w.org\/{rel}","templated":true}]}}