{"id":17269,"date":"2024-09-25T23:43:43","date_gmt":"2024-09-25T23:43:43","guid":{"rendered":"https:\/\/travelshelper.com\/staging\/?page_id=17269"},"modified":"2026-03-12T22:42:56","modified_gmt":"2026-03-12T22:42:56","slug":"rajecke-teplice","status":"publish","type":"page","link":"https:\/\/travelshelper.com\/da\/destinations\/europe\/slovakia\/rajecke-teplice\/","title":{"rendered":"Rajeck\u00e9 Teplice"},"content":{"rendered":"<p>Rajeck\u00e9 Teplice, en kompakt kommune beliggende i Slovakiets \u017dilina-region, udg\u00f8r landets fjerdemindste by m\u00e5lt p\u00e5 befolkning - med cirka 2.800 indbyggere - og optager en smal del af Rajec-bassinet omkring ti kilometer syd for \u017dilina. Omr\u00e5det er kendt for sine termiske kilder, der simrer ved 38 grader Celsius, og omfatter b\u00e5de det historiske kuromr\u00e5de og Poluvsie-distriktet under \u00e9n kommunal administration, med adgang via hovedvej I\/64 og jernbanelinjen \u017dilina-Rajec. Denne elegante sammenl\u00f8b af hydrotermisk oprindelse og dalens geografi placerer Rajeck\u00e9 Teplice som et varigt knudepunkt for balneologisk praksis og pastoral hvile.<\/p>\n<p>Kr\u00f8niken om menneskelig bevidsthed om disse vande str\u00e6kker sig til midten af \u200b\u200bdet fjortende \u00e5rhundrede, hvor en kartografisk gengivelse fra 1376 f\u00f8rst udpegede stedet - Thermae - mens et kongeligt charter fra Kong Ludvig den Store, der bevidnede &#034;Villa Tapolcha&#034;, gav den f\u00f8rste skriftlige anerkendelse af kilderne. To \u00e5rhundreder senere, i 1496, henviste Kong Vladislaus II i en donationsaftale til \u0160tefan Z\u00e1po\u013esk\u00fd til &#034;possessio Thoplycza&#034;, hvilket antydede fremkomsten af \u200b\u200ben beboet enklave omkring det helbredende grundvandsmagasin. Gennem disse tidlige bevidnelser overtog Rajeck\u00e9 Teplice sin rolle som et sted, hvor geologi og regeringsf\u00f8relse krydsede hinanden, hvor f\u00f8rstn\u00e6vntes underjordiske varme g\u00f8dede b\u00e5de kroppe og bureaukratiske interesser.<\/p>\n<p>I begyndelsen af \u200b\u200bdet syttende \u00e5rhundrede havde Lietava-dom\u00e6net \u2013 inden for hvis enorme omr\u00e5de kilderne faldt \u2013 bevirket de f\u00f8rste udviklinger: et rudiment\u00e6rt spahus og et v\u00e6rtshus for velhavende g\u00e6ster, og dermed lagt grunden til den bos\u00e6ttelse, der skulle udvikle sig til nutidens spaby. Den f\u00f8rste detaljerede balneografiske beretning, skrevet af professor Christoph Wilhelm Hufelands samtidige, professor David Gottfried Cranz, beskrev tre beskedent overd\u00e6kkede bassiner og roste vandets gavnlige virkninger p\u00e5 lammelse, gigt, \u00f8dem og dermatologiske lidelser \u2013 et tidligt vidnesbyrd om stedets terapeutiske prestige.<\/p>\n<p>Byggeriet accelererede i 1610 under palatiner Juraj Thurzos auspicier, der, som beviser fra et dokument fra 1604 bekr\u00e6fter, holdt kilderne s\u00e5 h\u00f8jt, at han bestilte et murstenspal\u00e6 best\u00e5ende af seks g\u00e6stekammer. Men efter hans d\u00f8d udl\u00f8ste delingen af \u200b\u200bLietava-dom\u00e6net en periode med fors\u00f8mmelse, hvor spaens infrastruktur forsvandt. F\u00f8rst hen imod slutningen af \u200b\u200bdet attende \u00e5rhundrede skete der en fornyelse, da baron J\u00e1n Kalis - selv en arving til det oprindelige dom\u00e6ne - investerede betydeligt i en ny murstenspavillon med fjorten lejligheder og dermed genindf\u00f8rte Rajeck\u00e9 Teplices status som en destination for b\u00e5de adel, borgere og almue, der hver is\u00e6r bes\u00f8gte en af \u200b\u200btre udpegede bassiner.<\/p>\n<p>Vandet i sig selv tiltrak f\u00f8rste gang videnskabelig refleksion i 1776, da Pavol Adami gav den tidligste bevarede beskrivelse af dets sammens\u00e6tning; sytten \u00e5r senere, i 1793, udgav Dr. Amad\u00e9 Kelin, der tjente som l\u00e6ge i Tur\u010dianska Amt, den f\u00f8rste monografi i Wien og udbredte dermed Rajeck\u00e9 Teplices dyder i hele Kongeriget Ungarn. Derefter, gennem hele det nittende \u00e5rhundrede, blomstrede byen som et foretrukket sommertilflugtssted for aristokratiet og det velhavende borgerskab, og dens samordnede udvidelse af behandlingsomr\u00e5der og indkvarteringsmuligheder vidnede om et spirende klientel.<\/p>\n<p>F\u00f8rste Verdenskrigs omv\u00e6ltninger udl\u00f8ste en markant nedgang: antallet af udenlandske bes\u00f8gende svandt ind, og byens ber\u00f8mmelse forsvandt til kun lokal fremtr\u00e6dende plads. Ikke desto mindre oplevede mellemkrigstiden (1925-1937) opf\u00f8relsen af \u200b\u200b\u200b\u200bvartegnende faciliteter - Spahuset, Ban\u00edk Spa-instituttet og hotellerne Ve\u013ek\u00e1 Fatra og Mal\u00e1 Fatra - hver struktur afspejlede moderne arkitektonisk f\u00f8lsomhed og en fornyet forpligtelse til terapeutisk innovation.<\/p>\n<p>Under den slovakiske stats tid i 1941 overgik forvaltningen af \u200b\u200bspaen til Arbejdernes Socialforsikringsselskab, som indviede en udend\u00f8rs termisk swimmingpool og dermed demokratiserede adgangen til det helbredende vand. I 1959 gav de nationale myndigheder Rajeck\u00e9 Teplice formel status som spaby, afgr\u00e6nsede beskyttende gr\u00e6nser for kilderne og kodificerede omr\u00e5dets balneologiske betydning. \u00c5rtierne efter Anden Verdenskrig indvarslede spaens st\u00f8rste h\u00f8jdepunkt, da investeringer i medicinsk udstyr og indkvartering voksede, hvilket kulminerede i byens oph\u00f8jelse til bystatus i 1989.<\/p>\n<p>I dag, i Raj\u010danka-flodens dal \u2013 flankeret af S\u00fa\u013eov-bakkernes l\u00f8v- og n\u00e5letr\u00e6sskr\u00e5ninger og L\u00fa\u010dansk\u00e1 Mal\u00e1 Fatra-bjergene \u2013 pr\u00e6senterer Rajeck\u00e9 Teplice et v\u00e6ld af helbredende infrastruktur og rolig skov. Bes\u00f8gende kan slentre langs spa-dammen i bymidten, deltage i hydroterapibehandlinger i sundhedskomplekset eller krydse utallige vandrestier, der f\u00f8rer op til Kozol Naturreservat, en 91,58 hektar stor enklave pr\u00e6get af sj\u00e6ldne blomstersamlinger og med panoramaer over klippeformationer, huler og spr\u00e6kker hugget ind i gamle dolomitter.<\/p>\n<p>Kulturarv findes i kapeller og klostre, der vidner om b\u00e5de tro og erindring: Jomfru Marias Himmelfarts Kapel, Jesu Hjertes Kirke og Sankt Cyril og Methodius Kirke i Poluvsie \u2013 som alle sameksisterer side om side med et h\u00f8jtideligt monument til minde om de faldne fra F\u00f8rste Verdenskrig. Mellemliggende promenader gennem bymidten afsl\u00f8rer badehuse, hvis facader fremkalder spaens lagdelte historie, mens moderne etablissementer \u2013 fitnesscentre, tennisbaner, minigolf- og discgolfbaner og Rajec Golf Park \u2013 supplerer det terapeutiske regime med rekreative aktiviteter.<\/p>\n<p>Centralt for byens moderne identitet er dens geotermiske ressource: en bikarbonat-calcium-magnesiumkilde, der udspringer ved 38 \u00b0C, ikke er belastet af kemisk behandling, og som er ordineret til funktionelle og degenerative sygdomme i bev\u00e6geapparatet, postoperativ rekonvalescens af st\u00f8rre led og rygmarvsindgreb samt udvalgte lidelser i nervesystemet. Inden for rammerne af en omfattende spabehandling modtager g\u00e6sterne hydroterapi, elektroterapimodaliteter, paraffinbehandlinger, manipulationsteknikker, gasinjektioner og b\u00e5de individuel og gruppebaseret idr\u00e6t - en integrerende tilgang, der har cementeret Rajeck\u00e9 Teplices plads i Europas balneologiske pantheon.<\/p>\n<p>De omkringliggende skovomr\u00e5der, hjemsted for gr\u00e6vlinger, r\u00e6ve, m\u00e5rer, kronhjorte, ugler og \u00f8rne, og den klare lokale atmosf\u00e6re - praktisk talt fri for partikler - har gjort byen til et foretrukket tilflugtssted ikke kun for slovakiske rekonvalescenter, men ogs\u00e5 for g\u00e6ster fra Tjekkiet, Polen og Tyskland. Cykelruter snor sig gennem dalbunden, mens skyggefulde stier lokker vandrere til at observere den overflod af Karpaternes flora. I hver s\u00e6son pr\u00e6senterer Rajeck\u00e9 Teplice en syntese af medicinsk pr\u00e6cision og naturlig pragt: et sted, hvor \u00e5rhundreders rytme giver genlyd under det termiske vands susurrus.<\/p>","protected":false},"excerpt":{"rendered":"<p>Rajeck\u00e9 Teplice, der ligger i Slovakiets \u017dilina-region, er en lille by med den fjerdemindste befolkning i landet. Med sit terapeutiske vand og rolige omgivelser har denne dejlige ferieby - kendt for sine naturlige termiske kilder - betaget g\u00e6ster i evigheder. Beliggende i den nordlige del af Rajecka-bassinet, omkring 10 kilometer syd for \u017dilina, giver Rajeck\u00e9 Teplice bevis p\u00e5 omr\u00e5dets rige historie og naturlige sk\u00f8nhed.<\/p>","protected":false},"author":1,"featured_media":17604,"parent":13300,"menu_order":0,"comment_status":"closed","ping_status":"closed","template":"elementor_theme","meta":{"_eb_attr":"","footnotes":""},"class_list":["post-17269","page","type-page","status-publish","has-post-thumbnail"],"_links":{"self":[{"href":"https:\/\/travelshelper.com\/da\/wp-json\/wp\/v2\/pages\/17269","targetHints":{"allow":["GET"]}}],"collection":[{"href":"https:\/\/travelshelper.com\/da\/wp-json\/wp\/v2\/pages"}],"about":[{"href":"https:\/\/travelshelper.com\/da\/wp-json\/wp\/v2\/types\/page"}],"author":[{"embeddable":true,"href":"https:\/\/travelshelper.com\/da\/wp-json\/wp\/v2\/users\/1"}],"replies":[{"embeddable":true,"href":"https:\/\/travelshelper.com\/da\/wp-json\/wp\/v2\/comments?post=17269"}],"version-history":[{"count":0,"href":"https:\/\/travelshelper.com\/da\/wp-json\/wp\/v2\/pages\/17269\/revisions"}],"up":[{"embeddable":true,"href":"https:\/\/travelshelper.com\/da\/wp-json\/wp\/v2\/pages\/13300"}],"wp:featuredmedia":[{"embeddable":true,"href":"https:\/\/travelshelper.com\/da\/wp-json\/wp\/v2\/media\/17604"}],"wp:attachment":[{"href":"https:\/\/travelshelper.com\/da\/wp-json\/wp\/v2\/media?parent=17269"}],"curies":[{"name":"wp","href":"https:\/\/api.w.org\/{rel}","templated":true}]}}