{"id":17238,"date":"2024-09-25T23:14:21","date_gmt":"2024-09-25T23:14:21","guid":{"rendered":"https:\/\/travelshelper.com\/staging\/?page_id=17238"},"modified":"2026-03-12T22:35:10","modified_gmt":"2026-03-12T22:35:10","slug":"bojnice","status":"publish","type":"page","link":"https:\/\/travelshelper.com\/da\/destinations\/europe\/slovakia\/bojnice\/","title":{"rendered":"Bojnice"},"content":{"rendered":"<p>Bojnice, en by med cirka 5.000 indbyggere, har en strategisk beliggenhed i det \u00f8stlige Slovakiet langs Nitra-floden, lige under det middelalderlige Bojnice-slot. Beliggende i den \u00f8vre Nitra-floddal ved foden af \u200b\u200bStr\u00e1\u017eov-bjergene deler den et offentligt transportnetv\u00e6rk med den n\u00e6rliggende by Prievidza og ligger omkring 60 kilometer syd for \u017dilina og 65 kilometer \u00f8st for Tren\u010d\u00edn.<\/p>\n<p>Historien om Bojnice begynder i forhistorisk tid, hvor den helbredende varme fra dens termiske kilder f\u00f8rst tiltrak menneskelig opm\u00e6rksomhed under Riss-W\u00fcrm-istiden for omkring 100.000 \u00e5r siden. Fossiliserede rester af pleistoc\u00e6ne pattedyr, indlejret i travertinaflejringer, vidner om b\u00e5de den lokale faunas rigdom og tilstedev\u00e6relsen af \u200b\u200bmenneskelige grupper p\u00e5 jagt efter n\u00e6ring og ly. I de huleagtige afkroge af det, der nu er Prepo\u0161tsk\u00e1-hulen, vidner stengenstande - skrabere, spidser og bor - om neandertalerbeboelse i Levallois-Mousterian-\u00e6raen, mellem 70.000 og 40.000 f.Kr. Fragment\u00e6re spor fra den nedre pal\u00e6olitikum og neolitikum giver anledning til mere substantielle tegn p\u00e5 permanent beboelse af Hallstatt-kulturen fra det ottende \u00e5rhundrede f.Kr. og fremefter.<\/p>\n<p>P\u00e5 det travertinfremspring, der senere skulle blive borgh\u00f8jen, opf\u00f8rte samfund fra P\u00fachov-kulturen deres f\u00f8rste bef\u00e6stninger omkring \u00e5rtusindskiftet f.Kr. Senere omdannede slaviske bos\u00e6ttere dette forbjerg til et centrum for h\u00e5ndv\u00e6rk, handel og forsvar og efterlod sig jernredskaber og sk\u00e5r af karakteristisk keramik. Kontinuitet i bos\u00e6ttelsen har varet siden det niende \u00e5rhundrede, hvor den bef\u00e6stede bakketop fik sin vedvarende rolle som hjertet af den regionale myndighed.<\/p>\n<p>Den f\u00f8rste skriftlige omtale af Bojnice dateres tilbage til 1113, hvor Zobor-dokumenterne omtaler &#034;de suburbanis Baimoz&#034; som forstaden under slottet. Dette dokument n\u00e6vner ogs\u00e5 en pr\u00e6steg\u00e5rdsbygning; en kirke optr\u00e6der i bevarede optegnelser fra 1244, hvilket bekr\u00e6fter Bojnices status som et centrum for det religi\u00f8se liv i \u00d8vre Nitra. I 1366 gav Kong Ludvig 1. af Ungarn byprivilegier, der omfattede rettigheder til et slagteri, en m\u00f8lle, spa-drift og regelm\u00e6ssige markeder, og lagde dermed grundlaget for \u00f8konomisk v\u00e6kst gennem handel og specialiseret h\u00e5ndv\u00e6rk.<\/p>\n<p>Den sene middelalder bragte milit\u00e6r fare til Karpaternes gr\u00e6nse, hvilket fik Turz- og senere P\u00e1lffy-familierne til at f\u00f8re tilsyn med opf\u00f8relsen af \u200b\u200bforsvarsmure omkring b\u00e5de slottet og byen. I 1663 var denne bolv\u00e6rk f\u00e6rdiggjort, hvilket forst\u00e6rkede Bojnices rolle som en bastion p\u00e5 den kongelige vej kendt som Magna via, som forbandt Wien med Transsylvanien. Fra 1613 til 1823 fungerede Bojnice som en af \u200b\u200bHabsburg-monarkiets vigtige poststationer og letter transporten af \u200b\u200bsalt, jern og \u00e6dle metaller i Centraleuropa. Kejser Ferdinand III genindf\u00f8rte byprivilegier i 1647 og bekr\u00e6ftede dermed byens borgerlige autonomi.<\/p>\n<p>Laug, der afspejlede Bojnices \u00f8konomis kompleksitet, opstod i midten af \u200b\u200bdet syttende \u00e5rhundrede. Optegnelser fra 1653 n\u00e6vner tilstedev\u00e6relsen af \u200b\u200bskomagere, murere, skr\u00e6ddere, v\u00e6vere, farvere, buntmagere og b\u00f8dkere. Den kommunale styring l\u00e5 i h\u00e6nderne p\u00e5 en borgmester og tolv senatorer, st\u00f8ttet af en notar og en hajd\u00fach, hvis h\u00e5ndh\u00e6velsesinstrumenter - en gabestok og et byf\u00e6ngsel - stod p\u00e5 hovedtorvet. Bojnice bevarede sin rolle som regionens \u00f8konomiske, administrative og milit\u00e6re centrum indtil 1872, hvor nabolandet Prievidza gradvist overtog disse funktioner i de f\u00f8rste \u00e5rtier af det tyvende \u00e5rhundrede.<\/p>\n<p>Kernen i Bojnices vedvarende appel st\u00e5r selve slottet, der f\u00f8rst blev dokumenteret i 1113 som et tr\u00e6fort. I l\u00f8bet af de efterf\u00f8lgende \u00e5rhundreder erstattede successive ejere tr\u00e6palisader med massive stenmure og t\u00e5rne. I det tyvende \u00e5rhundrede ombyggede familien P\u00e1lffy, styret af romantiske f\u00f8lelser, komplekset til dets nuv\u00e6rende eventyrlignende form med slanke t\u00e5rne, udsmykkede arkader og en silhuet, der hviler p\u00e5 travertinklipper, der skjuler en naturlig hule. I dag huser slottet et nationalmuseum, hvis gallerier bevarer artefakter og kunstv\u00e6rker, der sporer regionens historie. Filmskabere har gentagne gange vendt sig mod dets stemningsfulde rum, og hvert for\u00e5r er g\u00e5rden v\u00e6rt for den internationale festival for sp\u00f8gelser og \u00e5nder, hvor g\u00e6ster med billet - som koster cirka 150 slovakiske koruna - bliver f\u00f8rt p\u00e5 en teatralsk genskabelse af sp\u00f8gelseslegender, der opretholdes af lokal overlevering. Slottets kalender omfatter ogs\u00e5 s\u00e6sonbestemte begivenheder s\u00e5som et eventyrslotsprogram, en Valentinsweekendfejring og en Jul p\u00e5 slottet-begivenhed.<\/p>\n<p>De termiske kilder, der engang tiltrak forhistoriske j\u00e6gere, forts\u00e6tter med at underst\u00f8tte Bojnices status som en af \u200b\u200bSlovakiets \u00e6ldste kurbyer. Det helbredende vand, der f\u00f8rst blev registreret i 1549, kommer fra dybder p\u00e5 1.200 til 1.500 meter med temperaturer mellem 28 og 52 \u00baC fra ni br\u00f8nde, der tilsammen udleder omkring 40 liter i sekundet. Moderne spafaciliteter henvender sig til patienter med forstyrrelser i bev\u00e6geapparatet, reumatiske lidelser, posttraumatiske og ortop\u00e6diske f\u00f8lgevirkninger hos unge, neurologiske lidelser og erhvervsm\u00e6ssige lidelser. I h\u00f8jsommeren tilbyder udend\u00f8rs sv\u00f8mmeanl\u00e6g - best\u00e5ende af tre bassiner - de bes\u00f8gende et pusterum fra varmen og forener terapeutisk tradition med rekreativ fritid.<\/p>\n<p>I 1955 tilf\u00f8jede etableringen af \u200b\u200bBojnice Zoo en yderligere dimension til byens kulturelle og videnskabelige tilbud. I 2006 var den vokset til at huse over 1.800 individuelle dyr, der repr\u00e6senterede 355 arter. Dens indhegninger, der er beliggende i et anlagt parkomr\u00e5de med tr\u00e6levende eksemplarer fra hele verden, muligg\u00f8r t\u00e6t observation af 75 pattedyrarter, 138 forskellige fuglearter, 86 fiskearter og 47 krybdyrsorter. Ungdomsrettede attraktioner, der sp\u00e6nder fra l\u00e6rerige udstillinger til interaktive legeomr\u00e5der, sikrer, at b\u00f8rn engagerer sig direkte i bevarings- og naturhistorieprocesserne.<\/p>\n<p>Demografiske \u00f8jebliksbilleder afspejler en stort set homogen befolkning: folket\u00e6llingen i 2001 registrerede 5.006 indbyggere, hvoraf 97,06 procent identificerede sig som slovakiske, 0,68 procent som tjekker og 0,24 procent som tyske (karpatertyskere). Religi\u00f8s tilh\u00f8rsforhold var domineret af romersk-katolikker med 74,55 procent, hvor 19 procent rapporterede ingen religi\u00f8s tilh\u00f8rsforhold og cirka 2 procent abonnerede p\u00e5 lutheranismen.<\/p>\n<p>Gennem hele det tyvende \u00e5rhundrede udnyttede Bojnice sin historiske rigdom, sine termiske ressourcer og sin zoologiske institution til at etablere sig som en fremtr\u00e6dende destination for bes\u00f8gende fra hele Slovakiet og andre steder. \u00c5rlige kulturelle og sportslige begivenheder tr\u00e6kker folkem\u00e6ngder til byens kompakte centrum, hvor middelalderlige gadem\u00f8nstre og historisk arkitektur fremkalder lag af menneskelig str\u00e6ben. Uanset om man s\u00f8ger videnskabelig indsigt i forhistorisk ark\u00e6ologi, kontemplation i slotshaller, terapeutisk restaurering i spa-vand eller den simple forn\u00f8jelse ved at observere eksotisk fauna, bel\u00f8nner Bojnice den rejsende ved hver eneste begivenhed.<\/p>\n<p>I hver s\u00e6son tilbyder byen en syntese af historie, videnskab og sundhed, der samles p\u00e5 \u00e9t punkt, hvor termiske dampe stiger op mod baggrunden af \u200b\u200bgotiske t\u00e5rne, og hvor ekkoerne af fjerne postvogne giver genlyd under stenbuegange. Dens vedvarende karakter opst\u00e5r ikke fra et massivt skue, men fra den stille v\u00e6rdighed af ubrudt bos\u00e6ttelse, den fortsatte str\u00f8m af varme mineralkilder og bevarelsen af \u200b\u200btraditioner, der sp\u00e6nder over \u00e5rtusinder. Bojnice st\u00e5r som et vidnesbyrd om et lille samfunds - p\u00e5 kun fem tusinde sj\u00e6le - evne til at opretholde en arv, der bygger bro mellem pal\u00e6olitiske huleboere, middelalderlige gejstlige, oplysningstidens milit\u00e6ringeni\u00f8rer og moderne kuratorer af natur- og kulturarv. Dens historie er lige s\u00e5 levende i dag, som den var, da de f\u00f8rste flintesten blev sl\u00e5et mod forhistorisk klippe, hvilket inviterer til refleksion over kontinuumet af menneskelig tilstedev\u00e6relse i dette hj\u00f8rne af Centraleuropa.<\/p>","protected":false},"excerpt":{"rendered":"<p>Beliggende i den maleriske \u00f8vre Nitra-floddal i det \u00f8stlige Slovakiet, st\u00e5r Bojnice som et vidnesbyrd om det rige gobelin af europ\u00e6isk historie og kultur. Denne charmerende by, med en befolkning p\u00e5 cirka 5.000 indbyggere, ligger lige under det ikoniske Bojnice Slot og n\u00e6r byen Prievidza. Bojnice, som ligger under Str\u00e1\u017eov-bjergene, har udviklet sig til et af Slovakiets mest elskede turiststeder og \u00e6ldste kurbyer under indflydelse af sin strategiske beliggenhed.<\/p>","protected":false},"author":1,"featured_media":17502,"parent":13300,"menu_order":0,"comment_status":"closed","ping_status":"closed","template":"elementor_theme","meta":{"_eb_attr":"","footnotes":""},"class_list":["post-17238","page","type-page","status-publish","has-post-thumbnail"],"_links":{"self":[{"href":"https:\/\/travelshelper.com\/da\/wp-json\/wp\/v2\/pages\/17238","targetHints":{"allow":["GET"]}}],"collection":[{"href":"https:\/\/travelshelper.com\/da\/wp-json\/wp\/v2\/pages"}],"about":[{"href":"https:\/\/travelshelper.com\/da\/wp-json\/wp\/v2\/types\/page"}],"author":[{"embeddable":true,"href":"https:\/\/travelshelper.com\/da\/wp-json\/wp\/v2\/users\/1"}],"replies":[{"embeddable":true,"href":"https:\/\/travelshelper.com\/da\/wp-json\/wp\/v2\/comments?post=17238"}],"version-history":[{"count":0,"href":"https:\/\/travelshelper.com\/da\/wp-json\/wp\/v2\/pages\/17238\/revisions"}],"up":[{"embeddable":true,"href":"https:\/\/travelshelper.com\/da\/wp-json\/wp\/v2\/pages\/13300"}],"wp:featuredmedia":[{"embeddable":true,"href":"https:\/\/travelshelper.com\/da\/wp-json\/wp\/v2\/media\/17502"}],"wp:attachment":[{"href":"https:\/\/travelshelper.com\/da\/wp-json\/wp\/v2\/media?parent=17238"}],"curies":[{"name":"wp","href":"https:\/\/api.w.org\/{rel}","templated":true}]}}