{"id":17077,"date":"2024-09-25T14:29:22","date_gmt":"2024-09-25T14:29:22","guid":{"rendered":"https:\/\/travelshelper.com\/staging\/?page_id=17077"},"modified":"2026-03-12T21:17:57","modified_gmt":"2026-03-12T21:17:57","slug":"sangeorz-bai","status":"publish","type":"page","link":"https:\/\/travelshelper.com\/da\/destinations\/europe\/romania\/sangeorz-bai\/","title":{"rendered":"S\u00e2ngeorz-B\u0103i"},"content":{"rendered":"<p>S\u00e2ngeorz-B\u0103i ligger ved den nord\u00f8stlige kant af det Transylvanske Plateau, hvor Rodna-bjergene str\u00e6kker sig i en r\u00e6kke skovkl\u00e6dte skr\u00e5ninger mod bredden af \u200b\u200bSome\u0219ul Mare-floden. I en h\u00f8jde af 465 meter indtager byen en strategisk position delvist inden for Rodna-bjergenes nationalpark, hvis gr\u00e6nser str\u00e6kker sig til to administrerede landsbyer, Cormaia og Valea Borcutului. Nationalvej DN17, der er en del af den europ\u00e6iske rute E58, krydser bygden og forbinder den med Dej i Cluj Amt mod vest og Suceava mod \u00f8st. S\u00e2ngeorz-B\u0103i ligger tredive kilometer fra N\u0103s\u0103ud og fyrre kilometer fra amtshovedstaden Bistri\u021ba og kombinerer sin funktion som et lokalt administrativt centrum med et ry som et af Rum\u00e6niens f\u00f8rende balneo-klimatiske feriesteder. If\u00f8lge folket\u00e6llingen i 2021 var befolkningen 10.931, en stigning fra 9.679 i 2011, hvilket afspejler b\u00e5de dens appel til fastboende og den s\u00e6sonbestemte tilstr\u00f8mning af sundhedsorienterede bes\u00f8gende.<\/p>\n<p>S\u00e2ngeorz-B\u0103is oprindelse kan spores tilbage til den naturlige sammensmeltning af geografi og hydrologi. Selve byen udfolder sig langs den h\u00f8jre bred af Some\u0219ul Mare, lige nedstr\u00f8ms fra krydset med Cormaia-floden. Denne topografi langs flodbredden skabte betingelser for tidlig bos\u00e6ttelse og senere for udnyttelse af mineralkilder. Folkeminden bevarer den flersprogede fortid i omr\u00e5det, kendt p\u00e5 ungarsk som Ol\u00e1hszentgy\u00f6rgy og p\u00e5 tysk som Sankt Georgen, hvor hvert stednavn signalerer Transsylvaniens kulturelle lag. Administrativt udvider de to landsbyer under byens jurisdiktion - Cormaia (Korm\u00e1ja) og Valea Borcutului (Borpatak) - zonen for civilt styre ind i tilst\u00f8dende dale, hvor skov og gr\u00e6sningsarealer har underst\u00f8ttet landdistrikternes levebr\u00f8d i \u00e5rhundreder.<\/p>\n<p>Jordbunden og undergrunden i omr\u00e5det giver ti forskellige mineralkilder, hvis vand varierer i mineralsammens\u00e6tning og temperatur. Disse kilder, der historisk set blev betragtet som helbredende for ford\u00f8jelsesproblemer, leverlidelser og gigtproblemer, gav S\u00e2ngeorz-B\u0103i status som balneo-klimatisk feriested i begyndelsen af \u200b\u200bdet tyvende \u00e5rhundrede. I midten af \u200b\u200b\u00e5rhundredet begyndte medicinske myndigheder systematiske analyser af vandet og sammenlignede det positivt med de ber\u00f8mte kilder i Vichy i Frankrig og Karlovy Vary i Tjekkiet. Kvaliteten af \u200b\u200bden lokale luft, renset og tempereret af de omkringliggende b\u00f8ge-, gran-, fyr- og granskove, bidrager yderligere til de behandlinger, der foreskrives her.<\/p>\n<p>Udviklingen af \u200b\u200bspecialiserede faciliteter skete sidel\u00f8bende med videnskabelig anerkendelse af vandene. Et moderne behandlingscenter har en central placering i feriestedets park. Det huser hydroterapibassiner, elektroterapiapparater, varme mineralvandsbade og mofettakamre, hvor patienter kan opleve kuldioxidrig luft fra vulkanske kilder. Aerosolhaller og inhalationskabiner henvender sig til luftvejsproblemer, mens paraffinindpakningsstationer og medicinske fitnesscentre muligg\u00f8r rehabiliteringsprogrammer skr\u00e6ddersyet til muskuloskeletale lidelser. Diversificeringen af \u200b\u200bterapeutiske modaliteter afspejler en holistisk tilgang til sundhed, der integrerer passive immersionsterapier med overv\u00e5get fysisk tr\u00e6ning og respiratorisk pleje.<\/p>\n<p>Indkvarteringsinfrastrukturen er blevet udvidet for at underst\u00f8tte b\u00e5de rekonvalescerende og ferieg\u00e6ster. Hebe Hotel, der blev opf\u00f8rt under socialismen, tilbyder ni hundrede sengepladser, mens det tidligere UGSR Hotel \u2013 nu fungerer som Hotel Some\u015ful med en tostjernet klassificering \u2013 tilbyder yderligere seks hundrede pladser. Et netv\u00e6rk af privatdrevne villaer, g\u00e6stehuse og hytter supplerer disse st\u00f8rre enheder, lige fra enstjernede indkvarteringssteder til trestjernede etablissementer. Udvalget af muligheder henvender sig til et bredt socio\u00f8konomisk spektrum, fra indenlandske bes\u00f8gende, der s\u00f8ger kortvarige kure, til udenlandske g\u00e6ster p\u00e5 udvidede wellnessprogrammer.<\/p>\n<p>Udover sine spa-tilbud bevarer S\u00e2ngeorz-B\u0103i steder af arkitektonisk og kulturel betydning. Selve ferieparken er anlagt som en anlagt oase med pavilloner, promenader og skyggefulde b\u00e6nke arrangeret midt i de medicinske kilder. En Carrara-marmorstatue af gudinden Hebe, rejst i 1880, st\u00e5r i hjertet af dette ensemble, en hyldest fra det nittende \u00e5rhundrede til byens helbredende kald. To kunstgallerier i n\u00e6rheden afspejler en forpligtelse til kulturel berigelse; de \u200b\u200ber v\u00e6rt for skiftende udstillinger af regionale malere, billedhuggere og kunsth\u00e5ndv\u00e6rkere, der forbinder terapeutisk retreat med \u00e6stetisk v\u00e6rds\u00e6ttelse.<\/p>\n<p>I udkanten af \u200b\u200blandsbyen Cormaia ligger det ortodokse nonnekloster, der er en sl\u00e5ende kontrast mellem gammelt og moderne. Kirken, der blev grundlagt i 2003, er centreret omkring en tr\u00e6kirke, der oprindeligt blev bygget mellem 1749 og 1751 i Porcaia-dalen. Kirken, der engang tilh\u00f8rte et kloster, der blev grundlagt i 1733 under protektion af biskop Misail af R\u00e1d\u00f3c, blev flyttet tre gange, f\u00f8r den endelige placering fandtes her. Dens ikonostase b\u00e6rer en \u00f8vre r\u00e6kke ikoner fra 1751, der vidner om de transylvanske ikonmaleres dygtighed i det 18. \u00e5rhundrede. Klosterkomplekset kombinerer i dag klosterg\u00e6stfrihed med muligheder for pilgrimme og bes\u00f8gende til at deltage i daglige gudstjenester i et milj\u00f8 af kontemplativ ro.<\/p>\n<p>Demografisk har S\u00e2ngeorz-B\u0103i oplevet subtile \u00e6ndringer i de seneste \u00e5rtier. Folket\u00e6llingen i 2002 registrerede 97,8 procent etniske rum\u00e6nere, 1,5 procent romaer og 0,5 procent ungarere, med konfessionelle tilh\u00f8rsforhold p\u00e5 73,1 procent rum\u00e6nsk-ortodokse, 19,7 procent pinsebev\u00e6gelsen og 5,9 procent gr\u00e6sk-katolske. I 2021 forblev den etniske sammens\u00e6tning overvejende rum\u00e6nsk p\u00e5 90,82 procent, med 1,15 procent romaer og 7,89 procent ikke-erkl\u00e6ret; religi\u00f8s tilh\u00f8rsforhold registrerede 61,36 procent ortodokse, 25,55 procent pinsebev\u00e6gelsen, 4,07 procent gr\u00e6sk-katolske og 8,12 procent ikke-erkl\u00e6ret. Disse data tyder p\u00e5 b\u00e5de kontinuitet og gradvis diversificering i byens sociale struktur, samt en grad af revurdering af personlige identiteter over tid.<\/p>\n<p>De \u00f8kologiske omgivelser omkring S\u00e2ngeorz-B\u0103i styrker dens ry som en genoprettende destination. Rodna-bjergene, det st\u00f8rste massiv i de \u00f8stlige Karpater, rejser sig til alpine h\u00f8jder lige uden for byens nordlige udkant. I sommerm\u00e5nederne f\u00f8rer stierne gennem subalpine enge fyldt med vilde blomster, og om vinteren tiltr\u00e6kker sned\u00e6kkede pister langrendsl\u00f8bere og sneskovandrere. Den n\u00e6rliggende Rodna-bjergenes nationalpark bevarer gletsjercirquer, endemiske planter og beskyttet dyreliv og tilbyder guidede naturvandringer og fortolkningsprogrammer. Selvom feriestedets kerneidentitet forbliver medicinsk-terapeutisk, giver den tilst\u00f8dende vildmark rigelig mulighed for friluftsliv og milj\u00f8undervisning.<\/p>\n<p>S\u00e2ngeorz-B\u0103is rolle inden for det regionale netv\u00e6rk af bos\u00e6ttelser understreger dens \u00f8konomiske og logistiske betydning. Mod nord\u00f8st ligger Maieru, en kommune kendt for sit folkeh\u00e5ndv\u00e6rk og skovbrugsaktiviteter; mod sydvest fungerer Ilva Mic\u0103 som et landbrugscenter p\u00e5 tv\u00e6rs af Ilva-floddalen. DN17\/E58-korridoren, der forbinder disse og andre samfund, letter handel med t\u00f8mmer, mejeriprodukter og kunsth\u00e5ndv\u00e6rk, samtidig med at den inviterer rejsende til at stoppe op i S\u00e2ngeorz-B\u0103i for hvile og rekreation. P\u00e5 denne m\u00e5de fungerer byen b\u00e5de som et knudepunkt i det \u00f8stlige Karpater-transportsystem og som en destination i sig selv.<\/p>\n<p>Den historiske optegnelse over S\u00e2ngeorz-B\u0103i afsl\u00f8rer successive lag af bos\u00e6ttelse og styring. Tidlige referencer til &#034;Sankt Georgs Bad&#034; vidner om lokal kendskab til kilderne i middelalderen, selvom formel anerkendelse som kursted fandt sted i slutningen af \u200b\u200bdet attende og begyndelsen af \u200b\u200bdet nittende \u00e5rhundrede under Habsburg-administrationen. \u00d8strig-ungarske kort betegner &#034;Ol\u00e1hszentgy\u00f6rgy f\u00fcrd\u0151&#034;, hvilket markerer det som en kejserlig sundhedsstation. I mellemkrigstiden i Storrum\u00e6nien fortsatte investeringerne i medicinsk infrastruktur, hvilket kulminerede i statsdrevne sanatorier. Den socialistiske \u00e6ra oplevede yderligere udvidelse af faciliteterne, herunder opf\u00f8relsen af \u200b\u200bHebe Hotel og udvidede behandlingsafdelinger. Siden 1990&#039;erne har den postkommunistiske udvikling fokuseret p\u00e5 privatisering af g\u00e6stehuse, restaurering af historiske strukturer og overholdelse af europ\u00e6iske standarder for sundhedsturisme.<\/p>\n<p>Kulturelt set opretholder byen traditionelle kalenderfester, der afspejler de transylvanske landlige m\u00f8nstre. Religi\u00f8se processioner h\u00e6drer festdagene for skytshelgener, is\u00e6r Sankt Georg, mens pinsemenigheder markerer forskellige ritualer om for\u00e5ret og sommeren. Folkemusik- og dansearrangementer genopliver med j\u00e6vne mellemrum lokale melodiske traditioner, og \u00e5rlige kunsth\u00e5ndv\u00e6rksmesser fremviser tr\u00e6udsk\u00e6ring, broderi og v\u00e6vede tekstiler. Disse f\u00e6lles sammenkomster, der er placeret med bjergene og floden som baggrund, forst\u00e6rker den lokale identitet, selvom byen byder et udenlandsk klientel velkommen.<\/p>\n<p>Transportforbindelserne har udviklet sig til at underst\u00f8tte b\u00e5de offentlig og privat trafik. Regelm\u00e6ssige busforbindelser k\u00f8rer langs DN17\/E58 og forbinder S\u00e2ngeorz-B\u0103i med Bistri\u021ba, Suceava og l\u00e6ngere v\u00e6k til Baia Mare og Cluj-Napoca. Vejopgraderinger i det sidste \u00e5rti har forbedret sikkerheden p\u00e5 bjergpas, mens investeringer i cykelstier im\u00f8dekommer \u00f8koturister. De n\u00e6rmeste togstationer ved N\u0103s\u0103ud og Ilva Mic\u0103 er fortsat aktive knudepunkter for gods- og passagertog og tilbyder indirekte togadgang til kurstedet.<\/p>\n<p>Milj\u00f8forvaltning har vundet fremtr\u00e6dende plads blandt lokale myndigheder og naturbeskyttelsesorganisationer. Overv\u00e5gning af kildeudbytte og vandkvalitet sikrer, at udvinding til terapeutisk brug ikke overstiger den naturlige genopfyldningshastighed. Skovforvaltningsplaner balancerer turismeinfrastruktur med bevarelse af levesteder, og kommunale bestemmelser kr\u00e6ver gr\u00f8nne omr\u00e5der og spildevandsrensning i feriestedet. Uddannelsesinitiativer i skolerne understreger byens geologiske arv og vigtigheden af \u200b\u200bb\u00e6redygtig turismepraksis.<\/p>\n<p>Den \u00f8konomiske aktivitet i S\u00e2ngeorz-B\u0103i drejer sig i h\u00f8j grad om sundhedsturisme, hotel- og restaurationstjenester og relateret handel. Spaer, klinikker og wellnesscentre besk\u00e6ftiger en betydelig del af arbejdsstyrken, mens restauranter, caf\u00e9er og detailforretninger im\u00f8dekommer de bes\u00f8gendes behov. Landbrug og sm\u00e5 skovbrugsvirksomheder forts\u00e6tter i satellitlandsbyerne Cormaia og Valea Borcutului, hvor de producerer mejeriprodukter, honning og t\u00f8mmer til regionale markeder. Symbiosen mellem sundhedsydelser og landlig produktion underst\u00f8tter en lokal \u00f8konomi, der balancerer moderne faciliteter med traditionelle erhverv.<\/p>\n<p>S\u00e2ngeorz-B\u0103is visuelle karakter blander folkelig arkitektur med bygninger fra det 20. \u00e5rhundrede. Tr\u00e6huse med stejle tage ligger ved siden af \u200b\u200bhoteller fra socialismen, mens nyere villaer har forenklede, funktionalistiske designs. Bybilledet f\u00f8lger flodens kurve, og offentlige rum - s\u00e5som promenaden langs Some\u0219ul Mare - tilbyder mulighed for afslappede spadsereture blandt ahorn- og lindetr\u00e6er. Gadeskilte og informationstavler findes kun p\u00e5 rum\u00e6nsk, hvilket afspejler den overvejende rum\u00e6nske demografi, selvom lejlighedsvise tosprogede noter hylder regionens historiske mangfoldighed.<\/p>\n<p>Medicinske forskningssamarbejder er begyndt at forbinde S\u00e2ngeorz-B\u0103i med universitetshospitaler i Cluj-Napoca og Bukarest. Unders\u00f8gelser af kildernes mineralsammens\u00e6tning forts\u00e6tter, med s\u00e6rlig v\u00e6gt p\u00e5 bikarbonat-, calcium- og magnesiumioner, som menes at p\u00e5virke metaboliske processer. Pilotprojekter unders\u00f8ger brugen af \u200b\u200bmofetta-gasser til kardiovaskul\u00e6r rehabilitering, mens kliniske fors\u00f8g vurderer langsigtede resultater af kombinerede spa- og fysioterapier. Disse partnerskaber sigter mod at positionere S\u00e2ngeorz-B\u0103i inden for Europas netv\u00e6rk af spa-forskningscentre og dermed forbedre b\u00e5de den videnskabelige trov\u00e6rdighed og den terapeutiske effekt.<\/p>\n<p>Uddannelse og tr\u00e6ning inden for resortsektoren modtager st\u00f8tte fra erhvervsskoler i Bistri\u021ba-N\u0103s\u0103ud Amt. Kurser i hotel- og hospitality management, fysioterapi og spaterapi kl\u00e6der nye kandidater p\u00e5 til ans\u00e6ttelse p\u00e5 S\u00e2ngeorz-B\u0103is hoteller og klinikker. Workshops om l\u00f8bende faglig udvikling, der ofte afholdes p\u00e5 det lokale behandlingscenter, opdaterer behandlere om de nyeste teknikker inden for hydroterapi og respiratorisk pleje. Disse uddannelsesm\u00e6ssige forbindelser styrker byens status som b\u00e5de et sted for helbredelse og et center for specialiseret ekspertise.<\/p>\n<p>Saml\u00f8bet af kultur, natur og medicin i S\u00e2ngeorz-B\u0103i eksemplificerer en konvergens af v\u00e6rdier, der definerer mange bjergresorter i Central- og \u00d8steuropa. Byens identitet hviler p\u00e5 dens vand, men udfolder sig fuldt ud gennem dens skove, dens arkitektur og dens befolkning. Den historiske kirke i Cormaia og marmorstatuen i feriestedets park st\u00e5r som materielle vidner til successive epoker, fra Habsburgs protektion til socialistisk ekspansion til nutidens privatisering. Gennem disse forandringer er kilderne forblevet konstante, deres vand altid klar til at fors\u00f8rge dem, der s\u00f8ger lindring, fornyelse og hvile.<\/p>\n<p>Ved at opretholde strenge milj\u00f8standarder, fremme forskningssamarbejde og bevare kulturelle traditioner forts\u00e6tter S\u00e2ngeorz-B\u0103i med at udvikle sig uden at ofre de kvaliteter, der gav den fremtr\u00e6dende plads for mere end to \u00e5rhundreder siden. Byens skove og floder fungerer som et levende laboratorium for \u00f8kologiske studier, dens behandlingsfaciliteter en model for integreret terapi, og dens lokalsamfund et vidnesbyrd om en vedvarende lokal arv. Bes\u00f8gende ankommer i jagten p\u00e5 helbredelse og forlader byen med et indtryk af et sted, hvor menneskelig opfindsomhed og naturlige kr\u00e6fter sameksisterer i balance.<\/p>\n<p>I sidste ende fremst\u00e5r S\u00e2ngeorz-B\u0103i som en fuldblods af transylvanske kursteder. Dens geografiske placering ved foden af \u200b\u200bRodna-bjergene, dens administration af landsbyerne Cormaia og Valea Borcutului, dens netv\u00e6rk af ti mineralkilder og dens omfattende behandlingsinfrastruktur danner en sammenh\u00e6ngende helhed. Byens befolkningstendenser, kirkelige steder, kunststeder og uddannelsesinitiativer forst\u00e6rker en fort\u00e6lling om kontinuerlig fornyelse. S\u00e2ngeorz-B\u0103i er p\u00e5 \u00e9n gang et sted med et lovende medicinsk pr\u00e6g og en levende kr\u00f8nike om regional historie, klar til at tjene fremtidige generationer inden for sundhed og kulturarv.<\/p>","protected":false},"excerpt":{"rendered":"<p>S\u00e2ngeorz-B\u0103i er et charmerende spa resort og by beliggende i den smukke bjergregion Bistri\u021ba-N\u0103s\u0103ud County i Transsylvanien, Rum\u00e6nien. Denne lille by byder p\u00e5 en blanding af naturlig sk\u00f8nhed og terapeutiske fordele for en befolkning, der bidrager til den rige mosaik af rum\u00e6nsk kultur. Byen, ofte stavet S\u00eengeorz-B\u0103i, forbinder med en fortid, der vises i dens tosprogede betegnelser: Ol\u00e1hszentgy\u00f6rgy p\u00e5 ungarsk og Sankt Georgen p\u00e5 tysk.<\/p>","protected":false},"author":1,"featured_media":17531,"parent":11908,"menu_order":0,"comment_status":"closed","ping_status":"closed","template":"elementor_theme","meta":{"_eb_attr":"","footnotes":""},"class_list":["post-17077","page","type-page","status-publish","has-post-thumbnail"],"_links":{"self":[{"href":"https:\/\/travelshelper.com\/da\/wp-json\/wp\/v2\/pages\/17077","targetHints":{"allow":["GET"]}}],"collection":[{"href":"https:\/\/travelshelper.com\/da\/wp-json\/wp\/v2\/pages"}],"about":[{"href":"https:\/\/travelshelper.com\/da\/wp-json\/wp\/v2\/types\/page"}],"author":[{"embeddable":true,"href":"https:\/\/travelshelper.com\/da\/wp-json\/wp\/v2\/users\/1"}],"replies":[{"embeddable":true,"href":"https:\/\/travelshelper.com\/da\/wp-json\/wp\/v2\/comments?post=17077"}],"version-history":[{"count":0,"href":"https:\/\/travelshelper.com\/da\/wp-json\/wp\/v2\/pages\/17077\/revisions"}],"up":[{"embeddable":true,"href":"https:\/\/travelshelper.com\/da\/wp-json\/wp\/v2\/pages\/11908"}],"wp:featuredmedia":[{"embeddable":true,"href":"https:\/\/travelshelper.com\/da\/wp-json\/wp\/v2\/media\/17531"}],"wp:attachment":[{"href":"https:\/\/travelshelper.com\/da\/wp-json\/wp\/v2\/media?parent=17077"}],"curies":[{"name":"wp","href":"https:\/\/api.w.org\/{rel}","templated":true}]}}