{"id":17002,"date":"2024-09-25T11:16:38","date_gmt":"2024-09-25T11:16:38","guid":{"rendered":"https:\/\/travelshelper.com\/staging\/?page_id=17002"},"modified":"2026-03-12T19:44:11","modified_gmt":"2026-03-12T19:44:11","slug":"pedras-salgadas","status":"publish","type":"page","link":"https:\/\/travelshelper.com\/da\/destinations\/europe\/portugal\/pedras-salgadas\/","title":{"rendered":"Pedras Salgadas"},"content":{"rendered":"<p>Pedras Salgadas rejser sig fra det nordlige Portugals folderne som et sted, hvor jordens langsomme alkymi m\u00f8des med menneskelig opfindsomhed. Beliggende p\u00e5 et isoleret plateau 1.263 meter over havets overflade og d\u00e6kkende tyve hektar afbrudt af otte kilometer snoede stier, ligger det blot en time og ti minutters k\u00f8rsel fra Porto, men f\u00f8les alligevel m\u00e6rkeligt afkoblet fra bylivets rytmer. Her, i en region ber\u00f8mt for sin uspolerede luft og panoramaudsigter, udfolder en arv f\u00f8dt i det nittende \u00e5rhundrede sig gennem en moderne spa- og naturpark og et mineralvandsm\u00e6rke, hvis brusen har opn\u00e5et global anerkendelse. Pedras Salgadas er ikke blot en destination; det er et varigt bevis p\u00e5 den genoprettende synergi mellem arv og innovation, hvor tiden i sig selv bliver en ingrediens i velv\u00e6re.<\/p>\n<p>Fra det \u00f8jeblik man n\u00e6rmer sig parkens indgang, fremkalder terr\u00e6net - draperet i eg og kastanje - en f\u00f8lelse af \u00e6rb\u00f8dighed. Stierne snor sig blidt mellem restaurerede bygninger fra det 19. \u00e5rhundrede og moderne, milj\u00f8venlige indkvarteringssteder og inviterer bes\u00f8gende ind i en verden af \u200b\u200bafm\u00e5lt ro. Selve designet af indkvarteringen vidner om en dyb respekt for stedet. \u00d8kohusene, seksten i antal, bruger skifer og lokalt tr\u00e6 til at opl\u00f8ses i skovbunden, og hver bolig tilbyder diskrete udsigter over den omkringliggende skov. Nogle af disse strukturer har plads til op til seks g\u00e6ster, hvilket g\u00f8r dem velegnede til familier eller sm\u00e5 forretningsrejser, mens tr\u00e6huse af Lu\u00eds Rebelo de Andrade ligger h\u00f8jt oppe blandt grenene, en hyldest til barndommens fantasier forfinet af arkitektonisk pr\u00e6cision. Hver bj\u00e6lke og rude afspejler et bevidst valg: at \u00e6re landets karakter snarere end at p\u00e5tvinge den.<\/p>\n<p>I hjertet af dette tr\u00e6agtige rige ligger Thermal Spa, en pavillon gent\u00e6nkt af \u00c1lvaro Siza Vieira, der bygger bro mellem det nittende \u00e5rhundrede og nutiden. Her kommer vandet fra selve den kilde, der gav Pedras Salgadas sit navn, rig p\u00e5 calcium, magnesium, bikarbonat og en lang r\u00e6kke sporstoffer, der er absorberet gennem \u00e5rtiers underjordiske passage. N\u00e5r regn filtrerer gennem granitspr\u00e6kker til dybder p\u00e5 tusind meter, erhverver det b\u00e5de sin mineralskat og naturlige brusen. N\u00e5r det dukker op igen, b\u00e6rer hver dr\u00e5be pr\u00e6g af geologisk tid og tryk, hvilket giver badende en r\u00e6kke terapeutiske oplevelser - fra hydromassage-nicher og Vichy-brusere til termiske wraps - hver is\u00e6r kalibreret til at berolige muskler og berolige sindet. Indend\u00f8rs pools, saunaer og hammamer fuldender et kredsl\u00f8b, der taler lige s\u00e5 meget til spa-kulturens gamle r\u00f8dder som til pr\u00e6cisionen i moderne wellness-videnskab.<\/p>\n<p>Pedras Salgadas begr\u00e6nser sig dog ikke til passiv hvile. Skovkronerne giver plads til et netv\u00e6rk af stier, hvor vandre- og cykelstier flettes sammen og guider opdagelsesrejsende til skjulte kilder og udsigtspunkter. Tr\u00e6klatringsinstallationer, der er udt\u00e6nkt til at udfordre, men samtidig forblive harmoniske med l\u00f8vet, sameksisterer side om side med en tennisbane og et ridecenter, der er rost for sine stalde og ridebaner. B\u00f8rn finder deres eget fristed p\u00e5 en udend\u00f8rs legeplads og en dedikeret b\u00f8rneklub, mens et kompleks med to pools og separate omr\u00e5der for voksne og unge g\u00e6ster opfordrer til f\u00e6lles latterstunder under \u00e5ben himmel. Kulturel nysgerrighed finder sit udl\u00f8b i Pedras Experience Museum, en interaktiv udstilling, der kortl\u00e6gger vandets underjordiske rejse, parkens udvikling og de sundhedsritualer, der har trukket pilgrimme hertil i mere end 150 \u00e5r.<\/p>\n<p>M\u00e5ltiderne p\u00e5 Casa de Ch\u00e1 \u2013 Restaurante understreger en forpligtelse til regionalt fremskaffede ingredienser og gennemt\u00e6nkt pr\u00e6sentation. Aftener i Bar Avelames kan udfolde sig over et spil snooker eller bordfodbold, en stille filmvisning eller blot den lave mumlen af \u200b\u200bsamtaler under lanternens sk\u00e6r. B\u00e5de forretningssammenkomster og familiefester finder sted i fleksible rum, der kan byde velkommen til 25 til 350 g\u00e6ster, og som tilbyder audiovisuel support og skr\u00e6ddersyet catering. For at fremme direkte engagement inkluderer reservationer foretaget via de officielle kanaler parkering, morgenmad og tr\u00e5dl\u00f8st internet, et nik til den moderne rejsendes behov og en p\u00e5mindelse om, at luksus ofte ligger i den problemfri orkestrering af sm\u00e5 bekvemmeligheder.<\/p>\n<p>En s\u00e5dan sans for detaljer giver genlyd i stemmerne hos dem, der har g\u00e5et disse stier. Verificerede g\u00e6steanmeldelser f\u00e5r i gennemsnit 8,6 ud af 10 p\u00e5 tv\u00e6rs af 723 vurderinger, med s\u00e6rlig ros til personalets varme \u2013 personalet f\u00e5r en bem\u00e6rkelsesv\u00e6rdig 9,4 \u2013 sammen med komfort (9,0), beliggenhed (9,1), renlighed (8,9) og tilslutningsmuligheder (9,0). Bes\u00f8gende taler om &#034;huse midt i naturen&#034; og den &#034;fantastiske spa&#034;, der fremmer b\u00e5de ensomhed og selskabelighed. \u00c6rlige vurderinger fremh\u00e6ver dog ogs\u00e5 muligheder: Nogle g\u00e6ster bem\u00e6rker, at visse termiske kilder forbliver lukkede om vinteren og antyder, at restaurering af en gammel hotelstruktur ville forbedre parkens historiske kontinuum. En v\u00e6rdi for pengene-score p\u00e5 7,5 antyder opfattelsen af \u200b\u200bpremiumpriser og opfordrer ledelsen til at overveje mere inkluderende pakker eller s\u00e6sonbestemte kampagner for at afstemme omkostninger med oplevelsen mere pr\u00e6cist.<\/p>\n<p>Mens moderne luksus definerer spaen og parken, b\u00e6rer \u00c1gua das Pedras den samme \u00e5nd af autenticitet til borde og butikshylder verden over. F\u00f8dt hvor regnvand lander p\u00e5 en uforurenet dalbund i 580 meter over havets overflade, begynder den en underjordisk rejse, der kan vare i \u00e5rtier. Under sin nedstigning gennem spr\u00e6kket granit, tilf\u00f8rer kulstofholdig gas fra jordens dyb vandet bobler, der stiger naturligt snarere end gennem kunstige processer. N\u00e5r vandet kommer frem, er det b\u00e5de spr\u00f8dt og fl\u00f8jlsbl\u00f8dt, og dets mineralprofil giver en karakteristisk mundf\u00f8lelse og et ry blandt kendere af naturligt kulsyreholdige kilder.<\/p>\n<p>Den kommercielle historie om \u00c1gua das Pedras begyndte i 1871 med den formelle udnyttelse af de termiske kilder og n\u00e5ede sit f\u00f8rste internationale publikum to \u00e5r senere med en pris p\u00e5 Wienerudstillingen. Aftapningsinfrastrukturen dukkede op i 1893, i f\u00f8rste omgang for at tjene medicinske regimer, da kliniske direkt\u00f8rer kodificerede brugsreglerne i 1907. Kongelige bes\u00f8g i 1884 af dronning D. Maria II, infante D. Augusto og konggemalen D. Fernando gav kongelig prestige, og sidstn\u00e6vnte oplevede endda en kilde opkaldt til hans \u00e6re. En s\u00e5dan protektion h\u00e6vede kildernes anseelse blandt Europas elite og satte en skabelon for den prestige, som m\u00e6rket har opretholdt lige siden.<\/p>\n<p>Gennem det tyvende \u00e5rhundrede navigerede \u00c1gua das Pedras i \u00e6ndringer i forbrugernes smag med fornuftig markedsf\u00f8ring. Et slogan fra 1970 - &#034;Alle timer er gode til at drikke \u00c1gua das Pedras&#034; - indvarslede en bredere accept ud over medicinske gr\u00e6nser, mens indvielsen af \u200b\u200bet h\u00f8jteknologisk aftapningsanl\u00e6g i 1994 sikrede kapacitet til global distribution. Kampagner i begyndelsen af \u200b\u200bdet 21. \u00e5rhundrede - &#034;I balance&#034;, &#034;Brought to you by Nature&#034; og &#034;Water with Life&#034;, med skuespillerinden Daniela Ruah i spidsen - talte til en spirende wellness-bev\u00e6gelse. Milep\u00e6le som en limited edition-flaske, der markerede 150-\u00e5rsdagen i 2021, og oplevelsesattraktioner - parkens \u00e5bning i 2012 og Pedras Experience Museum i 2018 - transformerede brandet fra en handelsvare til et livsstilsforslag og inviterede forbrugerne til at tr\u00e6de ind i historien i stedet for blot at nippe til den.<\/p>\n<p>P\u00e5 tv\u00e6rs af \u00e5rstider opretholder samspillet mellem vand og skov, mellem kulturarv og design Pedras Salgadas&#039; appel. Dens originale stenhytter og herreg\u00e5rdsfacader st\u00e5r som hj\u00f8rnesten fra en svunden tid, deres forvitrede v\u00e6gge st\u00e5r i kontrast til de rene linjer i tr\u00e6bekl\u00e6dte bungalows og pavilloner med glasv\u00e6gge. B\u00e6redygtige praksisser - opsamling af regnvand, solpaneler og geotermisk opvarmning - sameksisterer med bevaringsindsatsen for den oprindelige flora og fauna, hvilket sikrer, at parkens fremtid er lige s\u00e5 sikker, som dens fortid er rig. Ledelsens Giving Back-initiativ, der blev lanceret i 2019, kanaliserer en del af overskuddet til lokale milj\u00f8m\u00e6ssige og sociale projekter, mens &#034;Lad naturen tage sig af dig&#034;-etosen, der blev introduceret i 2020, understreger en filosofi, hvor menneskelig velv\u00e6re er uadskillelig fra \u00f8kosystemernes sundhed.<\/p>\n<p>I sidste ende st\u00e5r Pedras Salgadas som et paradigme for, hvordan kulturel arv og moderne pleje kan m\u00f8des og n\u00e6re b\u00e5de krop og \u00e5nd. Dets mineralvand, der langsomt presses gennem jordens dybder gennem levetider, afspejler stedets egen modning - fra kongeligt tilflugtssted til moderne wellness-destination. Uanset om en g\u00e6st s\u00f8ger solidariteten p\u00e5 skovstierne, den genoprettende vugge i et termisk bad, den simple nydelse af et glas mousserende kildevand eller den f\u00e6lles latter ved familiesammenkomster, tilbyder Pedras Salgadas en vedvarende dialog mellem fortid og nutid. I den samtale bekr\u00e6fter hvert fodtrin langs moskl\u00e6dte stier og hver slurk naturligt kulsyreholdigt vand en gammel sandhed: at vores mest v\u00e6rdifulde ressourcer flyder under overfladen og venter p\u00e5, at bet\u00e6nksom forvaltning bringer dem frem i lyset.<\/p>","protected":false},"excerpt":{"rendered":"<p>Pedras Salgadas, en lille kurby beliggende i Vila Real-distriktet i det nordlige Portugal, har en begr\u00e6nset befolkning, hvilket forbedrer dets fredfyldte milj\u00f8. Omkring 37 kilometer nord for distriktets hovedkvarter har denne lille by opn\u00e5et anerkendelse for sine unikke mineralkilder, som nu definerer dens karakter og \u00f8konomi.<\/p>","protected":false},"author":1,"featured_media":17474,"parent":12065,"menu_order":0,"comment_status":"closed","ping_status":"closed","template":"elementor_theme","meta":{"_eb_attr":"","footnotes":""},"class_list":["post-17002","page","type-page","status-publish","has-post-thumbnail"],"_links":{"self":[{"href":"https:\/\/travelshelper.com\/da\/wp-json\/wp\/v2\/pages\/17002","targetHints":{"allow":["GET"]}}],"collection":[{"href":"https:\/\/travelshelper.com\/da\/wp-json\/wp\/v2\/pages"}],"about":[{"href":"https:\/\/travelshelper.com\/da\/wp-json\/wp\/v2\/types\/page"}],"author":[{"embeddable":true,"href":"https:\/\/travelshelper.com\/da\/wp-json\/wp\/v2\/users\/1"}],"replies":[{"embeddable":true,"href":"https:\/\/travelshelper.com\/da\/wp-json\/wp\/v2\/comments?post=17002"}],"version-history":[{"count":0,"href":"https:\/\/travelshelper.com\/da\/wp-json\/wp\/v2\/pages\/17002\/revisions"}],"up":[{"embeddable":true,"href":"https:\/\/travelshelper.com\/da\/wp-json\/wp\/v2\/pages\/12065"}],"wp:featuredmedia":[{"embeddable":true,"href":"https:\/\/travelshelper.com\/da\/wp-json\/wp\/v2\/media\/17474"}],"wp:attachment":[{"href":"https:\/\/travelshelper.com\/da\/wp-json\/wp\/v2\/media?parent=17002"}],"curies":[{"name":"wp","href":"https:\/\/api.w.org\/{rel}","templated":true}]}}