{"id":16839,"date":"2024-09-23T23:39:06","date_gmt":"2024-09-23T23:39:06","guid":{"rendered":"https:\/\/travelshelper.com\/staging\/?page_id=16839"},"modified":"2026-03-12T16:03:33","modified_gmt":"2026-03-12T16:03:33","slug":"bagni-di-lucca","status":"publish","type":"page","link":"https:\/\/travelshelper.com\/da\/destinations\/europe\/italy\/bagni-di-lucca\/","title":{"rendered":"Bagni di Lucca"},"content":{"rendered":"<p>Bagni di Lucca er en kommune i Toscanas provins Lucca, hjemsted for cirka 6.100 indbyggere fordelt p\u00e5 27 byer med navnene frazioni. Beliggende i Lima-flodens dal, en biflod til Serchio, har den en strategisk beliggenhed langs historiske ruter mellem Lucca og Emilia. Omr\u00e5det str\u00e6kker sig over kastanjebevoksede skr\u00e5ninger og termiske bassiner, hvis vandtemperaturer varierer fra 36 \u00b0C til 54 \u00b0C, beriget med kalk-, magnesium- og natriumforbindelser.<\/p>\n<p>Bagni di Luccas tidligste anerkendelse som et centrum for termisk aflastning stammer fra etruskisk og romersk tid. Officiel dokumentation n\u00e6vner f\u00f8rst &#034;Corsena&#034; i 983 e.Kr., da biskop Teudogrimo gav territorium til en adelsmand ved navn Fraolmo. Rester af langobardisk bes\u00e6ttelse findes i ombyggede vagtt\u00e5rne, is\u00e6r ved den landlige kirke i Controne. Feudal besiddelse gik gennem familierne Suffredinghi, Porcareschi og Lupari indtil det tolvte \u00e5rhundrede, hvor kommunen Lucca h\u00e6vdede herred\u00f8mmet. I 1308 konsoliderede Lucca Bagni di Lucca med de omkringliggende landsbyer til &#034;Limadalens Vikarskab&#034;, hvor sognerepr\u00e6sentanter fik tilsyn med rituelle ceremonier og vedligeholdelse af gamle helligdomme. Et senere dekret i 1331 kodificerede driftsstandarder for kroer og badefaciliteter og p\u00e5lagde forsyning af forsyninger i forventning om sommertilstr\u00f8mning mellem maj og oktober.<\/p>\n<p>Intensiv udvikling begyndte i det fjortende \u00e5rhundrede, da Lucca anerkendte det \u00f8konomiske potentiale ved bes\u00f8gende udl\u00e6ndinge. Bem\u00e6rkelsesv\u00e6rdige l\u00e6ger som Gentile da Foligno og Ugolino da Montecatini promoverede vandets effektivitet. Kilderne n\u00f8d stigende m\u00e6glerstatus i l\u00f8bet af det femtende og sekstende \u00e5rhundrede og fik ros fra Falloppio - hvis egen h\u00f8relse genvandt - og omtale i tidlige medicinske afhandlinger. Ren\u00e6ssanceadelen opf\u00f8rte landsteder langs Lima-floden; inviterede monarker og pr\u00e6later fandt g\u00e6stfrihed i villaer rekvireret af Republikken Lucca. Montaigne beskrev flere ophold, ligesom digtere og omrejsende litterater, hvis ros cirkulerede ved de europ\u00e6iske hoffer, hvor flasker med Bagni di Lucca-vand blev diplomatiske gaver.<\/p>\n<p>Byens arkitektoniske ensemble voksede sammen over de efterf\u00f8lgende \u00e5rhundreder. Den middelalderlige bro ved Ponte della Maddalena, bygget omkring 1100 med en enest\u00e5ende, h\u00f8j bue, fik sit popul\u00e6re navn fra en indg\u00e5et pagt, hvor en hund, snarere end den f\u00f8rste menneskelige rejsende, blev gjort krav p\u00e5 af en natarbejders infernalske samarbejdspartner. En tilbygning fra det 19. \u00e5rhundrede udvidede sp\u00e6ndet for at im\u00f8dekomme jernbanetrafikken. I n\u00e6rheden vidner h\u00e6ngestrukturen Ponte delle Catene om tidens ingeni\u00f8rm\u00e6ssige ambitioner. Pieces di San Cassiano, med oprindelse f\u00f8r 722, bevarer Jacopo della Quercias &#034;Sankt Martins Ridetur&#034;, mens San Paolo a Vico Pancellorum huser andre altermalerier fra det 15. \u00e5rhundrede. Et mindesm\u00e6rke i San Cassiano \u00e6rer lokale liv, der gik tabt i verdenskrigene.<\/p>\n<p>I l\u00f8bet af det sekstende \u00e5rhundrede blev dalens tilg\u00e6ngelighed bedre, efterh\u00e5nden som pilgrimme og k\u00f8bm\u00e6nd p\u00e5 vej langs Via Clodia Nuova \u2013 senere kendt som Via Francigena \u2013 passerede forbi for at s\u00f8ge lindring og ro. Grevinde Matildas protektion fremmede restaureringen af \u200b\u200bkilderne. I det attende \u00e5rhundrede havde Bagni di Lucca opn\u00e5et et ry, der kun kunne konkurreres med udvalgte europ\u00e6iske kurbyer. Teatret, der blev opf\u00f8rt i 1790, og vinterhuset Circolo dei Forestieri supplerede indkvarteringsmulighederne for et voksende klientel.<\/p>\n<p>Napoleons protektion l\u00f8ftede byen til sit h\u00f8jdepunkt. Fra 1805 til 1814 etablerede hoffet tilh\u00f8rende Elisa Baciocchi, prinsesse af Lucca og Piombino, sommerkvarterer midt i disse bakker. Arkitekter som Marracci og Sanbuchy omstrukturerede de termiske bygninger; et kasino \u00e5bnede d\u00f8rene for sociale spil, og baller oplyste aftenerne i en specialbygget balsal. Villaer, der engang var midlertidige tilflugtssteder for digtere - blandt dem Robert og Elizabeth Barrett Browning - blev tilpasset hoffets krav.<\/p>\n<p>Efter Wienerkongressen blev hertugd\u00f8mmet Lucca placeret under bourbonsk styre; Maria Luisa af Bourbon opretholdt Bagni di Luccas status som feriested. I 1840 opf\u00f8rte det f\u00f8rste anglikanske gudshus i Italien sig her, der tjente en engelsk koloni, hvis tilstedev\u00e6relse udvidede sig til at omfatte en kirkeg\u00e5rd og et spillehus Club des Anglais. I 1847 blev byen annekteret Storhertugd\u00f8mmet Toscana under Leopold II af Lorraine. Hans pr\u00e6ference for afsondrethed f\u00f8rte til suspendering af kasinodriften i 1853; efter den italienske forening i 1861 gen\u00e5bnede spillehuset kortvarigt, men stedet begyndte en m\u00e5lt tilbagegang i eksklusivitet.<\/p>\n<p>Innovationer pr\u00e6gede livet i det sene nittende \u00e5rhundrede. Bagni di Lucca var den f\u00f8rste italienske by, der installerede offentlig elektrisk belysning i 1886. I 1910 var regionen v\u00e6rt for grundl\u00e6ggelsen af \u200b\u200bItaliens f\u00f8rste spejderforening, REI, som blev stiftet af den engelske baronet Sir Francis Vane sammen med Maestro Remo Molinari. Spejderbev\u00e6gelsen genoptog sin tilstedev\u00e6relse i 2006 under CNGEI-banneret, indtil de kommunale myndigheder trak sin stationsbase tilbage i 2014.<\/p>\n<p>Anden Verdenskrig medf\u00f8rte m\u00f8rkere omst\u00e6ndigheder. Tyske styrker, der besatte den gotiske linje, omdannede store huse til beboelseskvarterer. Fra december 1943 til januar 1944 fungerede Hotel Le Terme som interneringslejr; over hundrede j\u00f8diske fanger udholdt elendige forhold, f\u00f8r de blev deporteret til Auschwitz. Nogle blev overf\u00f8rt til Colle di Compecito-lejren n\u00e6r Lucca. Efter befrielsen gik disse ar ind i den kollektive erindring sammen med festivaler, der fejrer overlevelse, s\u00e5som den \u00e5rlige pesth\u00f8jtidelighed i Controne, der \u00e6rede et mirakel fra det sekstende \u00e5rhundrede, der sk\u00e5nede landsbyboerne for smitte.<\/p>\n<p>Det \u00f8konomiske liv i dag balancerer turisme med beskeden industri. Termiske kilder er fortsat den prim\u00e6re attraktion, underst\u00f8ttet af et netv\u00e6rk af hoteller, caf\u00e9er, to weekendmarkeder og et lokalt supermarked. Landbrugsgrunde og kunsth\u00e5ndv\u00e6rkerv\u00e6rksteder producerer produkter og byggematerialer; nogle fabrikker producerer maskiner. Hovedf\u00e6rdsels\u00e5rer omfatter motorvej SS 12, der forbinder Lucca med Modena, og pendlerbuslinjer til Lucca og Firenze. Jernbanen Lucca-Aulla stopper i Fornoli og tilbyder timelige forbindelser.<\/p>\n<p>Bagni di Luccas kommunale emblem afspejler dens tilknytning til den tidligere Republik Lucca. De kvartdelte skjoldsegmenter b\u00e6rer det bl\u00e5 felt med indskriften &#034;Libertas&#034; og den r\u00f8d-hvide balzana, der genskaber det middelalderlige flag. Legenden siger, at dette v\u00e5benskjold blev vedtaget under genforeningen i det nittende \u00e5rhundrede og afspejler vedt\u00e6gterne for vicariatet i Lima-dalen.<\/p>\n<p>Videnskabelig unders\u00f8gelse af kilderne har givet geokemisk-isotopiske data, der tyder p\u00e5 vandinteraktion med evaporitter fra Trias og underjordiske veje, der str\u00e6kker sig tre kilometer dybt under temperaturer p\u00e5 70-75 \u00b0C og tryk p\u00e5 op til 300 bar. Moderne faciliteter udnytter disse fund: Jean Varraud-etablissementet kanaliserer 54 \u00b0C vand ind i damphuler, mudderbehandlinger, hydromassage og inhalationer; den middelalderlige Docce Basse, med vand mellem 42 \u00b0C og 46 \u00b0C, var engang pioner for brusebadsbehandlinger; Demidoff Hospital, opf\u00f8rt i 1828, tilbyder nu holistisk medicin; Bernab\u00f2-anl\u00e6gget, med 40,1 \u00b0C, har fortsat ry for dermatologisk behandling; Bagno San Giovannis 38 \u00b0C varme kilder underst\u00f8ttede f\u00e6lles badekar s\u00e5 tidligt som i 1307; en marmorplade ved Villa-badehuset registrerer behandlinger helt tilbage til 1471; og Cardinali-etablissementet, der f\u00f8rst blev n\u00e6vnt i 1775, er stadig et middel mod ford\u00f8jelsesproblemer.<\/p>\n<p>Digtere og komponister har opholdt sig i disse omgivelser. Dante rejste gennem de n\u00e6rliggende Montefegatesi og Orrido di Botri; Richard Church komponerede &#034;Bagni di Lucca&#034; i 1958, hvor han roste de helbredende dufte; Johann Heine fandt inspiration i for\u00e5ret ved San Giovanni; Boccaccio og Sercambi satte fort\u00e6llinger midt i badene; Hannibals ophold ved Lima-Serchio-sammenl\u00f8bet angiveligt foranledigede etableringen af \u200b\u200bsmedjer og ovne; Metternich, ledsaget af syv tyske monarker, tog vandpr\u00f8ver efter Wienerkongressen; og personligheder fra Byron og Shelley til Puccini og Mascagni har sat deres pr\u00e6g p\u00e5 stedet.<\/p>\n<p>Gennem epoker med v\u00e6kst og forfald best\u00e5r Bagni di Lucca som en bos\u00e6ttelse, hvor naturlige for\u00e6dlingssteder og kulturelle lag side om side eksisterer. Dens stenbroer sp\u00e6nder over mere end floder; de forener epoker. Dens kilder giver h\u00e5b om lindring, som de har gjort i to \u00e5rtusinder. Dens kapeller og villaer vidner om tro, kunstnerisk kunnen og pr\u00e6ference for hvile. I en rolig dal forts\u00e6tter livet i rytmer formet af b\u00e5de dyb geologi og menneskelige valg og inviterer til refleksion over kontinuitet midt i forandring.<\/p>","protected":false},"excerpt":{"rendered":"<p>Bagni di Lucca er en fortryllende kommune beliggende i hjertet af Toscana, Italien, med en befolkning p\u00e5 omkring 6.100 indbyggere fordelt p\u00e5 27 udpegede frazioni. Denne natursk\u00f8nne by, beliggende i Lucca-provinsen, har en dyb historie, der str\u00e6kker sig til antikken, med sine varme kilder, der har tiltrukket bes\u00f8gende siden den etruskiske og romerske periode.<\/p>","protected":false},"author":1,"featured_media":17499,"parent":11663,"menu_order":0,"comment_status":"closed","ping_status":"closed","template":"elementor_theme","meta":{"_eb_attr":"","footnotes":""},"class_list":["post-16839","page","type-page","status-publish","has-post-thumbnail"],"_links":{"self":[{"href":"https:\/\/travelshelper.com\/da\/wp-json\/wp\/v2\/pages\/16839","targetHints":{"allow":["GET"]}}],"collection":[{"href":"https:\/\/travelshelper.com\/da\/wp-json\/wp\/v2\/pages"}],"about":[{"href":"https:\/\/travelshelper.com\/da\/wp-json\/wp\/v2\/types\/page"}],"author":[{"embeddable":true,"href":"https:\/\/travelshelper.com\/da\/wp-json\/wp\/v2\/users\/1"}],"replies":[{"embeddable":true,"href":"https:\/\/travelshelper.com\/da\/wp-json\/wp\/v2\/comments?post=16839"}],"version-history":[{"count":0,"href":"https:\/\/travelshelper.com\/da\/wp-json\/wp\/v2\/pages\/16839\/revisions"}],"up":[{"embeddable":true,"href":"https:\/\/travelshelper.com\/da\/wp-json\/wp\/v2\/pages\/11663"}],"wp:featuredmedia":[{"embeddable":true,"href":"https:\/\/travelshelper.com\/da\/wp-json\/wp\/v2\/media\/17499"}],"wp:attachment":[{"href":"https:\/\/travelshelper.com\/da\/wp-json\/wp\/v2\/media?parent=16839"}],"curies":[{"name":"wp","href":"https:\/\/api.w.org\/{rel}","templated":true}]}}