{"id":16675,"date":"2024-09-23T16:58:08","date_gmt":"2024-09-23T16:58:08","guid":{"rendered":"https:\/\/travelshelper.com\/staging\/?page_id=16675"},"modified":"2026-03-12T00:23:34","modified_gmt":"2026-03-12T00:23:34","slug":"bad-muskau","status":"publish","type":"page","link":"https:\/\/travelshelper.com\/da\/destinations\/europe\/germany\/bad-muskau\/","title":{"rendered":"Bad Muskau"},"content":{"rendered":"<p>Med en befolkning p\u00e5 3.759 og et areal p\u00e5 15,35 kvadratkilometer fremst\u00e5r Bad Muskau som en kurby p\u00e5 Tysklands nord\u00f8stlige gr\u00e6nse, beliggende p\u00e5 den vestlige bred af floden Neisse ved gr\u00e6nsen til Polen. Som en del af G\u00f6rlitz-distriktet i Sachsen har den en unik position b\u00e5de geografisk og kulturelt: gennemsk\u00e5ret af en flod, der engang delte verdener, forener den nu to nationer gennem en f\u00e6lles landskabspark, der er optaget p\u00e5 UNESCOs verdensarvsliste. I en h\u00f8jde af cirka 110 meter tilbyder Bad Muskaus blanding af aristokratisk arv, sorbiske traditioner og \u00f8kologisk genopblussen en fort\u00e6lling, der er lige s\u00e5 lagdelt som selve terr\u00e6net.<\/p>\n<p>I det 13. \u00e5rhundrede opstod Muskau som et bef\u00e6stet centrum ved floden, f\u00f8rst dokumenteret i 1249. Byen navigerede i politiske tidevand \u2013 den blev en del af hertugd\u00f8mmet Jawor, den b\u00f8hmiske krone og til sidst Preussen efter Wienerkongressen \u2013 samtidig med at den bevarede en s\u00e6rskilt identitet forankret i sorbiske traditioner og h\u00e5ndv\u00e6rk. En r\u00e6kke adelige familier, der kulminerede i prins Hermann von P\u00fcckler-Muskaus ledelse, formede byens sk\u00e6bne. Under hans ledelse overskred byen blot geografi og rummede et innovativt landskab, der senere ville blive fordelt mellem Tyskland og Polen i midten af \u200b\u200bdet 20. \u00e5rhundredes geopolitik.<\/p>\n<p>Byens omgivelser er lige s\u00e5 f\u00e6ngslende som dens historie. Bad Muskau ligger p\u00e5 Neisses flodslette, det laveste punkt i G\u00f6rlitz-distriktet, 98 meter over havets overflade i det n\u00e6rliggende K\u00f6beln, som blev en del af Muskau efter 1950 (en.wikipedia.org). Mod syd h\u00e6ver Muskau Foldens blide bue sig, og bag den udfolder Muskau Hede sig, et vidtstrakt skovomr\u00e5de, der b\u00f8d ulvenes tilbagevenden til Tyskland velkommen i slutningen af \u200b\u200b1990&#039;erne. Disse elementer giver b\u00e5de en f\u00f8lelse af afsondrethed og en forbindelse til en bredere \u00f8kologisk fornyelse.<\/p>\n<p>Byens administrative konturer omfatter mere end dens kerne. Mod nord ligger K\u00f6beln, engang en separat kommune og nu en bydel, mens Berg blev integreret i 1940. Forstadsgader antyder tidligere landsbyer \u2013 Neustadt er blevet en del af bystrukturen efter brande og genopbygning i det 19. \u00e5rhundrede, og Burglehn Muskau med sine slotsgodser sluttede sig til byen efter ekspropriationer under krigen i 1945. Hvert navn hentyder til faser af udvidelse og omstrukturering, der giver genlyd over Neisse-floden, hvor \u0141\u0119knica (tidligere Lugknitz) afspejler Muskau p\u00e5 polsk jord.<\/p>\n<p>Transportkajerne forbinder Bad Muskau med det bredere Europa, men bevarer samtidig dets ro. Motorvej B115 snor sig nordp\u00e5 fra Forst gennem Bad Muskau til Niesky og G\u00f6rlitz, mens B156 g\u00e5r langs den n\u00e6rliggende Krauschwitz mod syd. En gr\u00e6nseovergang ved Postbroen, engang Soraubroen, giver adgang til polske markeder; to gang- og cykelbroer, kendt som Engelskbroen og Dobbeltbroen, giver trafikfri overgange i landskabsparken. Indtil 2011 begyndte Droga krajowa 12 p\u00e5 dette punkt og forbandt den med den polsk-ukrainske gr\u00e6nse, f\u00f8r den blev omlagt via Krauschwitz.<\/p>\n<p>Kulturarvsjernbanen er et andet lag af kontinuitet. Muskauer Skovjernbane \u2013 en 600 millimeter lang str\u00e6kning \u2013 k\u00f8rer s\u00e6sonbestemt mellem Wei\u00dfwasser og Bad Muskau, til tider drevet af dampmaskiner, til andre gange af tidlige diesellokomotiver. Billetpriserne er fortsat beskedne, hvilket understreger dens rolle som en attraktion snarere end en pendlerkanal; i mods\u00e6tning hertil har tidligere aktive linjer som hovedlinjen Wei\u00dfwasser-Bad Muskau m\u00e5ttet lukke, og deres linjef\u00f8ringer er blevet genf\u00f8dt som cykelstier, der f\u00f8res ind i Polen og genopretter forbindelsen til Oder-Neisse-ruten gennem opfindsom ingeni\u00f8rkunst, herunder en stejl rampe over en gammel bro.<\/p>\n<p>Med fly og tog er byen roligt afsidesliggende. Dresden Lufthavn ligger 115 kilometer mod sydvest, Berlin Brandenburg 140 kilometer mod nordvest. Togrejsende skal st\u00e5 af ved Wei\u00dfwasser, ni kilometer v\u00e6k, f\u00f8r de skifter til bus eller hotelbusser; fra Dresden eller Berlin indeb\u00e6rer rejsen skift i G\u00f6rlitz og regionale knudepunkter, hvilket tager n\u00e6sten tre timer. S\u00e6sonbestemte smalsporede tog supplerer den lokale transport, men det mest foretrukne ankomstmiddel er stadig bilen, hvor autobahn-netv\u00e6rket kanaliserer bes\u00f8gende langs A15 eller A4, f\u00f8r det viger til landlige sm\u00e5veje.<\/p>\n<p>Guidet udforskning af landskabsparken, Bad Muskaus kronjuvel, foreg\u00e5r til fods, p\u00e5 cykel, i b\u00e5d eller med hestevogn. Om sommeren afg\u00e5r der offentlige ture fra det nye slot om l\u00f8rdagen og s\u00f8ndagen, der transporterer sm\u00e5 grupper gennem snoede udsigter og lysninger ved s\u00f8bredden. \u00c5ret rundt er der en ugentlig tur for spag\u00e6ster, der fremkalder den terapeutiske arv, der ligger til grund for byens moderne status som kursted. Lokale vognm\u00e6nd st\u00e5r klar til at k\u00f8re bes\u00f8gende gennem gyder med gammel b\u00f8getr\u00e6 mod skjulte steder, mens Neisse-Tours bruger oppustelige fart\u00f8jer til flodture mellem det gamle d\u00e6mningsv\u00e6rk og \u017barki Wielkie.<\/p>\n<p>I hjertet af dette rige ligger Prins P\u00fcckler Park, der str\u00e6kker sig over 2.050 hektar og er den st\u00f8rste engelskinspirerede landskabshave p\u00e5 det europ\u00e6iske kontinent. Parken blev optaget p\u00e5 UNESCOs verdensarvsliste i 2004. P\u00fccklers p\u00e5stand om, at en have skal byde p\u00e5 et friskt tableau ved hvert skridt, giver genlyd i enge med stier, i asymmetriske s\u00f8er, der spejler h\u00f8je egetr\u00e6er, og i m\u00e5lrettet placerede broer og bygningsv\u00e6rker. To tredjedele af dette omr\u00e5de ligger \u00f8st for Neisse, men alligevel hersker der fri passage: bes\u00f8gende bev\u00e6ger sig igennem uden paskontrol, selvom de skal medbringe identifikation til lejlighedsvise stikpr\u00f8vekontroller.<\/p>\n<p>Arkitektoniske indslag pryder disse b\u00f8lgende gr\u00f8nne omr\u00e5der. Det Nye Slot, restaureret i 2012, er v\u00e6rt for en udstilling med titlen &#034;P\u00fcckler! Catch him if you can?&#034;, en multimedie-odyss\u00e9 ind i prinsens alsidige liv som polyhistor, fort\u00e6ller og flot landskabsarkitekt. Entr\u00e9priserne er beskedne og pr\u00e6senterer en varm atmosf\u00e6re for engelsksprogede bes\u00f8gende gennem interaktive &#034;tabende bogstaver&#034;-anordninger og dramatiseringer med skuespillerstemmer. I n\u00e6rheden ligger det mauriske orangeri, der huser palme- og kaktushuse, mens det Gamle Slot fremkalder middelalderlige forg\u00e6ngere. Kavalerhuset, der er omdannet til et t\u00f8rvebad, hylder lokale terapeutiske traditioner og kombinerer naturlig t\u00f8rvemasse med moderne manuelle terapier.<\/p>\n<p>Kurkulturen underst\u00f8tter byens officielle status som et statsgodkendt kursted. T\u00f8rvebadene i Moorbad udnytter lokale forekomster og udnytter kure, der har v\u00e6ret ber\u00f8mte siden det 16. \u00e5rhundrede, hvor alunhytter dominerede landskabet i nutidens badepark. Behandlingerne sp\u00e6nder fra termiske saltlagebad til kridtbaserede omslag, suppleret med fysioterapi. I denne sammenh\u00e6ng fremst\u00e5r byen som mere end et historisk sted: den er en levende smeltedigel af velv\u00e6re, der har udviklet sig sidel\u00f8bende med havebrugens storhed.<\/p>\n<p>I det bredere netv\u00e6rk af cykelstier i gr\u00e6nselandet har Bad Muskau en station p\u00e5 Oder-Neisse-cykelruten, der forbinder G\u00f6rlitz, 66 kilometer syd, med Guben, 61 kilometer nordvest. Cyklister v\u00e6lger ofte at ankomme p\u00e5 egen h\u00e5nd og finder lejeheste hos den lokale cykeludlejningsvirksomhed Fahrrad-Nowak, hvis v\u00e6rksteder st\u00e5r klar fra for\u00e5r til efter\u00e5r. Her understreger cykeludlejning byens overbevisning om, at \u00e6gte fordybelse kr\u00e6ver afslappet bev\u00e6gelse gennem det lagdelte terr\u00e6n.<\/p>\n<p>Bad Muskaus fort\u00e6lling slutter ikke med en sidste flourish, men med historiens stille vedholdenhed i naturen. Ulvene i den moskusd\u00e6kkede hede giver genlyd af et interval, hvor vildmarken generobrede sin plads; broerne over Neisse afspejler forsoning efter deling; t\u00f8rvebadene giver genlyd af ritualer, der er \u00e6ldre end de moderne gr\u00e6nser. I blikkene, der glider hen over gr\u00e6spl\u00e6ner og skove, skimter man en by, der modst\u00e5r en let kategorisering. Den forbliver p\u00e5 \u00e9n gang et sundhedscenter, et monument over landskabskunst og et vidnesbyrd om kulturel hybriditet, hvor tysk og sorbisk, saksisk og polsk, kunst og \u00f8kologi m\u00f8des under \u00e5ben himmel.<\/p>","protected":false},"excerpt":{"rendered":"<p>Bad Muskau, en charmerende kurby beliggende i den historiske Oberlausitz-region i Tyskland, er hjemsted for cirka 3.600 indbyggere. Denne maleriske kommune, beliggende p\u00e5 bredden af \u200b\u200bfloden Lusatian Neisse, skr\u00e6ver gr\u00e6nsen mellem Tyskland og Polen og tilbyder en unik blanding af kulturarv og naturlig sk\u00f8nhed.<\/p>","protected":false},"author":1,"featured_media":17501,"parent":13736,"menu_order":0,"comment_status":"closed","ping_status":"closed","template":"elementor_theme","meta":{"_eb_attr":"","footnotes":""},"class_list":["post-16675","page","type-page","status-publish","has-post-thumbnail"],"_links":{"self":[{"href":"https:\/\/travelshelper.com\/da\/wp-json\/wp\/v2\/pages\/16675","targetHints":{"allow":["GET"]}}],"collection":[{"href":"https:\/\/travelshelper.com\/da\/wp-json\/wp\/v2\/pages"}],"about":[{"href":"https:\/\/travelshelper.com\/da\/wp-json\/wp\/v2\/types\/page"}],"author":[{"embeddable":true,"href":"https:\/\/travelshelper.com\/da\/wp-json\/wp\/v2\/users\/1"}],"replies":[{"embeddable":true,"href":"https:\/\/travelshelper.com\/da\/wp-json\/wp\/v2\/comments?post=16675"}],"version-history":[{"count":0,"href":"https:\/\/travelshelper.com\/da\/wp-json\/wp\/v2\/pages\/16675\/revisions"}],"up":[{"embeddable":true,"href":"https:\/\/travelshelper.com\/da\/wp-json\/wp\/v2\/pages\/13736"}],"wp:featuredmedia":[{"embeddable":true,"href":"https:\/\/travelshelper.com\/da\/wp-json\/wp\/v2\/media\/17501"}],"wp:attachment":[{"href":"https:\/\/travelshelper.com\/da\/wp-json\/wp\/v2\/media?parent=16675"}],"curies":[{"name":"wp","href":"https:\/\/api.w.org\/{rel}","templated":true}]}}