{"id":16666,"date":"2024-09-23T16:42:12","date_gmt":"2024-09-23T16:42:12","guid":{"rendered":"https:\/\/travelshelper.com\/staging\/?page_id=16666"},"modified":"2026-03-12T00:23:22","modified_gmt":"2026-03-12T00:23:22","slug":"bad-oeynhausen","status":"publish","type":"page","link":"https:\/\/travelshelper.com\/da\/destinations\/europe\/germany\/bad-oeynhausen\/","title":{"rendered":"Bad Oeynhausen"},"content":{"rendered":"<p>Bad Oeynhausen, hjemsted for n\u00e6sten 50.000 indbyggere og et areal p\u00e5 64,83 kvadratkilometer p\u00e5 den sydlige skr\u00e5ning af Wiehen-bjergene, udfolder sig som en kurby af vedvarende betydning. Beliggende p\u00e5 venstre bred af Weser-floden i Nordrhein-Westfalens Ost-Westfalen-Lippe-region, ligger den fyrre kilometer nord\u00f8st for Bielefeld og omkring firs kilometer vest for Hannover. Fra sin oprindelse som et kursted i det 19. \u00e5rhundrede - forankret af varme kilder, der senere ville give verdens mest kulsyreholdige saltlage - til sin rolle som et efterkrigss\u00e6de for den britiske milit\u00e6rregering, er byens udvikling uadskillelig fra dens geologi, vandveje og terapeutiske vand.<\/p>\n<p>Fra de f\u00f8rste boringer i 1750&#039;erne til Jordansprudel, der i roligt vejr n\u00e5r en dybde p\u00e5 fyrre meter, har Bad Oeynhausens kilder dikteret dens sk\u00e6bne. Oeynhausen-kilden, der blev gravet i 1839 og boret i successive etaper til dybder p\u00e5 over 1.000 meter i 1970&#039;erne, tiltrak Alexander von Humboldts opm\u00e6rksomhed. Efterf\u00f8lgende br\u00f8nde - Kaiser Wilhelm-, Morsbach-, Jordan-, Dr. Schmid-, Alexander von Humboldt- og Gert-Michel-kilderne - tilf\u00f8jede hver is\u00e6r et kapitel til spaens tekniske og arkitektoniske udvikling. Selvom toppen af \u200b\u200bsaltudvindingen er overst\u00e5et, forsyner de restaurerende saltlage stadig spaparkens Badehus II, Bali-Therme og medicinske faciliteter, hvis facader fremkalder neoklassisk og neoren\u00e6ssance-storhed.<\/p>\n<p>Byens landskab er formet af floderne Werre og Weser. Werre deler byen og b\u00e6rer en flad flodslette af sand, grus og ler, der kr\u00e6ver omhyggelig digning af de regionale vandmyndigheder. P\u00e5 den nordlige bred stiger Wiehen-bakkerne stejlt til 267 meter ved Uphauser Berg, mens landet p\u00e5 sydsiden bl\u00f8der op i Lippe-h\u00f8jlandet. Trappeformede terrasser, formet af Saalisk og Weichselisk istid, vidner om glaciale aflejringer af l\u00f8ss og vildfarne kampesten. Uden for bymidten bevarer seks sm\u00e5 naturreservater og fire landskabsbeskyttelsesomr\u00e5der Sieke-dale, skovkl\u00e6dte h\u00f8jderygge og enge langs flodbredder; planer p\u00e5 stedet har beskyttet mineralkilder siden 1995.<\/p>\n<p>Inden for disse bakker og flodslette str\u00e6kker et netv\u00e6rk af otte distrikter - konsolideret under Bielefeld-loven fra 1973 - sig fra Bad Oeynhausens historiske kerne gennem Lohe, Oberbecksen, Rehme, Bergkirchen, Bad Oexen og de perifere byer Eidinghausen og Wulferdingsen. Hver af dem har bevaret en s\u00e6rpr\u00e6g: Rehmes flodenge, Bergkirchens kirkeomkransede pas, Bad Oexens onkologiske klinik beliggende i et parkomr\u00e5de. De tidligere kommuner Rothenuffeln og Gohfeld bidrager med arealer til byens administrative kort og til dens kulturelle struktur.<\/p>\n<p>Bad Oeynhausens klima, klassificeret som varmt, tempereret og regnfuldt (Cfb) med suboceaniske tendenser, byder p\u00e5 milde vintre og somre, der sj\u00e6ldent overstiger 22 grader. Et &#034;mildt, helende klima&#034; i spa-sprog, dets konstante nedb\u00f8r og moderate temperaturudsving har underst\u00f8ttet terapeutiske behandlinger siden midten af \u200b\u200bdet 19. \u00e5rhundrede. Havedesign af Peter Joseph Lenn\u00e9 reagerede p\u00e5 disse tempererede omgivelser: den 26 hektar store spa-park, anlagt mellem 1851 og 1853, h\u00e6nger sammen med Korso-Ring, en all\u00e9 omgivet af springvand, pavilloner og badehuse, hvis symmetri stadig er tydelig i nutidens gadeplan.<\/p>\n<p>Arkitektoniske gestus i parken sp\u00e6nder fra det \u00e6dru Badehus I (1852-57) til det mere udsmykkede Badehus II, genopbygget i 1885 i en paladslignende stil. Det neobarokke Kurhaus (1905-08) blev til Kejserpaladset, og dets interi\u00f8r blev tilpasset til et variet\u00e9teater, restaurant og natklub, mens det senere offentlige teater, foyeren og foyerens fresker signalerer udviklende smag i l\u00f8bet af det tidlige 20. \u00e5rhundrede. Et modernistisk Badehus II, opf\u00f8rt i 1960 og erstattet efter brandskader i 2002, ligger ved siden af \u200b\u200bOeynhauser Schweiz-parken. I n\u00e6rheden giver Frank O. Gehrys b\u00f8lgende tag p\u00e5 Ronald McDonald-for\u00e6ldrenes hus liv til et ophold for familier med unge hjertepatienter - en moderne nik til byens medicinske kald.<\/p>\n<p>L\u00e6gehj\u00e6lp er fortsat byens livsnerve. Fra Maternus Rehabiliteringsklinik, der behandler ortop\u00e6diske, degenerative og neurologiske tilf\u00e6lde, til Klinik am Korso, Tysklands eneste facilitet udelukkende dedikeret til spiseforstyrrelser, findes der et v\u00e6ld af specialiserede centre. Median Rehabiliteringsklinikken henvender sig til muslimske patienter, mens Hjerte- og Diabetescenter Nordrhein-Westfalen \u2013 en del af Ruhr Universitetshospitaler \u2013 er Europas f\u00f8rende transplantationsinstitution. Onkologisk efterbehandling tiltr\u00e6kker patienter til Klinik Bad Oexen i Eidinghausen, og kommunehospitalet, der blev genoplivet efter evakuering under krigen, sikrer almen medicin p\u00e5 tv\u00e6rs af postdistrikterne.<\/p>\n<p>Disse sundhedsinstitutioner supplerer et netv\u00e6rk af kulturelle steder, der begejstrer b\u00e5de beboere og bes\u00f8gende. Theater im Park tiltr\u00e6kker turnerende enamel og orkesterresidencer, mens Kurparkens GOP Variet\u00e9-show minder om underholdning fra spa-\u00e6raen. Det Tyske Eventyr- og Weserlegendemuseum, der er indrettet i en historistisk villa, sporer lokal folklore tilbage til Br\u00f8drene Grimm og integrerer Bad Oeynhausen i den Tyske Eventyrrute. I mods\u00e6tning hertil bevarer Museumsg\u00e5rden i Siekertal Landskabspark landlige strukturer fra det 17. og 18. \u00e5rhundrede og forbinder landbrugslivsstil med nutidens beplantninger og husholdningsdemonstrationer.<\/p>\n<p>Uden for spaens gr\u00f8nne omr\u00e5der dukker beviser p\u00e5 Bad Oeynhausens l\u00e6ngere historie op i sognekirkerne i Bergkirchen, Rehme og Volmerdingsen \u2013 overlevende middelalderlige t\u00e5rne, der forankrer landsbygaderne \u2013 og i m\u00f8ller som Sch\u00f6nem\u00fchle og Hofwasserm\u00fchle minder de om en flod\u00f8konomi, der nu fejres p\u00e5 den Westfalske M\u00f8llerute. Bagerier, tidligere stenbrud og Ovelg\u00f6nnes voldgravsslot giver yderligere glimt af den lokale kulturarv, mens Energy Forum Innovation p\u00e5 B 61, et andet Gehry-projekt, signalerer en l\u00f8bende dialog mellem historisme og avantgardeform.<\/p>\n<p>P\u00e5 byens gader vidner monumenter om Bad Oeynhausens identitet: Grisefont\u00e6nen, der fr\u00e6kt mindes en legende om saltfund foretaget af svin; Fl\u00e5demandsmonumentet ved Werre-Weser-sammenl\u00f8bet, der vidner om tidligere flodhandel; og allegoriske skulpturer af Hygieia og en najade, hvis flydende former fremkalder mineralvandets genoprettende l\u00f8fte. Buster af Oeynhausens tekniske grundl\u00e6ggere og dens landskabsarkitekt, st\u00f8bt i bronze, st\u00e5r vagtposter i spahaverne og minder om en \u00e6ra, hvor spabyer konkurrerede i arkitektonisk pragt.<\/p>\n<p>Mobilitet gennem byen balancerer kulturarv og modernitet. Jernbanen K\u00f6ln-Minden og motorvej A30 krydser Werre-dalen, mens amtsveje g\u00e5r op til Wiehen-h\u00f8jryggen. Et genopdaget havebykvarter p\u00e5 Hindenburgstra\u00dfe fremviser byplanl\u00e6gning fra begyndelsen af \u200b\u200bdet 20. \u00e5rhundrede, og et lavemissions-turisttog - d\u00f8bt &#034;Emil, Skypusheren&#034; og dets modstykke &#034;Minna&#034; - forbinder parkporte med bes\u00f8gscentre i sommerm\u00e5nederne. I Werre-flodsletten bruger ridefaciliteter \u00e5bne enge, hvilket bekr\u00e6fter byens forhold til dens vandveje.<\/p>\n<p>Forvaltning af naturressourcer er fortsat omstridt. Planer om at udvinde gletsjergrus fra Rehmes Weser-flodslette har f\u00f8rt til retssager fra kommunale myndigheder, der er forsigtige med \u00f8kologisk forstyrrelse. Naturbeskyttelsesgrupper forudser paradoksalt nok, at tidligere udvindingsgruber kan udvikle sig til biodiversitetsrige v\u00e5domr\u00e5der. Geotermisk potentiale i formationerne fra den nedre jura under bygr\u00e6nsen lover vedvarende varme, selvom omfattende vandbeskyttelseszoner begr\u00e6nser boring. Vindkraft optr\u00e6der i to beskedne turbiner ved Wulferdingsen, uden nogen v\u00e6sentlig udvidelse til dato.<\/p>\n<p>Som supplement til spaparken inviterer Aqua Magica \u2013 et udstillingslandskab, der deles med nabobyen L\u00f6hne \u2013 til udforskning af vandets skulpturelle muligheder. Det blev anlagt til State Garden Show i 2000 af Henri Bava og Olivier Philippe, og dets mest sl\u00e5ende tr\u00e6k er Vandkrateret, et neds\u00e6nket font\u00e6nekammer, som bes\u00f8gende kommer ind i via trapper. Siden 2009 har den tilst\u00f8dende rebbane testet balance og mod mod en baggrund af vandfunktioner og skov.<\/p>\n<p>Endelig afspejler Bad Oeynhausens ti kirkeg\u00e5rde byens dialog med d\u00f8delighed og erindring i det 20. \u00e5rhundrede. Den st\u00f8rste, etableret i 1910 i Werste, vidner om kommunale begravelser, mens Mooskamp i Rehme \u2013 anlagt fra 1935 og fremefter \u2013 ligger n\u00e6r A30 og minder om de skiftende gr\u00e6nser mellem liv og handel, landskab og infrastruktur. Sammen danner disse hvilesteder et netv\u00e6rk af steder til refleksion midt i byens b\u00f8lgende topografi.<\/p>\n<p>Bad Oeynhausens essens opst\u00e5r kun gennem samspillet mellem dens kilder og spir, dens parker og hospitaler, dens floder og dens bjergrygge. Alligevel modst\u00e5r byen b\u00e5de et postkorts overdrivelse og en planl\u00e6gningsrapports kolde m\u00e5linger. Dens helbredende vand flyder fortsat, dens klinikker forbliver i spidsen for medicinsk innovation, og dens haver hvisker en historie om pleje \u00e6tset i sten og tr\u00e6. I denne konvergens af natur, videnskab og design best\u00e5r byen som et opbevaringssted for menneskeligt h\u00e5b og modstandsdygtighed - et fristed under \u00e5ben himmel, hvor geologi, hydrologi og arkitektur smelter sammen i krop og \u00e5nds tjeneste.<\/p>","protected":false},"excerpt":{"rendered":"<p>Bad Oeynhausen, en by beliggende i Minden-L\u00fcbbecke-distriktet i Nordrhein-Westfalen, Tyskland, har en befolkning p\u00e5 n\u00e6sten 50.000 indbyggere, hvilket g\u00f8r den til den n\u00e6stst\u00f8rste by i distriktet. Dette charmerende sted, gennemsyret af historie og kendt for sine terapeutiske kilder, tilbyder en fascinerende blanding af naturlig sk\u00f8nhed, historisk betydning og moderne medicinske fremskridt.<\/p>","protected":false},"author":1,"featured_media":17611,"parent":13736,"menu_order":0,"comment_status":"closed","ping_status":"closed","template":"elementor_theme","meta":{"_eb_attr":"","footnotes":""},"class_list":["post-16666","page","type-page","status-publish","has-post-thumbnail"],"_links":{"self":[{"href":"https:\/\/travelshelper.com\/da\/wp-json\/wp\/v2\/pages\/16666","targetHints":{"allow":["GET"]}}],"collection":[{"href":"https:\/\/travelshelper.com\/da\/wp-json\/wp\/v2\/pages"}],"about":[{"href":"https:\/\/travelshelper.com\/da\/wp-json\/wp\/v2\/types\/page"}],"author":[{"embeddable":true,"href":"https:\/\/travelshelper.com\/da\/wp-json\/wp\/v2\/users\/1"}],"replies":[{"embeddable":true,"href":"https:\/\/travelshelper.com\/da\/wp-json\/wp\/v2\/comments?post=16666"}],"version-history":[{"count":0,"href":"https:\/\/travelshelper.com\/da\/wp-json\/wp\/v2\/pages\/16666\/revisions"}],"up":[{"embeddable":true,"href":"https:\/\/travelshelper.com\/da\/wp-json\/wp\/v2\/pages\/13736"}],"wp:featuredmedia":[{"embeddable":true,"href":"https:\/\/travelshelper.com\/da\/wp-json\/wp\/v2\/media\/17611"}],"wp:attachment":[{"href":"https:\/\/travelshelper.com\/da\/wp-json\/wp\/v2\/media?parent=16666"}],"curies":[{"name":"wp","href":"https:\/\/api.w.org\/{rel}","templated":true}]}}