{"id":16260,"date":"2024-09-22T19:18:12","date_gmt":"2024-09-22T19:18:12","guid":{"rendered":"https:\/\/travelshelper.com\/staging\/?page_id=16260"},"modified":"2026-03-11T23:40:06","modified_gmt":"2026-03-11T23:40:06","slug":"otepaa","status":"publish","type":"page","link":"https:\/\/travelshelper.com\/da\/destinations\/europe\/estonia\/otepaa\/","title":{"rendered":"Otep\u00e4\u00e4"},"content":{"rendered":"<p>Beliggende p\u00e5 toppen af \u200b\u200bEstlands h\u00f8jeste bjerge og gennemsyret af \u00e5rtusinders menneskelig tilstedev\u00e6relse, v\u00e6ver byen Otep\u00e4\u00e4 gamle f\u00e6stningsv\u00e6rker, hengivenhed og tradition, banebrydende vintersport og et robust landliv sammen i en enkelt fort\u00e6lling. Otep\u00e4\u00e4s oprindelse str\u00e6kker sig tilbage til det 6. \u00e5rhundrede f.Kr., dens strategiske bjergfort var vidne til vikingernes indfald og korsfarerbelejringer, og dens moderne identitet som Estlands &#034;vinterhovedstad&#034; er blevet formet af alt fra landbrugsmesser og flaghejsningsceremonier til langrendsbegivenheder i verdensklasse.<\/p>\n<p>Otep\u00e4\u00e4s skyline er defineret af Kirkebakken, hvis bare skr\u00e5ninger stiger til 152 meter over havets overflade \u2013 en usandsynlig fremtr\u00e6dende plads i det ellers flade Estland, men nok til at give byen sit unikke mikroklima og et udsigtspunkt, der tiltrak bos\u00e6ttere i mere end to tusind \u00e5r. Navnet Otep\u00e4\u00e4, der i tidlige sydestiske dialekter overs\u00e6ttes som &#034;Otts hoved&#034;, p\u00e5kalder en bj\u00f8rnesilhuet formet af gletsjernes tilbagetr\u00e6kning, hvor &#034;Ott&#034; tjener som en lokal eufemisme for den skabning, der blev \u00e6ret og frygtet i lige m\u00e5l. Det var her, p\u00e5 de stejle h\u00f8jder af det, der blev kendt som Bybakken, at de tidligste tr\u00e6boliger og jordvolde dukkede op i det 6. \u00e5rhundrede f.Kr., efterfulgt af kontinuerlig beboelse gennem det 7. og 8. \u00e5rhundrede \u2013 et vidnesbyrd om stedets defensive potentiale og dets fodf\u00e6ste i regionale handelsruter.<\/p>\n<p>Spredte rester af stenmure og voldgrave vidner om Otep\u00e4\u00e4s middelalderlige kapitel, da det blev katalogiseret i Rus&#039; kr\u00f8niker i 1116 og igen blev et fokuspunkt under de nordlige korstogene. I 1208 blev f\u00e6stningen udsat for sit f\u00f8rste korsfarerangreb, og n\u00e6sten et \u00e5rti senere vendte de lokale indbyggere i den omkringliggende Ugala-region Kievan Rus&#039; styrker tilbage i 1217, symbolsk for et komplekst samspil mellem kristen og hedensk loyalitet. I 1224 havde tidevandet uigenkaldeligt \u00e6ndret sig. Tyske korsfarere under biskop Hermann af Dorpats auspicier j\u00e6vnede tr\u00e6palisaderne med jorden og opf\u00f8rte Estlands f\u00f8rste stenf\u00e6stning oven p\u00e5 de samme gamle volde. Denne nye borg - Stenfortet - blev hurtigt en af \u200b\u200bde f\u00f8rste murstensbygninger i \u00d8sters\u00f8en, dens mure designet til at modst\u00e5 b\u00e5de elementerne og yderligere plyndringstogter.<\/p>\n<p>Tro og politik forblev t\u00e6t forbundet, mens Otep\u00e4\u00e4s sk\u00e6bne gik frem og tilbage. Tartu, bispes\u00e6det for Dorpats bisped\u00f8mme, overgik Otep\u00e4\u00e4 i det 14. \u00e5rhundrede, og f\u00e6stningen p\u00e5 bakketoppen forsvandt. Modstridende optegnelser tyder p\u00e5, at borgen blev forladt omkring 1396 under interne stridigheder med Den Liviske Orden, selvom nogle ark\u00e6ologer mener, at bes\u00e6ttelsen varede indtil 1477. Blandt de efterladte rester var en bem\u00e6rkelsesv\u00e6rdig genstand: Europas tidligste overlevende skydev\u00e5ben, udgravet i borgens murv\u00e6rk og dateret til mindst 1396. Denne primitive h\u00e5ndkanon giver et enest\u00e5ende indblik i senmiddelalderens krigsf\u00f8relse og understreger Otep\u00e4\u00e4s plads i et vendepunkt inden for den udviklende milit\u00e6rteknologi.<\/p>\n<p>\u00c5rhundreder med landbrugsliv fulgte, f\u00f8r Otep\u00e4\u00e4 genopstod under navnet Nuustaku i 1862, da bos\u00e6ttelsen fik tildelt byrettigheder. Skiftet viste sig at v\u00e6re lykkebringende. I 1876 indkaldte regionens landbrugsforeninger til en indvielsesmesse p\u00e5 Nuustaku Kirkeg\u00e5rd, der varslede Estlands landlige opv\u00e5gnen. Otte \u00e5r senere, den 4. juni 1884, blev den trikolore, der skulle blive Estlands nationale flag, formelt indviet inden for kirkens beskedne rammer. En ceremoni arrangeret af det estiske studentersamfund ville give genlyd i landets str\u00e6ben efter selvbestemmelse. Betegnelsen Nuustaku bestod indtil 1922, hvor det historiske navn Otep\u00e4\u00e4 blev genoprettet \u2013 en kulturel genopretningshandling \u2013 og i 1936 blev bos\u00e6ttelsen igen oph\u00f8jet til bystatus.<\/p>\n<p>Religi\u00f8s arkitektur i Otep\u00e4\u00e4 afspejler disse lagdelte historier. Sankt Marias Kirke, hvis spir r\u00e6kker 51 meter op i himlen, ligger p\u00e5 et tilbedelsessted, der g\u00e5r tilbage til middelalderen. Den nuv\u00e6rende bygnings kerne stammer fra 1860&#039;erne, men strukturen gennemgik en betydelig ombygning under arkitekt R. Guleke mellem 1889 og 1890. Men selv midt i disse victorianske udsmykninger findes der stadig fragmenter af tidligere stenarbejde: en d\u00f8rl\u00e5s fra 1772, korelementer, der sp\u00e6nder over flere faser, og en klokke, der blev givet af Finlands Wihti sogn s\u00e5 sent som i 1992.<\/p>\n<p>Geografi og geologi bidrager til at berige b\u00e5de den naturlige sk\u00f8nhed og det rekreative potentiale i Otep\u00e4\u00e4. Byen ligger i Otep\u00e4\u00e4-h\u00f8jlandets b\u00f8lgende konturer i hjertet af et n\u00e6sten 2.859 kvadratkilometer stort rekreativt omr\u00e5de, der er pr\u00e6get af utallige s\u00f8er. Den mest fremtr\u00e6dende blandt dem er P\u00fchaj\u00e4rv-s\u00f8en, hvis gletsjerbassin glimter to en halv kilometer sydvest for bymidten. Om sommeren summer s\u00f8ens bredder af \u00e5rernes sving, latteren fra familier, der holder picnic under gamle fyrretr\u00e6er, og de deltagervenlige konkurrencer i Saku Suverull, hvor topskil\u00f8bere gennemf\u00f8rer t\u00f8rl\u00f8bs-agilitytests langs skovkl\u00e6dte skr\u00e5ninger. Om vinteren bliver den frosne overflade til en spejlblank flade til sk\u00f8jtel\u00f8b, og for g\u00e6ster, der s\u00f8ger ensomhed, til oplevelsen af \u200b\u200bensom refleksion midt blandt store hvide marker.<\/p>\n<p>Inde i selve byen tilbyder turistinformationscentret \u2013 der ligger i samme bygning som busstationen \u2013 detaljerede guider til lokale ruter, ruter for b\u00e5de aktive og eftert\u00e6nksomme bes\u00f8gende samt et beskedent udvalg af souvenirs. Der ankommer regelm\u00e6ssigt busser fra Tartu, Valga, V\u00f5ru og videre, mens de nationale veje M2, B46, M3 og B71 forbinder Otep\u00e4\u00e4 med bil til steder nord, syd, \u00f8st og vest. N\u00e5r man stiger af i det kompakte centrum, opdager den bes\u00f8gende, at g\u00e5ture stadig er den mest tilfredsstillende m\u00e5de at opleve byens sn\u00e6vre gader, t\u00e6tpakkede butikker og pavilloner med glimt af bakker, der truer lige bagved.<\/p>\n<p>Otep\u00e4\u00e4s centrale attraktioner bel\u00f8nner b\u00e5de den nysgerrige historiker og den, der elsker subtil spirituel geometri. Ruinerne af biskoppens borg kroner Byh\u00f8jen med sine 165,6 meter \u2013 en trommelinje fra istiden, der blev skulptureret for tretten tusind \u00e5r siden og bef\u00e6stet for et \u00e5rtusinde siden. Kun f\u00e5 murstensv\u00e6gge er bevaret, men hver eneste kn\u00e6kkede bue og mosbekl\u00e6dte sten fremkalder middelalderens bygmestres arbejde og tidligere belejringers kramper. I n\u00e6rheden ligger stedet, kendt som Stenlabyrinten og Energicentret, der kombinerer geometrisk kunst og ritualer: en spiral af sten med en diameter p\u00e5 elleve meter, der minder om Chartres-designet i Frankrig, ledsaget af et tipiformet telt. Ved siden af \u200b\u200bst\u00e5r den tr\u00e6baserede Energis\u00f8jle, rejst i 1992, hvis udsk\u00e5rne former og siddepladser blev placeret i henhold til principperne for positiv feltjustering. Lokal tro h\u00e6vder, at det at st\u00e5 ved s\u00f8jlens fod og derefter ber\u00f8re dens overflade kan give en fornyende f\u00f8lelse af vitalitet.<\/p>\n<p>Museerne i Otep\u00e4\u00e4 afspejler dens t\u00e6tte arv af vintersport og national identitet. Ski- og Estlands Flagmuseum er placeret i en renoveret staldbygning og kronologiserer b\u00e5de olympiske pr\u00e6stationer af atleter som Andrus Veerpalu og Kristina \u0160migun og tilblivelsen af \u200b\u200bEstlands banner. F\u00e5 skridt v\u00e6k bevarer Vintersportsmuseet levn fra udstyr, medaljer og mundtlige historier, der illustrerer, hvordan sneskoet beslutsomhed hjalp med at forme Estlands plads i den nordisk-baltiske konkurrence.<\/p>\n<p>Bag den umiddelbare by venter panoramaudsigter. Harim\u00e4e Udsigtst\u00e5rn, der ligger p\u00e5 toppen af \u200b\u200bHarim\u00e4gi-bakken, tilbyder en 24 meter h\u00f8j platform, hvorfra man kan betragte det b\u00f8lgende kludet\u00e6ppe af bjergg\u00e5rde, birkebevoksninger og den fjerne glimt af P\u00fchaj\u00e4rv-s\u00f8en. En mark\u00f8r mindes et bes\u00f8g af Dalai Lama, hvis optr\u00e6den i 1991 understregede Otep\u00e4\u00e4s uventede rolle som et tilflugtssted for \u00e5ndelig dialog.<\/p>\n<p>I mods\u00e6tning hertil byder Tehvandi Skihopt\u00e5rn p\u00e5 en mere visceral sp\u00e6nding. Selvom t\u00e5rnet kun er \u00e5bent om vinteren efter forudg\u00e5ende aftale, giver stiger og platforme et adrenalt udsyn, der antyder den svimlende sk\u00f8nhed, som topl\u00f8bere str\u00e6ber efter under nationale konkurrencer. Ligeledes udfolder Otep\u00e4\u00e4 Naturpark sig inden for r\u00e6kkevidde, med skovstier, der tilbyder stille stier graveret gennem moskl\u00e6dte tuer, langs lysninger, hvor man kan holde en pause for kontemplativ hvile eller f\u00f8lge en hares hemmelige vandring.<\/p>\n<p>S\u00e6sonbestemte rytmer pulserer gennem Otep\u00e4\u00e4s kalender. Sommerkoncerter p\u00e5 vandscener ved Leigo Lake Music Festival tr\u00e6kker tusindvis af mennesker til en \u00f8-platform, hvor cellister og pianister optr\u00e6der, n\u00e5r skumringen falder p\u00e5. I mellemtiden omfatter mere stille aktiviteter guidede vandreture gennem fyrretr\u00e6skransede bakker og bes\u00f8g i traditionelle r\u00f8gsaunaer efterfulgt af dyk i isgravede huller - en sensorisk modv\u00e6gt til varmen og dampen og et vedvarende estisk renselsesritual.<\/p>\n<p>N\u00e5r sneen begynder at samle sig, forvandler Otep\u00e4\u00e4 sig. Alpinskil\u00f8bere samles p\u00e5 Munakas Sport Resorts pister og de pr\u00e6parerede l\u00f8jper i Kuutsem\u00e4e Feriecenter, hvor mekaniske lifte transporterer nedstigningslystne entusiaster. Langrendsl\u00f8bere g\u00f8r krav p\u00e5 Otep\u00e4\u00e4s brede netv\u00e6rk af l\u00f8jper, der udg\u00e5r fra stadionet n\u00e6r byens udkant. Her opbevares og omfordeles sne h\u00f8stet i de koldere m\u00e5neder for at sikre en p\u00e5lidelig rute, inklusive en 2,5 kilometer lang sl\u00f8jfe, der fungerer som b\u00e5de tr\u00e6ningsbane og offentlig sti. Det legendariske Otep\u00e4\u00e4-Tartu Marathon str\u00e6kker sig over 63 kilometer og g\u00e5r gennem skov, frossen marsk og udkanten af \u200b\u200bto historiske byer. Uden for denne store begivenhed deltager b\u00e5de lokale og bes\u00f8gende i isfiskekonkurrencen Golden Fish, hvor de g\u00f8r krav p\u00e5 P\u00fchaj\u00e4rvs iskappe med bambusst\u00e6nger og agnkroge.<\/p>\n<p>For dem, der s\u00f8ger mindre struktureret underholdning, tillader s\u00f8en - n\u00e5r den er fri for sne - udlejning af sk\u00f8jter i spahotellets v\u00e6gtrum, mens en kort k\u00f8retur bringer en til en snowtube-bane med en transportb\u00e5ndslift og en specialbygget piste. Snescootere - stive rammer med styr monteret p\u00e5 ski - tilbyder ukonventionelle m\u00e5der at navigere p\u00e5 b\u00e5de t\u00e6tpakkede l\u00f8jper og frosne overflader; alt udstyr kan f\u00e5s gennem de erfarne ejere af Suusarent, hvis r\u00e5dgivning om forhold og sikkerhed er lige s\u00e5 uvurderlig som deres solide udlejning.<\/p>\n<p>Otep\u00e4\u00e4s magnetisme ligger i dens evne til at forene ekstremer: gamle ruiner og banebrydende atletik, stilhed og f\u00e6lles fejring, rituel tro og videnskabelig tr\u00e6ning. Uanset om ens m\u00e5l er at f\u00f8lge ekkoet af korsfarerfodspor blandt mosd\u00e6kkede sten, s\u00f8ge tr\u00f8st i kadencen af \u200b\u200bski, der glider gennem granduftende luft, eller blot st\u00e5 p\u00e5 toppen af \u200b\u200ben sned\u00e6kket bakke og se solnedgangen forgylle en stille, hvid verden, tilbyder Otep\u00e4\u00e4 b\u00e5de historiens soliditet og mulighedernes begejstring. I Estlands annaler lever det ikke videre som en frossen relikvie, men som et levende samfund, hvis traditioner - med jernh\u00e5rd disciplin og hjertelig selskabelighed - fortsat forme og drive det fremad.<\/p>","protected":false},"excerpt":{"rendered":"<p>Otep\u00e4\u00e4, der ligger i det sydlige Estland, eksemplificerer nationens historiske betydning og naturlige landskaber. Denne by, beliggende i Valga County, fungerer som det administrative centrum for Otep\u00e4\u00e4 Parish og har en befolkning, der nyder godt af sin status som Estlands f\u00f8rende vintersportsdestination. Otep\u00e4\u00e4, der ligger i en h\u00f8jde p\u00e5 op til 152 meter over havets overflade, er anerkendt som den h\u00f8jeste by i Estland, hvilket markant forbedrer dens appel som skisportssted.<\/p>","protected":false},"author":1,"featured_media":19093,"parent":14240,"menu_order":0,"comment_status":"closed","ping_status":"closed","template":"elementor_theme","meta":{"_eb_attr":"","footnotes":""},"class_list":["post-16260","page","type-page","status-publish","has-post-thumbnail"],"_links":{"self":[{"href":"https:\/\/travelshelper.com\/da\/wp-json\/wp\/v2\/pages\/16260","targetHints":{"allow":["GET"]}}],"collection":[{"href":"https:\/\/travelshelper.com\/da\/wp-json\/wp\/v2\/pages"}],"about":[{"href":"https:\/\/travelshelper.com\/da\/wp-json\/wp\/v2\/types\/page"}],"author":[{"embeddable":true,"href":"https:\/\/travelshelper.com\/da\/wp-json\/wp\/v2\/users\/1"}],"replies":[{"embeddable":true,"href":"https:\/\/travelshelper.com\/da\/wp-json\/wp\/v2\/comments?post=16260"}],"version-history":[{"count":0,"href":"https:\/\/travelshelper.com\/da\/wp-json\/wp\/v2\/pages\/16260\/revisions"}],"up":[{"embeddable":true,"href":"https:\/\/travelshelper.com\/da\/wp-json\/wp\/v2\/pages\/14240"}],"wp:featuredmedia":[{"embeddable":true,"href":"https:\/\/travelshelper.com\/da\/wp-json\/wp\/v2\/media\/19093"}],"wp:attachment":[{"href":"https:\/\/travelshelper.com\/da\/wp-json\/wp\/v2\/media?parent=16260"}],"curies":[{"name":"wp","href":"https:\/\/api.w.org\/{rel}","templated":true}]}}