{"id":15986,"date":"2024-09-22T01:16:31","date_gmt":"2024-09-22T01:16:31","guid":{"rendered":"https:\/\/travelshelper.com\/staging\/?page_id=15986"},"modified":"2024-09-22T01:19:54","modified_gmt":"2024-09-22T01:19:54","slug":"vilkar-og-betingelser","status":"publish","type":"page","link":"https:\/\/travelshelper.com\/da\/terms-and-conditions\/","title":{"rendered":"Vilk\u00e5r og betingelser"},"content":{"rendered":"<div data-elementor-type=\"wp-page\" data-elementor-id=\"15986\" class=\"elementor elementor-15986\">\n\t\t\t\t<div class=\"elementor-element elementor-element-1aa50f8 e-flex e-con-boxed e-con e-parent\" data-id=\"1aa50f8\" data-element_type=\"container\" data-e-type=\"container\">\n\t\t\t\t\t<div class=\"e-con-inner\">\n\t\t<div class=\"elementor-element elementor-element-36c71f6b e-con-full e-flex e-con e-child\" data-id=\"36c71f6b\" data-element_type=\"container\" data-e-type=\"container\">\n\t\t\t\t<div class=\"elementor-element elementor-element-21e4fe46 elementor-widget elementor-widget-text-editor\" data-id=\"21e4fe46\" data-element_type=\"widget\" data-e-type=\"widget\" data-widget_type=\"text-editor.default\">\n\t\t\t\t\t\t\t\t\t<h1>Vilk\u00e5r og betingelser<\/h1>\n<p><\/p>\n<p>Sidst opdateret: 2024-09-26<\/p>\n<p><\/p>\n<p>1.\u00a0<strong>Indledning<\/strong><\/p>\n<p><\/p>\n<p>Velkommen til\u00a0<strong>Travel S Helper<\/strong>\u00a0(\u201cVirksomhed\u201d, \u201cvi\u201d, \u201cvores\u201d, \u201cos\u201d)!<\/p>\n<p><\/p>\n<p>Disse servicevilk\u00e5r (&#034;Vilk\u00e5r&#034;, &#034;Servicevilk\u00e5r&#034;) regulerer din brug af vores hjemmeside, der er placeret p\u00e5\u00a0<strong>https:\/\/travelshelper.com<\/strong>\u00a0(sammen eller individuelt \u201cTjeneste\u201d) drevet af\u00a0<strong>Travel S Helper<\/strong>.<\/p>\n<p><\/p>\n<p>Vores privatlivspolitik regulerer ogs\u00e5 din brug af vores tjeneste og forklarer, hvordan vi indsamler, beskytter og videregiver oplysninger, der stammer fra din brug af vores websider.<\/p>\n<p><\/p>\n<p>Din aftale med os omfatter disse vilk\u00e5r og vores privatlivspolitik (&#034;Aftaler&#034;). Du anerkender, at du har l\u00e6st og forst\u00e5et aftalerne, og accepterer at v\u00e6re bundet af dem.<\/p>\n<p><\/p>\n<p>Hvis du ikke accepterer (eller ikke kan overholde) aftalerne, m\u00e5 du ikke bruge tjenesten, men du bedes give os besked ved at sende en e-mail til\u00a0<strong>kontor@travelshelper.com<\/strong>\u00a0s\u00e5 vi kan fors\u00f8ge at finde en l\u00f8sning. Disse vilk\u00e5r g\u00e6lder for alle bes\u00f8gende, brugere og andre, der \u00f8nsker at tilg\u00e5 eller bruge tjenesten.<\/p>\n<p><\/p>\n<p>2.\u00a0<strong>Kommunikation<\/strong><\/p>\n<p><\/p>\n<p>Ved at bruge vores tjeneste accepterer du at abonnere p\u00e5 nyhedsbreve, markedsf\u00f8rings- eller salgsfremmende materiale og andre oplysninger, som vi m\u00e5tte sende dig. Du kan dog frav\u00e6lge at modtage nogen af \u200b\u200beller alle disse meddelelser fra os ved at f\u00f8lge afmeldingslinket eller ved at sende en e-mail til office@travelshelper.com.<\/p>\n<p><\/p>\n<p>3.\u00a0<strong>Konkurrencer, lodtr\u00e6kninger og kampagner<\/strong><\/p>\n<p><\/p>\n<p>Eventuelle konkurrencer, lodtr\u00e6kninger eller andre kampagner (samlet kaldet &#034;kampagner&#034;), der stilles til r\u00e5dighed via Tjenesten, kan v\u00e6re underlagt regler, der er separate fra disse Servicevilk\u00e5r. Hvis du deltager i kampagner, bedes du gennemg\u00e5 de g\u00e6ldende regler samt vores Privatlivspolitik. Hvis reglerne for en kampagne er i konflikt med disse Servicevilk\u00e5r, g\u00e6lder kampagnereglerne.<\/p>\n<p><\/p>\n<p>4.\u00a0<strong>Tilfreds<\/strong><\/p>\n<p><\/p>\n<p>Vores Tjeneste giver dig mulighed for at poste, linke til, gemme, dele og p\u00e5 anden m\u00e5de stille visse oplysninger, tekst, grafik, videoer eller andet materiale (&#034;Indhold&#034;) til r\u00e5dighed. Du er ansvarlig for Indhold, som du poster p\u00e5 eller via Tjenesten, herunder dets lovlighed, p\u00e5lidelighed og passendehed.<\/p>\n<p><\/p>\n<p>Ved at poste indhold p\u00e5 eller via Tjenesten erkl\u00e6rer og garanterer du, at: (i) indholdet er dit (du ejer det) og\/eller du har ret til at bruge det og ret til at give os de rettigheder og den licens, der er angivet i disse Vilk\u00e5r, og (ii) at posteringen af \u200b\u200bdit indhold p\u00e5 eller via Tjenesten ikke kr\u00e6nker privatlivsrettigheder, offentlighedsrettigheder, ophavsrettigheder, kontraktrettigheder eller andre rettigheder for nogen person eller enhed. Vi forbeholder os retten til at opsige kontoen for enhver, der kr\u00e6nker en ophavsret.<\/p>\n<p><\/p>\n<p>Du bevarer alle dine rettigheder til ethvert Indhold, du indsender, poster eller viser p\u00e5 eller via Tjenesten, og du er ansvarlig for at beskytte disse rettigheder. Vi p\u00e5tager os intet ansvar for Indhold, som du eller tredjepart poster p\u00e5 eller via Tjenesten. Ved at poste Indhold ved hj\u00e6lp af Tjenesten giver du os dog retten og licensen til at bruge, \u00e6ndre, offentligt fremf\u00f8re, offentligt vise, reproducere og distribuere s\u00e5dant Indhold p\u00e5 og via Tjenesten. Du accepterer, at denne licens inkluderer retten for os til at g\u00f8re dit Indhold tilg\u00e6ngeligt for andre brugere af Tjenesten, som ogs\u00e5 kan bruge dit Indhold i henhold til disse Vilk\u00e5r.<\/p>\n<p><\/p>\n<p>Travel S Helper har ret, men ikke pligt, til at overv\u00e5ge og redigere alt indhold leveret af brugerne.<\/p>\n<p><\/p>\n<p>Derudover tilh\u00f8rer indhold, der findes p\u00e5 eller via denne tjeneste, Travel S Helper eller bruges med tilladelse. Du m\u00e5 ikke distribuere, \u00e6ndre, overf\u00f8re, genbruge, downloade, genposte, kopiere eller bruge n\u00e6vnte indhold, hverken helt eller delvist, til kommercielle form\u00e5l eller til personlig vinding, uden udtrykkelig forudg\u00e5ende skriftlig tilladelse fra os.<\/p>\n<p><\/p>\n<p>5.\u00a0<strong>Forbudte anvendelser<\/strong><\/p>\n<p><\/p>\n<p>Du m\u00e5 kun bruge Tjenesten til lovlige form\u00e5l og i overensstemmelse med Vilk\u00e5rene. Du accepterer ikke at bruge Tjenesten:<\/p>\n<p><\/p>\n<p>0.1. P\u00e5 enhver m\u00e5de, der overtr\u00e6der g\u00e6ldende national eller international lov eller regulering.<\/p>\n<p><\/p>\n<p>0.2. Med det form\u00e5l at udnytte, skade eller fors\u00f8ge at udnytte eller skade mindre\u00e5rige p\u00e5 nogen m\u00e5de ved at uds\u00e6tte dem for upassende indhold eller p\u00e5 anden m\u00e5de.<\/p>\n<p><\/p>\n<p>0.3. At sende eller anmode om afsendelse af reklame- eller salgsfremmende materiale, herunder &#034;junk mail&#034;, &#034;k\u00e6debreve&#034;, &#034;spam&#034; eller andre lignende henvendelser.<\/p>\n<p><\/p>\n<p>0.4. At udgive sig for eller fors\u00f8ge at udgive sig for at v\u00e6re Virksomheden, en medarbejder i Virksomheden, en anden bruger eller enhver anden person eller enhed.<\/p>\n<p><\/p>\n<p>0.5. P\u00e5 nogen m\u00e5de, der kr\u00e6nker andres rettigheder, eller som p\u00e5 nogen m\u00e5de er ulovlig, truende, svigagtig eller skadelig, eller i forbindelse med ulovlige, svigagtige eller skadelige form\u00e5l eller aktiviteter.<\/p>\n<p><\/p>\n<p>0.6. At ud\u00f8ve enhver anden adf\u00e6rd, der begr\u00e6nser eller h\u00e6mmer nogens brug eller nydelse af Tjenesten, eller som, efter vores vurdering, kan skade eller st\u00f8de Virksomheden eller brugere af Tjenesten eller uds\u00e6tte dem for ansvar.<\/p>\n<p><\/p>\n<p>Derudover accepterer du ikke at:<\/p>\n<p><\/p>\n<p>0.1. Bruge Tjenesten p\u00e5 enhver m\u00e5de, der kan deaktivere, overbelaste, beskadige eller forringe Tjenesten eller forstyrre andre parters brug af Tjenesten, herunder deres evne til at deltage i aktiviteter i realtid via Tjenesten.<\/p>\n<p><\/p>\n<p>0.2. Bruge enhver robot, spider eller anden automatisk enhed, proces eller middel til at tilg\u00e5 Tjenesten til ethvert form\u00e5l, herunder overv\u00e5gning eller kopiering af materiale p\u00e5 Tjenesten.<\/p>\n<p><\/p>\n<p>0.3. Bruge enhver manuel proces til at overv\u00e5ge eller kopiere materiale p\u00e5 Tjenesten eller til andre uautoriserede form\u00e5l uden vores forudg\u00e5ende skriftlige samtykke.<\/p>\n<p><\/p>\n<p>0.4. Bruge enhver enhed, software eller rutine, der forstyrrer Tjenestens korrekte funktion.<\/p>\n<p><\/p>\n<p>0.5. Introducer virus, trojanske heste, orme, logiske bomber eller andet materiale, der er ondsindet eller teknologisk skadeligt.<\/p>\n<p><\/p>\n<p>0.6. Fors\u00f8g p\u00e5 at f\u00e5 uautoriseret adgang til, forstyrre, beskadige eller afbryde dele af Tjenesten, den server, hvor Tjenesten er lagret, eller nogen server, computer eller database, der er forbundet til Tjenesten.<\/p>\n<p><\/p>\n<p>0.7. Angrebstjeneste via et denial-of-service-angreb eller et distribueret denial-of-service-angreb.<\/p>\n<p><\/p>\n<p>0.8. Foretag enhver handling, der kan skade eller forfalske virksomhedens vurdering.<\/p>\n<p><\/p>\n<p>0.9. Ellers fors\u00f8g at forstyrre Tjenestens korrekte funktion.<\/p>\n<p><\/p>\n<p>6.\u00a0<strong>Analyse<\/strong><\/p>\n<p><\/p>\n<p>Vi kan bruge tredjepartstjenesteudbydere til at overv\u00e5ge og analysere brugen af \u200b\u200bvores tjeneste.<\/p>\n<p><\/p>\n<p>7.\u00a0<strong>Ingen brug for mindre\u00e5rige<\/strong><\/p>\n<p><\/p>\n<p>Tjenesten er kun beregnet til adgang og brug af personer, der er mindst atten (18) \u00e5r gamle. Ved at tilg\u00e5 eller bruge Tjenesten garanterer og erkl\u00e6rer du, at du er mindst atten (18) \u00e5r gammel og har fuld bemyndigelse, ret og kapacitet til at indg\u00e5 denne aftale og overholde alle vilk\u00e5r og betingelser i Vilk\u00e5rene. Hvis du ikke er mindst atten (18) \u00e5r gammel, er det forbudt for dig b\u00e5de at f\u00e5 adgang til og bruge Tjenesten.<\/p>\n<p><\/p>\n<p>8.\u00a0<strong>Intellektuel ejendom<\/strong><\/p>\n<p><\/p>\n<p>Tjenesten og dens originale indhold (eksklusive indhold leveret af brugere), funktioner og funktionalitet er og forbliver Travel S Helpers og dens licensgiveres eksklusive ejendom. Tjenesten er beskyttet af ophavsret, varem\u00e6rker og andre love i og udenlandske lande. Vores varem\u00e6rker m\u00e5 ikke anvendes i forbindelse med noget produkt eller nogen tjeneste uden forudg\u00e5ende skriftlig tilladelse fra Travel S Helper.<\/p>\n<p><\/p>\n<p>9.\u00a0<strong>Ophavsretspolitik<\/strong><\/p>\n<p><\/p>\n<p>Vi respekterer andres immaterielle rettigheder. Det er vores politik at reagere p\u00e5 enhver p\u00e5stand om, at indhold, der er lagt ud p\u00e5 Tjenesten, kr\u00e6nker ophavsretten eller andre immaterielle rettigheder (&#034;Kr\u00e6nkelse&#034;) tilh\u00f8rende enhver person eller enhed.<\/p>\n<p><\/p>\n<p>Hvis du er indehaver af ophavsret, eller er bemyndiget p\u00e5 vegne af en, og du mener, at det ophavsretligt beskyttede v\u00e6rk er blevet kopieret p\u00e5 en m\u00e5de, der udg\u00f8r en kr\u00e6nkelse af ophavsretten, bedes du indsende dit krav via e-mail til office@travelshelper.com med emnelinjen: &#034;Kr\u00e6nkelse af ophavsret&#034; og inkludere en detaljeret beskrivelse af den p\u00e5st\u00e5ede kr\u00e6nkelse i dit krav, som beskrevet nedenfor under &#034;DMCA-meddelelse og procedure for krav om kr\u00e6nkelse af ophavsret&#034;.<\/p>\n<p><\/p>\n<p>Du kan blive holdt ansvarlig for erstatning (herunder omkostninger og advokatsal\u00e6rer) for vildledning eller p\u00e5stande i ond tro om kr\u00e6nkelse af Indhold, der findes p\u00e5 og\/eller via Tjenesten, p\u00e5 din ophavsret.<\/p>\n<p><\/p>\n<p>10.\u00a0<strong>DMCA-meddelelse og procedure for krav om kr\u00e6nkelse af ophavsret<\/strong><\/p>\n<p><\/p>\n<p>Du kan indsende en anmeldelse i henhold til Digital Millennium Copyright Act (DMCA) ved at give vores ophavsretsagent f\u00f8lgende oplysninger skriftligt (se 17 USC 512(c)(3) for yderligere oplysninger):<\/p>\n<p><\/p>\n<p>0.1. en elektronisk eller fysisk underskrift fra den person, der er bemyndiget til at handle p\u00e5 vegne af indehaveren af \u200b\u200bophavsretten;<\/p>\n<p><\/p>\n<p>0.2. en beskrivelse af det ophavsretligt beskyttede v\u00e6rk, som du h\u00e6vder er blevet kr\u00e6nket, herunder URL&#039;en (dvs. websideadressen) p\u00e5 det sted, hvor det ophavsretligt beskyttede v\u00e6rk findes, eller en kopi af det ophavsretligt beskyttede v\u00e6rk;<\/p>\n<p><\/p>\n<p>0.3. identifikation af URL&#039;en eller anden specifik placering p\u00e5 Tjenesten, hvor det materiale, som du h\u00e6vder kr\u00e6nker, befinder sig;<\/p>\n<p><\/p>\n<p>0.4. din adresse, dit telefonnummer og din e-mailadresse;<\/p>\n<p><\/p>\n<p>0.5. en erkl\u00e6ring fra dig om, at du i god tro mener, at den omstridte brug ikke er godkendt af indehaveren af \u200b\u200bophavsretten, dennes agent eller loven;<\/p>\n<p><\/p>\n<p>0.6. en erkl\u00e6ring fra dig, afgivet under straf for mened, om, at ovenst\u00e5ende oplysninger i din meddelelse er n\u00f8jagtige, og at du er indehaver af ophavsretten eller er bemyndiget til at handle p\u00e5 vegne af indehaveren af \u200b\u200bophavsretten.<\/p>\n<p><\/p>\n<p>Du kan kontakte vores ophavsretsagent via e-mail p\u00e5 office@travelshelper.com.<\/p>\n<p><\/p>\n<p>11.\u00a0<strong>Fejlrapportering og feedback<\/strong><\/p>\n<p><\/p>\n<p>Du kan give os oplysninger og feedback vedr\u00f8rende fejl, forslag til forbedringer, ideer, problemer, klager og andre forhold relateret til vores Service (&#034;Feedback&#034;) enten direkte p\u00e5 office@travelshelper.com eller via tredjepartswebsteder og -v\u00e6rkt\u00f8jer. Du anerkender og accepterer, at: (i) du ikke m\u00e5 beholde, erhverve eller g\u00f8re g\u00e6ldende nogen intellektuel ejendomsret eller anden rettighed, ejendomsret eller interesse i eller til Feedbacken; (ii) Virksomheden kan have udviklingsideer, der ligner Feedbacken; (iii) Feedbacken ikke indeholder fortrolige oplysninger eller propriet\u00e6re oplysninger fra dig eller nogen tredjepart; og (iv) Virksomheden ikke er forpligtet til fortrolighed med hensyn til Feedbacken. I tilf\u00e6lde af at overf\u00f8rsel af ejerskabet til Feedbacken ikke er mulig p\u00e5 grund af g\u00e6ldende ufravigelige love, giver du Virksomheden og dens tilknyttede selskaber en eksklusiv, overdragelig, uigenkaldelig, gratis, underlicenserbar, ubegr\u00e6nset og evigvarende ret til at bruge (herunder kopiere, \u00e6ndre, skabe afledte v\u00e6rker, offentligg\u00f8re, distribuere og kommercialisere) Feedback p\u00e5 enhver m\u00e5de og til ethvert form\u00e5l.<\/p>\n<p><\/p>\n<p>12.\u00a0<strong>Links til andre websteder<\/strong><\/p>\n<p><\/p>\n<p>Vores tjeneste kan indeholde links til tredjepartswebsteder eller -tjenester, der ikke ejes eller kontrolleres af Travel S Helper.<\/p>\n<p><\/p>\n<p>Travel S Helper har ingen kontrol over og p\u00e5tager sig intet ansvar for indholdet, privatlivspolitikkerne eller praksisserne p\u00e5 tredjepartswebsteder eller -tjenester. Vi garanterer ikke for tilbuddene fra nogen af \u200b\u200bdisse enheder\/enkeltpersoner eller deres websteder.<\/p>\n<p><\/p>\n<p>DU ANERKENDER OG ACCEPTERER, AT VIRKSOMHEDEN IKKE ER ANSVARLIG, DIREKTE ELLER INDIREKTE, FOR SKADER ELLER TAB, DER FOR\u00c5RSAGES ELLER P\u00c5ST\u00c5ES AT V\u00c6RE FOR\u00c5RSAGET AF ELLER I FORBINDELSE MED BRUG AF ELLER TILST\u00c5ND TIL S\u00c5DANT INDHOLD, VARER ELLER TJENESTER, DER ER TILG\u00c6NGELIGE P\u00c5 ELLER GENNEM S\u00c5DANNE TREDJEPARTSWEBSTEDER ELLER -TJENESTER.<\/p>\n<p><\/p>\n<p>VI ANBEFALER DIG P\u00c5 DET ST\u00c6RKSTE AT L\u00c6SE SERVICEVILK\u00c5R OG PRIVATLIVSPOLITIKKER FOR ALLE TREDJEPARTSWEBSTEDER ELLER -TJENESTER, SOM DU BES\u00d8GER.<\/p>\n<p><\/p>\n<p>13.\u00a0<strong>Ansvarsfraskrivelse<\/strong><\/p>\n<p><\/p>\n<p>DISSE TJENESTER LEVERES AF VIRKSOMHEDEN &#034;SOM DE ER&#034; OG &#034;SOM TILG\u00c6NGELIGE&#034;. VIRKSOMHEDEN GIVER INGEN ERKL\u00c6RINGER ELLER GARANTIER AF NOGEN ART, HVERKEN UDTRYKKELIG ELLER UNDERFORST\u00c5ET, MED HENSYN TIL DRIFTEN AF DERES TJENESTER ELLER DE INDEHOLDTE OPLYSNINGER, INDHOLD ELLER MATERIALER. DU ACCEPTERER UDTRYKKELIGT, AT DIN BRUG AF DISSE TJENESTER, DERES INDHOLD OG ALLE TJENESTER ELLER VARER, DER ERHVERVES FRA OS, SKER P\u00c5 EGEN RISIKO.<\/p>\n<p><\/p>\n<p>HVERKEN VIRKSOMHEDEN ELLER NOGEN PERSON TILKNYTET VIRKSOMHEDEN GIVER NOGEN GARANTI ELLER ERKL\u00c6RING I FORBINDELSE MED TJENESTERNES FULDST\u00c6NDIGHED, SIKKERHED, P\u00c5LIDELIGHED, KVALITET, N\u00d8JAGTIGHED ELLER TILG\u00c6NGELIGHED. UDEN AT BEGR\u00c6NSE DET FOREG\u00c5ENDE ERKL\u00c6RER ELLER GARANTERER HVERKEN VIRKSOMHEDEN ELLER NOGEN TILKNYTTEDE VIRKSOMHEDEN, AT TJENESTERNE, DERES INDHOLD ELLER TJENESTER ELLER VARER, DER ERH\u00c5LLES GENNEM TJENESTERNE, VIL V\u00c6RE N\u00d8JAGTIGE, P\u00c5LIDELIGE, FEJLFRIE ELLER UAFBRUDTE, AT FEJL VIL BLIVE RETTET, AT TJENESTERNE ELLER DEN SERVER, DER G\u00d8R DEM TILG\u00c6NGELIGE, ER FRI FOR VIRUS ELLER ANDRE SKADELIGE KOMPONENTER, ELLER AT TJENESTERNE ELLER TJENESTER ELLER VARER, DER ERH\u00c5LLES GENNEM TJENESTERNE, P\u00c5 ANDRE M\u00c5DE VIL OPFYLDE DINE BEHOV ELLER FORVENTNINGER.<\/p>\n<p><\/p>\n<p>VIRKSOMHEDEN FRASKRIVER SIG HERMED ALLE GARANTIER AF ENHVER ART, HVAD S\u00c5 ER DE UDTRYKKELIGE ELLER UNDERFORST\u00c5EDE, LOVPLIGTIGE ELLER ANDET, HERUNDER, MEN IKKE BEGR\u00c6NSET TIL, GARANTIER FOR SALGBARHED, IKKE-KR\u00c6NKELSE OG EGNETHED TIL ET BESTEMT FORM\u00c5L.<\/p>\n<p><\/p>\n<p>DET FOREG\u00c5ENDE P\u00c5VIRKER IKKE NOGEN GARANTIER, DER IKKE KAN UDELUKKES ELLER BEGR\u00c6NSES I HENHOLD TIL G\u00c6LDENDE LOV.<\/p>\n<p><\/p>\n<p>14.\u00a0<strong>Ansvarsbegr\u00e6nsning<\/strong><\/p>\n<p><\/p>\n<p>MED UNDTAGELSE AF HVAD DET ER FORBUDT VED LOV, SKAL DU HOLDE OS OG VORES LEDERE, DIREKT\u00d8RER, MEDARBEJDERE OG AGENTER SKADESFRI FOR ENHVER INDIREKTE, P\u00d8RALE, S\u00c6RLIGE, TILF\u00c6LDIGE ELLER F\u00d8LGESKADER, UANSET HVORDAN DE OPST\u00c5R (HERUNDER ADVOKATHONARER OG ALLE RELATEREDE OMKOSTNINGER OG UDGIFTER VED RETSSAG OG VOLDGIFT, ELLER VED RETSSAG ELLER APPEL, HVIS NOGEN, UANSET OM DER INDLEVES RETSSAG ELLER VOLDGIFT), UANSET OM DET ER I EN KONTRAKTSHANDLING, UAGTSOMHED ELLER ANDEN SKADELIG HANDLING, ELLER DER OPST\u00c5R SOM F\u00d8LGE AF ELLER I FORBINDELSE MED DENNE AFTALE, HERUNDER MEN BEGR\u00c6NSET TIL ETHVERT KRAV OM PERSONSKADE ELLER MAJORSKADE, DER OPST\u00c5R SOM F\u00d8LGE AF DENNE AFTALE OG ENHVER OVERTR\u00c6DELSE FRA DIN AF F\u00d8DERALE, STATLIGE ELLER LOKALE LOVGIVNINGER, VEDTAG, REGLER ELLER FORORDNINGER, SELVOM VIRKSOMHEDEN TIDLIGERE ER BLEVET UNDERREDET OM MULIGHEDEN FOR S\u00c5DANNE SKADER. MED UNDTAGELSE AF HVAD DET ER FORBUDT VED LOV, VIL DER, HVIS DER ER FUNDET ANSVAR FOR VIRKSOMHEDENS SIDE, V\u00c6RE BEGR\u00c6NSET TIL DET BEL\u00d8B, DER ER BETALT FOR PRODUKTERNE OG\/ELLER TJENESTERNE, OG DER VIL UNDER INGEN OMST\u00c6NDIGHEDER V\u00c6RE F\u00d8LGEERSTATNING ELLER P\u00d8NALERASATSER. NOGLE STATER TILLADER IKKE FRASKRIVELSE ELLER BEGR\u00c6NSNING AF P\u00d8NALERASATSER, TILF\u00c6LDIGE ELLER F\u00d8LGEERSTATNINGER, S\u00c5 DEN TIDLIGERE BEGR\u00c6NSNING ELLER FRASKRIVELSE G\u00c6LDER MULIGVIS IKKE FOR DIG.<\/p>\n<p><\/p>\n<p>15.\u00a0<strong>Afslutning<\/strong><\/p>\n<p><\/p>\n<p>Vi kan opsige eller suspendere din konto og udelukke adgang til Tjenesten med \u00f8jeblikkelig virkning, uden forudg\u00e5ende varsel eller ansvar, efter eget sk\u00f8n, uanset \u00e5rsag og uden begr\u00e6nsning, herunder, men ikke begr\u00e6nset til, brud p\u00e5 Vilk\u00e5rene.<\/p>\n<p><\/p>\n<p>Hvis du \u00f8nsker at opsige din konto, kan du blot oph\u00f8re med at bruge Tjenesten.<\/p>\n<p><\/p>\n<p>Alle bestemmelser i Vilk\u00e5rene, som i sagens natur skal forts\u00e6tte med at g\u00e6lde efter opsigelse, skal forts\u00e6tte med at g\u00e6lde efter opsigelse, herunder, uden begr\u00e6nsning, bestemmelser om ejerskab, ansvarsfraskrivelser, skadesl\u00f8sholdelse og ansvarsbegr\u00e6nsninger.<\/p>\n<p><\/p>\n<p>16.\u00a0<strong>G\u00e6ldende lov<\/strong><\/p>\n<p><\/p>\n<p>Disse vilk\u00e5r er underlagt og fortolkes i overensstemmelse med hollandsk lov, hvor den g\u00e6ldende lov finder anvendelse p\u00e5 aftalen uden hensyntagen til dens bestemmelser om lovvalgsregler.<\/p>\n<p><\/p>\n<p>Vores undladelse af at h\u00e5ndh\u00e6ve nogen rettighed eller bestemmelse i disse Vilk\u00e5r vil ikke blive betragtet som et afkald p\u00e5 disse rettigheder. Hvis nogen bestemmelse i disse Vilk\u00e5r findes ugyldig eller ikke-h\u00e5ndh\u00e6velig af en domstol, forbliver de resterende bestemmelser i disse Vilk\u00e5r i kraft. Disse Vilk\u00e5r udg\u00f8r hele aftalen mellem os vedr\u00f8rende vores Tjeneste og erstatter eventuelle tidligere aftaler, vi m\u00e5tte have haft mellem os vedr\u00f8rende Tjenesten.<\/p>\n<p><\/p>\n<p>17.\u00a0<strong>\u00c6ndringer i tjenesten<\/strong><\/p>\n<p><\/p>\n<p>Vi forbeholder os retten til at tr\u00e6kke vores Tjeneste og enhver tjeneste eller ethvert materiale, vi leverer via Tjenesten, tilbage eller \u00e6ndre den efter eget sk\u00f8n uden varsel. Vi er ikke ansvarlige, hvis hele eller dele af Tjenesten af \u200b\u200ben eller anden grund ikke er tilg\u00e6ngelig p\u00e5 et hvilket som helst tidspunkt eller i en given periode. Fra tid til anden kan vi begr\u00e6nse adgangen til dele af Tjenesten eller hele Tjenesten for brugere, herunder registrerede brugere.<\/p>\n<p><\/p>\n<p>18.\u00a0<strong>\u00c6ndringer af vilk\u00e5r<\/strong><\/p>\n<p><\/p>\n<p>Vi kan til enhver tid \u00e6ndre Vilk\u00e5rene ved at offentligg\u00f8re de \u00e6ndrede vilk\u00e5r p\u00e5 dette websted. Det er dit ansvar at gennemg\u00e5 disse Vilk\u00e5r med j\u00e6vne mellemrum.<\/p>\n<p><\/p>\n<p>Din fortsatte brug af Platformen efter offentligg\u00f8relsen af \u200b\u200bde reviderede Vilk\u00e5r betyder, at du accepterer og accepterer \u00e6ndringerne. Du forventes at tjekke denne side ofte, s\u00e5 du er opm\u00e6rksom p\u00e5 eventuelle \u00e6ndringer, da de er bindende for dig.<\/p>\n<p><\/p>\n<p>Ved fortsat at tilg\u00e5 eller bruge vores Tjeneste efter eventuelle \u00e6ndringer er tr\u00e5dt i kraft, accepterer du at v\u00e6re bundet af de reviderede vilk\u00e5r. Hvis du ikke accepterer de nye vilk\u00e5r, er du ikke l\u00e6ngere autoriseret til at bruge Tjenesten.<\/p>\n<p><\/p>\n<p>19.\u00a0<strong>Fraskrivelse og adskillelse<\/strong><\/p>\n<p><\/p>\n<p>Intet afkald fra Virksomhedens side p\u00e5 nogen vilk\u00e5r eller betingelser, der er angivet i Vilk\u00e5rene, skal anses for at v\u00e6re et yderligere eller fortsat afkald p\u00e5 s\u00e5danne vilk\u00e5r eller betingelser eller et afkald p\u00e5 andre vilk\u00e5r eller betingelser, og enhver undladelse fra Virksomhedens side af at g\u00f8re en rettighed eller bestemmelse i henhold til Vilk\u00e5rene g\u00e6ldende skal ikke udg\u00f8re et afkald p\u00e5 en s\u00e5dan rettighed eller bestemmelse.<\/p>\n<p><\/p>\n<p>Hvis en bestemmelse i Vilk\u00e5rene af en domstol eller anden kompetent domstol anses for at v\u00e6re ugyldig, ulovlig eller ikke-h\u00e5ndh\u00e6velig af en eller anden grund, skal en s\u00e5dan bestemmelse fjernes eller begr\u00e6nses i det mindst mulige omfang, s\u00e5ledes at de resterende bestemmelser i Vilk\u00e5rene fortsat vil have fuld kraft og virkning.<\/p>\n<p><\/p>\n<p>20.\u00a0<strong>Anerkendelse<\/strong><\/p>\n<p><\/p>\n<p>VED AT BRUGE TJENESTE ELLER ANDRE TJENESTER LEVERET AF OS, ANERKENDER DU, AT DU HAR L\u00c6ST DISSE SERVICEVILK\u00c5R OG ACCEPTERER AT V\u00c6RE BUNDET AF DEM.<\/p>\n<p><\/p>\n<p>21.\u00a0<strong>Kontakt os<\/strong><\/p>\n<p><\/p>\n<p>Send venligst din feedback, kommentarer og anmodninger om teknisk support via e-mail:\u00a0<a href=\"mailto:office@travelshelper.com\"><strong>kontor@travelshelper.com<\/strong><\/a>.<\/p>\n<p><\/p>\t\t\t\t\t\t\t\t<\/div>\n\t\t\t\t<\/div>\n\t\t\t\t\t<\/div>\n\t\t\t\t<\/div>\n\t\t\t\t<\/div>","protected":false},"excerpt":{"rendered":"<p>Terms And Conditions Last updated: 2024-09-26 1.\u00a0Introduction Welcome to\u00a0Travel S Helper\u00a0(\u201cCompany\u201d, \u201cwe\u201d, \u201cour\u201d, \u201cus\u201d)! These Terms of Service (\u201cTerms\u201d, \u201cTerms of Service\u201d) govern your use of our website located at\u00a0https:\/\/travelshelper.com\u00a0(together or individually \u201cService\u201d) operated by\u00a0Travel S Helper. Our Privacy Policy also governs your use of our Service and explains how we collect, safeguard and disclose [&hellip;]<\/p>\n","protected":false},"author":1,"featured_media":0,"parent":0,"menu_order":0,"comment_status":"closed","ping_status":"closed","template":"elementor_header_footer","meta":{"_eb_attr":"","footnotes":""},"class_list":["post-15986","page","type-page","status-publish"],"_links":{"self":[{"href":"https:\/\/travelshelper.com\/da\/wp-json\/wp\/v2\/pages\/15986","targetHints":{"allow":["GET"]}}],"collection":[{"href":"https:\/\/travelshelper.com\/da\/wp-json\/wp\/v2\/pages"}],"about":[{"href":"https:\/\/travelshelper.com\/da\/wp-json\/wp\/v2\/types\/page"}],"author":[{"embeddable":true,"href":"https:\/\/travelshelper.com\/da\/wp-json\/wp\/v2\/users\/1"}],"replies":[{"embeddable":true,"href":"https:\/\/travelshelper.com\/da\/wp-json\/wp\/v2\/comments?post=15986"}],"version-history":[{"count":0,"href":"https:\/\/travelshelper.com\/da\/wp-json\/wp\/v2\/pages\/15986\/revisions"}],"wp:attachment":[{"href":"https:\/\/travelshelper.com\/da\/wp-json\/wp\/v2\/media?parent=15986"}],"curies":[{"name":"wp","href":"https:\/\/api.w.org\/{rel}","templated":true}]}}