{"id":15980,"date":"2024-09-22T01:13:36","date_gmt":"2024-09-22T01:13:36","guid":{"rendered":"https:\/\/travelshelper.com\/staging\/?page_id=15980"},"modified":"2024-09-22T01:15:53","modified_gmt":"2024-09-22T01:15:53","slug":"privatlivspolitik","status":"publish","type":"page","link":"https:\/\/travelshelper.com\/da\/privacy-policy\/","title":{"rendered":"Privatlivspolitik"},"content":{"rendered":"<div data-elementor-type=\"wp-page\" data-elementor-id=\"15980\" class=\"elementor elementor-15980\">\n\t\t\t\t<div class=\"elementor-element elementor-element-35188596 e-flex e-con-boxed e-con e-parent\" data-id=\"35188596\" data-element_type=\"container\" data-e-type=\"container\">\n\t\t\t\t\t<div class=\"e-con-inner\">\n\t\t<div class=\"elementor-element elementor-element-3f81f514 e-con-full e-flex e-con e-child\" data-id=\"3f81f514\" data-element_type=\"container\" data-e-type=\"container\">\n\t\t\t\t<div class=\"elementor-element elementor-element-33b17af5 elementor-widget elementor-widget-text-editor\" data-id=\"33b17af5\" data-element_type=\"widget\" data-e-type=\"widget\" data-widget_type=\"text-editor.default\">\n\t\t\t\t\t\t\t\t\t<p>Ikrafttr\u00e6delsesdato: 2024-09-26<\/p><ol><li><strong>Indledning<\/strong><\/li><\/ol><p>Velkommen til\u00a0<strong>Travel S Helper<\/strong>.<\/p><p><strong>Travel S Helper<\/strong>\u00a0(\u201cos\u201d, \u201cvi\u201d eller \u201cvores\u201d) opererer\u00a0<strong>https:\/\/travelshelper.com<\/strong>\u00a0(herefter ben\u00e6vnt\u00a0<strong>&#034;Service&#034;<\/strong>).<\/p><p>Vores privatlivspolitik regulerer dit bes\u00f8g p\u00e5\u00a0<strong>https:\/\/travelshelper.com<\/strong>, og forklarer, hvordan vi indsamler, beskytter og videregiver oplysninger, der stammer fra din brug af vores Tjeneste.<\/p><p>Vi bruger dine data til at levere og forbedre Tjenesten. Ved at bruge Tjenesten accepterer du indsamling og brug af oplysninger i overensstemmelse med denne politik. Medmindre andet er defineret i denne Privatlivspolitik, har de udtryk, der anvendes i denne Privatlivspolitik, samme betydning som i vores Vilk\u00e5r og betingelser.<\/p><p>Vores vilk\u00e5r og betingelser (<strong>&#034;Vilk\u00e5r&#034;<\/strong>) regulerer al brug af vores tjeneste og udg\u00f8r sammen med privatlivspolitikken din aftale med os (<strong>&#034;aftale&#034;<\/strong>).<\/p><ol start=\"2\"><li><strong>Definitioner<\/strong><\/li><\/ol><p><strong>SERVICE<\/strong>\u00a0means the\u00a0https:\/\/travelshelper.com\u00a0website operated by\u00a0Travel S Helper.<\/p><p><strong>PERSONLIGE DATA<\/strong>\u00a0betyder data om en levende person, der kan identificeres ud fra disse data (eller fra disse og andre oplysninger, der enten er i vores besiddelse eller sandsynligvis vil komme i vores besiddelse).<\/p><p><strong>BRUGSDATA<\/strong>\u00a0er data indsamlet automatisk, enten genereret ved brug af Tjenesten eller fra selve Tjenestens infrastruktur (for eksempel varigheden af \u200b\u200bet sidebes\u00f8g).<\/p><p><strong>COOKIES<\/strong>\u00a0er sm\u00e5 filer, der er gemt p\u00e5 din enhed (computer eller mobilenhed).<\/p><p><strong>DATAANVISNINGSANVISNING<\/strong>\u00a0betyder en fysisk eller juridisk person, der (enten alene eller i f\u00e6llesskab med andre personer) bestemmer form\u00e5lene med og den m\u00e5de, hvorp\u00e5 personoplysninger behandles eller skal behandles. I henhold til denne privatlivspolitik er vi dataansvarlig for dine data.<\/p><p><strong>DATABEHANDLER (ELLER TJENESTEUDBYDERE)<\/strong>\u00a0betyder enhver fysisk eller juridisk person, der behandler data p\u00e5 vegne af den dataansvarlige. Vi kan benytte os af forskellige tjenesteudbyderes tjenester for at behandle dine data mere effektivt.<\/p><p><strong>DATAREGISTERET<\/strong>\u00a0er enhver levende person, der er genstand for personoplysninger.<\/p><p><strong>BRUGEREN<\/strong>\u00a0er den person, der bruger vores tjeneste. Brugeren svarer til den registrerede, som er genstand for personoplysningerne.<\/p><ol start=\"3\"><li><strong>Indsamling og brug af information<\/strong><\/li><\/ol><p>Vi indsamler flere forskellige typer oplysninger til forskellige form\u00e5l for at levere og forbedre vores service til dig.<\/p><ol start=\"4\"><li><strong>Typer af indsamlede data<\/strong><\/li><\/ol><p><strong>Personlige data<\/strong><\/p><p>N\u00e5r du bruger vores tjeneste, kan vi bede dig om at give os visse personligt identificerbare oplysninger, der kan bruges til at kontakte eller identificere dig (<strong>&#034;Personlige data&#034;<\/strong>Personligt identificerbare oplysninger kan omfatte, men er ikke begr\u00e6nset til:<\/p><p>0.1. E-mailadresse<\/p><p>0.2. Fornavn og efternavn<\/p><p>0.3. Telefonnummer<\/p><p>0.4. Adresse, land, stat, provins, postnummer, by<\/p><p>0.5. Cookies og brugsdata<\/p><p>Vi kan bruge dine personoplysninger til at kontakte dig med nyhedsbreve, markedsf\u00f8rings- eller salgsfremmende materiale og andre oplysninger, der kan v\u00e6re af interesse for dig. Du kan frav\u00e6lge at modtage nogen af \u200b\u200beller alle disse meddelelser fra os ved at f\u00f8lge afmeldingslinket.<\/p><p><strong>Brugsdata<\/strong><\/p><p>Vi kan ogs\u00e5 indsamle oplysninger, som din browser sender, n\u00e5r du bes\u00f8ger vores tjeneste, eller n\u00e5r du tilg\u00e5r tjenesten via en hvilken som helst enhed (<strong>&#034;Brugsdata&#034;<\/strong>).<\/p><p>Disse brugsdata kan omfatte oplysninger s\u00e5som din computers internetprotokoladresse (f.eks. IP-adresse), browsertype, browserversion, de sider i vores tjeneste, du bes\u00f8ger, tidspunktet og datoen for dit bes\u00f8g, den tid, der bruges p\u00e5 disse sider, unikke enhedsidentifikatorer og andre diagnostiske data.<\/p><p>N\u00e5r du tilg\u00e5r Tjenesten med en enhed, kan disse Brugsdata omfatte oplysninger s\u00e5som den type enhed, du bruger, dit enheds unikke ID, din enheds IP-adresse, dit enheds operativsystem, den type internetbrowser, du bruger, unikke enheds-id&#039;er og andre diagnostiske data.<\/p><p><strong>Sporingscookiesdata<\/strong><\/p><p>Vi bruger cookies og lignende sporingsteknologier til at spore aktiviteten p\u00e5 vores tjeneste, og vi opbevarer visse oplysninger.<\/p><p>Cookies er filer med en lille m\u00e6ngde data, som kan indeholde en anonym unik identifikator. Cookies sendes til din browser fra et websted og gemmes p\u00e5 din enhed. Andre sporingsteknologier, s\u00e5som beacons, tags og scripts, bruges ogs\u00e5 til at indsamle og spore oplysninger og til at forbedre og analysere vores tjeneste.<\/p><p>Du kan instruere din browser til at afvise alle cookies eller til at angive, hvorn\u00e5r en cookie sendes. Hvis du ikke accepterer cookies, kan du dog muligvis ikke bruge visse dele af vores tjeneste.<\/p><p>Eksempler p\u00e5 cookies vi bruger:<\/p><p>0.1.\u00a0<strong>Sessionscookies:<\/strong>\u00a0Vi bruger sessionscookies til at drive vores tjeneste.<\/p><p>0.2.\u00a0<strong>Pr\u00e6ference cookies:<\/strong>\u00a0Vi bruger pr\u00e6ferencecookies til at huske dine pr\u00e6ferencer og forskellige indstillinger.<\/p><p>0.3.\u00a0<strong>Sikkerhedscookies:<\/strong>\u00a0Vi bruger sikkerhedscookies til sikkerhedsform\u00e5l.<\/p><p>0.4.\u00a0<strong>Reklamecookies:<\/strong>\u00a0Reklamecookies bruges til at vise dig reklamer, der kan v\u00e6re relevante for dig og dine interesser.<\/p><p><strong>Andre data<\/strong><\/p><p>N\u00e5r vi bruger vores Tjeneste, kan vi ogs\u00e5 indsamle f\u00f8lgende oplysninger: k\u00f8n, alder, f\u00f8dselsdato, f\u00f8dested, pasoplysninger, statsborgerskab, registrering p\u00e5 bop\u00e6l og faktisk adresse, telefonnummer (arbejde, mobil), oplysninger om dokumenter vedr\u00f8rende uddannelse, kvalifikationer, faglig tr\u00e6ning, ans\u00e6ttelsesaftaler, fortrolighedsaftaler, oplysninger om bonusser og kompensation, oplysninger om civilstand, familiemedlemmer, CPR-nummer (eller andet skatteyderidentifikationsnummer), kontorlokation og andre data.<\/p><ol start=\"5\"><li><strong>Brug af data<\/strong><\/li><\/ol><p>Travel S Helper bruger de indsamlede data til forskellige form\u00e5l:<\/p><p>0.1. at levere og vedligeholde vores Tjeneste;<\/p><p>0.2. at underrette dig om \u00e6ndringer i vores tjeneste;<\/p><p>0.3. for at give dig mulighed for at deltage i interaktive funktioner i vores Tjeneste, n\u00e5r du v\u00e6lger at g\u00f8re det;<\/p><p>0.4. at yde kundesupport;<\/p><p>0.5. at indsamle analyser eller v\u00e6rdifulde oplysninger, s\u00e5 vi kan forbedre vores tjeneste;<\/p><p>0.6. at overv\u00e5ge brugen af \u200b\u200bvores tjeneste;<\/p><p>0.7. at opdage, forebygge og h\u00e5ndtere tekniske problemer;<\/p><p>0.8. for at opfylde ethvert andet form\u00e5l, som du leverer det til;<\/p><p>0.9. at opfylde vores forpligtelser og h\u00e5ndh\u00e6ve vores rettigheder, der f\u00f8lger af enhver kontrakt indg\u00e5et mellem dig og os, herunder fakturering og opkr\u00e6vning;<\/p><p>0.10. at sende dig meddelelser om din konto og\/eller dit abonnement, herunder meddelelser om udl\u00f8b og fornyelse, e-mailinstruktioner osv.;<\/p><p>0.11. at give dig nyheder, s\u00e6rlige tilbud og generelle oplysninger om andre varer, tjenester og begivenheder, som vi tilbyder, og som ligner dem, du allerede har k\u00f8bt eller forespurgt om, medmindre du har valgt ikke at modtage s\u00e5danne oplysninger;<\/p><p>0.12. p\u00e5 enhver anden m\u00e5de, som vi m\u00e5tte beskrive, hvorn\u00e5r du giver oplysningerne;<\/p><p>0.13. til ethvert andet form\u00e5l med dit samtykke.<\/p><ol start=\"6\"><li><strong>Opbevaring af data<\/strong><\/li><\/ol><p>Vi opbevarer kun dine personoplysninger, s\u00e5 l\u00e6nge det er n\u00f8dvendigt for de form\u00e5l, der er angivet i denne privatlivspolitik. Vi opbevarer og bruger dine personoplysninger i det omfang, det er n\u00f8dvendigt for at overholde vores juridiske forpligtelser (f.eks. hvis vi er forpligtet til at opbevare dine data for at overholde g\u00e6ldende love), l\u00f8se tvister og h\u00e5ndh\u00e6ve vores juridiske aftaler og politikker.<\/p><p>Vi opbevarer ogs\u00e5 brugsdata til interne analyseform\u00e5l. Brugsdata opbevares generelt i en kortere periode, undtagen n\u00e5r disse data bruges til at styrke sikkerheden eller forbedre funktionaliteten af \u200b\u200bvores tjeneste, eller vi er juridisk forpligtet til at opbevare disse data i l\u00e6ngere perioder.<\/p><ol start=\"7\"><li><strong>Overf\u00f8rsel af data<\/strong><\/li><\/ol><p>Dine oplysninger, herunder personoplysninger, kan blive overf\u00f8rt til \u2013 og opbevaret p\u00e5 \u2013 computere, der er placeret uden for din stat, provins, land eller anden offentlig jurisdiktion, hvor databeskyttelseslovgivningen kan afvige fra lovgivningen i din jurisdiktion.<\/p><p>Hvis du befinder dig uden for Holland og v\u00e6lger at give os oplysninger, bedes du v\u00e6re opm\u00e6rksom p\u00e5, at vi overf\u00f8rer dataene, herunder personoplysninger, til Holland og behandler dem der.<\/p><p>Dit samtykke til denne privatlivspolitik efterfulgt af din indsendelse af s\u00e5danne oplysninger repr\u00e6senterer din accept af denne overf\u00f8rsel.<\/p><p>Travel S Helper vil tage alle rimeligt n\u00f8dvendige skridt for at sikre, at dine data behandles sikkert og i overensstemmelse med denne privatlivspolitik, og der vil ikke ske nogen overf\u00f8rsel af dine personoplysninger til en organisation eller et land, medmindre der er tilstr\u00e6kkelige kontroller p\u00e5 plads, herunder sikkerheden af \u200b\u200bdine data og andre personlige oplysninger.<\/p><ol start=\"8\"><li><strong>Videregivelse af data<\/strong><\/li><\/ol><p>Vi kan videregive personlige oplysninger, som vi indsamler, eller som du giver:<\/p><p>0.1.\u00a0<strong>Offentligg\u00f8relse for retsh\u00e5ndh\u00e6velse.<\/strong><\/p><p>Under visse omst\u00e6ndigheder kan vi v\u00e6re forpligtet til at videregive dine personoplysninger, hvis det er p\u00e5kr\u00e6vet ved lov eller som svar p\u00e5 gyldige anmodninger fra offentlige myndigheder.<\/p><p>0.2.\u00a0<strong>Forretningstransaktion.<\/strong><\/p><p>Hvis vi eller vores datterselskaber er involveret i en fusion, et opk\u00f8b eller et salg af aktiver, kan dine personoplysninger blive overf\u00f8rt.<\/p><p>0.3.\u00a0<strong>Andre tilf\u00e6lde. Vi kan ogs\u00e5 videregive dine oplysninger:<\/strong><\/p><p>0.3.1. til vores datterselskaber og tilknyttede selskaber;<\/p><p>0.3.2. til entrepren\u00f8rer, serviceudbydere og andre tredjeparter, som vi bruger til at underst\u00f8tte vores forretning;<\/p><p>0.3.3. for at opfylde det form\u00e5l, som du leverer det til;<\/p><p>0.3.4. med det form\u00e5l at inkludere din virksomheds logo p\u00e5 vores hjemmeside;<\/p><p>0.3.5. til ethvert andet form\u00e5l, som vi oplyser, n\u00e5r du giver oplysningerne;<\/p><p>0.3.6. med dit samtykke i alle andre tilf\u00e6lde;<\/p><p>0.3.7. hvis vi mener, at videregivelse er n\u00f8dvendig eller passende for at beskytte virksomhedens, vores kunders eller andres rettigheder, ejendom eller sikkerhed.<\/p><ol start=\"9\"><li><strong>Datasikkerhed<\/strong><\/li><\/ol><p>Sikkerheden af \u200b\u200bdine data er vigtig for os, men husk at ingen metode til overf\u00f8rsel via internettet eller elektronisk lagring er 100% sikker. Selvom vi bestr\u00e6ber os p\u00e5 at bruge kommercielt acceptable metoder til at beskytte dine personoplysninger, kan vi ikke garantere deres absolutte sikkerhed.<\/p><ol start=\"10\"><li><strong>Dine databeskyttelsesrettigheder i henhold til den generelle forordning om databeskyttelse (GDPR)<\/strong><\/li><\/ol><p>Hvis du er bosiddende i Den Europ\u00e6iske Union (EU) og Det Europ\u00e6iske \u00d8konomiske Samarbejdsomr\u00e5de (E\u00d8S), har du visse databeskyttelsesrettigheder, som er omfattet af GDPR.<\/p><p>Vi bestr\u00e6ber os p\u00e5 at tage rimelige skridt til at give dig mulighed for at rette, \u00e6ndre, slette eller begr\u00e6nse brugen af \u200b\u200bdine personoplysninger.<\/p><p>Hvis du \u00f8nsker at f\u00e5 oplyst, hvilke personoplysninger vi opbevarer om dig, og hvis du \u00f8nsker, at de skal slettes fra vores systemer, bedes du sende os en e-mail p\u00e5\u00a0<strong>kontor@travelshelper.com<\/strong>.<\/p><p>Under visse omst\u00e6ndigheder har du f\u00f8lgende databeskyttelsesrettigheder:<\/p><p>0.1. retten til at f\u00e5 adgang til, opdatere eller slette de oplysninger, vi har om dig;<\/p><p>0.2. retten til berigtigelse. Du har ret til at f\u00e5 dine oplysninger berigtiget, hvis disse er un\u00f8jagtige eller ufuldst\u00e6ndige;<\/p><p>0.3. retten til at g\u00f8re indsigelse. Du har ret til at g\u00f8re indsigelse mod vores behandling af dine personoplysninger;<\/p><p>0.4. retten til begr\u00e6nsning. Du har ret til at anmode om, at vi begr\u00e6nser behandlingen af \u200b\u200bdine personoplysninger;<\/p><p>0.5. retten til dataportabilitet. Du har ret til at f\u00e5 udleveret en kopi af dine personoplysninger i et struktureret, maskinl\u00e6sbart og almindeligt anvendt format;<\/p><p>0.6. retten til at tr\u00e6kke samtykke tilbage. Du har ogs\u00e5 ret til at tr\u00e6kke dit samtykke tilbage n\u00e5r som helst, hvor vi er afh\u00e6ngige af dit samtykke til at behandle dine personoplysninger;<\/p><p>Bem\u00e6rk venligst, at vi kan bede dig om at bekr\u00e6fte din identitet, f\u00f8r vi svarer p\u00e5 s\u00e5danne anmodninger. Bem\u00e6rk venligst, at vi muligvis ikke kan levere tjenesten uden visse n\u00f8dvendige data.<\/p><p>Du har ret til at klage til en databeskyttelsesmyndighed over vores indsamling og brug af dine personoplysninger. For yderligere information, kontakt venligst din lokale databeskyttelsesmyndighed i Det Europ\u00e6iske \u00d8konomiske Samarbejdsomr\u00e5de (E\u00d8S).<\/p><ol start=\"11\"><li><strong>Dine databeskyttelsesrettigheder i henhold til California Privacy Protection Act (CalOPPA)<\/strong><\/li><\/ol><p>CalOPPA er den f\u00f8rste statslov i landet, der kr\u00e6ver, at kommercielle websteder og onlinetjenester offentligg\u00f8r en privatlivspolitik. Lovens r\u00e6kkevidde str\u00e6kker sig langt ud over Californien og kr\u00e6ver, at en person eller virksomhed i USA (og i hele verden), der driver websteder, der indsamler personligt identificerbare oplysninger fra californiske forbrugere, offentligg\u00f8r en tydelig privatlivspolitik p\u00e5 sit websted, der pr\u00e6cist angiver de oplysninger, der indsamles, og de personer, som de deles med, samt overholder denne politik.<\/p><p>If\u00f8lge CalOPPA accepterer vi f\u00f8lgende:<\/p><p>0.1. brugere kan bes\u00f8ge vores hjemmeside anonymt;<\/p><p>0.2. linket til vores privatlivspolitik indeholder ordet &#034;Privatliv&#034; og kan nemt findes p\u00e5 forsiden af \u200b\u200bvores hjemmeside;<\/p><p>0.3. brugere vil blive underrettet om eventuelle \u00e6ndringer i privatlivspolitikken p\u00e5 vores side med privatlivspolitik;<\/p><p>0.4. Brugere kan \u00e6ndre deres personlige oplysninger ved at sende os en e-mail p\u00e5\u00a0<strong>kontor@travelshelper.com<\/strong>.<\/p><p>Vores politik vedr\u00f8rende &#034;Spor ikke&#034;-signaler:<\/p><p>Vi respekterer &#034;Do Not Track&#034;-signaler og sporer ikke, planter ikke cookies eller bruger reklamer, n\u00e5r en &#034;Do Not Track&#034;-browsermekanisme er p\u00e5 plads. &#034;Do Not Track&#034; er en pr\u00e6ference, du kan indstille i din webbrowser for at informere websteder om, at du ikke \u00f8nsker at blive sporet.<\/p><p>Du kan aktivere eller deaktivere Spor ikke ved at bes\u00f8ge siden Pr\u00e6ferencer eller Indstillinger i din webbrowser.<\/p><ol start=\"12\"><li><strong>Dine databeskyttelsesrettigheder i henhold til California Consumer Privacy Act (CCPA)<\/strong><\/li><\/ol><p>Hvis du er bosiddende i Californien, har du ret til at f\u00e5 oplyst, hvilke data vi indsamler om dig, anmode om at f\u00e5 dine data slettet og ikke at s\u00e6lge (dele) dem. For at ud\u00f8ve dine databeskyttelsesrettigheder kan du frems\u00e6tte visse anmodninger og bede os om at:<\/p><p><strong>0.1. Hvilke personlige oplysninger vi har om dig. Hvis du frems\u00e6tter denne anmodning, vil vi returnere f\u00f8lgende til dig:<\/strong><\/p><p>0.0.1. De kategorier af personoplysninger, vi har indsamlet om dig.<\/p><p>0.0.2. Kategorierne af kilder, hvorfra vi indsamler dine personlige oplysninger.<\/p><p>0.0.3. Det forretningsm\u00e6ssige eller kommercielle form\u00e5l med at indsamle eller s\u00e6lge dine personlige oplysninger.<\/p><p>0.0.4. Kategorierne af tredjeparter, som vi deler personoplysninger med.<\/p><p>0.0.5. De specifikke personoplysninger, vi har indsamlet om dig.<\/p><p>0.0.6. En liste over kategorier af personoplysninger, som vi har solgt, sammen med kategorien for eventuelle andre virksomheder, vi har solgt dem til. Hvis vi ikke har solgt dine personoplysninger, vil vi informere dig om dette.<\/p><p>0.0.7. En liste over kategorier af personoplysninger, som vi har videregivet til forretningsm\u00e6ssige form\u00e5l, sammen med kategorien for enhver anden virksomhed, vi har delt dem med.<\/p><p>Bem\u00e6rk venligst, at du har ret til at anmode os om at give dig disse oplysninger op til to gange inden for en rullende tolvm\u00e5nedersperiode. N\u00e5r du frems\u00e6tter denne anmodning, kan de oplysninger, der gives, v\u00e6re begr\u00e6nset til de personlige oplysninger, vi har indsamlet om dig i de foreg\u00e5ende 12 m\u00e5neder.<\/p><p><strong>0.2. At slette dine personlige oplysninger. Hvis du frems\u00e6tter denne anmodning, sletter vi de personlige oplysninger, vi har om dig fra datoen for din anmodning, fra vores registre og anmoder alle tjenesteudbydere om at g\u00f8re det samme. I nogle tilf\u00e6lde kan sletning ske ved afidentifikation af oplysningerne. Hvis du v\u00e6lger at slette dine personlige oplysninger, kan du muligvis ikke bruge visse funktioner, der kr\u00e6ver dine personlige oplysninger for at fungere.<\/strong><\/p><p><strong>0.3. At stoppe salget af dine personlige oplysninger. Vi hverken s\u00e6lger eller udlejer dine personlige oplysninger til tredjeparter til noget form\u00e5l. Vi s\u00e6lger ikke dine personlige oplysninger mod betaling. Under visse omst\u00e6ndigheder kan overf\u00f8rsel af personlige oplysninger til en tredjepart eller inden for vores familie af virksomheder uden betaling betragtes som et &#034;salg&#034; i henhold til californisk lov. Du er den eneste ejer af dine personoplysninger og kan til enhver tid anmode om videregivelse eller sletning.<\/strong><\/p><p>Hvis du indsender en anmodning om at stoppe salget af dine personlige oplysninger, stopper vi med at foretage s\u00e5danne overf\u00f8rsler.<\/p><p>Bem\u00e6rk venligst, at hvis du beder os om at slette eller stoppe med at s\u00e6lge dine data, kan det p\u00e5virke din oplevelse hos os, og du kan muligvis ikke deltage i visse programmer eller medlemskabstjenester, der kr\u00e6ver brug af dine personlige oplysninger for at fungere. Men under ingen omst\u00e6ndigheder vil vi diskriminere dig for at ud\u00f8ve dine rettigheder.<\/p><p>For at ud\u00f8ve dine ovenfor beskrevne californiske databeskyttelsesrettigheder, bedes du sende din(e) anmodning(er) via e-mail:\u00a0<strong>kontor@travelshelper.com<\/strong>.<\/p><p>Dine databeskyttelsesrettigheder, som beskrevet ovenfor, er d\u00e6kket af CCPA, en forkortelse for California Consumer Privacy Act. For at finde ud af mere, kan du bes\u00f8ge den officielle hjemmeside for California Legislative Information. CCPA tr\u00e5dte i kraft den 01\/01\/2020.<\/p><ol start=\"13\"><li><strong>Tjenesteudbydere<\/strong><\/li><\/ol><p>Vi kan benytte tredjepartsvirksomheder og enkeltpersoner til at facilitere vores tjeneste (<strong>&#034;Tjenesteudbydere&#034;<\/strong>), levere tjenester p\u00e5 vores vegne, udf\u00f8re servicerelaterede tjenester eller hj\u00e6lpe os med at analysere, hvordan vores tjenester bruges.<\/p><p>Disse tredjeparter har kun adgang til dine personoplysninger for at udf\u00f8re disse opgaver p\u00e5 vores vegne og er forpligtet til ikke at videregive eller bruge dem til andre form\u00e5l.<\/p><ol start=\"14\"><li><strong>Analyse<\/strong><\/li><\/ol><p>Vi kan bruge tredjepartstjenesteudbydere til at overv\u00e5ge og analysere brugen af \u200b\u200bvores tjeneste.<\/p><ol start=\"15\"><li><strong>CI\/CD-v\u00e6rkt\u00f8jer<\/strong><\/li><\/ol><p>Vi kan bruge tredjepartstjenesteudbydere til at automatisere udviklingsprocessen for vores tjeneste.<\/p><ol start=\"16\"><li><strong>Reklame<\/strong><\/li><\/ol><p>Vi kan bruge tredjepartstjenesteudbydere til at vise dig reklamer for at underst\u00f8tte og vedligeholde vores tjeneste.<\/p><ol start=\"17\"><li><strong>Adf\u00e6rdsm\u00e6ssig remarketing<\/strong><\/li><\/ol><p>Vi kan bruge remarketingtjenester til at annoncere til dig p\u00e5 tredjepartswebsteder, efter du har bes\u00f8gt vores tjeneste. Vi og vores tredjepartsleverand\u00f8rer bruger cookies til at informere, optimere og vise annoncer baseret p\u00e5 dine tidligere bes\u00f8g p\u00e5 vores tjeneste.<\/p><ol start=\"18\"><li><strong>Links til andre websteder<\/strong><\/li><\/ol><p>Vores tjeneste kan indeholde links til andre websteder, som ikke drives af os. Hvis du klikker p\u00e5 et link fra en tredjepart, bliver du omdirigeret til den p\u00e5g\u00e6ldende tredjeparts websted. Vi anbefaler kraftigt, at du gennemg\u00e5r privatlivspolitikken for hvert websted, du bes\u00f8ger.<\/p><p>Vi har ingen kontrol over og p\u00e5tager os intet ansvar for indholdet, privatlivspolitikkerne eller praksisserne p\u00e5 tredjepartswebsteder eller -tjenester.<\/p><ol start=\"19\"><li><strong>B\u00f8rns privatliv<\/strong><\/li><\/ol><p>Vores tjenester er ikke beregnet til brug for b\u00f8rn under 18 \u00e5r (<strong>&#034;Barn&#034;<\/strong>\u00a0eller\u00a0<strong>&#034;B\u00f8rn&#034;<\/strong>).<\/p><p>Vi indsamler ikke bevidst personligt identificerbare oplysninger fra b\u00f8rn under 18 \u00e5r. Hvis du bliver opm\u00e6rksom p\u00e5, at et barn har givet os personoplysninger, bedes du kontakte os. Hvis vi bliver opm\u00e6rksomme p\u00e5, at vi har indsamlet personoplysninger fra b\u00f8rn uden bekr\u00e6ftelse af for\u00e6ldresamtykke, tager vi skridt til at fjerne disse oplysninger fra vores servere.<\/p><ol start=\"20\"><li><strong>\u00c6ndringer i denne privatlivspolitik<\/strong><\/li><\/ol><p>Vi kan opdatere vores privatlivspolitik fra tid til anden. Vi vil underrette dig om eventuelle \u00e6ndringer ved at offentligg\u00f8re den nye privatlivspolitik p\u00e5 denne side.<\/p><p>Vi giver dig besked via e-mail og\/eller en tydelig meddelelse p\u00e5 vores tjeneste, inden \u00e6ndringen tr\u00e6der i kraft, og opdaterer &#034;ikrafttr\u00e6delsesdato&#034; \u00f8verst i denne privatlivspolitik.<\/p><p>Du r\u00e5des til at gennemg\u00e5 denne privatlivspolitik regelm\u00e6ssigt for eventuelle \u00e6ndringer. \u00c6ndringer i denne privatlivspolitik tr\u00e6der i kraft, n\u00e5r de offentligg\u00f8res p\u00e5 denne side.<\/p><ol start=\"21\"><li><strong>Kontakt os<\/strong><\/li><\/ol><p>Hvis du har sp\u00f8rgsm\u00e5l til denne privatlivspolitik, bedes du kontakte os via e-mail:\u00a0<strong>kontor@travelshelper.com<\/strong>.<\/p>\t\t\t\t\t\t\t\t<\/div>\n\t\t\t\t<\/div>\n\t\t\t\t\t<\/div>\n\t\t\t\t<\/div>\n\t\t\t\t<\/div>","protected":false},"excerpt":{"rendered":"<p>Effective date: 2024-09-26 Introduction Welcome to\u00a0Travel S Helper. Travel S Helper\u00a0(\u201cus\u201d, \u201cwe\u201d, or \u201cour\u201d) operates\u00a0https:\/\/travelshelper.com\u00a0(hereinafter referred to as\u00a0\u201cService\u201d). Our Privacy Policy governs your visit to\u00a0https:\/\/travelshelper.com, and explains how we collect, safeguard and disclose information that results from your use of our Service. We use your data to provide and improve Service. By using Service, you [&hellip;]<\/p>\n","protected":false},"author":1,"featured_media":0,"parent":0,"menu_order":0,"comment_status":"closed","ping_status":"closed","template":"elementor_header_footer","meta":{"_eb_attr":"","footnotes":""},"class_list":["post-15980","page","type-page","status-publish"],"_links":{"self":[{"href":"https:\/\/travelshelper.com\/da\/wp-json\/wp\/v2\/pages\/15980","targetHints":{"allow":["GET"]}}],"collection":[{"href":"https:\/\/travelshelper.com\/da\/wp-json\/wp\/v2\/pages"}],"about":[{"href":"https:\/\/travelshelper.com\/da\/wp-json\/wp\/v2\/types\/page"}],"author":[{"embeddable":true,"href":"https:\/\/travelshelper.com\/da\/wp-json\/wp\/v2\/users\/1"}],"replies":[{"embeddable":true,"href":"https:\/\/travelshelper.com\/da\/wp-json\/wp\/v2\/comments?post=15980"}],"version-history":[{"count":0,"href":"https:\/\/travelshelper.com\/da\/wp-json\/wp\/v2\/pages\/15980\/revisions"}],"wp:attachment":[{"href":"https:\/\/travelshelper.com\/da\/wp-json\/wp\/v2\/media?parent=15980"}],"curies":[{"name":"wp","href":"https:\/\/api.w.org\/{rel}","templated":true}]}}