{"id":15974,"date":"2024-09-22T01:11:09","date_gmt":"2024-09-22T01:11:09","guid":{"rendered":"https:\/\/travelshelper.com\/staging\/?page_id=15974"},"modified":"2024-09-22T01:13:07","modified_gmt":"2024-09-22T01:13:07","slug":"ansvarsfraskrivelse","status":"publish","type":"page","link":"https:\/\/travelshelper.com\/da\/disclaimer\/","title":{"rendered":"Ansvarsfraskrivelse"},"content":{"rendered":"<div data-elementor-type=\"wp-page\" data-elementor-id=\"15974\" class=\"elementor elementor-15974\">\n\t\t\t\t<div class=\"elementor-element elementor-element-6f0bcdfa e-flex e-con-boxed e-con e-parent\" data-id=\"6f0bcdfa\" data-element_type=\"container\" data-e-type=\"container\">\n\t\t\t\t\t<div class=\"e-con-inner\">\n\t\t<div class=\"elementor-element elementor-element-627d6690 e-con-full e-flex e-con e-child\" data-id=\"627d6690\" data-element_type=\"container\" data-e-type=\"container\">\n\t\t\t\t<div class=\"elementor-element elementor-element-428000a8 elementor-widget elementor-widget-text-editor\" data-id=\"428000a8\" data-element_type=\"widget\" data-e-type=\"widget\" data-widget_type=\"text-editor.default\">\n\t\t\t\t\t\t\t\t\t<p><\/p><p>Sidst opdateret: 2024-09-26<\/p><p> <\/p><p><strong>ANSVARSFRASKRIVELSE FOR HJEMMESIDET<\/strong><\/p><p> <\/p><p>Oplysningerne leveret af\u00a0<strong>Travel S Helper<\/strong>\u00a0(\u201cVirksomhed\u201d, \u201cvi\u201d, \u201cvores\u201d, \u201cos\u201d) p\u00e5\u00a0<strong>https:\/\/travelshelper.com<\/strong>\u00a0(&#034;Hjemmesiden&#034;) er kun til generelle informationsform\u00e5l. Alle oplysninger p\u00e5 webstedet gives i god tro, men vi giver ingen erkl\u00e6ring eller garanti af nogen art, hverken udtrykkelig eller underforst\u00e5et, vedr\u00f8rende n\u00f8jagtigheden, tilstr\u00e6kkeligheden, gyldigheden, p\u00e5lideligheden, tilg\u00e6ngeligheden eller fuldst\u00e6ndigheden af \u200b\u200boplysninger p\u00e5 webstedet.<\/p><p> <\/p><p>VI HAR UNDER INGEN OMST\u00c6NDIGHEDER NOGET ANSVAR OVER FOR DIG FOR TAB ELLER SKADE AF NOGEN ART, DER OPST\u00c5R SOM F\u00d8LGE AF BRUGEN AF HJEMMESIDEN ELLER TILLID TIL OPLYSNINGER, DER LEVERES P\u00c5 HJEMMESIDEN. DIN BRUG AF HJEMMESIDEN OG DIN TILLID TIL OPLYSNINGER P\u00c5 HJEMMESIDEN SK\u00c6RER ALLEREDE P\u00c5 EGEN RISIKO.<\/p><p> <\/p><p><strong>ANSVARSFRASKRIVELSE FOR EKSTERNE LINKS<\/strong><\/p><p> <\/p><p>Webstedet kan indeholde (eller du kan blive sendt via webstedet) links til andre websteder eller indhold, der tilh\u00f8rer eller stammer fra tredjeparter, eller links til websteder og funktioner. S\u00e5danne eksterne links unders\u00f8ges, overv\u00e5ges eller kontrolleres ikke af os for n\u00f8jagtighed, tilstr\u00e6kkelighed, gyldighed, p\u00e5lidelighed, tilg\u00e6ngelighed eller fuldst\u00e6ndighed.<\/p><p> <\/p><p>VI GARANTERER IKKE, ST\u00d8TTER, GARANTERER ELLER P\u00c5TAGER OS IKKE ANSVAR FOR N\u00d8JAGTIGHEDEN ELLER P\u00c5LIDELIGHEDEN AF OPLYSNINGER, DER TILBYDES AF TREDJEPARTSWEBSTEDER, DER LINKES TIL VIA WEBSTEDET, ELLER NOGEN WEBSTED ELLER FUNKTION, DER LINKES I NOGEN BANNER ELLER ANDEN REKLAME. VI VIL IKKE V\u00c6RE PART I ELLER P\u00c5 NOGEN M\u00c5DE V\u00c6RE ANSVARLIGE FOR AT OVERV\u00c5GE NOGEN TRANSAKTION MELLEM DIG OG TREDJEPARTSLEVERAND\u00d8RER AF PRODUKTER ELLER TJENESTER.<\/p><p> <\/p><p><strong>ANSVARSFRASKRIVELSE FOR TILKNYTTEDE SERVICES<\/strong><\/p><p> <\/p><p>Webstedet kan indeholde links til affilierede websteder, og vi kan modtage en affiliate-provision for eventuelle k\u00f8b eller handlinger, du foretager p\u00e5 de affilierede websteder ved hj\u00e6lp af s\u00e5danne links.<\/p><p> <\/p><p><strong>ANSVARSFRASKRIVELSE FOR UDTALELSER<\/strong><\/p><p> <\/p><p>Hjemmesiden kan indeholde udtalelser fra brugere af vores produkter og\/eller tjenester. Disse udtalelser afspejler brugernes virkelige oplevelser og meninger. Oplevelserne er dog personlige for disse specifikke brugere og er ikke n\u00f8dvendigvis repr\u00e6sentative for alle brugere af vores produkter og\/eller tjenester. Vi p\u00e5st\u00e5r ikke, og du b\u00f8r ikke antage, at alle brugere vil have de samme oplevelser.<\/p><p> <\/p><p>DINE INDIVIDUELLE RESULTATER KAN VARIERE.<\/p><p> <\/p><p>Udtalelserne p\u00e5 webstedet indsendes i forskellige former s\u00e5som tekst, lyd og\/eller video, og gennemg\u00e5s af os, f\u00f8r de offentligg\u00f8res. De vises ordret p\u00e5 webstedet, som de er givet af brugerne, bortset fra rettelser af grammatik- eller tastefejl. Nogle udtalelser kan v\u00e6re blevet forkortet for kortheds skyld, hvor den fulde udtalelse indeholdt irrelevante oplysninger, der ikke er relevante for offentligheden.<\/p><p> <\/p><p>Synspunkterne og meningerne i udtalelserne tilh\u00f8rer udelukkende den enkelte bruger og afspejler ikke vores synspunkter og meninger.<\/p><p> <\/p><p><strong>ANSVARSFRASKRIVELSE FOR FEJL OG UNDLADELSER<\/strong><\/p><p> <\/p><p>Selvom vi har gjort alt for at sikre, at oplysningerne p\u00e5 dette websted er indhentet fra p\u00e5lidelige kilder, er Travel S Helper ikke ansvarlig for fejl eller udeladelser eller for resultaterne opn\u00e5et ved brugen af \u200b\u200bdisse oplysninger. Alle oplysninger p\u00e5 dette websted leveres &#034;som de er&#034; uden garanti for fuldst\u00e6ndighed, n\u00f8jagtighed, aktualitet eller resultaterne opn\u00e5et ved brugen af \u200b\u200bdisse oplysninger og uden nogen form for garanti, udtrykkelig eller underforst\u00e5et, herunder, men ikke begr\u00e6nset til, garantier for ydeevne, salgbarhed og egnethed til et bestemt form\u00e5l.<\/p><p> <\/p><p>Under ingen omst\u00e6ndigheder vil Travel S Helper, dets relaterede partnerskaber eller selskaber eller partnere, agenter eller medarbejdere v\u00e6re ansvarlige over for dig eller nogen anden for nogen beslutning eller handling, der tr\u00e6ffes i tillid til oplysningerne p\u00e5 dette websted, eller for nogen f\u00f8lgeskader, s\u00e6rlige eller lignende skader, selvom de er blevet gjort opm\u00e6rksomme p\u00e5 muligheden for s\u00e5danne skader.<\/p><p> <\/p><p><strong>ANSVARSFRASKRIVELSE FOR G\u00c6STEBIDRAGSYDERE<\/strong><\/p><p> <\/p><p>Dette websted kan indeholde indhold fra g\u00e6stebidragydere, og eventuelle synspunkter eller meninger, der udtrykkes i s\u00e5danne indl\u00e6g, er personlige og repr\u00e6senterer ikke Travel S Helpers eller nogen af \u200b\u200bdets medarbejderes eller tilknyttede selskabers synspunkter, medmindre andet udtrykkeligt er angivet.<\/p><p> <\/p><p><strong>ANSVARSFRASKRIVELSE FOR LOGOER OG VAREM\u00c6RKER<\/strong><\/p><p> <\/p><p>All logos and trademarks of third parties referenced on\u00a0https:\/\/travelshelper.com\u00a0are the trademarks and logos of their respective owners. Any inclusion of such trademarks or logos does not imply or constitute any approval, endorsement or sponsorship of\u00a0Travel S Helper\u00a0by such owners.<\/p><p> <\/p><p><strong>KONTAKT OS<\/strong><\/p><p> <\/p><p>Hvis du har feedback, kommentarer, anmodninger om teknisk support eller andre foresp\u00f8rgsler, bedes du kontakte os via e-mail:\u00a0<strong>kontor@travelshelper.com<\/strong>.<\/p><p><\/p>\t\t\t\t\t\t\t\t<\/div>\n\t\t\t\t<\/div>\n\t\t\t\t\t<\/div>\n\t\t\t\t<\/div>\n\t\t\t\t<\/div>","protected":false},"excerpt":{"rendered":"<p>Last updated: 2024-09-26 WEBSITE DISCLAIMER The information provided by\u00a0Travel S Helper\u00a0(\u201cCompany\u201d, \u201cwe\u201d, \u201cour\u201d, \u201cus\u201d) on\u00a0https:\/\/travelshelper.com\u00a0(the \u201cSite\u201d) is for general informational purposes only. All information on the Site is provided in good faith, however we make no representation or warranty of any kind, express or implied, regarding the accuracy, adequacy, validity, reliability, availability, or completeness of [&hellip;]<\/p>\n","protected":false},"author":1,"featured_media":0,"parent":0,"menu_order":0,"comment_status":"closed","ping_status":"closed","template":"elementor_header_footer","meta":{"_eb_attr":"","footnotes":""},"class_list":["post-15974","page","type-page","status-publish"],"_links":{"self":[{"href":"https:\/\/travelshelper.com\/da\/wp-json\/wp\/v2\/pages\/15974","targetHints":{"allow":["GET"]}}],"collection":[{"href":"https:\/\/travelshelper.com\/da\/wp-json\/wp\/v2\/pages"}],"about":[{"href":"https:\/\/travelshelper.com\/da\/wp-json\/wp\/v2\/types\/page"}],"author":[{"embeddable":true,"href":"https:\/\/travelshelper.com\/da\/wp-json\/wp\/v2\/users\/1"}],"replies":[{"embeddable":true,"href":"https:\/\/travelshelper.com\/da\/wp-json\/wp\/v2\/comments?post=15974"}],"version-history":[{"count":0,"href":"https:\/\/travelshelper.com\/da\/wp-json\/wp\/v2\/pages\/15974\/revisions"}],"wp:attachment":[{"href":"https:\/\/travelshelper.com\/da\/wp-json\/wp\/v2\/media?parent=15974"}],"curies":[{"name":"wp","href":"https:\/\/api.w.org\/{rel}","templated":true}]}}