{"id":15920,"date":"2024-09-21T23:53:15","date_gmt":"2024-09-21T23:53:15","guid":{"rendered":"https:\/\/travelshelper.com\/staging\/?page_id=15920"},"modified":"2026-03-11T01:49:55","modified_gmt":"2026-03-11T01:49:55","slug":"brunei","status":"publish","type":"page","link":"https:\/\/travelshelper.com\/da\/destinations\/asia\/brunei\/","title":{"rendered":"Brunei"},"content":{"rendered":"<p>Brunei Darussalam indtager en unik niche i Syd\u00f8stasien: et kompakt sultanat p\u00e5 Borneos nordlige bred, rigt p\u00e5 kulbrinterigdomme, men begr\u00e6nset af tradition. Dets territorium - opdelt i to ikke-sammenh\u00e6ngende segmenter af det malaysiske distrikt Limbang - str\u00e6kker sig over kun 5.765 kvadratkilometer, men omfatter t\u00e6tte lavlandsregnskove, barske h\u00f8jlandsskr\u00e6nter og 161 kilometer kystlinje ved Det Sydkinesiske Hav. Omkring 455.858 indbyggere (estimat fra 2023) kalder dette rige hjem, hvoraf mere end tre fjerdedele ligger i de vestlige provinser Brunei-Muara, Tutong og Belait; kun omkring ti tusinde bor i det bjergrige Temburong-distrikt. Bandar Seri Begawan, hovedstaden, huser omkring 180.000 sj\u00e6le i sin mosaik af kamponghuse, moskeer, regeringskontorer og spirende forretningsdistrikter.<\/p>\n\n\n\n<p>Uden for sine gr\u00e6nser str\u00e6kker sig den bredere \u00f8 Borneo, som deles med Malaysia og Indonesien; Brunei st\u00e5r alene som den eneste suver\u00e6ne stat, der udelukkende ligger p\u00e5 Borneo. Dens landskab er n\u00e6sten tre fjerdedele skovkl\u00e6dt: i 2020 forblev omkring 380.000 hektar under tr\u00e6d\u00e6kke, hvoraf n\u00e6sten 70 procent var prim\u00e6r skov uber\u00f8rt af industrielle aktiviteter. Sultanatets klima er konstant fugtigt og v\u00e5dt, formet mere af svingningerne i den intertropiske konvergenszone end af s\u00e6sonbestemte monsuner eller cykloner. Alligevel st\u00e5r Brunei, ligesom sine naboer, over for det stigende pres fra klimaforandringer - stigende havniveauer, skiftende nedb\u00f8rsm\u00f8nstre og kysterosion - p\u00e5 baggrund af hurtig \u00f8konomisk udvikling.<\/p>\n\n\n\n<p>Et tilbageblik p\u00e5 historien afsl\u00f8rer Brunei p\u00e5 h\u00f8jdepunktet af sin maritime indflydelse under Sultan Bolkiah (regerede 1485-1528). Lokale kr\u00f8niker og eksterne beretninger antyder, at riget dengang strakte sig over store dele af det nordvestlige Borneo, ind i Sabah og Sarawak, og s\u00e5 langt som Sulu-\u00f8gruppen. Den overlevende bes\u00e6tning fra Magellans jordomsejling bes\u00f8gte dets kyster i 1521; \u00e5rtier senere, i 1578, havde Bruneis fl\u00e5de tr\u00e6fninger med spanske styrker i den castilianske krig. Men i det nittende \u00e5rhundrede havde interne rivaliseringer og den europ\u00e6iske kolonialismes fremrykning reduceret dets dom\u00e6ner. I 1841 overgik Sarawak til James Brooke, den &#034;Hvide Rajah&#034;; i 1880&#039;erne overtog britiske chartrede selskaber kontrollen over Sabah; og i 1888 blev Brunei et britisk protektorat, med dets udenrigspolitik og forsvar overv\u00e5get af London.<\/p>\n\n\n\n<p>Det tyvende \u00e5rhundrede beseglede skiftet fra sultanat til moderne regering. Efter en kort japansk bes\u00e6ttelse under Anden Verdenskrig indledte en forfatning fra 1959 begr\u00e6nset selvstyre under en britisk statsborger. Et opr\u00f8r i 1962 - delvist foranlediget af sp\u00e6ndinger omkring tiltr\u00e6delse af den nye malaysiske f\u00f8deration - blev undertrykt med britisk st\u00f8tte; dets fiasko overbeviste Sultan Omar Ali Saifuddien III om, at Brunei skulle forblive uden for Malaysia. Fuld uafh\u00e6ngighed opn\u00e5ede endelig den 1. januar 1984. Siden 1967 har Sultan Hassanal Bolkiah pr\u00e6sideret over nationens sk\u00e6bne og koncentreret den ud\u00f8vende, lovgivende og religi\u00f8se myndighed i paladset. Det Lovgivende R\u00e5d eksisterer kun i r\u00e5dgivende form, og dets medlemmer udpeges ved kongeligt dekret.<\/p>\n\n\n\n<p>Olie og naturgas underst\u00f8tter n\u00e6sten alle aspekter af Bruneis moderne liv. Kulbrintefelter tegner sig for omkring 90 procent af BNP; den daglige produktion ligger p\u00e5 omkring 167.000 t\u00f8nder r\u00e5olie og 25 millioner kubikmeter flydende naturgas, hvilket g\u00f8r sultanatet til en af \u200b\u200bSyd\u00f8stasiens st\u00f8rste producenter. Indt\u00e6gterne str\u00f8mmer gennem Brunei Investment Agency til globale aktier, obligationer og fast ejendom, hvilket sikrer, at selv n\u00e5r de indenlandske reserver modnes, forts\u00e6tter indt\u00e6gtsstr\u00f8mmene. Denne finanspolitiske gavmildhed har givet n\u00e6ring til et velf\u00e6rdssystem, der er us\u00e6dvanligt i regionen: sundhedspleje, uddannelse og offentlige boliger er st\u00e6rkt subsidieret eller gratis, og ris, madolie og forsyningsvirksomheder modtager statsst\u00f8tte. Som et resultat rangerer Brunei &#034;meget h\u00f8jt&#034; p\u00e5 Human Development Index - kun overg\u00e5et af Singapore blandt ASEAN-staterne - og har det niendeh\u00f8jeste BNP pr. indbygger m\u00e5lt p\u00e5 k\u00f8bekraftsparitet p\u00e5 verdensplan.<\/p>\n\n\n\n<p>Alligevel har afh\u00e6ngigheden af \u200b\u200bkulbrinter f\u00f8rt til officielle planer om at udvide det \u00f8konomiske grundlag. En langsigtet udviklingsvision sigter mod forbedring af arbejdsstyrken, v\u00e6kst i turismen, udvidelse af finansielle tjenester og landbrugets selvforsyning \u2013 is\u00e6r inden for risdyrkning. I 2009 introducerede regeringen Laila-ris, en h\u00f8jtydende sort dyrket i Wasan, der minder om et halvt \u00e5rhundrede gamle ambitioner om indenlandsk produktion. Halal-brandinginitiativer s\u00f8ger eksportmarkeder, mens beskedne produktionsprojekter \u2013 is\u00e6r petrokemikalier og let industri \u2013 skaber alternativ besk\u00e6ftigelse. Det nationale luftfartsselskab, Royal Brunei Airlines, str\u00e6ber efter at positionere Bandar Seri Begawan som et transitknudepunkt mellem Europa og Australasien og opretholder en eftertragtet daglig slot p\u00e5 London Heathrow.<\/p>\n\n\n\n<p>Bruneis infrastruktur afspejler b\u00e5de landets rigdom og dets forsigtige tilgang. Motorvejsnettet - omkring 3.700 kilometer, hvoraf 87 procent er asfalteret - forbinder de st\u00f8rste byer: Muara, Seria, Kuala Belait og Tutong. Bilejerskab er blandt de h\u00f8jeste globalt, med et privat k\u00f8ret\u00f8j for f\u00e6rre end hver anden indbygger; br\u00e6ndstofpriserne er fortsat st\u00e6rkt subsidieret, og offentlig transport er, selvom den er funktionel, begr\u00e6nset. Et nyligt vartegn er den 30 kilometer lange vej og bro, der forbinder Muara med Temburong, \u00e5bnede den 17. marts 2020 til en pris af 1,6 milliarder amerikanske dollars. Brunei International Airport er midt i en udvidelse p\u00e5 150 millioner amerikanske dollars under Changi Airport Consultants, der skal fordoble den \u00e5rlige kapacitet til tre millioner passagerer.<\/p>\n\n\n\n<p>Midt i hurtig \u00f8konomisk v\u00e6kst opretholder staten en officiel holdning af forsigtig isolation. Lederne bekymrer sig om, at uh\u00e6mmet global integration kan undergrave den sociale samh\u00f8righed, der er baseret p\u00e5 malaysisk kultur, islamisk tro og monarkisk loyalitet. Ikke desto mindre engagerer Brunei sig internationalt som medlem af FN, WTO, Commonwealth, ASEAN, OIC og den ikke-allierede bev\u00e6gelse. Det var formand for APEC i 2000 og fremst\u00e5r med et moderat ansigt over for Asien-Stillehavsomr\u00e5det, samtidig med at det bevarer den indenlandske ro.<\/p>\n\n\n\n<p>Det sociale liv i Brunei bev\u00e6ger sig i et bevidst tempo. Islam, specifikt den shafi&#039;i-skole inden for sunni-retspraksis, er statsreligion; mere end 82 procent af befolkningen identificerer sig som muslimer. Sharia supplerer engelsk s\u00e6dvaneret, og straffe - fra stokkestraffe for visse lovovertr\u00e6delser til (i teorien) d\u00f8dsstraf for alvorlige forbrydelser - understreger statens strenge juridiske rammer. Alkohol er forbudt offentligt; ikke-muslimer m\u00e5 importere begr\u00e6nsede m\u00e6ngder til privat brug, og kinesiske spisesteder m\u00e5 diskret s\u00e6lge svinek\u00f8d. Under ramadanen lukker de fleste spisesteder for servering i dagslys, og offentlig indtagelse af mad eller drikke kan medf\u00f8re alvorlige b\u00f8der. Fredagsb\u00f8nnen stopper forretningen i to timer, og nattelivet flytter sig over gr\u00e6nsen til Limbang, hvor barer og klubber henvender sig til bruneiske g\u00e6ster.<\/p>\n\n\n\n<p>Etnisk set er Brunei majoritetssprog i malaysisk stil \u2013 if\u00f8lge \u00e9n befolkningstal er det omkring to tredjedele \u2013 med et kinesisk mindretal p\u00e5 omkring 10 procent, indf\u00f8dte grupper (Belait, Bisaya, Dusun, Kedayan, Lun Bawang, Murut, Tutong) og n\u00e6sten 26 procent udl\u00e6ndinge. Engelsk trives som handels- og undervisningssprog fra grundskolen til universitetet og sameksisterer side om side med standardmalayisk (skrevet p\u00e5 b\u00e5de latin og traditionelle jawi-skrifttyper), bruneisk malaysisk dialekt, forskellige kinesiske sprog og, i religi\u00f8se sammenh\u00e6nge, \u200b\u200barabisk. Disse sproglige tr\u00e5de afspejler sultanatets historiske \u00e5benhed over for handel og forskning, p\u00e5 trods af dets nutidige tilbageholdenhed over for udenlandsk indflydelse.<\/p>\n\n\n\n<p>Kulturelle udtryk i Brunei er diskret, men h\u00e5ndgribeligt. Moskeer af hvid marmor og forgyldte kupler pryder byens skyliner, mens Kampong Ayer, den historiske vandlandsby, bevarer en \u00e5rhundredgammel livsstil p\u00e5 tr\u00e6platforme p\u00e5 stylter. Traditionel musik, v\u00e6vning og s\u00f8lvsmedearbejde forts\u00e6tter i kongeligt sponsorerede institutioner. K\u00f8kkenet tilbyder simple forn\u00f8jelser: nasi katok - ris med stegt kylling og sambal - m\u00e6tter p\u00e5 et budget; ambuyat, en sagobaseret basisret, kr\u00e6ver rytmisk dyppelse i skarpe saucer. Vegetariske g\u00e6ster finder tilflugt i sydasiatiske eller kinesiske buddhistiske spisesteder, selvom disse ligger lidt uden for de slagne veje. Teh tarik og kopi, serveret i boder langs vejen, giver en hyggelig stemning til morgenrutinerne.<\/p>\n\n\n\n<p>Den daglige interaktion styres af det malaysiske islamiske monarki, en grundl\u00e6ggende s\u00f8jle siden uafh\u00e6ngigheden. Sultanen optr\u00e6der regelm\u00e6ssigt i lokale medier som et symbol p\u00e5 lederskab \u2013 b\u00e5de timeligt og \u00e5ndeligt. Alligevel giver expats og unge bruneianere under den kongelige pragt udtryk for nuancerede synspunkter om udvikling, identitet og balancen mellem tradition og forandring. Majest\u00e6tslove p\u00e5l\u00e6gger forsigtighed i den offentlige diskurs og forst\u00e6rker respekten for paladset. Ikke desto mindre udfolder der sig samtaler blandt betroede kredse om regional politik, islams rolle og Bruneis plads i et hastigt udviklende Syd\u00f8stasien.<\/p>\n\n\n\n<p>Bruneis paradoks ligger i dets sammenstilling af enorm materiel rigdom og begr\u00e6nset social \u00e5benhed. Dets skove forbliver stort set intakte, selv mens olieplatforme pryder offshore-marker; dets veje str\u00e6kker sig ind i den stille tropiske vildmark; dets moskeer str\u00e5ler ved siden af \u200b\u200bbeskedne tr\u00e6boliger. I dette rige er historien levende - i den afm\u00e5lte recitation af fredagsb\u00f8nner, i risb\u00f8ndernes stille stolthed ved daggry, i sultanens forgyldte tronsal - og fremtidige forh\u00e5bninger r\u00f8rer sig under en omhyggelig balance. Landet praler hverken med sine rigdomme som mellem\u00f8stlige petro-sheikhd\u00f8mmer eller smelter ind i den globale tidevand som Singapore, men har en reserve, et l\u00f8fte om ro og orden, der forts\u00e6tter med at forme dets unikke vej.<\/p>","protected":false},"excerpt":{"rendered":"<p>Brunei, formelt omtalt som Brunei Darussalam, er et kompakt og velhavende land beliggende p\u00e5 Borneos nordlige kyst i Syd\u00f8stasien. Med en befolkning p\u00e5 455.858 fra 2023 skiller denne suver\u00e6ne stat sig ud som den eneste uafh\u00e6ngige nation, der er beliggende helt p\u00e5 \u00f8en Bornea. Med en befolkning p\u00e5 n\u00e6sten 180.000 tjener Bandar Seri Begawan, hovedstaden og den st\u00f8rste by, som nationens politiske og kommercielle centrum.<\/p>","protected":false},"author":1,"featured_media":5108,"parent":24063,"menu_order":0,"comment_status":"closed","ping_status":"closed","template":"elementor_theme","meta":{"_eb_attr":"","footnotes":""},"class_list":["post-15920","page","type-page","status-publish","has-post-thumbnail"],"_links":{"self":[{"href":"https:\/\/travelshelper.com\/da\/wp-json\/wp\/v2\/pages\/15920","targetHints":{"allow":["GET"]}}],"collection":[{"href":"https:\/\/travelshelper.com\/da\/wp-json\/wp\/v2\/pages"}],"about":[{"href":"https:\/\/travelshelper.com\/da\/wp-json\/wp\/v2\/types\/page"}],"author":[{"embeddable":true,"href":"https:\/\/travelshelper.com\/da\/wp-json\/wp\/v2\/users\/1"}],"replies":[{"embeddable":true,"href":"https:\/\/travelshelper.com\/da\/wp-json\/wp\/v2\/comments?post=15920"}],"version-history":[{"count":0,"href":"https:\/\/travelshelper.com\/da\/wp-json\/wp\/v2\/pages\/15920\/revisions"}],"up":[{"embeddable":true,"href":"https:\/\/travelshelper.com\/da\/wp-json\/wp\/v2\/pages\/24063"}],"wp:featuredmedia":[{"embeddable":true,"href":"https:\/\/travelshelper.com\/da\/wp-json\/wp\/v2\/media\/5108"}],"wp:attachment":[{"href":"https:\/\/travelshelper.com\/da\/wp-json\/wp\/v2\/media?parent=15920"}],"curies":[{"name":"wp","href":"https:\/\/api.w.org\/{rel}","templated":true}]}}