{"id":15708,"date":"2024-09-21T19:03:14","date_gmt":"2024-09-21T19:03:14","guid":{"rendered":"https:\/\/travelshelper.com\/staging\/?page_id=15708"},"modified":"2026-03-11T20:51:49","modified_gmt":"2026-03-11T20:51:49","slug":"sri-lanka","status":"publish","type":"page","link":"https:\/\/travelshelper.com\/da\/destinations\/asia\/sri-lanka\/","title":{"rendered":"Sri Lanka"},"content":{"rendered":"<p>Sri Lanka d\u00e6kker en beskeden del af Det Indiske Ocean, en p\u00e6reformet landmasse lige syd for det indiske subkontinent. En smal k\u00e6de af kalkstenssletter, kendt i legenden som Adams Bro, forbinder det med det indiske fastland, selvom kun rester af denne landbro er tilbage over b\u00f8lgerne. Bag disse rester markerer Mannarbugten og Palk-str\u00e6det en klar adskillelse, men str\u00f8mninger og kulturer har flydt mellem \u00f8en og halv\u00f8en i \u00e5rtusinder.<\/p>\n<p>Under sin jord og sine br\u00e6ndinger ligger Sri Lanka p\u00e5 toppen af \u200b\u200bden Indiske Plade. Kystsletter str\u00e6kker sig fra kystlinjen og giver plads i \u00f8ens centrum til en h\u00f8jderyg af bakker og tinder kronet af Pidurutalagala p\u00e5 2.524 meter. Hundrede floder udsk\u00e6rer sig mod havet; Mahaweli, den l\u00e6ngste blandt dem p\u00e5 335 kilometer, forsyner de kunstvandede marker, der engang l\u00e5 til grund for gamle kongeriger. Disse vandveje giver mere end rismarker: de styrter gennem skovkl\u00e6dte kl\u00f8fter og danner 51 naturlige vandfald, der er over ti meter h\u00f8je, blandt dem det 263 meter h\u00f8je Bambarakanda-vandfald.<\/p>\n<p>Monsunerne former \u00f8ens regn. Sydvestlige vinde gennemv\u00e6der h\u00f8jlandsskr\u00e5ningerne og den &#034;v\u00e5de zone&#034; med op til 2.500 millimeter nedb\u00f8r \u00e5rligt. Mod nord og \u00f8st falder den samlede nedb\u00f8r til cirka 1.200-1.900 millimeter; kysterne bliver endnu mere t\u00f8rre. Periodiske cykloner og byger griber ind, men det brede m\u00f8nster holder. Temperaturerne varierer med h\u00f8jden: frost kan forekomme i de h\u00f8jeste omr\u00e5der, mens kystsletter ofte tipper termometret over 30 \u00b0C om dagen, kun for at falde til n\u00e6sten 15 \u00b0C om natten.<\/p>\n<p>Beviser tyder p\u00e5, at mennesker satte foden her for mere end hundrede tusinde \u00e5r siden; den skrevne historie str\u00e6kker sig tre tusinde \u00e5r tilbage. Navnene har skiftet gennem epokerne: i moderne sprogbrug b\u00e6rer Sri Lanka sin sanskrit-afledte titel, men i \u00e5rhundreder efter europ\u00e6ernes ankomst var den kendt som Ceylon. Fra det fjerde r\u00e5d af buddhistiske \u00e6ldste i 29 f.Kr. opstod P\u0101li-kanonen, en optegnelse, der f\u00f8rst blev nedskrevet p\u00e5 \u00f8en. Dens skrifter har overlevet i stenindskrifter, palmebladsmanuskripter og i erindringen om dens klosterordener.<\/p>\n<p>Strategiske havne gjorde \u00f8en til et centrum for handlende p\u00e5 den gamle Silkevej. Arabiske s\u00f8m\u00e6nd, kinesiske udsendinge og, i begyndelsen af \u200b\u200bdet sekstende \u00e5rhundrede, portugisiske fl\u00e5der s\u00f8gte kontrol over dens havne og kanelplantager. Konflikt pr\u00e6gede kortet: Hollandske styrker gjorde krav p\u00e5 kystomr\u00e5der i det syttende \u00e5rhundrede; Storbritannien tilk\u00e6mpede sig disse besiddelser i 1796 og konsoliderede herred\u00f8mmet over hele \u00f8en i 1815. Under kronen udvidede plantager af te, gummi og kaffe sig ind i landet, mens dampskibe forbandt Colombo med London og Bombay.<\/p>\n<p>En national bev\u00e6gelse opstod f\u00f8rst i slutningen af \u200b\u200bdet nittende \u00e5rhundrede, og i 1948 opn\u00e5ede Ceylon status som dominion. I 1972 fulgte republikstatus, og nationen fik sit nuv\u00e6rende navn. Kort efter eskalerede uenigheden mellem singalesiske og tamilske befolkninger til en borgerkonflikt, der varede fra 1983 til 2009. De Tamilske Tigre faldt til regeringsstyrkerne det \u00e5r og afsluttede et kapitel pr\u00e6get af fordrivelse, men efterlod ar i nord og \u00f8st, hvor minerydning og genopbygning forts\u00e6tter.<\/p>\n<p>I dag bor der omkring 22 millioner mennesker p\u00e5 \u00f8en. Singalesere, der udg\u00f8r omkring tre fjerdedele af befolkningen, taler singalesisk; i alt n\u00e6sten fem millioner tamiltalere. Mindre samfund omfatter maurere, hvis forf\u00e6dre ankom via arabisk handel, og burgere, der nedstammer fra hollandske og portugisiske sl\u00e6gter. Det indf\u00f8dte veddafolk opretholder traditioner i mere afsidesliggende skove. Forfatningsm\u00e6ssige bestemmelser udpeger singalesisk og tamil som officielle sprog; engelsk fungerer som bindesprog i handel og uddannelse.<\/p>\n<p>Buddhistisk praksis er dominerende og praktiseres af cirka halvfjerds procent af befolkningen, hvoraf de fleste er singalesere. Hinduisme, islam og kristendom tegner sig hver is\u00e6r for mindre andele, men alle trosretninger former det offentlige liv og festivalkalendere. Staten giver buddhismen en fremtr\u00e6dende plads i sin forfatning, og tempelkomplekser - stendagobas, trommepavilloner, vogterfigurer udsk\u00e5ret i granit - er spredt ud over landskabet fra Anuradhapura til Kandy.<\/p>\n<p>\u00d8konomiske data placerer Sri Lanka som nummer 78 p\u00e5 Human Development Index, hvilket er det h\u00f8jeste niveau i Sydasien m\u00e5lt p\u00e5 denne m\u00e5lestok. M\u00e5lt i k\u00f8bekraft er landets BNP per indbygger nummer to i regionen. Plantageafgr\u00f8der er fortsat symbolske \u2013 teeksport har n\u00e6sten to \u00e5rhundreders ry for at v\u00e6re &#034;Ceylon-te&#034; \u2013 men serviceydelser tegner sig nu for n\u00e6sten 60 procent af produktionen, mens industrien st\u00e5r for 26 procent og landbruget for otte procent. Turisme, tekstiler, f\u00f8devareforarbejdning og pengeoverf\u00f8rsler bidrager alle.<\/p>\n<p>Kina, Indien og USA er de vigtigste handelspartnere. Inden for de nationale gr\u00e6nser varierer provinsernes produktion: Western Province, med Colombo som forankring, producerer n\u00e6sten halvdelen af \u200b\u200b\u00f8konomien. Efter en pause under krigen registrerede Northern Province en v\u00e6kst p\u00e5 n\u00e6sten 23 procent i 2010, men ulighederne forts\u00e6tter. Staten opfordrer til diversificering gennem havneudvidelser \u2013 Hambantota slutter sig til dybvandsfaciliteterne i Colombo, Galle og Trincomalee \u2013 og forbedrede vej- og jernbanenetv\u00e6rk.<\/p>\n<p>Mere end hundrede tusinde kilometer asfalterede veje snor sig gennem \u00f8en, hvilket giver den en af \u200b\u200bverdens h\u00f8jeste vejt\u00e6theder. 35 motorveje af klasse A og fire motorveje forbinder Colombo med regionale centre. Sri Lanka Railways driver omkring 1.447 kilometer spor, der snor sig gennem teland til Ella, forbi elefanter i vildmarksreservater og videre til de nordlige sletter. Offentlige og private busser transporterer de fleste intercity-passagerer; tuk-tuks og motorcykler fylder bygaderne.<\/p>\n<p>Turismen skrumpede under \u00f8konomiske kriser og sikkerhedsproblemer, men de seneste tal signalerer en bedring. I f\u00f8rste halvdel af 2024 oversteg bes\u00f8gsindt\u00e6gterne 1,5 milliarder dollars, en stigning p\u00e5 78 procent i forhold til \u00e5ret f\u00f8r; antallet af ankomster oversteg en million, en stigning p\u00e5 62 procent. Regeringsinitiativer omfatter visumfritagelse for udvalgte nationaliteter og en global markedsf\u00f8ringsindsats knyttet til det nationale luftfartsselskab. Strande, pilgrimssteder og dyreparker tiltr\u00e6kker rejsende, mens tempeletikette og landlige skikke berettiger til orienteringer.<\/p>\n<p>Skikken dikterer, at man skal fjerne fodt\u00f8j og kl\u00e6de sig s\u00f8mmeligt p\u00e5 tilbedelsessteder; skuldre og kn\u00e6 skal forblive tild\u00e6kkede. Turister b\u00f8r ikke r\u00f8re buddhistiske munke eller posere ved statuer p\u00e5 respektl\u00f8s vis. Offentlig fremvisning af tatoveringer med hellige billeder kan fremkalde forn\u00e6rmelse. Lokale husstande f\u00f8lger nogle gange tempelprotokollen: sko, der efterlades ved d\u00f8ren, signalerer respekt. Det er s\u00e6dvanligt at r\u00e6kke genstande ud med h\u00f8jre h\u00e5nd eller begge h\u00e6nder \u2013 sm\u00e5 gaver eller penge fortjener synlig respekt.<\/p>\n<p>Sikkerhedsbekymringer har \u00e6ndret sig. Trafikulykker tegner sig for flere d\u00f8dsfald end kriminalitet eller resterende krigstidsrisici. Daglige trafikulykker kr\u00e6ver mindst otte liv; mange skyldes for h\u00f8j hastighed, hensynsl\u00f8se overhalinger eller tr\u00e6tte bilister under pres for at overholde k\u00f8replaner. Fodg\u00e6ngere drager fordel af at v\u00e6re i f\u00e6rd med at se den modk\u00f8rende trafik i \u00f8jnene og forblive opm\u00e6rksomme ved krydsninger. K\u00f8readf\u00e6rd blandt tuk-tuks eller scootere kan overraske uforsigtige bes\u00f8gende.<\/p>\n<p>Selvom borgerkrigen sluttede i 2009, forts\u00e6tter fjernelsen af \u200b\u200blandminer i tidligere konfliktzoner. I tilf\u00e6lde af mistanke om ueksploderet ammunition anbefaler myndighederne at ringe til lokale n\u00f8dnumre. Terrorhandlinger er forekommet igen: Bombninger med tilknytning til Islamisk Stat i april 2019 var rettet mod kirker og hoteller, hvilket resulterede i hundredvis af ofre. Ud over disse episoder er antallet af voldelige forbrydelser mod turister fortsat lavt, selvom sm\u00e5tyverier i overfyldte busser kr\u00e6ver forsigtighed.<\/p>\n<p>Kvinder rejser generelt uden un\u00f8dig risiko, forudsat at sund fornuft tager sine forholdsregler. Offentlig transport sent om aftenen udg\u00f8r \u00f8get s\u00e5rbarhed. Landveje bliver m\u00f8rke ved klokken ni; at d\u00e6kke skuldre og kn\u00e6 kan lette interaktionen med konservative samfund. Strande oplever f\u00e5 problemer, hvis bes\u00f8gende opholder sig i grupper. LGBT-rejsende b\u00f8r erkende, at love fra kolonitiden kriminaliserer homoseksuel aktivitet; diskretion er fortsat tilr\u00e5delig.<\/p>\n<p>Som et eksempel p\u00e5 sine kontraster kombinerer Sri Lanka fredfyldte tehaver med travle havne; gamle dagobas st\u00e5r inden for synsvidde af den moderne skyline, der rejser sig i Colombo. Togrejser i bjerglandet krydser t\u00e5gede dale, mens kystveje uds\u00e6tter rejsende for monsunvejrets drama. Historien h\u00e6nger i \u00f8delagte hovedst\u00e6der og i den jord, der n\u00e6rede kongeriger i \u00e5rhundreder. Denne \u00f8s puls opst\u00e5r fra konvergensen af \u200b\u200bfolk, sprog og trosretninger - et vedvarende samspil af kontinuitet og forandring under en tropisk sol.<\/p>","protected":false},"excerpt":{"rendered":"<p>Sri Lanka, en \u00f8-nation i Sydasien, har en befolkning p\u00e5 omkring 22 millioner mennesker. Tidligere kendt som Ceylon, dette dr\u00e5beformede land er ideelt beliggende i Det Indiske Ocean sydvest for Den Bengalske Bugt. Dens historiske historie og kulturelle variation er blevet meget formet af dens us\u00e6dvanlige geografiske placering.<\/p>","protected":false},"author":1,"featured_media":4713,"parent":24063,"menu_order":0,"comment_status":"closed","ping_status":"closed","template":"elementor_theme","meta":{"_eb_attr":"","footnotes":""},"class_list":["post-15708","page","type-page","status-publish","has-post-thumbnail"],"_links":{"self":[{"href":"https:\/\/travelshelper.com\/da\/wp-json\/wp\/v2\/pages\/15708","targetHints":{"allow":["GET"]}}],"collection":[{"href":"https:\/\/travelshelper.com\/da\/wp-json\/wp\/v2\/pages"}],"about":[{"href":"https:\/\/travelshelper.com\/da\/wp-json\/wp\/v2\/types\/page"}],"author":[{"embeddable":true,"href":"https:\/\/travelshelper.com\/da\/wp-json\/wp\/v2\/users\/1"}],"replies":[{"embeddable":true,"href":"https:\/\/travelshelper.com\/da\/wp-json\/wp\/v2\/comments?post=15708"}],"version-history":[{"count":0,"href":"https:\/\/travelshelper.com\/da\/wp-json\/wp\/v2\/pages\/15708\/revisions"}],"up":[{"embeddable":true,"href":"https:\/\/travelshelper.com\/da\/wp-json\/wp\/v2\/pages\/24063"}],"wp:featuredmedia":[{"embeddable":true,"href":"https:\/\/travelshelper.com\/da\/wp-json\/wp\/v2\/media\/4713"}],"wp:attachment":[{"href":"https:\/\/travelshelper.com\/da\/wp-json\/wp\/v2\/media?parent=15708"}],"curies":[{"name":"wp","href":"https:\/\/api.w.org\/{rel}","templated":true}]}}