{"id":15631,"date":"2024-09-21T16:31:07","date_gmt":"2024-09-21T16:31:07","guid":{"rendered":"https:\/\/travelshelper.com\/staging\/?page_id=15631"},"modified":"2026-03-11T20:51:25","modified_gmt":"2026-03-11T20:51:25","slug":"syrien","status":"publish","type":"page","link":"https:\/\/travelshelper.com\/da\/destinations\/asia\/syria\/","title":{"rendered":"Syrien"},"content":{"rendered":"<p>Syrien, officielt Den Syriske Arabiske Republik, indtager en central beliggenhed p\u00e5 Middelhavets \u00f8stlige bred. Dens landmasse p\u00e5 185.180 kvadratkilometer har omkring 25 millioner indbyggere, hvilket g\u00f8r den til b\u00e5de den 57. mest folkerige og den 87. st\u00f8rste nation. Fra kystlavlandet til den \u00f8stlige \u00f8rken gr\u00e6nser Syrien op til Tyrkiet i nord, Irak mod \u00f8st og syd\u00f8st, Jordan i syd og Libanon og Israel mod sydvest. Landet, der \u2013 i hvert fald indtil de seneste omv\u00e6ltninger \u2013 styres af et enkelt parti under langvarigt undtagelsesstyre, er administrativt opdelt i fjorten guvern\u00f8rer, med Damaskus som hovedstad og prim\u00e6rt bycentrum.<\/p>\n<p>L\u00e6nge f\u00f8r den moderne republik opstod, betegnte &#034;Syrien&#034; en st\u00f8rre region, der strakte sig over flere successive imperier. Ark\u00e6ologiske fund i Ebla stammer fra det tredje \u00e5rtusinde f.Kr., og senere bykomplekser i Ugarit og Mari vidner om tidlige handelsnetv\u00e6rk. I det syvende \u00e5rhundrede e.Kr. husede Damaskus hof for det umayyadiske kalifat, hvilket markerede byen som et tidligt s\u00e6de for islamisk regeringsf\u00f8relse. Under det mamlukiske sultanat fungerede den som et regionalt centrum; derefter overgik den i osmanniske h\u00e6nder i mere end fire \u00e5rhundreder.<\/p>\n<p>Efter F\u00f8rste Verdenskrig satte Folkeforbundet Syrien under fransk mandat. Den franske administration konsoliderede provinser, der engang var underlagt osmannerne, til \u00e9n politisk enhed. Nationalistisk agitation voksede i mellemkrigs\u00e5rene. I april 1945 tilsluttede den F\u00f8rste Syriske Republik sig De Forenede Nationer, en lov, der oph\u00e6vede mandatet ved lov. Franske styrker afsluttede deres tilbagetr\u00e6kning i april 1946, og Syrien opn\u00e5ede de facto fuld uafh\u00e6ngighed.<\/p>\n<p>Den tidlige republik k\u00e6mpede med politisk ustabilitet. Mellem 1949 og 1971 omformede milit\u00e6rkup regeringen mindst seks gange. I 1958 dannede Syrien og Egypten Den Forenede Arabiske Republik; unionen blev opl\u00f8st efter et kup i 1961. I marts 1963 greb en fraktion af det arabiske socialistiske Ba&#039;ath-parti magten og regerede under undtagelsestilstand. Interne splittelser f\u00f8rte til yderligere kup, is\u00e6r i februar 1966 og november 1970, hvor sidstn\u00e6vnte bragte Hafez al-Assad til pr\u00e6sidentposten. I l\u00f8bet af tre \u00e5rtier forankrede Assad et system, hvor centrale milit\u00e6re og regeringsm\u00e6ssige roller gik til medlemmer af hans alawitiske samfund. Ved sin d\u00f8d i juni 2000 efterfulgte hans s\u00f8n, Bashar al-Assad, ham.<\/p>\n<p>I begyndelsen af \u200b\u200b2011 spredte folkelige protester under Det Arabiske For\u00e5r sig til Syrien. Regeringens reaktion udl\u00f8ste en flerpartikonflikt, der tiltrak regionale og globale magter. I midten af \u200b\u200b2015 havde Islamisk Stat erobret store dele af det centrale og \u00f8stlige Syrien, hvilket f\u00f8rte til direkte intervention fra flere stater. I slutningen af \u200b\u200b2017 var IS-holdt territorium i vid udstr\u00e6kning kollapset under pres fra kurdisk-ledede styrker, syriske regeringstropper og allierede militser samt forskellige udenlandske milit\u00e6rstyrker. Nye politiske enheder opstod, herunder en semi-autonom administration i det nord\u00f8stlige Syrien. I slutningen af \u200b\u200b2024 tr\u00e6ngte modstridende fraktioner kortvarigt ind i Damaskus og v\u00e6ltede det siddende regime. Fra begyndelsen af \u200b\u200b2025 ligger en stor del af Syriens infrastruktur i ruiner, og internationale sanktioner er fortsat g\u00e6ldende.<\/p>\n<p>Fysisk set best\u00e5r Syrien af \u200b\u200btre brede zoner. Langs Middelhavskysten modtager smalle sletter vinterregn og underst\u00f8tter olivenlunde og citrusplantager. Inde i landet giver en halvt\u00f8r steppe plads til \u00f8rken i de \u00f8stlige guvernorater. Eufrat-floden, Syriens vigtigste vandl\u00f8b, l\u00f8ber vestp\u00e5 fra Tyrkiet gennem t\u00f8rre sletter, f\u00f8r den drejer mod syd. I nord\u00f8st har al-Jazira-plateauet lommer af frugtbar jord, der vandes af flodbifloder; i syd giver Hawrans vulkanske jord hvede og byg. Bjergk\u00e6der n\u00e6r kysten overstiger 2.000 meter, hvor de ophober fugt og skaber et gr\u00f8nt b\u00e6lte, der st\u00e5r i skarp kontrast til \u00f8rkenen l\u00e6ngere mod \u00f8st.<\/p>\n<p>Da olie dukkede op i det nord\u00f8stlige Syrien i 1956 \u2013 i felter som Rmelan og al-Suwaydiyah \u2013 \u00e6ndrede ressourcen Syriens eksportprofil. I midten af \u200b\u200b1970&#039;erne blev olie den f\u00f8rende valutaindtjeningskilde, med felter n\u00e6r Deir az-Zawr forbundet med irakiske forekomster p\u00e5 den anden side af gr\u00e6nsen. Naturgas dukkede op i Jbessa i 1940, selvom gasproduktionen forblev sekund\u00e6r indtil de seneste \u00e5rtier. Mellem 2000 og 2008 voksede det \u00e5rlige BNP pr. indbygger med gennemsnitligt 2,5 procent. Regeringen s\u00f8gte at g\u00e5 fra statsstyret planl\u00e6gning til markedsorienterede reformer, der fremmede udenlandske investeringer i turisme, serviceydelser og naturgas. Alligevel viste fremskridtene sig at v\u00e6re uj\u00e6vne, og fattigdomsraterne l\u00e5 p\u00e5 omkring 30 procent i 2005.<\/p>\n<p>Krig vendte disse beskedne gevinster. I 2012 faldt eksportindt\u00e6gterne fra 12 milliarder amerikanske dollars til 4 milliarder amerikanske dollars. Det syriske pund mistede fire femtedele af sin v\u00e6rdi. Statsbudgetterne var afh\u00e6ngige af eksterne kreditlinjer, prim\u00e6rt fra Iran, Rusland og Kina. Amerikanske og EU-sanktioner mod olieeksport, der blev h\u00e5ndh\u00e6vet fra 2012 og fremefter, kostede omkring 400 millioner amerikanske dollars om m\u00e5neden. Islamisk Stats beslagl\u00e6ggelser af fosfatminer i 2015 eliminerede en resterende indt\u00e6gtsstr\u00f8m. Skader p\u00e5 infrastruktur, valutakollaps og sanktioner efterlod genopbygningsomkostningerne p\u00e5 n\u00e6sten 10 milliarder amerikanske dollars.<\/p>\n<p>F\u00f8r konflikten omfattede Syriens transportnetv\u00e6rk fire internationale lufthavne \u2013 Damaskus, Aleppo, Latakia og Qamishli \u2013 samt et jernbanesystem, der forbandt st\u00f8rre byer. Vejene strakte sig over n\u00e6sten 70.000 kilometer, hvoraf 1.100 var motorveje. Der fandtes indre vandveje, men de manglede kommerciel betydning. Under krigstid blev mange ruter usikre, og gr\u00e6nseoverskridende jernbanetjenester oph\u00f8rte.<\/p>\n<p>Syriens befolkning afspejler \u00e5rtusinders migration og bos\u00e6ttelse. Arabere udg\u00f8r omtrent tre fjerdedele af dem, der stadig er i landet; tidligere folket\u00e6llingstal angav det samlede antal indbyggere til omkring 18,5 millioner (2019). Resten omfatter kurdere (prim\u00e6rt i nord\u00f8st), tyrkisktalende samfund, assyrere og andre grupper. Neo-arameiske dialekter findes stadig i Ma&#039;loula og omkringliggende landsbyer; klassisk syrisk tjener liturgiske funktioner. Kurdiske, tyrkiske, armenske, tjerkessiske og tjetjenske mindretal bevarer deres sprog uden officiel status. Arabiske dialekter - levantinsk i vest, mesopotamisk i nord\u00f8st - dominerer den daglige tale. Engelsk og fransk optr\u00e6der i uddannelse og handel.<\/p>\n<p>Den religi\u00f8se sammens\u00e6tning udgjorde engang sunnimuslimer p\u00e5 n\u00e6sten tre fjerdedele af befolkningen, alawitter og tolver-shiaer omkring 13 procent, kristne t\u00e6t p\u00e5 10 procent og drusere omkring 3 procent. I praksis har alawitter haft en uforholdsm\u00e6ssig stor andel af h\u00f8jtst\u00e5ende milit\u00e6re og regeringsm\u00e6ssige stillinger siden 1970&#039;erne. Kristne trosretninger - gr\u00e6sk-ortodokse, syrisk-katolske, armensk-apostolske og andre - forts\u00e6tter samfundslivet i byer og landsbyer.<\/p>\n<p>Kulturelle skikke i Syrien drejer sig om familie, g\u00e6stfrihed og religi\u00f8s overholdelse. Sociale ritualer inkluderer dabkeh-dansen og sv\u00e6rddanse ved bryllupper og festivaler. Folkekunst tr\u00e6kker p\u00e5 arabiske, kurdiske og aram\u00e6iske traditioner. K\u00f8kkenet varierer fra region til region: Aleppo-retter fremh\u00e6ver krydrede kebab; damaskus-retter fremh\u00e6ver fyldte gr\u00f8ntsager og robust bagv\u00e6rk. Basisretter som hummus, tabbouleh og labneh ledsager fladbr\u00f8d, der bages frisk hver dag. Meze-fade introducerer m\u00e5ltiderne. Arabisk kaffe finder sin plads til morgenmad og under g\u00e6stereceptioner; arak, en spiritus med anissmag, optr\u00e6der ved ceremonielle fester.<\/p>\n<p>Den arkitektoniske arv sp\u00e6nder over romerske teatre i Bosra og Apamea, korsfarerslotte som Krak des Chevaliers og osmanniske moskeer, madrasaer og karavanseraier. Bystrukturen i Damaskus og Aleppo har bevaret middelalderlige kvarterer grupperet omkring souker og moskeer. Palmyra stod engang som \u00f8stens \u00f8rkencitadell; efter alvorlig skade i 2015 er minerydning og restaurering skredet langsomt frem.<\/p>\n<p>F\u00f8r 2011 havde turismen et v\u00e6kstpotentiale: kystferiesteder, pilgrimssteder og ark\u00e6ologiske zoner tiltrak bes\u00f8gende. Regeringen forestillede sig at diversificere ud over olie til ogs\u00e5 at omfatte serviceydelser og hotel- og restaurationsbranchen. Krig satte en stopper for disse planer. Nogle hj\u00e6lpeorganisationer ansl\u00e5r, at 40 procent af jobbene i turistsektoren forsvandt i midten af \u200b\u200b2015. Meget af det byggede milj\u00f8, fra hoteller til motorveje, kr\u00e6ver reparation.<\/p>\n<p>Rejsevejledninger advarede engang mod politiske diskussioner, da afslappede bem\u00e6rkninger om f\u00f8lsomme emner \u2013 Israels kontrol over Golanh\u00f8jderne eller kritik af den herskende familie \u2013 kunne tiltr\u00e6kke u\u00f8nsket opm\u00e6rksomhed. Tiggeri blev nogle gange aggressivt i n\u00e6rheden af \u200b\u200bpilgrimssteder. Vestlig p\u00e5kl\u00e6dning kl\u00e6der kristne byomr\u00e5der, men kan tiltr\u00e6kke sig opm\u00e6rksomhed andre steder; beskedent t\u00f8j letter interaktioner. Postevand opfyldte generelt sikkerhedsstandarderne, selvom flaskem\u00e6rker n\u00f8d st\u00f8rre tillid. Sundhedsfaciliteterne varierede i kvalitet; udenlandske l\u00e6ger betjente ofte hotelg\u00e6ster p\u00e5 vagt.<\/p>\n<p>I dagligdagen forbeholder syrere direkte kritik sig private sammenh\u00e6nge. Offentlige samtaler byder p\u00e5 h\u00e6vede stemmer og livlige gestus, selvom disse udtrykker engagement snarere end vrede. V\u00e6rter byder fremmede velkommen; b\u00f8rn modtager k\u00e6rlig opm\u00e6rksomhed fra voksne. Social etikette frar\u00e5der at vinke med pegefingeren og vise fods\u00e5lerne. Personlige sp\u00f8rgsm\u00e5l tester vestlige komfortzoner, men opst\u00e5r fra et \u00f8nske om at skabe kontakt.<\/p>\n<p>Kvinder, is\u00e6r n\u00e5r de er alene, kan tiltr\u00e6kke sig uopfordrede bem\u00e6rkninger; h\u00f8flige afslag og p\u00e5kaldelse af tilskuere var typisk tilstr\u00e6kkeligt til at afv\u00e6rge uvelkomne tiln\u00e6rmelser. I henhold til lokale love kan love om moralsk adf\u00e6rd f\u00f8re til anholdelse for ugifte m\u00e6nd og kvinder, der deler private rum. Homoseksuelle handlinger er fortsat kriminaliserede.<\/p>\n<p>Trods de seneste forstyrrelser lever Syriens lange historiebue videre i dets landskaber, sprog og samfund. Hvert lag \u2013 fra bronzealderruiner til osmanniske badehuse \u2013 vidner om successive b\u00f8lger af imperier og migration. N\u00e5r gaderne igen summer af liv, kan kvarterer spredt af konflikt v\u00e6re v\u00e6rt for sammenkomster i souker og p\u00e5 torve. Oliventr\u00e6er plantet for \u00e5rhundreder siden kan stadig b\u00e6re frugt. N\u00e5r stabiliteten vender tilbage, vil Syriens materielle arv og levende traditioner st\u00e5 klar til at genoptage deres plads i dagligdagen.<\/p>","protected":false},"excerpt":{"rendered":"<p>Formelt kendt som Den Syriske Arabiske Republik, Syrien er et land i Vestasien beliggende mellem det \u00f8stlige Middelhav og Levanten. Med n\u00e6sten 17 millioner mennesker i 2023 er Syrien strategisk placeret ved krydsfeltet mellem mange historiske arv og civilisationer. Fra sydvest, Israel og Libanon; fra syd, Jordan; fra \u00f8st og syd\u00f8st, Irak; fra nord, Tyrkiet; fra vest, Middelhavet. Syriens komplekse tidligere og nuv\u00e6rende geopolitiske udfordringer er blevet meget formet af denne geografiske position.<\/p>","protected":false},"author":1,"featured_media":3305,"parent":24063,"menu_order":0,"comment_status":"closed","ping_status":"closed","template":"elementor_theme","meta":{"_eb_attr":"","footnotes":""},"class_list":["post-15631","page","type-page","status-publish","has-post-thumbnail"],"_links":{"self":[{"href":"https:\/\/travelshelper.com\/da\/wp-json\/wp\/v2\/pages\/15631","targetHints":{"allow":["GET"]}}],"collection":[{"href":"https:\/\/travelshelper.com\/da\/wp-json\/wp\/v2\/pages"}],"about":[{"href":"https:\/\/travelshelper.com\/da\/wp-json\/wp\/v2\/types\/page"}],"author":[{"embeddable":true,"href":"https:\/\/travelshelper.com\/da\/wp-json\/wp\/v2\/users\/1"}],"replies":[{"embeddable":true,"href":"https:\/\/travelshelper.com\/da\/wp-json\/wp\/v2\/comments?post=15631"}],"version-history":[{"count":0,"href":"https:\/\/travelshelper.com\/da\/wp-json\/wp\/v2\/pages\/15631\/revisions"}],"up":[{"embeddable":true,"href":"https:\/\/travelshelper.com\/da\/wp-json\/wp\/v2\/pages\/24063"}],"wp:featuredmedia":[{"embeddable":true,"href":"https:\/\/travelshelper.com\/da\/wp-json\/wp\/v2\/media\/3305"}],"wp:attachment":[{"href":"https:\/\/travelshelper.com\/da\/wp-json\/wp\/v2\/media?parent=15631"}],"curies":[{"name":"wp","href":"https:\/\/api.w.org\/{rel}","templated":true}]}}