{"id":15619,"date":"2024-09-21T16:13:54","date_gmt":"2024-09-21T16:13:54","guid":{"rendered":"https:\/\/travelshelper.com\/staging\/?page_id=15619"},"modified":"2026-03-11T20:57:36","modified_gmt":"2026-03-11T20:57:36","slug":"chiang-mai","status":"publish","type":"page","link":"https:\/\/travelshelper.com\/da\/destinations\/asia\/thailand\/chiang-mai\/","title":{"rendered":"Chiang Mai"},"content":{"rendered":"<p>I \u00e5r 1296 omformede en bevidst grundl\u00e6ggelseshandling Siams nordlige dele. Kong Mengrai, der s\u00e5 b\u00e5de strategiske fordele og symbolsk potentiale, flyttede sit autoritetss\u00e6de fra Chiang Rai til Ping-flodens frugtbare bassin og anlagde ortogonale gader inden for solide forsvarsmure. Denne &#034;nye by&#034;, oversat til Chiang Mai i folkemunde, opstod ikke blot som en efterf\u00f8lger til en \u00e6ldre hovedstad, men ogs\u00e5 som omdrejningspunktet for Lanna-kongerigets ambitioner. Ping, der snoede sig sydp\u00e5 for at slutte sig til den store Chao Phraya, leverede livsopretholdende vand og muliggjorde transport af varer - ris, teaktr\u00e6, keramik - ind i det bredere tapet af det syd\u00f8stasiatiske fastlandshandelsnetv\u00e6rk.<\/p>\n<p>Byens navn, bogstaveligt talt &#034;ny by&#034;, indkapslede b\u00e5de et gestuelt brud med fortiden og et l\u00f8fte om fornyelse. De kongelige arkitekter og kunsth\u00e5ndv\u00e6rkere \u2013 der hentede inspiration fra burmesiske, srilankanske og indf\u00f8dte Lanna-traditioner \u2013 udsmykkede den spirende metropol med udsmykkede templer, pragtfuldt af forgyldte knopper og skygget af jungletr\u00e6er. I l\u00f8bet af de efterf\u00f8lgende \u00e5rhundreder udvidede og udsmykkede successive monarker Chiang Mai, men kernenettet, afgr\u00e6nset af voldgrave og volde, bestod som et bevis p\u00e5 dens oprindelige grundl\u00e6ggeres pr\u00e6cision.<\/p>\n<p>Chiang Mai ligger i en floddal i det thailandske h\u00f8jland, en bred sk\u00e5l formet af m\u00f8det af bjerge og lavlandssletter. Med en gennemsnitlig h\u00f8jde p\u00e5 300 meter over havets overflade h\u00e6ver byens centrale omr\u00e5de sig blidt fra begge bredder af Ping-floden. Mod vest troner Thanon Thong Chai-bjergk\u00e6den, hvis h\u00f8jeste punkt er Doi Suthep, der smalner af fra 1.676 meter ned til skovkl\u00e6dte bakker. Her samler t\u00e5gen sig ved daggry, og fra et s\u00e5dant udsigtspunkt f\u00e5r man et glimt af en by, der b\u00e5de er gammel og uendeligt foranderlig.<\/p>\n<p>Inden for bykommunen \u2013 et omr\u00e5de p\u00e5 40,2 kvadratkilometer, der blev afgr\u00e6nset i 1983 \u2013 styrer fire valgkredse de borgerlige anliggender. Nakhon Ping optager den nordlige kant, Sriwichai og Mengrai er de vestlige og sydlige kvadranter af den gamle bef\u00e6stede by, og Kawila str\u00e6kker sig over den \u00f8stlige bred. Ud over disse kommunale gr\u00e6nser str\u00e6kker Chiang Mais sande fodaftryk sig dog til seks tilst\u00f8dende distrikter \u2013 Hang Dong, Mae Rim, Suthep, San Kamphaeng, Saraphi og Doi Saket \u2013 der danner et byomr\u00e5de p\u00e5 omkring 405 kvadratkilometer og omfatter over en million indbyggere.<\/p>\n<p>Denne vidtstrakte metropol, nu Thailands n\u00e6stst\u00f8rste efter Bangkok, afsl\u00f8rer en dobbelt karakter: de omhyggeligt restaurerede g\u00e5rde og smalle gyder omgivet af overlevende murfragmenter - hver port og t\u00e5rn minder om fortidens defensive n\u00f8dvendigheder - og den uregulerede v\u00e6kst i forst\u00e6derne, hvor motorcykler myldrer over solbagte hovedveje, og neonoplyste martsmarketer pryder gummi- og teakv\u00e6rksteder.<\/p>\n<p>Trods presset fra fort\u00e6tningen har Chiang Mai bevaret omr\u00e5der med ro. Buak Hat Public Park, der ligger i det sydvestlige hj\u00f8rne af den gamle by, er fortsat et samlingssted for morgenmotionister og skakentusiaster under tamarindtr\u00e6er. P\u00e5 den anden side af voldgraven ligger Kanchanaphisek Park, hvor smuldrende rester af tidligere volde st\u00e5r under banyangrene. Lanna Rama 9 Park mod nord tilbyder et skulpturelt tilflugtssted ved s\u00f8en, mens Ang Kaeo-reservoiret, der st\u00f8der op til Chiang Mai Universitets porte, tilbyder afslapning i form af l\u00f8bestier og pavilloner omgivet af drager.<\/p>\n<p>Bestr\u00e6belserne p\u00e5 at genskabe Chiang Mai Railway Park \u2013 en forladt lokomotivg\u00e5rd n\u00e6r hovedstationen \u2013 er g\u00e5et forsigtigt frem siden 2024, idet man er opm\u00e6rksom p\u00e5 behovet for at balancere bevaring af kulturarv med rekreativ nytte. Det foresl\u00e5ede projekt forestiller sig ombyggede vogne til caf\u00e9er, mens stationens oprindelige vandt\u00e5rn skal blive en vertikal have, der forener industriel ark\u00e6ologi med f\u00e6lles havebrug.<\/p>\n<p>Chiang Mai, der ligger lidt over 18 grader nord for \u00e6kvator, oplever et tropisk savanneklima. Tre forskellige \u00e5rstider styrer det daglige liv. Den k\u00f8lige \u00e5rstid, fra november til februar, giver morgener, der er friske nok til lette t\u00f8rkl\u00e6der, mens eftermiddagene stiger til midt til h\u00f8je tyvere Celsius. Fra marts til juni intensiveres varmen f\u00f8r monsunen; rekordtemperaturer er steget til over 42 grader Celsius, hvilket medf\u00f8rer en \u00f8get risiko for varmerelateret lidelse, is\u00e6r blandt \u00e6ldre. Juni til oktober markerer regntiden, hvor konvektionsstorme punkterer eftermiddagen og forvandler st\u00f8vede all\u00e9er til floder af r\u00f8d ler. Disse regnskyl genopfylder reservoirerne og genopliver den gr\u00f8nne farve i det omkringliggende h\u00f8jland, men udfordrer samtidig byens dr\u00e6ningsinfrastruktur.<\/p>\n<p>Lokale myndigheder og sundhedsagenturer har i de senere \u00e5r dokumenteret en stigning i kulderelateret d\u00f8delighed under pludselige temperaturfald om natten \u2013 et f\u00e6nomen, der tilskrives den langsomme menneskelige fysiologiske reaktion p\u00e5 pludselige klima\u00e6ndringer. Samtidig understreger luftforureningsepisoder \u2013 drevet af landbrugsafbr\u00e6nding i bassinet og k\u00f8ret\u00f8jsemissioner \u2013 den milj\u00f8m\u00e6ssige skr\u00f8belighed i denne engang isolerede enklave.<\/p>\n<p>I 2013 havde Chiang Mai budt 14,1 millioner bes\u00f8gende velkommen, hvoraf omtrent en tredjedel kom fra lande uden for Thailands gr\u00e6nser. Mellem 2011 og 2015 var den \u00e5rlige v\u00e6kstrate i gennemsnit 15 procent, drevet af en stigning i kinesisk turisme, der tegnede sig for n\u00e6sten 30 procent af de internationale ankomster. Hoteloperat\u00f8rer rapporterer et udvalg p\u00e5 omkring 32.000 til 40.000 v\u00e6relser, lige fra hostels langs den voldgravede gamle bydel til boutique-resorts beliggende p\u00e5 skovkl\u00e6dte skr\u00e5ninger.<\/p>\n<p>Thailand Convention and Exhibition Bureau, der anerkendte Chiang Mais potentiale ud over fritidsturisme, iv\u00e6rksatte markedsf\u00f8ringsindsatser for at positionere byen inden for det globale MICE-kredsl\u00f8b (Meetings, Incentives, Conferences, Exhibitions). Tidlige prognoser foruds\u00e5 en beskeden stigning i oms\u00e6tningen - p\u00e5 10 procent til cirka 4,24 milliarder baht i 2013 - og gradvise stigninger i antallet af forretningsrejsende. Mens byens eksisterende konferencecenterfaciliteter halter bagefter dem i Bangkok og Phuket, har lokale interessenter s\u00f8gt at udnytte Chiang Mais unikke kulturarv som et incitament til internationale symposier om emner lige fra agritech til kulturbevarelse.<\/p>\n<p>Samtidig er agroturisme blevet en nichesektor. G\u00e5rde i udkanten af \u200b\u200bbyomr\u00e5derne \u2013 der dyrker jordb\u00e6r, kaffe og \u00f8kologiske gr\u00f8ntsager \u2013 tilbyder nu indkvartering i private hjem, praktiske workshops og madoplevelser fra g\u00e5rd til bord. Denne diversificering har givet supplerende indt\u00e6gtsstr\u00f8mme til landlige husholdninger og fremmet forbrugernes bevidsthed om det nordlige Thailands landbrugstraditioner.<\/p>\n<p>Alene inden for kommunedistriktet vidner 117 buddhistiske wats om Chiang Mais vedvarende religi\u00f8st-kulturelle centrale rolle. Blandt disse st\u00e5r fem som s\u00f8jler af historisk og \u00e6stetisk betydning:<\/p>\n<ul>\n<li>Wat Phra That Doi Suthep: Dette tempel, der ligger i 1.073 meters h\u00f8jde p\u00e5 Doi Suthep-bjerget, n\u00e5s via en stigende trappe, der bevogtes af b\u00f8lgende N\u0101ga-slanger. Dets forgyldte stupa, der glimter ved solopgang, tiltr\u00e6kker processioner af pilgrimme, der g\u00e5r rundt om relikviekammeret i en reflekterende procession.<\/li>\n<li>Wat Chiang Man: Dette tempel fra det 13. \u00e5rhundrede, der menes at v\u00e6re stedet for den tidligste kongelige residens p\u00e5 Lanna, huser to vigtige Buddha-billeder: marmorfiguren Phra Sila og krystallinskfiguren Phra Satang Man. Begge er indhyllet i legender, da de ledsagede kong Mengrai under byens grundl\u00e6ggelse.<\/li>\n<li>Wat Phra Singh: Dette eksempel p\u00e5 nordthailandsk stil, bygget i 1345, huser den \u00e6rede Phra Singh Buddha. Dens L\u00f8ve Buddha-hal med indviklede tr\u00e6udsk\u00e6ringer og lagdelte taglinjer illustrerer sammenl\u00f8bet af lokalt h\u00e5ndv\u00e6rk og klosterfunktion.<\/li>\n<li>Wat Chedi Luang: Byggeriet, der blev indviet i 1401, n\u00e5ede engang arkitektoniske h\u00f8jder, der kunne konkurrere med Ayutthayas stupaer. Et jordsk\u00e6lv i det 16. \u00e5rhundrede afskar spiret og efterlod et monument p\u00e5 to tredjedeles h\u00f8jde, der fortsat dominerer den gamle bys skyline.<\/li>\n<li>Wat Umong: Beliggende i et skovomr\u00e5de ved universitetets udkant, minder dets labyrintiske tunneler og skovkl\u00e6dte omgivelser om en \u00e6ra med eremitagepraksis. Den &#034;fastende Buddha&#034;, en slank skulptur, der fremkalder asketisk beslutsomhed, hviler under et tr\u00e6k af mosd\u00e6kkede tr\u00e6er.<\/li>\n<\/ul>\n<p>Yderligere wats \u2013 s\u00e5som Wat Ku Tao med sin karakteristiske sk\u00e5lformede stupa; Wat Suan Dok, hvor et buddhistisk universitet l\u00e5; og Wat Chet Yot, hvor Det Ottende Verdensbuddhistiske R\u00e5d blev afholdt i 1477 \u2013 bidrager yderligere til byens klostermangfoldighed. Spredte ruiner \u2013 i alt fireogfyrre \u2013 vidner om bygninger, der for l\u00e6ngst er blevet generobret af vegetation, hvis korroderede stupaer kigger frem gennem underskoven som vagtposter.<\/p>\n<p>Chiang Mais spirituelle landskab str\u00e6kker sig ud over Theravada-buddhismen. Den f\u00f8rste protestantiske kirke, grundlagt i 1868 af McGilvary-familien, indledte en kristen tilstedev\u00e6relse, der nu omfatter omkring tyve menigheder, herunder det romersk-katolske stifts Sacred Heart Cathedral. Den kristne konference i Asien har regionale kontorer her, hvilket understreger Chiang Mais rolle som et knudepunkt for \u00f8kumenisk dialog.<\/p>\n<p>Sm\u00e5, men langvarige muslimske samfund \u2013 Chin Haw, Bengali, Pathan, Malay \u2013 st\u00f8tter seksten moskeer, hvoraf nogle er udsmykket med gavltage i kinesisk stil, og alle fungerer som samlingspunkter for samfundets samh\u00f8righed. To sikhiske gurdwaraer, Siri Guru Singh Sabha og Namdhari, henvender sig til en immigrantbefolkning, hvis r\u00f8dder g\u00e5r tilbage til midten af \u200b\u200bdet 19. \u00e5rhundrede. Et beskedent hinduistisk mandir betjener ogs\u00e5 en spredt gruppe troende, hvilket illustrerer den religi\u00f8se heterogenitet, der er n\u00e6ret af over syv \u00e5rhundreders handel og migration.<\/p>\n<p>En konstellation af museer inden for bygr\u00e6nsen giver forskellige indgange til den nordlige thailandske kulturarv:<\/p>\n<ul>\n<li>Chiang Mai City Arts and Cultural Center fortolker byens udvikling gennem multimedieudstillinger.<\/li>\n<li>Lanna Folklife Museum tilbyder medrivende udstillinger om oprindeligt kunsth\u00e5ndv\u00e6rk og tekstiler.<\/li>\n<li>Chiang Mai Nationalmuseum f\u00f8lger Lanna&#039;s styre fra dets grundl\u00e6ggelse og gennem det burmesiske herred\u00f8mme.<\/li>\n<li>Filatelimuseet kortl\u00e6gger udviklingen af \u200b\u200blokale posttjenester og frim\u00e6rkekunst.<\/li>\n<li>Highland People Discovery Museum s\u00e6tter traditionerne hos bjergstammerne \u2013 Akha, Lisu, Hmong \u2013 i kontekst, hvis landsbyer ligger spredt p\u00e5 de omkringliggende skr\u00e5ninger.<\/li>\n<li>M\u00f8ntbureauet (Sala Thanarak) bevarer sj\u00e6ldne bladm\u00f8nter, de fine messing- og s\u00f8lvdiskm\u00f8nter fra Lan Na-kongeriget, hvis fremstillingsteknikker stadig er omdiskuterede.<\/li>\n<li>Bank of Thailand Museum og Northern Telecoms Museum, der er indrettet i en tidligere telefoncentral, forf\u00f8lger fort\u00e6llinger om \u00f8konomisk og teknologisk integration.<\/li>\n<li>MAIIAM Museum for Samtidskunst, der blev indviet i 2016, tilbyder et modspil til mere traditionelle steder og fremh\u00e6ver eksperimentelle v\u00e6rker af thailandske og internationale kunstnere.<\/li>\n<\/ul>\n<p>Disse institutioner understreger tilsammen Chiang Mais dobbelte identitet som b\u00e5de kulturarvslager og inkubator for kreativ innovation.<\/p>\n<p>Ceremonilivet i Chiang Mai udfolder sig hen over m\u00e5nekalenderen. Hver november fylder de dobbelte ceremonier Loi Krathong og Yi Peng vandveje og himmel med lanterner \u2013 stearinlys, der flyder p\u00e5 lotusformede krathonger, og papir-varmluftslanterner, der stiger op som s\u00f8lvkugler. Konvergensen af \u200b\u200bflod- og luftlys giver et \u00f8jeblik af f\u00e6lles refleksion, hvor deltagerne frigiver personlige h\u00e5b i luftens str\u00f8mninger.<\/p>\n<p>Aprils Songkran-festival forvandler hele byen til et tableau af vandb\u00e5ren festlighed. Det, der engang involverede respektfuld vandoverh\u00e6ldning over Buddha-billeder og \u00e6ldres h\u00e6nder, har udviklet sig til omfattende overdrysselser over hele gaden, med songthaeos og byens lastbiler, der uddeler vandslanger til tusindvis. Mens vandkampene fremkalder latter, bevarer processioner og munkeledede ceremonier det thailandske nyt\u00e5rs h\u00f8jtidelighed og understreger den ukuelige sameksistens af \u00e6rb\u00f8dighed og gl\u00e6de.<\/p>\n<p>Februars blomsterfestival pr\u00e6senterer den prydende blomstring af tropiske og tempererede arter i paradevogne og haveudstillinger. Tam Bun Khan Dok, Inthakhin City Pillar Festival, h\u00e6drer byens grundl\u00e6ggende \u00e5nd og afholder ofringer og ritualer, der dateres tilbage til Lanna-perioden. Ni Kejsergudernes Festival - en ni-dages taoistisk h\u00f8jtid i slutningen af \u200b\u200bseptember - finder et stort antal mennesker, der lover afholdenhed fra k\u00f8d og alkohol, mens skovskader markerer steder, der serverer vegansk mad under lovende gule og r\u00f8de bannere.<\/p>\n<p>Buddhistiske h\u00f8jtider \u2013 Vesak ved Doi Suthep, Makha Bucha ved Wat Phra Singh og andre store templer \u2013 tiltr\u00e6kker tusindvis af mennesker p\u00e5 pilgrimsrejse. Efter solnedgang g\u00e5r processioner i stearinlysets sk\u00e6r op ad skovkl\u00e6dte skr\u00e5ninger og forener l\u00e6gfolk og munke i den stille vagt, der minder om Buddhas f\u00f8rste f\u00e6lles forsamling.<\/p>\n<p>Mens centralthailandsk er dominerende inden for handel og uddannelse, forts\u00e6tter de nordthailandske folkesprogskadenser \u2013 ofte kaldet Kham Mueang eller Lanna \u2013 blandt \u00e6ldre og landbeboere. Sproget, der er skrevet med det udsmykkede Tai Tham-skrift, optr\u00e6der p\u00e5 tempelmuraler og manuskriptpergamenter, selvom det meste af den moderne brug anvender tilpasset thailandsk ortografi. Leksikale l\u00e5n fra burmesisk, shan og bjergstammesprog beriger yderligere den regionale patois og forst\u00e6rker hverdagstalen med kadenser, der afviger markant fra hovedstadens registre.<\/p>\n<p>P\u00e5 markederne og k\u00f8kkenerne i Chiang Mai samles den kulinariske arv omkring lokale basisvarer: kl\u00e6brig ris dampet i bananblade, krydrede karryretter af t\u00f8rrede chilier og fermenterede sojab\u00f8nner og en konstellation af urter - galangarod, citrongr\u00e6s og hellig basilikum - knust for at frigive skarpe olier. Khan tok, en f\u00e6lles lavm\u00e5ltidstradition p\u00e5 lakerede stande, kendetegner Lanna-tilgangen: delte retter arrangeret i koncentriske cirkler, hvor hver enkelt r\u00e6kker indad for at pr\u00f8ve bidder af larb, nam prik og r\u00f8get grillet k\u00f8d.<\/p>\n<p>Siden slutningen af \u200b\u200b2010&#039;erne har byen opbygget et ry som et centrum for vegansk madlavning, en tendens der er blevet beskrevet af udenlandsk presse som bevis p\u00e5 Chiang Mais udviklende gastronomiske identitet. Genfortolkninger af klassiske retter \u2013 kaeng liang med tofu, kao soi med bananblomst \u2013 har spredt sig p\u00e5 caf\u00e9er side om side med fusionsrestauranter, der kombinerer japansk-inspirerede bowls med lokale r\u00e5varer.<\/p>\n<p>Chiang Mais umiddelbare periferi viger tilbage til de beskyttede enklaver Doi Suthep-Pui og Doi Inthanon Nationalparker. F\u00f8rstn\u00e6vnte, der begynder ved byens vestlige udkant, omfatter h\u00f8jdeforskelle fra tropisk lavland til fyrre- og egetr\u00e6sskov. Et forpurret boligbyggeri, der var planlagt til 2015, truede, hvis det skulle forts\u00e6tte, og dets aflysning f\u00f8rte til genplantningsindsatser, der fortsat genopliver korridorhabitater for n\u00e6sehornsfugle og gibbons.<\/p>\n<p>L\u00e6ngere sydp\u00e5 ligger Doi Inthanon \u2013 det h\u00f8jeste punkt i Thailand \u2013 med sine 2.565 meter. Dets mosaik af vandfald, afsidesliggende Karen- og Hmong-landsbyer og h\u00f8jlandsstier tiltr\u00e6kker vandrere og fuglekiggere. Parkens top, der altid er k\u00f8lig, st\u00e5r i skarp kontrast til dalens varme.<\/p>\n<p>Mod nord ligger Pha Daeng (Chiang Dao) Nationalpark, der byder p\u00e5 kalkstenstinderne Doi Chiang Dao, rekreative huler og muligheder for etnokulturel turisme blandt Akha-, Lisu- og Karen-samfundene. Guidede vandreture krydser bjergrygge og floddale, og inkluderer ofte overnatninger i hjemlige omgivelser hos bjergstammer \u2013 en blanding af kulturel udveksling og fordybelse i milj\u00f8et.<\/p>\n<p>Detailhandlen i Chiang Mai deler sig mellem moderne indk\u00f8bscentre \u2013 Central Chiang Mai Airport, CentralFestival og Maya Shopping Center \u2013 og de organisk udviklede basarer, der hver aften str\u00e6kker sig ud i gyderne. Natmarkedet langs Chang Klan Road, med sine fluorescerende tre af telt, henvender sig til masseturisme og tilbyder tekstiler, elektronik og nipsgenstande. I mods\u00e6tning hertil forvandler Tha Phae Walking Street og Sunday Night Market Ratchadamnoen Road til en g\u00e5gade, hvor kunsth\u00e5ndv\u00e6rkere s\u00e6lger h\u00e5ndv\u00e6vede t\u00f8rkl\u00e6der, s\u00f8lvt\u00f8j og lokale snacks, indrammet af de gamle byporte. Hver l\u00f8rdag p\u00e5 Wua Lai Road viser s\u00f8lvsmede indviklede smykker frem p\u00e5 klapborde, hvor deres hamre klikker i skumringen, mens turister og lokale forhandler priser.<\/p>\n<p>Chiang Mais hovedveje \u2013 ofte overbelastede i myldretiden \u2013 vidner om byens transportproblem. Afh\u00e6ngigheden af \u200b\u200bpersonlige motorcykler og biler kombineret med uj\u00e6vn arealanvendelse forv\u00e6rrer trafikt\u00e6theden og luftforureningen. Songthaews \u2013 ombyggede pickup trucks til \u00e5ben transport \u2013 er fortsat rygraden i den offentlige transport, mens tuk-tuks og midibusser tilbyder punkt-til-punkt-service. I juni 2017 debuterede en fl\u00e5de af elektriske tuk-tuks, men deres antal er stadig utilstr\u00e6kkeligt til at erstatte dieseldrevne alternativer.<\/p>\n<p>Intercity-forbindelserne er centreret omkring tre knudepunkter. Chang Phuak Busterminal muligg\u00f8r regionale ruter; Arcade Terminal afg\u00e5r busser til Bangkok, Pattaya, Hua Hin og Phuket, rejser der str\u00e6kker sig over ti til tolv timer; og Chiang Mai International Airport - Thailands fjerde travleste - h\u00e5ndterer omkring halvtreds daglige flyvninger til Bangkok og regionale hovedst\u00e6der. Udvidelsesplaner, der forudser en kapacitetsfor\u00f8gelse fra otte til tyve millioner passagerer \u00e5rligt, sammen med en potentiel anden lufthavn med en kapacitet p\u00e5 24 millioner passagerer, sigter mod at im\u00f8dekomme den stigende eftersp\u00f8rgsel.<\/p>\n<p>Jernbanetrafikken forts\u00e6tter som en natlig pilgrimsrejse: ti daglige tog tilbagel\u00e6gger den 751 kilometer lange rute til Bangkok, med overnatningsrejser, der tilbyder f\u00f8rsteklasses kahytter eller sovek\u00f8jer, der kan omdannes til en anden klasse. Siden december 2023 har RTC&#039;s bybussystem drevet tre ruter, der afg\u00e5r fra lufthavnen, og dermed indviet den kommunale bustransport.<\/p>\n<p>Ambitioner om et letbanenetv\u00e6rk \u2013 et udkast til dekret godkendt af Mass Rapid Transit Authority \u2013 var oprindeligt planlagt til at blive bygget mellem 2020 og 2027. Der er opst\u00e5et forsinkelser, men projektet bevarer sin status som et potentielt universalmiddel mod trafikpropper ved at tilbyde hurtig, h\u00f8jkapacitets transport langs n\u00f8glekorridorer.<\/p>\n<p>Turismens fordel har ikke v\u00e6ret uden omkostninger. Uplanlagt udvikling belaster vandressourcerne, forringer luftkvaliteten og belaster affaldsh\u00e5ndteringssystemer. Som svar har et klimakompatibelt udviklingsinitiativ \u2013 st\u00f8ttet af Climate &amp; Development Knowledge Network \u2013 mobiliseret eksperter og borgergrupper til at indf\u00f8re ikke-motoriserede transportbaner, g\u00e5gader og incitamenter for mikroiv\u00e6rks\u00e6ttere til at drive cykeltaxatjenester. Disse interventioner s\u00f8ger at dekarbonisere byen, samtidig med at de skaber levebr\u00f8d for fattige bybefolkninger.<\/p>\n<p>Samtidig drager kunst- og h\u00e5ndv\u00e6rkssektoren fordel af turisternes eftersp\u00f8rgsel, hvilket underst\u00f8tter v\u00e6vekollektiver, lakv\u00e6rksteder og paraplylandsbyer. Bo Sang, kendt for sine papirparaplyer, kombinerer traditionelt h\u00e5ndv\u00e6rk med moderne design og eksporterer ceremonielle varer til hele verden. Alligevel er der fortsat sp\u00f8rgsm\u00e5l om den retf\u00e6rdige fordeling af turismeindt\u00e6gter og bevarelsen af \u200b\u200bh\u00e5ndv\u00e6rksm\u00e6ssig integritet i lyset af kommercielt pres.<\/p>\n<p>Officielle opt\u00e6llinger \u2013 udf\u00f8rt af Department of Local Administration og National Statistical Office \u2013 udelukker udl\u00e6ndinge, ikke-fastboende og migrantarbejdere. Derfor modsiger kommunens registrerede befolkning p\u00e5 127.000 (2023) en storbym\u00e6ssig realitet p\u00e5 over 1,2 millioner indbyggere. Uformelle estimater, der tager h\u00f8jde for langtidsudl\u00e6ndinge og s\u00e6sonarbejdere, placerer det sande tal t\u00e6ttere p\u00e5 1,5 millioner.<\/p>\n<p>Siden 2022 har en bem\u00e6rkelsesv\u00e6rdig tilstr\u00f8mning af kinesiske statsborgere \u2013 der s\u00f8ger tilflugt fra politiske begr\u00e6nsninger og tiltrukket af Chiang Mais forholdsvis lave leveomkostninger \u2013 \u00e6ndret kvarterer og forbrugsm\u00f8nstre. Caf\u00e9er, der tilbyder tosprogede menuer, mandarin-sprogede skoler og ejendomsinvesteringer afspejler denne tendens, hvilket har f\u00e5et kommunale myndigheder til at overveje byplanl\u00e6gningsforanstaltninger, der adresserer nye sociale dynamikker.<\/p>\n<p>Chiang Mai har et ry for relativ sikkerhed. Voldelig kriminalitet er fortsat sj\u00e6lden; de fleste h\u00e6ndelser involverer opportunistiske tyverier, s\u00e5som tasker, der er stj\u00e5let af unge p\u00e5 motorcykler i d\u00e5rligt oplyste gader. Ansvarlige rejsende f\u00f8lger lokale skikke: beskeden p\u00e5kl\u00e6dning, der d\u00e6kker skuldre og kn\u00e6, d\u00e6mpet stemme og diskret h\u00e5ndtering af v\u00e6rdigenstande. Disse enkle former for respekt mindsker ikke kun risikoen for sm\u00e5kriminalitet, men respekterer ogs\u00e5 beboernes sociale normer. Desuden sikrer en bevidsthed om fodg\u00e6nger- og k\u00f8ret\u00f8jsnormer - at give efter for songthaews, holde \u00f8je med dobbeltparkerede pickups og undg\u00e5 at g\u00e5 over bord p\u00e5 travle boulevarder - en problemfri integration i dagligdagen.<\/p>\n<p>Over syv \u00e5rhundreder siden sin grundl\u00e6ggelse forts\u00e6tter Chiang Mai med at forhandle samspillet mellem bevaring og fremskridt. De restaurerede mure og templer i den gamle by st\u00e5r som vidner om en Lanna-civilisation, der blomstrede under b\u00e5de konger og munke. Bag disse mure pulserer byens arterier med motorer, markeder og byggekraner - symboler p\u00e5 et globaliseret Thailand. Alligevel bevarer Chiang Mai, trods al forandring, et m\u00e5l af den ro, der engang definerede dens bjerglige ensomhed: den pr\u00e6cise klingen af \u200b\u200btempelklokker ved daggry, den rituelle udl\u00f8sning af lanterner mod en baggrund af indigofarvet himmel, de h\u00e5rdf\u00f8re banyantr\u00e6er, der klamrer sig til ruinerne af svundne stupaer.<\/p>\n<p>For den rejsende eller beboer, der er i harmoni med byens rytmer, tilbyder Chiang Mai en oplevelse af lagdelte teksturer \u2013 teksturelle kontraster mellem gamle mursten og poleret krom, mellem monastiske sange og trafikbrummen, mellem mango-kl\u00e6brig ris og veganske tofu-karryretter. Det er en by med b\u00e5de erindring og fremkomst, hvor den &#034;nye by&#034; Mengrai stadig giver genlyd i nutiden og minder alle, der g\u00e5r p\u00e5 dens gader, om, at ethvert sted, ligesom ethvert menneske, er en uds\u00f8gt blanding af fortid og tilblivelse.<\/p>","protected":false},"excerpt":{"rendered":"<p>Chiang Mai, den st\u00f8rste by i det nordlige Thailand og hovedstaden i Chiang Mai-provinsen, har en befolkning p\u00e5 1,2 millioner i 2022, hvilket tegner sig for mere end 66% af provinsens samlede befolkning. Chiang Mai, 700 kilometer nord for Bangkok i det bjergrige thailandske h\u00f8jland, er blevet temmelig vigtigt, der vokser som et stort bycentrum, kun n\u00e6st efter st\u00f8rrelse og betydning i nationen.<\/p>","protected":false},"author":1,"featured_media":2893,"parent":15536,"menu_order":0,"comment_status":"closed","ping_status":"closed","template":"elementor_theme","meta":{"_eb_attr":"","footnotes":""},"class_list":["post-15619","page","type-page","status-publish","has-post-thumbnail"],"_links":{"self":[{"href":"https:\/\/travelshelper.com\/da\/wp-json\/wp\/v2\/pages\/15619","targetHints":{"allow":["GET"]}}],"collection":[{"href":"https:\/\/travelshelper.com\/da\/wp-json\/wp\/v2\/pages"}],"about":[{"href":"https:\/\/travelshelper.com\/da\/wp-json\/wp\/v2\/types\/page"}],"author":[{"embeddable":true,"href":"https:\/\/travelshelper.com\/da\/wp-json\/wp\/v2\/users\/1"}],"replies":[{"embeddable":true,"href":"https:\/\/travelshelper.com\/da\/wp-json\/wp\/v2\/comments?post=15619"}],"version-history":[{"count":0,"href":"https:\/\/travelshelper.com\/da\/wp-json\/wp\/v2\/pages\/15619\/revisions"}],"up":[{"embeddable":true,"href":"https:\/\/travelshelper.com\/da\/wp-json\/wp\/v2\/pages\/15536"}],"wp:featuredmedia":[{"embeddable":true,"href":"https:\/\/travelshelper.com\/da\/wp-json\/wp\/v2\/media\/2893"}],"wp:attachment":[{"href":"https:\/\/travelshelper.com\/da\/wp-json\/wp\/v2\/media?parent=15619"}],"curies":[{"name":"wp","href":"https:\/\/api.w.org\/{rel}","templated":true}]}}