{"id":15595,"date":"2024-09-21T15:54:09","date_gmt":"2024-09-21T15:54:09","guid":{"rendered":"https:\/\/travelshelper.com\/staging\/?page_id=15595"},"modified":"2026-03-11T21:36:27","modified_gmt":"2026-03-11T21:36:27","slug":"krabi","status":"publish","type":"page","link":"https:\/\/travelshelper.com\/da\/destinations\/asia\/thailand\/krabi\/","title":{"rendered":"Krabi"},"content":{"rendered":"<p>Krabi ligger p\u00e5 en smal landtange, hvor floden breder sig ud i Phang Nga-bugten, hvor dens r\u00f8de jord m\u00f8der akvamarinbl\u00e5t vand under en himmel, der ofte hvirvler af hurtige skyer. Byen, der var hjemsted for lidt over 32.000 indbyggere i 2020, f\u00f8les b\u00e5de lille og balanceret p\u00e5 kanten af \u200b\u200bnoget enormt. Langs flodbredden ligger tr\u00e6butikker p\u00e5 p\u00e6le, deres skodder klaprer ved daggry, n\u00e5r b\u00e5de glider forbi lastet med ris, frugt og net af fanget fisk. L\u00e6ngere inde i landet omkranser lave bygninger med afskallet maling gaderne, der f\u00f8rer til et travlt centralt marked, hvor luften b\u00e6rer lige dele chilidamp og havbrise. P\u00e5 dette sted - seks hundrede og halvtreds kilometer syd for hovedstaden - synes livets og tidevandets rytme at forme hvert \u00f8jeblik.<\/p>\n<p>I slutningen af \u200b\u200bdet attende \u00e5rhundrede, kort efter at det thailandske hof havde bosat sig i Bangkok, sendte guvern\u00f8ren i Nakhon Si Thammarat en vesir kendt som Phra Palad ud for at f\u00f8re tilsyn med en elefantkraal i denne by ved flodmundingen. Ordren, udstedt af Chao Phraya Nakhon Noi, havde til form\u00e5l at sikre en stabil forsyning af krigs- og ceremonielle elefanter til det voksende kongerige. Kraalens konstruktion tiltrak ikke kun mahouter og h\u00e5ndv\u00e6rkere, men hele husstande, der s\u00f8gte nye muligheder. De bosatte sig i tre landsbyer - Pakasai, Khlong Pon og Pak Lao - der hver is\u00e6r skabte sin egen identitet langs de mudrede bredder og sidekanaler. I 1872 anerkendte Kong Chulalongkorn klyngen af \u200b\u200blandsbyer som en enkelt by og gav den navnet Krabi, et udtryk, der mindede om en gammel standard prydet med et abe-emblem. To \u00e5r senere opn\u00e5ede byen administrativ uafh\u00e6ngighed fra Nakhon Si Thammarat og begyndte at rapportere direkte til Bangkok, hvor dens f\u00f8rste guvern\u00f8r - Luang Thep Sena - overtog ansvaret for en jurisdiktion, der ikke l\u00e6ngere blot var en satellit af dens tidligere overherre, men en separat provins.<\/p>\n<p>I dag afh\u00e6nger Krabis \u00f8konomi i h\u00f8j grad af bes\u00f8gende, der tiltr\u00e6kkes af dens usminkede charme og den barske sk\u00f8nhed i den omkringliggende \u00f8gruppe. Selvom en stor del af provinsens geografi er udpeget som nationalpark \u2013 Hat Noppharat Thara \u2013 Mu Ko Phi Phi, Khao Phanom Bencha, Than Bokkhorani og havreservaterne \u2013 er Krabi by i sig selv stadig et indgangspunkt snarere end en endelig destination. Herfra drager dagsturister og g\u00e6ster med l\u00e6ngere ophold ud for at udforske mere end 80 \u00f8er i n\u00e6rheden, herunder de popul\u00e6re attraktioner Ko Lanta og Ko Phi Phi. Inde i landet styrter vandfald gennem t\u00e6t skov i Khao Phanom Bencha, mens kalkstensgrotterne i Than Bokkhorani gemmer kamre, hvor stalaktitter drypper som stearin. Langs kysten huser mangrovelunde hejrer og varaner. I alle retninger er der invitationer til at padle, kigge p\u00e5 fugle eller vandre, med guider, der ved pr\u00e6cis, hvor man finder ynglende n\u00e6sehornsfugle eller skjulte bassiner.<\/p>\n<p>Strandene t\u00e6ttest p\u00e5 byen \u2013 Ao Nang og Railay \u2013 er formet af klipper, der rejser sig n\u00e6sten lodret fra sandet. Railay, som kun er tilg\u00e6ngelig med longtailb\u00e5d, er blevet en magnet for klatrere, der s\u00f8ger at teste sig selv p\u00e5 lommer og udh\u00e6ng, der er hugget ud af kalksten gennem \u00e5rtusinder. Den \u00e5rlige Rock and Fire Festival, der afholdes i midten af \u200b\u200bapril, pulserer af adrenalin, n\u00e5r klatrere k\u00e6mper om fart og stil p\u00e5 ruter som den ber\u00f8mte firedobbelte &#034;Humanality&#034;. N\u00e5r tidevandet er h\u00f8jt, bliver dybvandssolo en \u00f8velse i b\u00e5de balance og mod, n\u00e5r klatrere bev\u00e6ger sig langsomt langs havskrubbede v\u00e6gge over favne af opr\u00f8rende vand. Tr\u00e6nere fra flere lokale skoler m\u00f8der nybegyndere p\u00e5 stranden ved daggry, mens mere erfarne klatrere tr\u00e6kker reb til fjerntliggende \u00f8er, der er synlige ud for kysten. Med hver opstigning \u00e6ndrer det turkisbl\u00e5 hav og de fjerne karstspirer perspektivet p\u00e5, hvad det vil sige at st\u00e5 p\u00e5 kanten af \u200b\u200bluft og klippe.<\/p>\n<p>Ikke alle vidundere ligger i havet eller himlen. Ved Ban Laem Pho \u2013 omkring fyrre kilometer nord\u00f8st for byen \u2013 afsl\u00f8rer en smal landtange en strand, hvis sand indeholder millioner af forstenede sneglehuse. Disse rester stammer fra omkring fyrre millioner \u00e5r, da ferskvandssumpe d\u00e6kkede denne nu kystslette. Sollys filtreres gennem mangroveblade og oplyser forkalkede helixer og spiraler, der er indlejret i kystlinjen. B\u00e5de videnskabsfolk og amat\u00f8rfossilj\u00e6gere kommer hertil med pensler og notesb\u00f8ger, forsigtige med ikke at forstyrre de skr\u00f8belige fragmenter. Over hovedet blinker isfugle bl\u00e5t og gr\u00f8nt, mens varaner vibrerer med deres kl\u00f8vede tunger p\u00e5 jagt efter krabber, der har gravet sig ned under mudderet.<\/p>\n<p>Klimaet i Krabi afspejler dets beliggenhed ud for Andamanhavet. Fra marts til begyndelsen af \u200b\u200bdecember f\u00f8rer monsunvindene fugt ind til land, og den ti m\u00e5neder lange regntid kan bringe dage med ubrudt regn. Mellem stormene danser solbeskinnede pletter p\u00e5 vandoverfladen, og veje kan forvandle sig fra st\u00f8vede stier til brune b\u00e6kke. I varmen f\u00f8r regnen er termometre steget s\u00e5 h\u00f8jt som 39,6 \u00b0C den 31. marts 2023; omvendt faldt den koldeste morgen registreret her til 15,3 \u00b0C den 11. januar 2009. S\u00e5danne ekstremer er sj\u00e6ldne, men de minder beboerne om, at dette landskab trives p\u00e5 kontraster - h\u00e6vede floder, der sk\u00e6rer gennem kalkstensbakker; pludselige byger mod klar himmel.<\/p>\n<p>Adgangen til Krabi har udviklet sig betydeligt siden de tidlige dage med flodb\u00e5de og uasfalterede stier. Siden 1999 har Krabi International Airport (KBV) forbundet regionen direkte med Bangkok, Kuala Lumpur og s\u00e6sonbestemte charterflyvninger fra Europa. Lufthavnen ligger omkring femten kilometer fra bymidten og er forbundet med airconditionerede busser, der s\u00e6tter passagerer af foran provinsretten eller transporterer dem videre til strandene Ao Nang eller Had Yao. Indenlandske luftfartsselskaber - Air Asia, Bangkok Airways og Thai Airways - opererer flere daglige afgange til hovedstaden, mens en enkelt flyvning hver dag forbinder Krabi med Ko Samui. Internationale ruter fokuserer p\u00e5 Kuala Lumpur, med charterflyvninger, der v\u00e6ver ind og ud i h\u00f8js\u00e6sonen.<\/p>\n<p>Ud over flyrejser er veje og jernbaner fortsat vigtige trafik\u00e5rer. Den n\u00e6rmeste togstation ligger i Surat Thani, en tre en halv times bus- eller minivantur mod nord, mens Thung Song Junction ligger mod syd med minivanforbindelser hver time. Busser afg\u00e5r fra Krabis Talad Kao Terminal \u2013 ren, godt skiltet og med gratis Wi-Fi \u2013 med kurs mod Bangkoks sydlige busterminal p\u00e5 omkring tolv timer. For kortere ture tager private minibusser de rejsende til Surat Thani p\u00e5 under to en halv time til en beskeden pris. Langs Andamankysten k\u00f8rer hvide songthaeos hver time mellem Krabi by, Maharaj Road og Ao Nang Junction, deres tagb\u00f8jler fyldt med rygs\u00e6kke og fiskest\u00e6nger.<\/p>\n<p>Ad vandet forbinder regelm\u00e6ssige f\u00e6rger Krabi med Ko Phi Phi, Ko Jum og Ko Lanta. De fleste afgange afg\u00e5r fra en moderne passagerhavn tre kilometer uden for bymidten og undg\u00e5r de \u00e6ldre moler, der henvendte sig til langsommere fart\u00f8jer. Rejsebureauer og hotelledskaber s\u00e6lger billetter, der ofte inkluderer songthaew-transport til molen; mere skarpe rejsende ved, at det kan spare penge at k\u00f8be billetter t\u00e6ttere p\u00e5 afgang. F\u00e6rgeplanerne er h\u00f8jere i h\u00f8js\u00e6sonen, mens planerne i lavs\u00e6sonen kan falde til kun to afgange om dagen.<\/p>\n<p>Inden for bygr\u00e6nsen tr\u00e6der to forskellige ansigter frem. Langs Highway 4 summer en stribe butikker langs vejen og sm\u00e5 indk\u00f8bscentre af rejsende, der leder efter snacks, SIM-kort og hurtige souvenirs. L\u00e6ngere inde, v\u00e6k fra trafikkens summen, \u00e5bner et intimt netv\u00e6rk af gader sig ud til caf\u00e9er og barer, hvor livebands spiller covernumre af vestlige hits. Her blander lokale familier sig med expats og backpackere, og tempoet falder til det rolige klik fra mok mok-telefoner og susen fra espressomaskiner. For en dybere f\u00f8lelse af sted bliver bes\u00f8gende ofte h\u00e6ngende i dette roligere kvarter, hvor de smager kokospandekager ved daggry eller nipper til urtete under bladene p\u00e5 et \u00e5rhundrede gammelt banyantr\u00e6.<\/p>\n<p>Kulturelle vartegn ligger en kort k\u00f8retur uden for bymidten. P\u00e5 toppen af \u200b\u200ben kalkstensbakke, cirka tre kilometer nord-nord\u00f8st, ligger Wat Tham Sua \u2013 ofte kaldet Tigerhuletemplet \u2013 halvt skjult i l\u00f8vet. Hulehelligdommen ved dens fod afsl\u00f8rer forgyldte Buddha-figurer opstillet op ad klippen, mens legenden insisterer p\u00e5, at en tiger engang strejfede rundt i disse huler. To trapper g\u00e5r op fra omr\u00e5det: den ene g\u00e5r 1.237 trin op til en Buddha p\u00e5 en bjergtop med panoramaudsigt over rismarker og kystlinje; den anden f\u00f8rer gennem en dal kendt som &#034;Wonderland&#034;, overs\u00e5et med mindre helligdomme og skovstier. Skilte advarer mod at fodre de fastboende aber, hvis adr\u00e6tte h\u00e6nder og lejlighedsvise bid tjener som p\u00e5mindelser om, at vildskab forts\u00e6tter her.<\/p>\n<p>T\u00e6ttere p\u00e5 byen, p\u00e5 Maharat Road, fanger Wat Kaew Korawarams hvidkalkede mure og fejende buer solen som elfenbenslys. Det blev f\u00f8rst f\u00e6rdiggjort i de seneste \u00e5rtier og fremkalder en lagdelt bryllupskage, der synes at gl\u00f8de mod en baggrund af palmeblade. Turistkort n\u00e6vner sj\u00e6ldent Dhara Massage and Spa, der ligger gemt v\u00e6k i en smal gyde ved Issara Road; alligevel roser lokale og de kyndige de grundige behandlinger, der leveres af to kvinder, hvis kompetencer og omsorg har givet dem en loyal fanskare.<\/p>\n<p>For en dybere fordybelse koster halvdags mangroveture omkring 1.500 til 2.500 baht og tager sm\u00e5 grupper gennem labyrintiske kanaler, hvor hejrer smyger sig langs blottede r\u00f8dder. Endagsb\u00e5dture - der sp\u00e6nder fra 1.000 til 3.000 baht afh\u00e6ngigt af fart\u00f8jstype - kombinerer bes\u00f8g p\u00e5 fire \u00f8er, herunder Hong og Phi Phi, og inkluderer normalt transport, frokost, frisk frugt og det grundl\u00e6ggende udstyr til snorkling og redningsveste. Guider uddeler t\u00f8rre tasker og s\u00f8rger for, at selv p\u00e5 speedb\u00e5dssejladser forbliver f\u00f8lelsen af \u200b\u200bintimitet med disse kalkstens\u00f8er uformindsket.<\/p>\n<p>N\u00e5r aftenen falder p\u00e5, lysner bymidtens barer op med livemusik og lavm\u00e6lt snak. Rocky Bar, der ligger over floden, har opn\u00e5et sit ry for aftenforestillinger og tiltr\u00e6kker skarer af b\u00e5de turister og thail\u00e6ndere. Andre ligger omkring udend\u00f8rscaf\u00e9er, hvor en kold Chang eller Singha d\u00e6mper dagens fugtighed. Samtalerne glider fra klatreture til prisen p\u00e5 f\u00e6rgebilletter, fra de bedste gadeboder til flyveplanen tilbage til Bangkok. I disse udvekslinger - p\u00e5 delte scootere eller ved borde under bambuslamper - afsl\u00f8rer Krabis essens sig: et sted, hvor historie og nutidens vandrere m\u00f8des, hvor flodens flow afspejler de ankomster og afgange, der definerer livet p\u00e5 Thailands vestbred.<\/p>","protected":false},"excerpt":{"rendered":"<p>Den charmerende kystby Krabi, hovedstaden i Krabi-provinsen i det sydlige Thailand, ligger 650 kilometer syd for Bangkok. Med 32.644 indbyggere i 2020 er denne blomstrende kommune hjemsted for mange mennesker. Beliggende p\u00e5 vestkysten, hvor Krabi-floden munder ud i Phang Nga-bugten, er Krabi en port til nogle af Thailands mest spektakul\u00e6re naturvidundere og er vokset til at blive en vital del af omr\u00e5dets turismedrevne \u00f8konomi.<\/p>","protected":false},"author":1,"featured_media":4579,"parent":15536,"menu_order":0,"comment_status":"closed","ping_status":"closed","template":"elementor_theme","meta":{"_eb_attr":"","footnotes":""},"class_list":["post-15595","page","type-page","status-publish","has-post-thumbnail"],"_links":{"self":[{"href":"https:\/\/travelshelper.com\/da\/wp-json\/wp\/v2\/pages\/15595","targetHints":{"allow":["GET"]}}],"collection":[{"href":"https:\/\/travelshelper.com\/da\/wp-json\/wp\/v2\/pages"}],"about":[{"href":"https:\/\/travelshelper.com\/da\/wp-json\/wp\/v2\/types\/page"}],"author":[{"embeddable":true,"href":"https:\/\/travelshelper.com\/da\/wp-json\/wp\/v2\/users\/1"}],"replies":[{"embeddable":true,"href":"https:\/\/travelshelper.com\/da\/wp-json\/wp\/v2\/comments?post=15595"}],"version-history":[{"count":0,"href":"https:\/\/travelshelper.com\/da\/wp-json\/wp\/v2\/pages\/15595\/revisions"}],"up":[{"embeddable":true,"href":"https:\/\/travelshelper.com\/da\/wp-json\/wp\/v2\/pages\/15536"}],"wp:featuredmedia":[{"embeddable":true,"href":"https:\/\/travelshelper.com\/da\/wp-json\/wp\/v2\/media\/4579"}],"wp:attachment":[{"href":"https:\/\/travelshelper.com\/da\/wp-json\/wp\/v2\/media?parent=15595"}],"curies":[{"name":"wp","href":"https:\/\/api.w.org\/{rel}","templated":true}]}}