{"id":15411,"date":"2024-09-20T23:46:15","date_gmt":"2024-09-20T23:46:15","guid":{"rendered":"https:\/\/travelshelper.com\/staging\/?page_id=15411"},"modified":"2026-03-11T18:34:23","modified_gmt":"2026-03-11T18:34:23","slug":"mongoliet","status":"publish","type":"page","link":"https:\/\/travelshelper.com\/da\/destinations\/asia\/mongolia\/","title":{"rendered":"Mongoliet"},"content":{"rendered":"<p>Mongoliet d\u00e6kker en stor del af det asiatiske indre, et suver\u00e6nt territorium p\u00e5 cirka 1.564.116 kvadratkilometer uden adgang til noget hav eller s\u00f8. Med en nordlig afgr\u00e6nsning af Rusland og syd og syd\u00f8st af Kina er det den st\u00f8rste indlandsnation, der ikke st\u00f8der op til et indre hav. Dets terr\u00e6n udfolder sig i store tr\u00e6k: b\u00f8lgende gr\u00e6sarealer str\u00e6kker sig over det centrale plateau, mens bjergk\u00e6der rejser sig mod nord og vest, og Gobi\u00f8rkenen - et gr\u00e6sningslandskab mere end et goldt sandhav - str\u00e6kker sig langs dets sydlige str\u00e6kninger. Med en samlet befolkning p\u00e5 knap over 3,5 millioner har Mongoliet rekorden for den laveste befolkningst\u00e6thed blandt uafh\u00e6ngige stater. Halvdelen af \u200b\u200bdets indbyggere bor i Ulaanbaatar, den koldeste hovedstad i verden, hvilket efterlader det resterende territorium bem\u00e6rkelsesv\u00e6rdigt \u00e5bent og tyndt beboet.<\/p>\n\n\n\n<p>Mongoliets \u00f8stligste spids ligger n\u00e6r 120\u00b0 \u00f8stlig l\u00e6ngdegrad og svarer nogenlunde til Hangzhou i Kina, mens den vestlige gr\u00e6nse n\u00e6rmer sig 87\u00b0 \u00f8stlig l\u00e6ngdegrad \u2013 n\u00e6sten samme l\u00e6ngdegrad som Kolkata. Landets breddegrad, fra cirka 41\u00b0 N til lige over 52\u00b0 N, placerer landet mellem parallellerne Rom og Berlin eller mellem Chicago og Saskatoon. Alligevel modsiger disse geografiske referencer de klimatiske ekstremer, der definerer livet p\u00e5 dette h\u00f8jplateau. Den \u00e5rlige nedb\u00f8r falder fra nord til syd, fra omkring 200-350 millimeter i de skovkl\u00e6dte h\u00f8jlande til s\u00e5 lavt som 40 millimeter i dele af Gobi. Vintrene bringer en ubarmhjertig sibirisk anticyklon, der driver temperaturerne i nogle dale til under -30 \u00b0C, mens somrene kan give intens varme og, uden for \u00f8rkenen, regnbyger.<\/p>\n\n\n\n<p>Mongoliets menneskelige historie str\u00e6kker sig tilbage gennem \u00e5rtusinder af nomadiske konf\u00f8derationer. F\u00f8r Djengis Khans fremgang i 1206 blev stepperne p\u00e5 forskellige tidspunkter styret af Xiongnu, Xianbei, Rouran og efterf\u00f8lgende tyrkiske og uyghuriske khaganater. Da Tem\u00fcjin - senere Djengis Khan - forenede mongolerne, satte han gang i skabelsen af \u200b\u200bdet, der skulle blive det st\u00f8rste sammenh\u00e6ngende landimperium i historien. Under hans barnebarn Kublai Khan faldt det egentlige Kina, og Yuan-dynastiet blev etableret. Efter Yuan-dynastiets sammenbrud i 1368 vendte mongolske fraktioner endnu engang tilbage til indbyrdes rivalisering, indtil Dayan Khans og Tumen Zasagt Khans \u00e6raer bragte relativ samh\u00f8righed i det sekstende \u00e5rhundrede.<\/p>\n\n\n\n<p>Det var ogs\u00e5 i det sekstende \u00e5rhundrede, at tibetansk buddhisme slog rod blandt mongolerne. Under Qing-dynastiets protektion, som absorberede Det Ydre Mongoliet i det syttende \u00e5rhundrede, blomstrede klosterinstitutioner: i begyndelsen af \u200b\u200bdet tyvende \u00e5rhundrede levede en ud af tre voksne m\u00e6nd som buddhistisk munk. Qing-dynastiets fald i 1911 \u00e5bnede op for en uafh\u00e6ngighedserkl\u00e6ring; fuld autonomi blev sikret i 1921, kun for at blive efterfulgt af etableringen af \u200b\u200ben sovjetisk-allieret socialistisk republik i 1924. Med den fredelige demokratiske revolution i 1990 og bekendtg\u00f8relsen af \u200b\u200ben ny forfatning to \u00e5r senere omfavnede Mongoliet et flerpartisystem og begyndte en overgang til en markeds\u00f8konomi.<\/p>\n\n\n\n<p>I dag lever omkring tredive procent af mongolerne en nomadisk eller semi-nomadisk tilv\u00e6relse. Heste er fortsat omdrejningspunktet for mobilitet og kultur; traditionelle filtgerer (kendt p\u00e5 engelsk som yurts) huser familier p\u00e5 farten, bundet til flokke af f\u00e5r, geder, kv\u00e6g, heste eller kameler. Selvom ger-templer udviklede sig til store klostre med mursten og bj\u00e6lker i det sekstende og syttende \u00e5rhundrede, forbliver den cylindriske form og filtbekl\u00e6dningen symbolet p\u00e5 mongolsk liv. Lamaserier begyndte ofte som klynger af gers, som senere udvidede sig til sekskantede eller tolvsidede haller d\u00e6kket af pyramideformede tage - tiln\u00e6rmelser af en gers kurve - f\u00f8r de udviklede firkantede baser og teltformede h\u00e6tter.<\/p>\n\n\n\n<p>Etnisk set er Mongoliet stort set homogent: etniske mongoler udg\u00f8r omkring 95 procent af befolkningen, hvor Khalkha-undergruppen tegner sig for 86 procent af dette flertal. Tyrkiske mindretal - herunder kasakhere og tuvaner - udg\u00f8r cirka fire en halv procent, mens russere, kinesere, koreanere og amerikanere danner mindre grupper. Sprogligt set er statssproget mongolsk, et medlem af den mongolske sprogfamilie, standardiseret efter Khalkha-dialekten. Kasakhisk dominerer i Bayan-\u00d6lgii aimag og tuvansk i dele af Kh\u00f6vsg\u00f6l. Siden 1940&#039;erne er mongolsk blevet skrevet med kyrillisk; efter den demokratiske overgang har der v\u00e6ret en beskeden genoplivning af den traditionelle vertikale skrift, som officielt blev genindf\u00f8rt i 2025 til juridisk og administrativ brug sammen med kyrillisk, selvom den daglige brug fortsat stort set er begr\u00e6nset til ceremonielle sammenh\u00e6nge.<\/p>\n\n\n\n<p>Religion i Mongoliet afspejler lag af tro: Vajrayana-buddhisme bekender sig til lidt over halvtreds procent af den voksne befolkning, mens fyrre procent identificerer sig som ikke-religi\u00f8se. Shamanistiske praksisser forts\u00e6tter som kulturelle substrater, og islam, prim\u00e6rt blandt etniske kasakhere, tegner sig for omkring tre procent. Sammenblandingen af \u200b\u200bbuddhistiske og shamanistiske ritualer forts\u00e6tter med at forme f\u00e6lles og individuelle ceremonier, fra s\u00e6sonbestemte ofringer til himmelbegravelser i fjerntliggende dale.<\/p>\n\n\n\n<p>Mongoliets \u00f8konomi tr\u00e6kker p\u00e5 sin pastorale arv og sine mineralrigdomme. Hyrdedrift og landbrug repr\u00e6senterer tilsammen omkring seksten procent af BNP; minedrift - med fokus p\u00e5 kobber, kul, molybd\u00e6n, tin, wolfram og guld - bidrager med omkring 22 procent. Cashmereproduktion alene tegner sig for en femtedel af verdens r\u00e5produktion. Engros- og detailhandel, serviceydelser, transport, opbevaring og fast ejendom udg\u00f8r ogs\u00e5 betydelige andele i den \u00f8konomiske sammens\u00e6tning. Men sidel\u00f8bende med disse formelle sektorer gennemsyrer en uformel \u00f8konomi - ansl\u00e5et til at svare til mindst en tredjedel af det officielle BNP - livet i landdistrikter og byer.<\/p>\n\n\n\n<p>Nationens udenrigshandel er st\u00e6rkt orienteret mod Kina, som absorberer n\u00e6sten firs procent af eksporten, mens det leverer lidt over en tredjedel af importen. I 2023 n\u00e5ede Mongoliets reelle BNP-v\u00e6kst syv procent, hovedsageligt drevet af rekordh\u00f8j kulproduktion til det kinesiske marked; lavere globale f\u00f8devare- og br\u00e6ndstofomkostninger bidrog til at d\u00e6mpe inflationen til omkring syv procent i begyndelsen af \u200b\u200b2024. Trods en robust stigning i importm\u00e6ngderne blev der registreret et overskud p\u00e5 betalingsbalancen, selvom fald i r\u00e5varepriserne kan \u00e6ndre balancen i de kommende \u00e5r. Verdensbanken anser Mongoliets mellemfristede udsigter for lovende, d\u00e6mpet af inflationspres, udsving i den eksterne eftersp\u00f8rgsel og finanspolitiske risici knyttet til eventualforpligtelser. If\u00f8lge Asian Development Bank levede omkring syvogtyve procent af mongolerne under den nationale fattigdomsgr\u00e6nse i 2022, mens BNP pr. indbygger l\u00e5 p\u00e5 n\u00e6sten tolv tusind amerikanske dollars.<\/p>\n\n\n\n<p>Finansiel infrastruktur omfatter den mongolske b\u00f8rs, der blev etableret i 1991. Fra 2024 er den noteret omkring 180 virksomheder med en samlet markedsv\u00e6rdi p\u00e5 cirka 3,2 milliarder amerikanske dollars. International Finance Corporation rangerer Mongoliet som nummer 81 globalt for at lette forretningsdriften. Kredit- og banktjenester er koncentreret i Ulaanbaatar og udvalgte provinsielle centre, hvilket efterlader mange regionale samfund afh\u00e6ngige af uformel l\u00e5ngivning eller byttehandel.<\/p>\n\n\n\n<p>Transport\u00e5rer krydser landets uendelighed. Den transmongolske jernbane forbinder den transsibiriske linje ved Ulan-Ude i Rusland, l\u00f8ber gennem Ulaanbaatar og forts\u00e6tter sydp\u00e5 for at forbinde sig med kinesiske jernbanenetv\u00e6rk ved Erenhot. En separat godstogsforbindelse fra Tavan Tolgoi-kulfelterne til den kinesiske gr\u00e6nse str\u00e6kker sig over omkring 233 kilometer. Veje uden for Ulaanbaatars asfalterede korridorer tenderer mod grus eller simple spor; asfalterede ruter str\u00e6kker sig vestp\u00e5 og \u00f8stp\u00e5 langs Millennium Road, til den russiske og kinesiske gr\u00e6nse og mellem st\u00f8rre byer. Vejbygningsprojekter sigter mod at forbedre forbindelsen, men der findes kun omkring 4.800 kilometer asfalteret vej, hvoraf 1.800 kilometer blev f\u00e6rdiggjort alene i 2013.<\/p>\n\n\n\n<p>Flyrejser d\u00e6kker b\u00e5de indenlandske og internationale behov. Chinggis Khaan International Airport, omkring 52 kilometer syd for Ulaanbaatar, er den prim\u00e6re lufthavn. Direkte flyvninger forbinder Mongoliet med Sydkorea, Kina, Thailand, Hongkong, Japan, Rusland, Tyskland og Tyrkiet. MIAT Mongolian Airlines driver internationale ruter; flyselskaber som Aero Mongolia og Hunnu Airlines tilbyder indenlandske og regionale tjenester.<\/p>\n\n\n\n<p>Administrativt er Mongoliet opdelt i 21 aimags (provinser) og \u00e9n provinskommune, Ulaanbaatar. Hver aimag best\u00e5r af flere soums (underprovinser), typisk mellem femten og 22 pr. provins. Kulturelt og geografisk kan landet opdeles i fem regioner: Centralmongoliet (omfattende Ulaanbaatar og Arkhangai), \u00d8stmongoliet (steppens hjerte og Djengis Khans f\u00f8dested), Gobi, Nordmongoliet (skovkl\u00e6dte h\u00f8jder og Kh\u00f6vsg\u00f6l-s\u00f8en) og Vestmongoliet (forskellige stammer omkring Uvs-s\u00f8en og Tavan Bogd-massivet).<\/p>\n\n\n\n<p>Tavan Bogd-massivet i Mongoliets yderste vest n\u00e5r sit h\u00f8jdepunkt ved Kh\u00fciten-toppen (4.374 m). I n\u00e6rheden ligger Uvs-s\u00f8en og dens omkringliggende bassin \u2013 som deles med Republikken Tuva i Rusland \u2013 p\u00e5 UNESCOs verdensarvsliste. Kh\u00f6vsg\u00f6l-s\u00f8en, et enormt ferskvandsomr\u00e5de i nord, byder p\u00e5 alpint landskab og er hjemsted for unikke akvatiske arter s\u00e5som den sibiriske reje. Floderne Onon og Kherlen, Amur-bassinets \u00f8stlige bifloder, er hjemsted for den \u00f8stlige b\u00e6klampret samt Daur-krebs og perle\u00f8sters. Episoder med ekstrem kulde, lokalt kendt som zud, decimerer med j\u00e6vne mellemrum husdyr, hvilket understreger gr\u00e6sningsarealernes skr\u00f8belighed og de \u00f8konomiske udfordringer ved pastoralisme.<\/p>\n\n\n\n<p>Mongoliets flag b\u00e6rer Soyombo-symbolet: et stiliseret ild-og-sol-emblem, der repr\u00e6senterer sol, m\u00e5ne, stjerner og himmel, hentet fra buddhistisk kosmologi. Dette ikon vises ogs\u00e5 p\u00e5 d\u00f8r\u00e5bninger, i pengesedler og offentlige bygninger. Apropos penge, cirkulerer den mongolske t\u00f6gr\u00f6g (ISO-kode MNT, tegn \u20ae) i v\u00e6rdi fra 1 til 20.000. Uden for landet er udenlandsk valuta for t\u00f6gr\u00f6g sj\u00e6lden; rejsende r\u00e5des til at medbringe amerikanske dollars til st\u00f8rre udgifter, selvom t\u00f6gr\u00f6g med sm\u00e5 v\u00e6rdier stadig er afg\u00f8rende for transaktioner i landdistrikterne.<\/p>\n\n\n\n<p>Kulinariske praksisser afspejler klimaet og hyrde\u00f8konomien. Mejeriprodukter - byaslag (frisk ost), \u00f6r\u00f6m (fl\u00f8deskum) og aaruul (t\u00f8rrede ostemasse) - og k\u00f8d dominerer kosten. Buuz (dampede k\u00f8dboller), khuushuur (friturestegte fladbr\u00f8d fyldt med k\u00f8d) og tsuivan (wokrede nudler med k\u00f8d) udg\u00f8r de urbane basisf\u00f8devarer, der hver koster et par tusinde t\u00f6gr\u00f6g. Landlige hyrder kan tilberede boodog, en ged- eller murmeldyrsteg tilberedt i dyrets skind ved hj\u00e6lp af opvarmede sten, eller khorkhog, hvor f\u00e5rek\u00f8d, gr\u00f8ntsager og varme sten simrer i en lukket kedel over \u00e5ben ild. Airag - fermenteret hoppem\u00e6lk - er den traditionelle drik, mens arkhi - destilleret m\u00e6lkelik\u00f8r - tjener b\u00e5de medicinske og sociale funktioner. Mongolske vodka-m\u00e6rker som Chinggis Khaan, Soyombo og Golden Chinggis er bredt tilg\u00e6ngelige, ligesom importerede og lokale \u00f8l.<\/p>\n\n\n\n<p>Turister st\u00f8der p\u00e5 f\u00e5 formelle veje uden for st\u00f8rre byer; rejser over land involverer ofte k\u00f8rsel p\u00e5 tv\u00e6rs af \u00e5ben steppe, ridning, kamelkaravaner i Gobi eller endda at genspore dele af den gamle Silkevej. Indkvartering sp\u00e6nder fra gerlejre n\u00e6r Ulaanbaatar til enkle logi i provinsbyer, hvor mange rejsende v\u00e6lger at overnatte hos nomadefamilier - en chance for at dele m\u00e5ltider af kogt f\u00e5rek\u00f8d og m\u00e6lkete og v\u00e6re vidne til strubesang, \u00f8rnejagt eller shamanistiske ceremonier. Naturentusiaster kan s\u00f8ge efter Przewalskis hest i Khustain Nuruu Nationalpark, den sibiriske stenbuk i Altai Tavan Bogd eller fugletr\u00e6k ved Uvs Nuur.<\/p>\n\n\n\n<p>Sikkerhedshensyn omfatter uforudsigeligt vejr, is\u00e6r om vinteren, og vagthunde, der strejfer omkring i landdistrikter. Manglende kloakd\u00e6ksler i byomr\u00e5der og peri-urbane omr\u00e5der udg\u00f8r skjulte farer, is\u00e6r n\u00e5r sigtbarheden er d\u00e5rlig. Bes\u00f8gende b\u00f8r respektere lokale f\u00f8lsomheder, is\u00e6r en udtalt anti-Kina-stemning: henvisninger til Indre Mongoliet som Sydmongoliet eller kritik af kinesisk politik kan v\u00e6re forn\u00e6rmende.<\/p>\n\n\n\n<p>Mongoliet er fortsat et af de sidste \u00e5bne omr\u00e5der, hvor nomadiske traditioner lever videre i stor skala. Dets tinder og \u00f8rkener, dets stepper med r\u00f8dder og dets by, der er halvt fortabt i vinterens inversionslag, danner tilsammen en nation, der b\u00e5de er gammel og tilpasningsdygtig, formet af klima, erobring og steppens modstandsdygtige kulturer. Her, under &#034;Landet med den bl\u00e5 himmel&#034;, sameksisterer moderne forh\u00e5bninger og \u00e6ldgamle rytmer i et landskab, der er lige s\u00e5 formidabelt, som det er enormt.<\/p>","protected":false},"excerpt":{"rendered":"<p>Mongoliet, beliggende i \u00d8stasien, er en indlandsstat med en befolkning p\u00e5 3,5 millioner. Det udm\u00e6rker sig ved at v\u00e6re verdens tyndest befolkede suver\u00e6ne stat, der omfatter et stort omr\u00e5de p\u00e5 1.564.116 kvadratkilometer. Dette vidtstrakte land, beliggende mellem Rusland i nord og Kina i syd, har et varieret terr\u00e6n, der omfatter gr\u00e6skl\u00e6dte stepper, bjergrige omr\u00e5der og den ber\u00f8mte Gobi-\u00f8rken. Mongoliet, det st\u00f8rste land uden adgang til et lukket hav, fremviser en markant geografisk profil, der har p\u00e5virket dets historie, kultur og udvikling.<\/p>","protected":false},"author":1,"featured_media":4234,"parent":24063,"menu_order":0,"comment_status":"closed","ping_status":"closed","template":"elementor_theme","meta":{"_eb_attr":"","footnotes":""},"class_list":["post-15411","page","type-page","status-publish","has-post-thumbnail"],"_links":{"self":[{"href":"https:\/\/travelshelper.com\/da\/wp-json\/wp\/v2\/pages\/15411","targetHints":{"allow":["GET"]}}],"collection":[{"href":"https:\/\/travelshelper.com\/da\/wp-json\/wp\/v2\/pages"}],"about":[{"href":"https:\/\/travelshelper.com\/da\/wp-json\/wp\/v2\/types\/page"}],"author":[{"embeddable":true,"href":"https:\/\/travelshelper.com\/da\/wp-json\/wp\/v2\/users\/1"}],"replies":[{"embeddable":true,"href":"https:\/\/travelshelper.com\/da\/wp-json\/wp\/v2\/comments?post=15411"}],"version-history":[{"count":0,"href":"https:\/\/travelshelper.com\/da\/wp-json\/wp\/v2\/pages\/15411\/revisions"}],"up":[{"embeddable":true,"href":"https:\/\/travelshelper.com\/da\/wp-json\/wp\/v2\/pages\/24063"}],"wp:featuredmedia":[{"embeddable":true,"href":"https:\/\/travelshelper.com\/da\/wp-json\/wp\/v2\/media\/4234"}],"wp:attachment":[{"href":"https:\/\/travelshelper.com\/da\/wp-json\/wp\/v2\/media?parent=15411"}],"curies":[{"name":"wp","href":"https:\/\/api.w.org\/{rel}","templated":true}]}}