{"id":15389,"date":"2024-09-20T23:31:15","date_gmt":"2024-09-20T23:31:15","guid":{"rendered":"https:\/\/travelshelper.com\/staging\/?page_id=15389"},"modified":"2026-03-11T18:34:34","modified_gmt":"2026-03-11T18:34:34","slug":"myanmar","status":"publish","type":"page","link":"https:\/\/travelshelper.com\/da\/destinations\/asia\/myanmar\/","title":{"rendered":"Myanmar"},"content":{"rendered":"<p>Myanmar, officielt Republikken Unionen Myanmar og l\u00e6nge kendt p\u00e5 engelsk som Burma indtil 1989, d\u00e6kker et stort omr\u00e5de af det syd\u00f8stlige Asien. Landet str\u00e6kker sig fra Bengalbugten og Andamanhavet i sydvest til bjergk\u00e6derne, der gr\u00e6nser op til Kina i nord\u00f8st, og dets 678.500 kvadratkilometer omfatter tropiske kystlinjer, frugtbare floddale og t\u00e5rnh\u00f8je tinder. Med en befolkning p\u00e5 n\u00e6sten 55 millioner ligger landets hovedstad, Naypyidaw, i det geografiske hjerte af en nation, hvis st\u00f8rste by, Yangon, bevarer ekkoerne af kolonial storhed sammen med forgyldte buddhistiske pagoder.<\/p>\n\n\n\n<p>Myanmars terr\u00e6n er opdelt af en r\u00e6kke nord-sydg\u00e5ende bjergk\u00e6der, der f\u00f8lger den \u00f8stlige periferi af det indiske subkontinent. Mod vest adskiller Rakhine Yoma kyststriben fra de indre sletter; l\u00e6ngere mod \u00f8st begr\u00e6nser Bago Yoma og Shan Hills flodsystemerne Irrawaddy og Salween til adskilte korridorer. Hkakabo Razi, i den nordligste del af Kachin-staten, h\u00e6ver sig til 5.881 meter og markerer landets tag og et knudepunkt mellem det \u00f8stlige Himalaya og Hengduan-bjergene. Disse h\u00f8jlande f\u00f8der floderne Irrawaddy, Salween (Thanlwin) og Sittaung, hvis dale n\u00e6rer st\u00f8rstedelen af \u200b\u200bbefolkningen og giver rismarkerne, der har underst\u00f8ttet successive burmesiske regeringer.<\/p>\n\n\n\n<p>Kystregionerne oplever monsunskyl p\u00e5 over 5.000 millimeter \u00e5rligt, mens den centrale t\u00f8rre zone ser mindre end 1.000 millimeter. Temperaturerne varierer fra milde 21 \u00b0C i det nordlige h\u00f8jland til h\u00f8je temperaturer over 32 \u00b0C i deltaet. Urolige tektoniske kr\u00e6fter definerer ogs\u00e5 omgivelserne: Sagaing-forkastningen, en gr\u00e6nse mellem den indiske og eurasiske plade, har for\u00e5rsaget jordsk\u00e6lv p\u00e5 op til 8 p\u00e5 magnituden, hvilket g\u00f8r Myanmar til en af \u200b\u200bverdens mest seismisk aktive nationer.<\/p>\n\n\n\n<p>De tidligste bycentre i Myanmar opstod som to adskilte civilisationsstrenge. I nord blomstrede tibeto-burmansktalende Pyu-bystater langs Irrawaddy-floden allerede fra det andet \u00e5rhundrede e.Kr. Mod syd etablerede Mon-folket kongeriger, hvis handelsnetv\u00e6rk n\u00e5ede Bengalbugten. I det 9. \u00e5rhundrede startede b\u00f8lger af Bamar-migration ind i den \u00f8vre dal en proces, hvorved burmesisk sprog, kultur og Theravada-formen af \u200b\u200bbuddhisme gradvist opn\u00e5ede forrang. Det hedenske kongerige, grundlagt i midten af \u200b\u200bdet 11. \u00e5rhundrede, bestilte tusindvis af templer p\u00e5 sin hovedstadsslette og etablerede en kulturel skabelon, der fortsatte l\u00e6nge efter, at mongolske invasioner i slutningen af \u200b\u200bdet 13. \u00e5rhundrede splittede den centrale autoritet.<\/p>\n\n\n\n<p>I de f\u00f8lgende \u00e5rhundreder k\u00e6mpede rivaliserende stater om overherred\u00f8mmet, indtil Taungoo-dynastiets fremkomst i det 16. \u00e5rhundrede kortvarigt svejsede det meste af det nuv\u00e6rende Myanmar ind i Syd\u00f8stasiens st\u00f8rste imperium. I begyndelsen af \u200b\u200bdet 19. \u00e5rhundrede udvidede Konbaung-dynastiet sin magt ud over Irrawaddy-bassinet til Assam, Manipur og Lushai-bakkerne. Alligevel gjorde successive nederlag i tre anglo-burmesiske krige i sidste ende Myanmar til en besiddelse af det britiske East India Company og senere en provins i Britisk Indien.<\/p>\n\n\n\n<p>Under kolonistyret blev Burmas landbrugs\u00f8konomi omstruktureret til at forsyne de globale markeder med ris og teak. Indf\u00f8relsen af \u200b\u200bet vestligt uddannelsessystem sameksisterede med mission\u00e6rindsatsen og v\u00e6ksten af \u200b\u200ben middelklasse i byerne, is\u00e6r i Yangon (dengang Rangoon). Anden Verdenskrigs forstyrrelser medf\u00f8rte en kort japansk bes\u00e6ttelse (1942-45), hvorefter de allierede styrker generobrede territoriet. Den 4. januar 1948 erkl\u00e6rede Burma uafh\u00e6ngighed under Burmas uafh\u00e6ngighedslov, hvilket indf\u00f8rte et parlamentarisk system, der kun ville vare indtil 1962.<\/p>\n\n\n\n<p>En periode med ustabilitet efter krigen kulminerede i general Ne Wins statskup i 1962. Det nye Burma Socialist Program Party indf\u00f8rte isolationistisk \u00f8konomisk politik og undertrykte uenighed, idet det v\u00e6vede milit\u00e6r kommando ind i alle institutionelle strukturer. 8888-opstanden i august 1988 oplevede landsd\u00e6kkende protester, efterfulgt af endnu en nedk\u00e6mpelse og etablering af State Law and Order Restoration Council (SLORC). Selvom en nominel overgang til flerpartivalg fandt sted i 1990, n\u00e6gtede milit\u00e6ret at opgive magten. I de efterf\u00f8lgende \u00e5rtier mangedobledes etniske opr\u00f8r, hvilket resulterede i en af \u200b\u200bde l\u00e6ngstvarende borgerkrige i verden. Rapporter fra FN og menneskerettighedsorganisationer har dokumenteret systematiske overgreb mod civile, is\u00e6r blandt Karen-, Kachin- og Shan-samfundene.<\/p>\n\n\n\n<p>En antydning af reform viste sig efter et valg i 2010: Milit\u00e6rjuntaen blev opl\u00f8st i 2011, politiske fanger blev l\u00f8sladt, og valget i 2015 bragte Aung San Suu Kyis National League for Democracy (NLD) til magten. Internationale sanktioner blev lempet, men regeringens h\u00e5ndtering af det muslimske Rohingya-mindretal i Rakhine-staten genererede ny ford\u00f8mmelse og flygtningestr\u00f8mme. NLD sikrede sig endnu et mandat i 2020, kun for at blive v\u00e6ltet ved et kup den 1. februar 2021. Tatmadaw tilbageholdt Aung San Suu Kyi under anklager, der i vid udstr\u00e6kning blev anset for politisk motiverede, og udbredte anti-junta-protester blev m\u00f8dt med d\u00f8delig magt. Kuppet genoplivede v\u00e6bnede konflikter og fordrev mere end 600.000 mennesker internt; pr. december 2024 var over 3,5 millioner internt fordrevne og 1,3 millioner registreret som flygtninge eller asylans\u00f8gere.<\/p>\n\n\n\n<p>Myanmars interne geografi er kodificeret i syv regioner (overvejende Bamar) og syv stater (hjemsted for store etniske grupper). Disse niveauer er opdelt i 63 distrikter, 324 townships, over 300 byer og landsbyer og mere end 65.000 landsbyer. Irrawaddy-deltaregionen - Ayeyarwady-regionen - best\u00e5r af seks distrikter og underst\u00f8tter risdyrkning p\u00e5 tv\u00e6rs af flade v\u00e5domr\u00e5der. I mods\u00e6tning hertil indeholder Shan-staten, den st\u00f8rste efter areal, elleve distrikter og over 15.000 landsbyer, mange beliggende p\u00e5 toppen af \u200b\u200bShan-plateauet.<\/p>\n\n\n\n<p>Omkring 76 mennesker pr. kvadratkilometer befolker Myanmar, hvilket er blandt de laveste befolkningst\u00e6theder i Syd\u00f8stasien. Folket\u00e6llingen i 2014 registrerede lidt over 51 millioner indbyggere, eksklusive betydelige utallige befolkningsgrupper i konfliktzoner. Fertiliteten er faldet kraftigt i de seneste \u00e5rtier - fra 4,7 b\u00f8rn pr. kvinde i 1983 til omkring 2,2 i 2011 - drevet af forsinket \u00e6gteskab og adgang til familieplanl\u00e6gning. Som f\u00f8lge heraf forbliver over en fjerdedel af voksne i alderen 25-34 ugifte.<\/p>\n\n\n\n<p>Staten anerkender 135 etniske grupper, opdelt i mindst 108 etnolingvistiske kategorier. Fire store sprogfamilier sameksisterer: kinesisk-tibetansk (inklusive burmesisk, karen og kachin), tai-kadai (prim\u00e6rt shan), austroasiatisk (s\u00e5som mon og palaung) og indoeurop\u00e6isk (is\u00e6r pali for liturgi og engelsk). Burmesisk, skrevet med en rund skrift, der stammer fra mon og i sidste ende fra sydindiske alfabeter, er b\u00e5de modersm\u00e5l for bamar-flertallet (omkring 68 procent) og lingua franca for regering, medier og uddannelse.<\/p>\n\n\n\n<p>Theravada-buddhismen dominerer det spirituelle landskab: n\u00e6sten ni ud af ti borgere bekender sig til troen. Pagoder gennemborer enhver horisont - mest ber\u00f8mt er Shwedagon-pagoden i Yangon, forgyldt med hundredvis af guldplader. Klostre danner landsbykerner, hvor drenge typisk ordineres som novicemunke f\u00f8r de fylder tyve \u00e5r i et shinbyu-ritual; et mindretal g\u00e5r videre til fuld munkeskab. Sidel\u00f8bende med buddhistisk hengivenhed forts\u00e6tter animistiske traditioner gennem nat-tilbedelse - hyldest til et pantheon af 37 \u00e5nder, der er integreret i lokal praksis.<\/p>\n\n\n\n<p>Kristendom og islam findes i mindre enklaver, is\u00e6r blandt Kachin-, Chin- og Karen-minoriteterne, som ofte m\u00f8der hindringer i forbindelse med rekruttering til milit\u00e6ret og den offentlige sektor. Hinduistiske templer overlever kun marginalt, mens animistiske skikke pr\u00e6ger hverdagen, lige fra skyts\u00e5ndshelligdomme langs vejkanten til \u00e5rlige pagodefestivaler, der binder samfund sammen.<\/p>\n\n\n\n<p>Burmesisk kultur manifesterer sig i dens scenekunst. Yama Zatdaw, en oprindelig version af Ramayana, inkorporerer thailandske, mongolske og indiske p\u00e5virkninger og er fortsat det nationale epos. Traditionel musik byder p\u00e5 buede harper og bambusxylofoner; dansere opf\u00f8rer Jataka-fort\u00e6llinger i delikate, stiliserede bev\u00e6gelser. Litter\u00e6re v\u00e6rker tr\u00e6kker ofte p\u00e5 buddhistiske lignelser og folkelige fort\u00e6llinger og v\u00e6ver moralsk instruktion sammen med poetisk flair.<\/p>\n\n\n\n<p>Myanmar rummer nogle af Syd\u00f8stasiens mest intakte \u00f8kosystemer. Dets 64 landlige levesteder sp\u00e6nder over tropiske fugtige skove, v\u00e5domr\u00e5der i indlandet, kystmangrover og alpine enge. Over 16.000 plantearter og en rigdom af fauna - herunder mere end 1.100 fugle, 314 pattedyr og 293 krybdyr - finder et tilflugtssted her. Alligevel truer intensivering af arealanvendelsen og skovhugst n\u00e6sten halvdelen af \u200b\u200bdisse \u00f8kosystemer; en tredjedel af jorden er allerede overg\u00e5et til menneskeskabt brug i l\u00f8bet af de sidste to \u00e5rhundreder. Seismisk aktivitet, klima\u00e6ndringer og ekstreme monsunperioder forv\u00e6rrer milj\u00f8belastningen.<\/p>\n\n\n\n<p>I erkendelse af dette pres har Myanmar tilsluttet sig regionale bestr\u00e6belser p\u00e5 at udbrede vedvarende energi, is\u00e6r solenergi, som tilbyder det st\u00f8rste potentiale blandt nationerne i Greater Mekong. Partnerskaber med FN&#039;s milj\u00f8program og nationale agenturer resulterede i en national klimapolitik, der vejleder opgraderinger af infrastruktur, robuste landbrugsteknikker og reduktion af drivhusgasser. I 2015 formaliserede Verdensbanken en ramme for at udvide adgangen til elektricitet til seks millioner mennesker og forbedre sundhedsplejen for gravide kvinder og b\u00f8rn.<\/p>\n\n\n\n<p>Myanmar, et lager af naturrigdomme, producerer jade, \u00e6delsten, teak, olie og naturgas. Alligevel har \u00e5rtiers konflikt, korruption og underinvestering h\u00e6mmet udviklingen. I 2013 var det nominelle BNP p\u00e5 56,7 milliarder amerikanske dollars (221,5 milliarder amerikanske dollars pr. stk.), og i 2019 steg det til 76 milliarder amerikanske dollars. Indkomstuligheden er dog blandt de st\u00f8rste i verden, da milit\u00e6rt allierede kumpaner dominerer n\u00f8glesektorer. Yangon-b\u00f8rsen, der \u00e5bnede i 2014, symboliserer spirende kapitalmarkeder, men den uformelle \u00f8konomi - knyttet til smugling og ulovlig handel - er fortsat enorm.<\/p>\n\n\n\n<p>Myanmar indtager en central plads i Den Gyldne Trekant, kun overg\u00e5et af Afghanistan i opiumproduktion. Selvom opiumdyrkningen faldt efter 2015, voksede arealet i 2022 med en tredjedel og gav en potentiel produktion p\u00e5 n\u00e6sten 790 tons. Samtidig er Shan-staten blevet et knudepunkt for fremstilling af metamfetamin, med beslagl\u00e6ggelser af over 193 millioner tabletter registreret i for\u00e5ret 2020, sammen med pr\u00e6kursorer til kemikalier og udstyr. FN advarer om, at \u00f8konomisk forstyrrelse fra COVID-19 og politisk omv\u00e6ltning kan anspore til yderligere genoplivning af disse ulovlige industrier.<\/p>\n\n\n\n<p>Trods ustabile forhold tiltr\u00e6kker Myanmars kulturelle og naturlige rigdomme eventyrlystne rejsende. Flyrejser er den vigtigste indgangsport: direkte flyvninger er fortsat begr\u00e6nsede, selvom forbindelser via regionale knudepunkter forts\u00e6tter med at udvides. Der findes overlandskrydsninger mellem visse thailandske og kinesiske gr\u00e6nseovergange, men udenlandsk adgang er begr\u00e6nset og kan ofte \u00e6ndres. Turistvisa, interne rejsetilladelser og lejlighedsvise forbud mod perifere stater kr\u00e6ver omhyggelig planl\u00e6gning.<\/p>\n\n\n\n<p>Inden for tilladte zoner udfolder et v\u00e6ld af destinationer sig. Yangons koloniale arkitektur og den pragtfulde Shwedagon-pagode st\u00e5r side om side med travle markeder. Bagos buddhistiske templer, keramikv\u00e6rkstederne i Twante og pilgrimsstedet Kyaiktiyo - en gylden kampesten balanceret p\u00e5 en klippe - tilbyder dagsture fra den tidligere hovedstad. Inle-s\u00f8ens flydende landsbyer og den \u00e6teriske slette i Bagan med dens tusindvis af pagoder topper mange rejseplaner. Bjergstationer som Pyin U Lwin minder om k\u00f8lige retr\u00e6ter fra den britiske \u00e6ra; strandresorts ved Ngapali, Ngwe Saung og Mergui-\u00f8gruppen byder p\u00e5 sol og sand.<\/p>\n\n\n\n<p>De nordlige omr\u00e5der, fra Putaos forbjerge i Himalaya til Shan-statens vandrestier, lokker vandrere blandt bjergstammelandsbyerne. Ark\u00e6ologiske steder ved Mrauk U og Pyay afsl\u00f8rer tidlige epoker fra Pyu- og Rakhine-kongeriget. Alligevel kan h\u00f8jlandsgr\u00e6nser v\u00e6re forbudte gr\u00e6nser midt i igangv\u00e6rende konflikter, s\u00e5 opdaterede lokale r\u00e5d er uundv\u00e6rlige.<\/p>\n\n\n\n<p>Bes\u00f8gende skal v\u00e6re omhyggelige med at omg\u00e5 sociale normer. Beskeden p\u00e5kl\u00e6dning er obligatorisk i religi\u00f8se sammenh\u00e6nge: skuldre og kn\u00e6 d\u00e6kket, og fodt\u00f8j fjernet, f\u00f8r man g\u00e5r ind i et tempelomr\u00e5de. Begge k\u00f8n kan b\u00e6re longyi, en r\u00f8rformet sarong, der bindes forskelligt for m\u00e6nd og kvinder. Offentlige udtryk for hengivenhed er ekstremt sj\u00e6ldne; selv visitkort skal udveksles med h\u00f8jre h\u00e5nd st\u00f8ttet af venstre albue.<\/p>\n\n\n\n<p>Turister nyder ofte h\u00f8flig behandling; mange burmesere betragter udl\u00e6ndinge som &#034;bo&#034; (&#034;officer&#034;), et tilbagev\u00e6rende kolonialt udtryk. \u00c6ldste fortjener respektfulde tiltaler - U eller &#034;onkel&#034; for m\u00e6nd, Daw eller &#034;tante&#034; for kvinder. Samtaler om Rohingya-krisen, religi\u00f8se anliggender eller politik, is\u00e6r forholdet til Kina, b\u00f8r undg\u00e5s. Munke beder om dyb \u00e6rb\u00f8dighed: deres sk\u00e5le m\u00e5 aldrig indeholde penge, og almisser b\u00f8r tilbydes som mad f\u00f8r middag. Fotografering eller ber\u00f8ring af munke uden tilladelse overtr\u00e6der skikken og kan fremkalde kritik.<\/p>\n\n\n\n<p>Chinlone, Myanmars nationalsport, er typisk for den lokale fritid: spillerne kaster en rattanbold til fods og str\u00e6ber efter elegance snarere end konkurrence. Festivaler pr\u00e6ger \u00e5ret rundt og fejrer alt fra pagodejubil\u00e6er til landbrugscyklusser, der hver is\u00e6r styrker de f\u00e6lles b\u00e5nd gennem dans, musik og ritualer.<\/p>\n\n\n\n<p>Myanmars fort\u00e6lling er pr\u00e6get af skiftende konturer \u2013 geografiske, kulturelle og politiske. Landskaberne og befolkningerne vidner om \u00e5rhundreders interkulturel udveksling, dynastiske ambitioner og koloniale mellemspil. Dagens kampe om regeringsf\u00f8relse, rettigheder og ressourcer udspiller sig p\u00e5 baggrund af ekstraordin\u00e6r biodiversitet og dybt \u00e5ndeligt liv. Landets fremtid afh\u00e6nger af dets evne til at forene konkurrerende visioner: at udnytte sin ressourcerigdom til bred velstand, at bevare sine skr\u00f8belige \u00f8kosystemer og at skabe en social aftale, der omfavner dets utallige etniske identiteter. Trods alle sine udfordringer best\u00e5r Myanmar som et sted med sp\u00e6ndende kompleksitet og vedvarende h\u00e5b, der venter p\u00e5 de kapitler, der endnu ikke er skrevet.<\/p>","protected":false},"excerpt":{"rendered":"<p>Myanmar, formelt omtalt som Republikken Myanmars Union, er en syd\u00f8stasiatisk nation med en ansl\u00e5et befolkning p\u00e5 omkring 55 millioner individer. Myanmar, det st\u00f8rste land efter omr\u00e5de i det syd\u00f8stlige Asiens fastland, er strategisk beliggende, gr\u00e6nser op til Indien mod vest, Bangladesh mod sydvest, Kina mod nord\u00f8st, Laos og Thailand mod \u00f8st og syd\u00f8st, og Andamanhavet og Den Bengalske Bugt mod syd og sydvest.<\/p>","protected":false},"author":1,"featured_media":3074,"parent":24063,"menu_order":0,"comment_status":"closed","ping_status":"closed","template":"elementor_theme","meta":{"_eb_attr":"","footnotes":""},"class_list":["post-15389","page","type-page","status-publish","has-post-thumbnail"],"_links":{"self":[{"href":"https:\/\/travelshelper.com\/da\/wp-json\/wp\/v2\/pages\/15389","targetHints":{"allow":["GET"]}}],"collection":[{"href":"https:\/\/travelshelper.com\/da\/wp-json\/wp\/v2\/pages"}],"about":[{"href":"https:\/\/travelshelper.com\/da\/wp-json\/wp\/v2\/types\/page"}],"author":[{"embeddable":true,"href":"https:\/\/travelshelper.com\/da\/wp-json\/wp\/v2\/users\/1"}],"replies":[{"embeddable":true,"href":"https:\/\/travelshelper.com\/da\/wp-json\/wp\/v2\/comments?post=15389"}],"version-history":[{"count":0,"href":"https:\/\/travelshelper.com\/da\/wp-json\/wp\/v2\/pages\/15389\/revisions"}],"up":[{"embeddable":true,"href":"https:\/\/travelshelper.com\/da\/wp-json\/wp\/v2\/pages\/24063"}],"wp:featuredmedia":[{"embeddable":true,"href":"https:\/\/travelshelper.com\/da\/wp-json\/wp\/v2\/media\/3074"}],"wp:attachment":[{"href":"https:\/\/travelshelper.com\/da\/wp-json\/wp\/v2\/media?parent=15389"}],"curies":[{"name":"wp","href":"https:\/\/api.w.org\/{rel}","templated":true}]}}