{"id":15257,"date":"2024-09-20T20:15:15","date_gmt":"2024-09-20T20:15:15","guid":{"rendered":"https:\/\/travelshelper.com\/staging\/?page_id=15257"},"modified":"2026-03-11T19:09:36","modified_gmt":"2026-03-11T19:09:36","slug":"manila","status":"publish","type":"page","link":"https:\/\/travelshelper.com\/da\/destinations\/asia\/philippines\/manila\/","title":{"rendered":"Manila"},"content":{"rendered":"<p>Manila st\u00e5r p\u00e5 \u00e9n gang som Filippinernes politiske hjerte og et bevis p\u00e5 menneskelig vedholdenhed midt i ubarmhjertig forandring. Officielt betegnet som byen Manila, h\u00e6vder den status som hovedstad og er kun overg\u00e5et af Quezon City i befolkning - 1.846.513 sj\u00e6le registreret i 2020 - men den udg\u00f8r den t\u00e6ttest beboede juridiske bygr\u00e6nse p\u00e5 Jorden med over 43.600 mennesker pr. kvadratkilometer. Omkranset af Manila-bugten p\u00e5 Luzons vestkyst, rangerer den blandt Syd\u00f8stasiens rigeste regioner, og dens historie med handel, der str\u00e6kker sig over Stillehavet, markerer den som en af \u200b\u200bverdens oprindelige globale byer.<\/p>\n\n\n\n<p>Manilas kerne ligger oven p\u00e5 alluviale aflejringer fra Pasig-floden, hvis vand deler byen i en nordlig og en sydlig halvdel, f\u00f8r det l\u00f8ber ud i bugten. Gennem \u00e5rhundreder er kystlinjen blevet forskudt gennem omfattende landindvindingsprojekter - nogle realiseret, andre kun foresl\u00e5et - for at give plads til en metropol, der i 2013 kun d\u00e6kkede 42,88 kvadratkilometer. Fra 2017 lovede planer for n\u00e6sten 1.350 hektar nyt land langs havnefronten nye bolig- og erhvervsomr\u00e5der; milj\u00f8fork\u00e6mpere advarer dog om, at disse projekter kan bringe lokalsamfund, der allerede er s\u00e5rbare over for oversv\u00f8mmelser, i fare, selvom Filippinerne og Holland i f\u00e6llesskab udarbejder en masterplan for b\u00e6redygtig udvikling for Manila-bugten.<\/p>\n\n\n\n<p>L\u00e6nge f\u00f8r spanske galeoner sejlede mellem Acapulco og Intramuros, bevogtede et bef\u00e6stet tagalogisk styre ved navn Maynila denne bugt. Dens sidste hersker, Rajah Sulayman, faldt i 1571 ved Bangkusay Creek og banede dermed vejen for Miguel L\u00f3pez de Legazpi, der kunne etablere stenbef\u00e6stningen i Intramuros. Under spansk styre fungerede Manila som hovedstad i Ostindien, styret fra Mexico City, og blev en omdrejningspunkt i det f\u00f8rste uafbrudte netv\u00e6rk af global handel. I 1901 blev den landets f\u00f8rste charterby; i 1949 fik den autonomi under det reviderede charter for byen Manila.<\/p>\n\n\n\n<p>Inden for sine sn\u00e6vre rammer omfatter Manila 897 barangays grupperet i 100 statistiske zoner og seks kongresdistrikter. Distrikt I (441.282 indbyggere) str\u00e6kker sig over den vestlige del af Tondo, der engang husede den vidtstrakte losseplads Smokey Mountain og nu husede mellemstore boliger, samt byens vigtigste nordlige havneterminaler. Distrikt II (212.938) d\u00e6kker det \u00f8stlige Tondo og omfatter Divisorias labyrintiske markedsgader. Manilas centrum - Binondo, Quiapo, San Nicolas og Santa Cruz - danner Distrikt III (220.029), hvor Binondo g\u00f8r krav p\u00e5 titlen som verdens \u00e6ldste Chinatown. Sampaloc og &#034;Universitetsb\u00e6ltet&#034; danner anker for Distrikt IV (277.013), der huser University of Santo Tomas, Asiens \u00e6ldste eksisterende universitet grundlagt i 1611. Distrikt V (395.065) indeholder selve Intramuros, sammen med Ermita og Malate, afbrudt af den UNESCO-listede San Agustin-kirke og Manila-katedralen. Endelig str\u00e6kker Distrikt VI (300.186) sig til Santa Ana, hvor kirker og herreg\u00e5rde fra det attende \u00e5rhundrede minder om roligere tider.<\/p>\n\n\n\n<p>Manila, der klamrer sig til \u00e6kvator, oplever h\u00f8j varme \u00e5ret rundt, hvor temperaturen sj\u00e6ldent falder til under 19 \u00b0C eller stiger til over 39 \u00b0C. En kort t\u00f8rkeperiode fra december til april giver plads til en langvarig v\u00e5d s\u00e6son \u2013 tyfons\u00e6sonen str\u00e6kker sig fra juni til september \u2013 og nedb\u00f8ren, omend intens, varer sj\u00e6ldent ved hele dagen. Men p\u00e5 trods af at v\u00e6re en del af en region ber\u00f8mt for biodiversitet \u2013 fra mangrover til koralrev \u2013 er de gr\u00f8nne omr\u00e5der i bynettet stadig sparsomme. I 2007 tilb\u00f8d Manila kun 4,5 m\u00b2 parkareal pr. person, langt under WHO&#039;s anbefaling p\u00e5 9 m\u00b2. Arroceros Forest Park, en 2,2 hektar stor enklave af hjemmeh\u00f8rende tr\u00e6er og fuglehabitater ved siden af \u200b\u200bPasig, forbliver byens &#034;sidste lunge&#034;.<\/p>\n\n\n\n<p>I 1905 s\u00f8gte Daniel Burnhams plan, City Beautiful, at p\u00e5l\u00e6gge det gamle spanske kvarter brede all\u00e9er og formelle pladser. Alligevel udslettede \u00f8del\u00e6ggelserne i 1945, hvor japanske og amerikanske styrker j\u00e6vnede en stor del af det bebyggede milj\u00f8, mange af disse forh\u00e5bninger. Intramuros led alvorlige tab; kun en h\u00e5ndfuld strukturer kunne rekonstrueres. I dag blander moderne h\u00f8jhuse sig med den muromkransede bys restaurerede katedraler, mens fortalere for kulturarv presser p\u00e5 for at rehabilitere Escolta-gadens neoklassiske facader og genoplive glemte koloniale perler. Arkitekter fra den spanske \u00e6ra udt\u00e6nkte &#034;jordsk\u00e6lvsbarok&#034;-former - tykke mure og lave profiler - der engang modarbejdede seismiske omv\u00e6ltninger; moderne bestemmelser kr\u00e6ver nu modstandsdygtighed op til jordsk\u00e6lv med en styrke p\u00e5 8,2.<\/p>\n\n\n\n<p>Manilas indbyggere afspejler \u00e5rhundreders sammenblanding. Mens 72,7 procent af de unders\u00f8gte individer udviser \u00f8st-, syd- eller syd\u00f8stasiatiske tr\u00e6k, bem\u00e6rker antropologiske studier afrikansk blanding (4,5 procent), europ\u00e6iske (2,7 procent), indf\u00f8dte amerikanske (7,3 procent) og spansktalende r\u00f8dder (12,7 procent). Byen er fortsat overvejende kristen; fra 2010 identificerer 93,5 procent af indbyggerne sig som romersk-katolske. Alligevel gennemsyrer ekkoer af islamiske, buddhistiske og indf\u00f8dte overbevisninger Manilas festivaler og samfundsritualer.<\/p>\n\n\n\n<p>Som landets f\u00f8rende centrum for finans, detailhandel, turisme, medier og serviceydelser er Manila v\u00e6rt for omkring 60.000 virksomheder. BNP, der er ansl\u00e5et til \u20b1987,88 milliarder i 2023, bidrager med 15 procent af Metro Manilas \u00f8konomiske produktion. Det Nationale Konkurrencer\u00e5d rangerer byen konsekvent blandt landets tre bedste byer, en status der stammer fra robust infrastruktur, dynamisk forvaltning og effektive offentlige tjenester. Turisme alene tiltr\u00e6kker over en million bes\u00f8gende hvert \u00e5r, der er ivrige efter at udforske Intramuros, Rizal Park, Binondo og mere.<\/p>\n\n\n\n<p>Rizal Park, der str\u00e6kker sig over 58 hektar, mindes henrettelsen af \u200b\u200bFilippinernes nationalhelt og markerer &#034;Kilometer Zero&#034; for vejafstande landsd\u00e6kkende. Intramuros&#039; smalle gader f\u00f8rer bes\u00f8gende forbi den restaurerede katedral og \u00e5rhundredgamle klostre, ofte med hestetrukne calesaer. Binondos blanding af kinesiske templer, buer og nudelhuse tilbyder en levende kr\u00f8nike om k\u00f8bmandsfamilier, hvis forf\u00e6dre ankom i 1521. Museer - fra National Museum Complex i Rizal Park til specialiserede steder som Bahay Tsinoy og Intramuros Light and Sound Museum - sporer kunst, antropologi og revolution\u00e6r historie.<\/p>\n\n\n\n<p>Manilas gader b\u00e6rer pr\u00e6g af efterkrigstidens opfindsomhed: jeepneys, der er tilpasset fra overskydende amerikanske milit\u00e6rjeeps, er fortsat et allestedsn\u00e6rv\u00e6rende syn sammen med deres moderne el-trike-erstatninger. Trehjulede cykler og cykeltaxier k\u00f8rer gennem smallere baner; h\u00e5ndtrukne sporvogne suser langs nedlagte jernbanelinjer i rystende, uregulerede str\u00e6kninger. LRT-systemet - linje 1 og 2 - var pioner inden for bybaner i Syd\u00f8stasien i 1970&#039;erne og forts\u00e6tter sin fasede udvidelse. En enkelt pendlerbane forbinder Tutuban station med Laguna-provinsen, mens Pasig River Ferry tilbyder en alternativ flodrute. Alligevel er trafikpropperne stadig berygtede; TomTom rangerede Manila som nummer to globalt for trafikk\u00f8er i 2019, og successive infrastrukturplaner - fra nye viadukter til nord-syd-pendlerbanen - har endnu ikke givet afhj\u00e6lpning, der svarer til eftersp\u00f8rgslen.<\/p>\n\n\n\n<p>Hyppige tyfoner, voldsomme jordsk\u00e6lv og stigende havniveauer g\u00f8r Manila til en af \u200b\u200bverdens mest katastroferamte byer, men den er ogs\u00e5 blandt Syd\u00f8stasiens hurtigst voksende bycentre. Regeringsinitiativer, s\u00e5som Metro Manila Dream Plan fra 2014, prioriterer projekter frem til 2030 for at styrke transport, boliger og milj\u00f8m\u00e6ssig modstandsdygtighed. Landgenvinding, omend kontroversiel, sigter mod at levere h\u00e5rdt tiltr\u00e6ngt ejendom, mens distributionsprogrammer for el-trikes s\u00f8ger at modernisere lokal transport p\u00e5 en b\u00e6redygtig m\u00e5de.<\/p>\n\n\n\n<p>At betragte Manila udelukkende gennem trafikpropper, forurening eller historisk \u00f8del\u00e6ggelse er at g\u00e5 glip af dens vedvarende karakter. I dens sammenfiltrede gyder og skinnende t\u00e5rne \u200b\u200bligger historier om imperium og modstand, om genial tilpasning og kulturel fusion. Selve byen ligger m\u00e5ske i udkanten af \u200b\u200ben multipolar storbyudbredelse - Quezon City og Makati overskygger den ofte i handel og natteliv - men Manila forbliver vuggen for den filippinske kulturarv. Dens kirker, forf\u00e6drehuse, museer og parker indbyder til en dybere forst\u00e5else af en nations fort\u00e6lling. De, der stopper op midt i travlheden, kan f\u00e5 \u00f8je p\u00e5 det subtile samspil mellem fortid og nutid, der definerer dette sted: en by, der insisterer p\u00e5 at blive beboet i, snarere end blot observeret.<\/p>","protected":false},"excerpt":{"rendered":"<p>Manila, Filippinernes hovedstad og n\u00e6stmest folkerige by, har en befolkning p\u00e5 1.846.513 i 2020, hvilket g\u00f8r den til den mest t\u00e6tte beboede by p\u00e5 verdensplan med 71.263 indbyggere per kvadratkilometer. Denne livlige by, beliggende p\u00e5 den \u00f8stlige kyst af Manila Bay p\u00e5 Luzon Island, har en dyb historie og en aktiv nutid, der etablerer den som et centralt knudepunkt for filippinsk kultur, forretning og administration.<\/p>","protected":false},"author":1,"featured_media":2913,"parent":15241,"menu_order":0,"comment_status":"closed","ping_status":"closed","template":"elementor_theme","meta":{"_eb_attr":"","footnotes":""},"class_list":["post-15257","page","type-page","status-publish","has-post-thumbnail"],"_links":{"self":[{"href":"https:\/\/travelshelper.com\/da\/wp-json\/wp\/v2\/pages\/15257","targetHints":{"allow":["GET"]}}],"collection":[{"href":"https:\/\/travelshelper.com\/da\/wp-json\/wp\/v2\/pages"}],"about":[{"href":"https:\/\/travelshelper.com\/da\/wp-json\/wp\/v2\/types\/page"}],"author":[{"embeddable":true,"href":"https:\/\/travelshelper.com\/da\/wp-json\/wp\/v2\/users\/1"}],"replies":[{"embeddable":true,"href":"https:\/\/travelshelper.com\/da\/wp-json\/wp\/v2\/comments?post=15257"}],"version-history":[{"count":0,"href":"https:\/\/travelshelper.com\/da\/wp-json\/wp\/v2\/pages\/15257\/revisions"}],"up":[{"embeddable":true,"href":"https:\/\/travelshelper.com\/da\/wp-json\/wp\/v2\/pages\/15241"}],"wp:featuredmedia":[{"embeddable":true,"href":"https:\/\/travelshelper.com\/da\/wp-json\/wp\/v2\/media\/2913"}],"wp:attachment":[{"href":"https:\/\/travelshelper.com\/da\/wp-json\/wp\/v2\/media?parent=15257"}],"curies":[{"name":"wp","href":"https:\/\/api.w.org\/{rel}","templated":true}]}}