{"id":15241,"date":"2024-09-20T19:44:33","date_gmt":"2024-09-20T19:44:33","guid":{"rendered":"https:\/\/travelshelper.com\/staging\/?page_id=15241"},"modified":"2026-03-11T19:15:03","modified_gmt":"2026-03-11T19:15:03","slug":"filippinerne","status":"publish","type":"page","link":"https:\/\/travelshelper.com\/da\/destinations\/asia\/philippines\/","title":{"rendered":"Filippinerne"},"content":{"rendered":"<p>Filippinerne er en arkipelagisk republik med mere end 7.600 \u00f8er spredt ud over det vestlige Stillehav. Dens landmasse - cirka 300.000 kvadratkilometer - str\u00e6kker sig over omkring 1.850 kilometer fra \u00f8en Luzon i nord til Mindanao i syd. Disse \u00f8er falder i tre hovedgrupper: Luzon, Visayas og Mindanao. Nationens kystlinjer - der i alt m\u00e5ler mere end 36.000 kilometer - er afgr\u00e6nset af Det Sydkinesiske Hav, Det Filippinske Hav og Celebeshavet. Maritime gr\u00e6nser op til Taiwan, Japan, Palau, Indonesien, Malaysia, Vietnam og Kina. Manila er hovedstad, mens Quezon City, ogs\u00e5 i Metro Manila, har titlen som den mest folkerige by. Med over 110 millioner indbyggere rangerer Filippinerne som nummer tolv i verdens befolkning.<\/p>\n\n\n\n<p>Mount Apo, nationens h\u00f8jeste top med sine 2.954 meter, st\u00e5r vagtpost over det sydlige Mindanao. I det nordlige Luzon flyder Cagayan-floden mere end 520 kilometer, f\u00f8r den munder ud i Babuyan-kanalen. Manila-bugten - ved hvis bredder hovedstaden ligger - forbinder via Pasig-floden med Laguna de Bay, den st\u00f8rste s\u00f8 i \u00f8gruppen. Stedet ligger p\u00e5 den vestlige kant af Stillehavets Ring of Fire, hvor fem registrerede jordsk\u00e6lv forekommer dagligt. Selvom de fleste rystelser undg\u00e5r opm\u00e6rksomhed, har \u00f8erne talt st\u00f8rre begivenheder - blandt andet jordsk\u00e6lvet i Moro-bugten i 1976 og Luzon-sk\u00e6lvet i 1990. 23 vulkaner er stadig aktive; Mayon, Taal, Canlaon og Bulusan f\u00f8rer an i udbrudsfrekvens.<\/p>\n\n\n\n<p>Under sine seismiske omv\u00e6ltninger rummer Filippinerne betydelige mineralrigdomme. Dens geologi giver uudnyttede forekomster af guld - kun overg\u00e5et af Sydafrika - sammen med kobber, palladium, nikkel, krom, molybd\u00e6n, platin og zink. Alligevel har milj\u00f8hensyn og social modstand holdt store omr\u00e5der uudviklede. Over jorden omfatter \u00f8gruppen et af planetens rigeste centre for biodiversitet. Dens skove huser ansl\u00e5et 13.500 plantearter - 3.500 endemiske - inklusive 8.000 blomstrende planter og n\u00e6sten tusind orkideer. Faunabestanden overstiger 20.000 insekter, 686 fuglearter og mere end 500 krybdyr- og pattedyrarter, hvoraf mange ikke findes andre steder. Marine \u00f8kosystemer, der ligger inden for Koraltrekanten, kan prale af den st\u00f8rste mangfoldighed af kystfisk globalt og over 3.200 registrerede fiskearter.<\/p>\n\n\n\n<p>Filippinerne, der ligger n\u00e6r \u00e6kvator, har et tropisk maritimt klima med tre \u00e5rstider: et varmt og t\u00f8rt interval fra marts til maj; regn fra juni til november; og k\u00f8ligere, t\u00f8rrere m\u00e5neder fra december til februar. Den \u00e5rlige nedb\u00f8r varierer drastisk \u2013 op til 5.000 mm p\u00e5 udsatte \u00f8stlige skr\u00e5ninger, under 1.000 mm i beskyttede dale. Monsunvindene skifter to gange \u00e5rligt: \u200b\u200bden sydvestlige &#034;habagat&#034; og den nord\u00f8stlige &#034;amihan&#034;. \u00c5rligt kommer omkring nitten tropiske cykloner ind i det filippinske ansvarsomr\u00e5de; otte eller ni rammer typisk landet. Historiske optegnelser viser, at den kraftigste storm faldt med 2.210 mm omkring Baguio i midten af \u200b\u200bjuli 1911. \u00d8gruppens s\u00e5rbarhed over for ekstremt vejr og stigende have placerer den blandt verdens mest klimaf\u00f8lsomme nationer.<\/p>\n\n\n\n<p>For at beskytte sin naturlige rigdom har regeringen udpeget mere end 200 beskyttede omr\u00e5der, der d\u00e6kker over 7,7 millioner hektar. Tre steder - Tubbataha Reef, Puerto Princesa Underground River og Mount Hamiguitan Wildlife Sanctuary - har UNESCOs verdensarvsstatus. Genplantning af skov og genopretning af levesteder har gjort beskedne fremskridt p\u00e5 baggrund af \u00e5rhundreder lang skovrydning, som reducerede skovd\u00e6kket fra 70 procent i 1900 til under 20 procent ved udgangen af \u200b\u200bdet tyvende \u00e5rhundrede.<\/p>\n\n\n\n<p>L\u00e6nge f\u00f8r europ\u00e6isk kontakt beboede Negritos \u00f8erne. De blev efterfulgt af successive b\u00f8lger af austronesiske s\u00f8m\u00e6nd, der bragte animistiske overbevisninger, efterfulgt af hindu-buddhistiske ideer og den islamiske kampsportskultur i syd. Fra det niende \u00e5rhundrede og frem f\u00f8rte handelsforbindelser med kinesiske dynastier til ankomsten og integrationen af \u200b\u200bkinesiske k\u00f8bm\u00e6nd. I 1543 d\u00f8bte den spanske navigat\u00f8r Ruy L\u00f3pez de Villalobos \u00f8erne &#034;Las Islas Filipinas&#034; til \u00e6re for Filip II af Castilien. I l\u00f8bet af de n\u00e6ste tre \u00e5rhundreder cementerede Spanien katolicismen som den dominerende tro og gjorde Manila til et omdrejningspunkt i galeonhandelen mellem Asien og Amerika, hvilket tiltrak bos\u00e6ttere fra Iberia og Latinamerika.<\/p>\n\n\n\n<p>I slutningen af \u200b\u200bdet nittende \u00e5rhundrede gav nationalistiske f\u00f8lelser anledning til den filippinske revolution i 1896. Den efterf\u00f8lgende spansk-amerikanske krig i 1898 resulterede i Spaniens afst\u00e5else af territoriet til USA. Filippinske ledere proklamerede den f\u00f8rste filippinske republik, men den filippinsk-amerikanske krig fulgte og efterlod \u00f8gruppen under amerikansk kontrol. Japansk bes\u00e6ttelse fulgte i Anden Verdenskrig, indtil amerikanske styrker befriede landet i 1945. Den 4. juli 1946 opn\u00e5ede Filippinerne fuld uafh\u00e6ngighed.<\/p>\n\n\n\n<p>Efterkrigstidens demokrati blev afbrudt under Ferdinand Marcos&#039; pr\u00e6sidentskab, pr\u00e6get af undtagelsestilstand fra 1972 til 1981. Folkemagtsrevolutionen i 1986 v\u00e6ltede Marcos uden blodsudgydelser og f\u00f8rte til den femte republiks forfatning i 1987. Siden da har nationen opretholdt et enhedspr\u00e6sidentsystem. Ikke desto mindre forts\u00e6tter problemer med fattigdom, ulighed og institutionel korruption. Etno-lingvistiske grupper t\u00e6ller over 100, herunder tagalog, visayan, ilocano, bikol og waray, sammen med oprindelige samfund som igorot og lumad. Omkring 60 procent af befolkningen bor i kystomr\u00e5der og mere end halvdelen i bycentre.<\/p>\n\n\n\n<p>Den filippinske \u00f8konomi \u2013 den 34. st\u00f8rste i verden m\u00e5lt p\u00e5 nominelt BNP \u2013 har skiftet fra landbrug til service og fremstillingsindustri. I 2025 ansl\u00e5s produktionen til 508 milliarder amerikanske dollars. Arbejdsstyrkedeltagelsen n\u00e6rmer sig 50 millioner, med en arbejdsl\u00f8shedsprocent p\u00e5 n\u00e6sten 3 procent. De internationale reserver overstiger 100 milliarder amerikanske dollars, og g\u00e6ldsforholdet i forhold til BNP er faldet en smule fra et nyligt h\u00f8jdepunkt p\u00e5 63,7 til omkring 60 procent. Pesoen er forankret i indenlandske transaktioner.<\/p>\n\n\n\n<p>Landet er fortsat nettoimport\u00f8r og har udlandsg\u00e6ld. De vigtigste eksportvarer omfatter halvledere, elektriske maskiner og elektroniske komponenter, mens den vigtigste import sp\u00e6nder fra maskiner til mineralbr\u00e6ndstoffer. Landbrugseksport - kokosn\u00f8dder, bananer og ananas - supplerer landets status som verdens st\u00f8rste abaca-producent og en f\u00f8rende eksport\u00f8r af nikkelmalm. Siden 2010 har BNP-v\u00e6ksten i gennemsnit v\u00e6ret seks til syv procent \u00e5rligt, prim\u00e6rt drevet af servicesektoren. Men de \u00f8konomiske gevinster er koncentreret omkring Metro Manila, hvilket forv\u00e6rrer de regionale forskelle. Pengeoverf\u00f8rsler fra udenlandske filippinske arbejdere - i alt over 37 milliarder amerikanske dollars i 2023 - udg\u00f8r cirka 8,5 procent af BNP. Outsourcing af forretningsprocesser har blomstret: omkring 1,3 millioner filippinere bemander callcentre verden over.<\/p>\n\n\n\n<p>Veje b\u00e6rer n\u00e6sten al intercity-trafik og over halvdelen af \u200b\u200bgodstransporten. Pan-Philippine Highway forbinder st\u00f8rre \u00f8er, mens Strong Republic Nautical Highway integrerer motorveje og f\u00e6rgeruter. Ikoniske jeepneys deler hovedf\u00e6rdsels\u00e5rer med busser, varevogne og trehjulede cykler. Kronisk trafikpropper plager Metro Manila. Jernbanetjenester er fortsat sparsomme og prim\u00e6rt begr\u00e6nset til Metro Manila og n\u00e6rliggende provinser, selvom en genoplivningsplan forudser at udvide sporl\u00e6ngden fra i dag under 80 km til over 240 km. Lufttransport er centreret omkring Ninoy Aquino International og et netv\u00e6rk af 90 statsejede lufthavne, otte internationale. Philippine Airlines og Cebu Pacific dominerer indenrigsflyvninger. S\u00f8transportforbindelser, fra traditionelle bancas til moderne skibe, forbinder mere end 1.800 havne; Manila, Batangas, Cebu og andre forankrer ASEAN Transport Network.<\/p>\n\n\n\n<p>Med en medianalder p\u00e5 25 \u00e5r og en faldende v\u00e6kstrate er Filippinerne ungdommeligt, men alligevel urbaniserende: over halvdelen af \u200b\u200bindbyggerne bor i byer. Fattigdommen er faldet fra n\u00e6sten 50 procent i 1985 til omkring 18 procent i 2021, og indkomstuligheden er aftaget siden 2012. Den etniske og sproglige mangfoldighed er fortsat h\u00f8j, formet af \u00e5rhundreders migration og varieret kolonial arv.<\/p>\n\n\n\n<p>Selvom staten er sekul\u00e6r, spiller tro en central rolle. N\u00e6sten 79 procent af filippinerne er romersk-katolicistiske; protestantiske trosretninger og lokale uafh\u00e6ngige kirker udg\u00f8r det kristne flertal. Islam, prim\u00e6rt sunnimuslimsk, tegner sig for omkring 6 procent af befolkningen, koncentreret i Mindanao og de tilst\u00f8dende \u00f8er.<\/p>\n\n\n\n<p>Filippinsk kunst kan spores tilbage til indf\u00f8dte udsk\u00e6ringer og rituelle genstande. Spansk styre indledte religi\u00f8s maleri og skulptur; n\u00f8glefigurer inkluderer retablo-sk\u00e6reren Juan de los Santos og maleren Damian Domingo, grundl\u00e6gger af det f\u00f8rste kunstakademi i Binondo i 1821. Juan Luna og F\u00e9lix Resurrecci\u00f3n Hidalgo opn\u00e5ede international anerkendelse i slutningen af \u200b\u200bdet nittende \u00e5rhundrede. Modernismen slog rod i Victorio Edades&#039; v\u00e6rker i 1920&#039;erne og 30&#039;erne, mens Fernando Amorsolos pastorale scener definerede landskaber fra midten af \u200b\u200b\u00e5rhundredet.<\/p>\n\n\n\n<p>Traditionelle boliger sp\u00e6nder fra nipa- og bambusbahay kubo til sten- og tr\u00e6bahay na bato fra byer fra den spanske \u00e6ra. Jordsk\u00e6lvsbestandige barokkirker - hvoraf fire udg\u00f8r et UNESCO-ensemble - vidner om lokal tilpasning af europ\u00e6iske stilarter. Daniel Burnhams masterplaner fra den amerikanske periode formede dele af Manila og Baguio og introducerede neoklassiske regeringsbygninger og art deco-teatre.<\/p>\n\n\n\n<p>Det filippinske k\u00f8kken blander malaysisk, spansk, kinesisk og amerikansk indflydelse omkring en pr\u00e6ference for afbalancerede s\u00f8de, sure og salte smagsoplevelser. Der findes uendelige regionale variationer - ris er stadig en fast bestanddel, selvom kassava er fremherskende i nogle sydlige samfund. Adobo fungerer som en uofficiel nationalret; lech\u00f3n, sinigang, pancit og lumpia fylder dagligt bordet. Desserter - kakanin s\u00e5som bibingka og suman - indeholder oprindelige ingredienser som ube og calamansi. M\u00e5ltiderne spises med ske og gaffel, selvom den f\u00e6lles kamayan-tradition med at spise med h\u00e6nderne forts\u00e6tter.<\/p>\n\n\n\n<p>Filippinsk etikette afspejler \u00f8stasiatiske og spansktalende r\u00f8dder. Indirekte kommunikation \u00e6rer hiya (skam) og delicadeza (anst\u00e6ndighed), mens interaktioner mellem m\u00e6nd og kvinder b\u00e6rer en h\u00f8flig macho-agtig pr\u00e6g. \u00c6ldre fortjener respekt og prioriteret plads i offentlig transport; bes\u00f8gende b\u00f8r tiltale \u00e6ldre personer med h\u00f8flige \u00e6resbevisninger. G\u00e6stfrihed er \u00e6gte; en varm hilsen og brug af lokale udtryk - po og opo p\u00e5 tagalog - r\u00e6kker langt. Rettidighed viger dog ofte for den sociale fleksibilitet kendt som &#034;filippinsk tid&#034;.<\/p>\n\n\n\n<p>Undg\u00e5 at r\u00e5be eller \u00e5benlys konfrontation. N\u00e5r du korrigerer en anden, s\u00e5 v\u00e6lg privatliv. \u00c5benlyse offentlige udtryk for hengivenhed, selvom de tolereres i byer, forbliver kontroversielle andre steder. Familieb\u00e5nd str\u00e6kker sig p\u00e5 tv\u00e6rs af generationer under \u00e9t tag; at tale ondt om sl\u00e6gtninge inviterer til forn\u00e6rmelse.<\/p>\n\n\n\n<p>Turisme bidrager beskedent \u2013 \u200b\u200bomkring 5 procent af BNP \u2013 men Filippinerne tiltr\u00e6kker dykkere, strandg\u00e6ster og kulturrejsende. Boracay, El Nido og Coron topper ofte de internationale lister; Cebu, Bohol og Siargao tilbyder sol, surfing og kulturarv. Infrastrukturen varierer fra sted til sted, men mange filippinere taler engelsk og byder udl\u00e6ndinge velkommen med brede smil. Rejsende b\u00f8r overholde lokale love, respektere skikke og omfavne nationens uj\u00e6vne kontraster: skinnende h\u00f8jhuse ved siden af \u200b\u200buformelle bos\u00e6ttelser, fredfyldte kyster midt i vulkanske bakker, stille and\u00e6gtighed midt i pulserende festivaler.<\/p>\n\n\n\n<p>P\u00e5 hver \u00f8, i hver by, pr\u00e6senterer Filippinerne en l\u00f8bende dialog mellem land og hav, fortid og nutid, udfordringer og modstandsdygtighed. Dens styrke ligger i hybriditeten \u2013 af folk, landskaber og historier \u2013 bundet sammen af \u200b\u200bf\u00e6lles tro, festligheder og en stille optimisme, der varer ved trods storme, jordsk\u00e6lv og politiske byrder. At kende Filippinerne er at se en nation, der konstant omdanner sig selv, \u00f8 for \u00f8, generation for generation.<\/p>","protected":false},"excerpt":{"rendered":"<p>Filippinerne er en arkipelagisk nation beliggende i Syd\u00f8stasien, med en befolkning p\u00e5 over 110 millioner individer fordelt p\u00e5 7.641 \u00f8er. Republikken Filippinerne er beliggende i en strategisk placering i det vestlige Stillehav, der omfatter et omr\u00e5de p\u00e5 omkring 300.000 kvadratkilometer. Den filippinske \u00f8gruppe omfatter tre prim\u00e6re geografiske regioner: Luzon i nord, Visayas i det centrale omr\u00e5de og Mindanao i syd. \u00d8erne er omkranset af store vandomr\u00e5der: Det Sydkinesiske Hav mod vest, Det Filippinske Hav mod \u00f8st og Celebeshavet mod syd. Disse funktioner forbedrer nationens maritime arv og underst\u00f8tter et mangfoldigt \u00f8kosystem.<\/p>","protected":false},"author":1,"featured_media":3745,"parent":24063,"menu_order":0,"comment_status":"closed","ping_status":"closed","template":"elementor_theme","meta":{"_eb_attr":"","footnotes":""},"class_list":["post-15241","page","type-page","status-publish","has-post-thumbnail"],"_links":{"self":[{"href":"https:\/\/travelshelper.com\/da\/wp-json\/wp\/v2\/pages\/15241","targetHints":{"allow":["GET"]}}],"collection":[{"href":"https:\/\/travelshelper.com\/da\/wp-json\/wp\/v2\/pages"}],"about":[{"href":"https:\/\/travelshelper.com\/da\/wp-json\/wp\/v2\/types\/page"}],"author":[{"embeddable":true,"href":"https:\/\/travelshelper.com\/da\/wp-json\/wp\/v2\/users\/1"}],"replies":[{"embeddable":true,"href":"https:\/\/travelshelper.com\/da\/wp-json\/wp\/v2\/comments?post=15241"}],"version-history":[{"count":0,"href":"https:\/\/travelshelper.com\/da\/wp-json\/wp\/v2\/pages\/15241\/revisions"}],"up":[{"embeddable":true,"href":"https:\/\/travelshelper.com\/da\/wp-json\/wp\/v2\/pages\/24063"}],"wp:featuredmedia":[{"embeddable":true,"href":"https:\/\/travelshelper.com\/da\/wp-json\/wp\/v2\/media\/3745"}],"wp:attachment":[{"href":"https:\/\/travelshelper.com\/da\/wp-json\/wp\/v2\/media?parent=15241"}],"curies":[{"name":"wp","href":"https:\/\/api.w.org\/{rel}","templated":true}]}}