{"id":15033,"date":"2024-09-20T14:08:14","date_gmt":"2024-09-20T14:08:14","guid":{"rendered":"https:\/\/travelshelper.com\/staging\/?page_id=15033"},"modified":"2026-03-11T17:39:31","modified_gmt":"2026-03-11T17:39:31","slug":"tel-aviv","status":"publish","type":"page","link":"https:\/\/travelshelper.com\/da\/destinations\/asia\/israel\/tel-aviv\/","title":{"rendered":"Tel Aviv"},"content":{"rendered":"<p>Tel Aviv-Yafo, ofte blot omtalt som Tel Aviv, ligger ved Israels Middelhavskyst som en kontrasternes by, hvor gamle sten og moderne st\u00e5l sameksisterer i stille harmoni. Bygden, der blev grundlagt i 1909 af j\u00f8diske pionerer under navnet Ahuzat Bayit, udsprang fra sandklitter, der engang gr\u00e6nsede op til den osmanniske havn Jaffa. Inden for et \u00e5r antog den navnet Tel Aviv - &#039;For\u00e5rshistorie&#039; - l\u00e5nt fra Nahum Sokolows hebraiske overs\u00e6ttelse af Theodor Herzls roman Altneuland. I 1934 havde Tel Aviv l\u00f8srevet sig fra Jaffas kommune; i 1950 blev den formelt genforenet under betegnelsen Tel Aviv-Yafo, hvilket afspejlede b\u00e5de dens moderne hjerte og dens \u00e5rtusindgamle forg\u00e6nger.<\/p>\n\n\n\n<p>Geografisk set d\u00e6kker Tel Aviv omkring 52 kvadratkilometer flad kystslette ved cirka 32\u00b005\u2032N, 34\u00b048\u2032\u00d8. Dens vestlige gr\u00e6nse str\u00e6kker sig langs Middelhavet, kronet af skr\u00e6nter og roligt sand, mens Yarkon-floden inde i landet markerer en frodig udkant. Selvom jorden forbliver sandet og lav i frugtbarhed, har byplanl\u00e6ggeres indgreb - fra Patrick Geddes&#039; havebyplan til den nylige omdannelse af et nedlagt kraftv\u00e6rk til Gan HaHashmal-parken - broderet gr\u00f8nne omr\u00e5der ind i bystrukturen. I dag udg\u00f8r parker n\u00e6sten en femtedel af byens areal: Yarkon Park alene byder velkommen til omkring 16 millioner bes\u00f8gende \u00e5rligt, og den \u00e5rlige str\u00f8mafbrydelse under Earth Hour vidner om kommunal stolthed over Tel Avivs status som Israels gr\u00f8nneste by.<\/p>\n\n\n\n<p>Fra et demografisk h\u00f8jdepunkt p\u00e5 omkring 390.000 i begyndelsen af \u200b\u200b1960&#039;erne faldt Tel Avivs befolkning til omkring 317.000 i 1980&#039;erne, f\u00f8r den genoptog v\u00e6ksten i 1990&#039;erne. I 2025 bor der n\u00e6sten en halv million indbyggere, og det forventes, at tallet vil stige til 600.000 i 2035 under de nuv\u00e6rende byplaner. J\u00f8der af forskelligartet oprindelse - ashkenaziske, sefardiske, mizrahi, etiopiske, centralasiatiske og andre - udg\u00f8r over 90 procent af indbyggerne, mens arabiske muslimer, kristne, drusere og ikke-klassificerede grupper fylder resten. Hebraisk hersker, men russisk, arabisk, engelsk og en r\u00e6kke afrikanske og asiatiske sprog liver gaderne. En betydelig gruppe udenlandske arbejdere og flygtninge bor hovedsageligt i syd, hvilket giver kvartererne lagdelte sociale strukturer.<\/p>\n\n\n\n<p>Socio\u00f8konomiske mark\u00f8rer deler Tel Aviv i nord og syd. Nordlige omr\u00e5der som Ramat Aviv og Afeka kan prale af eksklusive boliger, Tel Aviv Universitets campus og de gr\u00f8nne vidder i Yarkon Park. De sydlige kvarterer b\u00e6rer derimod pr\u00e6g af successive migrationer og beskedne indkomster, selvom omr\u00e5der som Neve Tzedek - byens f\u00f8rste j\u00f8diske forstad opf\u00f8rt i 1887 - har gennemg\u00e5et en omhyggelig restaurering og nu kan konkurrere med nord om prestige. Det centrale Tel Aviv koncentrerer finanser og handel langs Ayalon-motorvejen, hvor Azrieli Centers t\u00e5rnh\u00f8je trio dominerer Israels n\u00e6stst\u00f8rste \u00f8konomi per indbygger i Mellem\u00f8sten.<\/p>\n\n\n\n<p>Tel Aviv er faktisk blandt verdens f\u00f8rende innovationsmotorer. Som en beta+ global by, der placerede sig som nummer 53 i Global Financial Centres Index i 2022, er den forankret i Silicon Wadi, Israels h\u00f8jteknologiske korridor. Kiryat Atidim-zonen, der blev indviet i 1972, s\u00e5ede de tidlige fr\u00f8; i 2010&#039;erne steg antallet af startups til over syv hundrede, hvilket placerede Tel Aviv som det fjerdef\u00f8rende globale startup-\u00f8kosystem. Udenlandske ambassader ligger langs gaderne, og internationale bes\u00f8gende overstiger 2,5 millioner hvert \u00e5r, tiltrukket af strande, natteliv og byens ry som verdens dyreste at bo i.<\/p>\n\n\n\n<p>Tel Avivs multiplex af museer og kulturelle steder vidner om et \u00e5rhundredes kunstnerisk g\u00e6ring. Bydelen White City, der har v\u00e6ret p\u00e5 UNESCOs verdensarvsliste siden 2003, omfatter over fem tusind eksempler p\u00e5 international stil og Bauhaus-arkitektur, den samlede frugt af europ\u00e6iske emigrantarkitekter, der flygtede fra nazismen i 1930&#039;erne. Ud over Neve Tzedek og Rothschild Boulevards tr\u00e6bekl\u00e6dte all\u00e9er sp\u00e6nder vartegn fra Eretz Israel Museum og Tel Aviv Museum of Art til de milit\u00e6rhistoriske institutioner Palmach og Batey Haosef. Dans og musik blomstrer p\u00e5 Suzanne Dellal Center, Heichal HaTarbut og Tel Aviv Performing Arts Center, der hver is\u00e6r afholder opera, filharmoniske koncerter og moderne dans.<\/p>\n\n\n\n<p>Jaffa er fortsat byens sj\u00e6l \u2013 en labyrint af stengyder, hvor arabisk og j\u00f8disk historie m\u00f8des. Dens gamle havn, fyldt med ark\u00e6ologiske fund, rummer gallerier, caf\u00e9er og den \u00e5rlige \u00c5bent Hus Tel Aviv, hvor private boliger og skjulte g\u00e5rdhaver \u00e5bner for offentligheden. Restaureringen der, og i Florentins bohemeagtige gyder, har dyrket en smag for farverig gadekunst, duftende markeder og festligheder sent om aftenen, der cementerer Tel Avivs kaldenavn &#034;byen der aldrig sover&#034;.<\/p>\n\n\n\n<p>Arkitektonisk set holder Tel Aviv aldrig op med at omdefinere sin skyline. Shalom Meir-t\u00e5rnet, opf\u00f8rt i 1965 som Israels f\u00f8rste skyskraber, gav i midten af \u200b\u200b1990&#039;erne plads til en spredning af h\u00f8jhuse. En masterplan fra 2010 begr\u00e6nser yderligere t\u00e5rne \u200b\u200blangs kysten for at bevare sigtelinjerne, samtidig med at nye kontor- og hotelbygninger kanaliseres \u00f8st for Ibn Gabirol-gaden. Lukningen af \u200b\u200bSde Dov Lufthavn frigjorde strandarealer til luksuri\u00f8se h\u00f8jhuse, selvom den nye Tel Aviv Light Rail og det kommende metronetv\u00e6rk lover at omforme offentlig transport og byt\u00e6thed.<\/p>\n\n\n\n<p>Klimaet er utvetydigt middelhavsagtigt: fem m\u00e5neder lange somre str\u00e6kker sig fra juni til oktober, afbrudt af fugtig varme, der kan presse temperaturerne op over 35\u00b0C under efter\u00e5rs- eller for\u00e5rshedeb\u00f8lger. Vintrene er milde og regnfulde, med gennemsnitlige januartemperaturer p\u00e5 omkring 18\u00b0C \u200b\u200bog minimumstemperaturer p\u00e5 omkring 10\u00b0C; frost og sne er n\u00e6sten uh\u00f8rt. Den \u00e5rlige nedb\u00f8r er i alt omkring 528 mm, koncentreret mellem oktober og april.<\/p>\n\n\n\n<p>Tel Avivs kulinariske liv afspejler byens kosmopolitiske DNA. Lokale retter deler menuer med globale inspirationer: falafel st\u00e5r ved siden af \u200b\u200bover hundrede sushibarer, mens halva-is dryppet med daddelsirup og pistacien\u00f8dder vidner om levantinsk tradition. Caf\u00e9er, markeder og restauranter fylder alle kvarterer og henvender sig til b\u00e5de sekul\u00e6re og religi\u00f8se mennesker.<\/p>\n\n\n\n<p>Transport\u00e5rer udg\u00e5r fra byens centrum. Ayalon-motorvejen snor sig nord-syd og forbinder til nationale ruter mod Haifa og Jerusalem. Busser, deletaxier (sheruts) og fem togstationer h\u00e5ndterer over en million togpassagerer m\u00e5nedligt, selvom togdriften suspenderer i forbindelse med sabbat og festivaler. I august 2023 begyndte den f\u00f8rste r\u00f8de linje i letbanen at k\u00f8re, med lilla og gr\u00f8nne linjer under opf\u00f8relse og et fuldt metrosystem planlagt til at \u00e5bne i begyndelsen af \u200b\u200b2030&#039;erne.<\/p>\n\n\n\n<p>Religi\u00f8se og sekul\u00e6re p\u00e5virkninger sameksisterer i formelle institutioner og daglig praksis. Mere end fem hundrede aktive synagoger sp\u00e6nder fra den store synagoge fra 1930&#039;erne til nyere centre for sekul\u00e6r j\u00f8disk forskning. Snesevis af kirker betjener diplomater og migrantsamfund, mens kommunen er v\u00e6rt for et LGBT-f\u00e6llesskabscenter, der underst\u00f8tter en pride-parade med omkring to hundrede tusinde deltagere, hvilket g\u00f8r Tel Aviv til et globalt symbol p\u00e5 tolerance og urban vitalitet.<\/p>\n\n\n\n<p>Fra sine sp\u00e6de dage som en lille ejendom p\u00e5 Jaffas klitter til sin nuv\u00e6rende status som Israels \u00f8konomiske og kulturelle fortrop, har Tel Aviv-Yafo eksisteret som en by defineret af kontinuerlig forandring. Dens lagdelte kvarterer, livlige kunstscene og symbolske strande kortl\u00e6gger historien om et sted, hvor historie og modernitet m\u00f8des \u2013 et vidnesbyrd om det vedvarende samspil mellem mennesker, sted og form\u00e5l.<\/p>","protected":false},"excerpt":{"rendered":"<p>Tel Aviv-Yafo, kaldet Tel Aviv, er den mest folkerige by i Israels Gush Dan storbyregion med en befolkning p\u00e5 474.530 indbyggere. Beliggende langs den natursk\u00f8nne israelske middelhavskystlinje er dette dynamiske storbyomr\u00e5de blevet landets \u00f8konomiske og tekniske kerne og har etableret sig som et globalt h\u00f8jteknologisk kraftcenter. Byens betydning overskrider dens gr\u00e6nser, da den huser st\u00f8rstedelen af \u200b\u200bIsraels udenlandske ambassader, hvilket forst\u00e6rker dens rolle som en central enhed i internationale anliggender.<\/p>","protected":false},"author":1,"featured_media":3981,"parent":15000,"menu_order":0,"comment_status":"closed","ping_status":"closed","template":"elementor_theme","meta":{"_eb_attr":"","footnotes":""},"class_list":["post-15033","page","type-page","status-publish","has-post-thumbnail"],"_links":{"self":[{"href":"https:\/\/travelshelper.com\/da\/wp-json\/wp\/v2\/pages\/15033","targetHints":{"allow":["GET"]}}],"collection":[{"href":"https:\/\/travelshelper.com\/da\/wp-json\/wp\/v2\/pages"}],"about":[{"href":"https:\/\/travelshelper.com\/da\/wp-json\/wp\/v2\/types\/page"}],"author":[{"embeddable":true,"href":"https:\/\/travelshelper.com\/da\/wp-json\/wp\/v2\/users\/1"}],"replies":[{"embeddable":true,"href":"https:\/\/travelshelper.com\/da\/wp-json\/wp\/v2\/comments?post=15033"}],"version-history":[{"count":0,"href":"https:\/\/travelshelper.com\/da\/wp-json\/wp\/v2\/pages\/15033\/revisions"}],"up":[{"embeddable":true,"href":"https:\/\/travelshelper.com\/da\/wp-json\/wp\/v2\/pages\/15000"}],"wp:featuredmedia":[{"embeddable":true,"href":"https:\/\/travelshelper.com\/da\/wp-json\/wp\/v2\/media\/3981"}],"wp:attachment":[{"href":"https:\/\/travelshelper.com\/da\/wp-json\/wp\/v2\/media?parent=15033"}],"curies":[{"name":"wp","href":"https:\/\/api.w.org\/{rel}","templated":true}]}}