{"id":14938,"date":"2024-09-20T12:42:58","date_gmt":"2024-09-20T12:42:58","guid":{"rendered":"https:\/\/travelshelper.com\/staging\/?page_id=14938"},"modified":"2026-03-11T18:19:34","modified_gmt":"2026-03-11T18:19:34","slug":"almaty","status":"publish","type":"page","link":"https:\/\/travelshelper.com\/da\/destinations\/asia\/kazakhstan\/almaty\/","title":{"rendered":"Almaty"},"content":{"rendered":"<p>Almaty ligger p\u00e5 en bred slette ved foden af \u200b\u200bTrans-Ili Alatau. Byen har brede boulevarder og tr\u00e6bekl\u00e6dte all\u00e9er, der str\u00e6kker sig fra omkring 700 meter over havets overflade ved byens nordlige kant til n\u00e6sten 900 meter, hvor den presser sig mod bjergskr\u00e5ningerne. To vandl\u00f8b, den store og den lille Almaty-flod, l\u00f8ber ned fra toppene, og deres kanaler sk\u00e6rer byen igennem, f\u00f8r de l\u00f8ber ud p\u00e5 stepperne. Med mere end to millioner indbyggere i storbyomr\u00e5det er Almaty den n\u00e6stst\u00f8rste by i Centralasien og den fjerdest\u00f8rste inden for Samfundet af Uafh\u00e6ngige Stater.<\/p>\n\n\n\n<p>Bygden blev grundlagt i 1854 som en russisk milit\u00e6rpost p\u00e5 venstre bred af Almaty-floden, og fik navnet Verny, f\u00f8r den antog den sovjetiske betegnelse Alma-Ata. Hyppige jordsk\u00e6lv formede den tidlige byudvikling: Jordsk\u00e6lvet i 1887 \u00f8delagde n\u00e6sten atten hundrede murstenshuse og kr\u00e6vede over tre hundrede menneskeliv. I sin genopbygning antog byen russiske revival-former under arkitekter som Paul Gourdet, hvis designs til borgerskoler og k\u00f8bmandsboliger blandede udsmykkede detaljer med lokalt tr\u00e6. En tr\u00e6katedral af Andrei Zenkov, bygget i 1907 af Tien Shan-gran, modstod et efterf\u00f8lgende rystelse p\u00e5 ti intensitet og st\u00e5r i dag restaureret som en af \u200b\u200bde h\u00f8jeste tr\u00e6strukturer i verden.<\/p>\n\n\n\n<p>Under Anden Verdenskrig flyttede industrier og institutioner hertil uden for frontens r\u00e6kkevidde, hvilket bragte universiteter, hospitaler og en multikulturel arbejdsstyrke, der omfattede slavere, uighurer og koreanere. Byen fungerede som hovedstad i den kasakhiske sovjetiske socialistiske republik fra 1929 og kortvarigt i det uafh\u00e6ngige Kasakhstan indtil 1997, hvor regeringen flyttede s\u00e6det nordp\u00e5 til Akmola (nu Astana). Trods afgivelse af denne status bevarer Almaty autonomi som en &#034;by af republikansk betydning&#034; og t\u00e6ller otte administrative distrikter inden for sine gr\u00e6nser.<\/p>\n\n\n\n<p>P\u00e5 et \u00f8konomisk plan genererer Almaty omkring en femtedel af Kasakhstans BNP og huser landets st\u00f8rste finansielle institutioner - Halyk Bank, Kaspi Bank - og Kasakhstans b\u00f8rs. Virksomhedst\u00e5rne \u200b\u200bdeler skyline med rester af sovjetisk modernisme: Hotel Kazakhstan fra 1977 og Republikkens Palads, der blev f\u00e6rdiggjort i 1970. Et nyligt projekt, Almaty Financial District og Esentai Park, vil samle h\u00f8jhuskontorer og landets f\u00f8rste Ritz-Carlton i et blandet t\u00e5rn p\u00e5 37 etager, designet af teamet bag New Yorks 7 World Trade Center.<\/p>\n\n\n\n<p>Bytransport omfatter Almaty Metro, der blev indviet i 2011, sammen med et omfattende netv\u00e6rk af busser, trolleybusser og regionale tog ved Almaty-2 station. Almaty International Airport, femten kilometer nord\u00f8st for centrum, h\u00e5ndterer over ni millioner passagerer om \u00e5ret og forbinder byen med destinationer i hele Europa, Asien og andre steder. Indenlandske luftfartsselskaber forbinder alle regionale hovedst\u00e6der, mens Air Astana har sit hovedkvarter her. En cykeldelingsordning, Almaty-bike, har v\u00e6ret i drift siden 2016, og intercity-busterminaler betjener ruter til Kirgisistan og Kina.<\/p>\n\n\n\n<p>Kulturlivet i Almaty stammer fra byens beliggenhed p\u00e5 Silkevejen og tilstedev\u00e6relsen af \u200b\u200brussiske intellektuelle, der blev forvist her i det nittende \u00e5rhundrede. Abai Kazakh State Opera and Ballet Theatre, grundlagt i 1934, danner rammen for en scene med Auezov Russian Drama Theatre, det engelsksprogede KELT p\u00e5 KIMEP Universitet og det eksperimentelle Artishock. Museerne er samlet omkring Zenkov-katedralen i parken for de 28 Panfilov-gardister - en hyldest til infanterihelte, der forsinkede et tysk fremst\u00f8d mod Moskva. Der kortl\u00e6gger det centrale statsmuseum kasakhisk historie fra forhistoriske nomader til nutidigt byliv; Kasteyev State Museum of Arts bevarer v\u00e6rker af kasakhiske mestre sammen med europ\u00e6iske malerier doneret af Moskva og Leningrad; og en r\u00e6kke specialiserede samlinger unders\u00f8ger musikinstrumenter, milit\u00e6rhistorie, jernbaner og bem\u00e6rkelsesv\u00e6rdige lokale personligheder som dramatikeren Mukhtar Auezov eller komponisten Nurgisa Tlendiev.<\/p>\n\n\n\n<p>Gr\u00f8nne omr\u00e5der definerer en stor del af byoplevelsen. Om sommeren spr\u00f8jter springvand ud langs g\u00e5gaderne, og deres kunstvandingsnetv\u00e6rk er forbundet med bjergafstr\u00f8mning. Hvert for\u00e5r fejrer byen en &#034;Font\u00e6nernes Dag&#034;, hvor over hundrede vandfunktioner genoptages efter vinterdvale. Byparker - Den F\u00f8rste Pr\u00e6sidents Park med dens dendrologiske samlinger, Panfilov-parken under Zenkov-katedralen - byder p\u00e5 skyggefulde all\u00e9er og h\u00f8jtidelige monumenter. Omkring byens udkant begynder Ile-Alatau Nationalpark i skovkl\u00e6dte bakker og tilbyder stier, der f\u00f8rer op til alpine enge.<\/p>\n\n\n\n<p>Almaty fungerer som et centrum for vintersport. Medeu, den udend\u00f8rs sk\u00f8jtebane i 1.691 meters h\u00f8jde, fik \u00f8genavnet &#034;rekordfabrikken&#034;, efter at atleter satte over hundrede verdensrekorder i tynd bjergluft p\u00e5 den omhyggeligt vedligeholdte is. Endnu h\u00f8jere ligger Shymbulak skisportssted i 2.200 meters h\u00f8jde, der \u00e5bner fra november til maj og er v\u00e6rt for natskil\u00f8b p\u00e5 verdens h\u00f8jeste oplyste pister. Den store Almaty-s\u00f8 i 2.511 meters h\u00f8jde ligger femten kilometer ad vej; dens turkise overflade reflekterer toppe p\u00e5 over fire tusind meter og fungerer som et vigtigt drikkevandsreservoir.<\/p>\n\n\n\n<p>Klimaet viser store ekstremer. Somrene bringer gennemsnitlige juli-h\u00f8jeste temperaturer p\u00e5 23,8 \u00b0C, mens januar-laveste temperaturer ligger p\u00e5 gennemsnitligt -4,7 \u00b0C. Frosten begynder typisk i midten af \u200b\u200boktober og overg\u00e5r til for\u00e5rsvind omkring midten af \u200b\u200bapril. Alligevel kan resterende sne falde ind i maj - s\u00e5 sent som den 17. juni i 1987 - og byens centrum, der er beskyttet af sin varme\u00f8, forsinker froststart med omkring en uge sammenlignet med de nordlige forst\u00e6der. Den \u00e5rlige nedb\u00f8r er i alt 650-700 mm, hvoraf mere end en tredjedel falder i april og maj. Vinden bl\u00e6ser oftest fra syd\u00f8st og n\u00e5r hastigheder over 15 m\/s p\u00e5 et dusin dage eller deromkring hvert \u00e5r.<\/p>\n\n\n\n<p>Landem\u00e6rker er en oversigt over Almatys lag. Himmelfartskatedralen med sin lyse facade i vaniljecreme og flormelisfarver overlevede tidlige jordsk\u00e6lv og genoptog ortodokse gudstjenester i 1997. I n\u00e6rheden ligger den elegante Sankt Nikolaus-katedral, Centralmoskeen med sit marmorinteri\u00f8r og den genoplivede Sophiakatedral p\u00e5 et tidligere klosteromr\u00e5de. En sv\u00e6vebane forbinder byen med K\u00f6k T\u00f6be-bakken, hvor et tivoli og restauranter ligger ved siden af \u200b\u200bet tv-t\u00e5rn, der rejser sig til 371,5 meter - en st\u00e5lkonstruktion konstrueret til seismisk modstandsdygtighed og synlig om natten under projekt\u00f8rlys.<\/p>\n\n\n\n<p>Festivaler og begivenheder pr\u00e6ger kalenderen. Nauryz Myrami, der fejres omkring den 21. marts, markerer for\u00e5rsj\u00e6vnd\u00f8gn med familiem\u00e5ltider og gadefestligheder. Almaty Marathon og en indiefilmfestival finder sted hver september. Om vinteren var Medeu-dalen v\u00e6rt for de asiatiske vinterlege i 2011 og vinteruniversiaden i 2017; byen s\u00f8gte ogs\u00e5 at arrangere vinter-OL i 2022, hvilket understregede dens egnethed til international konkurrence. Inden for folkesundhed formede Alma-Ata Primary Healthcare Conference i 1978 den globale politik for samfundsmedicin.<\/p>\n\n\n\n<p>Uddannelse, der l\u00e6nge har v\u00e6ret en del af byens identitet, er centreret omkring Al-Farabi Kazakh National University og institutioner som det kasakhisk-britiske tekniske universitet, International Information Technology University og Narxoz University. Disse tiltr\u00e6kker studerende fra hele Centralasien.<\/p>\n\n\n\n<p>Almatys kultur str\u00e6kker sig ind i selve jorden. Vilde \u00e6bler (Malus sieversii) vokser i de omkringliggende bakker, de genetiske forf\u00e6dre til moderne sorter. Denne hjemmeh\u00f8rende frugt giver sit navn til byen \u2013 alma, der betyder \u00e6ble \u2013 og fremkalder et landskab, hvor nomadiske hyrder engang gr\u00e6ssede flokke under \u00e6blebekl\u00e6dte skove. I dag blander den &#034;sydlige hovedstad&#034; sovjetisk arv, global finans og ny innovation, med sine h\u00f8jhusomr\u00e5der, der st\u00f8der op til gr\u00f8nne parker, og sine bjergstier lige uden for bygr\u00e6nsen. I l\u00f8bet af mere end halvandet \u00e5rhundrede er Almaty blevet b\u00e5de et forbindelsesled til Kasakhstans fortid og en platform for sin udviklende fremtid.<\/p>","protected":false},"excerpt":{"rendered":"<p>Almaty, den mest folkerige by i Kasakhstan, er hjemsted for over to millioner indbyggere. Beliggende ved foden af \u200b\u200bTrans-Ili Alatau-bjergene i en h\u00f8jde p\u00e5 mellem 700 og 900 meter over havets overflade, har denne by v\u00e6ret afg\u00f8rende for at danne Kasakhstans karakter b\u00e5de som dets tidligere hovedstad og som dets igangv\u00e6rende kulturelle og kommercielle kraftcenter.<\/p>","protected":false},"author":1,"featured_media":4130,"parent":14923,"menu_order":0,"comment_status":"closed","ping_status":"closed","template":"elementor_theme","meta":{"_eb_attr":"","footnotes":""},"class_list":["post-14938","page","type-page","status-publish","has-post-thumbnail"],"_links":{"self":[{"href":"https:\/\/travelshelper.com\/da\/wp-json\/wp\/v2\/pages\/14938","targetHints":{"allow":["GET"]}}],"collection":[{"href":"https:\/\/travelshelper.com\/da\/wp-json\/wp\/v2\/pages"}],"about":[{"href":"https:\/\/travelshelper.com\/da\/wp-json\/wp\/v2\/types\/page"}],"author":[{"embeddable":true,"href":"https:\/\/travelshelper.com\/da\/wp-json\/wp\/v2\/users\/1"}],"replies":[{"embeddable":true,"href":"https:\/\/travelshelper.com\/da\/wp-json\/wp\/v2\/comments?post=14938"}],"version-history":[{"count":0,"href":"https:\/\/travelshelper.com\/da\/wp-json\/wp\/v2\/pages\/14938\/revisions"}],"up":[{"embeddable":true,"href":"https:\/\/travelshelper.com\/da\/wp-json\/wp\/v2\/pages\/14923"}],"wp:featuredmedia":[{"embeddable":true,"href":"https:\/\/travelshelper.com\/da\/wp-json\/wp\/v2\/media\/4130"}],"wp:attachment":[{"href":"https:\/\/travelshelper.com\/da\/wp-json\/wp\/v2\/media?parent=14938"}],"curies":[{"name":"wp","href":"https:\/\/api.w.org\/{rel}","templated":true}]}}