{"id":14902,"date":"2024-09-20T11:59:04","date_gmt":"2024-09-20T11:59:04","guid":{"rendered":"https:\/\/travelshelper.com\/staging\/?page_id=14902"},"modified":"2026-03-11T17:38:30","modified_gmt":"2026-03-11T17:38:30","slug":"aomori","status":"publish","type":"page","link":"https:\/\/travelshelper.com\/da\/destinations\/asia\/japan\/aomori\/","title":{"rendered":"Aomori"},"content":{"rendered":"<p>Aomori City ligger p\u00e5 den nordlige kant af Honshu med udsigt over en gren af \u200b\u200bMutsu-bugten kendt som Aomori-bugten. Omr\u00e5det str\u00e6kker sig over omkring 825 kvadratkilometer og str\u00e6kker sig fra den lavtliggende Aomori-sletten til foden af \u200b\u200bHakk\u014dda- og Higashidake-bjergk\u00e6derne. To floder - Komagome og dens biflod Arakawa - gennemsk\u00e6rer byen og skaber kanaler gennem g\u00e5rde og forst\u00e6der, f\u00f8r de l\u00f8ber ud i havet. Dette varierede landskab har sammen med et netv\u00e6rk af parker - heriblandt Gappo Park ved havnefronten, Aoimori Park n\u00e6r bymidten og den mere afsidesliggende Nogiwa Park - formet b\u00e5de bos\u00e6ttelse og identitet p\u00e5 m\u00e5der, der r\u00e6kker langt ud over kysten.<\/p>\n\n\n\n<p>Aomoris navn, bogstaveligt talt &#034;bl\u00e5 skov&#034;, selvom det undertiden overs\u00e6ttes til &#034;gr\u00f8n skov&#034;, minder om et lille krat p\u00e5 en n\u00e6rliggende bakke, engang et vartegn for fiskere, der rundede bugten. En alternativ hypotese forbinder navnet med ainu-sproget og antyder dybere lag af kulturelle m\u00f8der, der g\u00e5r forud for skriftlige optegnelser. Uanset navnets pr\u00e6cise oprindelse, beretter det om et milj\u00f8, der p\u00e5 \u00e9n gang er levende og foranderligt, et sted, hvor havt\u00e5ge ruller ind fra Oyashio-str\u00f8mmen, og vintersneen samler sig til svimlende dybder.<\/p>\n\n\n\n<p>Beviser p\u00e5 menneskelig tilstedev\u00e6relse her g\u00e5r \u00e5rtusinder tilbage. Sannai-Maruyama-omr\u00e5det, lige sydvest for det moderne bycentrum, dateres til mellem 5500 og 4000 f.Kr. Dets vidtstrakte grubebygninger og opbevaringshuller tvang ark\u00e6ologer til at gent\u00e6nke omfanget af J\u014dmon-periodens samfund. Lidt l\u00e6ngere sydp\u00e5 ligger Komakino-omr\u00e5det, som blomstrede omkring 4000 f.Kr., og dets omhyggeligt arrangerede sten vidner om et folk, der allerede var dygtigt til ceremoniel arkitektur. Disse tidlige samfund levede i harmoni med skove og floder, og deres materielle spor blev begravet, indtil moderne udgravninger fandt dem.<\/p>\n\n\n\n<p>I Heian-\u00e6raen var omr\u00e5det en del af det nordlige Fujiwara-omr\u00e5de, men Emishi-indbyggerne fortsatte med at opretholde en tilstedev\u00e6relse. Efter Fujiwaras magts sammenbrud gjorde successive samurai-klaner krav p\u00e5 magten: Nambu mod \u00f8st havde den nominelle titel, mens Tsugaru af Namioka h\u00e6vdede de facto kontrol gennem Sengoku-perioden. I de tidlige Edo-\u00e5r l\u00e5 den bos\u00e6ttelse, der skulle vokse til nutidens Aomori, inden for Hirosaki-dom\u00e6net og bar navnet Ut\u014d. I 1626 beordrede daimy\u014d Tsugaru Nobuhira dens genopbygning under navnet Aomori, selvom skriftlige optegnelser om denne \u00e6ndring er sparsomme, og forskere bestrider, om Ut\u014d og Aomori nogensinde var adskilte enheder eller blot to navne for en enkelt havneby.<\/p>\n\n\n\n<p>Meiji-restaurationen medf\u00f8rte en radikal administrativ reform. Seks pr\u00e6fekturer opstod i det, der nu er Aomori-pr\u00e6fekturet, for blot at blive konsolideret til Hirosaki-pr\u00e6fekturet i juli 1871. Rivalisering mellem Tsugaru- og Nambu-regionerne f\u00f8rte til en hurtig flytning af hovedstaden til den mere centrale havneby, hvilket f\u00f8rte til etableringen af \u200b\u200bAomori-pr\u00e6fekturet den 23. september 1871. Under det moderne kommunale system, der blev oprettet den 1. april 1889, opn\u00e5ede Aomori bystatus i Higashitsugaru-distriktet, og den 1. april 1898 var den blevet anerkendt som en by.<\/p>\n\n\n\n<p>Transportudviklingen i slutningen af \u200b\u200bdet 19. \u00e5rhundrede forvandlede Aomori til en strategisk endestation. En f\u00e6rge til Hakodate begyndte i 1872 og forbandt Hokkaido med Honshu over Tsugaru-str\u00e6det. T\u014dhoku Main Line n\u00e5ede Aomori fra Tokyo i september 1891; tre \u00e5r senere forl\u00e6ngedes \u014cu Main Line langs Japanske Havs kyst til byen. Seikan-f\u00e6rgen, der blev indviet i 1908, transporterede passagerer og fragt, indtil Seikan-tunnelen under str\u00e6det \u00e5bnede i marts 1988. I mellemtiden \u00e6ndrede jernbaneforbindelserne sig ogs\u00e5: T\u014dhoku Shinkansen, der blev indviet i 2010, betjener nu Shin-Aomori Station og transporterer rejsende sydp\u00e5 til Sendai og Tokyo.<\/p>\n\n\n\n<p>Aomoris milit\u00e6rhistorie omfatter b\u00e5de tragiske og transformative episoder. Fra 1896 var den kejserlige japanske h\u00e6rs 8. division garnisoneret her. I vinteren 1902 endte en koldvejrs\u00f8velse p\u00e5 tv\u00e6rs af Hakk\u014dda-bjergene i katastrofe: ud af 210 soldater, der blev sendt fra Aomori, overlevede kun elleve. H\u00e6ndelsen i Hakk\u014dda-bjergene er fortsat et dystert kapitel i den regionale historie. En brand den 3. maj 1910 \u00f8delagde en stor del af byen, og ankomsten af \u200b\u200bruteflyvninger i 1937 signalerede yderligere modernisering.<\/p>\n\n\n\n<p>Krigstiden b\u00f8d p\u00e5 nye \u00f8del\u00e6ggelser. Natten den 28.-29. juli 1945 kr\u00e6vede amerikanske bombardementer 1.767 menneskeliv og udslettede n\u00e6sten ni tiendedele af byen. Genopbygningen i efterkrigs\u00e5rtierne gik hurtigt: I 1951 forbandt Tsugaru-linjen Aomori Station med Kanita, og i 1964 \u00e5bnede den f\u00f8rste lufthavn i nabobyen Namioka. T\u014dhoku Expressway ankom i 1979 og forbandt Aomori med et voksende nationalt motorvejsnetv\u00e6rk. En specialbygget bylufthavn, \u00e5bnet den 19. juli 1987, h\u00e5ndterede indenrigsflyvninger til Tokyo, Osaka, Nagoya og Sapporo samt internationale ruter til Seoul og Taipei. Den 1. oktober 2002 blev Aomori udpeget som kerneby, en status, der giver \u00f8get lokal autonomi.<\/p>\n\n\n\n<p>Kommunegr\u00e6nserne \u00e6ndrede sig igen i det nye \u00e5rtusinde. Den 1. april 2005 blev den n\u00e6rliggende by Namioka absorberet, hvilket n\u00e6sten fordoblede byens areal. En del blev senere afst\u00e5et i september 2007 til Fujisaki i Minamitsugaru-distriktet, men Aomori er fortsat kernen i storbyomr\u00e5det, en af \u200b\u200bJapans 62 kernebyer. Pr. 1. august 2023 boede der 264.945 indbyggere fordelt p\u00e5 136.781 husstande, hvilket gav en samlet befolkningst\u00e6thed p\u00e5 321 personer pr. kvadratkilometer.<\/p>\n\n\n\n<p>Klimaet her er formet af breddegrad og havstr\u00f8mme. Aomori ligger p\u00e5 t\u00e6rsklen mellem to K\u00f6ppen-klassifikationer: et koldt, fugtigt kontinentalt regime (Dfa) og et fugtigt subtropisk regime (Cfa), hvor gennemsnitstemperaturerne i januar og februar ligger lige under frysepunktet. Den \u00e5rlige nedb\u00f8r er i gennemsnit 1.285 mm og topper i september. Somrene er varme, men korte; vintrene leverer enorme snefald. I februar 1945 n\u00e5ede snedybden 209 cm. Temperaturerne er faldet til -24,7 \u00b0C, registreret i 1931. Lokale vinde som sommerens &#034;Yamase&#034; kan bringe langvarige k\u00f8lige perioder og true rish\u00f8sten, mens t\u00e5ge, der ruller ind fra str\u00e6det, ofte forstyrrer flyvninger i lufthavnen.<\/p>\n\n\n\n<p>Det \u00f8konomiske liv drejer sig om serviceydelser, som udg\u00f8r over tre fjerdedele af byens produktion. Produktion tegner sig for cirka 16 procent, mens landbrug og fiskeri tilsammen bidrager med beskedne fire procent. Alligevel spiller kulturindustrier og turisme en enorm rolle i Aomoris identitet. Kystsletten og de n\u00e6rliggende bjerge huser varme kilder: Asamushi Onsen ligger ved bugtens kant, mens Sukayu Onsen tilbyder et afsidesliggende tilflugtssted ved foden af \u200b\u200bHakk\u014dda-bjerget. Begge tiltr\u00e6kker bes\u00f8gende gennem alle fire \u00e5rstider, der s\u00f8ger afslapning og fordybelse i naturen.<\/p>\n\n\n\n<p>Hver august liver Nebuta Matsuri byens gader op med kolossale, oplyste vogne udsk\u00e5ret af washi-papir, der forestiller helte, d\u00e6moner eller scener fra myter og historie. Kunstnere ledsager dem, synger rytmer p\u00e5 taiko-trommer og guider figurerne gennem folkem\u00e6ngderne. Festivalen, der er anerkendt blandt Japans &#034;100 Soundscapes&#034;, er blevet synonym med Aomoris kulturelle puls.<\/p>\n\n\n\n<p>Ud over de s\u00e6sonbestemte skuespil bevarer byen sin fortid gennem museer og historiske steder. Sannai-Maruyama-omr\u00e5det er nu et s\u00e6rligt nationalt historisk sted, og dets udgravede fundamenter er \u00e5bne for bes\u00f8gende. Aomori Prefectural Museum og Aomori Museum of Art huser samlinger, der sp\u00e6nder fra regionalt kunsth\u00e5ndv\u00e6rk til moderne skulptur. Byens historiske museum, Skovbrugsmuseet og Nebuta Museum Wa Rasse tilbyder hver is\u00e6r et unikt indblik i den lokale kulturarv, fra de skovkl\u00e6dte bakker, der inspirerede Aomoris navn, til de vogne, der liver dens gader. Borgruiner ved Namioka og rester af Komakino-bos\u00e6ttelsen st\u00e5r som tavse vidner til \u00e5rhundreders bes\u00e6ttelse.<\/p>\n\n\n\n<p>Moderne infrastruktur r\u00e6kker ud over museer. Nationale ruter - 4, 7, 101, 280 og andre - m\u00f8des her, sammen med Aomori- og Tsugaru-motorvejene. F\u00e6rger forts\u00e6tter med at sejle p\u00e5 str\u00e6det, dog nu prim\u00e6rt som en fritidsrejse snarere end den eneste forbindelse til Hokkaido. Aomori Havn byder stadig skibe velkommen langs Tsugaru Kaiky\u014d-f\u00e6rgen og bevarer en maritim tradition, der str\u00e6kker sig tilbage til slutningen af \u200b\u200bdet nittende \u00e5rhundrede.<\/p>\n\n\n\n<p>I sin arkitektur, i \u00e5rstidernes rytme og i indbyggernes levede minder legemligg\u00f8r Aomori b\u00e5de modstandsdygtighed og genopfindelse. Skovkl\u00e6dte bakker i horisonten minder \u00e9n om landsbyen, hvis navn lever videre i kanji, mens byens gader og jernbanelinjer tegner linjer af ambition, modgang og fornyelse. Tung sne begraver b\u00e5de by og g\u00e5rd hver vinter, som den har gjort i \u00e5rhundreder, kun for at smelte til brusende vandl\u00f8b, der spreder sig ud i bugten. Under hver overflade ligger en historie: om J\u014dmon-j\u00e6gere, om Emishi-b\u00f8nder, om samuraiherrer, om moderne borgere, der former deres fremtid midt i naturens evigt skiftende cyklus. Aomori er i denne forstand mere end et sted p\u00e5 kortet; det er en vedvarende fort\u00e6lling om menneskelig vedholdenhed i den yderste gr\u00e6nse af Honshu.<\/p>","protected":false},"excerpt":{"rendered":"<p>Aomori, hovedstaden i Aomori Prefecture, er et eksempel p\u00e5 den rige arv ved Japans nordlige gr\u00e6nse. Aomori, der ligger n\u00e6r den nordligste ende af Honshu, Japans st\u00f8rste store \u00f8, har en enorm v\u00e6rdi p\u00e5 grund af dens geografiske placering og kulturelle relevans. Fra 1. august 2023 har dette dynamiske storbycenter en ansl\u00e5et befolkning p\u00e5 264.945 personer, der bor i 136.781 hjem. Aomori omfatter et landomr\u00e5de p\u00e5 824,61 kvadratkilometer (318,38 kvadrat miles) og udviser en befolkningst\u00e6thed p\u00e5 321 individer per kvadratkilometer, hvilket effektivt balancerer byudvidelse med bevarelse af dets naturlige milj\u00f8.<\/p>","protected":false},"author":1,"featured_media":2901,"parent":14797,"menu_order":0,"comment_status":"closed","ping_status":"closed","template":"elementor_theme","meta":{"_eb_attr":"","footnotes":""},"class_list":["post-14902","page","type-page","status-publish","has-post-thumbnail"],"_links":{"self":[{"href":"https:\/\/travelshelper.com\/da\/wp-json\/wp\/v2\/pages\/14902","targetHints":{"allow":["GET"]}}],"collection":[{"href":"https:\/\/travelshelper.com\/da\/wp-json\/wp\/v2\/pages"}],"about":[{"href":"https:\/\/travelshelper.com\/da\/wp-json\/wp\/v2\/types\/page"}],"author":[{"embeddable":true,"href":"https:\/\/travelshelper.com\/da\/wp-json\/wp\/v2\/users\/1"}],"replies":[{"embeddable":true,"href":"https:\/\/travelshelper.com\/da\/wp-json\/wp\/v2\/comments?post=14902"}],"version-history":[{"count":0,"href":"https:\/\/travelshelper.com\/da\/wp-json\/wp\/v2\/pages\/14902\/revisions"}],"up":[{"embeddable":true,"href":"https:\/\/travelshelper.com\/da\/wp-json\/wp\/v2\/pages\/14797"}],"wp:featuredmedia":[{"embeddable":true,"href":"https:\/\/travelshelper.com\/da\/wp-json\/wp\/v2\/media\/2901"}],"wp:attachment":[{"href":"https:\/\/travelshelper.com\/da\/wp-json\/wp\/v2\/media?parent=14902"}],"curies":[{"name":"wp","href":"https:\/\/api.w.org\/{rel}","templated":true}]}}