{"id":14830,"date":"2024-09-20T10:42:04","date_gmt":"2024-09-20T10:42:04","guid":{"rendered":"https:\/\/travelshelper.com\/staging\/?page_id=14830"},"modified":"2026-03-11T17:08:44","modified_gmt":"2026-03-11T17:08:44","slug":"nagasaki","status":"publish","type":"page","link":"https:\/\/travelshelper.com\/da\/destinations\/asia\/japan\/nagasaki\/","title":{"rendered":"Nagasaki"},"content":{"rendered":"<p>Nagasaki ligger i en smal bugt p\u00e5 Ky\u016bsh\u016bs vestlige bred, hvis navn \u2013 &#034;den lange kappe&#034; \u2013 minder om havnens kurve, der har formet dens historie og identitet. Fra det \u00f8jeblik, portugisiske handlende ankrede op her i midten af \u200b\u200bdet 16. \u00e5rhundrede, tog byen form i krydsfeltet mellem handel, tro og kulturel udveksling. I de f\u00f8lgende \u00e5rhundreder stod Nagasaki alene under Japans isolationspolitik som det eneste tilladte kontaktpunkt med Europa. I dag er det et sted, hvor konturerne af fortid og nutid smelter sammen: smalle gader omkranset af konfucianske templer og katolske kirker, moderne sporvogne, der snor sig mellem monumenter over tab og genopretning.<\/p>\n\n\n\n<p>Da portugisiske skibe f\u00f8rst ankom omkring 1571, fandt de en beskeden fiskerlandsby. Inden for \u00e5rtier voksede denne bos\u00e6ttelse sig til Japans travleste udenlandske havn. Sidel\u00f8bende med handel med silke, s\u00f8lv og kinesiske varer ankom kristne mission\u00e6rer, og Nagasaki blev en tidlig bastion for den nye religion. Hollandske handlende fulgte efter, begr\u00e6nset til den kunstige \u00f8 Dejima, hvor de opretholdt Japans eneste forbindelse til Europas videnskabelige og kulturelle udvikling. Under Tokugawa-shogunatets nationale afsondrethed modtog ingen anden havn udenlandske skibe. I midten af \u200b\u200bdet 19. \u00e5rhundrede udgjorde Dejimas pakhuse og kvarteret kendt som Shinchi Chinatown en skr\u00f8belig \u00e5benhed. K\u00f8bm\u00e6nd og udsendinge levede side om side og udvekslede ikke kun varer, men ogs\u00e5 ideer - astronomi, kartografi og medicin - l\u00e6nge f\u00f8r Japan fuldt ud omfavnede den bredere verden.<\/p>\n\n\n\n<p>Selve byen klamrer sig til smalle sletter for enden af \u200b\u200ben snoet bugt, presset p\u00e5 begge sider af stejle bakker. To floder, adskilt af en klippefyldt udl\u00f8ber, skaber dybe dale, der leder beboere og bes\u00f8gende mod havnefronten. Byudviklingen, omgivet af bakkerne, fylder mindre end ti kvadratkilometer, hvilket giver Nagasaki en t\u00e6t, lodret karakter. Beboelseshuse og kontort\u00e5rne \u200b\u200brejser sig i r\u00e6kker, mens snoede gyder og trapper forbinder kvarterer. Panoramaet fra bjergtoppene - is\u00e6r Inasayama - afsl\u00f8rer et kludet\u00e6ppe af hustage, der h\u00e6lder mod havnen, et syn, som de lokale har kaldt &#034;ti-million-dollar-udsigten&#034;.<\/p>\n\n\n\n<p>Nagasakis klima f\u00f8lger det fugtige subtropiske m\u00f8nster, der er almindeligt i det sydlige Japan, med vintre, der sj\u00e6ldent falder til under frysepunktet, og somre, der er kendetegnet ved svedig varme og fugtighed. Regnen falder hele \u00e5ret rundt, men er kraftigst i juni og juli; optegnelser fra 1982 viser, at juli giver mere end en meter nedb\u00f8r. Vintrene er forholdsvis t\u00f8rre og lyse, en kendsgerning, der gl\u00e6der bes\u00f8gende, der flygter fra koldere byer i det indre af landet. P\u00e5 en sj\u00e6lden januarmorgen kan sne d\u00e6kke gaderne, som det gjorde i begyndelsen af \u200b\u200b2016, hvor sytten centimeter faldt og et \u00f8jeblik forvandlede havnebyen til et blegt landskab.<\/p>\n\n\n\n<p>Byens lange historie om \u00e5benhed bar en dyster koda i august 1945. Tre dage efter Hiroshima \u00f8delagde en atombombe Nagasakis Urakami-distrikt og udslettede omkring 100.000 liv. Fabrikker, kirker og hjem blev til murbrokker under eksplosionen. Alligevel forsvandt byen ikke. I de f\u00f8lgende \u00e5rtier genopbyggede overlevende og efterkommere kirker, skoler og kvarterer. I dag vidner Nagasaki Fredspark og Atombombemuseet om denne katastrofe, mens forsoningsindsatser og uddannelsesprogrammer understreger en forpligtelse til, at s\u00e5dan vold aldrig m\u00e5 gentages.<\/p>\n\n\n\n<p>Nagasakis havn er fortsat aktiv, men moderne fly- og togforbindelser styrer de fleste ankomster. \u014cmura Lufthavn, lige uden for bygr\u00e6nsen, betjener b\u00e5de fullservice-flyselskaber - Japan Airlines og ANA - og lavprisflyselskaber som Peach og Jetstar. Internationale flyvninger forbinder til Shanghai, Hong Kong og Seoul. Et netv\u00e6rk af limousinebusser transporterer rejsende ind til byen p\u00e5 under en time.<\/p>\n\n\n\n<p>P\u00e5 land k\u00f8rer det nyligt f\u00e6rdiggjorte segment af Nishi-Ky\u016bsh\u016b Shinkansen i hastig fart mellem Nagasaki og Takeo-Onsen og inviterer passagerer til at skifte fra begr\u00e6nsede eksprestjenester p\u00e5 Kyushu-netv\u00e6rket. Turen fra Hakata Station i Fukuoka kan tage s\u00e5 lidt som halvfems minutter; nedsatte priser og Japan Rail Passes g\u00f8r det praktisk for mange. For dem med et slankere budget eller foretr\u00e6kker en langsommere rejse, afg\u00e5r motorvejsbusser regelm\u00e6ssigt fra Fukuoka og Kagoshima.<\/p>\n\n\n\n<p>Inden for byen er det elektriske sporvognssystem \u2013 dets sporvogne k\u00e6rligt kaldet chin-chin densha \u2013 stadig det mest symbolske transportmiddel. Fem linjer str\u00e6kker sig fra det centrale Nagasaki, hver malet i en distinkt farve. En enkelt tur koster \u00a5140; et dagskort kan f\u00e5s for \u00a5500. Busser udvider servicen til hj\u00f8rner uden for sporvognssporene, mens en sv\u00e6vebane og snoet vej forbinder til Inasayama.<\/p>\n\n\n\n<p>Aftrykket af udenlandske trosretninger er stadig levende. \u014cura katolske kirke, bygget i 1864, st\u00e5r som Japans \u00e6ldste bevarede kirke. I n\u00e6rheden ligger Museet for 26 martyrer, der markerer stedet, hvor japanske kristne og europ\u00e6iske mission\u00e6rer blev korsf\u00e6stet i 1597. Den genopbyggede Urakami-katedral, engang Asiens st\u00f8rste kirke f\u00f8r bombningen, troner nu ved siden af \u200b\u200bruinerne af sin forg\u00e6nger. I mods\u00e6tning hertil afspejler Koshiby\u014d - Konfucius-helligdommen - det kinesiske samfunds arv, og dens udsmykkede r\u00f8de og gr\u00f8nne bj\u00e6lker er den eneste Konfucius-helligdom, der nogensinde er bygget uden for det kinesiske fastland.<\/p>\n\n\n\n<p>Buddhistiske templer vidner ogs\u00e5 om Nagasakis multikulturelle historie. Sofuku-ji, med sine arkitektoniske elementer fra Ming-dynastiet, bragt over af kinesiske immigranter fra det 17. \u00e5rhundrede, er fortsat et af verdens fineste eksempler p\u00e5 denne stil. Fukusai-ji, rekonstrueret efter 1945, har den us\u00e6dvanlige form af en skildpadde; indeni svinger et Foucault-pendul over et mindesm\u00e6rke for lokale ofre for krigen. K\u014dfuku-ji, kendt som det &#034;r\u00f8de tempel&#034;, holder fast i sin Obaku Zen-tradition midt i byens travlhed.<\/p>\n\n\n\n<p>Moderne kulturinstitutioner tilbyder yderligere dybde. Nagasaki Prefectural Art Museum, hvis moderne design har vakt international opm\u00e6rksomhed, er v\u00e6rt for b\u00e5de indenlandske og vandreudstillinger. Byens Museum of History and Culture belyser byens \u00e5rhundreders maritime handel og religi\u00f8se konfrontationer. Ved Suwa-helligdommen p\u00e5 Tamazono-bakken samles bes\u00f8gende hver oktober til O-Kunchi-festivalen, hvor vogne fyldt med deltagere svinger gennem gaderne for at \u00e6re forf\u00e6dres guddomme.<\/p>\n\n\n\n<p>Uden for bygr\u00e6nsen ligger \u00f8er, der b\u00e6rer facetter af Nagasakis fortid. Gunkanjima, eller Slagskibs\u00f8en, truer som en forfalden silhuet femten kilometer fra kysten. Engang verdens t\u00e6ttest befolkede sted husede det kulminearbejdere og deres familier indtil 1974. I dag er der guidede ture, der omkranser de smuldrende betont\u00e5rne, og et lille museum minder om arbejderne - mange af dem v\u00e6rnepligtige fra Korea - som udholdt barske forhold indenfor.<\/p>\n\n\n\n<p>Mindre dyster er en afstikker til I\u014djima, hvor en kort f\u00e6rgetur bringer bes\u00f8gende til sandstrande og naturlige varme kilder. \u00d8ens resorthotel inviterer til overnatning og tilbyder f\u00e6lles bade med udsigt over havet, en p\u00e5mindelse om, hvordan vulkanske kr\u00e6fter former Ky\u016bsh\u016bs landskab.<\/p>\n\n\n\n<p>\u00c5ret rundt er Nagasakis kalender pr\u00e6get af livlige begivenheder. Lanternefestivalen i den sene vinter h\u00e6drer byens kinesiske forf\u00e6dre: over tyve tusind lanterner omkranser gader og vandveje og danner en oplyst korridor af mytiske former. I august antager Obon-h\u00f8jtideligheden en sprudlende tone og blander forf\u00e6dredyrkelse med fyrv\u00e6rkeri, der f\u00e5r havnen til at gl\u00f8de. Og i begyndelsen af \u200b\u200boktober forvandler O-Kunchi-festivalen Suwa-helligdommens omr\u00e5de til en scene for l\u00f8vedanse, parader og gades\u00e6lgere, der s\u00e6lger takoyaki og grillet majs.<\/p>\n\n\n\n<p>Ved at v\u00e6ve b\u00e5de almindelige og ekstraordin\u00e6re oplevelser sammen \u2013 sporvogne, der klaprer langs sporvognslinjer, den stille stilhed inde i en rekonstrueret kirke, br\u00f8let fra festivalens folkem\u00e6ngder \u2013 inviterer Nagasaki til refleksion over de str\u00f8mninger, der flyder gennem menneskelige samfund. Dens smalle dale og buede bakker rummer historier om nysgerrighed, konflikt og medf\u00f8lelse. I hver moderne sporvogn, hvert restaureret tempel, hver hvisket b\u00f8n ved et mindesm\u00e6rke anerkender byen b\u00e5de v\u00e6gten af \u200b\u200bdet, der er g\u00e5et, og en urokkelig tro p\u00e5 muligheden for forbindelse p\u00e5 tv\u00e6rs af barrierer. Det er denne sp\u00e6nding \u2013 mellem vedvarende ar og modstandsdygtigheden til at genopbygge \u2013 der giver Nagasaki sin enest\u00e5ende dybde.<\/p>","protected":false},"excerpt":{"rendered":"<p>Nagasaki, en by af betydelig historisk betydning og kulturel dybde, ligger p\u00e5 den vestlige kyst af Kyushu, Japans tredjest\u00f8rste \u00f8. Fra 1. februar 2024 har dette dynamiske storbycenter en ansl\u00e5et befolkning p\u00e5 392.281 med en t\u00e6thed p\u00e5 966 individer pr. kvadratkilometer, der omfatter et samlet areal p\u00e5 405,86 kvadratkilometer. Nagasakis karakteristiske terr\u00e6n, der ligger i spidsen af \u200b\u200ben lang bugt, der skaber en naturlig havn, har i h\u00f8j grad p\u00e5virket dens historiske bane gennem tiderne.<\/p>","protected":false},"author":1,"featured_media":3034,"parent":14797,"menu_order":0,"comment_status":"closed","ping_status":"closed","template":"elementor_theme","meta":{"_eb_attr":"","footnotes":""},"class_list":["post-14830","page","type-page","status-publish","has-post-thumbnail"],"_links":{"self":[{"href":"https:\/\/travelshelper.com\/da\/wp-json\/wp\/v2\/pages\/14830","targetHints":{"allow":["GET"]}}],"collection":[{"href":"https:\/\/travelshelper.com\/da\/wp-json\/wp\/v2\/pages"}],"about":[{"href":"https:\/\/travelshelper.com\/da\/wp-json\/wp\/v2\/types\/page"}],"author":[{"embeddable":true,"href":"https:\/\/travelshelper.com\/da\/wp-json\/wp\/v2\/users\/1"}],"replies":[{"embeddable":true,"href":"https:\/\/travelshelper.com\/da\/wp-json\/wp\/v2\/comments?post=14830"}],"version-history":[{"count":0,"href":"https:\/\/travelshelper.com\/da\/wp-json\/wp\/v2\/pages\/14830\/revisions"}],"up":[{"embeddable":true,"href":"https:\/\/travelshelper.com\/da\/wp-json\/wp\/v2\/pages\/14797"}],"wp:featuredmedia":[{"embeddable":true,"href":"https:\/\/travelshelper.com\/da\/wp-json\/wp\/v2\/media\/3034"}],"wp:attachment":[{"href":"https:\/\/travelshelper.com\/da\/wp-json\/wp\/v2\/media?parent=14830"}],"curies":[{"name":"wp","href":"https:\/\/api.w.org\/{rel}","templated":true}]}}