{"id":14785,"date":"2024-09-20T09:34:11","date_gmt":"2024-09-20T09:34:11","guid":{"rendered":"https:\/\/travelshelper.com\/staging\/?page_id=14785"},"modified":"2026-03-11T18:16:36","modified_gmt":"2026-03-11T18:16:36","slug":"kirgisistan","status":"publish","type":"page","link":"https:\/\/travelshelper.com\/da\/destinations\/asia\/kyrgyzstan\/","title":{"rendered":"Kirgisistan"},"content":{"rendered":"<p>Kirgisistan, officielt Republikken Kirgisistan, d\u00e6kker et barskt omr\u00e5de af Centralasien, hvis territorium er defineret af de h\u00f8je h\u00f8jderygge i Tian Shan- og Pamir-bjergk\u00e6derne. Republikken str\u00e6kker sig mellem Kasakhstan mod nord, Usbekistan mod vest, Tadsjikistan mod syd og Kina mod \u00f8st og str\u00e6kker sig mellem 39\u00b0 og 44\u00b0 nordlig bredde og 69\u00b0 og 81\u00b0 \u00f8stlig l\u00e6ngde. Bishkek, dets administrative centrum, ligger i de nordlige bjergfod, mens Osj - dens n\u00e6stst\u00f8rste by og blandt regionens \u00e6ldste bym\u00e6ssige bebyggelser - ligger n\u00e6r de frugtbare grene af Fergana-dalen. Staten t\u00e6ller lidt over syv millioner indbyggere, prim\u00e6rt etniske kirgisere, sammen med betydelige usbekiske og russiske samfund. Denne artikel unders\u00f8ger Kirgisistans fysiske konturer, dets komplekse fortid og de sociale og \u00f8konomiske kr\u00e6fter, der former dets nutid.<\/p>\n\n\n\n<p>Menneskelig tilstedev\u00e6relse i det nuv\u00e6rende Kirgisistan g\u00e5r tilbage til nomadestammer, der strejfede rundt p\u00e5 stepperne l\u00e6nge f\u00f8r nedskrevne kr\u00f8niker. Jenisej-kirgiserne etablerede et khaganat i den tidlige middelalder, kun for at blive underlagt successive tyrkiske konf\u00f8derationer. I det trettende \u00e5rhundrede inkorporerede det mongolske imperium regionen; oprindeligt styre genopstod med mellemrum under mongolske efterf\u00f8lgerstater og senere Dzungar-khanatet. Efter Dzungarernes fald dannede kirgisere og besl\u00e6gtede kipchak-grupper en del af Kokand-khanatet indtil 1876, hvor det tsaristiske Rusland annekterede territoriet. I l\u00f8bet af de n\u00e6ste seks \u00e5rtier omdannede slaviske bos\u00e6ttere lavereliggende gr\u00e6sgange til dyrket jord, mens lokale opr\u00f8r mod kejserlig v\u00e6rnepligt lejlighedsvis br\u00f8d ud.<\/p>\n\n\n\n<p>Under sovjetisk administration tog Kara-Kirgisisk Autonome Oblast form inden for den Russiske Sovjetrepublik, som i 1926 blev omd\u00f8bt til Kirgisisk Autonome Sovjetsocialistiske Republik og i 1936 fik status som unionsrepublik. Frunze \u2013 tidligere Pishpek \u2013 blev hovedstad, og russificering, industrialisering og kollektivisering omformede samfundet. Det kirgisiske sprog antog latin og senere kyrilliske skrifttyper, obligatorisk skolegang forbedrede l\u00e6sef\u00e6rdighederne, og Manas-eposet kom i skriftlig form. Sovjetperioden bragte ogs\u00e5 deporterede minoriteter \u2013 tyskere, tjetjenere, polakker \u2013 hvilket bidrog til regionens mangfoldighed.<\/p>\n\n\n\n<p>I 1990, da Mikhail Gorbatjovs reformer l\u00f8snede Moskvas greb, f\u00f8rte uafh\u00e6ngighedsstemningen til valget af Askar Akayev som pr\u00e6sident. Den 31. august 1991 erkl\u00e6rede Kirgisistan suver\u00e6nitet fra Sovjetunionen. Republikken justerede sin forfatning, \u00e6ndrede sine engelske og russiske stavem\u00e5der, s\u00e5 de matchede det kirgisiske endonym, og genindf\u00f8rte hovedstadens oprindelige navn, Bishkek.<\/p>\n\n\n\n<p>Ved uafh\u00e6ngigheden indf\u00f8rte Kirgisistan en st\u00e6rk pr\u00e6sidentiel model. Utilfredshed med Akayevs stadig mere autorit\u00e6re embedsperiode ansporede &#034;Tulipanrevolutionen&#034; i 2005, der indsatte Kurmanbek Bakiyev. Bakiyevs administration k\u00e6mpede ogs\u00e5 med forfatningsm\u00e6ssige stridigheder og p\u00e5stande om valgmisbrug. I 2010 f\u00f8rte folkelig uro til yderligere overgang, og en parlamentarisk-pr\u00e6sidentiel hybrid opstod. I l\u00f8bet af det f\u00f8lgende \u00e5rti resulterede skiftende magtbalancer mellem ud\u00f8vende og lovgivende organer i en semipr\u00e6sidentiel ordning, indtil reformer i 2021 genoprettede en dominerende pr\u00e6sidentiel rolle. I hele denne periode blussede etniske sp\u00e6ndinger - is\u00e6r mellem kirgisiske og usbekiske samfund - op i de sydlige provinser, mens \u00f8konomiske vanskeligheder og omstridte valg f\u00f8rte til periodiske protester.<\/p>\n\n\n\n<p>Omkring 80 procent af Kirgisistan ligger over 1.500 meter i h\u00f8jden. Bjergtoppe overstiger ofte 7.000 meter; Jengish Chokusu (tidligere Peak Pobeda) n\u00e5r 7.439 meter ved den kinesiske gr\u00e6nse og markerer verdens nordligste top over 7.000 meter. Dale - is\u00e6r dem ved floderne Naryn og Kara Darya - der snor sig mellem h\u00f8jderygge, fodrer Syr Darya, som engang n\u00e5ede Arals\u00f8en, f\u00f8r dens vand blev omdirigeret til kunstvandet bomuldsdyrkning i stater nedstr\u00f8ms. Chu-floden krydser nordp\u00e5, f\u00f8r den forts\u00e6tter ind i Kasakhstan. Kraftig vintersnefald udl\u00f8ser for\u00e5rsoversv\u00f8mmelser, der omformer flodbredder og truer bos\u00e6ttelser nedstr\u00f8ms, mens afstr\u00f8mning driver adskillige vandkraftv\u00e6rker.<\/p>\n\n\n\n<p>Issyk-Kul, en salts\u00f8 beliggende 1.607 meter over havet i Tian Shans nord\u00f8stlige sektor, repr\u00e6senterer den n\u00e6stst\u00f8rste alpine s\u00f8 i verden efter Titicacas\u00f8en. Dens navn, som p\u00e5 kirgisisk betyder &#034;varm s\u00f8&#034;, afspejler frav\u00e6ret af vinteris p\u00e5 trods af de kolde lufttemperaturer. Dyrket jord udg\u00f8r under 8 procent af det samlede areal; agerjord er koncentreret p\u00e5 de nordlige sletter og i udkanten af \u200b\u200bFergana-bassinet. Skovkl\u00e6dte skr\u00e5ninger med n\u00e5letr\u00e6sbevoksninger giver plads til alpine enge, halv\u00f8rkenbjerge og \u00f8rken i lavereliggende omr\u00e5der, der underst\u00f8tter syv forskellige terrestriske \u00f8kosystemer. Fra 2019 rangerede en global unders\u00f8gelse Kirgisistan som nummer tretten for skovlandskabets integritet.<\/p>\n\n\n\n<p>Kontinentale p\u00e5virkninger dominerer, men h\u00f8jden skaber regionale kontraster. Fergana-dalen oplever subtropisk varme med sommertemperaturer p\u00e5 op mod 40 \u00b0C og milde vintre. De nordlige forbjerge har tempererede forhold. Inden for de h\u00f8je bjergk\u00e6der varierer forholdene fra t\u00f8rt kontinentalt til polar; sneen forbliver i store dele af \u00e5ret over 3.000 meter. Vintrene kan give temperaturer under -20 \u00b0C i udsatte omr\u00e5der, hvilket f\u00f8rer til kraftig sned\u00e6kke, selv i nogle lavereliggende bassiner i perioder, der varer over en m\u00e5ned. I lavlandet ligger gennemsnitstemperaturen i januar p\u00e5 omkring -6 \u00b0C, mens juli bringer et gennemsnit p\u00e5 24 \u00b0C.<\/p>\n\n\n\n<p>Kirgisistan er opdelt i syv regioner (oblustar) og to byer af national betydning - Bishkek og Osh - som opererer uden for regional jurisdiktion. Regionerne er opdelt i 44 distrikter (aymaqtar), der hver is\u00e6r overv\u00e5ges af en guvern\u00f8r (akim) udpeget af pr\u00e6sidenten via regionale myndigheder. Distrikterne er yderligere opdelt i landkommuner (ayyl \u00f6km\u00f6t\u00fc), som omfatter landsbyer uden separat kommunal status. Regionerne er: Batken, Ch\u00fcy, Jalal-Abad, Naryn, Osh, Talas og Issyk-Kul. Hver region afspejler forskellige landskaber og \u00f8konomiske profiler - fra Naryns bjergrige afsides beliggenhed til Ch\u00fcys landbrugsomr\u00e5der.<\/p>\n\n\n\n<p>Kirgisistan rangerer som nummer 117 p\u00e5 Human Development Index og er, efter Tadsjikistan, den n\u00e6stfattigste blandt centralasiatiske nationer. Dens overgangs\u00f8konomi er st\u00e6rkt afh\u00e6ngig af mineraleksport - is\u00e6r guld, kul og uran - og af pengeoverf\u00f8rsler fra ansl\u00e5et 800.000 kirgisere, der arbejder i udlandet, prim\u00e6rt i Rusland. Statsbanken, Kirgisistans Nationalbank, administrerer valutaudstedelsen - kirgisisk som (KGS) - og tilpasser pengepolitikken til finanspolitiske reformer. Efter det sovjetiske sammenbrud fordampede eksportmarkederne, hvilket tvang smertefulde justeringer frem: oph\u00f8r af prissubsidier, indf\u00f8relse af en merv\u00e6rdiafgift og reduktion af offentlige udgifter. Tiltr\u00e6delsen af \u200b\u200bVerdenshandelsorganisationen den 20. december 1998 signalerede en forpligtelse til liberalisering.<\/p>\n\n\n\n<p>Landbruget bidrog med over 35 procent af BNP i 2002 og besk\u00e6ftigede omtrent halvdelen af \u200b\u200barbejdsstyrken. Husdyrhold dominerer, med f\u00e5r, kv\u00e6g og heste opdr\u00e6ttet p\u00e5 bjerggr\u00e6sgange, der producerer uld, k\u00f8d og mejeriprodukter. Dyrkning af afgr\u00f8der fokuserer p\u00e5 hvede, sukkerroer, kartofler, bomuld og tobak, selvom h\u00f8je importomkostninger for agrokemikalier og br\u00e6ndstof begr\u00e6nser mekaniseringen, hvilket efterlader mange sm\u00e5brugere til at ans\u00e6tte heste og manuelt arbejde. Forarbejdning af landbrugsprodukter, is\u00e6r mejeriprodukter, k\u00f8d og bomuld, giver muligheder for investering.<\/p>\n\n\n\n<p>Mineralrigdomme underst\u00f8tter metallurgi: Guldudvinding ved Kumtor-minen har tiltrukket udenlandske partnere p\u00e5 trods af milj\u00f8hensyn. Udvikling af vandkraft udnytter afstr\u00f8mning fra bjerge med potentiale til at udvide den eksporterbare elektricitet. Reserverne af olie og naturgas viser sig at v\u00e6re ubetydelige, hvilket f\u00e5r importen til at d\u00e6kke de indenlandske behov.<\/p>\n\n\n\n<p>I august 2020 var befolkningen cirka 6,59 millioner, hvoraf 34,4 procent var under 15 \u00e5r og 6,2 procent var over 65 \u00e5r. Byboere udg\u00f8r omkring en tredjedel af det samlede antal, hvilket giver en gennemsnitlig befolkningst\u00e6thed p\u00e5 25 personer pr. kvadratkilometer. Etniske kirgisere udg\u00f8r 77,8 procent; usbekere tegner sig for 14,2 procent, hovedsageligt i syd; russere udg\u00f8r 3,8 procent, koncentreret omkring Bishkek og Ch\u00fcy. Mindre grupper omfatter dunganere, tadsjikere, uighurer, kasakhere og andre, hvilket tilsammen udg\u00f8r over 80 forskellige samfund. Siden uafh\u00e6ngigheden er andelen af \u200b\u200betniske kirgisere steget fra cirka 50 procent i 1979 til over 70 procent i 2013, da mange russere, ukrainere og tyskere emigrerede.<\/p>\n\n\n\n<p>Kirgisere praktiserede traditionelt s\u00e6sonbestemt hyrdedrift, hvor de flyttede husdyr til h\u00f8jlandsgr\u00e6sgange (jailoo) om sommeren og boede i b\u00e6rbare runde telte kaldet jurter. Usbekere og tadsjikere dyrkede derimod kunstvandet landbrug p\u00e5 Ferganasletten. Mens bymigrationen er vokset, forts\u00e6tter disse m\u00f8nstre i landdistrikterne. I 2024 Global Hunger Index rangerede Kirgisistan som nummer 36 blandt 127 lande, og landets score p\u00e5 6,8 blev klassificeret som lav sult.<\/p>\n\n\n\n<p>Kirgisisk, et tyrkisk sprog med kipchak-gren, fungerer som statssprog; russisk har haft officiel status siden 2000. Kirgisisk bruger det kyrilliske skriftsystem, der blev introduceret i 1941. En latinbaseret reform, modelleret efter nabolandet Kasakhstans skifte, er fortsat under debat; i april 2023 suspenderede Rusland eksporten af \u200b\u200bmejeriprodukter, efter at sprogkommissionens formand foreslog en overgang til latin. Nationale radio- og tv-kanaler og trykte medier opererer p\u00e5 begge sprog, selvom russiske medier - st\u00f8ttet af Moskva - opretholder et st\u00e6rkt seertal, is\u00e6r i byomr\u00e5der og nordlige distrikter. I Bishkek viste unders\u00f8gelsesdata fra 2020, at 55,6 procent af husstandene talte russisk derhjemme, 43,6 procent kirgisisk; p\u00e5 landsplan brugte 70,9 procent kirgisisk indenrigs. Forretnings- og officielle anliggender foreg\u00e5r ofte p\u00e5 russisk, selvom parlamentariske m\u00f8der nu som standard er kirgisisk med simultantolkning.<\/p>\n\n\n\n<p>Islam dominerer: CIA World Factbook anslog i 2017, at 90 procent af borgerne identificerer sig som muslimer, prim\u00e6rt ikke-konfessionelle eller sunni under hanafi-skolen, selvom selvidentifikationsunders\u00f8gelser i 2012 viste, at 64 procent blot angav &#034;muslim&#034;, mens kun 23 procent specificerede sunni. I sovjettiden havde ateisme officiel magt; siden uafh\u00e6ngigheden er religi\u00f8s overholdelse og mosk\u00e9byggeri steget, ledsaget af opfordringer til at genoprette \u00e5ndelige v\u00e6rdier. En Pew-rapport fra 2009 registrerede 86,3 procents tilslutning til islam. Sm\u00e5 kristne minoriteter - overvejende russisk-ortodokse, ukrainsk-ortodokse, lutherske, anabaptister og romersk-katolske - udg\u00f8r omkring 7 procent. Jehovas Vidner t\u00e6ller mellem 5.000 og 10.000 tilh\u00e6ngere. En h\u00e5ndfuld j\u00f8der, prim\u00e6rt bukhariske og ashkenaziske, er tilbage. Folkelige og sufi-traditioner forts\u00e6tter sidel\u00f8bende med buddhisme-afledte skikke, s\u00e5som at binde bedeflag til hellige tr\u00e6er.<\/p>\n\n\n\n<p>Alpernes topografi begr\u00e6nser vejene til smalle dale og h\u00f8je pas \u2013 ofte over 3.000 meter \u2013 der er udsatte for laviner og jordskred. En moderne nord-syd-motorvej, der forbinder Bishkek og Osh, f\u00e6rdiggjort med st\u00f8tte fra Asian Development Bank, forbedrede adgangen mellem Ch\u00fcy- og Fergana-dalene. Der findes planer om en \u00f8stg\u00e5ende forgrening mod Kina. Den samlede vejl\u00e6ngde er cirka 34.000 km, hvoraf 22.600 km er asfalterede; uasfalterede segmenter, der omfatter 7.700 km, bliver farlige i v\u00e5dt f\u00f8re.<\/p>\n\n\n\n<p>Jernbaneinfrastrukturen, der er bygget uden hensyntagen til senere gr\u00e6nser, omfatter nu omkring 370 km bredsporet spor, der bruges sparsomt p\u00e5 grund af afbrudte forbindelser med Usbekistan og Kasakhstan. I 2022 begyndte arbejdet med en 186 km lang forl\u00e6ngelse fra Balykchy til Karakeche for at transportere kul; i juni 2023 \u00e5bnede en Balykchy-Bishkek-linje. En Kina-Kirgisistan-Usbekistan-jernbane, en del af Belt and Road-initiativet, skal efter planen p\u00e5begyndes i juli 2025 og str\u00e6kke sig over 523 km p\u00e5 tv\u00e6rs af de tre stater.<\/p>\n\n\n\n<p>Flyrejser er centreret omkring Manas International Airport n\u00e6r Bishkek, med ruter til Moskva, Almaty, Istanbul og Dubai; Osh Lufthavn tilbyder daglige afgange til hovedstaden og flyvninger til st\u00f8rre russiske og centralasiatiske byer. Jalal-Abad opretholder forbindelser til Bishkek og s\u00e6sonbestemte forbindelser til Issyk-Kul. Mange flyvepladser fra sovjettiden er fortsat inaktive eller begr\u00e6nset til milit\u00e6r brug. Kirgisiske luftfartsselskaber optr\u00e6der p\u00e5 EU&#039;s liste over flyforbud p\u00e5 grund af sikkerhedsproblemer.<\/p>\n\n\n\n<p>Bjerglandskaber, alpine s\u00f8er og kulturarvssteder definerer Kirgisistans appel. Issyk-Kuls nordlige bred er hjemsted for feriesteder i Cholpon-Ata, Kara-Oi og Bosteri; det \u00e5rlige bes\u00f8gstal toppede over en million i 2006-07, f\u00f8r regional ustabilitet reducerede antallet. Alay-dalen og Son-Kul-s\u00f8en tiltr\u00e6kker hyrder og trekkere under sommernomadismen. Sary-Chelek Naturreservat tilbyder vandreture blandt gletsjers\u00f8er og blandede skove. Stenkaravanseraiet i Tash Rabat, der stammer fra det femtende \u00e5rhundrede, ligger langs tidligere Silkevejsruter. Burana-t\u00e5rnet, en minaret fra det tiende \u00e5rhundrede n\u00e6r Tokmok, minder om hovedstaden Balasagun. Ala Archa Nationalpark, en halv time fra Bishkek, byder p\u00e5 tinder over 4.000 meter og markerede stier.<\/p>\n\n\n\n<p>Bes\u00f8gende i byerne udforsker Bishkeks sovjettidspladser, museer og basarer; Oshs vidtstrakte udend\u00f8rsmarked \u00e5bner dagligt n\u00e6r Sulaiman-Too, landets eneste UNESCO-verdensarvssted. Landlige bos\u00e6ttelser som Arslanbob, kendt for sine valn\u00f8ddeskove og islamiske pilgrimsf\u00e6rd, eller Kochkor, en port til Song-Kul-vandreture, fremviser lokalt h\u00e5ndv\u00e6rk og pastorale levevis. Rejsende kan overnatte i jurter, pr\u00f8ve beshbarmak og manti og deltage i festivaler, der viser hestesport, musik og mundtlig poesi. Jagt-, fiskeri- og heliskiing-tjenester opererer ogs\u00e5 i udvalgte dale.<\/p>\n\n\n\n<p>P\u00e5 grund af de vestlige sociale normer \u2013 p\u00e5 trods af et nominelt muslimsk flertal \u2013 forbliver p\u00e5kl\u00e6dningskoderne afslappede i byerne, selvom konservativ p\u00e5kl\u00e6dning tilr\u00e5des i de sydlige landdistrikter. Sm\u00e5kriminalitet er steget i de senere \u00e5r; forsigtighed anbefales efter m\u00f8rkets frembrud i bykerner. N\u00f8dtjenester rykker ud p\u00e5 101 (brand), 102 (politi) og 103 (l\u00e6ge) med international landekode +996.<\/p>\n\n\n\n<p>Kirgisistan balancerer sin barske geografi med vedvarende kulturelle praksisser og en historie formet af imperier og revolutioner. Landets \u00f8konomi er afh\u00e6ngig af pengeoverf\u00f8rsler og udvindingsindustrier, samtidig med at den s\u00f8ger diversificering gennem vandkraft og turisme. Sproglig dualitet understreger komplekse identiteter, og religi\u00f8st liv blander tradition med sekul\u00e6r regeringsf\u00f8relse. Transportforbedringer forts\u00e6tter med at bygge bro over bjergkl\u00f8fter, selvom regionale integrationsprojekter truer. For dem, der krydser dets pas og dale, pr\u00e6senterer Kirgisistan et landskab, der b\u00e5de er kr\u00e6vende og fascinerende, en republik defineret af sine konturer lige s\u00e5 meget som af sit folk.<\/p>","protected":false},"excerpt":{"rendered":"<p>Kirgisistan, der ligger i Centralasien, er et eksempel p\u00e5 regionens dybe historie og fantastiske naturlandskaber. Officielt kaldet Den Kirgisiske Republik, ligger dette landfaste land strategisk i bjergene Tian Shan og Pamir. Med en befolkning p\u00e5 mere end 7 millioner er det politiske og kommercielle centrum i Kirgisistan Bishkek, hovedstaden og st\u00f8rste by. Mod nord, Kasakhstan; mod vest, Usbekistan; mod syd, Tadsjikistan; og mod \u00f8st og syd\u00f8st, Kina, har landet gr\u00e6nser til hver af disse nationer, s\u00e5 i krydsfeltet mellem mange civilisationer og p\u00e5virkninger.<\/p>","protected":false},"author":1,"featured_media":3487,"parent":24063,"menu_order":0,"comment_status":"closed","ping_status":"closed","template":"elementor_theme","meta":{"_eb_attr":"","footnotes":""},"class_list":["post-14785","page","type-page","status-publish","has-post-thumbnail"],"_links":{"self":[{"href":"https:\/\/travelshelper.com\/da\/wp-json\/wp\/v2\/pages\/14785","targetHints":{"allow":["GET"]}}],"collection":[{"href":"https:\/\/travelshelper.com\/da\/wp-json\/wp\/v2\/pages"}],"about":[{"href":"https:\/\/travelshelper.com\/da\/wp-json\/wp\/v2\/types\/page"}],"author":[{"embeddable":true,"href":"https:\/\/travelshelper.com\/da\/wp-json\/wp\/v2\/users\/1"}],"replies":[{"embeddable":true,"href":"https:\/\/travelshelper.com\/da\/wp-json\/wp\/v2\/comments?post=14785"}],"version-history":[{"count":0,"href":"https:\/\/travelshelper.com\/da\/wp-json\/wp\/v2\/pages\/14785\/revisions"}],"up":[{"embeddable":true,"href":"https:\/\/travelshelper.com\/da\/wp-json\/wp\/v2\/pages\/24063"}],"wp:featuredmedia":[{"embeddable":true,"href":"https:\/\/travelshelper.com\/da\/wp-json\/wp\/v2\/media\/3487"}],"wp:attachment":[{"href":"https:\/\/travelshelper.com\/da\/wp-json\/wp\/v2\/media?parent=14785"}],"curies":[{"name":"wp","href":"https:\/\/api.w.org\/{rel}","templated":true}]}}