{"id":14752,"date":"2024-09-20T08:45:57","date_gmt":"2024-09-20T08:45:57","guid":{"rendered":"https:\/\/travelshelper.com\/staging\/?page_id=14752"},"modified":"2026-03-11T18:13:30","modified_gmt":"2026-03-11T18:13:30","slug":"tripoli","status":"publish","type":"page","link":"https:\/\/travelshelper.com\/da\/destinations\/asia\/lebanon\/tripoli\/","title":{"rendered":"Tripoli"},"content":{"rendered":"<p>Tripoli ligger p\u00e5 et klippefyldt forbjerg 81 kilometer nord for Beirut med udsigt over det \u00f8stlige Middelhav. Som Libanons n\u00e6stst\u00f8rste by og hovedstad i det nordlige guvernement markerer den landets nordligste havneby. Gennem \u00e5rhundreder har den tjent som et knudepunkt for imperier og trosretninger, og dens bystruktur b\u00e6rer vidnesbyrd om f\u00f8nikiske s\u00f8m\u00e6nd, gr\u00e6ske bos\u00e6ttere, korsfarerriddere, mamlukkiske guvern\u00f8rer og osmanniske administratorer. I successive lag har hver civilisation efterladt sten og historie sammenflettet og formet b\u00e5de dens skyline og sociale konturer.<\/p>\n\n\n\n<p>Det tidligst registrerede navn, Athar, optr\u00e6der i f\u00f8nikiske annaler fra det 14. \u00e5rhundrede f.Kr. Gr\u00e6ske kolonister, der fulgte, omd\u00f8bte det til Tripolis \u2013 bogstaveligt talt &#034;tre byer&#034; \u2013 og derfra kom det moderne arabiske \u1e6car\u0101bulus. Inden for den arabiske verden fik det betegnelsen ash-Sh\u0101m, &#034;fra Levanten&#034;, for at skelne det fra dets libyske navnebror. Under korsfarerstyret opf\u00f8rte Raymond de Saint-Gilles den f\u00f8rste f\u00e6stning i 1102 og d\u00f8bte det Mont P\u00e8lerin. Citadellet br\u00e6ndte i 1289 og genopstod under emir Essendemir Kurgi i 1307-08. Dets massive port, indskrevet af S\u00fcleyman den Pr\u00e6gtige, vidner om senere osmannisk restaurering; et yderligere felttog i begyndelsen af \u200b\u200bdet 19. \u00e5rhundrede under guvern\u00f8r Mustafa Agha Barbar forst\u00e6rkede dets volde og kamre.<\/p>\n\n\n\n<p>Tripolis gamle bydel har bevaret sporene fra dens mamlukkiske renoveringsfolk. Gaderne er smallere for at afskr\u00e6kke belejringsmaskiner; hv\u00e6lvede broer sp\u00e6nder over gyder med h\u00f8je mure; skjulte smuthuller beskyttede engang vagtposter. Omkring snoede gyder ligger markeder og karavanserajer, khanerne der engang var v\u00e6rt for k\u00f8bm\u00e6nd p\u00e5 vej til Aleppo eller Damaskus. Inden for disse gyder forts\u00e6tter h\u00e5ndv\u00e6rkere \u00e6ldgamle erhverv - s\u00e6beproducenter presser olivenolie til h\u00e5rde br\u00f8d; kobbersmede hamrer bakker; t\u00f8mrere udsk\u00e6res indlagte \u00e6sker. En hjemlig summen sameksisterer med de afm\u00e5lte kald til b\u00f8n og klokkerne i maronitiske og ortodokse kirker.<\/p>\n\n\n\n<p>Mamluk-\u00e6raens religi\u00f8se arkitektur er ogs\u00e5 bevaret. Mansouri-moskeen, en r\u00e6kke bym\u00e6ssige hammamer og den n\u00e6rliggende Madrassa al-Uthmaniyya illustrerer periodens samspil mellem funktion og ornamentik. Fem badehuse er bevaret: Abed, Izz El-Din, Hajeb, Jadid og An-Nouri, det sidste grundlagt i 1333 af guvern\u00f8r Nur El-Din n\u00e6r Den Store Moske. Da Ibn Battutah bes\u00f8gte byen i 1355, bem\u00e6rkede han &#034;fine bade&#034; midt i vandkanalerede haver - en beskrivelse, der stadig giver genlyd i disse k\u00f8lige, kuplede kamre.<\/p>\n\n\n\n<p>En kort g\u00e5tur fra den gamle bydel ligger Al-Tell-pladsen og dens klokket\u00e5rn, opf\u00f8rt i 1906 for at markere 30-\u00e5rsdagen for Sultan Abdul Hamid II&#039;s regeringstid. Den blev givet af det osmanniske hof og viser stadig tiden med fire sider, efter at en renovering i 1992 restaurerede dens mekanismer. I n\u00e6rheden st\u00e5r citadellet som vagtpost, hvis sandstensmure er ber\u00f8rt af fire forskellige epoker.<\/p>\n\n\n\n<p>Ud for kysten danner en kvartet af sm\u00e5\u00f8er \u2013 Palme\u00f8erne \u2013 et naturreservat. Den st\u00f8rste, lokalt kendt som Kanin\u00f8en, str\u00e6kker sig over omkring tyve hektar. Indf\u00f8rte europ\u00e6iske kaniner gr\u00e6ssede engang sandet under det franske mandat; i dag tilbyder det et fristed for truede karetteskildpadder, sj\u00e6ldne munkes\u00e6ler og tr\u00e6kfugle. Udgravninger i 1973 afsl\u00f8rede boliger fra korsfarertiden, der forbinder kystlinjens gr\u00f8nne omr\u00e5der med \u00e5rhundreder gammel menneskelig tilstedev\u00e6relse. UNESCO erkl\u00e6rede \u00f8erne fredede i 1992 og forb\u00f8d b\u00e5l eller camping for at bevare b\u00e5de dyreliv og kulturarv.<\/p>\n\n\n\n<p>Bag Rabbits Island ligger Bakar\u00f8erne, der engang var udlejet som skibsv\u00e6rft under osmannisk styre til Adel og Khiereddine Abdulwahab, og som stadig betjener maritime entrepren\u00f8rer. Mod vest pr\u00e6senterer Ramkin Island en bred sandstrand med stejle kalkstensklipper bag sig. Tilsammen indrammer disse \u00f8er Tripolis havnedistrikt, El Mina, som smelter sammen med selve byen og danner en sammenh\u00e6ngende kystby.<\/p>\n\n\n\n<p>Byens demografiske sammens\u00e6tning afspejler Libanons bredere mosaik. Registrerede v\u00e6lgere udgjorde over 92 procent muslimer i 2014, hvoraf omkring 82 procent identificerede sig som sunni og 8,7 procent som alawitter; kristne udgjorde lidt over 7 procent. I dag udg\u00f8r kristne - gr\u00e6sk-ortodokse, maronitiske, melkitiske, syriske og armenske - under 5 procent af bybefolkningen. Sunni-kvarterer som Bab al-Tabbaneh ligger faretruende t\u00e6t p\u00e5 det alawitiske flertal Jabal Mohsen, og sp\u00e6ndingerne er blusset op gentagne gange siden 2011, da konflikter i nabolandet Syrien har tiltrukket sig spejlblanke loyaliteter. Disse konfrontationer har undermineret Tripolis stabilitet og forv\u00e6rret de \u00f8konomiske vanskeligheder i en by, der l\u00e6nge har v\u00e6ret delt mellem rigere handlende og d\u00e5rligt stillede kvarterer.<\/p>\n\n\n\n<p>Tripolis klima er moderat i ekstreme temperaturer. Vinterregnen falder mellem december og marts, mens somrene forbliver t\u00f8rre. Den n\u00e6rliggende havstr\u00f8m d\u00e6mper vinterens laveste temperaturer med cirka ti grader Celsius sammenlignet med de indre dale; om sommeren s\u00e6nker kystbrisen temperaturen med omkring syv grader. Snefald kan h\u00f8jst pryde byen \u00e9n gang pr. \u00e5rti, men vinterhagl forekommer med en vis regelm\u00e6ssighed.<\/p>\n\n\n\n<p>Inden for byen finder religi\u00f8s mangfoldighed arkitektonisk udtryk. Ud over Mansouri-moskeen og middelalderlige hammamer ligger to dusin moskeer af varierende \u00e5rgang: mamlukiske bygningsv\u00e6rker som Taynal-moskeen, Arghoun Shah og Al-Attar; osmanniske fundamenter, herunder Abou Bakr Al-Siddeeq og Al-Rahma; og den imponerende Omar Ibn El-Khattab i udkanten af \u200b\u200bden gamle by. Kristne vartegn inkluderer Sankt Michael-katedralen (maronitisk), Sankt Elie (gr\u00e6sk-ortodoks), Sankt Ephrem (syrisk-ortodoks), Sankt Frans (romersk-katolsk), Sankt Georges (melkit), Sankt Hokekalousd (armensk-ortodoks), Vor Frue af Mari\u00e6 Bebudelsen (melkit) og Tripolis Nationale Evangeliske Kirke.<\/p>\n\n\n\n<p>Et moderne tiltag, Rachid Karami International Fairground, ligger ved byens sydlige indgang. Udt\u00e6nkt i 1962 af den brasilianske arkitekt Oscar Niemeyer til en verdensudstilling, oph\u00f8rte byggeriet i 1975 med begyndelsen af \u200b\u200bLibanons borgerkrig. Femten skeletlignende, ufuldst\u00e6ndige strukturer st\u00e5r tilbage fordelt p\u00e5 omkring 75 hektar, hvis buede tage og piloter antyder en utopisk vision frosset fast i tiden. Administrativ inerti og episodisk uro har efterladt stedet stort set ubrugt, flankeret af et hotel, der smuldrer i fors\u00f8mmelse. I 2023 optog UNESCO komplekset p\u00e5 b\u00e5de Verdensarvslisten og listen over verdensarv i fare, hvilket anerkendte dets kulturelle v\u00e6rdi og usikre tilstand.<\/p>\n\n\n\n<p>Transport til Tripoli f\u00f8lger traditionelle ruter. Fra Beiruts Charles Helou-station kan bes\u00f8gende tage en bus m\u00e6rket p\u00e5 arabisk \u2013 ofte kaldet &#034;Trablos Express&#034; \u2013 eller dele en taxa, hvis pris svarer til prisen for fire personer. Minibusser k\u00f8rer fra Cola- og Daoura-stationerne; i det centrale Tripoli opkr\u00e6ver delte servicetaxaer 1.000 LL pr. passager, stigende til 2.000 LL for l\u00e6ngere ruter. Havnen h\u00e5ndterer prim\u00e6rt fragt, men Med Star driver Libanons eneste ruteg\u00e5ende passagerf\u00e6rge.<\/p>\n\n\n\n<p>Tripolis gamle bydel er fortsat et omdrejningspunkt for Libanons kulinariske og kunsth\u00e5ndv\u00e6rksm\u00e6ssige arv. S\u00f8ndag morgen samles grupper fra Beirut i Hallabs konditorier, tiltrukket af klistret maamoul og knafeh. Selvom mange s\u00e6lgere handler under navnet Hallab, bevarer Rafaat Hallab (est. 1881) og Abdel Rahman Al Hallab en ubrudt sl\u00e6gt tilbage til konditor fra det 19. \u00e5rhundrede, der f\u00f8rst forfinede Tripolitan-slik.<\/p>\n\n\n\n<p>I et landskab pr\u00e6get af \u00f8konomisk ulighed og sporadisk uro, st\u00e5r Tripoli stadig som et opbevaringssted for arkitektoniske lag og menneskelig indsats. Dens smalle gader og skjulte g\u00e5rdhaver viser pr\u00e6g af s\u00f8farende, k\u00f8bm\u00e6nd og herskere, der formede en by, der p\u00e5 \u00e9n gang forbliver robust og urolig. Her fremkalder gamle sten og moderne ruiner en kontinuerlig samtale mellem fortid og nutid og inviterer dem, der bliver h\u00e6ngende, til at afd\u00e6kke historier indskrevet i hver en bue og gyde.<\/p>","protected":false},"excerpt":{"rendered":"<p>Tripoli, det n\u00e6stst\u00f8rste bycentrum i Libanon, ligger 81 kilometer nord for Beirut og har en ansl\u00e5et befolkning p\u00e5 omkring 730.000 indbyggere. Denne energiske by ligger p\u00e5 det \u00f8stlige Middelhav og fungerer som Libanons nordligste havneby og er s\u00e6de for Tripoli-distriktet og det nordlige guvernement. Som supplement til mindre befolkningsgrupper af alawitter og en r\u00e6kke kristne trosretninger, herunder maronitter og armeniere, som \u00f8ger byens kulturelle mangfoldighed, er den demografiske sammens\u00e6tning af byen for det meste sunnimuslimsk.<\/p>","protected":false},"author":1,"featured_media":2828,"parent":14746,"menu_order":0,"comment_status":"closed","ping_status":"closed","template":"elementor_theme","meta":{"_eb_attr":"","footnotes":""},"class_list":["post-14752","page","type-page","status-publish","has-post-thumbnail"],"_links":{"self":[{"href":"https:\/\/travelshelper.com\/da\/wp-json\/wp\/v2\/pages\/14752","targetHints":{"allow":["GET"]}}],"collection":[{"href":"https:\/\/travelshelper.com\/da\/wp-json\/wp\/v2\/pages"}],"about":[{"href":"https:\/\/travelshelper.com\/da\/wp-json\/wp\/v2\/types\/page"}],"author":[{"embeddable":true,"href":"https:\/\/travelshelper.com\/da\/wp-json\/wp\/v2\/users\/1"}],"replies":[{"embeddable":true,"href":"https:\/\/travelshelper.com\/da\/wp-json\/wp\/v2\/comments?post=14752"}],"version-history":[{"count":0,"href":"https:\/\/travelshelper.com\/da\/wp-json\/wp\/v2\/pages\/14752\/revisions"}],"up":[{"embeddable":true,"href":"https:\/\/travelshelper.com\/da\/wp-json\/wp\/v2\/pages\/14746"}],"wp:featuredmedia":[{"embeddable":true,"href":"https:\/\/travelshelper.com\/da\/wp-json\/wp\/v2\/media\/2828"}],"wp:attachment":[{"href":"https:\/\/travelshelper.com\/da\/wp-json\/wp\/v2\/media?parent=14752"}],"curies":[{"name":"wp","href":"https:\/\/api.w.org\/{rel}","templated":true}]}}