{"id":14746,"date":"2024-09-20T08:40:01","date_gmt":"2024-09-20T08:40:01","guid":{"rendered":"https:\/\/travelshelper.com\/staging\/?page_id=14746"},"modified":"2026-03-11T18:14:02","modified_gmt":"2026-03-11T18:14:02","slug":"libanon","status":"publish","type":"page","link":"https:\/\/travelshelper.com\/da\/destinations\/asia\/lebanon\/","title":{"rendered":"Libanon"},"content":{"rendered":"<p>Libanon ligger p\u00e5 en smal stribe land p\u00e5 Middelhavets \u00f8stkyst, hvor kalkstensrygge rejser sig brat fra en smal kystslette og giver plads ind i landet til den frugtbare Beqaa-dal og, l\u00e6ngere ude, Anti-Libanon-bjergk\u00e6den. Landet d\u00e6kker lidt over ti tusind kvadratkilometer og gr\u00e6nser op til Syrien mod nord og \u00f8st, Israel mod syd og Middelhavet mod vest. Lidt mere end fem millioner mennesker bor inden for landets gr\u00e6nser, hovedsageligt koncentreret i og omkring Beirut, hovedstaden og landets vigtigste havn.<\/p>\n\n\n\n<p>Menneskelig tilstedev\u00e6relse str\u00e6kker sig tilbage til mindst 5000 f.Kr. Fra det tredje \u00e5rtusinde f.Kr. til midten af \u200b\u200bdet f\u00f8rste \u00e5rtusinde f.Kr. dannede kystbyerne kernen i F\u00f8nikien, hvis k\u00f8bm\u00e6nd og skibsbyggere etablerede kolonier p\u00e5 tv\u00e6rs af Middelhavet. I 64 f.Kr. medf\u00f8rte romersk styre nye veje, teatre og templer. I det syvende \u00e5rhundrede e.Kr. var kontrollen skiftet til successive islamiske kalifater; senere \u00e5rhundreder blev korsfarerstatssamfund erstattet af ayyubidisk og derefter mamelukisk styre. Osmannisk administration tog fodf\u00e6ste i begyndelsen af \u200b\u200bdet femtende \u00e5rhundrede, selvom Tanzimat-reformerne under Sultan Abdulmejid I i midten af \u200b\u200bdet nittende \u00e5rhundrede skabte Mount Lebanon Mutasarrifate, et semi-autonomt distrikt designet til at beskytte maronitiske kristne.<\/p>\n\n\n\n<p>Den osmanniske magts kollaps efter F\u00f8rste Verdenskrig placerede Libanon under et fransk mandat. I 1920 opstod Storlibanon, hvis gr\u00e6nser strakte sig mod \u00f8st til at omfatte Beqaa-dalen. Uafh\u00e6ngighed kom i 1943 under en forfatning, der tildelte politiske embeder i henhold til religi\u00f8s tilh\u00f8rsforhold - et system, der havde til form\u00e5l at afbalancere kristne, muslimske og drusiske samfund. Freden varede indtil 1975, hvor sekteriske sp\u00e6ndinger br\u00f8d ud i borgerkrig. Kampene fortsatte indtil 1990, hvor syriske styrker intervenerede (1976-2005), og israelske invasioner fortsatte i syd. Konflikten med Israel genoptog med mellemrum og kulminerede i flere invasioner; den seneste konfrontation begyndte i oktober 2023 og er stadig ul\u00f8st.<\/p>\n\n\n\n<p>Topografien deler Libanon i fire forskellige regioner. En smal kystslette, dannet af marine sedimenter og flodalluvium, udvider sig n\u00e6r den syriske gr\u00e6nse og sn\u00e6vrer ind til klippefyldte forbjerge ved den israelske gr\u00e6nse. Inde i landet l\u00f8ber Libanon-k\u00e6den - kalkstens- og sandstenstoppe, der rejser sig over tre tusind meter ved Qurnat som Sawda\u02be - parallelt med kysten, udsk\u00e5ret af stejle kl\u00f8fter og draperet med sne hver vinter. L\u00e6ngere mod \u00f8st ligger Beqaa-dalen i en kl\u00f8ft, der str\u00e6kker sig ind i \u00d8stafrika. Dens dybe jord underst\u00f8tter vinmarker og frugtplantager. Bag dalen h\u00e6ver Anti-Libanon-massivet sig, der kulminerer ved Hermonbjerget, hvis skr\u00e5ninger str\u00e6kker sig over de omstridte Shebaa-g\u00e5rde.<\/p>\n\n\n\n<p>Libanons floder er korte og ikke-sejlbare. Tretten udspringer i de vestlige bjerge og l\u00f8ber vestp\u00e5 mod havet; Litani er den l\u00e6ngste og flyder nordp\u00e5 gennem Beqaa, f\u00f8r den b\u00f8jer mod vest. S\u00e6sonbestemte str\u00f8mme genopfylder deres lejer hver vinter, mens kilder og vandingskanaler opretholder landbruget i sommerens t\u00f8rre m\u00e5neder.<\/p>\n\n\n\n<p>Klimaet varierer med h\u00f8jden. Kystzonerne f\u00e5r mest nedb\u00f8r mellem november og marts, med k\u00f8lige vintre og fugtige somre. Over tusind meter falder vintertemperaturerne til under frysepunktet, og kraftig snefald kan forts\u00e6tte ind i maj. I februar 2025 bragte et pol\u00e6rt vejrsystem kaldet stormen Adam sne til h\u00f8jder s\u00e5 lave som tre hundrede meter og rekordlave temperaturer over bjergene.<\/p>\n\n\n\n<p>Administrativt er ni guvern\u00f8rer opdelt i 25 distrikter og adskillige kommuner. Libanons \u00f8konomiske ramme er forankret i laissez-faire-principper. De fleste transaktioner anvender amerikanske dollars. Kapitalstr\u00f8mme krydser gr\u00e6nser uden restriktioner. Libanons investeringsudviklingsmyndighed, der blev dannet i 1994 og styrket af investeringslov nr. 360 af 2001, fremmer udenlandske direkte investeringer i teknologi, landbrugsvirksomhed og vedvarende energi.<\/p>\n\n\n\n<p>Alligevel er \u00f8konomien kollapset i de senere \u00e5r. Fra 2018 til 2023 faldt BNP med fyrre procent. Det libanesiske pund mistede 95 procent af sin v\u00e6rdi i forhold til dollaren. Inflationen steg til over to hundrede procent. Den officielle valutakurs blev opgivet for f\u00f8rste gang i 25 \u00e5r. Bankerne indf\u00f8rte uformelle kapitalkontroller. I 2023 levede tre ud af fire libanesere under fattigdomsgr\u00e6nsen. Verdensbanken rangerer denne nedtur blandt de mest alvorlige siden det nittende \u00e5rhundrede. Dens r\u00f8dder ligger i en langvarig finansieringsordning fra centralbanken, som l\u00e5nte dollars til h\u00f8j rente for at finansiere offentlige underskud. Da indl\u00e5nsv\u00e6ksten aftog, kollapsede systemet, hvilket kulminerede i misligholdelse i 2020 og havneeksplosionen i Beirut samme \u00e5r.<\/p>\n\n\n\n<p>F\u00f8r denne krise, fra den osmanniske \u00e6ra til 1960&#039;erne, trivedes Libanon som et regionalt bankknudepunkt og distributionscenter. Handel med f\u00f8devareforarbejdning, tekstiler, smykker og t\u00e6pper opretholdt en stigende levestandard. Genopbygningen efter krigen omformede \u00f8konomien til servicesektoren \u2013 bankvirksomhed, fast ejendom og turisme besk\u00e6ftiger nu to tredjedele af arbejdsstyrken og tegner sig for en lignende andel af BNP. Pengeoverf\u00f8rsler fra en udbredt diaspora bidrog med omkring en femtedel af nationalindkomsten i 2008. Disse netv\u00e6rk str\u00e6kker sig til Afrika, Amerika og Australien, hvor libanesiske samfund driver virksomheder fra detailbutikker til byggeri.<\/p>\n\n\n\n<p>Turisme stod engang for en tiendedel af BNP. P\u00e5 sit h\u00f8jdepunkt i 2009 oversteg antallet af bes\u00f8gende 1,8 millioner; Beirut blev udn\u00e6vnt til verdens f\u00f8rende destination af en international avis. Ti \u00e5r senere udl\u00f8ste regionale stridigheder i nabolandet Syrien et fald p\u00e5 37 procent i antallet af bes\u00f8gende. I maj 2025 oph\u00e6vede De Forenede Arabiske Emirater sit langvarige rejseforbud og fornyede h\u00e5bet om en genoplivning.<\/p>\n\n\n\n<p>Libanons befolkningsdemografi er fortsat f\u00f8lsom. Der har ikke v\u00e6ret nogen folket\u00e6lling siden 1932, hvor kristne udgjorde et lille flertal. Sk\u00f8n for 2021 ansl\u00e5r det samlede antal indbyggere til 5,6 millioner, inklusive n\u00e6sten en million flygtninge fra Syrien og Pal\u00e6stina. Der er omkring 4,7 millioner libanesiske statsborgere. Religi\u00f8s mangfoldighed er blandt de h\u00f8jeste i regionen. Fire muslimske sekter, tolv kristne kirker samt drusere og et lille j\u00f8disk samfund er officielt anerkendt. Nylige unders\u00f8gelser tyder p\u00e5, at muslimer (inklusive drusere) udg\u00f8r omkring to tredjedele af borgerne og kristne en tredjedel. Unders\u00f8gelsesdata peger p\u00e5 et beskedent fald i religi\u00f8s overholdelse blandt yngre generationer.<\/p>\n\n\n\n<p>Sproget afspejler denne pluralitet. Arabisk fungerer som det officielle sprog, mens moderne standardarabisk er forbeholdt trykte medier og formelle tiltaler. Libanesisk arabisk er fremherskende i dagligdagen. Fransk bevarer juridisk status og optr\u00e6der i erhvervslivet og uddannelsessystemet; n\u00e6sten fyrre procent af libaneserne identificerer sig som frankofone. Engelsk har vundet frem inden for videnskab og handel, og begge europ\u00e6iske sprog erstatter arabisk blandt mange unge i byerne. Armensk, gr\u00e6sk og assyrisk er fortsat et sprog, der tales i disse respektive samfund.<\/p>\n\n\n\n<p>Kulturlivet b\u00e6rer pr\u00e6g af sin f\u00f8nikiske oprindelse, romerske arv, arabiske arv samt osmannisk og fransk forvaltning. Musik blander modale former med vestlige instrumenter. Litteratur konfronterer krig, eksil og identitet. Festivaler \u2013 religi\u00f8se og sekul\u00e6re \u2013 afspejler lokale traditioner og diaspora-festligheder. Over hele kloden driver libanesiske kokke n\u00e6sten ti tusind restauranter, der introducerer retter som kibbe \u2013 en blanding af hakket lam og knust hvede \u2013 og tabbouleh, en salat af persille, tomat og burghul, sammen med regionale variationer p\u00e5 mezze-p\u00e5l\u00e6g.<\/p>\n\n\n\n<p>Byer tilbyder distinkte profiler. Beirut kombinerer facader fra den osmanniske \u00e6ra med moderne glast\u00e5rne \u200b\u200bog danner en mosaik af kvarterer, hvor caf\u00e9er str\u00e6kker sig ud over fortovene, og nattelivet pulserer i b\u00e5de lukkede klubber og strandbarer. Tripoli, der stadig b\u00e6rer pr\u00e6g af mamlukisk arkitektur og korsfarercitadellet, viser vedvarende ar fra borgerkrigen og sygner hen i relativ fattigdom. Sidon bevarer sine karavanserai, middelalderlige souker og kystpromenader. Tyrus har f\u00f8nikiske og romerske ruiner p\u00e5 sine brede strande. Byblos g\u00f8r krav p\u00e5 at v\u00e6re en af \u200b\u200bverdens \u00e6ldste kontinuerligt beboede bos\u00e6ttelser, med sit slot og gamle havn omgivet af livlige markeder.<\/p>\n\n\n\n<p>Bes\u00f8gende ankommer prim\u00e6rt med fly via Beirut International Airport, som er forbundet af Middle East Airlines og forskellige regionale og europ\u00e6iske luftfartsselskaber. Busser og deletaxier forbinder Damaskus og andre syriske byer. En f\u00e6rge, der afg\u00e5r to gange om ugen, forbinder Tripoli med Tyrkiet. I Libanon er biler fortsat det mest effektive transportmiddel p\u00e5 uj\u00e6vne veje; lejepriser kr\u00e6ver forhandling, ligesom priser p\u00e5 &#034;servicetaxier&#034;, der fungerer som uformelle minibusser. Uber opererer i Beirut for dem med internetadgang, og motorveje gennemsk\u00e6rer bjerge og sletter, selvom huller og uberegnelig k\u00f8rsel kr\u00e6ver \u00e5rv\u00e5genhed.<\/p>\n\n\n\n<p>Sociale skikke understreger respekt for \u00e6ldre, indirekte kommunikation og g\u00e6stfrihed. P\u00e5kl\u00e6dningskoder varierer: beskeden p\u00e5kl\u00e6dning passer til religi\u00f8se steder og konservative distrikter; bycentre tillader mere vestlige stilarter. Bes\u00f8gende b\u00f8r undg\u00e5 diskussioner om f\u00f8lsomme politiske emner n\u00e6r gr\u00e6nser og afst\u00e5 fra gestus, der anses for uh\u00f8flige, s\u00e5som at vinke med en finger. Sydlige omr\u00e5der under militsindflydelse udg\u00f8r yderligere risici; Arsal i det nordlige Beqaa har set sporadiske kidnapninger og er fortsat frar\u00e5delig.<\/p>\n\n\n\n<p>Pilgrimme, l\u00e6rde og turister kan i Libanon finde en blanding af civilisationer og klimaer: olivenlunde ved havets overflade, sned\u00e6kkede tinder om for\u00e5ret og dale, hvor vinstokke giver vin, der var ukendt for et \u00e5rhundrede siden. Den kompakte geografi koncentrerer kontraster - kyst og bjerg, rigdom og modgang, tradition og innovation - der hver is\u00e6r former et samfund, der best\u00e5r p\u00e5 trods af konflikt og \u00f8konomisk kollaps. I denne konvergens af historier og landskaber st\u00e5r Libanon ved som et bevis p\u00e5 tilpasning under pres og p\u00e5 menneskelige samfunds vedholdenhed i det \u00f8stlige Middelhav.<\/p>","protected":false},"excerpt":{"rendered":"<p>Libanon, der ligger i Levant-regionen i Vestasien, har en befolkning p\u00e5 over fem millioner inden for sit begr\u00e6nsede omr\u00e5de p\u00e5 10.452 kvadratkilometer. Med gr\u00e6nser til Syrien mod nord og \u00f8st, Israel mod syd og Middelhavet mod vest, ligger dette lille, men kulturelt rige land bevidst i krydset mellem Middelhavsbassinet og det arabiske bagland. Cyperns n\u00e6rhed \u2013 kun en kort afstand fra Libanons kyst \u2013 fremh\u00e6ver endnu mere dets vitale position i omr\u00e5det.<\/p>","protected":false},"author":1,"featured_media":3645,"parent":24063,"menu_order":0,"comment_status":"closed","ping_status":"closed","template":"elementor_theme","meta":{"_eb_attr":"","footnotes":""},"class_list":["post-14746","page","type-page","status-publish","has-post-thumbnail"],"_links":{"self":[{"href":"https:\/\/travelshelper.com\/da\/wp-json\/wp\/v2\/pages\/14746","targetHints":{"allow":["GET"]}}],"collection":[{"href":"https:\/\/travelshelper.com\/da\/wp-json\/wp\/v2\/pages"}],"about":[{"href":"https:\/\/travelshelper.com\/da\/wp-json\/wp\/v2\/types\/page"}],"author":[{"embeddable":true,"href":"https:\/\/travelshelper.com\/da\/wp-json\/wp\/v2\/users\/1"}],"replies":[{"embeddable":true,"href":"https:\/\/travelshelper.com\/da\/wp-json\/wp\/v2\/comments?post=14746"}],"version-history":[{"count":0,"href":"https:\/\/travelshelper.com\/da\/wp-json\/wp\/v2\/pages\/14746\/revisions"}],"up":[{"embeddable":true,"href":"https:\/\/travelshelper.com\/da\/wp-json\/wp\/v2\/pages\/24063"}],"wp:featuredmedia":[{"embeddable":true,"href":"https:\/\/travelshelper.com\/da\/wp-json\/wp\/v2\/media\/3645"}],"wp:attachment":[{"href":"https:\/\/travelshelper.com\/da\/wp-json\/wp\/v2\/media?parent=14746"}],"curies":[{"name":"wp","href":"https:\/\/api.w.org\/{rel}","templated":true}]}}