{"id":14728,"date":"2024-09-19T23:40:30","date_gmt":"2024-09-19T23:40:30","guid":{"rendered":"https:\/\/travelshelper.com\/staging\/?page_id=14728"},"modified":"2026-03-11T18:35:30","modified_gmt":"2026-03-11T18:35:30","slug":"malacca-by","status":"publish","type":"page","link":"https:\/\/travelshelper.com\/da\/destinations\/asia\/malaysia\/malacca-city\/","title":{"rendered":"Malacca by"},"content":{"rendered":"<p>Malacca City, kendt p\u00e5 malaysisk som Bandaraya Melaka eller Kota Melaka, ligger p\u00e5 et smalt stykke land p\u00e5 begge bredder af floden, der b\u00e6rer dens navn, n\u00e6r det punkt, hvor den munder ud i Malaccastr\u00e6det. Som det tidligste bycentrum p\u00e5 denne kritiske s\u00f8vej giver byens lagdelte historie genlyd i hver en mursten og brosten. Dens gader hvisker om en sumatra-prins flugt, om rivaliserende imperier, der k\u00e6mper om kontrollen over Asiens vigtigste maritime f\u00e6rdsel, og om de utallige sj\u00e6le \u2013 k\u00f8bm\u00e6nd, pilgrimme, soldater \u2013 der passerede gennem dens havne i mere end seks \u00e5rhundreder.<\/p>\n\n\n\n<p>Fra det \u00f8jeblik Parameswara, efter at have flygtet fra Srivijayas kollaps i h\u00e6nderne p\u00e5 Majapahit-styrker, lagde grunden til det, der skulle blive Malacca-sultanatet, vakte denne bos\u00e6ttelse opm\u00e6rksomhed. Under Sultan Iskandar Shahs og hans efterf\u00f8lgeres styre fandt handelsskibe med krydderier, tekstiler, \u00e6dle metaller og porcel\u00e6n et sikkert tilflugtssted her. Kinesiske junker og arabiske dhows, sydasiatiske skibe og javanesiske prahus samledes i havnen og skabte et kosmopolitisk milj\u00f8 uden sidestykke i regionen. Sultanatets juridiske kodeks og administrative system ville med tiden p\u00e5virke de malaysiske samfund i hele \u00f8gruppen, mens dets hof blev synonymt med raffinement og l\u00e6rdom.<\/p>\n\n\n\n<p>Den gyldne tidsalder sluttede i 1511, da portugisiske styrker erobrede byens f\u00e6stning. En beskeden rest af denne f\u00e6stning - Porta de Santiago - st\u00e5r stadig som en ensom vagtpost over flodbredden, dens sten overgroet med mos. I de f\u00f8lgende \u00e5rtier svingede Malacca mellem de omkringliggende sultanaters ambitioner og de europ\u00e6iske kolonisters planer. Acehs angreb i begyndelsen af \u200b\u200bdet 17. \u00e5rhundrede sv\u00e6kkede det portugisiske styre, selvom Johors herskere, i alliance med det hollandske \u00f8stindiske kompagni, vristede byen v\u00e6k i 1641. Da interne stridigheder splittede Johor-Riau-imperiet i separate malaysiske og bugisledede statssamfund, tr\u00e5dte briterne - bekymrede over hollandsk indflydelse - til. Deres indflydelse p\u00e5 regionale anliggender voksede gennem traktater og stationering af tropper, hvilket kulminerede i Malaccas optagelse i Straits Settlements sammen med Penang og Singapore.<\/p>\n\n\n\n<p>Under britisk ledelse udvidede byens gader sig ud over den koloniale kerne og v\u00e6vede kinesiske butikshuse, indiske templer og moskeer sammen i et landskab af lagdelte loyalitetsb\u00e5nd og sammenflettede samfund. Alligevel kom moderniseringen uj\u00e6vnt; store victorianske bygningsv\u00e6rker delte vejareal med hestetrukne trishawer, og traditionelle kampung (landsbyhuse) st\u00f8dte op til nye f\u00f8derale veje. Den japanske bes\u00e6ttelse fra 1942 til 1945 medf\u00f8rte modgang: mange beboere blev deporteret til tvangsarbejde p\u00e5 det, der senere skulle blive kendt som D\u00f8dens Jernbane i Burma. Befrielsen genoprettede britisk indflydelse, og Malacca genoptog sin status som delstatshovedstad indtil Malaysias dannelse i 1963.<\/p>\n\n\n\n<p>I 2008 bekr\u00e6ftede UNESCO, sammen med George Town i Penang, Malaccas levende kulturarv. I dag er dens historiske kerne - centreret omkring St. Paul&#039;s Hill og Dutch Square - beskyttet ikke kun som en samling af monumenter, men som et distrikt, hvor det daglige liv udfolder sig midt i imperiets levn. Stadthuys, engang det hollandske r\u00e5dhus, huser de historiske og etnografiske museer; Christ Churchs karmosinr\u00f8de facade v\u00e5ger stadig over Trafalgar Street. P\u00e5 skr\u00e5ningerne af Bukit China ligger en af \u200b\u200bSyd\u00f8stasiens st\u00f8rste kinesiske gravpladser, hvis gravsten markerer mere end tre \u00e5rhundreders kontinuerlig internering.<\/p>\n\n\n\n<p>Det moderne Malacca str\u00e6kker sig over mere end UNESCO-zonen. Landindvindingsprojekter mod syd har fordoblet byens bebyggede areal og skabt nye promenader langs vandet og h\u00f8jhuse. Det flade terr\u00e6n, der er let b\u00f8lgende inde i landet, underst\u00f8tter et bym\u00e6ssigt fodaftryk, der str\u00e6kker sig cirka 152 kilometer fra Kuala Lumpur ad vej. Malacca-floden, engang livsnerven for handel, f\u00f8rer nu middagskrydstogter under buede broer, der forbinder fortid og nutid, mens batikkl\u00e6dte b\u00e5de driver forbi restaurerede pakhuse.<\/p>\n\n\n\n<p>Byen har et tropisk regnskovsklima, s\u00e5 den kender hverken til en \u00e6gte t\u00f8r s\u00e6son eller en kuldeperiode. Nedb\u00f8ren overstiger 100 mm hver m\u00e5ned, men forbliver lidt under halv\u00f8ens gennemsnit p\u00e5 2.500 mm \u00e5rligt. Luftfugtigheden ligger over 80 procent \u00e5ret rundt, og luften er tyk af duften af \u200b\u200bfrangipani og havspr\u00f8jt. En s\u00e5dan ensartethed giver bes\u00f8gende mulighed for at udforske byen uden afbrydelse, selvom pludselige regnskyl ofte skyller igennem sidst p\u00e5 eftermiddagen.<\/p>\n\n\n\n<p>Demografisk set er Malacca City et v\u00e6ld af traditionsrige samfund. Ved folket\u00e6llingen i 2010 bestod dens n\u00e6sten halve million indbyggere af malaysiere i flertal, et betydeligt kinesisk mindretal, betydelige indiske og eurasiske kontingenter og sm\u00e5 grupper af udl\u00e6ndinge. Blandede \u00e6gteskaber gennem \u00e5rhundreder har givet anledning til Peranakan (Baba Nyonya), Chitty og Kristang-folkene - der hver is\u00e6r videref\u00f8rer kreolske sprog og hybride skikke. Moskeer, templer og kirker st\u00e5r skulder ved skulder: Islam, buddhisme, hinduisme, kristendom og kinesiske folkereligioner sameksisterer i kvarterer, hvor flere bedehuse m\u00f8des p\u00e5 &#034;Harmony Street&#034;.<\/p>\n\n\n\n<p>\u00d8konomisk set udg\u00f8r turisme byens rygrad. \u00c5r efter \u00e5r fylder internationale konferencer hallerne i Malacca International Trade Centre, mens guidede ture langs Jonker Walk liver weekenderne op. Little Indias kryddeributikker, den portugisiske bos\u00e6ttelses tr\u00e6bungalower pyntet med bl\u00e5-hvide fliser og Maritime Museums trofaste kopi af Flor de la Mar tiltr\u00e6kker alle nysgerrige rejsende. Byen ligger langs Kinas foresl\u00e5ede Maritime Silkevej, en hentydning til dens forf\u00e6dres rolle i global udveksling. Ambitioner om et nyt Hang Tuah Trade Centre lover yderligere integration af handel, uddannelse og g\u00e6stfrihed i hjertet af den gamle bydel.<\/p>\n\n\n\n<p>Bev\u00e6gelsen gennem Malacca sp\u00e6nder fra det hverdagsagtige til det s\u00e6regne. F\u00f8derale ruter f\u00f8rer ind i North-South Expressway; Malacca Sentral centraliserer bus- og taxaforbindelser mellem byerne. Executive-taxaer forbinder byen med Singapore, mens lokale trishawer tilbyder nostalgiske ture rundt om Dutch Square. Tog - engang revet i stykker under krigstid - er vendt tilbage i form af en KTM-shuttlebus til Seremban og Malacca Monorail, der blev gen\u00e5bnet i 2017 efter flere \u00e5rs pause. Planer om en naturgasdrevet sporvogn og en bro over sundet til Dumai i Sumatra er dukket op med j\u00e6vne mellemrum, selvom kun flodkrydstogtet og en monorail stadig er p\u00e5lidelige inventar.<\/p>\n\n\n\n<p>Kulturelle vartegn str\u00e6kker sig ud over det europ\u00e6iske kvarter. Cheng Hoon Teng, Malaysias \u00e6ldste kinesiske tempel, udf\u00f8rer stadig ritualer inden for sin udsk\u00e5rne tr\u00e6facade. Sri Poyatha Vinayagar Moorthi-templet og Kampung Kling-moskeen indrammer en krydsende troskorridor. En kort sti op ad bakke f\u00f8rer til ruinerne af Saint Paul&#039;s Church, hvor portugisiske og hollandske gravskrifter sl\u00f8rer sig under mosbekl\u00e6dte v\u00e6gge. Museer ligger langs Jalan Kota: Malay and Islamic World Museum, Frim\u00e6rkemuseet og Melaka Sultanate Palace Museum - en rekonstruktion fra 1985 af Sultan Mansur Shahs tr\u00e6palads - tilbyder fort\u00e6llende dybde til byens historiske fortid.<\/p>\n\n\n\n<p>Intet portr\u00e6t af Malacca er komplet uden maden. Peranakan-k\u00f8kkenerne producerer ayam pongteh \u2013 rigt fjerkr\u00e6 simret i fermenteret b\u00f8nnesauce \u2013 og ayam buah keluak, en ret bygget op omkring en bitter tropisk n\u00f8d. Gadeboder former hainanesisk kyllingeris til perfekte kugler, hvor hvert korn p\u00e5 st\u00f8rrelse med en pingpongkugle fungerer som en beholder til subtilt krydret kyllingebouillon. Satay celup-boder pr\u00e6senterer spyd med skaldyr og gr\u00f8ntsager og inviterer g\u00e6sterne til at dyppe deres tilbud i en simrende beholder med jordn\u00f8ddesauce \u2013 en f\u00e6lles fest med krydderi og latter. I den portugisiske bos\u00e6ttelse samles familier over dj\u00e6vlekarryretter og skaldyrsfade, hvor deres Christ\u00e3o creole er en p\u00e5mindelse om ankomsten i det 16. \u00e5rhundrede.<\/p>\n\n\n\n<p>Gennem \u00e5rhundreders omv\u00e6ltninger og fornyelse st\u00e5r Malacca City fast som et spejl af den regionale historie. Dens gyder og vartegn vidner om imperium og udveksling, konflikt og samarbejde. Men ud over disse store fort\u00e6llinger ligger rytmerne i det daglige liv: kaldet til b\u00f8n ved daggry, klikket fra Mahjong-brikker i et klanhus, karnevalet p\u00e5 Jonker Walks natmarked. Her er nutiden uadskillelig fra fortiden, og hvert hj\u00f8rne rummer en historie, der venter p\u00e5 en omhyggelig l\u00e6ser. I Malacca bev\u00e6ger tiden sig som floden - st\u00f8t, dyb og altid mod havet.<\/p>","protected":false},"excerpt":{"rendered":"<p>Malacca City, med en befolkning p\u00e5 579.000 i 2019, fungerer som hovedstaden i den malaysiske delstat Malacca, beliggende i Melaka Tengah-distriktet. Det er den \u00e6ldste malaysiske by i Malacca-str\u00e6det, efter at have vundet ber\u00f8mmelse som en velst\u00e5ende entrep\u00f4t under Malacca-sultanatet. Byens begyndelse kan spores til Parameswara, en sumatransk hersker, der s\u00f8gte tilflugt p\u00e5 den malaysiske halv\u00f8 efter Srivijayas sammenbrud p\u00e5 grund af Majapahit. Under hans ledelse blev Malacca-sultanatet grundlagt, der trak handlende fra Mellem\u00f8sten, Sydasien og \u00d8stasien sammen med portugiserne, som havde til form\u00e5l at kontrollere de asiatiske handelsruter.<\/p>","protected":false},"author":1,"featured_media":2797,"parent":14710,"menu_order":0,"comment_status":"closed","ping_status":"closed","template":"elementor_theme","meta":{"_eb_attr":"","footnotes":""},"class_list":["post-14728","page","type-page","status-publish","has-post-thumbnail"],"_links":{"self":[{"href":"https:\/\/travelshelper.com\/da\/wp-json\/wp\/v2\/pages\/14728","targetHints":{"allow":["GET"]}}],"collection":[{"href":"https:\/\/travelshelper.com\/da\/wp-json\/wp\/v2\/pages"}],"about":[{"href":"https:\/\/travelshelper.com\/da\/wp-json\/wp\/v2\/types\/page"}],"author":[{"embeddable":true,"href":"https:\/\/travelshelper.com\/da\/wp-json\/wp\/v2\/users\/1"}],"replies":[{"embeddable":true,"href":"https:\/\/travelshelper.com\/da\/wp-json\/wp\/v2\/comments?post=14728"}],"version-history":[{"count":0,"href":"https:\/\/travelshelper.com\/da\/wp-json\/wp\/v2\/pages\/14728\/revisions"}],"up":[{"embeddable":true,"href":"https:\/\/travelshelper.com\/da\/wp-json\/wp\/v2\/pages\/14710"}],"wp:featuredmedia":[{"embeddable":true,"href":"https:\/\/travelshelper.com\/da\/wp-json\/wp\/v2\/media\/2797"}],"wp:attachment":[{"href":"https:\/\/travelshelper.com\/da\/wp-json\/wp\/v2\/media?parent=14728"}],"curies":[{"name":"wp","href":"https:\/\/api.w.org\/{rel}","templated":true}]}}