{"id":14616,"date":"2024-09-19T21:24:23","date_gmt":"2024-09-19T21:24:23","guid":{"rendered":"https:\/\/travelshelper.com\/staging\/?page_id=14616"},"modified":"2026-03-11T22:25:06","modified_gmt":"2026-03-11T22:25:06","slug":"hviderusland","status":"publish","type":"page","link":"https:\/\/travelshelper.com\/da\/destinations\/europe\/belarus\/","title":{"rendered":"Hviderusland"},"content":{"rendered":"<p>Hviderusland, formelt betegnet Republikken Hviderusland, indtager en central position i \u00d8steuropa. Med et areal p\u00e5 207.600 kvadratkilometer ligger det mellem breddegraderne 51\u00b0 og 57\u00b0 N og l\u00e6ngdegraderne 23\u00b0 og 33\u00b0 \u00d8 og deler gr\u00e6nser med Rusland mod \u00f8st og nord\u00f8st, Ukraine mod syd, Polen mod vest og Litauen og Letland mod nordvest. Republikken, der er hjemsted for omkring 9,1 millioner indbyggere, er organiseret i seks administrative regioner, mens hovedstaden, Minsk, skiller sig ud under en s\u00e6rlig status. Dette relativt flade omr\u00e5de, der er karakteriseret af omfattende marskomr\u00e5der og brede skovomr\u00e5der, pr\u00e6senterer et landskab, der b\u00e5de er underspillet og stille varieret.<\/p>\n<p>Hvideruslands relief er mildt, og den h\u00e6ver sig ikke mere end 345 meter over havets overflade ved Dzyarzhynskaya Hara og falder til 90 meter ved Neman-flodens laveste bred. Det hemiboreale klima bringer vintre, hvor gennemsnitlige januarminima varierer fra -4 \u00b0C i sydvest omkring Brest til -8 \u00b0C i nord\u00f8st n\u00e6r Vitebsk, mens somrene forbliver k\u00f8lige og fugtige med et gennemsnit p\u00e5 18 \u00b0C. Den \u00e5rlige nedb\u00f8r svinger mellem 550 og 700 millimeter, hvilket afspejler en overgangsposition mellem kontinentale og maritime regimer. Et t\u00e6t netv\u00e6rk af vandl\u00f8b og omkring 11.000 s\u00f8er supplerer tre hovedfloder - Neman, Pripyat og Dnepr - der forbinder landet med \u00d8sters\u00f8en og Sortehavet via deres l\u00f8b.<\/p>\n<p>N\u00e6sten 43 procent af Hvideruslands areal var d\u00e6kket af skov i 2020, en stigning fra cirka 37 procent i 1990. Af de 8,8 millioner hektar skov regenererer omkring 6,6 millioner hektar sig naturligt, mens 2,2 millioner hektar skyldes planlagt skovrejsning. Kun en lille del, m\u00e5ske to procent, bevarer kendetegnene for prim\u00e6rskov, men alligevel falder omkring 16 procent af alle skove inden for formelt beskyttede zoner. Denne overflod af tr\u00e6er eksisterer side om side med sumpede lavlande, is\u00e6r i Polesie-regionen, hvor t\u00f8rveforekomster repr\u00e6senterer b\u00e5de et \u00f8kologisk tr\u00e6k og en udnyttelig ressource.<\/p>\n<p>Under sin jordbund gemmer Hviderusland p\u00e5 beskedne m\u00e6ngder olie og naturgas, sammen med mere rigelige mineralressourcer: granit, dolomit, mergel, kridt, sand, grus og ler. Alligevel h\u00e6nger arven fra Tjernobyl-katastrofen i 1986 stadig ved: cirka halvfjerds procent af det radioaktive nedfald fra Ukraines ramte reaktor fandt sted p\u00e5 hviderussisk territorium og forurenede ansl\u00e5et en femtedel af landet, prim\u00e6rt i syd\u00f8st. Internationale bestr\u00e6belser, ledet af FN og allierede organisationer, har s\u00f8gt at mindske jordkoncentrationerne af c\u00e6sium-137 gennem landbrugsinterventioner - herunder dyrkning af raps og anvendelse af bindemidler - mens skovbrug og jordforvaltning tilpasser sig langsigtede str\u00e5lingsbegr\u00e6nsninger.<\/p>\n<p>Hvideruslands moderne gr\u00e6nser tog i vid udstr\u00e6kning form i det tyvende \u00e5rhundrede. Efter det polsk-litauiske Commonwealths fald i slutningen af \u200b\u200bdet attende \u00e5rhundrede blev landene underlagt det russiske imperium. Efter den russiske revolutions tumult k\u00e6mpede en r\u00e6kke kortlivede stater om kontrollen, hvilket kulminerede i etableringen af \u200b\u200bden hviderussiske sovjetiske socialistiske republik i 1919. Den polsk-sovjetiske krig (1918-1921) afstod n\u00e6sten halvdelen af \u200b\u200bdisse territorier til Polen, kun for at den sovjetiske invasion af det \u00f8stlige Polen i 1939 vendte mange af disse tab. De endelige afgr\u00e6nsninger krystalliserede sig i k\u00f8lvandet p\u00e5 Anden Verdenskrig, da sovjetisk administrativ praksis konsoliderede Hvideruslands seks regioner og Minsks s\u00e6rlige status.<\/p>\n<p>Anden Verdenskrig medf\u00f8rte \u00f8del\u00e6ggelse i Hvideruslands samfund og \u00f8konomi: Milit\u00e6re operationer og bes\u00e6ttelser kostede n\u00e6sten en fjerdedel af borgerne livet og udslettede halvdelen af \u200b\u200blandets industrielle og landbrugsm\u00e6ssige kapacitet. Midt i denne \u00f8del\u00e6ggelse opstod en modstandsdygtig partibev\u00e6gelse \u2013 forenet af anti-nazistisk beslutsomhed og bem\u00e6rkelsesv\u00e6rdigt forskelligartet i sammens\u00e6tning \u2013 som formede efterkrigstidens politik i \u00e5rtier. I 1945, som stiftende medlem af De Forenede Nationer sammen med Sovjetunionen, indledte den hviderussiske SSR en hurtig transformation fra et landbrugsm\u00e6ssigt bagland til en industriel republik, styret af central planl\u00e6gning og kollektivisering.<\/p>\n<p>Med forandringens vinde fejende gennem \u00d8steuropa proklamerede Hvideruslands \u00f8verste sovjet suver\u00e6nitet den 27. juli 1990. Inden for et \u00e5r f\u00f8rte Sovjetunionens opl\u00f8sning til fuld uafh\u00e6ngighed den 25. august 1991. En ny forfatning fulgte tre \u00e5r senere, og i 1994 blev Alexander Lukashenko valgt til pr\u00e6sident med landets eneste frie stemmeret siden uafh\u00e6ngigheden. Hans embedsperiode, der nu n\u00e6rmer sig tre \u00e5rtier, har overv\u00e5get bevarelsen af \u200b\u200bomfattende statsejerskab, undertrykkelsen af \u200b\u200buafh\u00e6ngige medier og civilsamfundet samt koncentrationen af \u200b\u200bmagt inden for en st\u00e6rkt centraliseret ud\u00f8vende magt. Presse- og forsamlingsfriheden er blandt de mest begr\u00e6nsede i Europa, og d\u00f8dsstraf er fortsat g\u00e6ldende.<\/p>\n<p>Hviderusland opretholder et netv\u00e6rk af internationale tilknytninger: det er medlem af De Forenede Nationer, Samfundet af Uafh\u00e6ngige Stater, Organisationen for Kollektiv Sikkerhedstraktat og Den Eurasiske \u00d8konomiske Union og deltager i Organisationen for Sikkerhed og Samarbejde i Europa og Den Ikke-Allierede Bev\u00e6gelse. Et bilateralt forhold til Den Europ\u00e6iske Union forts\u00e6tter, selvom der aldrig er s\u00f8gt optagelse. Fors\u00f8g p\u00e5 at blive medlem af Europar\u00e5det i 1993 blev afvist p\u00e5 grund af valguregelm\u00e6ssigheder og bekymringer om menneskerettigheder, og dets begr\u00e6nsede engagement i dette organ oph\u00f8rte helt i 2022 efter Hvideruslands rolle i at fremme Ruslands invasion af Ukraine.<\/p>\n<p>\u00d8konomisk set rangerer Hviderusland som nummer 60 p\u00e5 FN&#039;s indeks for menneskelig udvikling, hvilket betegner en meget h\u00f8j menneskelig udvikling p\u00e5 trods af sin status som udviklingsland. I 2019 bidrog fremstillingsindustrien med omkring 31 procent af BNP og besk\u00e6ftigede lige under 35 procent af arbejdsstyrken, selvom v\u00e6ksten har haltet bagefter den bredere \u00f8konomi. Landbruget opretholder levebr\u00f8det p\u00e5 landet, med kartofler og kv\u00e6g blandt de vigtigste output. Statslig kontrol over store virksomheder forts\u00e6tter, selvom begr\u00e6nsede markedsreformer og international handel underst\u00f8tter en beskeden \u00f8konomisk diversificering.<\/p>\n<p>Den monet\u00e6re historie har v\u00e6ret pr\u00e6get af perioder med ustabilitet. Den hviderussiske rubel blev introduceret i maj 1992 for at erstatte den sovjetiske valuta og gennemgik to redenomineringer: f\u00f8rst i 2000 og igen i juli 2016, hvor 10.000 gamle rubler blev til \u00e9n ny rubel (BYN). En alvorlig devaluering i maj 2011 - hvor valutaen mistede omkring 56 procent af sin v\u00e6rdi i forhold til den amerikanske dollar p\u00e5 en enkelt dag - f\u00f8rte til en anmodning om redning fra Den Internationale Valutafond. Episoder med priskontrol, herunder en fastfrysning annonceret i oktober 2022 for at d\u00e6mme op for f\u00f8devareinflationen, illustrerer regeringens interventionistiske holdning. I januar 2023 legaliserede lovgivningen uautoriseret brug af intellektuel ejendom fra nationer, der blev anset for at v\u00e6re &#034;uvenlige&#034;.<\/p>\n<p>Banksektoren best\u00e5r af to niveauer: Republikken Hvideruslands Nationalbank som dens top og 25 kommercielle institutioner under den. Pengepolitik, kreditallokering og valutakursstyring er fortsat under stramt statsligt tilsyn, hvilket afspejler det bredere m\u00f8nster af statslig involvering i hele \u00f8konomien.<\/p>\n<p>Hvideruslands befolkning p\u00e5 omkring 9,41 millioner (folket\u00e6lling i 2019) er overvejende hviderussisk med omkring 84,9 procent. Russiske, polske og ukrainske mindretal udg\u00f8r henholdsvis 7,5 procent, 3,1 procent og 1,7 procent. Med en gennemsnitlig befolkningst\u00e6thed p\u00e5 n\u00e6sten halvtreds personer pr. kvadratkilometer bor omkring halvfjerds procent af befolkningen i byomr\u00e5der. Minsk, der er hjemsted for n\u00e6sten to millioner indbyggere, udg\u00f8r den politiske, kulturelle og \u00f8konomiske kerne; andre st\u00f8rre byer inkluderer Gomel (481.000), Mogilev (365.100), Vitebsk (342.400), Grodno (314.800) og Brest (298.300).<\/p>\n<p>Naturlig befolkningstilbagegang er blevet marginalt opvejet af nettoindvandring. I 2007 oplevede Hviderusland en negativ v\u00e6kstrate p\u00e5 0,41 procent, underst\u00f8ttet af en fertilitetsrate p\u00e5 1,22 b\u00f8rn pr. kvinde - et godt stykke under erstatningsniveauet. Nettoindvandringen p\u00e5 cirka +0,38 pr. tusind st\u00e5r i kontrast til den udstr\u00f8mning, der observeres andre steder i regionen. Den demografiske profil er sk\u00e6v i forhold til \u00e6ldre: i 2015 var omkring fjorten procent femogtres \u00e5r eller \u00e6ldre, og medianalderen p\u00e5 fireogtredive forventes at stige til over tres inden midten af \u200b\u200b\u00e5rhundredet. Den gennemsnitlige levealder er 72,15 \u00e5r - 78,1 \u00e5r for kvinder og 66,5 \u00e5r for m\u00e6nd - og l\u00e6sef\u00e6rdighederne overstiger nioghalvfems procent blandt dem p\u00e5 femten \u00e5r og derover.<\/p>\n<p>Religi\u00f8s tilh\u00f8rsforhold afspejler en overv\u00e6gt af \u00f8stlig ortodoksi, som cirka 48 procent af befolkningen tilslutter sig. Folket\u00e6llingsdata fra 2011 viser, at 59 procent tilslutter sig en religi\u00f8s identitet: af disse tilslutter sig omkring 82 procent det hviderussiske eksarkat i den russisk-ortodokse kirke, mens mindre ortodokse grupper og en hviderussisk autocephal ortodoks kirke ogs\u00e5 findes. Romersk-katolikker repr\u00e6senterer omkring 7,1 procent - prim\u00e6rt i vestlige regioner - mens protestantiske trosretninger, gr\u00e6ske katolikker, j\u00f8der, muslimer og neo-hedenske grupper udg\u00f8r resten. Omkring 41 procent af hviderusserne beskriver sig selv som ikke-religi\u00f8se.<\/p>\n<p>To sprog har officiel status: hviderussisk og russisk. I folket\u00e6llingen i 2009 angav 53 procent af respondenterne hviderussisk som deres modersm\u00e5l, mens 41 procent angav russisk. Alligevel dominerer russisk den daglige tale i omkring 70 procent af husstandene, sammenlignet med 23 procent for hviderussisk. Siden midten af \u200b\u200b1990&#039;erne er uddannelsen i byerne g\u00e5et i retning af russisk undervisning, og den \u00e5rlige produktion af hviderussisk litteratur er faldet markant.<\/p>\n<p>Hviderusland bevarer en kvartet af UNESCOs verdensarvssteder. Mir-slotkomplekset og Nesvizh-slottets beboelses-forsvarskompleks eksemplificerer senmiddelalderlig arkitektur og aristokratisk planl\u00e6gning. Den transnationale Struve-geod\u00e6tiske bue mindes geod\u00e6tiske bestr\u00e6belser fra det 19. \u00e5rhundrede og markerer opm\u00e5lingspunkter p\u00e5 tv\u00e6rs af ti lande. Endelig beskytter de oprindelige linjer i Bia\u0142owie\u017ca-skoven - kendt som Belovezhskaya Pushcha p\u00e5 den hviderussiske side - europ\u00e6iske bisoner blandt oprindelige egetr\u00e6er og fyrretr\u00e6er og tilbyder et levende glimt af det pr\u00e6industrielle Europa.<\/p>\n<p>Ud over disse vartegn st\u00f8der bes\u00f8gende p\u00e5 rester af en rigere arkitektonisk fortid, hvoraf meget gik til grunde under Anden Verdenskrig eller p\u00e5 grund af planl\u00e6gningen efter krigen. Minsk, der blev fuldst\u00e6ndig rekonstrueret efter sin \u00f8del\u00e6ggelse under krigen, blander nu monumentale socialistisk-realistiske strukturer med moderne caf\u00e9er, museer og kulturelle steder. Uafh\u00e6ngighedspladsen forankrer byens civile liv, indrammet af det tidligere KGB-hovedkvarter og Nationalstatsmuseet; i n\u00e6rheden mindes det j\u00f8diske monument Zaslavsky, der mindes tabte samfund.<\/p>\n<p>I Brest p\u00e5 den vestlige gr\u00e6nse st\u00e5r f\u00e6stningen fra det 19. \u00e5rhundrede som et monument over den sovjetiske modstand under Operation Barbarossa. For at f\u00e5 et glimt af det landlige h\u00e5ndv\u00e6rk fra det 19. \u00e5rhundrede kan rejsende bes\u00f8ge Dudutki Frilandsmuseum, hvor tr\u00e6- og str\u00e5tagsstrukturer er v\u00e6rt for demonstrationer af keramik, t\u00f8mrerarbejde, bagning og kunsth\u00e5ndv\u00e6rk. For naturlige tilflugtssteder tilbyder Pripyat-reservatet og Braslau-s\u00f8regionen v\u00e5domr\u00e5der, \u00f8er og skovkl\u00e6dte bredder. Fire nationalparker - Belovezhskaya Pushcha, Pripyatsky, Braslav-s\u00f8erne og Osipovichsky - giver forskellige levesteder for dyrelivet og muligheder for stille udforskning.<\/p>\n<p>Sikkerhedshensyn ligner dem, der g\u00e6lder i en stramt overv\u00e5get stat. Sm\u00e5kriminalitet mod bes\u00f8gende er sj\u00e6lden, men forsigtighed er tilr\u00e5delig i forbindelse med finansielle transaktioner, da svindel og cyberkriminalitet forekommer. Myndighederne opretholder omfattende overv\u00e5gning: hotelv\u00e6relser, kommunikation og personlige ejendele kan blive underlagt inspektion. Fotografering af milit\u00e6re, statslige eller gr\u00e6nseinstallationer kan fremkalde officiel kritik. Offentlig beruselse og brug af bandeord medf\u00f8rer b\u00f8der eller tilbageholdelse.<\/p>\n<p>Politiske forsamlinger risikerer brat undertrykkelse; uenighed straffes, og ytringsfriheden er st\u00e6rkt begr\u00e6nset. Demonstranter b\u00e6rer ofte det historiske hvid-r\u00f8d-hvide banner fra 1918-1995, et symbol p\u00e5 diasporaen og oppositionen; dets tilstedev\u00e6relse offentligt signalerer en \u00f8get risiko for anholdelse. Selv gestus s\u00e5 harml\u00f8se som applaus kan tiltr\u00e6kke u\u00f8nsket opm\u00e6rksomhed, da det er blevet taget i brug af kritikere af regimet. Udenlandske journalister, is\u00e6r dem af polsk oprindelse, har oplevet indrejseafslag, tilbageholdelse og afh\u00f8ring.<\/p>\n<p>Holdningerne til LGBT-bes\u00f8gende er fortsat konservative. Selvom lovgivningen ikke l\u00e6ngere kriminaliserer samtykkende forhold mellem personer af samme k\u00f8n, er samfundets accept begr\u00e6nset \u2013 is\u00e6r blandt \u00e6ldre generationer \u2013 og offentlige udtryk for hengivenhed anbefales ikke. K\u00f8rselsforholdene varierer fra brugbare p\u00e5 hovedveje til farlige om vinteren: huller i vejen, sparsom belysning, uforudsigelig fodg\u00e6ngeradf\u00e6rd og lejlighedsvis tilsides\u00e6ttelse af trafikregler kr\u00e6ver alle \u00e5rv\u00e5genhed.<\/p>\n<p>Sundhedsv\u00e6senet lever ikke op til vestlige standarder. Faciliteterne mangler ofte moderne udstyr, og sprogbarrierer forv\u00e6rrer vanskelighederne for ikke-russisk- eller ikke-hviderussisktalende. Ambulanceresponstider kan overstige tredive minutter, hvilket g\u00f8r medicinsk evakuering til den mest p\u00e5lidelige vej til avanceret behandling. Tuberkulose udg\u00f8r voksende udfordringer, og postevand er usikkert til direkte forbrug; flaskevand anbefales kraftigt. F\u00f8devarer gennemg\u00e5r b\u00e5de bakterie- og radiologisk inspektion, selvom produkter, der er indk\u00f8bt inden for halvtreds kilometer fra Tjernobyls reaktor, fortsat er forbudte.<\/p>\n<p>Etikette i Hviderusland afspejler en mere reserveret kultur. Hviderussere v\u00e6rds\u00e6tter tilbageholdenhed offentligt, hvor smil mod fremmede kan fortolkes som uoprigtighed eller h\u00e5n. F\u00f8rste m\u00f8der fremkalder ofte pr\u00e6cise svar snarere end overstr\u00f8mmende varme; tillid og \u00e5benhed udvikles gradvist. Ridderlighed er fortsat s\u00e6dvanligt: \u200b\u200bm\u00e6nd tilbyder ofte praktisk hj\u00e6lp til kvinder, som til geng\u00e6ld forventer s\u00e5danne h\u00f8fligheder. Politisk diskurs, is\u00e6r vedr\u00f8rende pr\u00e6sident Lukashenko eller sovjetiske efterm\u00e6le, b\u00f8r undg\u00e5s, da s\u00e5danne emner kan fremkalde uro eller officielle geng\u00e6ldelsesaktioner.<\/p>\n<p>I b\u00e5de Hvideruslands stille landsbyer og dets moderne bycentre skaber samspillet mellem historisk brud og kulturel vedholdenhed et milj\u00f8, der b\u00e5de er udfordrende og stille fascinerende. Selvom meget af fortiden er g\u00e5et tabt \u2013 gennem krigsvold og ensartet genopbygning \u2013 findes der stadig spor i \u00f8delagte skove, i borgenes murv\u00e6rk og i hverdagens stoiske rytmer. For dem, der er villige til at se ud over overfladiske indtryk, tilbyder Hviderusland en oplevelse af modstandsdygtighed og kontinuitet, pr\u00e6get af befolkningens usminkede virkelighed og den subtile sk\u00f8nhed i et land i konstant, om end begr\u00e6nset, transformation.<\/p>","protected":false},"excerpt":{"rendered":"<p>Med en ansl\u00e5et befolkning p\u00e5 n\u00e6sten 9,1 millioner mennesker er Hviderusland - formelt kendt som Republikken Hviderusland - et land uden land i \u00d8steuropa. Hvideruslands strategiske placering - det, hvor Europa og Asien krydses - har p\u00e5virket dets historiske udvikling, kulturelle identitet og geopolitiske relevans. Landet er nummer 13 i Europa efter landmasse og kan prale af et areal p\u00e5 207.600 kvadratkilometer (80.200 kvadrat miles). Rusland mod \u00f8st og nord\u00f8st, Ukraine mod syd, Polen mod vest, Litauen og Letland mod nordvest hele Hviderusland rundt. Landets udvikling og dets historiske samspil med de omkringliggende stater har v\u00e6ret meget p\u00e5virket af dets geografiske placering.<\/p>","protected":false},"author":1,"featured_media":2825,"parent":24078,"menu_order":0,"comment_status":"closed","ping_status":"closed","template":"elementor_theme","meta":{"_eb_attr":"","footnotes":""},"class_list":["post-14616","page","type-page","status-publish","has-post-thumbnail"],"_links":{"self":[{"href":"https:\/\/travelshelper.com\/da\/wp-json\/wp\/v2\/pages\/14616","targetHints":{"allow":["GET"]}}],"collection":[{"href":"https:\/\/travelshelper.com\/da\/wp-json\/wp\/v2\/pages"}],"about":[{"href":"https:\/\/travelshelper.com\/da\/wp-json\/wp\/v2\/types\/page"}],"author":[{"embeddable":true,"href":"https:\/\/travelshelper.com\/da\/wp-json\/wp\/v2\/users\/1"}],"replies":[{"embeddable":true,"href":"https:\/\/travelshelper.com\/da\/wp-json\/wp\/v2\/comments?post=14616"}],"version-history":[{"count":0,"href":"https:\/\/travelshelper.com\/da\/wp-json\/wp\/v2\/pages\/14616\/revisions"}],"up":[{"embeddable":true,"href":"https:\/\/travelshelper.com\/da\/wp-json\/wp\/v2\/pages\/24078"}],"wp:featuredmedia":[{"embeddable":true,"href":"https:\/\/travelshelper.com\/da\/wp-json\/wp\/v2\/media\/2825"}],"wp:attachment":[{"href":"https:\/\/travelshelper.com\/da\/wp-json\/wp\/v2\/media?parent=14616"}],"curies":[{"name":"wp","href":"https:\/\/api.w.org\/{rel}","templated":true}]}}