{"id":14466,"date":"2024-09-19T15:10:36","date_gmt":"2024-09-19T15:10:36","guid":{"rendered":"https:\/\/travelshelper.com\/staging\/?page_id=14466"},"modified":"2026-03-11T22:45:29","modified_gmt":"2026-03-11T22:45:29","slug":"rijeka","status":"publish","type":"page","link":"https:\/\/travelshelper.com\/da\/destinations\/europe\/croatia\/rijeka\/","title":{"rendered":"Rijeka"},"content":{"rendered":"<p>Rijeka ligger p\u00e5 en smal kyststribe, hvor Rje\u010dina-floden m\u00f8der den vidtstrakte Kvarnerbugt. Her rejser stejle bakker sig s\u00e5 brat fra havets overflade, at byens omrids ligner en teaterscene med en bjergrig baggrund. Denne konfiguration har formet Rijekas karakter mere afg\u00f8rende end nogen enkelt arkitektonisk plan kunne. Byen, der er afgr\u00e6nset p\u00e5 tre sider af bjergk\u00e6derne U\u010dka, Risnjak og Velika Kapela, og som \u00e5bner sig mod Adriaterhavet p\u00e5 sin fjerde flanke, har l\u00e6nge tjent som den naturlige maritime port til Centraleuropa.<\/p>\n<p>Fra de tidligste optegnelser skyldte Rijeka (kroatisk: Rije\u010dka; italiensk: Fiume) sin sk\u00e6bne til denne dybvandsindsejling. Dens havn ligger fyrre meter under de omkringliggende h\u00f8jderygge og er i stand til at byde skibe velkommen, der krydser kontinentets lavpas fra Ungarn og videre. To hovedruter begynder her: den ene sk\u00e6rer mod nord\u00f8st gennem de Dinariske Alper til den Pannoniske slette, den anden fejer nordvest over Postojnaporten til Slovenien og \u00d8strig. I begge retninger fandt b\u00e5de k\u00f8bm\u00e6nd og h\u00e6re Rijekas rolige havn uundv\u00e6rlig.<\/p>\n<p>Denne strategiske fremtr\u00e6dende plads tiltrak rivaliserende kravstagere gennem \u00e5rhundreder. Engang omstridt mellem Det Hellige Romerske Rige og den maritime republik Venedig, gik den senere gennem venetianske og habsburgske h\u00e6nder, f\u00f8r den i moderne tid opstod som et br\u00e6ndpunkt mellem Italien og Jugoslavien. Mellem 1918 og 1991 var byen underlagt ikke f\u00e6rre end otte forskellige administrationer, en suver\u00e6nitetsb\u00f8lge, der gav dens befolkning en skarp f\u00f8lelse af lokal identitet. En indbygger f\u00f8dt i 1917 kunne - uden at flytte - have haft pas fra \u00d8strig-Ungarn, Italien, Fristaten Fiume, Kongeriget Italien, tysk-besat territorium, Jugoslavien, det fascistiske regentskab Carnaro og endelig Den Socialistiske Forbundsrepublik Jugoslavien. S\u00e5danne hurtige \u00e6ndringer formede b\u00e5de den borgerlige forestillingsevne og den demografiske profil, da kroater, italienere, serbere, bosniakker og andre sameksisterede i en havn, hvor flere sprog og traditioner flettede sig sammen.<\/p>\n<p>I dag identificerer omkring 85 procent af Rijekas 108.000 indbyggere sig som kroatiske, med tilbagev\u00e6rende italienske og andre minoritetssamfund bevaret i dele af byen. Blandt dem er der stadig omkring tyve tusind talere af fiuman, den lokale variant af venetiansk. I generationer tjente fiuman som havnens handelssprog og talte endda kroatiske dialekter i forst\u00e6derne, hvor rester af den chakaviske dialekt findes. P\u00e5 gaderne omkring Korzo, den brede g\u00e5gade i byens hjerte, blandes disse sprog i markedss\u00e6lgernes kald og gamle venners ledige hilsner.<\/p>\n<p>Rijekas \u00f8konomi er fortsat forankret i havet. To skibsv\u00e6rfter - 3. Maj og Viktor Lenac - st\u00e5r blandt de st\u00f8rste industrielle arbejdsgivere, deres kraner er artikuleret som metalkraner mod skyline. Maritim fragt- og passagertransport sejler stadig i bugten og forbinder Kroatiens hovedhavn med Adriaterhavs\u00f8erne og internationale ruter. Men selvom havnen definerer arbejdsmarkedet, har kulturen genopst\u00e5et i de senere \u00e5r. I 2020 bar Rijeka titlen som Europ\u00e6isk Kulturhovedstad og delte \u00e6ren med Galway i Irland. Med et repertoire, der sp\u00e6nder fra klassisk teater p\u00e5 det kroatiske nationalteater Ivan pl. Zajc - f\u00f8rst opf\u00f8rt i 1765 - til samtidskunst p\u00e5 Museum for Moderne og Samtidskunst, har byen forankret sin postindustrielle identitet i performance- og udstillingsrum, der taler til dens mangfoldige fortid.<\/p>\n<p>En slentretur gennem den gamle bydel minder om denne lagdeling af epoker. Byt\u00e5rnet st\u00e5r ved foden af \u200b\u200bKorzo, hvis runde middelalderlige form engang var indgangssted til den bef\u00e6stede by. I n\u00e6rheden huser guvern\u00f8rpaladset nu det kroatiske kysts maritime og historiske museum, hvor s\u00f8m\u00e6nds artefakter og familieportr\u00e6tter sporer Rijekas forvandling fra en lille fiskerihavn til en kejserlig havneby. Under katedralen dedikeret til Sankt Vitus ligger Grivica-tunnelnettet, der blev hugget ud af italienske styrker i begyndelsen af \u200b\u200b1940&#039;erne. Bes\u00f8gende kan g\u00e5 gennem dets 330 meter lange tunnel og forestille sig angsten hos civile, der s\u00f8ger ly for bombefly over hovedet.<\/p>\n<p>H\u00e6vet over midten b\u00e6rer Trsat-bakken en f\u00e6stning, hvis sten stammer fra slutningen af \u200b\u200bdet trettende \u00e5rhundrede. Trsat Slot, der ligger 138 meter over havets overflade, dominerer indk\u00f8rslen fra \u00f8st. Siden 1288 har det tilbudt tilflugt og udsigtspunkt, f\u00f8rst til middelalderlige pr\u00e6ster, senere til habsburgske officerer. I dag er dets volde v\u00e6rt for kunstudstillinger, koncerter og litter\u00e6re opl\u00e6sninger, mens pilgrimstrafikken nedenfor slottets barokkirke stiger hver august i forbindelse med Mari\u00e6 Himmelfartsfesten. Pilgrimme kommer for at \u00e6re Vor Frue af Trsat, det vigtigste andagtssted i det vestlige Kroatien, tiltrukket af offergaver, der fylder gavekapellet.<\/p>\n<p>Rijekas karnevalss\u00e6son repr\u00e6senterer en anden form for pilgrimsf\u00e6rd. Rije\u010dki-karnevalet, der blev etableret i 1982, finder sted mellem januar og marts og topper i weekenden f\u00f8r fasten. P\u00e5 \u00e5bningsdagen overr\u00e6kker byens borgmester den symbolske n\u00f8gle til Me\u0161tar Toni, karnevalsmesteren, som derefter leder festlige processioner og et velg\u00f8renhedsbal i guvern\u00f8rens palads. Hundredvis af maskerede grupper paraderer langs Korzo, ledsaget af b\u00f8rn i kostumer fra hele regionen. I de senere \u00e5r har over femten tusind deltagere i mere end to hundrede karnevalstrupper tiltrukket folkem\u00e6ngder p\u00e5 over hundrede tusinde tilskuere. Disse festligheder minder om Rijekas kosmopolitiske arv, hvor venetianske masker blandes med slaviske kostumer og moderne satire.<\/p>\n<p>Sommeren forvandler kystomr\u00e5derne til et bad af middelhavshygge. Strandene mod vest, ved Kantrida og Preluk, byder p\u00e5 sm\u00e5stenskanter og fem havbassiner hugget ind i klippen; mod \u00f8st viger Pe\u0107ine og Kostrena for afsondrede bugter. Busser k\u00f8rer solbadere til hver str\u00e6kning, og parkeringspladser st\u00e5r klar ved kysten. Alligevel ligger Alperne knap ti kilometer inde i landet, s\u00e5 p\u00e5 friske vintermorgener stiger skil\u00f8bere op til Platak-feriestedet med sv\u00e6vebane og finder pisterne stadig foldet ind i sne, mens de adriaterhavske \u00f8er skinner nedenunder gennem brud i skyerne. Snefaldet er kortvarigt \u2013 sj\u00e6ldent over tre dage om \u00e5ret \u2013 men boravinden gennems\u00f8ger bjergskr\u00e5ningerne og efterlader frosne tinder, der st\u00e5r i skarp kontrast til olivenlundene ved havet.<\/p>\n<p>Klimaet her er klassificeret som fugtigt subtropisk. Sommertemperaturerne overstiger kun 30 \u00b0C i tyve dage om \u00e5ret, mens vinterens minimumstemperaturer kun falder til under frysepunktet \u00e9n gang. Nedb\u00f8r er hyppig gennem alle \u00e5rstider; t\u00e5ge tr\u00e6kker omkring fire dage om \u00e5ret, prim\u00e6rt om vinteren. Den varmeste luft registreret p\u00e5 den lokale station, i 120 meters h\u00f8jde, n\u00e5ede pr\u00e6cis 40 \u00b0C den 19. juli 2007, mens den koldeste faldt til -12,8 \u00b0C den 10. februar 1956.<\/p>\n<p>Ud over naturen har Rijeka l\u00e6nge tjent som kulisse for filmskabere og forfattere. I 1960&#039;erne blev flere af Winnetou-westernfilmene optaget i dens udkanter. I 1970&#039;erne fandt den amerikanske miniserie The Winds of War passende arkitektur her, mens det italienske regentskab Carnaro - Gabriele D&#039;Annunzios proto-fascistiske eksperiment fra 1919 - rangerer blandt byens mere ejendommelige episoder. Den kortlivede &#034;Reggenza Italiana del Carnaro&#034; anerkendte Lenins Sovjetrepublik, omfavnede avantgarde\u00e6stetik og tolererede endda ikke-normative k\u00f8nsudtryk, alt sammen under en forfatning skrevet af D&#039;Annunzio selv. Senere, i 1992, transponerede Hayao Miyazaki 1920&#039;ernes Fiume til det animerede Hotel Adriano i Porco Rosso og indfangede havnens elegance fra mellemkrigstiden i flydende malingsstr\u00f8g. For nylig har Netflix&#039; drama Novine spillet p\u00e5 Rijekas gader siden 2018, og spillefilmen The Hitman&#039;s Wife&#039;s Bodyguard fra 2019 filmede ogs\u00e5 sekvenser her.<\/p>\n<p>Arkitekturen afsl\u00f8rer yderligere lag. Langs Korzo indrammer l\u00f8srivelsesfacader caf\u00e9er og butikker; Sankt Vitus-katedralen har bevaret sit barokke kirkeskib; den romerske bue og den gamle port st\u00e5r som tavse vidner til byens kejserlige kapitler. P\u00e5 den anden bred af Rje\u010dina fusionerede den tidligere by Su\u0161ak - engang en rivaliserende kroatisk enklave - med Fiume i 1945. I dag mindes man deres forening af en bred g\u00e5gadeplads over den nedgravede flod, et yndet m\u00f8dested, der skjuler vandet, der l\u00f8ber nedenunder.<\/p>\n<p>Der er masser af museer for dem, der er villige til at afs\u00e6tte tid til udforskning. Naturhistorisk Museum, med sit akvarium og krybdyrsamling, appellerer til familier; Rijeka Bymuseum d\u00e6kker numismatik, teaterkostumer og krigsgenstande; det lille Peek &amp; Poke udstiller vintage computerrelikvier - store tastaturer fra den personlige computers begyndelse. De sakrale samlinger i katedralen og i Trsat viser relikvier, kalke og malerier, der sp\u00e6nder over \u00e5rhundreders hengivenhed. Rundt om hvert hj\u00f8rne fornemmer man byens tovtr\u00e6kning mellem industri og kunst.<\/p>\n<p>For at f\u00e5 et indblik i det moderne liv kan man g\u00e5 ned til hovedmarkedet \u2013 Placa \u2013 hvor der tidligt om morgenen ankommer fiskenet ved siden af \u200b\u200bkasser med lokal frugt. Her h\u00e6vder byens oprindelige kosmopolitiske \u00e5nd sig i duften af \u200b\u200br\u00f8get scampi, accenterne fra \u00e6ldre s\u00e6lgere, der husker det \u00f8strig-ungarske styre, og latteren fra unge mennesker, der l\u00f8ber gennem flisebelagte gange.<\/p>\n<p>Uden for bykernen ligger der andre afledningsmuligheder. Motorsportsentusiaster k\u00f8rer ti kilometer nordp\u00e5 til Grobnik-banen, hvor de kan teste deres f\u00e6rdigheder eller se professionelle svinge gennem h\u00e5rn\u00e5lesving. For stjernekiggere tilbyder det astronomiske center p\u00e5 toppen af \u200b\u200bSveti Kri\u017e-bakken teleskoper, der er rettet mod den m\u00f8rke himmel, med storsl\u00e5ede panoramaer over bugten nedenfor. Og hvis fristelsen til saltvand giver efter, \u00e5bner dykkercentrene omkring forbjerget op for undervandsklipper overs\u00e5et med gorgoniske koraller, havgrotter og endda vrag.<\/p>\n<p>Uddannelse og kunst m\u00f8des p\u00e5 Rijeka Universitet, der formelt blev grundlagt i 1973, men som har nogle r\u00f8dder i en jesuitisk teologisk skole fra 1600-tallet. Dets fakulteter spreder sig over hele byen og tiltr\u00e6kker studerende, der liver op i gaderne og p\u00e5 caf\u00e9erne og taler kroatisk, italiensk, fiumansk eller engelsk, mens de diskuterer historie, ingeni\u00f8rvidenskab eller litteratur.<\/p>\n<p>Kulturminder glimter i de mindste detaljer. En redningskrans fra Titanic ligger p\u00e5 S\u00f8fartsmuseet, en arv fra Carpathias rejser til og fra New York, ofte bemandet med kroatisk bes\u00e6tning. I begyndelsen af \u200b\u200bdet tyvende \u00e5rhundrede kunne Fiume prale af ugentlig transatlantisk passagerservice, og landsbyboerne husker stadig den dag, hvor oceandampere lagde til kaj, og brevduer fl\u00f8j over hovedet.<\/p>\n<p>I hver af disse facetter \u2013 geografi, historie, industri, kunst \u2013 afsl\u00f8rer Rijeka kompleksitet snarere end en enkelt fort\u00e6lling. Byen modst\u00e5r lette definitioner og foretr\u00e6kker i stedet at tale i lag af sten og st\u00e5l, i ekkoende stemmer, der glider mellem Adriaterhavet og bakkerne. For den bes\u00f8gende, der ser solen g\u00e5 ned bag U\u010dka, lys danse p\u00e5 vandoverfladen, fremkommer byens essens ikke kun i store monumenter, men i str\u00f8mmen af \u200b\u200bidentiteter, der har formet dens gader. Der er en stille poesi i en havn bygget til handel, der nu byder b\u00e5de joller af joyridere og fragtskibe velkommen, og en subtil v\u00e6rdighed i et samfund, der har modst\u00e5et imperium, ideologi og krig, kun for at bevare en \u00e5nd, der er b\u00e5de modstandsdygtig og modtagelig. I Rijeka l\u00f8ber floden under en plads, og bjergene presser sig t\u00e6t mod havet, og i den omfavnelse finder man en by, der b\u00e5de er forankret og fri.<\/p>","protected":false},"excerpt":{"rendered":"<p>Rijeka, den tredjest\u00f8rste by i Kroatien, har en god beliggenhed ved Kvarner-bugten, en fjord ved Adriaterhavet. Med 108.622 mennesker i 2021 er dette energiske bycenter et stort centrum i Primorje-Gorski Kotar County. Oversat til &#034;flod&#034; p\u00e5 kroatisk afspejler byens navn, \/ri\u02c8e\u0259\/ eller \/ri\u02c8k\u0259\/ p\u00e5 engelsk, dens n\u00e6rhed til de floder, der har formet dens fortid og \u00f8konomi.<\/p>","protected":false},"author":1,"featured_media":3940,"parent":14435,"menu_order":0,"comment_status":"closed","ping_status":"closed","template":"elementor_theme","meta":{"_eb_attr":"","footnotes":""},"class_list":["post-14466","page","type-page","status-publish","has-post-thumbnail"],"_links":{"self":[{"href":"https:\/\/travelshelper.com\/da\/wp-json\/wp\/v2\/pages\/14466","targetHints":{"allow":["GET"]}}],"collection":[{"href":"https:\/\/travelshelper.com\/da\/wp-json\/wp\/v2\/pages"}],"about":[{"href":"https:\/\/travelshelper.com\/da\/wp-json\/wp\/v2\/types\/page"}],"author":[{"embeddable":true,"href":"https:\/\/travelshelper.com\/da\/wp-json\/wp\/v2\/users\/1"}],"replies":[{"embeddable":true,"href":"https:\/\/travelshelper.com\/da\/wp-json\/wp\/v2\/comments?post=14466"}],"version-history":[{"count":0,"href":"https:\/\/travelshelper.com\/da\/wp-json\/wp\/v2\/pages\/14466\/revisions"}],"up":[{"embeddable":true,"href":"https:\/\/travelshelper.com\/da\/wp-json\/wp\/v2\/pages\/14435"}],"wp:featuredmedia":[{"embeddable":true,"href":"https:\/\/travelshelper.com\/da\/wp-json\/wp\/v2\/media\/3940"}],"wp:attachment":[{"href":"https:\/\/travelshelper.com\/da\/wp-json\/wp\/v2\/media?parent=14466"}],"curies":[{"name":"wp","href":"https:\/\/api.w.org\/{rel}","templated":true}]}}