{"id":14401,"date":"2024-09-19T13:12:23","date_gmt":"2024-09-19T13:12:23","guid":{"rendered":"https:\/\/travelshelper.com\/staging\/?page_id=14401"},"modified":"2026-03-11T22:44:06","modified_gmt":"2026-03-11T22:44:06","slug":"cypern","status":"publish","type":"page","link":"https:\/\/travelshelper.com\/da\/destinations\/europe\/cyprus\/","title":{"rendered":"Cypern"},"content":{"rendered":"<p>Cypern indtager et ejendommeligt sted ved krydset mellem kontinenter, dets kyster formet af \u00e5rtusinders m\u00f8der, og dets nutid defineret af b\u00e5de splittelse og enhed. \u00d8ens landmasse, der str\u00e6kker sig over det \u00f8stlige Middelhav \u2013 lang og smal, ikke mere end 240 kilometer fra spids til spids \u2013 ligger t\u00e6ttere p\u00e5 Levanten end p\u00e5 hjertet af Europa. Alligevel resonerer sproget, skikkene og de politiske strukturer, der hersker i syd, st\u00e6rkest med den gr\u00e6ske verden. Mod nord kan en separat administration spore sin autoritet tilbage til b\u00e5ndene til Anatolien. Hele tiden klamrer to suver\u00e6ne britiske milit\u00e6rbaser sig til den sydlige kyst, levn fra et imperium, hvis tilstedev\u00e6relse her varer ved i trafikkonventioner og summen af \u200b\u200br\u00f8de telefonbokse.<\/p>\n<p>Geografisk er \u00f8ens silhuet defineret af to bjergk\u00e6der, der flankerer en frugtbar central slette. Troodosbjergene, kraftige og foldede, dominerer mod sydvest og stiger til n\u00e6sten 1.952 meter p\u00e5 Olympusbjerget. Fra deres k\u00f8lige, cedertr\u00e6skl\u00e6dte h\u00f8jder str\u00f8mmer Pedieos-floden, Cyperns l\u00e6ngste vandl\u00f8b, som snor sig mod \u00f8st, f\u00f8r den forsvinder ned i lerjorden p\u00e5 Mesaoria-sletten. Langs den nordlige bred tilbyder den slanke Kyrenia-bjergk\u00e6de en blidere stigning, hvor dens tinder knap n\u00e5r tusind meter, f\u00f8r den brat falder ned til en klippekyst. Mellem disse h\u00f8jder falder landet ned i marker med hvede, byg og gr\u00f8ntsager, der har fodret \u00f8boerne siden yngre stenalder.<\/p>\n<p>Menneskelige fodspor p\u00e5 Cypern kan spores omkring 13.000 \u00e5r tilbage, hvor sm\u00e5 grupper af j\u00e6ger-samlere s\u00f8gte ly i kysthuler. F\u00e5 \u00e5rtusinder senere t\u00e6mmede de landet med de f\u00f8rste landbrugslandsbyer og lagde dermed grunden til et etableret samfund. I slutningen af \u200b\u200bbronzealderen blev \u00f8en kaldt Alashiya i egyptiske og hettitiske optegnelser, kendt for sit kobber og sine v\u00e6vninger, der v\u00e6vede den ind i det bredere middelhavsnetv\u00e6rk. Da de mykenske gr\u00e6kere ankom omkring 1400 f.Kr., bragte de dialekt, begravelsesritualer og keramikstilarter med sig, der holdt ved, selv da senere imperier gjorde krav p\u00e5 \u00f8en som et krigsbytte.<\/p>\n<p>Perserne havde magten i det sjette \u00e5rhundrede f.Kr., men Alexander den Store tog kontrollen i 333 f.Kr. Under Ptolem\u00e6erne og derefter Rom bevarede Cypern sin gr\u00e6ske karakter, samtidig med at den absorberede romersk lov og infrastruktur: Veje, villaer og amfiteatre pr\u00e6ger landskabet selv i dag. Den \u00f8stlige halvdel af Romerriget styrede \u00f8en indtil de arabiske plyndringer i det syvende \u00e5rhundrede, hvor kystn\u00e6re enklaver og f\u00e6stninger inde i landet blev opgivet til fordel for klostre h\u00f8jt oppe blandt Troodos-bjergene. \u00c5rhundreder senere bef\u00e6stede lusignanske konger og venetianske k\u00f8bm\u00e6nd byerne og byggede stenmure og voldgrave, der stadig omgiver de gamle kvarterer i Nicosia og Famagusta.<\/p>\n<p>Osmanniske soldater krydsede \u00f8en i 1571 og indledte dermed en \u00e6ra, der ville str\u00e6kke sig ind i slutningen af \u200b\u200bdet nittende \u00e5rhundrede. Under osmannisk styre gav det feudale system tyrkiske bos\u00e6ttere jord sammen med gr\u00e6ske b\u00f8nder, hvilket etablerede de dobbeltsamfund, der stadig er hjertet af Cyperns moderne kompleksitet. Byzantinske kirker blev omdannet til moskeer, men landsbyerne fortsatte med at bede i deres \u00e5rhundrede gamle helligdomme. I 1878 overgik \u00f8en til britisk administration, og i 1914 blev den annekteret fuldst\u00e6ndigt. Britiske frim\u00e6rker og arv - venstrek\u00f8rsel, det offentlige skolesystem, selv busplaner - ville best\u00e5 langt ud over uafh\u00e6ngigheden.<\/p>\n<p>Republikken, der blev f\u00f8dt i 1960, var et delikat kompromis mellem britiske, gr\u00e6ske og tyrkiske interesser. Grundl\u00e6ggerpr\u00e6sident Makarios III, en \u00e6rkebiskop, der blev statsmand, legemliggjorde det gr\u00e6sk-cypriotiske flertals h\u00e5b om selvbestemmelse. Tyrkisk-cyprioter, der var p\u00e5 vagt over for gr\u00e6ske ambitioner, s\u00e5, at en forening med Gr\u00e6kenland - enosis - snart kunne f\u00f8lge. Efterh\u00e5nden som 1960&#039;erne skred frem, forv\u00e6rredes den forfatningsm\u00e6ssige fastl\u00e5sning til vold. Sammenst\u00f8d mellem kommunerne tvang tusindvis af tyrkisk-cyprioter ind i enklaver. I begyndelsen af \u200b\u200b1970&#039;erne var h\u00e5bet om forsoning stort set forsvundet.<\/p>\n<p>Den 15. juli 1974 installerede et kup, st\u00f8ttet af elementer fra den gr\u00e6ske junta, en nationalistisk regering i Nicosia. Fem dage senere gik tyrkiske styrker i land p\u00e5 den nordlige kyst, angiveligt for at beskytte deres samfund. Inden for f\u00e5 dage kontrollerede de cirka en tredjedel af \u00f8en, og hundredtusindvis blev fordrevet fra begge samfund. I 1983 erkl\u00e6rede den tyrkisk-kontrollerede zone sig selv for en republik, internationalt anerkendt kun af Ankara. En FN-bufferzone - tynd og gr\u00f8n - deler nu \u00f8en fra \u00f8st til vest, mens fredsforhandlinger og europ\u00e6isk m\u00e6gling forts\u00e6tter i den lange skygge af omstridte historier.<\/p>\n<p>Trods sine politiske spr\u00e6kker har Cypern opbygget en avanceret h\u00f8jindkomst\u00f8konomi forankret i turisme, finansielle tjenester og skibsfart. Siden Republikken Cypern blev en del af Den Europ\u00e6iske Union i maj 2004 og indf\u00f8rte euroen i januar 2008, har landet tiltrukket investeringer i fast ejendom, hotel- og restaurationsbranchen og professionelle tjenester. Britiske baser i Akrotiri og Dhekelia har fortsat strategisk betydning, og i 2024 bekr\u00e6ftede Nicosia sin intention om at tilslutte sig NATO \u2013 endnu et lag i \u00f8ens komplekse udenrigspolitiske kalkulus. Det tyrkiske nord, under embargoer og begr\u00e6nset anerkendelse, er st\u00e6rkt afh\u00e6ngig af Ankaras subsidier og skygge\u00f8konomien.<\/p>\n<p>Frugtbare sletter, barske bjerge og n\u00e6sten 1.000 kilometer kystlinje tiltr\u00e6kker tilsammen t\u00e6t p\u00e5 fire millioner bes\u00f8gende hvert \u00e5r. Solbeskinnede strande \u2013 lange str\u00e6kninger af sand og sm\u00e5sten \u2013 synes n\u00e6sten sammenh\u00e6ngende, kun afbrudt af fiskerihavne og lejlighedsvise klosterophold. Inde i landet huser Troodos-h\u00f8jlandet landsbyer, hvor vinmarker h\u00e6nger fast til terrasserede skr\u00e5ninger, og \u00e5rhundredgamle kirker glimter med byzantinske fresker. I nord st\u00e5r den antikke by Salamis og de klassiske ruiner i Paphos som frilandsmuseer for en f\u00e6lles oldtid. Men i hovedstaden, Nicosia, breder moderne caf\u00e9er og gallerier sig ud over gader, der var muret inde af venetianerne for fem hundrede \u00e5r siden.<\/p>\n<p>\u00d8ens klima, med middelhavsagtigt langs kysten og halvt\u00f8rt i nord\u00f8st, er blandt de varmeste i EU. Vintrene bringer regn - hovedsageligt fra november til marts - og lejlighedsvis sne i h\u00f8jlandet. Somrene str\u00e6kker sig n\u00e6sten otte m\u00e5neder, afb\u00f8des af havbrise, men afbrudt af hedeb\u00f8lger. Sollyset bl\u00e6nder i mere end tre tusinde timer \u00e5rligt i gennemsnit, n\u00e6sten dobbelt s\u00e5 meget som i nordeurop\u00e6iske hovedst\u00e6der. Dette lys har formet b\u00e5de landbrug og fritid: citrusplantager, olivenlunde og vinmarker trives; sv\u00f8mning og sejlsport definerer den lange h\u00f8js\u00e6son.<\/p>\n<p>Et moderne vejnetv\u00e6rk udg\u00e5r fra kystb\u00e6ltet, hvor motorveje forbinder de vigtigste havne i Limassol og Larnaca med Nicosia, Larnaca med Paphos og Nicosia mod b\u00e5de \u00f8st og vest. Busser betjener alle st\u00f8rre byer, selvom det private bilejerskab fortsat er h\u00f8jt. I det nordlige Tyrkiet betjener mindre minibusser ruterne oftere, men med mindre forudsigelighed. To internationale lufthavne - Larnaca og Paphos - byder velkommen til ruteflyvninger fra Europa, Mellem\u00f8sten og andre steder, mens Ercan Lufthavn i nord opererer gennem Tyrkiet. F\u00e6rger, der blev fornyet i 2022, forbinder Limassol med Pir\u00e6us i Gr\u00e6kenland og tilbyder en alternativ og afslappet tilgang til \u00f8en.<\/p>\n<p>Cyperns befolkning p\u00e5 lidt over ni hundrede tusind i den regeringskontrollerede sydlige del er fortsat overvejende gr\u00e6sk-ortodoks med en lille mosaik af armenske, maronitiske, latin-katolske og protestantiske mindretal. Uddannelses- og sundhedsindekser er blandt Europas h\u00f8jeste. I nord udg\u00f8r sunnimuslimer flertallet, der sameksisterer - om end noget adskilt - med de f\u00e6lles kulinariske og musikalske traditioner, der g\u00e5r forud for splittelserne i det tyvende \u00e5rhundrede. Begge samfund v\u00e6rds\u00e6tter g\u00e6stfrihed: de tilbyder g\u00e6sterne kaffe eller et glas kold zivania og inviterer til deltagelse i bryllupper, festivaler og h\u00f8stfester.<\/p>\n<p>Sproget afspejler denne dualitet. Gr\u00e6sk og tyrkisk st\u00e5r som officielle sprog, mens engelsk fortsat er et st\u00e6rkt andetsprog, en arv fra kolonistyret og et redskab for handel og turisme. Armensk og cypriotisk maronitisk arabisk har anerkendt status som mindretalssprog. I dagligdagen afviger de cypriotiske gr\u00e6ske og cypriotiske tyrkiske dialekter markant fra deres standardformer og b\u00e6rer idiomer og lyde formet af lokalhistorien. For nylig er russisk blevet fremtr\u00e6dende i Limassol og Paphos, hvor russisksprogede skilte og virksomheder henvender sig til et voksende udl\u00e6ndingesamfund.<\/p>\n<p>Kulturelt udtryk her er uadskilleligt fra sted. De malede kirker i Troodosbjergene \u2013 ti steder, der er opf\u00f8rt p\u00e5 UNESCOs liste \u2013 har levende fresker, der afbilder teologiske fort\u00e6llinger p\u00e5 stenmure. Hammamer, der er restaureret i Nicosias gamle bydel, minder om byens frankiske og osmanniske lag og tilbyder damp og massage under gamle kupler. Karnevalet i Limassol bryder ud hvert \u00e5r i februar, et farverigt mellemspil, der f\u00f8rst begyndte i det tyvende \u00e5rhundrede, men som \u00e6rer skikke med maskerede optr\u00e6dener, der str\u00e6kker sig endnu l\u00e6ngere tilbage. Traditionel dans, fra tsifteteli til sousta, animerer b\u00e5de bryllupper og landsbymarkeder og binder \u00f8boere p\u00e5 tv\u00e6rs af sprog og tro.<\/p>\n<p>Men under den hyggelige overflade ligger en bevidsthed om skr\u00f8belighed. J\u00e6gere med licenserede haglgev\u00e6rer strejfer rundt i det \u00e5bne landskab om vinteren, og vildfarne hagl kan forvilde sig ind p\u00e5 vandreruter. Den Gr\u00f8nne Linje h\u00e6nger ved i hverdagens bevidsthed: skoler underviser i parallelle historier, og bestr\u00e6belserne p\u00e5 forsoning forts\u00e6tter i kunstinitiativer og f\u00e6lles \u00f8konomiske foretagender. Kriminalitetsraterne forbliver lave, men bes\u00f8gende r\u00e5des til at sikre deres ejendom mod opportunistisk tyveri, og forsigtighed hersker i nattelivskvarterer, hvor kabaretklubber nogle gange d\u00e6kker over en m\u00f8rkere undertone.<\/p>\n<p>Cyperns mosaik \u2013 dens geologi, historie, samfund og \u00f8konomier \u2013 trodser en simpel fort\u00e6lling. Den er b\u00e5de et vidnesbyrd om menneskelig vedholdenhed og en korridor af stridigheder, hvor imperier har st\u00f8dt sammen, og naboer stadig tr\u00e6der forsigtigt hen over bufferzoner. Alligevel lever solens og havets varme, den gener\u00f8sitet, der str\u00e6kkes over citrusduftende borde, og den robusthed, der findes i traditioner, der blander gr\u00e6ske, levantinske og anatolske elementer, ved. For dem, der stopper op og ser n\u00e6rmere, tilbyder Cypern en intim kr\u00f8nike om en \u00f8, der har kendt b\u00e5de enhed og splittelse, hvor det almindelige liv forts\u00e6tter under en middelhavshimmel, der er lige s\u00e5 konstant og kompleks som tidevandet selv.<\/p>","protected":false},"excerpt":{"rendered":"<p>\u00d8-nationen Cypern, der ligger i det \u00f8stlige Middelhav, indtager en strategisk position i sk\u00e6ringspunktet mellem Europa, Asien og Afrika. Cypern, med en befolkning p\u00e5 cirka 1,2 millioner, rangerer som den tredjest\u00f8rste og mest folkerige \u00f8 i Middelhavet, og tilbyder en unik kombination af gammel historie, forskelligartet kultur og nutidig udvikling. Denne \u00f8-nation, officielt kaldet Republikken Cypern, er geografisk beliggende i Vestasien; dog er dets kulturelle forbindelser og politiske foreninger overvejende p\u00e5 linje med Syd\u00f8steuropa og etablerer derved en betydelig geopolitisk position for nationen.<\/p>","protected":false},"author":1,"featured_media":3022,"parent":24078,"menu_order":0,"comment_status":"closed","ping_status":"closed","template":"elementor_theme","meta":{"_eb_attr":"","footnotes":""},"class_list":["post-14401","page","type-page","status-publish","has-post-thumbnail"],"_links":{"self":[{"href":"https:\/\/travelshelper.com\/da\/wp-json\/wp\/v2\/pages\/14401","targetHints":{"allow":["GET"]}}],"collection":[{"href":"https:\/\/travelshelper.com\/da\/wp-json\/wp\/v2\/pages"}],"about":[{"href":"https:\/\/travelshelper.com\/da\/wp-json\/wp\/v2\/types\/page"}],"author":[{"embeddable":true,"href":"https:\/\/travelshelper.com\/da\/wp-json\/wp\/v2\/users\/1"}],"replies":[{"embeddable":true,"href":"https:\/\/travelshelper.com\/da\/wp-json\/wp\/v2\/comments?post=14401"}],"version-history":[{"count":0,"href":"https:\/\/travelshelper.com\/da\/wp-json\/wp\/v2\/pages\/14401\/revisions"}],"up":[{"embeddable":true,"href":"https:\/\/travelshelper.com\/da\/wp-json\/wp\/v2\/pages\/24078"}],"wp:featuredmedia":[{"embeddable":true,"href":"https:\/\/travelshelper.com\/da\/wp-json\/wp\/v2\/media\/3022"}],"wp:attachment":[{"href":"https:\/\/travelshelper.com\/da\/wp-json\/wp\/v2\/media?parent=14401"}],"curies":[{"name":"wp","href":"https:\/\/api.w.org\/{rel}","templated":true}]}}