{"id":14355,"date":"2024-09-19T09:05:58","date_gmt":"2024-09-19T09:05:58","guid":{"rendered":"https:\/\/travelshelper.com\/staging\/?page_id=14355"},"modified":"2026-03-11T23:15:53","modified_gmt":"2026-03-11T23:15:53","slug":"pilsen","status":"publish","type":"page","link":"https:\/\/travelshelper.com\/da\/destinations\/europe\/czech-republic\/plzen\/","title":{"rendered":"Pilsen"},"content":{"rendered":"<p>Plze\u0148 indtager en unik beliggenhed ved sammenl\u00f8bet af fire floder - M\u017ee, \u00dahlava, \u00daslava og Radbuza - hvis forening giver anledning til Berounka. Denne by med cirka 188.000 indbyggere, der ligger omkring 78 kilometer vest for Prag, rejser sig p\u00e5 det b\u00f8lgende Plasy-h\u00f8jland, og dens fodaftryk str\u00e6kker sig ind i \u0160vihov-h\u00f8jlandet mod \u00f8st og syd. Den h\u00f8jeste beliggenhed inden for kommunegr\u00e6nsen kroner Chlum-bakken i 416 m over havets overflade, mens Berounkas flodleje ligger i 293 m. Mod nord gr\u00e6nser et netv\u00e6rk af fiskedamme op til byen, og \u010cesk\u00e9 \u00fadol\u00ed-reservoiret ved Radbuza markerer dens st\u00f8rste vandl\u00f8b. Denne geografi har formet b\u00e5de bos\u00e6ttelse og industri her i mere end syv \u00e5rhundreder.<\/p>\n<p>Plze\u0148s oprindelse g\u00e5r tilbage til slutningen af \u200b\u200bdet trettende \u00e5rhundrede, hvor den blev udn\u00e6vnt til en kongelig by under P\u0159emyslid-herskerne. Placeret p\u00e5 vigtige handelsruter, der forbandt B\u00f8hmen med Bayern, blomstrede den hurtigt: i midten af \u200b\u200bdet fjortende \u00e5rhundrede var den den tredjest\u00f8rste by i B\u00f8hmen. Dens strategiske betydning viste sig dog at v\u00e6re et tve\u00e6gget sv\u00e6rd. Under hussiterkrigene i det femtende \u00e5rhundrede udholdt Plze\u0148 tre belejringer og fremstod som en bastion for modstand mod de reformistiske kr\u00e6fter, der rystede kongeriget. Et \u00e5rhundrede senere, i de f\u00f8rste \u00e5r af Tredive\u00e5rskrigen, var byen igen belejret, f\u00f8r den faldt til de kejserlige tropper.<\/p>\n<p>Det nittende \u00e5rhundrede indvarslede endnu en transformation. I takt med at Europas politiske konturer \u00e6ndrede sig, industrialiserede Plze\u0148 sig med en bem\u00e6rkelsesv\u00e6rdig hastighed. I 1869 blev \u0160koda Works etableret, som snart blev et af de f\u00f8rende ingeni\u00f8rfirmaer i \u00d8strig-Ungarn og senere i Tjekkoslovakiet. Maskinv\u00e6rksteder, st\u00f8berier og jernbanev\u00e6rksteder spredte sig over hele byen, tiltrak arbejdere fra landdistrikterne og integrerede Plze\u0148 i den moderne industrielle \u00f8konomi. Det var i denne \u00e6ra, i 1842, at den bayerske brygger Josef Groll anvendte nye metoder til at brygge lys malt og producerede den f\u00f8rste &#034;Pilsner&#034;-\u00f8l. I dag er Pilsner Urquell Bryggeri stadig landets st\u00f8rste, mens s\u00f8stervirksomheden Gambrinus, grundlagt i 1869, ogs\u00e5 har opn\u00e5et ber\u00f8mmelse. Begge m\u00e6rker er nu en del af Asahi Group Holdings.<\/p>\n<p>Ud over sin industrielle identitet fungerer Plze\u0148 som den kommercielle kerne i Vestb\u00f8hmen. Selvom byen kun rummer tredive procent af regionens befolkning, genererer den omkring to tredjedele af sit BNP - en ubalance, der delvist forklares af daglige pendlere, men som i h\u00f8j grad afspejler koncentrationen af \u200b\u200bvirksomheder, forskningsinstitutter og serviceudbydere i byen. I 2015 blev Plze\u0148s kulturelle arv anerkendt, da byen blev udn\u00e6vnt til Europ\u00e6isk Kulturhovedstad. Dens bymidte, der er beskyttet som et kulturarvsomr\u00e5de, bevarer et ekstraordin\u00e6rt ensemble af barokkirker, gotiske katedraler og ren\u00e6ssancebygninger.<\/p>\n<p>I hjertet af den gamle bydel ligger Sankt Bartholom\u00e6us-katedralen, hvis gotiske skib blev p\u00e5begyndt i slutningen af \u200b\u200bdet trettende \u00e5rhundrede, og hvis t\u00e5rn er 102 m h\u00f8jt \u2013 det h\u00f8jeste kirkespir i Tjekkiet. I n\u00e6rheden ligger ren\u00e6ssancer\u00e5dhuset (1554-59), der tilskrives den italienske arkitekt Giovanni de Statia, og det har en streng facade pr\u00e6get af udsmykkede pilastre og arkadeformede loggiaer. Alligevel er det den store synagoge i maurisk revival-stil, f\u00e6rdiggjort i 1893, der overrasker de fleste bes\u00f8gende: dens hesteskobuer og polykrome murv\u00e6rk danner den n\u00e6stst\u00f8rste synagoge i Europa, kun overg\u00e5et af Budapests Doh\u00e1ny-gadesynagoge.<\/p>\n<p>Under disse vartegn ligger en anden verden. Plze\u0148s historiske underjordiske netv\u00e6rk, der er udhugget gennem \u00e5rhundreder, str\u00e6kker sig omkring tyve kilometer, selvom kun omkring 750 m af tunnellerne, til en dybde p\u00e5 tolv meter, er \u00e5bne for guidede ture. Disse hv\u00e6lvede k\u00e6ldre husede engang bryggerier, k\u00f8bm\u00e6nd og kommunale butikker og giver et glimt af, hvordan middelalderbyen balancerede handel og bef\u00e6stning. P\u00e5 overfladen har det tidligere vandt\u00e5rn ved Pragporten \u2013 bygget i 1532 og senere ombygget i fransk kejserstil (1822) \u2013 bevaret sin oprindelige gotiske portal og b\u00e6rer en mindeplade for Dr. Josef \u0160koda, f\u00f8dt ved siden af \u200b\u200bi 1805, hvis navnebrorvirksomhed skulle forandre byens sk\u00e6bne.<\/p>\n<p>Hverdagens rytme i Plze\u0148 er fortsat knyttet til vandl\u00f8b og industriens hjul, men den banker ogs\u00e5 i takt med den offentlige transports puls. Plze\u0148-storbyomr\u00e5det har et netv\u00e6rk af sporvogne, trolleybusser og busser, der drives af PMDP. Billetter \u2013 k\u00f8bt i automater, lokale butikker eller i k\u00f8ret\u00f8jer via et kontaktl\u00f8st smartkort \u2013 giver adgang til alle transportformer; for hyppige rejsende tilbyder det genopladelige Plze\u0148-kort ubegr\u00e6nsede ture, s\u00e5 l\u00e6nge det er gyldigt. Ud over den kommunale transport krydser fem hovedjernbanelinjer hinanden her: linje 170 til Prag, Beroun og Cheb; 180 til Doma\u017elice og Furth im Wald i Tyskland; 183 til Klatovy og \u017delezn\u00e1 Ruda; 160 til \u017datec; og 190 til \u010cesk\u00e9 Bud\u011bjovice, som alle m\u00f8des ved Plze\u0148 hlavn\u00ed n\u00e1dra\u017e\u00ed. Rejsende drager fordel af motorvej D5, der forbinder Prag med N\u00fcrnberg, mens en lufthavn i L\u00edn\u011b, elleve kilometer mod sydvest, h\u00e5ndterer indenrigsflyvninger og privat international trafik.<\/p>\n<p>Klimaet i Plze\u0148 er klassificeret som oceanisk (Cfb), pr\u00e6get af tempererede somre og k\u00f8lige vintre. Den \u00e5rlige nedb\u00f8r er i gennemsnit 525 mm, og den gennemsnitlige \u00e5rstemperatur ligger p\u00e5 8,4 \u00b0C. Ekstremtemperaturerne har varieret fra -28,0 \u00b0C den 12. februar 1985 til 40,1 \u00b0C den 27. juli 1983, hvilket minder om regionens kontinentale indflydelse p\u00e5 dens oceaniske basislinje. Disse forhold underst\u00f8tter frodige, tr\u00e6bekl\u00e6dte boulevarder og byens mange parker, der omgiver den historiske kerne - et gr\u00f8nt b\u00e6lte, der v\u00e6rds\u00e6ttes af b\u00e5de beboere og bes\u00f8gende.<\/p>\n<p>Det borgerlige liv i Plze\u0148 str\u00e6kker sig ud over handel og kultur til ogs\u00e5 at omfatte tro og f\u00e6llesskab. Siden den 31. maj 1993 har byen fungeret som s\u00e6de for det romersk-katolske stift Plze\u0148, der d\u00e6kker 818.700 troende fordelt p\u00e5 72 sogne inden for ti vikariater. Den f\u00f8rste biskop, Franti\u0161ek Radkovsk\u00fd, blev efterfulgt af den nuv\u00e6rende biskop, Tom\u00e1\u0161 Holub; deres katedrals\u00e6de ligger i Sankt Bartholom\u00e6us. Protestantiske traditioner blomstrer ogs\u00e5: Den evangeliske kirke for tjekkiske br\u00f8dre opretholder sit vestb\u00f8hmiske seniorat her, under senior Miroslav Hamari fra Koranda-menigheden og kirkev\u00e6rge Josef Bene\u0161; to yderligere br\u00f8dresogne betjener Ji\u017en\u00ed p\u0159edm\u011bst\u00ed og det n\u00e6rliggende Chr\u00e1st. Byen er v\u00e6rt for Plze\u0148-stiftet for den tjekkoslovakiske hussitiske kirke, ledet af biskop Filip \u0160tojdl, omend med den biskoppelige residens midlertidigt flyttet til Mirovice. Den tjekkiske evangelisk-lutherske kirke har ogs\u00e5 hovedkvarter her, og dens Sankt Pauls lutherske kirke betjener lokale menighedsmedlemmer. Andre konfessioner - Augsburg Confession lutheranere, metodister, syvendedagsadventister, br\u00f8dre, ortodokse, gr\u00e6sk katolikker - bidrager til Plze\u0148s religi\u00f8se tapet.<\/p>\n<p>Museer og gallerier understreger byens intellektuelle bredde. Det Vestb\u00f8hmiske Museum i Kopeck\u00e9ho sady tilbyder skiftende udstillinger af ark\u00e6ologi, kunst og historie, mens dets kommunale v\u00e5benkammer bevarer skydev\u00e5ben og rustninger fra det fjortende til det syttende \u00e5rhundrede. I n\u00e6rheden ligger det etnografiske museum i Pilsen-regionen, der beretter om landlige skikke, og Bryggerimuseet sporer lokal brygning fra middelalderens klosterrettigheder - tildelt af Kong Karl IV i 1375 - til moderne produktion. Techmania Science Center, der er indrettet i et tidligere \u0160koda-fabrikskompleks, inviterer til interaktiv udforskning af fysik og ingeni\u00f8rvidenskab. Milit\u00e6rhistorie finder et hjem p\u00e5 Patton Memorial Pilsen, dedikeret til den amerikanske tredje arm\u00e9s befrielse i maj 1945. Lettere retter venter p\u00e5 Ghost Museum med sit folklore-tableau og Puppet Museum, der hylder Plze\u0148s legendariske marionettradition. Stiftsmuseet, der ligger i den franciskanske klostergang, tilbyder skulpturer fra gotisk til barok, selvom dets gallerier i \u00f8jeblikket er lukkede.<\/p>\n<p>Kunstentusiaster samles i Pilsen City Art Gallery og dets modstykke i Masn\u00e9 kr\u00e1my (Vestb\u00f8hmisk Kunstgalleri), sammen med Ji\u0159\u00ed Trnka Kunstgalleri, opkaldt efter den ber\u00f8mte lokale dukkef\u00f8rer og illustrator. Bag byens perimeter ligger Flyvepladsen i Neb\u0159ehovice, hvor en udend\u00f8rs samling af omkring halvtreds fly minder om Pilsens forbindelser til rumfart.<\/p>\n<p>At opleve Plze\u0148 er at nyde b\u00e5de det almindelige og det ekstraordin\u00e6re. En slentretur gennem byens parker afsl\u00f8rer udsigter over tegltage og kirkespir; n\u00e5r man g\u00e5r op ad trappen til klokket\u00e5rnet ved St. Bartholomew-kirken, f\u00e5r man en fantastisk udsigt over hustage og flodsving. P\u00e5 v\u00e6rtshuse n\u00e6r den store synagoge eller langs Radbuza-kajen minder et glas ufiltreret Pilsner Urquell om byens bryggerirav. For dem, der s\u00f8ger en sj\u00e6lden oplevelse, tilbyder private firmaer som MiGFlug &amp; Adventure muligheden for at styre en jetjager fra en base n\u00e6r Plze\u0148 \u2013 en oplevelse, der, omend dyr, understreger byens vedvarende forbindelse til hastighed og pr\u00e6cision.<\/p>\n<p>Sportsloyalitet i Plze\u0148 fokuserer p\u00e5 FC Viktoria Plze\u0148, hvis mesterskabshold spiller p\u00e5 Doosan Arena, et stadion med tolv tusind siddepladser en kort g\u00e5tur fra Republikpladsen. Ishockeyentusiaster f\u00f8lger HC \u0160koda Plze\u0148 i Logspeed CZ Arena, hvor ekkoet af sk\u00f8jter p\u00e5 isen genlyder hver vinter.<\/p>\n<p>Byens kalender afspejler Plze\u0148s lagdelte fortid og dynamiske nutid. Hver maj, omkring \u00e5rsdagen for befrielsen den 6. maj 1945, fylder Befrielsesfestivalen gaderne med musik og erindringer. Sommeren bringer Puppet Rock Festival - en udend\u00f8rs konvergens af musik og dukketeater i Plze\u0148 Plazas park i den sidste weekend i juli - og i begyndelsen af \u200b\u200baugust In The Streets Festival, der afholder teater, dans og gadeforestillinger p\u00e5 spredte scener og den store platform p\u00e5 Republikpladsen. Efter\u00e5rets h\u00f8jdepunkt kommer med Pilsner Fest hver september, hvor det oprindelige bryggeri er v\u00e6rt for \u00f8lentusiaster for at fejre sin grundl\u00e6ggelse i 1842.<\/p>\n<p>I Plze\u0148 flettes historie og modernitet sammen. Gotiske sten, ren\u00e6ssancebuer og mauriske ornamenterede gyder med sporvogne og scootere. Floder m\u00f8des, og i deres sammenl\u00f8b finder byen b\u00e5de handel og selskabelighed. Her er fortiden hverken forstenet eller glemt; den flyder lige s\u00e5 sikkert som Berounka mod nye horisonter.<\/p>","protected":false},"excerpt":{"rendered":"<p>Plze\u0148, en by af bem\u00e6rkelsesv\u00e6rdig historisk og kulturel betydning, ligger i den vestlige region af Tjekkiet, omkring 78 kilometer vest for Prag. Plze\u0148 har en befolkning p\u00e5 cirka 186.000 indbyggere i selve byen og omkring 323.184 i byomr\u00e5det, hvilket g\u00f8r den til den fjerde mest folkerige by i Tjekkiet. Dette bycentrum, der ligger i det vestlige B\u00f8hmen, har bidraget v\u00e6sentligt til regionens udvikling gennem \u00e5rhundreder, og har forvandlet sig fra en middelalderlig handelsstation til et moderne industrielt og kulturelt knudepunkt.<\/p>","protected":false},"author":1,"featured_media":2986,"parent":14322,"menu_order":0,"comment_status":"closed","ping_status":"closed","template":"elementor_theme","meta":{"_eb_attr":"","footnotes":""},"class_list":["post-14355","page","type-page","status-publish","has-post-thumbnail"],"_links":{"self":[{"href":"https:\/\/travelshelper.com\/da\/wp-json\/wp\/v2\/pages\/14355","targetHints":{"allow":["GET"]}}],"collection":[{"href":"https:\/\/travelshelper.com\/da\/wp-json\/wp\/v2\/pages"}],"about":[{"href":"https:\/\/travelshelper.com\/da\/wp-json\/wp\/v2\/types\/page"}],"author":[{"embeddable":true,"href":"https:\/\/travelshelper.com\/da\/wp-json\/wp\/v2\/users\/1"}],"replies":[{"embeddable":true,"href":"https:\/\/travelshelper.com\/da\/wp-json\/wp\/v2\/comments?post=14355"}],"version-history":[{"count":0,"href":"https:\/\/travelshelper.com\/da\/wp-json\/wp\/v2\/pages\/14355\/revisions"}],"up":[{"embeddable":true,"href":"https:\/\/travelshelper.com\/da\/wp-json\/wp\/v2\/pages\/14322"}],"wp:featuredmedia":[{"embeddable":true,"href":"https:\/\/travelshelper.com\/da\/wp-json\/wp\/v2\/media\/2986"}],"wp:attachment":[{"href":"https:\/\/travelshelper.com\/da\/wp-json\/wp\/v2\/media?parent=14355"}],"curies":[{"name":"wp","href":"https:\/\/api.w.org\/{rel}","templated":true}]}}