{"id":14322,"date":"2024-09-19T08:32:36","date_gmt":"2024-09-19T08:32:36","guid":{"rendered":"https:\/\/travelshelper.com\/staging\/?page_id=14322"},"modified":"2026-03-11T23:01:24","modified_gmt":"2026-03-11T23:01:24","slug":"tjekkiet","status":"publish","type":"page","link":"https:\/\/travelshelper.com\/da\/destinations\/europe\/czech-republic\/","title":{"rendered":"Tjekkiet"},"content":{"rendered":"<p>Tjekkiet d\u00e6kker et beskedent omr\u00e5de af Centraleuropa, med 78.871 kvadratkilometer, der str\u00e6kker sig mellem breddegraderne 48\u00b0 og 51\u00b0 N og l\u00e6ngdegraderne 12\u00b0 og 19\u00b0 \u00d8. B\u00e5de indlandsstaterne og rigt varierede, gr\u00e6nser landet op til Tyskland mod vest, Polen mod nord\u00f8st, Slovakiet mod syd\u00f8st og \u00d8strig mod syd. I hjertet ligger Vltava-bassinet, hvis flodslette er pr\u00e6get af Prags silhuet; mod \u00f8st udfolder det b\u00f8lgende M\u00e4hren, dr\u00e6net af Morava-floden; og mod nord\u00f8st vugger Sudeterne Elbens udspring. Disse tre historiske lande - B\u00f8hmen, M\u00e4hren og Tjekkisk Schlesien - f\u00f8lger flodbassiner lige s\u00e5 meget som kulturelle konturer, hvor deres bakker og skove former b\u00e5de handel, identitet og fantasi.<\/p>\n<p>Der hersker et tempereret klima, moduleret af h\u00f8jden: P\u00e5 Sn\u011b\u017ekas 1.603 meter h\u00f8je top ligger de \u00e5rlige gennemsnitstemperaturer lige under frysepunktet, mens de i det sydlige M\u00e4hriske lavland stiger til omkring 10 \u00b0C. Vintrene bringer sned\u00e6kkede skove og lejlighedsvis frost i byerne; somrene g\u00e5r v\u00e5de og urolige hen, afbrudt af tordenvejr, der kan give hagl og endda tornadoer. For\u00e5rets smeltede sne f\u00e5r floderne til at svulme; efter\u00e5ret r\u00f8dmer store omr\u00e5der med eg og b\u00f8g, f\u00f8r en sidste hvisken af \u200b\u200bsne. Langvarige ekstremer - -42,2 \u00b0C ved Litv\u00ednovice i 1929 og 40,4 \u00b0C ved Dob\u0159ichovice i 2012 - vidner om kontinentale udsving, der er f\u00f8dt af dens indlandsbeliggende beliggenhed.<\/p>\n<p>Billegr\u00f8nne skove, dybe dale og den krystalklare luft i Krkono\u0161e eller \u0160umava (begge nationalparker og UNESCO-biosf\u00e6rereservater) vidner om et \u00f8kologisk tapet opdelt i vesteurop\u00e6iske l\u00f8vskove, centraleurop\u00e6iske blandede skove, pannoniske savannelignende sletter og karpatiske n\u00e5letr\u00e6sh\u00f8jland. Fire nationalparker - \u0160umava, Krkono\u0161e, B\u00f8hmisk Schweiz og Podyj\u00ed - bevarer denne arv, hvor sorte storke og los fornemmer horisonten bag de bl\u00f8de bjergrygge.<\/p>\n<p>Landets menneskelige historie begyndte l\u00e6nge f\u00f8r den formelle fremkomst af hertugd\u00f8mmet B\u00f8hmen i slutningen af \u200b\u200bdet niende \u00e5rhundrede, under Stor-M\u00e4hren. B\u00f8hmen indtog sin plads blandt de kejserlige godser i 1002 og steg op til konged\u00f8mme i 1198. Habsburgs styre, cementeret efter Moh\u00e1cs i 1526 og beseglet ved slaget ved Det hvide bjerg i 1620, strakte sig over \u00e5rhundreder. Dets opl\u00f8sning i 1806 forvandlede disse kroner til \u00f8strigske kejserlige provinser og satte en scene for industriel fremgang, der i det nittende \u00e5rhundrede havde v\u00e6vet kul og st\u00e5l ind i Tjekkiets \u00f8konomiske struktur.<\/p>\n<p>Krig og omv\u00e6ltninger definerede det tyvende \u00e5rhundrede her. Den F\u00f8rste Tjekkoslovakiske Republik - grundlagt i 1918 - bevarede alene et parlamentarisk demokrati i mellemkrigstidens \u00d8st- og Centraleuropa. M\u00fcnchen i 1938 varslede annektering og bes\u00e6ttelse; genoprettelsen i 1945 gav kun efter for et sovjetisk st\u00f8ttet kup i 1948. Den knusende afslutning p\u00e5 Pragfor\u00e5ret i 1968 tav fornyede h\u00e5b om liberalisering. F\u00f8rst fl\u00f8jlsrevolutionen i november 1989 genoprettede selvstyre; den 1. januar 1993 blev Tjekkoslovakiet fredeligt opl\u00f8st i to stater og skabte den moderne Tjekkiet.<\/p>\n<p>Dagens parlamentariske republik deltager i Den Europ\u00e6iske Union, NATO, FN, OECD, OSCE, Europar\u00e5det og Visegr\u00e1d-gruppen. Dens h\u00f8jindkomst-, eksportorienterede sociale markeds\u00f8konomi hviler p\u00e5 serviceydelser, produktion og innovation. Den tjekkiske koruna er fortsat den foretrukne valuta; pengepolitikken f\u00f8res af den uafh\u00e6ngige tjekkiske nationalbank. Med en 32. plads p\u00e5 Human Development Index og kendt for universel sundhedspleje, gratis universitetsuddannelse og robust social beskyttelse, opretholder den en velf\u00e6rdsstat i den europ\u00e6iske sociale model. BNP pr. indbygger ligger p\u00e5 omkring 91 procent af EU-gennemsnittet, ulighedsjusteret menneskelig udvikling ligger p\u00e5 en tolvteplads globalt, og Verdensbankens indeks for menneskelig kapital placerer den som nummer 24. Turisme n\u00e6rer Prag - Europas femte mest bes\u00f8gte by - samt kurbyer, slotte og vildmarksomr\u00e5der; i 2001 tjente turisme 118 milliarder CZK (5,5 procent af BNP).<\/p>\n<p>Prag kaster selv en lang skygge. Hen over Vltava klynger dens middelalderlige spir og barokke facader sig omkring brostensbelagte gyder og Karlsbroen; skyggen fra Prags Borg falder p\u00e5 det astronomiske ur p\u00e5 den gamle r\u00e5dhusplads. Alligevel b\u00e6rer Brno, Ostrava, Plze\u0148 og Liberec hver is\u00e6r deres distinkte stemmer: Brnos modernistiske Villa Tugendhat og livlige caf\u00e9er, Ostravas kulminearv og livlige subkultur, Plze\u0148s f\u00f8dested for pilsner og enorme bryggerihaller, og Liberecs silkev\u00e6vningsarv under Je\u0161t\u011bds t\u00e5rne.<\/p>\n<p>Ud over disse danner regionale byer kapitler i en stor fort\u00e6lling. \u010cesk\u00e9 Bud\u011bjovice, rigdom f\u00f8dt af korn og \u00f8l, ligger under den store plads; det n\u00e6rliggende \u010cesk\u00fd Krumlovs slot dominerer de albueb\u00f8jende sving af Vltava; Olomouc kan prale af en barok Helligtrekongerss\u00f8jle og det n\u00e6stst\u00f8rste historiske hjerte; Kutn\u00e1 Horas gotiske Sankt Barbaras Kirke og det benudsmykkede Sedlec-benhus vidner om s\u00f8lvminedriftens overd\u00e5dighed; Karlovy Varys varme kilder tiltr\u00e6kker tyske og russiske g\u00e6ster til sine s\u00f8jlegange; T\u0159eb\u00ed\u010d har bevaret et j\u00f8disk kvarter; Tel\u010ds ren\u00e6ssanceplads er knap nok blevet \u00e6ldre siden dens f\u00f8dsel i det 16. \u00e5rhundrede.<\/p>\n<p>Den arkitektoniske rigdom sp\u00e6nder over epoker: romanske stent\u00e5rne \u200b\u200bog basilikaer, de h\u00f8je buer af gotisk perfektion, franskf\u00f8dte designs under Karl IV, ren\u00e6ssancens loggiaer og haver, barokkens storhed og dens senere gotisk-barokke synteser. Det nittende \u00e5rhundredes historisme genoplivede middelalderlige former; Art Nouveau blomstrede f\u00f8r F\u00f8rste Verdenskrig; funktionalismen mellem krigene satte fremskridt p\u00e5 rene linjer; sovjetiske indflydelser efter krigen veg pladsen for Bruxelles-avantgarde i 1960&#039;erne og brutalistiske udtalelser derefter. I dag m\u00f8der Pritzker-prisvindende visioner dekonstruktivistiske udsmykninger i Det Dansende Hus og Den Gyldne Engel.<\/p>\n<p>Nationens kulturelle rytmer afspejles i lige stor grad i k\u00f8kkenet og i skikke. Tjekkerne v\u00e6rds\u00e6tter k\u00f8d: svinek\u00f8d, oksek\u00f8d og kylling i \u00f8lbraiserede gullascher, vildt om efter\u00e5ret \u2013 vildt under eneb\u00e6r, stegt kanin ved for\u00e5rsgr\u00e6sgange. Den stegte, panerede svineknitzel \u2013 sma\u017een\u00fd vep\u0159ov\u00fd \u0159\u00edzek \u2013 serveres med kogte kartofler; frisk \u00f8rred eller karpe dukker op til jul, en flygtig hentydning til flodernes overflod. P\u00f8lser, pat\u00e9er, r\u00f8get skinke, surk\u00e5l og kartoffelpandekager fylder v\u00e6rtshusene. Desserter blander fl\u00f8deskum og frugtt\u00e6rter, mens valmuefr\u00f8strudl eller kol\u00e1\u010de hylder konditortraditioner.<\/p>\n<p>Alligevel er \u00f8l stadig national dialekt: Pilsner Urquell fra Plze\u0148, stamfaderen til den blege lager\u00f8l, inspirerer to tredjedele af verdens bryggere. \u010cesk\u00e9 Bud\u011bjovice producerer Bud\u011bjovick\u00fd Budvar; mikrobryggerier findes i overflod. M\u00e4hrens vinmarksskr\u00e5ninger - over halvfems procent af de tjekkiske vinmarker ligger her - producerer spr\u00f8de hvidvine og fyldige r\u00f8dvine; slivovitz blommebr\u00e6ndevin og urtebittere som Becherovka eller Fernet Stock deler barplads med Kofola, den indenlandske cola, der k\u00e6mper med globale giganter.<\/p>\n<p>Musik, dukketeater og billedkunst v\u00e6gter lige meget. Marionetteatre opf\u00f8rer fabler inspireret af Jan \u0160vankmajer; Dvo\u0159\u00e1k-prisen giver genlyd i Brnos operasale; legender om Richard Hegers glas og glasmaleri minder om B\u00f8hmens \u00e5rhundredgamle krystalarv. Museer \u2013 fra Prags Nationalgalleri til Ostravas minemuseum \u2013 kortl\u00e6gger mineraler, moderne kunst eller barok i lige m\u00e5l.<\/p>\n<p>Tjekkiets 10,5 millioner indbyggere har en gennemsnitsalder p\u00e5 43 \u00e5r. Folket\u00e6llingen i 2021 registrerede, at 57,3 procent identificerede sig som etniske tjekkere, 3,4 procent som herrnhutere, hvor slovakker, ukrainere, vietnamesere og polakker skabte et t\u00e6ppe af minoriteter. Omkring 658.000 udl\u00e6ndinge bor her - ukrainere og slovakker udg\u00f8r n\u00e6sten halvdelen. Det j\u00f8diske samfund, der n\u00e6sten blev udslettet i Holocaust, t\u00e6ller i dag omkring 3900. Omkring tre fjerdedele af befolkningen bekender sig ikke til nogen religion, hvilket g\u00f8r sekularisme til et definerende tr\u00e6k; alligevel er historiske kirker - Sankt Vitus p\u00e5 Prags Borg, Sankt Barbara i Kutn\u00e1 Hora, Sankt Cyril og Sankt Methodius i Prag - stadig symbolske for en katolsk fortid.<\/p>\n<p>Tjekkisk er det officielle sprog, et vestslavisk sprog, der er forst\u00e5eligt for slovakisktalende og tilg\u00e6ngeligt for polsk- eller russisktalende. Engelsk er dominerende blandt yngre generationer; tysk er stadig almindeligt blandt dem, der blev uddannet under kommunisttiden, hvor russisk var obligatorisk. Bes\u00f8gende vil m\u00e5ske bem\u00e6rke dialekternes vedvarende karakter - m\u00e4hriske varianter, schlesiske idiomer - men standardtjekkisk forener medier, akademia og regering.<\/p>\n<p>Rejseetikette afspejler disse f\u00f8lsomheder. Tjekkere v\u00e6rds\u00e6tter personlig plads og formelle hilsner: et sagte &#034;Dobr\u00fd den&#034; ved indtr\u00e6den i butikker, &#034;Na shledanou&#034; ved afrejse. Sko tages af i hjemmene; hjemmesko f\u00f8lger. Man tilbyder hj\u00e6lp, n\u00e5r det er n\u00f8dvendigt, men uopfordret assistance kan overraske. Undg\u00e5 at omtale republikken som &#034;\u00d8steuropa&#034; eller at sammenblande den med sovjetisk territorium; insist\u00e9r p\u00e5 &#034;Centraleuropa&#034;. Undlad &#034;Sudeterland&#034;, for\u00e6ldede tyske stednavne eller uf\u00f8lsomme bem\u00e6rkninger, der antyder billighed. Frem for alt, respekter historien - kommunistisk arv og Holocaust-erindring er fortsat f\u00f8lsomme - undg\u00e5 ben\u00e6gtelse eller trivialisering.<\/p>\n<p>Uden for byerne afsl\u00f8rer landlige panoramaer landsbyer med bindingsv\u00e6rkshuse og marker pr\u00e6get af gotiske spir. T\u0159eb\u00ed\u010ds barokke pladser, det b\u00f8hmiske paradis&#039; basaltmonumenter, den m\u00e4hriske karsts huleagtige Macocha-afgrund og Palavas flodsletter med fiskefyldte d\u00e6mninger appellerer til b\u00e5de vandrere og lystfiskere. For den tekniske nysgerrighed kortl\u00e6gger Brnos moderne museum industrielt design; langrendsl\u00f8bere f\u00f8lger Tour de Ski-ruterne ved Nov\u00e9 M\u011bsto na Morav\u011b.<\/p>\n<p>Uanset om man holder pause ved de gr\u00f8nne pavilloner i Mari\u00e1nsk\u00e9 L\u00e1zn\u011b, sliber brosten i Kutn\u00e1 Horas knoglekapel eller st\u00e5r under \u010cesk\u00fd Krumlovs t\u00e5rne, mens t\u00e5gen driver over Vltava-floden, blander Tjekkiet \u00f8jeblikke af pr\u00f8velser og overd\u00e5dighed ind i et landskab af bevidst nuance. Det er et land med lagdelte erindringer - Stor-M\u00e4hren&#039;s tidlige sten, Habsburgs krigslist, republik-smedede friheder - men alligevel balanceret mellem nutidens krav og det stedsegr\u00f8nne teater af skove og spir. At tr\u00e6de inden for dets gr\u00e6nser er ikke blot at m\u00f8de et tapet af arkitektur og terr\u00e6n, men et folk, hvis sk\u00e6ve f\u00f8lsomhed og mindfulde tilbageholdenhed giver lysstyrke til hvert torv og skovlysning.<\/p>","protected":false},"excerpt":{"rendered":"<p>Den Tjekkiske Republik, eller Tjekkiet, er en indlandsstat, beliggende i Centraleuropa, strategisk placeret i sk\u00e6ringspunktet mellem forskellige vigtige europ\u00e6iske regioner. Fra 2024 har landet en befolkning p\u00e5 cirka 10,7 millioner indbyggere, hvilket rangerer det som den 86. mest folkerige nation globalt. Nationens centrale placering har i h\u00f8j grad p\u00e5virket dens historiske udvikling, kulturelle mangfoldighed og \u00f8konomiske betydning i Europa.<\/p>","protected":false},"author":1,"featured_media":4171,"parent":24078,"menu_order":0,"comment_status":"closed","ping_status":"closed","template":"elementor_theme","meta":{"_eb_attr":"","footnotes":""},"class_list":["post-14322","page","type-page","status-publish","has-post-thumbnail"],"_links":{"self":[{"href":"https:\/\/travelshelper.com\/da\/wp-json\/wp\/v2\/pages\/14322","targetHints":{"allow":["GET"]}}],"collection":[{"href":"https:\/\/travelshelper.com\/da\/wp-json\/wp\/v2\/pages"}],"about":[{"href":"https:\/\/travelshelper.com\/da\/wp-json\/wp\/v2\/types\/page"}],"author":[{"embeddable":true,"href":"https:\/\/travelshelper.com\/da\/wp-json\/wp\/v2\/users\/1"}],"replies":[{"embeddable":true,"href":"https:\/\/travelshelper.com\/da\/wp-json\/wp\/v2\/comments?post=14322"}],"version-history":[{"count":0,"href":"https:\/\/travelshelper.com\/da\/wp-json\/wp\/v2\/pages\/14322\/revisions"}],"up":[{"embeddable":true,"href":"https:\/\/travelshelper.com\/da\/wp-json\/wp\/v2\/pages\/24078"}],"wp:featuredmedia":[{"embeddable":true,"href":"https:\/\/travelshelper.com\/da\/wp-json\/wp\/v2\/media\/4171"}],"wp:attachment":[{"href":"https:\/\/travelshelper.com\/da\/wp-json\/wp\/v2\/media?parent=14322"}],"curies":[{"name":"wp","href":"https:\/\/api.w.org\/{rel}","templated":true}]}}