{"id":13952,"date":"2024-09-18T14:07:35","date_gmt":"2024-09-18T14:07:35","guid":{"rendered":"https:\/\/travelshelper.com\/staging\/?page_id=13952"},"modified":"2026-03-11T23:44:26","modified_gmt":"2026-03-11T23:44:26","slug":"frankrig","status":"publish","type":"page","link":"https:\/\/travelshelper.com\/da\/destinations\/europe\/france\/","title":{"rendered":"Frankrig"},"content":{"rendered":"<p>Frankrig pr\u00e6senterer et studie i lagdelte kontraster: et tempereret fastland formet af lange kystlinjer, historiske bjergk\u00e6der og b\u00f8lgende sletter, et overs\u00f8isk dom\u00e6ne, der sp\u00e6nder over tropiske floder, vulkanske \u00f8er og polarfremspring, en befolkning p\u00e5 over 68 millioner, der er v\u00e6vet sammen af \u200b\u200b\u00e5rtusinders migrationer og nyere ankomster, og en republik, hvis politiske eksperimenter fra den gallo-romerske \u00e6ra til den femte republik har formet moderne forestillinger om statsborgerskab og rettigheder. I hjertet af denne vidde ligger Paris, dens kulturelle og \u00f8konomiske knudepunkt, men nationens sande dimension m\u00e5les i \u00e5rhundreder lige s\u00e5 meget som kilometer - dens middelalderlige katedraler og ren\u00e6ssanceslotte, oplysningstidens saloner og revolution\u00e6re iver, belle \u00e9poque-videnskab og det tyvende \u00e5rhundredes pr\u00f8velser. Denne artikel sporer den franske republiks geografi, historie, samfund, \u00f8konomi, regeringsf\u00f8relse, infrastruktur og kulturelle skikke og afsl\u00f8rer et land, der b\u00e5de er velkendt og uendeligt skiftende.<\/p>\n<p>Konturerne af det franske storbyomr\u00e5de str\u00e6kker sig fra Rhinen til Atlanterhavet og fra Middelhavet til Den Engelske Kanal og Nords\u00f8en og d\u00e6kker omkring 551.500 km\u00b2 - det st\u00f8rste omr\u00e5de blandt medlemmer af Den Europ\u00e6iske Union - og gr\u00e6nser op til Belgien, Luxembourg, Tyskland, Schweiz, Italien, Monaco, Andorra og Spanien. Ud over det kontinentale Europa har Frankrig verdens n\u00e6stst\u00f8rste eksklusive \u00f8konomiske zone gennem caribiske \u00f8er, sydamerikanske regnskove, Stillehavs\u00f8grupper og de sydlige og antarktiske omr\u00e5der, hvor dets overs\u00f8iske regioner og territorier giver det en \u00f8konomisk r\u00e6kkevidde p\u00e5 over 11 millioner km\u00b2 maritim dom\u00e6ne. Inden for disse varierede breddegrader - fra 41\u00b0 til 51\u00b0 nordlig breddegrad og 6\u00b0 vestlig l\u00e6ngdegrad til 10\u00b0 \u00f8stlig l\u00e6ngdegrad - skifter landskabet fra kystmarsklandskaber og sletter i nord og vest til Massif Centrals gamle vulkanske plateauer, Pyren\u00e6ernes barske toppe, Alpernes h\u00f8je tinder og kalkstenskl\u00f8fter i syd\u00f8st og sydvest.<\/p>\n<p>Keltiske gallere bosatte sig i jernalderen og blev erobret af Rom i 51 f.Kr., hvilket banede vejen for en gallo-romersk civilisation, hvis veje, byer og love bestod ind i den tidlige middelalder. Med den frankiske overherred\u00f8mme og det karolingiske rige skabte Verdun-traktaten (843 e.Kr.) et rige i Vestfranken, der modnedes til det middelalderlige kongerige Frankrig. Den feudale fragmentering definerede h\u00f8jmiddelalderen, selvom monarkiets prestige voksede; Hundred\u00e5rskrigen mod England, fra 1337 til 1453, satte kongerigets modstandsdygtighed p\u00e5 pr\u00f8ve, og i k\u00f8lvandet blev den suver\u00e6ne myndighed gradvist centraliseret. Det sekstende \u00e5rhundredes protektion fremmede en fransk ren\u00e6ssance inden for kunst, litteratur og videnskab, mens religi\u00f8se splittelser mellem katolikker og huguenotter br\u00f8d ud i borgerkrige; ved slutningen af \u200b\u200bdette \u00e5rhundrede sejrede franske v\u00e5ben i Tredive\u00e5rskrigen, og Ludvig XIVs regeringstid udvidede yderligere indflydelsen gennem diplomati, krig og hofpragt.<\/p>\n<p>Den franske revolution i 1789 annullerede Ancien R\u00e9gime, der kulminerede i Menneske- og borgererkl\u00e6ringen, som nedf\u00e6ldede frihed, ejendom og lighed. Under Napoleon Bonaparte indf\u00f8rte det f\u00f8rste kejserrige franske juridiske kodekser i hele Europa, f\u00f8r det blev opl\u00f8st i 1815. Det nittende \u00e5rhundredes svingninger mellem monarki, republik og imperium - gennem Bourbon-restaurationen, den anden republik, det andet kejserrige og i sidste ende den tredje republik - blev d\u00e6mpet af industrialisering, kulturel opblomstring under Belle \u00c9poque og traumet fra den fransk-preussiske konflikt (1870-71). To verdenskrige i det tyvende \u00e5rhundrede testede Frankrigs udholdenhed: F\u00f8rste Verdenskrig kr\u00e6vede \u00f8del\u00e6ggende menneskelige og materielle ofre, men endte med sejr; i den anden f\u00f8rte nederlaget i 1940 til bes\u00e6ttelse og samarbejde under Vichy, derefter befrielse i 1944 og den kortlivede fjerde republik. I 1958 etablerede Charles de Gaulle den femte republik, hvis forfatning best\u00e5r. Afkoloniseringen i 1960&#039;erne afbr\u00f8d de fleste overs\u00f8iske besittelser, selvom de politiske og \u00f8konomiske b\u00e5nd stadig er st\u00e6rke.<\/p>\n<p>Frankrigs \u00f8konomiske profil kombinerer en diversificeret, social markedsmodel med betydelig statslig deltagelse og privat virksomhed. Dets nominelle BNP er blandt verdens ti bedste og nummer to inden for EU; m\u00e5lt efter k\u00f8bekraftsparitet er det nummer ni globalt. Serviceydelser udg\u00f8r to tredjedele af produktionen og besk\u00e6ftigelsen, fremstillingsindustrien n\u00e6sten en femtedel og landbruget under to procent, selvom fransk landbrugsproduktion f\u00f8rer EU b\u00e5de i volumen og v\u00e6rdi. Som den tredjest\u00f8rste europ\u00e6iske producent og verdens ottende st\u00f8rste m\u00e5lt p\u00e5 produktion eksporterer Frankrig maskiner, k\u00f8ret\u00f8jer, luftfartsprodukter, l\u00e6gemidler og luksusvarer; det er den femtest\u00f8rste globale handelsnation og nummer to i Europa. Eurozonen og det indre marked underst\u00f8tter dets brede adgang til kapital og arbejdskraft; udenlandske direkte investeringer str\u00f8mmer prim\u00e6rt til fremstillingsindustrien, fast ejendom og finansielle tjenester, med globale virksomheder koncentreret i Paris-regionen.<\/p>\n<p>Transportnetv\u00e6rk v\u00e6ver nationen sammen og forbinder den p\u00e5 tv\u00e6rs af gr\u00e6nser. SNCF&#039;s 29.473 km jernbane - n\u00e6stst\u00f8rste i Vesteuropa kun overg\u00e5et af Tyskland - omfatter TGV-h\u00f8jhastighedslinjerne, der n\u00e5r 320 km\/t, Eurostar gennem Kanaltunnelen og internationale forbindelser til alle naboer undtagen Andorra. Vejene str\u00e6kker sig over en million kilometer, det t\u00e6tteste kontinentale netv\u00e6rk, med vejafgiftsfinansierede motorveje, der udg\u00e5r fra Paris, og motorveje, der betjener robuste bilmarkeder domineret af indenlandske m\u00e6rker. Indre vandveje, herunder Canal du Midi, forbinder Middelhavs- og Atlanterhavsbassinerne. Lufttransport opererer gennem 464 lufthavne, hvoraf de vigtigste er Charles-de-Gaulle uden for Paris, mens ti havne - Marseille den st\u00f8rste ved Middelhavet - letter fragt- og passagertransport.<\/p>\n<p>Demografisk set havde Frankrig omkring 68,6 millioner indbyggere pr. januar 2025, hvilket g\u00f8r landet til EU&#039;s n\u00e6stmest folkerige nation og Europas tredjest\u00f8rste efter Rusland og Tyskland. Befolkningen voksede gennem en relativt h\u00f8j fertilitet efter krigen \u2013 der toppede med fire b\u00f8rn pr. kvinde i 1800 og opretholdt en fertilitetsrate over erstatningsniveauet ind i begyndelsen af \u200b\u200bdet 21. \u00e5rhundrede \u2013 samt betydelig indvandring. I 2023 l\u00e5 den samlede fertilitetsrate p\u00e5 1,79, hvilket er under erstatningsniveauet, men alligevel den h\u00f8jeste i EU, selvom en aldrende v\u00e6lgerkorps ser en femtedel v\u00e6re 65 \u00e5r eller derover. Den forventede levealder ved f\u00f8dslen n\u00e5ede 82,7 \u00e5r, en af \u200b\u200bverdens h\u00f8jeste. Urbaniseringen koncentrerer to tredjedele af befolkningen i byer og deres periferi: Paris (over 13 millioner i storbyomr\u00e5det), Lyon, Marseille, Lille, Toulouse, Bordeaux, Nantes, Strasbourg, Montpellier og Rennes. En prognose forudser fortsat beskeden v\u00e6kst indtil midten af \u200b\u200b2040&#039;erne, formet af migrations- og f\u00f8dselsrateudviklingen.<\/p>\n<p>Over to \u00e5rtusinder opstod regionale identiteter sidel\u00f8bende med den nationale struktur: keltisk-galliske r\u00f8dder i Bretagne og Bourgogne, romersk arv i Provence og Aquitaine, germanske elementer i Alsace og Lorraine, middelhavsindflydelser p\u00e5 Korsika. I dag anerkender Frankrig regionale sprog - bretonsk, occitansk, baskisk, catalansk, flamske dialekter, alsacisk - under forfatningsm\u00e6ssig beskyttelse, selvom fransk fortsat er det eneste officielle sprog inden for handel og administration. Acad\u00e9mie fran\u00e7aise, grundlagt i 1635, fungerer som den ceremonielle vogter af sproglige standarder.<\/p>\n<p>Frankrigs republikanske forfatning forankrer la\u00efcit\u00e9, en streng sekularisme i det offentlige liv, der er f\u00f8dt af adskillelsen af \u200b\u200bkirke og stat i 1905. Mens katolicismen definerede national religion i \u00e5rhundreder, er dens offentlige fremtr\u00e6den aftaget; alligevel er 94 procent af Frankrigs religi\u00f8se bygningsv\u00e6rker katolske. Minoritetsreligioner - protestantisme, j\u00f8dedom, islam - praktiseres frit, omend uden statslig anerkendelse, undtagen i Alsace-Moselle, hvor historiske konkordater eksisterer. Staten gransker grupper, der betragtes som kulter, fra at gribe ind i politik.<\/p>\n<p>Gastronomi er fortsat central for national identitet og bl\u00f8d magt. Regionale kulinariske traditioner afspejler klimatisk og kulturel mangfoldighed: mejeriholdige tilberedninger i nord og det centrale Massif Central, olivenoliebaserede retter i syd, cassoulet omkring Toulouse, choucroute i Alsace, quiche i Lorraine, boeuf bourguignon i Bourgogne, provencalsk tapenade ved C\u00f4te d&#039;Azur. Frankrig f\u00f8rer an i Europa inden for vin og ost, med appellation contr\u00f4l\u00e9e-systemer, der forbinder produkter med deres terroir. Et formelt m\u00e5ltid forts\u00e6tter - hovedret, hovedret, fromage eller dessert - hvilket understreger selskabelighed. Michelin-guiden, der blev udt\u00e6nkt i 1900, forts\u00e6tter med at uddele stjerner, der kan forandre omd\u00f8mme; i 2006 havde franske restauranter omkring 620 stjerner.<\/p>\n<p>Kulturinstitutioner styrker Frankrigs selvbillede som en intellektuel og kunstnerisk hovedstad. Dens 52 UNESCO-verdensarvssteder sp\u00e6nder over middelalderlige katedraler, kongelige paladser, forhistoriske huler og bykvarterer. Museer af global anerkendelse - Paris&#039; Louvre (7,7 millioner bes\u00f8gende i 2022), Mus\u00e9e d&#039;Orsay, Centre Pompidou - huser mesterv\u00e6rker fra antikken til modernismen. Regionale museer i Lyon, Lille, Montpellier og andre steder beriger lokale identiteter. Den franske riviera, slotte i Loire-dalen, alpine feriesteder og middelhavsstrande tiltr\u00e6kker 100 millioner internationale turister \u00e5rligt, hvilket langt overstiger noget andet land. Disneyland Paris, med sin egen TGV-station, er fortsat Europas travleste temapark.<\/p>\n<p>Den administrative organisation afspejler den historiske udvikling: Det franske storbyomr\u00e5de omfatter tolv fastlandsregioner plus Korsika, der er opdelt i 96 departementer, ofte opkaldt efter floder eller geografiske tr\u00e6k. Ud over de fem overs\u00f8iske departementer - Guadeloupe, Martinique, Fransk Guyana, R\u00e9union, Mayotte - ligger seks kollektiver med varierende autonomi (Fransk Polynesien, Ny Kaledonien, Saint-Barth\u00e9lemy, Saint-Martin, Saint-Pierre og Miquelon, Wallis og Futuna) og ubeboede naturreservater s\u00e5som Clipperton og de sydlige og antarktiske omr\u00e5der. Tilsammen sp\u00e6nder disse territorier over tolv tidszoner, mere end nogen anden nation.<\/p>\n<p>Turistruterne sp\u00e6nder fra bypromenader til landlige tilflugtssteder. Paris byder p\u00e5 Seinens kajer, Notre-Dame (som venter p\u00e5 restaurering), Sainte-Chapelles glasmalerier, Triumfbuen og Montmartres caf\u00e9liv. I Lyon minder Place Bellecour og traboulerne i Vieux Lyon om silkev\u00e6verarven. Bordeauxs stenterrasser og vinmarker, Nantes&#039; gr\u00f8nne omr\u00e5der og Jules Verne-udstillinger, Marseilles Vieux-Port og Calanques, Nices Promenade des Anglais og portene til Monaco skaber hver is\u00e6r en s\u00e6regen atmosf\u00e6re. Historiske pilgrimsruter str\u00e6kker sig vestp\u00e5 fra V\u00e9zelay eller Chartres; pilgrimsf\u00e6rden til Lourdes i Hautes-Pyr\u00e9n\u00e9es tiltr\u00e6kker millioner af mennesker til sin anerkendte helbredende kilde.<\/p>\n<p>Landdistrikterne i Frankrig afsl\u00f8rer et v\u00e6ld af middelalderlandsbyer \u2013 hvoraf over 160 officielt er anerkendt for deres sk\u00f8nhed \u2013 skjulte dale i Dordogne med forhistoriske hulemalerier, godser i Loire-dalen fra Azay-le-Rideau til Chenonceau og provencalske lavendelmarker. Normandiets D-dagsstrande og Mont-Saint-Michel legemligg\u00f8r henholdsvis fort\u00e6llinger fra det tyvende og det ellevte \u00e5rhundrede. Bretagnes bautasten ved Carnac vidner om forhistoriske samfund, mens Camargue-deltaet bevarer marsklandskabets \u00f8kosystemer og lokale traditioner for saltindsamling og tyrehyrdning.<\/p>\n<p>Den franske hverdag er styret af h\u00f8flighedsprotokoller: &#034;Bonjour&#034; ved indgang til butikker eller caf\u00e9er, &#034;Monsieur&#034; og &#034;Madame&#034; i formel tiltale, m\u00e5dehold i offentlig p\u00e5kl\u00e6dning - undg\u00e5else af tr\u00e6ningsdragter eller hvide tr\u00e6ningssko uden for fritidsmilj\u00f8er. Sv\u00f8mmebassiner kr\u00e6ver t\u00e6tsiddende Lycra-dragter og kasketter; strande overholder solbadningskonventioner. I samtaler er det kutyme at v\u00e6re \u00e5benhjertig snarere end uh\u00f8flig. Bes\u00f8gende v\u00e6nner sig til kulturel direktehed som et tegn p\u00e5 engagement.<\/p>\n<p>S\u00e5ledes forbliver Frankrig p\u00e5 \u00e9n gang et arkiv for europ\u00e6isk historie, en smeltedigel for kunstnerisk og videnskabelig fremgang, et mangfoldigt geografisk rige og en moderne republik, der navigerer i globale udfordringer. Dens indflydelse varer ved i jura, sprog, k\u00f8kken og kultur; dens rytmer skifter fra stilheden af \u200b\u200balpine sne til summen af \u200b\u200bmiddelhavspromenader, fra stilheden af \u200b\u200bkatedralgange til klirren af \u200b\u200bcaf\u00e9terrasser. For den rejsende eller forskeren tilbyder Frankrig ikke en enkelt historie, men et kor af stemmer, der hver is\u00e6r er afstemt med harmonien af \u200b\u200berindring og innovation, stabilitet og forandring.<\/p>","protected":false},"excerpt":{"rendered":"<p>Frankrig, overvejende beliggende i Vesteuropa, har en befolkning p\u00e5 omkring 68,4 millioner i januar 2024, hvilket g\u00f8r det til et af de mest befolkede lande i EU. Denne kulturelt diversificerede nation har et areal p\u00e5 643.801 kvadratkilometer (248.573 kvadrat miles), inklusive dens byterritorium og udenlandske omr\u00e5der. Frankrigs karakteristiske geografiske placering, beliggende i sk\u00e6ringspunktet mellem Vesteuropa og Middelhavet, har i h\u00f8j grad p\u00e5virket dets historie, kultur og verdensomsp\u00e6ndende indflydelse.<\/p>","protected":false},"author":1,"featured_media":4906,"parent":24078,"menu_order":0,"comment_status":"closed","ping_status":"closed","template":"elementor_theme","meta":{"_eb_attr":"","footnotes":""},"class_list":["post-13952","page","type-page","status-publish","has-post-thumbnail"],"_links":{"self":[{"href":"https:\/\/travelshelper.com\/da\/wp-json\/wp\/v2\/pages\/13952","targetHints":{"allow":["GET"]}}],"collection":[{"href":"https:\/\/travelshelper.com\/da\/wp-json\/wp\/v2\/pages"}],"about":[{"href":"https:\/\/travelshelper.com\/da\/wp-json\/wp\/v2\/types\/page"}],"author":[{"embeddable":true,"href":"https:\/\/travelshelper.com\/da\/wp-json\/wp\/v2\/users\/1"}],"replies":[{"embeddable":true,"href":"https:\/\/travelshelper.com\/da\/wp-json\/wp\/v2\/comments?post=13952"}],"version-history":[{"count":0,"href":"https:\/\/travelshelper.com\/da\/wp-json\/wp\/v2\/pages\/13952\/revisions"}],"up":[{"embeddable":true,"href":"https:\/\/travelshelper.com\/da\/wp-json\/wp\/v2\/pages\/24078"}],"wp:featuredmedia":[{"embeddable":true,"href":"https:\/\/travelshelper.com\/da\/wp-json\/wp\/v2\/media\/4906"}],"wp:attachment":[{"href":"https:\/\/travelshelper.com\/da\/wp-json\/wp\/v2\/media?parent=13952"}],"curies":[{"name":"wp","href":"https:\/\/api.w.org\/{rel}","templated":true}]}}