{"id":13345,"date":"2024-09-17T16:25:54","date_gmt":"2024-09-17T16:25:54","guid":{"rendered":"https:\/\/travelshelper.com\/staging\/?page_id=13345"},"modified":"2026-03-12T22:41:04","modified_gmt":"2026-03-12T22:41:04","slug":"slovenien","status":"publish","type":"page","link":"https:\/\/travelshelper.com\/da\/destinations\/europe\/slovenia\/","title":{"rendered":"Slovenien"},"content":{"rendered":"<p>Slovenien, en smal korridor af gr\u00f8nt terr\u00e6n og forrevne tinder i hjertet af det europ\u00e6iske kontinent, d\u00e6kker et areal p\u00e5 20.271 kvadratkilometer og er hjemsted for cirka 2,1 millioner indbyggere. Republikkens strategiske placering ved sammenl\u00f8bet af alpine h\u00f8jder, pannoniske sletter og middelhavsindflydelser understreger dens unikke karakter, flankeret af Italien mod vest, \u00d8strig mod nord, Ungarn mod nord\u00f8st, Kroatien mod syd og syd\u00f8st, og omfavner en kort stribe af Adriaterhavskystlinjen mod sydvest.<\/p>\n<p>Fra sin tidligste optagelse i Det Byzantinske Rige og senere Det Karolingiske og Det Hellige Romerske Imperium, gennem \u00e5rhundreder under Kongeriget Ungarns jurisdiktion, Republikken Venedigs handelsomr\u00e5der, Napoleons illyriske provinser og det vidtstrakte Habsburg-monarki, har det territorium, der nu er kendt som Slovenien, oplevet ebbe og flod af kejserlige str\u00f8mninger - hvert lag af regeringsf\u00f8relse har sat uudslettelige spor i dets kulturelle topografi. I efter\u00e5ret 1918 h\u00e6vdede slovenerne deres kollektive handlekraft ved at v\u00e6re med til at grundl\u00e6gge staten Slovenere, Kroater og Serbere, kun for m\u00e5neder senere at fusionere ind i det spirende kongerige Serbere, Kroater og Slovenere (omd\u00f8bt til Jugoslavien i 1929). Omv\u00e6ltningerne under Anden Verdenskrig, hvor Tyskland, Italien og Ungarn delte og annekterede landet - suppleret med en smule afst\u00e5et til Den Uafh\u00e6ngige Stat Kroatien - blev efterfulgt af en reintegration i det socialistiske Jugoslavien. Frigjort fra ekstern vejledning i juni 1991 indledte Sloveniens suver\u00e6nitetserkl\u00e6ring et nyt kapitel, hvor landet ville bane vejen som medlem af Den Europ\u00e6iske Union, NATO og andre globale organer, samtidig med at landet ville dyrke en h\u00f8jindkomst\u00f8konomi, der balancerer \u00e6rv\u00e6rdige produktions- og landbrugsaktiviteter med banebrydende informationsteknologi og finansielle tjenester.<\/p>\n<p>Geografisk set str\u00e6kker Slovenien sig mellem breddegraderne 45\u00b0 og 47\u00b0 nord og l\u00e6ngdegraderne 13\u00b0 og 17\u00b0 \u00f8st, n\u00e6sten gennemsk\u00e5ret af den femtende meridian \u00f8st og centreret omkring koordinaterne 46\u00b007\u203211.8\u2033 N, 14\u00b048\u203255.2\u2033 \u00d8, et punkt n\u00e6r Slivna i Litija Kommune. Dets topografiske mangfoldighed er forbl\u00f8ffende: fire store europ\u00e6iske regioner - Alperne, Dinariderne, den Pannoniske Slette og Middelhavsomr\u00e5det - m\u00f8des inden for dets gr\u00e6nser. De nordlige omr\u00e5der domineres af de Juliske Alper, Kamnik-Savinja Alperne og Karawanker, sammen med Pohorje-massivet; nationens h\u00f8jdepunkt, Triglav-bjerget, stiger til 2.864 meter og pryder b\u00e5de flag og v\u00e5benskjold som et st\u00e6rkt symbol p\u00e5 national identitet. Mod sydvest viger en 47 kilometer lang adriatisk kystlinje \u2013 hvor den slovenske littoral ligger i Middelhavets favn \u2013 for Karstplateauet, hvis opl\u00f8selige kalksten har formet en underverden af \u200b\u200bfloder, kl\u00f8fter og huler, der er ber\u00f8mte i Postojna-hulen og de UNESCO-listede \u0160kocjan-huler. I mods\u00e6tning hertil flader de \u00f8stlige vidder ud i den pannoniske slette, mens over 90 procent af territoriet ligger mere end 200 meter over havets overflade.<\/p>\n<p>Klimatisk set er Sloveniens tempererede breddegrader pr\u00e6get af et tredelt system: et kontinentalt regime i nord\u00f8st, pr\u00e6get af markante s\u00e6sonbestemte temperaturforskydninger; en sub-middelhavsindflydelse langs kysten og de nedre dele af So\u010da-dalen; og et alpint klima i h\u00f8jden. Nedb\u00f8r, ofte b\u00e5ret af str\u00f8mme fra Genovabugten, svinger mellem mere end 3.500 millimeter i vestlige enklaver og omkring 800 millimeter i Prekmurje; rekordh\u00f8jt sned\u00e6kke i Ljubljana n\u00e5ede 146 centimeter i februar 1952. Selvom Slovenien er relativt beskyttet mod vedvarende kuling, oplever landet karakteristiske vinde - den fugtige, sydlige jugo og den bl\u00e6sende, nordlige bora langs Littoral, samt f\u00f8hn i alpine distrikter - mens lokale vertikale str\u00f8mme stammer fra det barske terr\u00e6ns daglige termiske cyklusser.<\/p>\n<p>Under f\u00f8dderne er nationens geologi lige s\u00e5 livlig. Beliggende p\u00e5 den lille Adriatiske Plade, som roterer i modsat retning mellem den Afrikanske og Eurasiske Plade, ligger Slovenien i en seismisk aktiv zone, hvor der er registreret 60 destruktive rystelser i historiske annaler. Karstformationer str\u00e6kker sig ud over plateauet og tilf\u00f8rer karbonat til store dele af grundfjeldet, hvilket n\u00e6rer en labyrint af huler, der vidner om underjordiske haves langsomme kunstf\u00e6rdigheder. Disse forskellige fysiografiske omgivelser er blevet opdelt af geografer i makroregioner - alpine, subalpine, submiddelhavs-, dinariske og subpannoniske - mens nutidige naturlige geografiske klassifikationer samler dem i fire overordnede landskaber: alpine, middelhavs-, dinariske og pannoniske, ofte sammenflettet af overgangsnicher.<\/p>\n<p>N\u00e6sten 58 procent af Slovenien, der omfatter omkring 11.823 kvadratkilometer, er d\u00e6kket af skov - prim\u00e6rt b\u00f8g, fyr-b\u00f8g og b\u00f8g-eg - hvilket rangerer landet som det tredjest\u00f8rste i Europa med hensyn til skovd\u00e6kke efter Finland og Sverige; rester af urskove findes stadig i Ko\u010devje-regionen. Gr\u00e6sarealer, marker, haver, frugtplantager og vinmarker d\u00e6kker yderligere omr\u00e5der, mens 286 Natura 2000-zoner beskytter 36 procent af jorden, det mest omfattende netv\u00e6rk blandt EU-stater. Triglav Nationalpark, den eneste nationalpark, st\u00e5r som en bastion for flora og fauna, og Sloveniens milj\u00f8forvaltning har opn\u00e5et anerkendelse i indekser som Yales Environmental Performance Index.<\/p>\n<p>Hydrologisk set l\u00f8ber cirka 81 procent af Sloveniens territorium ud i Sortehavsbassinet via flodsystemerne Mura, Drava og Sava \u2013 med Kolpa som en af \u200b\u200bsidstn\u00e6vntes bifloder \u2013 mens de resterende 19 procent l\u00f8ber sydp\u00e5 til Adriaterhavet. Bjergspringende kildevand giver vand af exceptionel renhed, selvom landbrugsafstr\u00f8mning pr\u00e6senterer lokale udfordringer. S\u00f8er som Bohinj, Sloveniens st\u00f8rste naturlige s\u00f8 og Sava-flodens udspring, pr\u00e6ger h\u00f8jlandsterr\u00e6net og komplementerer de krystalklare str\u00f8mme i So\u010da-floden, hvis smaragdgr\u00f8nne farve l\u00f8ber gennem Trenta-dalen.<\/p>\n<p>\u00d8konomisk set har Sloveniens forandring siden uafh\u00e6ngigheden v\u00e6ret bem\u00e6rkelsesv\u00e6rdig: Nationen kan prale af en af \u200b\u200bde mest udviklede overgangs\u00f8konomier, hvor BNP pr. indbygger overstiger sine slaviske ligem\u00e6nds. Traditionelle sektorer - minedrift, metallurgi, kemisk produktion og landbrug - sameksisterer med blomstrende informationsteknologi, finansielle tjenester og milj\u00f8bevidst turisme. Udenrigshandel udg\u00f8r en betydelig andel af den nationale produktion, hvilket er muliggjort af medlemskab af Den Europ\u00e6iske Union, Organisationen for \u00d8konomisk Samarbejde og Udvikling og Verdenshandelsorganisationen. Regional velstand varierer, hvor regionen Central Slovenien (forankret af Ljubljana) og kyst-karst-omr\u00e5derne f\u00f8rer i velstand, mens Mura, Central Sava og Littoral-Indre Krain registrerer lavere indeks.<\/p>\n<p>Turisme i Slovenien udfolder sig p\u00e5 tv\u00e6rs af et spektrum af naturlige og kulturelle aktiver, der hver is\u00e6r er v\u00e6vet ind i en b\u00e6redygtig praksis: I 2017 udn\u00e6vnte National Geographic Traveller Slovenien til verdens mest b\u00e6redygtige destination, og efterf\u00f8lgende anerkendelser har bekr\u00e6ftet landets gr\u00f8nne akkreditiver, herunder prisen European Region of Gastronomy i 2021. Byens arkitektoniske arv \u2013 eksemplificeret ved Ljubljanas barokke og wiener-secessionistiske strukturer, mange udt\u00e6nkt af den lokale arkitekt Jo\u017ee Ple\u010dnik \u2013 sameksisterer med middelalderkirker, tusindvis af resterende slotte, herreg\u00e5rde og traditionelle h\u00f8h\u00e6kke (kozolci). Fire UNESCO-verdensarvssteder \u2013 \u0160kocjan-hulerne, de gamle skove i Goteni\u0161ki Sne\u017enik og Ko\u010devski Rog, Idrija-kviks\u00f8lvminen og de forhistoriske p\u00e6leboliger i Ljubljana-marsken \u2013 understreger nationens kulturelle og naturlige arv. Historiske byer som Ptuj og \u0160kofja Loka, det klippefyldte Predjama-slot og de t\u00f8rverige saltv\u00e6rker i Se\u010dovlje danner kapitler i en bredere fort\u00e6lling om menneskelig opfindsomhed og geologisk skue.<\/p>\n<p>Blandt kystbyerne vidner Pirans venetiansk-gotiske lagunefacader og Portoro\u017es sommerlige hygge om en middelhavsarv; inde i landet hylder vinb\u00e6ltebakkerne omkring Maribor vinkulturelle traditioner, der er indbegrebet af den 400 \u00e5r gamle \u017dametovka-vinstok, der er kendt som verdens \u00e6ldste. Kursteder - Roga\u0161ka Slatina, Radenci, \u010cate\u017e ob Savi, Dobrna og Moravske Toplice - tilbyder helbredende vand i landlige omgivelser, mens eventyrlystne finder deres mod p\u00e5 pr\u00f8ve i de Juliske Alper og So\u010da-vandskel: canyoning, rafting, paragliding og mountainbiking praktiseres til priser fra det tidlige tyvende \u00e5rhundrede, ofte sammenlignet med dyrere alpine alternativer.<\/p>\n<p>K\u00f8kkenet afspejler nationens tredelte kulturarv \u2013 germansk, latinsk og slavisk \u2013 med over fyrre regionale varianter af retter forankret i ydmyg kost: tilberedninger i \u00e9n gryde s\u00e5som ri\u010det, jota og mine\u0161tra; boghvede \u017eganci; (i Prekmurje) bujta repa og lagdelt prekmurska gibanica; hytter\u00f8get pr\u0161ut fra Littoral; og den symbolske potica-n\u00f8dderulle, hvis diaspora-symbolik giver genlyd i slovenske samfund i udlandet. Kulinariske festivaler \u2013 blandt andet den \u00e5rlige festival for ristede kartoffelretter, der blev indviet i 2000 \u2013 fejrer hverdagstraditioner, mens kranjska klobasa-p\u00f8lsen og den \u00e6rv\u00e6rdige \u017dametovka-vin forst\u00e6rker en f\u00f8lelse af terroir, der v\u00e6rds\u00e6tter b\u00e5de proveniens og s\u00e6sonbestemte rytmer.<\/p>\n<p>Forbindelserne p\u00e5 tv\u00e6rs af Slovenien er formet af landets fysiografi: De paneurop\u00e6iske korridorer V (som forbinder det nordlige Adriaterhav med Central- og \u00d8steuropa) og X (som forbinder Centraleuropa med Balkan) m\u00f8des p\u00e5 landets territorium og letter vej-, jernbane-, havne- og lufttrafikken. Motorveje, hvis udvidelse accelererede efter 1994, v\u00e6ver nu et t\u00e6t netv\u00e6rk, der tegner sig for firs procent af gods- og passagertransporten, selvom sekund\u00e6re statsveje er forfaldne under \u00f8get belastning. Jernbaner, der er h\u00e6mmet af for\u00e6ldet infrastruktur og spredte bos\u00e6ttelsesm\u00f8nstre, er i de indledende faser af opgraderingen p\u00e5 Koper-Diva\u010da-aksen, mens Koper Havn regerer som det nordlige Adriaterhavs containerknudepunkt - der h\u00e5ndterer n\u00e6sten 590.000 tjue-fods \u00e6kvivalente enheder \u00e5rligt - og underst\u00f8tter maritim fragt- og passagerbev\u00e6gelse, suppleret af Izola og Piran. Flytrafikken er fortsat beskeden, men voksende: Ljubljana Jo\u017ee Pu\u010dnik Lufthavn fungerer som den prim\u00e6re gateway sammen med Maribor Edvard Rusjan og Portoro\u017e, hvor lavprisselskaber udfylder tomrummet efter Adria Airways&#039; konkurs i 2019.<\/p>\n<p>Demografisk registrerede republikkens folket\u00e6lling fra oktober 2024 2.129.052 indbyggere, hvilket giver en befolkningst\u00e6thed p\u00e5 105 personer pr. kvadratkilometer - lille i sammenligning med Holland eller Italien og uj\u00e6vnt fordelt p\u00e5 tv\u00e6rs af statistiske regioner, fra det centrale Slovenien-centrum til det tyndt befolkede Indre Krain-Karst. Bevarelsen af \u200b\u200bslovensk, som blev vogtet gennem generationer af katolske klostre i germaniseringsperioder, underst\u00f8tter en sproglig enhed, der adskiller sig fra de omkringliggende serbokroatiske sprog.<\/p>\n<p>For den rejsende, der er opsat p\u00e5 at forst\u00e5 Sloveniens essens, udfolder det rytmiske tableau sig fra Trippelbroen, der sp\u00e6nder over Ljubljanas Ljubljanica, til den sagnomspundne \u00f8 ved Bled-s\u00f8en; fra underjordiske katedraler af stalaktitter til de solbagte terrasser i \u0160kocjans karst; fra den hviskende landlige ro p\u00e5 alpine gr\u00e6sgange til kystpromenader, hvor venetianske krenellinger fanger den adriaterhavske brise - hver is\u00e6r tilbyder et kapitel i en l\u00f8bende dialog mellem naturens monumentalitet og menneskeligt h\u00e5ndv\u00e6rk. Uanset om man rejser via motorvej, jernbane eller b\u00e6k, afsl\u00f8rer Slovenien sig som et rige af krydsende riger, et sted, hvor kontinentale pulser og middelhavskadencer m\u00f8des, hvor erindring og modernitet opretholder en konstant balancegang, og hvor den rejsendes blik inviteres til at dv\u00e6le ved det indviklede samspil mellem jord, historie og kultur.<\/p>","protected":false},"excerpt":{"rendered":"<p>Slovenien, et lille, men sp\u00e6ndende land beliggende i det sydlige Centraleuropa, indtager en strategisk position i sk\u00e6ringspunktet mellem vigtige europ\u00e6iske kultur- og handelsruter. Slovenien pr\u00e6senterer en s\u00e6rlig blanding af naturlig sk\u00f8nhed, rig historie og moderne udvikling med en befolkning p\u00e5 omkring 2,1 millioner mennesker spredt over sine 20.271 kvadratkilometer (7.827 kvadrat miles) af varieret topografi. Med gr\u00e6nser til Italien mod vest, \u00d8strig mod nord, Ungarn mod nord\u00f8st, Kroatien mod syd og syd\u00f8st, og formelt kaldet Republikken Slovenien (Republika Slovenija p\u00e5 slovensk), g\u00f8r dette land ogs\u00e5 krav p\u00e5 et stykke af Adriaterhavskysten mod sydvest.<\/p>","protected":false},"author":1,"featured_media":4335,"parent":24078,"menu_order":0,"comment_status":"closed","ping_status":"closed","template":"elementor_theme","meta":{"_eb_attr":"","footnotes":""},"class_list":["post-13345","page","type-page","status-publish","has-post-thumbnail"],"_links":{"self":[{"href":"https:\/\/travelshelper.com\/da\/wp-json\/wp\/v2\/pages\/13345","targetHints":{"allow":["GET"]}}],"collection":[{"href":"https:\/\/travelshelper.com\/da\/wp-json\/wp\/v2\/pages"}],"about":[{"href":"https:\/\/travelshelper.com\/da\/wp-json\/wp\/v2\/types\/page"}],"author":[{"embeddable":true,"href":"https:\/\/travelshelper.com\/da\/wp-json\/wp\/v2\/users\/1"}],"replies":[{"embeddable":true,"href":"https:\/\/travelshelper.com\/da\/wp-json\/wp\/v2\/comments?post=13345"}],"version-history":[{"count":0,"href":"https:\/\/travelshelper.com\/da\/wp-json\/wp\/v2\/pages\/13345\/revisions"}],"up":[{"embeddable":true,"href":"https:\/\/travelshelper.com\/da\/wp-json\/wp\/v2\/pages\/24078"}],"wp:featuredmedia":[{"embeddable":true,"href":"https:\/\/travelshelper.com\/da\/wp-json\/wp\/v2\/media\/4335"}],"wp:attachment":[{"href":"https:\/\/travelshelper.com\/da\/wp-json\/wp\/v2\/media?parent=13345"}],"curies":[{"name":"wp","href":"https:\/\/api.w.org\/{rel}","templated":true}]}}